{"id":27844,"date":"2026-03-02T14:36:08","date_gmt":"2026-03-02T07:36:08","guid":{"rendered":"http:\/\/loftrunway.com\/product\/nike-vaporfly-4-velvet-brownblackdesert-ochresoft-pearl"},"modified":"2026-04-03T19:30:02","modified_gmt":"2026-04-03T12:30:02","slug":"nike-vaporfly-4-velvet-brownblackdesert-ochresoft-pearl","status":"publish","type":"product","link":"https:\/\/loftrunway.com\/de\/products\/nike-vaporfly-4-velvet-brownblackdesert-ochresoft-pearl\/","title":{"rendered":"Nike Vaporfly 4 Velvet Brown\/Black\/Desert Ochre\/Soft Pearl"},"content":{"rendered":"<p>Verbessere dein Lauferlebnis mit dem Nike Vaporfly 4 in Velvet Brown\/Black\/Desert Ochre\/Soft Pearl. Dieser Hochleistungsschuh wurde f\u00fcr Geschwindigkeit und leichten Tragekomfort entwickelt und vereint modernste Technologie mit einem eleganten Design. Dank reaktionsfreudiger D\u00e4mpfung und einer Carbonfaserplatte f\u00fcr maximale Energier\u00fcckgabe sorgt der Vaporfly 4 daf\u00fcr, dass jeder Schritt kraftvoll und effizient ist. Ideal f\u00fcr ambitionierte L\u00e4ufer und ambitionierte Freizeitsportler gleicherma\u00dfen: Diese Schuhe bieten un\u00fcbertroffene Traktion und Stabilit\u00e4t auf unterschiedlichem Terrain und sind damit perfekt geeignet, um jedes Rennen zu meistern. Erlebe Weltklasse-Performance mit unschlagbarem Style.<\/p>\n<ul>\n<li><strong>Farbgebung:<\/strong> Velvet Brown\/Black\/Desert Ochre\/Soft Pearl<\/li>\n<li><strong>Style-Code:<\/strong> IH4453-220<\/li>\n<li><strong>Obermaterial:<\/strong> Strick<\/li>\n<li><strong>Mittelsohle:<\/strong> Zoom X<\/li>\n<li><strong>Farbe:<\/strong> Schwarz<\/li>\n<\/ul>\n","protected":false},"excerpt":{"rendered":"<p>Nike Vaporfly 4 \u201d\u201d Velvet Brown\/Black\/Desert Ochre\/Soft Pearl<\/p>\n","protected":false},"featured_media":27845,"comment_status":"open","ping_status":"closed","template":"","meta":[],"product_brand":[],"product_cat":[10803],"product_tag":[11026,10837,10801,10802,10840,10758],"class_list":{"0":"post-27844","1":"product","2":"type-product","3":"status-publish","4":"has-post-thumbnail","6":"product_cat-nike","7":"product_tag-carbon-plated-running-shoes","8":"product_tag-marathon-long-distance-running-shoes","9":"product_tag-nike","10":"product_tag-performance-sport-shoes","11":"product_tag-running-shoes","12":"product_tag-under-retail","13":"wcpa_has_options","15":"first","16":"instock","17":"sale","18":"taxable","19":"shipping-taxable","20":"purchasable","21":"product-type-simple"},"wcpa_form_fields":{"rules":{"pric_overide_base_price":false,"pric_overide_base_price_if_gt_zero":false,"pric_overide_base_price_fully":false,"pric_cal_option_once":false,"pric_use_as_fee":false,"bind_quantity":false,"quantity_bind_formula":false},"fields":[{"type":"color-group","required":true,"elementId":"wcpa-color-group-66c4a75505e74","label":"Gr\u00f6\u00dfe - EU Gr\u00f6\u00dfe","inline":true,"priceOptions":"different_for_all","pricingType":"fixed","className":"hassizechart product-shoes-size-eu product-shoes-size","name":"color-group-66c4a75505e89","disp_type":"square","selection_type":"tick-border","disp_size":"44","show_label_inside":true,"adjust_width":true,"cart_display_type":"text","other_text":"Other","cl_rule":"show","col":6,"values":[{"label":"35.5","value":"EU 35.5","price":"","pimage":"","pimage_id":"","pthumb":"","color":""},{"label":"36","value":"EU 36","price":"","pimage":"","pimage_id":"","pthumb":"","color":"","selected":true},{"label":"36.5","value":"EU 36.5","price":"","pimage":"","pimage_id":"","pthumb":"","color":""},{"label":"37.5","value":"EU 37.5","price":"","pimage":"","pimage_id":"","pthumb":"","color":""},{"label":"38","value":"EU 38","price":"","pimage":"","pimage_id":"","pthumb":"","color":""},{"label":"38.5","value":"EU 38.5","price":"","pimage":"","pimage_id":"","pthumb":"","color":""},{"label":"39","value":"EU 39","price":"","pimage":"","pimage_id":"","pthumb":"","color":""},{"label":"40","value":"EU 40","price":"","pimage":"","pimage_id":"","pthumb":"","color":""},{"label":"40.5","value":"EU 40.5","price":"","pimage":"","pimage_id":"","pthumb":"","color":""},{"label":"41","value":"EU 41","price":"","pimage":"","pimage_id":"","pthumb":"","color":""},{"label":"42","value":"EU 42","price":"","pimage":"","pimage_id":"","pthumb":"","color":""},{"label":"42.5","value":"EU 42.5","price":"","pimage":"","pimage_id":"","pthumb":"","color":""},{"label":"43","value":"EU 43","price":"","pimage":"","pimage_id":"","pthumb":"","color":""},{"label":"44","value":"EU 44","price":"","pimage":"","pimage_id":"","pthumb":"","color":""},{"label":"44.5","value":"EU 44.5","price":"","pimage":"","pimage_id":"","pthumb":"","color":""},{"label":"45","value":"EU 45","price":"","pimage":"","pimage_id":"","pthumb":"","color":""},{"label":"45.5","value":"EU 45.5","price":"","pimage":"","pimage_id":"","pthumb":"","color":""},{"label":"46","value":"EU 46","price":"","pimage":"","pimage_id":"","pthumb":"","color":""},{"label":"47","value":"EU 47","price":"","pimage":"","pimage_id":"","pthumb":"","color":""},{"label":"47.5","value":"EU 47.5","price":"","pimage":"","pimage_id":"","pthumb":"","color":""},{"label":"48","value":"EU 48","price":"","pimage":"","pimage_id":"","pthumb":"","color":""}],"relations":[{"operator":false,"rules":[]}],"form_id":18106,"form_rules":{"pric_cal_option_once":false,"exclude_from_discount":false,"pric_use_as_fee":false,"fee_label":"Fee","render_after_acb":false,"disp_hide_options_price":false}}]},"yoast_head":"<!-- This site is optimized with the Yoast SEO plugin v26.5 - https:\/\/yoast.com\/wordpress\/plugins\/seo\/ -->\n<title>Nike Vaporfly 4 Velvet Brown\/Black\/Desert Ochre\/Soft Pearl  - Loftrunway<\/title>\n<meta name=\"robots\" content=\"index, follow, max-snippet:-1, max-image-preview:large, max-video-preview:-1\" \/>\n<link rel=\"canonical\" href=\"https:\/\/loftrunway.com\/de\/products\/nike-vaporfly-4-velvet-brownblackdesert-ochresoft-pearl\/\" \/>\n<meta property=\"og:locale\" content=\"de_DE\" \/>\n<meta property=\"og:type\" content=\"article\" \/>\n<meta property=\"og:title\" content=\"Nike Vaporfly 4 Velvet Brown\/Black\/Desert Ochre\/Soft Pearl  - Loftrunway\" \/>\n<meta property=\"og:description\" content=\"Nike Vaporfly 4 \u201d\u201d Velvet Brown\/Black\/Desert Ochre\/Soft Pearl\" \/>\n<meta property=\"og:url\" content=\"https:\/\/loftrunway.com\/de\/products\/nike-vaporfly-4-velvet-brownblackdesert-ochresoft-pearl\/\" \/>\n<meta property=\"og:site_name\" content=\"loftRUN Sneaker Store\" \/>\n<meta property=\"article:modified_time\" content=\"2026-04-03T12:30:02+00:00\" \/>\n<meta name=\"twitter:card\" content=\"summary_large_image\" \/>\n<meta name=\"twitter:image\" content=\"https:\/\/images.novelship.com\/product\/nike_vaporfly_4_velvet_brown_black_desert_ochre_so_0_30107.png\" \/>\n<meta name=\"twitter:label1\" content=\"Gesch\u00e4tzte Lesezeit\" \/>\n\t<meta name=\"twitter:data1\" content=\"1\u00a0Minute\" \/>\n<script type=\"application\/ld+json\" class=\"yoast-schema-graph\">{\"@context\":\"https:\/\/schema.org\",\"@graph\":[{\"@type\":\"WebPage\",\"@id\":\"https:\/\/loftrunway.com\/de\/products\/nike-vaporfly-4-velvet-brownblackdesert-ochresoft-pearl\/\",\"url\":\"https:\/\/loftrunway.com\/de\/products\/nike-vaporfly-4-velvet-brownblackdesert-ochresoft-pearl\/\",\"name\":\"Nike Vaporfly 4 Velvet Brown\/Black\/Desert Ochre\/Soft Pearl - Loftrunway\",\"isPartOf\":{\"@id\":\"https:\/\/loftrunway.com\/de\/#website\"},\"primaryImageOfPage\":{\"@id\":\"https:\/\/loftrunway.com\/de\/products\/nike-vaporfly-4-velvet-brownblackdesert-ochresoft-pearl\/#primaryimage\"},\"image\":{\"@id\":\"https:\/\/loftrunway.com\/de\/products\/nike-vaporfly-4-velvet-brownblackdesert-ochresoft-pearl\/#primaryimage\"},\"thumbnailUrl\":\"https:\/\/images.novelship.com\/product\/nike_vaporfly_4_velvet_brown_black_desert_ochre_so_0_30107.png\",\"datePublished\":\"2026-03-02T07:36:08+00:00\",\"dateModified\":\"2026-04-03T12:30:02+00:00\",\"breadcrumb\":{\"@id\":\"https:\/\/loftrunway.com\/de\/products\/nike-vaporfly-4-velvet-brownblackdesert-ochresoft-pearl\/#breadcrumb\"},\"inLanguage\":\"de\",\"potentialAction\":[{\"@type\":\"ReadAction\",\"target\":[\"https:\/\/loftrunway.com\/de\/products\/nike-vaporfly-4-velvet-brownblackdesert-ochresoft-pearl\/\"]}]},{\"@type\":\"ImageObject\",\"inLanguage\":\"de\",\"@id\":\"https:\/\/loftrunway.com\/de\/products\/nike-vaporfly-4-velvet-brownblackdesert-ochresoft-pearl\/#primaryimage\",\"url\":\"https:\/\/images.novelship.com\/product\/nike_vaporfly_4_velvet_brown_black_desert_ochre_so_0_30107.png\",\"contentUrl\":\"https:\/\/images.novelship.com\/product\/nike_vaporfly_4_velvet_brown_black_desert_ochre_so_0_30107.png\"},{\"@type\":\"BreadcrumbList\",\"@id\":\"https:\/\/loftrunway.com\/de\/products\/nike-vaporfly-4-velvet-brownblackdesert-ochresoft-pearl\/#breadcrumb\",\"itemListElement\":[{\"@type\":\"ListItem\",\"position\":1,\"name\":\"Home\",\"item\":\"https:\/\/loftrunway.com\/de\/\"},{\"@type\":\"ListItem\",\"position\":2,\"name\":\"Shop\",\"item\":\"https:\/\/loftrunway.com\/de\/shop\/\"},{\"@type\":\"ListItem\",\"position\":3,\"name\":\"Nike Vaporfly 4 Velvet Brown\/Black\/Desert Ochre\/Soft Pearl\"}]},{\"@type\":\"WebSite\",\"@id\":\"https:\/\/loftrunway.com\/de\/#website\",\"url\":\"https:\/\/loftrunway.com\/de\/\",\"name\":\"Styloral Jewelry Shop\",\"description\":\"Der Ort, an dem man alle Arten von Sneakern findet\",\"publisher\":{\"@id\":\"https:\/\/loftrunway.com\/de\/#organization\"},\"potentialAction\":[{\"@type\":\"SearchAction\",\"target\":{\"@type\":\"EntryPoint\",\"urlTemplate\":\"https:\/\/loftrunway.com\/de\/?s={search_term_string}\"},\"query-input\":{\"@type\":\"PropertyValueSpecification\",\"valueRequired\":true,\"valueName\":\"search_term_string\"}}],\"inLanguage\":\"de\"},{\"@type\":\"Organization\",\"@id\":\"https:\/\/loftrunway.com\/de\/#organization\",\"name\":\"STYLORAL PTE. LTD\",\"url\":\"https:\/\/loftrunway.com\/de\/\",\"logo\":{\"@type\":\"ImageObject\",\"inLanguage\":\"de\",\"@id\":\"https:\/\/loftrunway.com\/de\/#\/schema\/logo\/image\/\",\"url\":\"https:\/\/www.loftrunway.com\/wp-content\/uploads\/2025\/12\/logo.png\",\"contentUrl\":\"https:\/\/www.loftrunway.com\/wp-content\/uploads\/2025\/12\/logo.png\",\"width\":200,\"height\":65,\"caption\":\"STYLORAL PTE. LTD\"},\"image\":{\"@id\":\"https:\/\/loftrunway.com\/de\/#\/schema\/logo\/image\/\"}}]}<\/script>\n<!-- \/ Yoast SEO plugin. -->","yoast_head_json":{"title":"Nike Vaporfly 4 Velvet Brown\/Black\/Desert Ochre\/Soft Pearl  - Loftrunway","robots":{"index":"index","follow":"follow","max-snippet":"max-snippet:-1","max-image-preview":"max-image-preview:large","max-video-preview":"max-video-preview:-1"},"canonical":"https:\/\/loftrunway.com\/de\/products\/nike-vaporfly-4-velvet-brownblackdesert-ochresoft-pearl\/","og_locale":"de_DE","og_type":"article","og_title":"Nike Vaporfly 4 Velvet Brown\/Black\/Desert Ochre\/Soft Pearl  - Loftrunway","og_description":"Nike Vaporfly 4 \u201d\u201d Velvet Brown\/Black\/Desert Ochre\/Soft Pearl","og_url":"https:\/\/loftrunway.com\/de\/products\/nike-vaporfly-4-velvet-brownblackdesert-ochresoft-pearl\/","og_site_name":"loftRUN Sneaker Store","article_modified_time":"2026-04-03T12:30:02+00:00","twitter_card":"summary_large_image","twitter_image":"https:\/\/images.novelship.com\/product\/nike_vaporfly_4_velvet_brown_black_desert_ochre_so_0_30107.png","twitter_misc":{"Gesch\u00e4tzte Lesezeit":"1\u00a0Minute"},"schema":{"@context":"https:\/\/schema.org","@graph":[{"@type":"WebPage","@id":"https:\/\/loftrunway.com\/de\/products\/nike-vaporfly-4-velvet-brownblackdesert-ochresoft-pearl\/","url":"https:\/\/loftrunway.com\/de\/products\/nike-vaporfly-4-velvet-brownblackdesert-ochresoft-pearl\/","name":"Nike Vaporfly 4 Velvet Brown\/Black\/Desert Ochre\/Soft Pearl - Loftrunway","isPartOf":{"@id":"https:\/\/loftrunway.com\/de\/#website"},"primaryImageOfPage":{"@id":"https:\/\/loftrunway.com\/de\/products\/nike-vaporfly-4-velvet-brownblackdesert-ochresoft-pearl\/#primaryimage"},"image":{"@id":"https:\/\/loftrunway.com\/de\/products\/nike-vaporfly-4-velvet-brownblackdesert-ochresoft-pearl\/#primaryimage"},"thumbnailUrl":"https:\/\/images.novelship.com\/product\/nike_vaporfly_4_velvet_brown_black_desert_ochre_so_0_30107.png","datePublished":"2026-03-02T07:36:08+00:00","dateModified":"2026-04-03T12:30:02+00:00","breadcrumb":{"@id":"https:\/\/loftrunway.com\/de\/products\/nike-vaporfly-4-velvet-brownblackdesert-ochresoft-pearl\/#breadcrumb"},"inLanguage":"de","potentialAction":[{"@type":"ReadAction","target":["https:\/\/loftrunway.com\/de\/products\/nike-vaporfly-4-velvet-brownblackdesert-ochresoft-pearl\/"]}]},{"@type":"ImageObject","inLanguage":"de","@id":"https:\/\/loftrunway.com\/de\/products\/nike-vaporfly-4-velvet-brownblackdesert-ochresoft-pearl\/#primaryimage","url":"https:\/\/images.novelship.com\/product\/nike_vaporfly_4_velvet_brown_black_desert_ochre_so_0_30107.png","contentUrl":"https:\/\/images.novelship.com\/product\/nike_vaporfly_4_velvet_brown_black_desert_ochre_so_0_30107.png"},{"@type":"BreadcrumbList","@id":"https:\/\/loftrunway.com\/de\/products\/nike-vaporfly-4-velvet-brownblackdesert-ochresoft-pearl\/#breadcrumb","itemListElement":[{"@type":"ListItem","position":1,"name":"Home","item":"https:\/\/loftrunway.com\/de\/"},{"@type":"ListItem","position":2,"name":"Shop","item":"https:\/\/loftrunway.com\/de\/shop\/"},{"@type":"ListItem","position":3,"name":"Nike Vaporfly 4 Velvet Brown\/Black\/Desert Ochre\/Soft Pearl"}]},{"@type":"WebSite","@id":"https:\/\/loftrunway.com\/de\/#website","url":"https:\/\/loftrunway.com\/de\/","name":"Styloral Jewelry Shop","description":"Der Ort, an dem man alle Arten von Sneakern findet","publisher":{"@id":"https:\/\/loftrunway.com\/de\/#organization"},"potentialAction":[{"@type":"SearchAction","target":{"@type":"EntryPoint","urlTemplate":"https:\/\/loftrunway.com\/de\/?s={search_term_string}"},"query-input":{"@type":"PropertyValueSpecification","valueRequired":true,"valueName":"search_term_string"}}],"inLanguage":"de"},{"@type":"Organization","@id":"https:\/\/loftrunway.com\/de\/#organization","name":"STYLORAL PTE. LTD","url":"https:\/\/loftrunway.com\/de\/","logo":{"@type":"ImageObject","inLanguage":"de","@id":"https:\/\/loftrunway.com\/de\/#\/schema\/logo\/image\/","url":"https:\/\/www.loftrunway.com\/wp-content\/uploads\/2025\/12\/logo.png","contentUrl":"https:\/\/www.loftrunway.com\/wp-content\/uploads\/2025\/12\/logo.png","width":200,"height":65,"caption":"STYLORAL PTE. LTD"},"image":{"@id":"https:\/\/loftrunway.com\/de\/#\/schema\/logo\/image\/"}}]}},"_links":{"self":[{"href":"https:\/\/loftrunway.com\/de\/wp-json\/wp\/v2\/product\/27844","targetHints":{"allow":["GET"]}}],"collection":[{"href":"https:\/\/loftrunway.com\/de\/wp-json\/wp\/v2\/product"}],"about":[{"href":"https:\/\/loftrunway.com\/de\/wp-json\/wp\/v2\/types\/product"}],"replies":[{"embeddable":true,"href":"https:\/\/loftrunway.com\/de\/wp-json\/wp\/v2\/comments?post=27844"}],"wp:featuredmedia":[{"embeddable":true,"href":"https:\/\/loftrunway.com\/de\/wp-json\/wp\/v2\/media\/27845"}],"wp:attachment":[{"href":"https:\/\/loftrunway.com\/de\/wp-json\/wp\/v2\/media?parent=27844"}],"wp:term":[{"taxonomy":"product_brand","embeddable":true,"href":"https:\/\/loftrunway.com\/de\/wp-json\/wp\/v2\/product_brand?post=27844"},{"taxonomy":"product_cat","embeddable":true,"href":"https:\/\/loftrunway.com\/de\/wp-json\/wp\/v2\/product_cat?post=27844"},{"taxonomy":"product_tag","embeddable":true,"href":"https:\/\/loftrunway.com\/de\/wp-json\/wp\/v2\/product_tag?post=27844"}],"curies":[{"name":"wp","href":"https:\/\/api.w.org\/{rel}","templated":true}]}}