{"id":27855,"date":"2026-03-02T14:36:09","date_gmt":"2026-03-02T07:36:09","guid":{"rendered":"http:\/\/loftrunway.com\/product\/asics-novablast-5-track-club-packtuna-blue"},"modified":"2026-04-02T14:30:23","modified_gmt":"2026-04-02T07:30:23","slug":"asics-novablast-5-track-club-packtuna-blue","status":"publish","type":"product","link":"https:\/\/loftrunway.com\/de\/products\/asics-novablast-5-track-club-packtuna-blue\/","title":{"rendered":"ASICS Novablast 5 &#8218;Track Club Pack &#8211; Tuna Blue&#8216;"},"content":{"rendered":"<p>Verbessere dein Lauferlebnis mit dem ASICS Novablast 5 \u201eTrack Club Pack \u201d\u201c Tuna Blue\u201c, einem High-Performance-Sneaker, der innovative Technologie mit einem dynamischen Design vereint. Dieser Schuh ist f\u00fcr L\u00e4ufer aller Leistungsstufen geeignet und verf\u00fcgt \u00fcber die FF BLAST PLUS-D\u00e4mpfung f\u00fcr reaktionsschnelle Energier\u00fcckgabe und hervorragende Sto\u00dfd\u00e4mpfung \u201d\u201c f\u00fcr einen geschmeidigen und kraftvollen Laufstil. Das leichte, atmungsaktive Engineered-Mesh-Obermaterial sorgt f\u00fcr sicheren Halt und eine adaptive Passform f\u00fcr maximalen Komfort bei langen L\u00e4ufen oder intensiven Trainingseinheiten. Die auff\u00e4llige Farbe Tuna Blue, Teil des exklusiven Track Club Packs, ist ein echter Hingucker und macht den Schuh sowohl auf als auch neben der Laufbahn zu einem Blickfang. Die AHAR-Au\u00dfensohle garantiert zuverl\u00e4ssige Traktion und lange Haltbarkeit, w\u00e4hrend ihr innovatives Design die nat\u00fcrliche Fu\u00dfbewegung f\u00fcr ein m\u00fcheloses Laufgef\u00fchl unterst\u00fctzt. Der Novablast 5 wurde auf Leistung getestet und f\u00fcr Style entwickelt \u201d\u201c mit jedem Schritt kannst du deine Grenzen \u00fcberwinden. Egal, ob du nach einer pers\u00f6nlichen Bestleistung strebst oder dein t\u00e4gliches Training optimieren m\u00f6chtest \u201d\u201c dieser Schuh vereint Form und Funktion perfekt und gibt dir einen Vorsprung vor der Konkurrenz.<\/p>\n<ul>\n<li><strong>Farbgebung:<\/strong> Wei\u00df\/Tuna Blue<\/li>\n<li><strong>Artikelnummer:<\/strong> 1011C137-100<\/li>\n<li><strong>Obermaterial:<\/strong> Mesh<\/li>\n<li><strong>Zwischensohle:<\/strong> FlyteFoam Blast Max<\/li>\n<li><strong>Farbe:<\/strong> Wei\u00df<\/li>\n<li><strong>Saison:<\/strong> Sommer<\/li>\n<li><strong>Erscheinungsjahr:<\/strong> 2025<\/li>\n<\/ul>\n","protected":false},"excerpt":{"rendered":"<p>ASICS Novablast 5 Track Club Pack \u201d\u201d White\/Tuna Blue<\/p>\n","protected":false},"featured_media":27856,"comment_status":"open","ping_status":"closed","template":"","meta":[],"product_brand":[],"product_cat":[10792,41273],"product_tag":[10791,11053,10839,10802,10840,10758],"class_list":{"0":"post-27855","1":"product","2":"type-product","3":"status-publish","4":"has-post-thumbnail","6":"product_cat-asics","7":"product_cat-remove","8":"product_tag-asics","9":"product_tag-lightweight-running-shoes","10":"product_tag-performance-running-shoes","11":"product_tag-performance-sport-shoes","12":"product_tag-running-shoes","13":"product_tag-under-retail","14":"wcpa_has_options","16":"first","17":"instock","18":"sale","19":"taxable","20":"shipping-taxable","21":"purchasable","22":"product-type-simple"},"wcpa_form_fields":{"rules":{"pric_overide_base_price":false,"pric_overide_base_price_if_gt_zero":false,"pric_overide_base_price_fully":false,"pric_cal_option_once":false,"pric_use_as_fee":false,"bind_quantity":false,"quantity_bind_formula":false},"fields":[{"type":"color-group","required":true,"elementId":"wcpa-color-group-69a5ab08ee12d","label":"Gr\u00f6\u00dfe","inline":true,"priceOptions":"different_for_all","pricingType":"fixed","className":"hassizechart product-shoes-size-eu product-shoes-size","name":"color-group-69a5ab08ee136","disp_type":"square","selection_type":"tick-border","disp_size":"50","show_label_inside":true,"adjust_width":true,"cart_display_type":"text","other_text":"Other","cl_rule":"show","col":6,"values":[{"label":"36","value":"EU 36","price":"","pimage":"","pimage_id":"","pthumb":"","color":"","selected":true},{"label":"37","value":"EU 37","price":"","pimage":"","pimage_id":"","pthumb":"","color":""},{"label":"37.5","value":"EU 37.5","price":"","pimage":"","pimage_id":"","pthumb":"","color":""},{"label":"38","value":"EU 38","price":"","pimage":"","pimage_id":"","pthumb":"","color":""},{"label":"38.5","value":"EU 38.5","price":"","pimage":"","pimage_id":"","pthumb":"","color":""},{"label":"39","value":"EU 39","price":"","pimage":"","pimage_id":"","pthumb":"","color":""},{"label":"39.5","value":"EU 39.5","price":"","pimage":"","pimage_id":"","pthumb":"","color":""},{"label":"40","value":"EU 40","price":"","pimage":"","pimage_id":"","pthumb":"","color":""},{"label":"40.5","value":"EU 40.5","price":"","pimage":"","pimage_id":"","pthumb":"","color":""},{"label":" 41.5","value":"EU 41.5","price":"","pimage":"","pimage_id":"","pthumb":"","color":""},{"label":"42","value":"EU 42","price":"","pimage":"","pimage_id":"","pthumb":"","color":""},{"label":"42.5","value":"EU 42.5","price":"","pimage":"","pimage_id":"","pthumb":"","color":""},{"label":"43.5","value":"EU 43.5","price":"","pimage":"","pimage_id":"","pthumb":"","color":""},{"label":"44","value":"EU 44","price":"","pimage":"","pimage_id":"","pthumb":"","color":""},{"label":"44.5","value":"EU 44.5","price":"","pimage":"","pimage_id":"","pthumb":"","color":""},{"label":"45","value":"EU 45","price":"","pimage":"","pimage_id":"","pthumb":"","color":""}],"relations":[{"operator":false,"rules":[]}],"form_id":184311,"form_rules":{"pric_cal_option_once":false,"exclude_from_discount":false,"pric_use_as_fee":false,"fee_label":"Fee","render_after_acb":false,"disp_hide_options_price":false}}]},"yoast_head":"<!-- This site is optimized with the Yoast SEO plugin v26.5 - https:\/\/yoast.com\/wordpress\/plugins\/seo\/ -->\n<title>ASICS Novablast 5 &#039;Track Club Pack - Tuna Blue&#039;  - Loftrunway<\/title>\n<meta name=\"robots\" content=\"index, follow, max-snippet:-1, max-image-preview:large, max-video-preview:-1\" \/>\n<link rel=\"canonical\" href=\"https:\/\/loftrunway.com\/de\/products\/asics-novablast-5-track-club-packtuna-blue\/\" \/>\n<meta property=\"og:locale\" content=\"de_DE\" \/>\n<meta property=\"og:type\" content=\"article\" \/>\n<meta property=\"og:title\" content=\"ASICS Novablast 5 &#039;Track Club Pack - Tuna Blue&#039;  - Loftrunway\" \/>\n<meta property=\"og:description\" content=\"ASICS Novablast 5 Track Club Pack \u201d\u201d White\/Tuna Blue\" \/>\n<meta property=\"og:url\" content=\"https:\/\/loftrunway.com\/de\/products\/asics-novablast-5-track-club-packtuna-blue\/\" \/>\n<meta property=\"og:site_name\" content=\"loftRUN Sneaker Store\" \/>\n<meta property=\"article:modified_time\" content=\"2026-04-02T07:30:23+00:00\" \/>\n<meta name=\"twitter:card\" content=\"summary_large_image\" \/>\n<meta name=\"twitter:image\" content=\"https:\/\/images.novelship.com\/product\/asics_novablast_5__track_club_pack_-_tuna_blue__10_0_19584.jpeg\" \/>\n<meta name=\"twitter:label1\" content=\"Gesch\u00e4tzte Lesezeit\" \/>\n\t<meta name=\"twitter:data1\" content=\"1\u00a0Minute\" \/>\n<script type=\"application\/ld+json\" class=\"yoast-schema-graph\">{\"@context\":\"https:\/\/schema.org\",\"@graph\":[{\"@type\":\"WebPage\",\"@id\":\"https:\/\/loftrunway.com\/de\/products\/asics-novablast-5-track-club-packtuna-blue\/\",\"url\":\"https:\/\/loftrunway.com\/de\/products\/asics-novablast-5-track-club-packtuna-blue\/\",\"name\":\"ASICS Novablast 5 'Track Club Pack - Tuna Blue' - Loftrunway\",\"isPartOf\":{\"@id\":\"https:\/\/loftrunway.com\/de\/#website\"},\"primaryImageOfPage\":{\"@id\":\"https:\/\/loftrunway.com\/de\/products\/asics-novablast-5-track-club-packtuna-blue\/#primaryimage\"},\"image\":{\"@id\":\"https:\/\/loftrunway.com\/de\/products\/asics-novablast-5-track-club-packtuna-blue\/#primaryimage\"},\"thumbnailUrl\":\"https:\/\/images.novelship.com\/product\/asics_novablast_5__track_club_pack_-_tuna_blue__10_0_19584.jpeg\",\"datePublished\":\"2026-03-02T07:36:09+00:00\",\"dateModified\":\"2026-04-02T07:30:23+00:00\",\"breadcrumb\":{\"@id\":\"https:\/\/loftrunway.com\/de\/products\/asics-novablast-5-track-club-packtuna-blue\/#breadcrumb\"},\"inLanguage\":\"de\",\"potentialAction\":[{\"@type\":\"ReadAction\",\"target\":[\"https:\/\/loftrunway.com\/de\/products\/asics-novablast-5-track-club-packtuna-blue\/\"]}]},{\"@type\":\"ImageObject\",\"inLanguage\":\"de\",\"@id\":\"https:\/\/loftrunway.com\/de\/products\/asics-novablast-5-track-club-packtuna-blue\/#primaryimage\",\"url\":\"https:\/\/images.novelship.com\/product\/asics_novablast_5__track_club_pack_-_tuna_blue__10_0_19584.jpeg\",\"contentUrl\":\"https:\/\/images.novelship.com\/product\/asics_novablast_5__track_club_pack_-_tuna_blue__10_0_19584.jpeg\"},{\"@type\":\"BreadcrumbList\",\"@id\":\"https:\/\/loftrunway.com\/de\/products\/asics-novablast-5-track-club-packtuna-blue\/#breadcrumb\",\"itemListElement\":[{\"@type\":\"ListItem\",\"position\":1,\"name\":\"Home\",\"item\":\"https:\/\/loftrunway.com\/de\/\"},{\"@type\":\"ListItem\",\"position\":2,\"name\":\"Shop\",\"item\":\"https:\/\/loftrunway.com\/de\/shop\/\"},{\"@type\":\"ListItem\",\"position\":3,\"name\":\"ASICS Novablast 5 &#8218;Track Club Pack &#8211; Tuna Blue&#8216;\"}]},{\"@type\":\"WebSite\",\"@id\":\"https:\/\/loftrunway.com\/de\/#website\",\"url\":\"https:\/\/loftrunway.com\/de\/\",\"name\":\"Styloral Jewelry Shop\",\"description\":\"Der Ort, an dem man alle Arten von Sneakern findet\",\"publisher\":{\"@id\":\"https:\/\/loftrunway.com\/de\/#organization\"},\"potentialAction\":[{\"@type\":\"SearchAction\",\"target\":{\"@type\":\"EntryPoint\",\"urlTemplate\":\"https:\/\/loftrunway.com\/de\/?s={search_term_string}\"},\"query-input\":{\"@type\":\"PropertyValueSpecification\",\"valueRequired\":true,\"valueName\":\"search_term_string\"}}],\"inLanguage\":\"de\"},{\"@type\":\"Organization\",\"@id\":\"https:\/\/loftrunway.com\/de\/#organization\",\"name\":\"STYLORAL PTE. LTD\",\"url\":\"https:\/\/loftrunway.com\/de\/\",\"logo\":{\"@type\":\"ImageObject\",\"inLanguage\":\"de\",\"@id\":\"https:\/\/loftrunway.com\/de\/#\/schema\/logo\/image\/\",\"url\":\"https:\/\/www.loftrunway.com\/wp-content\/uploads\/2025\/12\/logo.png\",\"contentUrl\":\"https:\/\/www.loftrunway.com\/wp-content\/uploads\/2025\/12\/logo.png\",\"width\":200,\"height\":65,\"caption\":\"STYLORAL PTE. LTD\"},\"image\":{\"@id\":\"https:\/\/loftrunway.com\/de\/#\/schema\/logo\/image\/\"}}]}<\/script>\n<!-- \/ Yoast SEO plugin. -->","yoast_head_json":{"title":"ASICS Novablast 5 'Track Club Pack - Tuna Blue'  - Loftrunway","robots":{"index":"index","follow":"follow","max-snippet":"max-snippet:-1","max-image-preview":"max-image-preview:large","max-video-preview":"max-video-preview:-1"},"canonical":"https:\/\/loftrunway.com\/de\/products\/asics-novablast-5-track-club-packtuna-blue\/","og_locale":"de_DE","og_type":"article","og_title":"ASICS Novablast 5 'Track Club Pack - Tuna Blue'  - Loftrunway","og_description":"ASICS Novablast 5 Track Club Pack \u201d\u201d White\/Tuna Blue","og_url":"https:\/\/loftrunway.com\/de\/products\/asics-novablast-5-track-club-packtuna-blue\/","og_site_name":"loftRUN Sneaker Store","article_modified_time":"2026-04-02T07:30:23+00:00","twitter_card":"summary_large_image","twitter_image":"https:\/\/images.novelship.com\/product\/asics_novablast_5__track_club_pack_-_tuna_blue__10_0_19584.jpeg","twitter_misc":{"Gesch\u00e4tzte Lesezeit":"1\u00a0Minute"},"schema":{"@context":"https:\/\/schema.org","@graph":[{"@type":"WebPage","@id":"https:\/\/loftrunway.com\/de\/products\/asics-novablast-5-track-club-packtuna-blue\/","url":"https:\/\/loftrunway.com\/de\/products\/asics-novablast-5-track-club-packtuna-blue\/","name":"ASICS Novablast 5 'Track Club Pack - Tuna Blue' - Loftrunway","isPartOf":{"@id":"https:\/\/loftrunway.com\/de\/#website"},"primaryImageOfPage":{"@id":"https:\/\/loftrunway.com\/de\/products\/asics-novablast-5-track-club-packtuna-blue\/#primaryimage"},"image":{"@id":"https:\/\/loftrunway.com\/de\/products\/asics-novablast-5-track-club-packtuna-blue\/#primaryimage"},"thumbnailUrl":"https:\/\/images.novelship.com\/product\/asics_novablast_5__track_club_pack_-_tuna_blue__10_0_19584.jpeg","datePublished":"2026-03-02T07:36:09+00:00","dateModified":"2026-04-02T07:30:23+00:00","breadcrumb":{"@id":"https:\/\/loftrunway.com\/de\/products\/asics-novablast-5-track-club-packtuna-blue\/#breadcrumb"},"inLanguage":"de","potentialAction":[{"@type":"ReadAction","target":["https:\/\/loftrunway.com\/de\/products\/asics-novablast-5-track-club-packtuna-blue\/"]}]},{"@type":"ImageObject","inLanguage":"de","@id":"https:\/\/loftrunway.com\/de\/products\/asics-novablast-5-track-club-packtuna-blue\/#primaryimage","url":"https:\/\/images.novelship.com\/product\/asics_novablast_5__track_club_pack_-_tuna_blue__10_0_19584.jpeg","contentUrl":"https:\/\/images.novelship.com\/product\/asics_novablast_5__track_club_pack_-_tuna_blue__10_0_19584.jpeg"},{"@type":"BreadcrumbList","@id":"https:\/\/loftrunway.com\/de\/products\/asics-novablast-5-track-club-packtuna-blue\/#breadcrumb","itemListElement":[{"@type":"ListItem","position":1,"name":"Home","item":"https:\/\/loftrunway.com\/de\/"},{"@type":"ListItem","position":2,"name":"Shop","item":"https:\/\/loftrunway.com\/de\/shop\/"},{"@type":"ListItem","position":3,"name":"ASICS Novablast 5 &#8218;Track Club Pack &#8211; Tuna Blue&#8216;"}]},{"@type":"WebSite","@id":"https:\/\/loftrunway.com\/de\/#website","url":"https:\/\/loftrunway.com\/de\/","name":"Styloral Jewelry Shop","description":"Der Ort, an dem man alle Arten von Sneakern findet","publisher":{"@id":"https:\/\/loftrunway.com\/de\/#organization"},"potentialAction":[{"@type":"SearchAction","target":{"@type":"EntryPoint","urlTemplate":"https:\/\/loftrunway.com\/de\/?s={search_term_string}"},"query-input":{"@type":"PropertyValueSpecification","valueRequired":true,"valueName":"search_term_string"}}],"inLanguage":"de"},{"@type":"Organization","@id":"https:\/\/loftrunway.com\/de\/#organization","name":"STYLORAL PTE. LTD","url":"https:\/\/loftrunway.com\/de\/","logo":{"@type":"ImageObject","inLanguage":"de","@id":"https:\/\/loftrunway.com\/de\/#\/schema\/logo\/image\/","url":"https:\/\/www.loftrunway.com\/wp-content\/uploads\/2025\/12\/logo.png","contentUrl":"https:\/\/www.loftrunway.com\/wp-content\/uploads\/2025\/12\/logo.png","width":200,"height":65,"caption":"STYLORAL PTE. LTD"},"image":{"@id":"https:\/\/loftrunway.com\/de\/#\/schema\/logo\/image\/"}}]}},"_links":{"self":[{"href":"https:\/\/loftrunway.com\/de\/wp-json\/wp\/v2\/product\/27855","targetHints":{"allow":["GET"]}}],"collection":[{"href":"https:\/\/loftrunway.com\/de\/wp-json\/wp\/v2\/product"}],"about":[{"href":"https:\/\/loftrunway.com\/de\/wp-json\/wp\/v2\/types\/product"}],"replies":[{"embeddable":true,"href":"https:\/\/loftrunway.com\/de\/wp-json\/wp\/v2\/comments?post=27855"}],"wp:featuredmedia":[{"embeddable":true,"href":"https:\/\/loftrunway.com\/de\/wp-json\/wp\/v2\/media\/27856"}],"wp:attachment":[{"href":"https:\/\/loftrunway.com\/de\/wp-json\/wp\/v2\/media?parent=27855"}],"wp:term":[{"taxonomy":"product_brand","embeddable":true,"href":"https:\/\/loftrunway.com\/de\/wp-json\/wp\/v2\/product_brand?post=27855"},{"taxonomy":"product_cat","embeddable":true,"href":"https:\/\/loftrunway.com\/de\/wp-json\/wp\/v2\/product_cat?post=27855"},{"taxonomy":"product_tag","embeddable":true,"href":"https:\/\/loftrunway.com\/de\/wp-json\/wp\/v2\/product_tag?post=27855"}],"curies":[{"name":"wp","href":"https:\/\/api.w.org\/{rel}","templated":true}]}}