{"id":27967,"date":"2026-03-02T14:36:17","date_gmt":"2026-03-02T07:36:17","guid":{"rendered":"http:\/\/loftrunway.com\/product\/finesse-x-asics-gel-cumulus-16-desert-rose"},"modified":"2026-04-02T14:30:24","modified_gmt":"2026-04-02T07:30:24","slug":"finesse-x-asics-gel-cumulus-16-desert-rose","status":"publish","type":"product","link":"https:\/\/loftrunway.com\/de\/products\/finesse-x-asics-gel-cumulus-16-desert-rose\/","title":{"rendered":"Finesse x ASICS Gel Cumulus 16 &#8218;Desert Rose&#8216;"},"content":{"rendered":"<p>Betreten Sie eine neue Welt des Stils und der Leistung mit dem Finesse x ASICS Gel Cumulus 16 &#8218;Desert Rose&#8216; 1203B003-200, einem gemeinsamen Meisterwerk, das erstklassiges Design mit bew\u00e4hrter Lauftechnologie verbindet; Dieser Sneaker in limitierter Auflage besticht durch seine einzigartige Farbpalette in \u201eDesert Rose\u201c mit sanften, erdigen T\u00f6nen, die durch die charakteristische minimalistische \u00c4sthetik von Finesse unterstrichen werden. Gleichzeitig sorgt das bew\u00e4hrte GEL-D\u00e4mpfungssystem von ASICS f\u00fcr hervorragende Sto\u00dfd\u00e4mpfung und ein weiches, komfortables Laufgef\u00fchl, das jeden Schritt optimal unterst\u00fctzt. Damit vereint er perfekt modisches Design und sportliche Funktionalit\u00e4t f\u00fcr den stilbewussten Menschen weltweit.<\/p>\n<ul>\n<li><strong>Farbgebung:<\/strong> Desert Rose<\/li>\n<li><strong>Style-Code:<\/strong> 1203B003-200<\/li>\n<li><strong>Obermaterial:<\/strong> Mesh<\/li>\n<li><strong>Zwischensohle:<\/strong> Gel<\/li>\n<li><strong>Farbe:<\/strong> Wei\u00df<\/li>\n<li><strong>Erscheinungsjahr:<\/strong> 2025<\/li>\n<\/ul>\n","protected":false},"excerpt":{"rendered":"<p>ASICS Gel Cumulus 16 \u201d\u201d Desert Rose<\/p>\n","protected":false},"featured_media":27968,"comment_status":"open","ping_status":"closed","template":"","meta":[],"product_brand":[],"product_cat":[10792,41273],"product_tag":[10791,10750,10754,10765,10768,10785],"class_list":{"0":"post-27967","1":"product","2":"type-product","3":"status-publish","4":"has-post-thumbnail","6":"product_cat-asics","7":"product_cat-remove","8":"product_tag-asics","9":"product_tag-athleisure-shoes","10":"product_tag-lifestyle-casual-shoes","11":"product_tag-lifestyle-shoes-running-inspired","12":"product_tag-retro-running-shoes","13":"product_tag-trending-deals","14":"wcpa_has_options","16":"first","17":"instock","18":"taxable","19":"shipping-taxable","20":"purchasable","21":"product-type-simple"},"wcpa_form_fields":{"rules":{"pric_overide_base_price":false,"pric_overide_base_price_if_gt_zero":false,"pric_overide_base_price_fully":false,"pric_cal_option_once":false,"pric_use_as_fee":false,"bind_quantity":false,"quantity_bind_formula":false},"fields":[{"type":"color-group","required":true,"elementId":"wcpa-color-group-69a5ab08ee12d","label":"Gr\u00f6\u00dfe","inline":true,"priceOptions":"different_for_all","pricingType":"fixed","className":"hassizechart product-shoes-size-eu product-shoes-size","name":"color-group-69a5ab08ee136","disp_type":"square","selection_type":"tick-border","disp_size":"50","show_label_inside":true,"adjust_width":true,"cart_display_type":"text","other_text":"Other","cl_rule":"show","col":6,"values":[{"label":"36","value":"EU 36","price":"","pimage":"","pimage_id":"","pthumb":"","color":"","selected":true},{"label":"37","value":"EU 37","price":"","pimage":"","pimage_id":"","pthumb":"","color":""},{"label":"37.5","value":"EU 37.5","price":"","pimage":"","pimage_id":"","pthumb":"","color":""},{"label":"38","value":"EU 38","price":"","pimage":"","pimage_id":"","pthumb":"","color":""},{"label":"38.5","value":"EU 38.5","price":"","pimage":"","pimage_id":"","pthumb":"","color":""},{"label":"39","value":"EU 39","price":"","pimage":"","pimage_id":"","pthumb":"","color":""},{"label":"39.5","value":"EU 39.5","price":"","pimage":"","pimage_id":"","pthumb":"","color":""},{"label":"40","value":"EU 40","price":"","pimage":"","pimage_id":"","pthumb":"","color":""},{"label":"40.5","value":"EU 40.5","price":"","pimage":"","pimage_id":"","pthumb":"","color":""},{"label":" 41.5","value":"EU 41.5","price":"","pimage":"","pimage_id":"","pthumb":"","color":""},{"label":"42","value":"EU 42","price":"","pimage":"","pimage_id":"","pthumb":"","color":""},{"label":"42.5","value":"EU 42.5","price":"","pimage":"","pimage_id":"","pthumb":"","color":""},{"label":"43.5","value":"EU 43.5","price":"","pimage":"","pimage_id":"","pthumb":"","color":""},{"label":"44","value":"EU 44","price":"","pimage":"","pimage_id":"","pthumb":"","color":""},{"label":"44.5","value":"EU 44.5","price":"","pimage":"","pimage_id":"","pthumb":"","color":""},{"label":"45","value":"EU 45","price":"","pimage":"","pimage_id":"","pthumb":"","color":""}],"relations":[{"operator":false,"rules":[]}],"form_id":184311,"form_rules":{"pric_cal_option_once":false,"exclude_from_discount":false,"pric_use_as_fee":false,"fee_label":"Fee","render_after_acb":false,"disp_hide_options_price":false}}]},"yoast_head":"<!-- This site is optimized with the Yoast SEO plugin v26.5 - https:\/\/yoast.com\/wordpress\/plugins\/seo\/ -->\n<title>Finesse x ASICS Gel Cumulus 16 &#039;Desert Rose&#039;  - Loftrunway<\/title>\n<meta name=\"robots\" content=\"index, follow, max-snippet:-1, max-image-preview:large, max-video-preview:-1\" \/>\n<link rel=\"canonical\" href=\"https:\/\/loftrunway.com\/de\/products\/finesse-x-asics-gel-cumulus-16-desert-rose\/\" \/>\n<meta property=\"og:locale\" content=\"de_DE\" \/>\n<meta property=\"og:type\" content=\"article\" \/>\n<meta property=\"og:title\" content=\"Finesse x ASICS Gel Cumulus 16 &#039;Desert Rose&#039;  - Loftrunway\" \/>\n<meta property=\"og:description\" content=\"ASICS Gel Cumulus 16 \u201d\u201d Desert Rose\" \/>\n<meta property=\"og:url\" content=\"https:\/\/loftrunway.com\/de\/products\/finesse-x-asics-gel-cumulus-16-desert-rose\/\" \/>\n<meta property=\"og:site_name\" content=\"loftRUN Sneaker Store\" \/>\n<meta property=\"article:modified_time\" content=\"2026-04-02T07:30:24+00:00\" \/>\n<meta name=\"twitter:card\" content=\"summary_large_image\" \/>\n<meta name=\"twitter:image\" content=\"https:\/\/images.novelship.com\/product\/finesse_x_asics_gel_cumulus_16__desert_rose__1203b_0_50089.jpeg\" \/>\n<meta name=\"twitter:label1\" content=\"Gesch\u00e4tzte Lesezeit\" \/>\n\t<meta name=\"twitter:data1\" content=\"1\u00a0Minute\" \/>\n<script type=\"application\/ld+json\" class=\"yoast-schema-graph\">{\"@context\":\"https:\/\/schema.org\",\"@graph\":[{\"@type\":\"WebPage\",\"@id\":\"https:\/\/loftrunway.com\/de\/products\/finesse-x-asics-gel-cumulus-16-desert-rose\/\",\"url\":\"https:\/\/loftrunway.com\/de\/products\/finesse-x-asics-gel-cumulus-16-desert-rose\/\",\"name\":\"Finesse x ASICS Gel Cumulus 16 'Desert Rose' - Loftrunway\",\"isPartOf\":{\"@id\":\"https:\/\/loftrunway.com\/de\/#website\"},\"primaryImageOfPage\":{\"@id\":\"https:\/\/loftrunway.com\/de\/products\/finesse-x-asics-gel-cumulus-16-desert-rose\/#primaryimage\"},\"image\":{\"@id\":\"https:\/\/loftrunway.com\/de\/products\/finesse-x-asics-gel-cumulus-16-desert-rose\/#primaryimage\"},\"thumbnailUrl\":\"https:\/\/images.novelship.com\/product\/finesse_x_asics_gel_cumulus_16__desert_rose__1203b_0_50089.jpeg\",\"datePublished\":\"2026-03-02T07:36:17+00:00\",\"dateModified\":\"2026-04-02T07:30:24+00:00\",\"breadcrumb\":{\"@id\":\"https:\/\/loftrunway.com\/de\/products\/finesse-x-asics-gel-cumulus-16-desert-rose\/#breadcrumb\"},\"inLanguage\":\"de\",\"potentialAction\":[{\"@type\":\"ReadAction\",\"target\":[\"https:\/\/loftrunway.com\/de\/products\/finesse-x-asics-gel-cumulus-16-desert-rose\/\"]}]},{\"@type\":\"ImageObject\",\"inLanguage\":\"de\",\"@id\":\"https:\/\/loftrunway.com\/de\/products\/finesse-x-asics-gel-cumulus-16-desert-rose\/#primaryimage\",\"url\":\"https:\/\/images.novelship.com\/product\/finesse_x_asics_gel_cumulus_16__desert_rose__1203b_0_50089.jpeg\",\"contentUrl\":\"https:\/\/images.novelship.com\/product\/finesse_x_asics_gel_cumulus_16__desert_rose__1203b_0_50089.jpeg\"},{\"@type\":\"BreadcrumbList\",\"@id\":\"https:\/\/loftrunway.com\/de\/products\/finesse-x-asics-gel-cumulus-16-desert-rose\/#breadcrumb\",\"itemListElement\":[{\"@type\":\"ListItem\",\"position\":1,\"name\":\"Home\",\"item\":\"https:\/\/loftrunway.com\/de\/\"},{\"@type\":\"ListItem\",\"position\":2,\"name\":\"Shop\",\"item\":\"https:\/\/loftrunway.com\/de\/shop\/\"},{\"@type\":\"ListItem\",\"position\":3,\"name\":\"Finesse x ASICS Gel Cumulus 16 &#8218;Desert Rose&#8216;\"}]},{\"@type\":\"WebSite\",\"@id\":\"https:\/\/loftrunway.com\/de\/#website\",\"url\":\"https:\/\/loftrunway.com\/de\/\",\"name\":\"Styloral Jewelry Shop\",\"description\":\"Der Ort, an dem man alle Arten von Sneakern findet\",\"publisher\":{\"@id\":\"https:\/\/loftrunway.com\/de\/#organization\"},\"potentialAction\":[{\"@type\":\"SearchAction\",\"target\":{\"@type\":\"EntryPoint\",\"urlTemplate\":\"https:\/\/loftrunway.com\/de\/?s={search_term_string}\"},\"query-input\":{\"@type\":\"PropertyValueSpecification\",\"valueRequired\":true,\"valueName\":\"search_term_string\"}}],\"inLanguage\":\"de\"},{\"@type\":\"Organization\",\"@id\":\"https:\/\/loftrunway.com\/de\/#organization\",\"name\":\"STYLORAL PTE. LTD\",\"url\":\"https:\/\/loftrunway.com\/de\/\",\"logo\":{\"@type\":\"ImageObject\",\"inLanguage\":\"de\",\"@id\":\"https:\/\/loftrunway.com\/de\/#\/schema\/logo\/image\/\",\"url\":\"https:\/\/www.loftrunway.com\/wp-content\/uploads\/2025\/12\/logo.png\",\"contentUrl\":\"https:\/\/www.loftrunway.com\/wp-content\/uploads\/2025\/12\/logo.png\",\"width\":200,\"height\":65,\"caption\":\"STYLORAL PTE. LTD\"},\"image\":{\"@id\":\"https:\/\/loftrunway.com\/de\/#\/schema\/logo\/image\/\"}}]}<\/script>\n<!-- \/ Yoast SEO plugin. -->","yoast_head_json":{"title":"Finesse x ASICS Gel Cumulus 16 'Desert Rose'  - Loftrunway","robots":{"index":"index","follow":"follow","max-snippet":"max-snippet:-1","max-image-preview":"max-image-preview:large","max-video-preview":"max-video-preview:-1"},"canonical":"https:\/\/loftrunway.com\/de\/products\/finesse-x-asics-gel-cumulus-16-desert-rose\/","og_locale":"de_DE","og_type":"article","og_title":"Finesse x ASICS Gel Cumulus 16 'Desert Rose'  - Loftrunway","og_description":"ASICS Gel Cumulus 16 \u201d\u201d Desert Rose","og_url":"https:\/\/loftrunway.com\/de\/products\/finesse-x-asics-gel-cumulus-16-desert-rose\/","og_site_name":"loftRUN Sneaker Store","article_modified_time":"2026-04-02T07:30:24+00:00","twitter_card":"summary_large_image","twitter_image":"https:\/\/images.novelship.com\/product\/finesse_x_asics_gel_cumulus_16__desert_rose__1203b_0_50089.jpeg","twitter_misc":{"Gesch\u00e4tzte Lesezeit":"1\u00a0Minute"},"schema":{"@context":"https:\/\/schema.org","@graph":[{"@type":"WebPage","@id":"https:\/\/loftrunway.com\/de\/products\/finesse-x-asics-gel-cumulus-16-desert-rose\/","url":"https:\/\/loftrunway.com\/de\/products\/finesse-x-asics-gel-cumulus-16-desert-rose\/","name":"Finesse x ASICS Gel Cumulus 16 'Desert Rose' - Loftrunway","isPartOf":{"@id":"https:\/\/loftrunway.com\/de\/#website"},"primaryImageOfPage":{"@id":"https:\/\/loftrunway.com\/de\/products\/finesse-x-asics-gel-cumulus-16-desert-rose\/#primaryimage"},"image":{"@id":"https:\/\/loftrunway.com\/de\/products\/finesse-x-asics-gel-cumulus-16-desert-rose\/#primaryimage"},"thumbnailUrl":"https:\/\/images.novelship.com\/product\/finesse_x_asics_gel_cumulus_16__desert_rose__1203b_0_50089.jpeg","datePublished":"2026-03-02T07:36:17+00:00","dateModified":"2026-04-02T07:30:24+00:00","breadcrumb":{"@id":"https:\/\/loftrunway.com\/de\/products\/finesse-x-asics-gel-cumulus-16-desert-rose\/#breadcrumb"},"inLanguage":"de","potentialAction":[{"@type":"ReadAction","target":["https:\/\/loftrunway.com\/de\/products\/finesse-x-asics-gel-cumulus-16-desert-rose\/"]}]},{"@type":"ImageObject","inLanguage":"de","@id":"https:\/\/loftrunway.com\/de\/products\/finesse-x-asics-gel-cumulus-16-desert-rose\/#primaryimage","url":"https:\/\/images.novelship.com\/product\/finesse_x_asics_gel_cumulus_16__desert_rose__1203b_0_50089.jpeg","contentUrl":"https:\/\/images.novelship.com\/product\/finesse_x_asics_gel_cumulus_16__desert_rose__1203b_0_50089.jpeg"},{"@type":"BreadcrumbList","@id":"https:\/\/loftrunway.com\/de\/products\/finesse-x-asics-gel-cumulus-16-desert-rose\/#breadcrumb","itemListElement":[{"@type":"ListItem","position":1,"name":"Home","item":"https:\/\/loftrunway.com\/de\/"},{"@type":"ListItem","position":2,"name":"Shop","item":"https:\/\/loftrunway.com\/de\/shop\/"},{"@type":"ListItem","position":3,"name":"Finesse x ASICS Gel Cumulus 16 &#8218;Desert Rose&#8216;"}]},{"@type":"WebSite","@id":"https:\/\/loftrunway.com\/de\/#website","url":"https:\/\/loftrunway.com\/de\/","name":"Styloral Jewelry Shop","description":"Der Ort, an dem man alle Arten von Sneakern findet","publisher":{"@id":"https:\/\/loftrunway.com\/de\/#organization"},"potentialAction":[{"@type":"SearchAction","target":{"@type":"EntryPoint","urlTemplate":"https:\/\/loftrunway.com\/de\/?s={search_term_string}"},"query-input":{"@type":"PropertyValueSpecification","valueRequired":true,"valueName":"search_term_string"}}],"inLanguage":"de"},{"@type":"Organization","@id":"https:\/\/loftrunway.com\/de\/#organization","name":"STYLORAL PTE. LTD","url":"https:\/\/loftrunway.com\/de\/","logo":{"@type":"ImageObject","inLanguage":"de","@id":"https:\/\/loftrunway.com\/de\/#\/schema\/logo\/image\/","url":"https:\/\/www.loftrunway.com\/wp-content\/uploads\/2025\/12\/logo.png","contentUrl":"https:\/\/www.loftrunway.com\/wp-content\/uploads\/2025\/12\/logo.png","width":200,"height":65,"caption":"STYLORAL PTE. LTD"},"image":{"@id":"https:\/\/loftrunway.com\/de\/#\/schema\/logo\/image\/"}}]}},"_links":{"self":[{"href":"https:\/\/loftrunway.com\/de\/wp-json\/wp\/v2\/product\/27967","targetHints":{"allow":["GET"]}}],"collection":[{"href":"https:\/\/loftrunway.com\/de\/wp-json\/wp\/v2\/product"}],"about":[{"href":"https:\/\/loftrunway.com\/de\/wp-json\/wp\/v2\/types\/product"}],"replies":[{"embeddable":true,"href":"https:\/\/loftrunway.com\/de\/wp-json\/wp\/v2\/comments?post=27967"}],"wp:featuredmedia":[{"embeddable":true,"href":"https:\/\/loftrunway.com\/de\/wp-json\/wp\/v2\/media\/27968"}],"wp:attachment":[{"href":"https:\/\/loftrunway.com\/de\/wp-json\/wp\/v2\/media?parent=27967"}],"wp:term":[{"taxonomy":"product_brand","embeddable":true,"href":"https:\/\/loftrunway.com\/de\/wp-json\/wp\/v2\/product_brand?post=27967"},{"taxonomy":"product_cat","embeddable":true,"href":"https:\/\/loftrunway.com\/de\/wp-json\/wp\/v2\/product_cat?post=27967"},{"taxonomy":"product_tag","embeddable":true,"href":"https:\/\/loftrunway.com\/de\/wp-json\/wp\/v2\/product_tag?post=27967"}],"curies":[{"name":"wp","href":"https:\/\/api.w.org\/{rel}","templated":true}]}}