{"id":28336,"date":"2026-03-02T14:36:45","date_gmt":"2026-03-02T07:36:45","guid":{"rendered":"http:\/\/loftrunway.com\/product\/kool-aid-x-nike-ja-2-ep-tropical-punch-bright-crimson-hyper-pink"},"modified":"2026-04-02T14:30:34","modified_gmt":"2026-04-02T07:30:34","slug":"kool-aid-x-nike-ja-2-ep-tropical-punch-bright-crimson-hyper-pink","status":"publish","type":"product","link":"https:\/\/loftrunway.com\/de\/products\/kool-aid-x-nike-ja-2-ep-tropical-punch-bright-crimson-hyper-pink\/","title":{"rendered":"Kool-Aid x Nike Ja 2 EP Tropical Punch Bright Crimson Hyper Pink"},"content":{"rendered":"<p>Mit dem Nike Ja 2 EP x Kool-Aid in leuchtendem Karmesinrot\/Hyperpink\/Schwarz\/Mattsilber hebst du dein Spiel auf ein neues Level. Diese dynamische Kollaboration zieht auf und neben dem Court alle Blicke auf sich und vereint k\u00fchnes Design mit \u00fcberragender Performance. Die Sneaker wurden f\u00fcr Agilit\u00e4t und Halt entwickelt und bieten dank fortschrittlicher D\u00e4mpfung mehr Komfort und explosive Bewegungsabl\u00e4ufe. Die auff\u00e4llige Farbgebung, inspiriert von Kool-Aid, sorgt daf\u00fcr, dass du \u00fcberall auff\u00e4llst. Perfekt f\u00fcr Sportler und Style-Fans gleicherma\u00dfen: Zeig deine dynamische Energie mit jedem Schritt in diesem globalen Fashion-Statement.<\/p>\n<ul>\n<li><strong>Farbgebung:<\/strong> Leuchtendes Karmesinrot\/Hyperpink\/Schwarz\/Mattsilber<\/li>\n<li><strong>Style-Code:<\/strong> IF0303-600<\/li>\n<li><strong>Obermaterial:<\/strong> Leder<\/li>\n<li><strong>Farbe:<\/strong> Rot<\/li>\n<\/ul>\n","protected":false},"excerpt":{"rendered":"<p>Nike Ja 2 EP \u201d\u201d Bright Crimson\/Hyper Pink\/Black\/Flat Silver<\/p>\n","protected":false},"featured_media":28337,"comment_status":"open","ping_status":"closed","template":"","meta":[],"product_brand":[],"product_cat":[10803,41273],"product_tag":[10800,11129,10801,10802,10758],"class_list":{"0":"post-28336","1":"product","2":"type-product","3":"status-publish","4":"has-post-thumbnail","6":"product_cat-nike","7":"product_cat-remove","8":"product_tag-basketball-shoes","9":"product_tag-lightweight-basketball-shoes","10":"product_tag-nike","11":"product_tag-performance-sport-shoes","12":"product_tag-under-retail","13":"wcpa_has_options","15":"first","16":"instock","17":"taxable","18":"shipping-taxable","19":"purchasable","20":"product-type-simple"},"wcpa_form_fields":{"rules":{"pric_overide_base_price":false,"pric_overide_base_price_if_gt_zero":false,"pric_overide_base_price_fully":false,"pric_cal_option_once":false,"pric_use_as_fee":false,"bind_quantity":false,"quantity_bind_formula":false},"fields":[{"type":"color-group","required":true,"elementId":"wcpa-color-group-66c4a75505e74","label":"Gr\u00f6\u00dfe - EU Gr\u00f6\u00dfe","inline":true,"priceOptions":"different_for_all","pricingType":"fixed","className":"hassizechart product-shoes-size-eu product-shoes-size","name":"color-group-66c4a75505e89","disp_type":"square","selection_type":"tick-border","disp_size":"44","show_label_inside":true,"adjust_width":true,"cart_display_type":"text","other_text":"Other","cl_rule":"show","col":6,"values":[{"label":"35.5","value":"EU 35.5","price":"","pimage":"","pimage_id":"","pthumb":"","color":""},{"label":"36","value":"EU 36","price":"","pimage":"","pimage_id":"","pthumb":"","color":"","selected":true},{"label":"36.5","value":"EU 36.5","price":"","pimage":"","pimage_id":"","pthumb":"","color":""},{"label":"37.5","value":"EU 37.5","price":"","pimage":"","pimage_id":"","pthumb":"","color":""},{"label":"38","value":"EU 38","price":"","pimage":"","pimage_id":"","pthumb":"","color":""},{"label":"38.5","value":"EU 38.5","price":"","pimage":"","pimage_id":"","pthumb":"","color":""},{"label":"39","value":"EU 39","price":"","pimage":"","pimage_id":"","pthumb":"","color":""},{"label":"40","value":"EU 40","price":"","pimage":"","pimage_id":"","pthumb":"","color":""},{"label":"40.5","value":"EU 40.5","price":"","pimage":"","pimage_id":"","pthumb":"","color":""},{"label":"41","value":"EU 41","price":"","pimage":"","pimage_id":"","pthumb":"","color":""},{"label":"42","value":"EU 42","price":"","pimage":"","pimage_id":"","pthumb":"","color":""},{"label":"42.5","value":"EU 42.5","price":"","pimage":"","pimage_id":"","pthumb":"","color":""},{"label":"43","value":"EU 43","price":"","pimage":"","pimage_id":"","pthumb":"","color":""},{"label":"44","value":"EU 44","price":"","pimage":"","pimage_id":"","pthumb":"","color":""},{"label":"44.5","value":"EU 44.5","price":"","pimage":"","pimage_id":"","pthumb":"","color":""},{"label":"45","value":"EU 45","price":"","pimage":"","pimage_id":"","pthumb":"","color":""},{"label":"45.5","value":"EU 45.5","price":"","pimage":"","pimage_id":"","pthumb":"","color":""},{"label":"46","value":"EU 46","price":"","pimage":"","pimage_id":"","pthumb":"","color":""},{"label":"47","value":"EU 47","price":"","pimage":"","pimage_id":"","pthumb":"","color":""},{"label":"47.5","value":"EU 47.5","price":"","pimage":"","pimage_id":"","pthumb":"","color":""},{"label":"48","value":"EU 48","price":"","pimage":"","pimage_id":"","pthumb":"","color":""}],"relations":[{"operator":false,"rules":[]}],"form_id":18106,"form_rules":{"pric_cal_option_once":false,"exclude_from_discount":false,"pric_use_as_fee":false,"fee_label":"Fee","render_after_acb":false,"disp_hide_options_price":false}}]},"yoast_head":"<!-- This site is optimized with the Yoast SEO plugin v26.5 - https:\/\/yoast.com\/wordpress\/plugins\/seo\/ -->\n<title>Kool-Aid x Nike Ja 2 EP Tropical Punch Bright Crimson Hyper Pink  - Loftrunway<\/title>\n<meta name=\"robots\" content=\"index, follow, max-snippet:-1, max-image-preview:large, max-video-preview:-1\" \/>\n<link rel=\"canonical\" href=\"https:\/\/loftrunway.com\/de\/products\/kool-aid-x-nike-ja-2-ep-tropical-punch-bright-crimson-hyper-pink\/\" \/>\n<meta property=\"og:locale\" content=\"de_DE\" \/>\n<meta property=\"og:type\" content=\"article\" \/>\n<meta property=\"og:title\" content=\"Kool-Aid x Nike Ja 2 EP Tropical Punch Bright Crimson Hyper Pink  - Loftrunway\" \/>\n<meta property=\"og:description\" content=\"Nike Ja 2 EP \u201d\u201d Bright Crimson\/Hyper Pink\/Black\/Flat Silver\" \/>\n<meta property=\"og:url\" content=\"https:\/\/loftrunway.com\/de\/products\/kool-aid-x-nike-ja-2-ep-tropical-punch-bright-crimson-hyper-pink\/\" \/>\n<meta property=\"og:site_name\" content=\"loftRUN Sneaker Store\" \/>\n<meta property=\"article:modified_time\" content=\"2026-04-02T07:30:34+00:00\" \/>\n<meta name=\"twitter:card\" content=\"summary_large_image\" \/>\n<meta name=\"twitter:image\" content=\"https:\/\/images.novelship.com\/product\/nike_ja_2_ep_x_kool-aid_bright_crimson_hyper_pink__0_93879.png\" \/>\n<meta name=\"twitter:label1\" content=\"Gesch\u00e4tzte Lesezeit\" \/>\n\t<meta name=\"twitter:data1\" content=\"1\u00a0Minute\" \/>\n<script type=\"application\/ld+json\" class=\"yoast-schema-graph\">{\"@context\":\"https:\/\/schema.org\",\"@graph\":[{\"@type\":\"WebPage\",\"@id\":\"https:\/\/loftrunway.com\/de\/products\/kool-aid-x-nike-ja-2-ep-tropical-punch-bright-crimson-hyper-pink\/\",\"url\":\"https:\/\/loftrunway.com\/de\/products\/kool-aid-x-nike-ja-2-ep-tropical-punch-bright-crimson-hyper-pink\/\",\"name\":\"Kool-Aid x Nike Ja 2 EP Tropical Punch Bright Crimson Hyper Pink - Loftrunway\",\"isPartOf\":{\"@id\":\"https:\/\/loftrunway.com\/de\/#website\"},\"primaryImageOfPage\":{\"@id\":\"https:\/\/loftrunway.com\/de\/products\/kool-aid-x-nike-ja-2-ep-tropical-punch-bright-crimson-hyper-pink\/#primaryimage\"},\"image\":{\"@id\":\"https:\/\/loftrunway.com\/de\/products\/kool-aid-x-nike-ja-2-ep-tropical-punch-bright-crimson-hyper-pink\/#primaryimage\"},\"thumbnailUrl\":\"https:\/\/images.novelship.com\/product\/nike_ja_2_ep_x_kool-aid_bright_crimson_hyper_pink__0_93879.png\",\"datePublished\":\"2026-03-02T07:36:45+00:00\",\"dateModified\":\"2026-04-02T07:30:34+00:00\",\"breadcrumb\":{\"@id\":\"https:\/\/loftrunway.com\/de\/products\/kool-aid-x-nike-ja-2-ep-tropical-punch-bright-crimson-hyper-pink\/#breadcrumb\"},\"inLanguage\":\"de\",\"potentialAction\":[{\"@type\":\"ReadAction\",\"target\":[\"https:\/\/loftrunway.com\/de\/products\/kool-aid-x-nike-ja-2-ep-tropical-punch-bright-crimson-hyper-pink\/\"]}]},{\"@type\":\"ImageObject\",\"inLanguage\":\"de\",\"@id\":\"https:\/\/loftrunway.com\/de\/products\/kool-aid-x-nike-ja-2-ep-tropical-punch-bright-crimson-hyper-pink\/#primaryimage\",\"url\":\"https:\/\/images.novelship.com\/product\/nike_ja_2_ep_x_kool-aid_bright_crimson_hyper_pink__0_93879.png\",\"contentUrl\":\"https:\/\/images.novelship.com\/product\/nike_ja_2_ep_x_kool-aid_bright_crimson_hyper_pink__0_93879.png\"},{\"@type\":\"BreadcrumbList\",\"@id\":\"https:\/\/loftrunway.com\/de\/products\/kool-aid-x-nike-ja-2-ep-tropical-punch-bright-crimson-hyper-pink\/#breadcrumb\",\"itemListElement\":[{\"@type\":\"ListItem\",\"position\":1,\"name\":\"Home\",\"item\":\"https:\/\/loftrunway.com\/de\/\"},{\"@type\":\"ListItem\",\"position\":2,\"name\":\"Shop\",\"item\":\"https:\/\/loftrunway.com\/de\/shop\/\"},{\"@type\":\"ListItem\",\"position\":3,\"name\":\"Kool-Aid x Nike Ja 2 EP Tropical Punch Bright Crimson Hyper Pink\"}]},{\"@type\":\"WebSite\",\"@id\":\"https:\/\/loftrunway.com\/de\/#website\",\"url\":\"https:\/\/loftrunway.com\/de\/\",\"name\":\"Styloral Jewelry Shop\",\"description\":\"Der Ort, an dem man alle Arten von Sneakern findet\",\"publisher\":{\"@id\":\"https:\/\/loftrunway.com\/de\/#organization\"},\"potentialAction\":[{\"@type\":\"SearchAction\",\"target\":{\"@type\":\"EntryPoint\",\"urlTemplate\":\"https:\/\/loftrunway.com\/de\/?s={search_term_string}\"},\"query-input\":{\"@type\":\"PropertyValueSpecification\",\"valueRequired\":true,\"valueName\":\"search_term_string\"}}],\"inLanguage\":\"de\"},{\"@type\":\"Organization\",\"@id\":\"https:\/\/loftrunway.com\/de\/#organization\",\"name\":\"STYLORAL PTE. LTD\",\"url\":\"https:\/\/loftrunway.com\/de\/\",\"logo\":{\"@type\":\"ImageObject\",\"inLanguage\":\"de\",\"@id\":\"https:\/\/loftrunway.com\/de\/#\/schema\/logo\/image\/\",\"url\":\"https:\/\/www.loftrunway.com\/wp-content\/uploads\/2025\/12\/logo.png\",\"contentUrl\":\"https:\/\/www.loftrunway.com\/wp-content\/uploads\/2025\/12\/logo.png\",\"width\":200,\"height\":65,\"caption\":\"STYLORAL PTE. LTD\"},\"image\":{\"@id\":\"https:\/\/loftrunway.com\/de\/#\/schema\/logo\/image\/\"}}]}<\/script>\n<!-- \/ Yoast SEO plugin. -->","yoast_head_json":{"title":"Kool-Aid x Nike Ja 2 EP Tropical Punch Bright Crimson Hyper Pink  - Loftrunway","robots":{"index":"index","follow":"follow","max-snippet":"max-snippet:-1","max-image-preview":"max-image-preview:large","max-video-preview":"max-video-preview:-1"},"canonical":"https:\/\/loftrunway.com\/de\/products\/kool-aid-x-nike-ja-2-ep-tropical-punch-bright-crimson-hyper-pink\/","og_locale":"de_DE","og_type":"article","og_title":"Kool-Aid x Nike Ja 2 EP Tropical Punch Bright Crimson Hyper Pink  - Loftrunway","og_description":"Nike Ja 2 EP \u201d\u201d Bright Crimson\/Hyper Pink\/Black\/Flat Silver","og_url":"https:\/\/loftrunway.com\/de\/products\/kool-aid-x-nike-ja-2-ep-tropical-punch-bright-crimson-hyper-pink\/","og_site_name":"loftRUN Sneaker Store","article_modified_time":"2026-04-02T07:30:34+00:00","twitter_card":"summary_large_image","twitter_image":"https:\/\/images.novelship.com\/product\/nike_ja_2_ep_x_kool-aid_bright_crimson_hyper_pink__0_93879.png","twitter_misc":{"Gesch\u00e4tzte Lesezeit":"1\u00a0Minute"},"schema":{"@context":"https:\/\/schema.org","@graph":[{"@type":"WebPage","@id":"https:\/\/loftrunway.com\/de\/products\/kool-aid-x-nike-ja-2-ep-tropical-punch-bright-crimson-hyper-pink\/","url":"https:\/\/loftrunway.com\/de\/products\/kool-aid-x-nike-ja-2-ep-tropical-punch-bright-crimson-hyper-pink\/","name":"Kool-Aid x Nike Ja 2 EP Tropical Punch Bright Crimson Hyper Pink - Loftrunway","isPartOf":{"@id":"https:\/\/loftrunway.com\/de\/#website"},"primaryImageOfPage":{"@id":"https:\/\/loftrunway.com\/de\/products\/kool-aid-x-nike-ja-2-ep-tropical-punch-bright-crimson-hyper-pink\/#primaryimage"},"image":{"@id":"https:\/\/loftrunway.com\/de\/products\/kool-aid-x-nike-ja-2-ep-tropical-punch-bright-crimson-hyper-pink\/#primaryimage"},"thumbnailUrl":"https:\/\/images.novelship.com\/product\/nike_ja_2_ep_x_kool-aid_bright_crimson_hyper_pink__0_93879.png","datePublished":"2026-03-02T07:36:45+00:00","dateModified":"2026-04-02T07:30:34+00:00","breadcrumb":{"@id":"https:\/\/loftrunway.com\/de\/products\/kool-aid-x-nike-ja-2-ep-tropical-punch-bright-crimson-hyper-pink\/#breadcrumb"},"inLanguage":"de","potentialAction":[{"@type":"ReadAction","target":["https:\/\/loftrunway.com\/de\/products\/kool-aid-x-nike-ja-2-ep-tropical-punch-bright-crimson-hyper-pink\/"]}]},{"@type":"ImageObject","inLanguage":"de","@id":"https:\/\/loftrunway.com\/de\/products\/kool-aid-x-nike-ja-2-ep-tropical-punch-bright-crimson-hyper-pink\/#primaryimage","url":"https:\/\/images.novelship.com\/product\/nike_ja_2_ep_x_kool-aid_bright_crimson_hyper_pink__0_93879.png","contentUrl":"https:\/\/images.novelship.com\/product\/nike_ja_2_ep_x_kool-aid_bright_crimson_hyper_pink__0_93879.png"},{"@type":"BreadcrumbList","@id":"https:\/\/loftrunway.com\/de\/products\/kool-aid-x-nike-ja-2-ep-tropical-punch-bright-crimson-hyper-pink\/#breadcrumb","itemListElement":[{"@type":"ListItem","position":1,"name":"Home","item":"https:\/\/loftrunway.com\/de\/"},{"@type":"ListItem","position":2,"name":"Shop","item":"https:\/\/loftrunway.com\/de\/shop\/"},{"@type":"ListItem","position":3,"name":"Kool-Aid x Nike Ja 2 EP Tropical Punch Bright Crimson Hyper Pink"}]},{"@type":"WebSite","@id":"https:\/\/loftrunway.com\/de\/#website","url":"https:\/\/loftrunway.com\/de\/","name":"Styloral Jewelry Shop","description":"Der Ort, an dem man alle Arten von Sneakern findet","publisher":{"@id":"https:\/\/loftrunway.com\/de\/#organization"},"potentialAction":[{"@type":"SearchAction","target":{"@type":"EntryPoint","urlTemplate":"https:\/\/loftrunway.com\/de\/?s={search_term_string}"},"query-input":{"@type":"PropertyValueSpecification","valueRequired":true,"valueName":"search_term_string"}}],"inLanguage":"de"},{"@type":"Organization","@id":"https:\/\/loftrunway.com\/de\/#organization","name":"STYLORAL PTE. LTD","url":"https:\/\/loftrunway.com\/de\/","logo":{"@type":"ImageObject","inLanguage":"de","@id":"https:\/\/loftrunway.com\/de\/#\/schema\/logo\/image\/","url":"https:\/\/www.loftrunway.com\/wp-content\/uploads\/2025\/12\/logo.png","contentUrl":"https:\/\/www.loftrunway.com\/wp-content\/uploads\/2025\/12\/logo.png","width":200,"height":65,"caption":"STYLORAL PTE. LTD"},"image":{"@id":"https:\/\/loftrunway.com\/de\/#\/schema\/logo\/image\/"}}]}},"_links":{"self":[{"href":"https:\/\/loftrunway.com\/de\/wp-json\/wp\/v2\/product\/28336","targetHints":{"allow":["GET"]}}],"collection":[{"href":"https:\/\/loftrunway.com\/de\/wp-json\/wp\/v2\/product"}],"about":[{"href":"https:\/\/loftrunway.com\/de\/wp-json\/wp\/v2\/types\/product"}],"replies":[{"embeddable":true,"href":"https:\/\/loftrunway.com\/de\/wp-json\/wp\/v2\/comments?post=28336"}],"wp:featuredmedia":[{"embeddable":true,"href":"https:\/\/loftrunway.com\/de\/wp-json\/wp\/v2\/media\/28337"}],"wp:attachment":[{"href":"https:\/\/loftrunway.com\/de\/wp-json\/wp\/v2\/media?parent=28336"}],"wp:term":[{"taxonomy":"product_brand","embeddable":true,"href":"https:\/\/loftrunway.com\/de\/wp-json\/wp\/v2\/product_brand?post=28336"},{"taxonomy":"product_cat","embeddable":true,"href":"https:\/\/loftrunway.com\/de\/wp-json\/wp\/v2\/product_cat?post=28336"},{"taxonomy":"product_tag","embeddable":true,"href":"https:\/\/loftrunway.com\/de\/wp-json\/wp\/v2\/product_tag?post=28336"}],"curies":[{"name":"wp","href":"https:\/\/api.w.org\/{rel}","templated":true}]}}