{"id":29320,"date":"2026-03-02T14:38:04","date_gmt":"2026-03-02T07:38:04","guid":{"rendered":"http:\/\/loftrunway.com\/product\/women-asics-gel-cumulus-27-running-shoes-mineral-beigehuddle-yellow"},"modified":"2026-04-03T19:30:28","modified_gmt":"2026-04-03T12:30:28","slug":"women-asics-gel-cumulus-27-running-shoes-mineral-beigehuddle-yellow","status":"publish","type":"product","link":"https:\/\/loftrunway.com\/de\/products\/women-asics-gel-cumulus-27-running-shoes-mineral-beigehuddle-yellow\/","title":{"rendered":"(Women) ASICS GEL-CUMULUS 27 Running Shoes Mineral Beige\/Huddle Yellow"},"content":{"rendered":"<p>Erleben Sie ultimativen Komfort und beste Performance mit den ASICS GEL-CUMULUS 27 Laufschuhen f\u00fcr Damen. Diese Schuhe in stylischer Farbkombination aus Mineral Beige und Huddle Yellow bieten dank fortschrittlicher GEL-Technologie optimale Sto\u00dfd\u00e4mpfung und ein geschmeidigeres Laufgef\u00fchl. Perfekt f\u00fcr Gelegenheitsjoggerinnen und ambitionierte L\u00e4uferinnen: Die leichte Konstruktion sorgt f\u00fcr verbesserte Atmungsaktivit\u00e4t und Flexibilit\u00e4t. Mit der robusten Gummisohle haben Sie auf jedem Terrain sicheren Halt. Steigern Sie Ihr Laufniveau und genie\u00dfen Sie den unschlagbaren Komfort und Style des ASICS GEL-CUMULUS 27.<\/p>\n<p>Farbkombination: Mineral Beige\/Huddle Yellow<br \/>\nArtikelnummer: 1012B772-250<br \/>\nObermaterial: Mesh<br \/>\nZwischensohle: PureGEL<br \/>\nFarbe: Beige<\/p>\n","protected":false},"excerpt":{"rendered":"<p>ASICS GEL-CUMULUS 27 \u201d\u201d Mineral Beige\/Huddle Yellow<\/p>\n","protected":false},"featured_media":29321,"comment_status":"open","ping_status":"closed","template":"","meta":[],"product_brand":[],"product_cat":[11020],"product_tag":[10791,11053,10839,10802,10840,10758],"class_list":{"0":"post-29320","1":"product","2":"type-product","3":"status-publish","4":"has-post-thumbnail","6":"product_cat-asics-women","7":"product_tag-asics","8":"product_tag-lightweight-running-shoes","9":"product_tag-performance-running-shoes","10":"product_tag-performance-sport-shoes","11":"product_tag-running-shoes","12":"product_tag-under-retail","13":"wcpa_has_options","15":"first","16":"instock","17":"taxable","18":"shipping-taxable","19":"purchasable","20":"product-type-simple"},"wcpa_form_fields":{"rules":{"pric_overide_base_price":false,"pric_overide_base_price_if_gt_zero":false,"pric_overide_base_price_fully":false,"pric_cal_option_once":false,"pric_use_as_fee":false,"bind_quantity":false,"quantity_bind_formula":false},"fields":[{"type":"color-group","required":true,"elementId":"wcpa-color-group-69a5ac3f3e644","label":"Gr\u00f6\u00dfe","inline":true,"priceOptions":"different_for_all","pricingType":"fixed","className":"hassizechart product-shoes-size-eu product-shoes-size","name":"color-group-69a5ac3f3e64e","disp_type":"square","selection_type":"tick-border","disp_size":"50","show_label_inside":true,"adjust_width":true,"cart_display_type":"text","other_text":"Other","cl_rule":"show","col":6,"values":[{"label":"34.5","value":"EU 34.5","price":"","pimage":"","pimage_id":"","pthumb":"","color":""},{"label":"35","value":"EU 35","price":"","pimage":"","pimage_id":"","pthumb":"","color":""},{"label":"35.5","value":"EU 35.5","price":"","pimage":"","pimage_id":"","pthumb":"","color":""},{"label":"36","value":"EU 36","price":"","pimage":"","pimage_id":"","pthumb":"","color":"","selected":true},{"label":"37","value":"EU 37","price":"","pimage":"","pimage_id":"","pthumb":"","color":""},{"label":"37.5","value":"EU 37.5","price":"","pimage":"","pimage_id":"","pthumb":"","color":""},{"label":"38","value":"EU 38","price":"","pimage":"","pimage_id":"","pthumb":"","color":""},{"label":"38.5","value":"EU 38.5","price":"","pimage":"","pimage_id":"","pthumb":"","color":""},{"label":"39","value":"EU 39","price":"","pimage":"","pimage_id":"","pthumb":"","color":""},{"label":"39.5","value":"EU 39.5","price":"","pimage":"","pimage_id":"","pthumb":"","color":""},{"label":"40","value":"EU 40","price":"","pimage":"","pimage_id":"","pthumb":"","color":""},{"label":"40.5","value":"EU 40.5","price":"","pimage":"","pimage_id":"","pthumb":"","color":""},{"label":" 41.5","value":"EU 41.5","price":"","pimage":"","pimage_id":"","pthumb":"","color":""},{"label":"42","value":"EU 42","price":"","pimage":"","pimage_id":"","pthumb":"","color":""},{"label":"42.5","value":"EU 42.5","price":"","pimage":"","pimage_id":"","pthumb":"","color":""},{"label":"43.5","value":"EU 43.5","price":"","pimage":"","pimage_id":"","pthumb":"","color":""},{"label":"44","value":"EU 44","price":"","pimage":"","pimage_id":"","pthumb":"","color":""},{"label":"44.5","value":"EU 44.5","price":"","pimage":"","pimage_id":"","pthumb":"","color":""},{"label":"45","value":"EU 45","price":"","pimage":"","pimage_id":"","pthumb":"","color":""}],"relations":[{"operator":false,"rules":[]}],"form_id":184312,"form_rules":{"pric_cal_option_once":false,"exclude_from_discount":false,"pric_use_as_fee":false,"fee_label":"Fee","render_after_acb":false,"disp_hide_options_price":false}}]},"yoast_head":"<!-- This site is optimized with the Yoast SEO plugin v26.5 - https:\/\/yoast.com\/wordpress\/plugins\/seo\/ -->\n<title>(Women) ASICS GEL-CUMULUS 27 Running Shoes Mineral Beige\/Huddle Yellow  - Loftrunway<\/title>\n<meta name=\"robots\" content=\"index, follow, max-snippet:-1, max-image-preview:large, max-video-preview:-1\" \/>\n<link rel=\"canonical\" href=\"https:\/\/loftrunway.com\/de\/products\/women-asics-gel-cumulus-27-running-shoes-mineral-beigehuddle-yellow\/\" \/>\n<meta property=\"og:locale\" content=\"de_DE\" \/>\n<meta property=\"og:type\" content=\"article\" \/>\n<meta property=\"og:title\" content=\"(Women) ASICS GEL-CUMULUS 27 Running Shoes Mineral Beige\/Huddle Yellow  - Loftrunway\" \/>\n<meta property=\"og:description\" content=\"ASICS GEL-CUMULUS 27 \u201d\u201d Mineral Beige\/Huddle Yellow\" \/>\n<meta property=\"og:url\" content=\"https:\/\/loftrunway.com\/de\/products\/women-asics-gel-cumulus-27-running-shoes-mineral-beigehuddle-yellow\/\" \/>\n<meta property=\"og:site_name\" content=\"loftRUN Sneaker Store\" \/>\n<meta property=\"article:modified_time\" content=\"2026-04-03T12:30:28+00:00\" \/>\n<meta name=\"twitter:card\" content=\"summary_large_image\" \/>\n<meta name=\"twitter:image\" content=\"https:\/\/images.novelship.com\/product\/_women__asics_gel-cumulus_27_running_shoes_mineral_0_98126.jpeg\" \/>\n<meta name=\"twitter:label1\" content=\"Gesch\u00e4tzte Lesezeit\" \/>\n\t<meta name=\"twitter:data1\" content=\"1\u00a0Minute\" \/>\n<script type=\"application\/ld+json\" class=\"yoast-schema-graph\">{\"@context\":\"https:\/\/schema.org\",\"@graph\":[{\"@type\":\"WebPage\",\"@id\":\"https:\/\/loftrunway.com\/de\/products\/women-asics-gel-cumulus-27-running-shoes-mineral-beigehuddle-yellow\/\",\"url\":\"https:\/\/loftrunway.com\/de\/products\/women-asics-gel-cumulus-27-running-shoes-mineral-beigehuddle-yellow\/\",\"name\":\"(Women) ASICS GEL-CUMULUS 27 Running Shoes Mineral Beige\/Huddle Yellow - Loftrunway\",\"isPartOf\":{\"@id\":\"https:\/\/loftrunway.com\/de\/#website\"},\"primaryImageOfPage\":{\"@id\":\"https:\/\/loftrunway.com\/de\/products\/women-asics-gel-cumulus-27-running-shoes-mineral-beigehuddle-yellow\/#primaryimage\"},\"image\":{\"@id\":\"https:\/\/loftrunway.com\/de\/products\/women-asics-gel-cumulus-27-running-shoes-mineral-beigehuddle-yellow\/#primaryimage\"},\"thumbnailUrl\":\"https:\/\/images.novelship.com\/product\/_women__asics_gel-cumulus_27_running_shoes_mineral_0_98126.jpeg\",\"datePublished\":\"2026-03-02T07:38:04+00:00\",\"dateModified\":\"2026-04-03T12:30:28+00:00\",\"breadcrumb\":{\"@id\":\"https:\/\/loftrunway.com\/de\/products\/women-asics-gel-cumulus-27-running-shoes-mineral-beigehuddle-yellow\/#breadcrumb\"},\"inLanguage\":\"de\",\"potentialAction\":[{\"@type\":\"ReadAction\",\"target\":[\"https:\/\/loftrunway.com\/de\/products\/women-asics-gel-cumulus-27-running-shoes-mineral-beigehuddle-yellow\/\"]}]},{\"@type\":\"ImageObject\",\"inLanguage\":\"de\",\"@id\":\"https:\/\/loftrunway.com\/de\/products\/women-asics-gel-cumulus-27-running-shoes-mineral-beigehuddle-yellow\/#primaryimage\",\"url\":\"https:\/\/images.novelship.com\/product\/_women__asics_gel-cumulus_27_running_shoes_mineral_0_98126.jpeg\",\"contentUrl\":\"https:\/\/images.novelship.com\/product\/_women__asics_gel-cumulus_27_running_shoes_mineral_0_98126.jpeg\"},{\"@type\":\"BreadcrumbList\",\"@id\":\"https:\/\/loftrunway.com\/de\/products\/women-asics-gel-cumulus-27-running-shoes-mineral-beigehuddle-yellow\/#breadcrumb\",\"itemListElement\":[{\"@type\":\"ListItem\",\"position\":1,\"name\":\"Home\",\"item\":\"https:\/\/loftrunway.com\/de\/\"},{\"@type\":\"ListItem\",\"position\":2,\"name\":\"Shop\",\"item\":\"https:\/\/loftrunway.com\/de\/shop\/\"},{\"@type\":\"ListItem\",\"position\":3,\"name\":\"(Women) ASICS GEL-CUMULUS 27 Running Shoes Mineral Beige\/Huddle Yellow\"}]},{\"@type\":\"WebSite\",\"@id\":\"https:\/\/loftrunway.com\/de\/#website\",\"url\":\"https:\/\/loftrunway.com\/de\/\",\"name\":\"Styloral Jewelry Shop\",\"description\":\"Der Ort, an dem man alle Arten von Sneakern findet\",\"publisher\":{\"@id\":\"https:\/\/loftrunway.com\/de\/#organization\"},\"potentialAction\":[{\"@type\":\"SearchAction\",\"target\":{\"@type\":\"EntryPoint\",\"urlTemplate\":\"https:\/\/loftrunway.com\/de\/?s={search_term_string}\"},\"query-input\":{\"@type\":\"PropertyValueSpecification\",\"valueRequired\":true,\"valueName\":\"search_term_string\"}}],\"inLanguage\":\"de\"},{\"@type\":\"Organization\",\"@id\":\"https:\/\/loftrunway.com\/de\/#organization\",\"name\":\"STYLORAL PTE. LTD\",\"url\":\"https:\/\/loftrunway.com\/de\/\",\"logo\":{\"@type\":\"ImageObject\",\"inLanguage\":\"de\",\"@id\":\"https:\/\/loftrunway.com\/de\/#\/schema\/logo\/image\/\",\"url\":\"https:\/\/www.loftrunway.com\/wp-content\/uploads\/2025\/12\/logo.png\",\"contentUrl\":\"https:\/\/www.loftrunway.com\/wp-content\/uploads\/2025\/12\/logo.png\",\"width\":200,\"height\":65,\"caption\":\"STYLORAL PTE. LTD\"},\"image\":{\"@id\":\"https:\/\/loftrunway.com\/de\/#\/schema\/logo\/image\/\"}}]}<\/script>\n<!-- \/ Yoast SEO plugin. -->","yoast_head_json":{"title":"(Women) ASICS GEL-CUMULUS 27 Running Shoes Mineral Beige\/Huddle Yellow  - Loftrunway","robots":{"index":"index","follow":"follow","max-snippet":"max-snippet:-1","max-image-preview":"max-image-preview:large","max-video-preview":"max-video-preview:-1"},"canonical":"https:\/\/loftrunway.com\/de\/products\/women-asics-gel-cumulus-27-running-shoes-mineral-beigehuddle-yellow\/","og_locale":"de_DE","og_type":"article","og_title":"(Women) ASICS GEL-CUMULUS 27 Running Shoes Mineral Beige\/Huddle Yellow  - Loftrunway","og_description":"ASICS GEL-CUMULUS 27 \u201d\u201d Mineral Beige\/Huddle Yellow","og_url":"https:\/\/loftrunway.com\/de\/products\/women-asics-gel-cumulus-27-running-shoes-mineral-beigehuddle-yellow\/","og_site_name":"loftRUN Sneaker Store","article_modified_time":"2026-04-03T12:30:28+00:00","twitter_card":"summary_large_image","twitter_image":"https:\/\/images.novelship.com\/product\/_women__asics_gel-cumulus_27_running_shoes_mineral_0_98126.jpeg","twitter_misc":{"Gesch\u00e4tzte Lesezeit":"1\u00a0Minute"},"schema":{"@context":"https:\/\/schema.org","@graph":[{"@type":"WebPage","@id":"https:\/\/loftrunway.com\/de\/products\/women-asics-gel-cumulus-27-running-shoes-mineral-beigehuddle-yellow\/","url":"https:\/\/loftrunway.com\/de\/products\/women-asics-gel-cumulus-27-running-shoes-mineral-beigehuddle-yellow\/","name":"(Women) ASICS GEL-CUMULUS 27 Running Shoes Mineral Beige\/Huddle Yellow - Loftrunway","isPartOf":{"@id":"https:\/\/loftrunway.com\/de\/#website"},"primaryImageOfPage":{"@id":"https:\/\/loftrunway.com\/de\/products\/women-asics-gel-cumulus-27-running-shoes-mineral-beigehuddle-yellow\/#primaryimage"},"image":{"@id":"https:\/\/loftrunway.com\/de\/products\/women-asics-gel-cumulus-27-running-shoes-mineral-beigehuddle-yellow\/#primaryimage"},"thumbnailUrl":"https:\/\/images.novelship.com\/product\/_women__asics_gel-cumulus_27_running_shoes_mineral_0_98126.jpeg","datePublished":"2026-03-02T07:38:04+00:00","dateModified":"2026-04-03T12:30:28+00:00","breadcrumb":{"@id":"https:\/\/loftrunway.com\/de\/products\/women-asics-gel-cumulus-27-running-shoes-mineral-beigehuddle-yellow\/#breadcrumb"},"inLanguage":"de","potentialAction":[{"@type":"ReadAction","target":["https:\/\/loftrunway.com\/de\/products\/women-asics-gel-cumulus-27-running-shoes-mineral-beigehuddle-yellow\/"]}]},{"@type":"ImageObject","inLanguage":"de","@id":"https:\/\/loftrunway.com\/de\/products\/women-asics-gel-cumulus-27-running-shoes-mineral-beigehuddle-yellow\/#primaryimage","url":"https:\/\/images.novelship.com\/product\/_women__asics_gel-cumulus_27_running_shoes_mineral_0_98126.jpeg","contentUrl":"https:\/\/images.novelship.com\/product\/_women__asics_gel-cumulus_27_running_shoes_mineral_0_98126.jpeg"},{"@type":"BreadcrumbList","@id":"https:\/\/loftrunway.com\/de\/products\/women-asics-gel-cumulus-27-running-shoes-mineral-beigehuddle-yellow\/#breadcrumb","itemListElement":[{"@type":"ListItem","position":1,"name":"Home","item":"https:\/\/loftrunway.com\/de\/"},{"@type":"ListItem","position":2,"name":"Shop","item":"https:\/\/loftrunway.com\/de\/shop\/"},{"@type":"ListItem","position":3,"name":"(Women) ASICS GEL-CUMULUS 27 Running Shoes Mineral Beige\/Huddle Yellow"}]},{"@type":"WebSite","@id":"https:\/\/loftrunway.com\/de\/#website","url":"https:\/\/loftrunway.com\/de\/","name":"Styloral Jewelry Shop","description":"Der Ort, an dem man alle Arten von Sneakern findet","publisher":{"@id":"https:\/\/loftrunway.com\/de\/#organization"},"potentialAction":[{"@type":"SearchAction","target":{"@type":"EntryPoint","urlTemplate":"https:\/\/loftrunway.com\/de\/?s={search_term_string}"},"query-input":{"@type":"PropertyValueSpecification","valueRequired":true,"valueName":"search_term_string"}}],"inLanguage":"de"},{"@type":"Organization","@id":"https:\/\/loftrunway.com\/de\/#organization","name":"STYLORAL PTE. LTD","url":"https:\/\/loftrunway.com\/de\/","logo":{"@type":"ImageObject","inLanguage":"de","@id":"https:\/\/loftrunway.com\/de\/#\/schema\/logo\/image\/","url":"https:\/\/www.loftrunway.com\/wp-content\/uploads\/2025\/12\/logo.png","contentUrl":"https:\/\/www.loftrunway.com\/wp-content\/uploads\/2025\/12\/logo.png","width":200,"height":65,"caption":"STYLORAL PTE. LTD"},"image":{"@id":"https:\/\/loftrunway.com\/de\/#\/schema\/logo\/image\/"}}]}},"_links":{"self":[{"href":"https:\/\/loftrunway.com\/de\/wp-json\/wp\/v2\/product\/29320","targetHints":{"allow":["GET"]}}],"collection":[{"href":"https:\/\/loftrunway.com\/de\/wp-json\/wp\/v2\/product"}],"about":[{"href":"https:\/\/loftrunway.com\/de\/wp-json\/wp\/v2\/types\/product"}],"replies":[{"embeddable":true,"href":"https:\/\/loftrunway.com\/de\/wp-json\/wp\/v2\/comments?post=29320"}],"wp:featuredmedia":[{"embeddable":true,"href":"https:\/\/loftrunway.com\/de\/wp-json\/wp\/v2\/media\/29321"}],"wp:attachment":[{"href":"https:\/\/loftrunway.com\/de\/wp-json\/wp\/v2\/media?parent=29320"}],"wp:term":[{"taxonomy":"product_brand","embeddable":true,"href":"https:\/\/loftrunway.com\/de\/wp-json\/wp\/v2\/product_brand?post=29320"},{"taxonomy":"product_cat","embeddable":true,"href":"https:\/\/loftrunway.com\/de\/wp-json\/wp\/v2\/product_cat?post=29320"},{"taxonomy":"product_tag","embeddable":true,"href":"https:\/\/loftrunway.com\/de\/wp-json\/wp\/v2\/product_tag?post=29320"}],"curies":[{"name":"wp","href":"https:\/\/api.w.org\/{rel}","templated":true}]}}