{"id":30049,"date":"2026-03-02T14:39:04","date_gmt":"2026-03-02T07:39:04","guid":{"rendered":"http:\/\/loftrunway.com\/product\/asics-matcontrol-3-wrestling-shoes-whitegunmetal"},"modified":"2026-04-02T14:31:19","modified_gmt":"2026-04-02T07:31:19","slug":"asics-matcontrol-3-wrestling-shoes-whitegunmetal","status":"publish","type":"product","link":"https:\/\/loftrunway.com\/de\/products\/asics-matcontrol-3-wrestling-shoes-whitegunmetal\/","title":{"rendered":"ASICS Matcontrol 3 Wrestling Shoes White\/Gunmetal"},"content":{"rendered":"<p>Verbessere dein Wrestling-Spiel mit den ASICS Matcontrol 3 Wrestling-Schuhen in Wei\u00df\/Gunmetal. Diese Schuhe wurden f\u00fcr optimalen Grip und maximale Agilit\u00e4t entwickelt und bieten so beste Performance auf der Matte. Dank ihres leichten Designs und atmungsaktiven Materialien bieten sie au\u00dfergew\u00f6hnlichen Komfort und Langlebigkeit. Mit sicherem Sitz und verbesserter Traktion beh\u00e4ltst du in jedem Kampf die Kontrolle. Dominiere deine Gegner mit Selbstvertrauen und Stil im neuen Matcontrol 3. Ideal f\u00fcr Athleten, die auf internationaler B\u00fchne sowohl Funktionalit\u00e4t als auch Style suchen.<\/p>\n<ul>\n<li><strong>Farbgebung:<\/strong> Wei\u00df\/Gunmetal<\/li>\n<li><strong>Artikelnummer:<\/strong> 1081A053-102<\/li>\n<li><strong>Obermaterial:<\/strong> Synthetik<\/li>\n<li><strong>Farbe:<\/strong> Wei\u00df<\/li>\n<\/ul>\n","protected":false},"excerpt":{"rendered":"<p>ASICS Matcontrol 3 \u201d\u201d White\/Gunmetal<\/p>\n","protected":false},"featured_media":30050,"comment_status":"open","ping_status":"closed","template":"","meta":[],"product_brand":[],"product_cat":[10792,41273],"product_tag":[10917],"class_list":{"0":"post-30049","1":"product","2":"type-product","3":"status-publish","4":"has-post-thumbnail","6":"product_cat-asics","7":"product_cat-remove","8":"product_tag-small-130-usd","9":"wcpa_has_options","11":"first","12":"instock","13":"taxable","14":"shipping-taxable","15":"purchasable","16":"product-type-simple"},"wcpa_form_fields":{"rules":{"pric_overide_base_price":false,"pric_overide_base_price_if_gt_zero":false,"pric_overide_base_price_fully":false,"pric_cal_option_once":false,"pric_use_as_fee":false,"bind_quantity":false,"quantity_bind_formula":false},"fields":[{"type":"color-group","required":true,"elementId":"wcpa-color-group-69a5ab08ee12d","label":"Gr\u00f6\u00dfe","inline":true,"priceOptions":"different_for_all","pricingType":"fixed","className":"hassizechart product-shoes-size-eu product-shoes-size","name":"color-group-69a5ab08ee136","disp_type":"square","selection_type":"tick-border","disp_size":"50","show_label_inside":true,"adjust_width":true,"cart_display_type":"text","other_text":"Other","cl_rule":"show","col":6,"values":[{"label":"36","value":"EU 36","price":"","pimage":"","pimage_id":"","pthumb":"","color":"","selected":true},{"label":"37","value":"EU 37","price":"","pimage":"","pimage_id":"","pthumb":"","color":""},{"label":"37.5","value":"EU 37.5","price":"","pimage":"","pimage_id":"","pthumb":"","color":""},{"label":"38","value":"EU 38","price":"","pimage":"","pimage_id":"","pthumb":"","color":""},{"label":"38.5","value":"EU 38.5","price":"","pimage":"","pimage_id":"","pthumb":"","color":""},{"label":"39","value":"EU 39","price":"","pimage":"","pimage_id":"","pthumb":"","color":""},{"label":"39.5","value":"EU 39.5","price":"","pimage":"","pimage_id":"","pthumb":"","color":""},{"label":"40","value":"EU 40","price":"","pimage":"","pimage_id":"","pthumb":"","color":""},{"label":"40.5","value":"EU 40.5","price":"","pimage":"","pimage_id":"","pthumb":"","color":""},{"label":" 41.5","value":"EU 41.5","price":"","pimage":"","pimage_id":"","pthumb":"","color":""},{"label":"42","value":"EU 42","price":"","pimage":"","pimage_id":"","pthumb":"","color":""},{"label":"42.5","value":"EU 42.5","price":"","pimage":"","pimage_id":"","pthumb":"","color":""},{"label":"43.5","value":"EU 43.5","price":"","pimage":"","pimage_id":"","pthumb":"","color":""},{"label":"44","value":"EU 44","price":"","pimage":"","pimage_id":"","pthumb":"","color":""},{"label":"44.5","value":"EU 44.5","price":"","pimage":"","pimage_id":"","pthumb":"","color":""},{"label":"45","value":"EU 45","price":"","pimage":"","pimage_id":"","pthumb":"","color":""}],"relations":[{"operator":false,"rules":[]}],"form_id":184311,"form_rules":{"pric_cal_option_once":false,"exclude_from_discount":false,"pric_use_as_fee":false,"fee_label":"Fee","render_after_acb":false,"disp_hide_options_price":false}}]},"yoast_head":"<!-- This site is optimized with the Yoast SEO plugin v26.5 - https:\/\/yoast.com\/wordpress\/plugins\/seo\/ -->\n<title>ASICS Matcontrol 3 Wrestling Shoes White\/Gunmetal  - Loftrunway<\/title>\n<meta name=\"robots\" content=\"index, follow, max-snippet:-1, max-image-preview:large, max-video-preview:-1\" \/>\n<link rel=\"canonical\" href=\"https:\/\/loftrunway.com\/de\/products\/asics-matcontrol-3-wrestling-shoes-whitegunmetal\/\" \/>\n<meta property=\"og:locale\" content=\"de_DE\" \/>\n<meta property=\"og:type\" content=\"article\" \/>\n<meta property=\"og:title\" content=\"ASICS Matcontrol 3 Wrestling Shoes White\/Gunmetal  - Loftrunway\" \/>\n<meta property=\"og:description\" content=\"ASICS Matcontrol 3 \u201d\u201d White\/Gunmetal\" \/>\n<meta property=\"og:url\" content=\"https:\/\/loftrunway.com\/de\/products\/asics-matcontrol-3-wrestling-shoes-whitegunmetal\/\" \/>\n<meta property=\"og:site_name\" content=\"loftRUN Sneaker Store\" \/>\n<meta property=\"article:modified_time\" content=\"2026-04-02T07:31:19+00:00\" \/>\n<meta name=\"twitter:card\" content=\"summary_large_image\" \/>\n<meta name=\"twitter:image\" content=\"https:\/\/images.novelship.com\/product\/asics_matcontrol_3_wrestling_shoes_white_gunmetal__0_3295.jpeg\" \/>\n<script type=\"application\/ld+json\" class=\"yoast-schema-graph\">{\"@context\":\"https:\/\/schema.org\",\"@graph\":[{\"@type\":\"WebPage\",\"@id\":\"https:\/\/loftrunway.com\/de\/products\/asics-matcontrol-3-wrestling-shoes-whitegunmetal\/\",\"url\":\"https:\/\/loftrunway.com\/de\/products\/asics-matcontrol-3-wrestling-shoes-whitegunmetal\/\",\"name\":\"ASICS Matcontrol 3 Wrestling Shoes White\/Gunmetal - Loftrunway\",\"isPartOf\":{\"@id\":\"https:\/\/loftrunway.com\/de\/#website\"},\"primaryImageOfPage\":{\"@id\":\"https:\/\/loftrunway.com\/de\/products\/asics-matcontrol-3-wrestling-shoes-whitegunmetal\/#primaryimage\"},\"image\":{\"@id\":\"https:\/\/loftrunway.com\/de\/products\/asics-matcontrol-3-wrestling-shoes-whitegunmetal\/#primaryimage\"},\"thumbnailUrl\":\"https:\/\/images.novelship.com\/product\/asics_matcontrol_3_wrestling_shoes_white_gunmetal__0_3295.jpeg\",\"datePublished\":\"2026-03-02T07:39:04+00:00\",\"dateModified\":\"2026-04-02T07:31:19+00:00\",\"breadcrumb\":{\"@id\":\"https:\/\/loftrunway.com\/de\/products\/asics-matcontrol-3-wrestling-shoes-whitegunmetal\/#breadcrumb\"},\"inLanguage\":\"de\",\"potentialAction\":[{\"@type\":\"ReadAction\",\"target\":[\"https:\/\/loftrunway.com\/de\/products\/asics-matcontrol-3-wrestling-shoes-whitegunmetal\/\"]}]},{\"@type\":\"ImageObject\",\"inLanguage\":\"de\",\"@id\":\"https:\/\/loftrunway.com\/de\/products\/asics-matcontrol-3-wrestling-shoes-whitegunmetal\/#primaryimage\",\"url\":\"https:\/\/images.novelship.com\/product\/asics_matcontrol_3_wrestling_shoes_white_gunmetal__0_3295.jpeg\",\"contentUrl\":\"https:\/\/images.novelship.com\/product\/asics_matcontrol_3_wrestling_shoes_white_gunmetal__0_3295.jpeg\"},{\"@type\":\"BreadcrumbList\",\"@id\":\"https:\/\/loftrunway.com\/de\/products\/asics-matcontrol-3-wrestling-shoes-whitegunmetal\/#breadcrumb\",\"itemListElement\":[{\"@type\":\"ListItem\",\"position\":1,\"name\":\"Home\",\"item\":\"https:\/\/loftrunway.com\/de\/\"},{\"@type\":\"ListItem\",\"position\":2,\"name\":\"Shop\",\"item\":\"https:\/\/loftrunway.com\/de\/shop\/\"},{\"@type\":\"ListItem\",\"position\":3,\"name\":\"ASICS Matcontrol 3 Wrestling Shoes White\/Gunmetal\"}]},{\"@type\":\"WebSite\",\"@id\":\"https:\/\/loftrunway.com\/de\/#website\",\"url\":\"https:\/\/loftrunway.com\/de\/\",\"name\":\"Styloral Jewelry Shop\",\"description\":\"Der Ort, an dem man alle Arten von Sneakern findet\",\"publisher\":{\"@id\":\"https:\/\/loftrunway.com\/de\/#organization\"},\"potentialAction\":[{\"@type\":\"SearchAction\",\"target\":{\"@type\":\"EntryPoint\",\"urlTemplate\":\"https:\/\/loftrunway.com\/de\/?s={search_term_string}\"},\"query-input\":{\"@type\":\"PropertyValueSpecification\",\"valueRequired\":true,\"valueName\":\"search_term_string\"}}],\"inLanguage\":\"de\"},{\"@type\":\"Organization\",\"@id\":\"https:\/\/loftrunway.com\/de\/#organization\",\"name\":\"STYLORAL PTE. LTD\",\"url\":\"https:\/\/loftrunway.com\/de\/\",\"logo\":{\"@type\":\"ImageObject\",\"inLanguage\":\"de\",\"@id\":\"https:\/\/loftrunway.com\/de\/#\/schema\/logo\/image\/\",\"url\":\"https:\/\/www.loftrunway.com\/wp-content\/uploads\/2025\/12\/logo.png\",\"contentUrl\":\"https:\/\/www.loftrunway.com\/wp-content\/uploads\/2025\/12\/logo.png\",\"width\":200,\"height\":65,\"caption\":\"STYLORAL PTE. LTD\"},\"image\":{\"@id\":\"https:\/\/loftrunway.com\/de\/#\/schema\/logo\/image\/\"}}]}<\/script>\n<!-- \/ Yoast SEO plugin. -->","yoast_head_json":{"title":"ASICS Matcontrol 3 Wrestling Shoes White\/Gunmetal  - Loftrunway","robots":{"index":"index","follow":"follow","max-snippet":"max-snippet:-1","max-image-preview":"max-image-preview:large","max-video-preview":"max-video-preview:-1"},"canonical":"https:\/\/loftrunway.com\/de\/products\/asics-matcontrol-3-wrestling-shoes-whitegunmetal\/","og_locale":"de_DE","og_type":"article","og_title":"ASICS Matcontrol 3 Wrestling Shoes White\/Gunmetal  - Loftrunway","og_description":"ASICS Matcontrol 3 \u201d\u201d White\/Gunmetal","og_url":"https:\/\/loftrunway.com\/de\/products\/asics-matcontrol-3-wrestling-shoes-whitegunmetal\/","og_site_name":"loftRUN Sneaker Store","article_modified_time":"2026-04-02T07:31:19+00:00","twitter_card":"summary_large_image","twitter_image":"https:\/\/images.novelship.com\/product\/asics_matcontrol_3_wrestling_shoes_white_gunmetal__0_3295.jpeg","schema":{"@context":"https:\/\/schema.org","@graph":[{"@type":"WebPage","@id":"https:\/\/loftrunway.com\/de\/products\/asics-matcontrol-3-wrestling-shoes-whitegunmetal\/","url":"https:\/\/loftrunway.com\/de\/products\/asics-matcontrol-3-wrestling-shoes-whitegunmetal\/","name":"ASICS Matcontrol 3 Wrestling Shoes White\/Gunmetal - Loftrunway","isPartOf":{"@id":"https:\/\/loftrunway.com\/de\/#website"},"primaryImageOfPage":{"@id":"https:\/\/loftrunway.com\/de\/products\/asics-matcontrol-3-wrestling-shoes-whitegunmetal\/#primaryimage"},"image":{"@id":"https:\/\/loftrunway.com\/de\/products\/asics-matcontrol-3-wrestling-shoes-whitegunmetal\/#primaryimage"},"thumbnailUrl":"https:\/\/images.novelship.com\/product\/asics_matcontrol_3_wrestling_shoes_white_gunmetal__0_3295.jpeg","datePublished":"2026-03-02T07:39:04+00:00","dateModified":"2026-04-02T07:31:19+00:00","breadcrumb":{"@id":"https:\/\/loftrunway.com\/de\/products\/asics-matcontrol-3-wrestling-shoes-whitegunmetal\/#breadcrumb"},"inLanguage":"de","potentialAction":[{"@type":"ReadAction","target":["https:\/\/loftrunway.com\/de\/products\/asics-matcontrol-3-wrestling-shoes-whitegunmetal\/"]}]},{"@type":"ImageObject","inLanguage":"de","@id":"https:\/\/loftrunway.com\/de\/products\/asics-matcontrol-3-wrestling-shoes-whitegunmetal\/#primaryimage","url":"https:\/\/images.novelship.com\/product\/asics_matcontrol_3_wrestling_shoes_white_gunmetal__0_3295.jpeg","contentUrl":"https:\/\/images.novelship.com\/product\/asics_matcontrol_3_wrestling_shoes_white_gunmetal__0_3295.jpeg"},{"@type":"BreadcrumbList","@id":"https:\/\/loftrunway.com\/de\/products\/asics-matcontrol-3-wrestling-shoes-whitegunmetal\/#breadcrumb","itemListElement":[{"@type":"ListItem","position":1,"name":"Home","item":"https:\/\/loftrunway.com\/de\/"},{"@type":"ListItem","position":2,"name":"Shop","item":"https:\/\/loftrunway.com\/de\/shop\/"},{"@type":"ListItem","position":3,"name":"ASICS Matcontrol 3 Wrestling Shoes White\/Gunmetal"}]},{"@type":"WebSite","@id":"https:\/\/loftrunway.com\/de\/#website","url":"https:\/\/loftrunway.com\/de\/","name":"Styloral Jewelry Shop","description":"Der Ort, an dem man alle Arten von Sneakern findet","publisher":{"@id":"https:\/\/loftrunway.com\/de\/#organization"},"potentialAction":[{"@type":"SearchAction","target":{"@type":"EntryPoint","urlTemplate":"https:\/\/loftrunway.com\/de\/?s={search_term_string}"},"query-input":{"@type":"PropertyValueSpecification","valueRequired":true,"valueName":"search_term_string"}}],"inLanguage":"de"},{"@type":"Organization","@id":"https:\/\/loftrunway.com\/de\/#organization","name":"STYLORAL PTE. LTD","url":"https:\/\/loftrunway.com\/de\/","logo":{"@type":"ImageObject","inLanguage":"de","@id":"https:\/\/loftrunway.com\/de\/#\/schema\/logo\/image\/","url":"https:\/\/www.loftrunway.com\/wp-content\/uploads\/2025\/12\/logo.png","contentUrl":"https:\/\/www.loftrunway.com\/wp-content\/uploads\/2025\/12\/logo.png","width":200,"height":65,"caption":"STYLORAL PTE. LTD"},"image":{"@id":"https:\/\/loftrunway.com\/de\/#\/schema\/logo\/image\/"}}]}},"_links":{"self":[{"href":"https:\/\/loftrunway.com\/de\/wp-json\/wp\/v2\/product\/30049","targetHints":{"allow":["GET"]}}],"collection":[{"href":"https:\/\/loftrunway.com\/de\/wp-json\/wp\/v2\/product"}],"about":[{"href":"https:\/\/loftrunway.com\/de\/wp-json\/wp\/v2\/types\/product"}],"replies":[{"embeddable":true,"href":"https:\/\/loftrunway.com\/de\/wp-json\/wp\/v2\/comments?post=30049"}],"wp:featuredmedia":[{"embeddable":true,"href":"https:\/\/loftrunway.com\/de\/wp-json\/wp\/v2\/media\/30050"}],"wp:attachment":[{"href":"https:\/\/loftrunway.com\/de\/wp-json\/wp\/v2\/media?parent=30049"}],"wp:term":[{"taxonomy":"product_brand","embeddable":true,"href":"https:\/\/loftrunway.com\/de\/wp-json\/wp\/v2\/product_brand?post=30049"},{"taxonomy":"product_cat","embeddable":true,"href":"https:\/\/loftrunway.com\/de\/wp-json\/wp\/v2\/product_cat?post=30049"},{"taxonomy":"product_tag","embeddable":true,"href":"https:\/\/loftrunway.com\/de\/wp-json\/wp\/v2\/product_tag?post=30049"}],"curies":[{"name":"wp","href":"https:\/\/api.w.org\/{rel}","templated":true}]}}