{"id":31168,"date":"2026-03-02T14:40:36","date_gmt":"2026-03-02T07:40:36","guid":{"rendered":"http:\/\/loftrunway.com\/product\/women-ugg-neumel-platform-chelsea-grey"},"modified":"2026-03-02T14:40:36","modified_gmt":"2026-03-02T07:40:36","slug":"women-ugg-neumel-platform-chelsea-grey","status":"publish","type":"product","link":"https:\/\/loftrunway.com\/de\/products\/women-ugg-neumel-platform-chelsea-grey\/","title":{"rendered":"(Women) UGG Neumel Platform Chelsea &#8218;Grey&#8216;"},"content":{"rendered":"<p>Erleben Sie unvergleichlichen Komfort und Stil mit dem UGG Neumel Platform Chelsea in Grau \u201d\u201c die perfekte Erg\u00e4nzung f\u00fcr Ihre Alltagsgarderobe. Der vielseitige Stiefelette aus hochwertigem Veloursleder mit eleganter Plateausohle vereint Mode und Funktion auf elegante Weise. Die leichte EVA-Au\u00dfensohle sorgt f\u00fcr optimale Bodenhaftung, w\u00e4hrend das weiche UGGplush\u00e2\u201e\u00a2-Wollfutter f\u00fcr ultimative W\u00e4rme und Gem\u00fctlichkeit sorgt. Dank des schlichten Schlupfdesigns und der elastischen Eins\u00e4tze bietet er den ganzen Tag \u00fcber perfekten Tragekomfort. Ob l\u00e4ssig oder elegant \u201d\u201c der UGG Neumel Platform Chelsea ist die ideale Wahl f\u00fcr Frauen, die einen modernen und gleichzeitig zeitlosen Look suchen.<\/p>\n<p>Style Code: 1134526-GREY<\/p>\n<p>Color: Braun<\/p>\n","protected":false},"excerpt":{"rendered":"<p>(W) UGG Neumel Platform Chelsea &#8218;Grey&#8216;<\/p>\n","protected":false},"featured_media":31169,"comment_status":"open","ping_status":"closed","template":"","meta":[],"product_brand":[],"product_cat":[11247],"product_tag":[12726,11245,10754,12727,11246,10758],"class_list":{"0":"post-31168","1":"product","2":"type-product","3":"status-publish","4":"has-post-thumbnail","6":"product_cat-ugg-women","7":"product_tag-chelsea-boots","8":"product_tag-lifestyle-boots","9":"product_tag-lifestyle-casual-shoes","10":"product_tag-platform-boots","11":"product_tag-ugg","12":"product_tag-under-retail","13":"wcpa_has_options","15":"first","16":"instock","17":"sale","18":"taxable","19":"shipping-taxable","20":"purchasable","21":"product-type-simple"},"wcpa_form_fields":{"rules":{"pric_overide_base_price":false,"pric_overide_base_price_if_gt_zero":false,"pric_overide_base_price_fully":false,"pric_cal_option_once":false,"pric_use_as_fee":false,"bind_quantity":false,"quantity_bind_formula":false},"fields":[{"type":"color-group","required":true,"elementId":"wcpa-color-group-69a5ae7a28b88","label":"Gr\u00f6\u00dfe","inline":true,"priceOptions":"different_for_all","pricingType":"fixed","className":"hassizechart product-shoes-size-eu product-shoes-size","name":"color-group-69a5ae7a28b91","disp_type":"square","selection_type":"tick-border","disp_size":"50","show_label_inside":true,"adjust_width":true,"cart_display_type":"text","other_text":"Other","cl_rule":"show","col":6,"values":[{"label":"34.5","value":"EU 34.5","price":"","pimage":"","pimage_id":"","pthumb":"","color":""},{"label":"35","value":"EU 35","price":"","pimage":"","pimage_id":"","pthumb":"","color":""},{"label":"35.5","value":"EU 35.5","price":"","pimage":"","pimage_id":"","pthumb":"","color":""},{"label":"36","value":"EU 36","price":"","pimage":"","pimage_id":"","pthumb":"","color":"","selected":true},{"label":"37","value":"EU 37","price":"","pimage":"","pimage_id":"","pthumb":"","color":""},{"label":"37.5","value":"EU 37.5","price":"","pimage":"","pimage_id":"","pthumb":"","color":""},{"label":"38","value":"EU 38","price":"","pimage":"","pimage_id":"","pthumb":"","color":""},{"label":"38.5","value":"EU 38.5","price":"","pimage":"","pimage_id":"","pthumb":"","color":""},{"label":"39","value":"EU 39","price":"","pimage":"","pimage_id":"","pthumb":"","color":""},{"label":"39.5","value":"EU 39.5","price":"","pimage":"","pimage_id":"","pthumb":"","color":""},{"label":"40","value":"EU 40","price":"","pimage":"","pimage_id":"","pthumb":"","color":""},{"label":"40.5","value":"EU 40.5","price":"","pimage":"","pimage_id":"","pthumb":"","color":""},{"label":" 41.5","value":"EU 41.5","price":"","pimage":"","pimage_id":"","pthumb":"","color":""},{"label":"42","value":"EU 42","price":"","pimage":"","pimage_id":"","pthumb":"","color":""},{"label":"42.5","value":"EU 42.5","price":"","pimage":"","pimage_id":"","pthumb":"","color":""},{"label":"43","value":"EU 43","price":"","pimage":"","pimage_id":"","pthumb":"","color":""},{"label":"44","value":"EU 44","price":"","pimage":"","pimage_id":"","pthumb":"","color":""},{"label":"45","value":"EU 45","price":"","pimage":"","pimage_id":"","pthumb":"","color":""},{"label":"48","value":"EU 48","price":"","pimage":"","pimage_id":"","pthumb":"","color":""}],"relations":[{"operator":false,"rules":[]}],"form_id":184315,"form_rules":{"pric_cal_option_once":false,"exclude_from_discount":false,"pric_use_as_fee":false,"fee_label":"Fee","render_after_acb":false,"disp_hide_options_price":false}}]},"yoast_head":"<!-- This site is optimized with the Yoast SEO plugin v26.5 - https:\/\/yoast.com\/wordpress\/plugins\/seo\/ -->\n<title>(Women) UGG Neumel Platform Chelsea &#039;Grey&#039;  - Loftrunway<\/title>\n<meta name=\"robots\" content=\"index, follow, max-snippet:-1, max-image-preview:large, max-video-preview:-1\" \/>\n<link rel=\"canonical\" href=\"https:\/\/loftrunway.com\/de\/products\/women-ugg-neumel-platform-chelsea-grey\/\" \/>\n<meta property=\"og:locale\" content=\"de_DE\" \/>\n<meta property=\"og:type\" content=\"article\" \/>\n<meta property=\"og:title\" content=\"(Women) UGG Neumel Platform Chelsea &#039;Grey&#039;  - Loftrunway\" \/>\n<meta property=\"og:description\" content=\"(W) UGG Neumel Platform Chelsea &#039;Grey&#039;\" \/>\n<meta property=\"og:url\" content=\"https:\/\/loftrunway.com\/de\/products\/women-ugg-neumel-platform-chelsea-grey\/\" \/>\n<meta property=\"og:site_name\" content=\"loftRUN Sneaker Store\" \/>\n<meta name=\"twitter:card\" content=\"summary_large_image\" \/>\n<meta name=\"twitter:image\" content=\"https:\/\/images.novelship.com\/product\/_women__ugg_neumel_platform_chelsea__grey__1134526_0_9799.webp\" \/>\n<meta name=\"twitter:label1\" content=\"Gesch\u00e4tzte Lesezeit\" \/>\n\t<meta name=\"twitter:data1\" content=\"1\u00a0Minute\" \/>\n<script type=\"application\/ld+json\" class=\"yoast-schema-graph\">{\"@context\":\"https:\/\/schema.org\",\"@graph\":[{\"@type\":\"WebPage\",\"@id\":\"https:\/\/loftrunway.com\/de\/products\/women-ugg-neumel-platform-chelsea-grey\/\",\"url\":\"https:\/\/loftrunway.com\/de\/products\/women-ugg-neumel-platform-chelsea-grey\/\",\"name\":\"(Women) UGG Neumel Platform Chelsea 'Grey' - Loftrunway\",\"isPartOf\":{\"@id\":\"https:\/\/loftrunway.com\/de\/#website\"},\"primaryImageOfPage\":{\"@id\":\"https:\/\/loftrunway.com\/de\/products\/women-ugg-neumel-platform-chelsea-grey\/#primaryimage\"},\"image\":{\"@id\":\"https:\/\/loftrunway.com\/de\/products\/women-ugg-neumel-platform-chelsea-grey\/#primaryimage\"},\"thumbnailUrl\":\"https:\/\/images.novelship.com\/product\/_women__ugg_neumel_platform_chelsea__grey__1134526_0_9799.webp\",\"datePublished\":\"2026-03-02T07:40:36+00:00\",\"breadcrumb\":{\"@id\":\"https:\/\/loftrunway.com\/de\/products\/women-ugg-neumel-platform-chelsea-grey\/#breadcrumb\"},\"inLanguage\":\"de\",\"potentialAction\":[{\"@type\":\"ReadAction\",\"target\":[\"https:\/\/loftrunway.com\/de\/products\/women-ugg-neumel-platform-chelsea-grey\/\"]}]},{\"@type\":\"ImageObject\",\"inLanguage\":\"de\",\"@id\":\"https:\/\/loftrunway.com\/de\/products\/women-ugg-neumel-platform-chelsea-grey\/#primaryimage\",\"url\":\"https:\/\/images.novelship.com\/product\/_women__ugg_neumel_platform_chelsea__grey__1134526_0_9799.webp\",\"contentUrl\":\"https:\/\/images.novelship.com\/product\/_women__ugg_neumel_platform_chelsea__grey__1134526_0_9799.webp\"},{\"@type\":\"BreadcrumbList\",\"@id\":\"https:\/\/loftrunway.com\/de\/products\/women-ugg-neumel-platform-chelsea-grey\/#breadcrumb\",\"itemListElement\":[{\"@type\":\"ListItem\",\"position\":1,\"name\":\"Home\",\"item\":\"https:\/\/loftrunway.com\/de\/\"},{\"@type\":\"ListItem\",\"position\":2,\"name\":\"Shop\",\"item\":\"https:\/\/loftrunway.com\/de\/shop\/\"},{\"@type\":\"ListItem\",\"position\":3,\"name\":\"(Women) UGG Neumel Platform Chelsea &#8218;Grey&#8216;\"}]},{\"@type\":\"WebSite\",\"@id\":\"https:\/\/loftrunway.com\/de\/#website\",\"url\":\"https:\/\/loftrunway.com\/de\/\",\"name\":\"Styloral Jewelry Shop\",\"description\":\"Der Ort, an dem man alle Arten von Sneakern findet\",\"publisher\":{\"@id\":\"https:\/\/loftrunway.com\/de\/#organization\"},\"potentialAction\":[{\"@type\":\"SearchAction\",\"target\":{\"@type\":\"EntryPoint\",\"urlTemplate\":\"https:\/\/loftrunway.com\/de\/?s={search_term_string}\"},\"query-input\":{\"@type\":\"PropertyValueSpecification\",\"valueRequired\":true,\"valueName\":\"search_term_string\"}}],\"inLanguage\":\"de\"},{\"@type\":\"Organization\",\"@id\":\"https:\/\/loftrunway.com\/de\/#organization\",\"name\":\"STYLORAL PTE. LTD\",\"url\":\"https:\/\/loftrunway.com\/de\/\",\"logo\":{\"@type\":\"ImageObject\",\"inLanguage\":\"de\",\"@id\":\"https:\/\/loftrunway.com\/de\/#\/schema\/logo\/image\/\",\"url\":\"https:\/\/www.loftrunway.com\/wp-content\/uploads\/2025\/12\/logo.png\",\"contentUrl\":\"https:\/\/www.loftrunway.com\/wp-content\/uploads\/2025\/12\/logo.png\",\"width\":200,\"height\":65,\"caption\":\"STYLORAL PTE. LTD\"},\"image\":{\"@id\":\"https:\/\/loftrunway.com\/de\/#\/schema\/logo\/image\/\"}}]}<\/script>\n<!-- \/ Yoast SEO plugin. -->","yoast_head_json":{"title":"(Women) UGG Neumel Platform Chelsea 'Grey'  - Loftrunway","robots":{"index":"index","follow":"follow","max-snippet":"max-snippet:-1","max-image-preview":"max-image-preview:large","max-video-preview":"max-video-preview:-1"},"canonical":"https:\/\/loftrunway.com\/de\/products\/women-ugg-neumel-platform-chelsea-grey\/","og_locale":"de_DE","og_type":"article","og_title":"(Women) UGG Neumel Platform Chelsea 'Grey'  - Loftrunway","og_description":"(W) UGG Neumel Platform Chelsea 'Grey'","og_url":"https:\/\/loftrunway.com\/de\/products\/women-ugg-neumel-platform-chelsea-grey\/","og_site_name":"loftRUN Sneaker Store","twitter_card":"summary_large_image","twitter_image":"https:\/\/images.novelship.com\/product\/_women__ugg_neumel_platform_chelsea__grey__1134526_0_9799.webp","twitter_misc":{"Gesch\u00e4tzte Lesezeit":"1\u00a0Minute"},"schema":{"@context":"https:\/\/schema.org","@graph":[{"@type":"WebPage","@id":"https:\/\/loftrunway.com\/de\/products\/women-ugg-neumel-platform-chelsea-grey\/","url":"https:\/\/loftrunway.com\/de\/products\/women-ugg-neumel-platform-chelsea-grey\/","name":"(Women) UGG Neumel Platform Chelsea 'Grey' - Loftrunway","isPartOf":{"@id":"https:\/\/loftrunway.com\/de\/#website"},"primaryImageOfPage":{"@id":"https:\/\/loftrunway.com\/de\/products\/women-ugg-neumel-platform-chelsea-grey\/#primaryimage"},"image":{"@id":"https:\/\/loftrunway.com\/de\/products\/women-ugg-neumel-platform-chelsea-grey\/#primaryimage"},"thumbnailUrl":"https:\/\/images.novelship.com\/product\/_women__ugg_neumel_platform_chelsea__grey__1134526_0_9799.webp","datePublished":"2026-03-02T07:40:36+00:00","breadcrumb":{"@id":"https:\/\/loftrunway.com\/de\/products\/women-ugg-neumel-platform-chelsea-grey\/#breadcrumb"},"inLanguage":"de","potentialAction":[{"@type":"ReadAction","target":["https:\/\/loftrunway.com\/de\/products\/women-ugg-neumel-platform-chelsea-grey\/"]}]},{"@type":"ImageObject","inLanguage":"de","@id":"https:\/\/loftrunway.com\/de\/products\/women-ugg-neumel-platform-chelsea-grey\/#primaryimage","url":"https:\/\/images.novelship.com\/product\/_women__ugg_neumel_platform_chelsea__grey__1134526_0_9799.webp","contentUrl":"https:\/\/images.novelship.com\/product\/_women__ugg_neumel_platform_chelsea__grey__1134526_0_9799.webp"},{"@type":"BreadcrumbList","@id":"https:\/\/loftrunway.com\/de\/products\/women-ugg-neumel-platform-chelsea-grey\/#breadcrumb","itemListElement":[{"@type":"ListItem","position":1,"name":"Home","item":"https:\/\/loftrunway.com\/de\/"},{"@type":"ListItem","position":2,"name":"Shop","item":"https:\/\/loftrunway.com\/de\/shop\/"},{"@type":"ListItem","position":3,"name":"(Women) UGG Neumel Platform Chelsea &#8218;Grey&#8216;"}]},{"@type":"WebSite","@id":"https:\/\/loftrunway.com\/de\/#website","url":"https:\/\/loftrunway.com\/de\/","name":"Styloral Jewelry Shop","description":"Der Ort, an dem man alle Arten von Sneakern findet","publisher":{"@id":"https:\/\/loftrunway.com\/de\/#organization"},"potentialAction":[{"@type":"SearchAction","target":{"@type":"EntryPoint","urlTemplate":"https:\/\/loftrunway.com\/de\/?s={search_term_string}"},"query-input":{"@type":"PropertyValueSpecification","valueRequired":true,"valueName":"search_term_string"}}],"inLanguage":"de"},{"@type":"Organization","@id":"https:\/\/loftrunway.com\/de\/#organization","name":"STYLORAL PTE. LTD","url":"https:\/\/loftrunway.com\/de\/","logo":{"@type":"ImageObject","inLanguage":"de","@id":"https:\/\/loftrunway.com\/de\/#\/schema\/logo\/image\/","url":"https:\/\/www.loftrunway.com\/wp-content\/uploads\/2025\/12\/logo.png","contentUrl":"https:\/\/www.loftrunway.com\/wp-content\/uploads\/2025\/12\/logo.png","width":200,"height":65,"caption":"STYLORAL PTE. LTD"},"image":{"@id":"https:\/\/loftrunway.com\/de\/#\/schema\/logo\/image\/"}}]}},"_links":{"self":[{"href":"https:\/\/loftrunway.com\/de\/wp-json\/wp\/v2\/product\/31168","targetHints":{"allow":["GET"]}}],"collection":[{"href":"https:\/\/loftrunway.com\/de\/wp-json\/wp\/v2\/product"}],"about":[{"href":"https:\/\/loftrunway.com\/de\/wp-json\/wp\/v2\/types\/product"}],"replies":[{"embeddable":true,"href":"https:\/\/loftrunway.com\/de\/wp-json\/wp\/v2\/comments?post=31168"}],"wp:featuredmedia":[{"embeddable":true,"href":"https:\/\/loftrunway.com\/de\/wp-json\/wp\/v2\/media\/31169"}],"wp:attachment":[{"href":"https:\/\/loftrunway.com\/de\/wp-json\/wp\/v2\/media?parent=31168"}],"wp:term":[{"taxonomy":"product_brand","embeddable":true,"href":"https:\/\/loftrunway.com\/de\/wp-json\/wp\/v2\/product_brand?post=31168"},{"taxonomy":"product_cat","embeddable":true,"href":"https:\/\/loftrunway.com\/de\/wp-json\/wp\/v2\/product_cat?post=31168"},{"taxonomy":"product_tag","embeddable":true,"href":"https:\/\/loftrunway.com\/de\/wp-json\/wp\/v2\/product_tag?post=31168"}],"curies":[{"name":"wp","href":"https:\/\/api.w.org\/{rel}","templated":true}]}}