{"id":32911,"date":"2026-03-02T14:43:01","date_gmt":"2026-03-02T07:43:01","guid":{"rendered":"http:\/\/loftrunway.com\/product\/hoka-tor-ultra-low-gore-tex-simply-taupe"},"modified":"2026-04-02T14:32:43","modified_gmt":"2026-04-02T07:32:43","slug":"hoka-tor-ultra-low-gore-tex-simply-taupe","status":"publish","type":"product","link":"https:\/\/loftrunway.com\/de\/products\/hoka-tor-ultra-low-gore-tex-simply-taupe\/","title":{"rendered":"HOKA Tor Ultra Low GORE-TEX &#8218;Simply Taupe&#8216;"},"content":{"rendered":"<p>Erlebe deine Trail-Abenteuer auf einem neuen Level mit dem HOKA Tor Ultra Low GORE-TEX &#8218;Simply Taupe&#8216;. Diese leichten und agilen Schuhe verf\u00fcgen \u00fcber eine wasserdichte und atmungsaktive GORE-TEX-Membran, die deine F\u00fc\u00dfe auch unter anspruchsvollen Bedingungen trocken h\u00e4lt. Die Vibram\u00c2\u00ae Megagrip-Au\u00dfensohle bietet hervorragende Traktion, w\u00e4hrend die komfortable CMEVA-Zwischensohle jeden Schritt d\u00e4mpft. Dank ihres eleganten und stylischen Designs passen diese Schuhe perfekt vom Trail in die Stadt. Erleben Sie unvergleichlichen Komfort, Schutz und Leistung mit dem HOKA Tor Ultra Low GORE-TEX &#8218;Simply Taupe&#8216;.<\/p>\n<ul>\n<li><strong>Farbgebung:<\/strong> Simply Taupe\/Bimsstein<\/li>\n<li><strong>Artikelnummer:<\/strong> 1130310-STPST<\/li>\n<li><strong>Obermaterial:<\/strong> GORE-TEX<\/li>\n<li><strong>Farbe:<\/strong> Beige<\/li>\n<li><strong>Erscheinungsjahr:<\/strong> 2022<\/li>\n<\/ul>\n","protected":false},"excerpt":{"rendered":"<p>HOKA Tor Ultra Low GORE-TEX \u201d\u201d Simply Taupe\/Pumice Stone<\/p>\n","protected":false},"featured_media":32912,"comment_status":"open","ping_status":"closed","template":"","meta":[],"product_brand":[],"product_cat":[11495,41273],"product_tag":[10753,11114,11494,11774,10802,11116],"class_list":{"0":"post-32911","1":"product","2":"type-product","3":"status-publish","4":"has-post-thumbnail","6":"product_cat-hoka","7":"product_cat-remove","8":"product_tag-gift-for-him","9":"product_tag-hiking-shoes","10":"product_tag-hoka","11":"product_tag-lightweight-hiking-shoes","12":"product_tag-performance-sport-shoes","13":"product_tag-waterproof-hiking-shoes","14":"wcpa_has_options","16":"first","17":"instock","18":"taxable","19":"shipping-taxable","20":"purchasable","21":"product-type-simple"},"wcpa_form_fields":{"rules":{"pric_overide_base_price":false,"pric_overide_base_price_if_gt_zero":false,"pric_overide_base_price_fully":false,"pric_cal_option_once":false,"pric_use_as_fee":false,"bind_quantity":false,"quantity_bind_formula":false},"fields":[{"type":"color-group","required":true,"elementId":"wcpa-color-group-69a5afd8a7cca","label":"Gr\u00f6\u00dfe","inline":true,"priceOptions":"different_for_all","pricingType":"fixed","className":"hassizechart product-shoes-size-eu product-shoes-size","name":"color-group-69a5afd8a7cd3","disp_type":"square","selection_type":"tick-border","disp_size":"50","show_label_inside":true,"adjust_width":true,"cart_display_type":"text","other_text":"Other","cl_rule":"show","col":6,"values":[{"label":"35 1\/3","value":"EU 35 1\/3","price":"","pimage":"","pimage_id":"","pthumb":"","color":""},{"label":"36","value":"EU 36","price":"","pimage":"","pimage_id":"","pthumb":"","color":""},{"label":"36 2\/3","value":"EU 36 2\/3","price":"","pimage":"","pimage_id":"","pthumb":"","color":""},{"label":"37 1\/3","value":"EU 37 1\/3","price":"","pimage":"","pimage_id":"","pthumb":"","color":"","selected":true},{"label":"38","value":"EU 38","price":"","pimage":"","pimage_id":"","pthumb":"","color":""},{"label":"38 2\/3","value":"EU 38 2\/3","price":"","pimage":"","pimage_id":"","pthumb":"","color":""},{"label":"39 1\/3","value":"EU 39 1\/3","price":"","pimage":"","pimage_id":"","pthumb":"","color":""},{"label":"39.5","value":"EU 39.5","price":"","pimage":"","pimage_id":"","pthumb":"","color":""},{"label":"40","value":"EU 40","price":"","pimage":"","pimage_id":"","pthumb":"","color":""},{"label":"40 2\/3","value":"EU 40  2\/3","price":"","pimage":"","pimage_id":"","pthumb":"","color":""},{"label":" 41 1\/3","value":"EU 41.5","price":"","pimage":"","pimage_id":"","pthumb":"","color":""},{"label":"42","value":"EU 42","price":"","pimage":"","pimage_id":"","pthumb":"","color":""},{"label":"42 2\/3","value":"EU 42 2\/3","price":"","pimage":"","pimage_id":"","pthumb":"","color":""},{"label":"43 1\/3","value":"EU 43 1\/3","price":"","pimage":"","pimage_id":"","pthumb":"","color":""},{"label":"44","value":"EU 44","price":"","pimage":"","pimage_id":"","pthumb":"","color":""},{"label":"44 2\/3","value":"EU 44 2\/3","price":"","pimage":"","pimage_id":"","pthumb":"","color":""},{"label":"45 1\/3","value":"EU 45 1\/3","price":"","pimage":"","pimage_id":"","pthumb":"","color":""}],"relations":[{"operator":false,"rules":[]}],"form_id":184317,"form_rules":{"pric_cal_option_once":false,"exclude_from_discount":false,"pric_use_as_fee":false,"fee_label":"Fee","render_after_acb":false,"disp_hide_options_price":false}}]},"yoast_head":"<!-- This site is optimized with the Yoast SEO plugin v26.5 - https:\/\/yoast.com\/wordpress\/plugins\/seo\/ -->\n<title>HOKA Tor Ultra Low GORE-TEX &#039;Simply Taupe&#039;  - Loftrunway<\/title>\n<meta name=\"robots\" content=\"index, follow, max-snippet:-1, max-image-preview:large, max-video-preview:-1\" \/>\n<link rel=\"canonical\" href=\"https:\/\/loftrunway.com\/de\/products\/hoka-tor-ultra-low-gore-tex-simply-taupe\/\" \/>\n<meta property=\"og:locale\" content=\"de_DE\" \/>\n<meta property=\"og:type\" content=\"article\" \/>\n<meta property=\"og:title\" content=\"HOKA Tor Ultra Low GORE-TEX &#039;Simply Taupe&#039;  - Loftrunway\" \/>\n<meta property=\"og:description\" content=\"HOKA Tor Ultra Low GORE-TEX \u201d\u201d Simply Taupe\/Pumice Stone\" \/>\n<meta property=\"og:url\" content=\"https:\/\/loftrunway.com\/de\/products\/hoka-tor-ultra-low-gore-tex-simply-taupe\/\" \/>\n<meta property=\"og:site_name\" content=\"loftRUN Sneaker Store\" \/>\n<meta property=\"article:modified_time\" content=\"2026-04-02T07:32:43+00:00\" \/>\n<meta name=\"twitter:card\" content=\"summary_large_image\" \/>\n<meta name=\"twitter:image\" content=\"https:\/\/images.novelship.com\/product\/hoka_tor_ultra_low_gore_tex__simply_taupe__1130310_0_58032.jpeg\" \/>\n<script type=\"application\/ld+json\" class=\"yoast-schema-graph\">{\"@context\":\"https:\/\/schema.org\",\"@graph\":[{\"@type\":\"WebPage\",\"@id\":\"https:\/\/loftrunway.com\/de\/products\/hoka-tor-ultra-low-gore-tex-simply-taupe\/\",\"url\":\"https:\/\/loftrunway.com\/de\/products\/hoka-tor-ultra-low-gore-tex-simply-taupe\/\",\"name\":\"HOKA Tor Ultra Low GORE-TEX 'Simply Taupe' - Loftrunway\",\"isPartOf\":{\"@id\":\"https:\/\/loftrunway.com\/de\/#website\"},\"primaryImageOfPage\":{\"@id\":\"https:\/\/loftrunway.com\/de\/products\/hoka-tor-ultra-low-gore-tex-simply-taupe\/#primaryimage\"},\"image\":{\"@id\":\"https:\/\/loftrunway.com\/de\/products\/hoka-tor-ultra-low-gore-tex-simply-taupe\/#primaryimage\"},\"thumbnailUrl\":\"https:\/\/images.novelship.com\/product\/hoka_tor_ultra_low_gore_tex__simply_taupe__1130310_0_58032.jpeg\",\"datePublished\":\"2026-03-02T07:43:01+00:00\",\"dateModified\":\"2026-04-02T07:32:43+00:00\",\"breadcrumb\":{\"@id\":\"https:\/\/loftrunway.com\/de\/products\/hoka-tor-ultra-low-gore-tex-simply-taupe\/#breadcrumb\"},\"inLanguage\":\"de\",\"potentialAction\":[{\"@type\":\"ReadAction\",\"target\":[\"https:\/\/loftrunway.com\/de\/products\/hoka-tor-ultra-low-gore-tex-simply-taupe\/\"]}]},{\"@type\":\"ImageObject\",\"inLanguage\":\"de\",\"@id\":\"https:\/\/loftrunway.com\/de\/products\/hoka-tor-ultra-low-gore-tex-simply-taupe\/#primaryimage\",\"url\":\"https:\/\/images.novelship.com\/product\/hoka_tor_ultra_low_gore_tex__simply_taupe__1130310_0_58032.jpeg\",\"contentUrl\":\"https:\/\/images.novelship.com\/product\/hoka_tor_ultra_low_gore_tex__simply_taupe__1130310_0_58032.jpeg\"},{\"@type\":\"BreadcrumbList\",\"@id\":\"https:\/\/loftrunway.com\/de\/products\/hoka-tor-ultra-low-gore-tex-simply-taupe\/#breadcrumb\",\"itemListElement\":[{\"@type\":\"ListItem\",\"position\":1,\"name\":\"Home\",\"item\":\"https:\/\/loftrunway.com\/de\/\"},{\"@type\":\"ListItem\",\"position\":2,\"name\":\"Shop\",\"item\":\"https:\/\/loftrunway.com\/de\/shop\/\"},{\"@type\":\"ListItem\",\"position\":3,\"name\":\"HOKA Tor Ultra Low GORE-TEX &#8218;Simply Taupe&#8216;\"}]},{\"@type\":\"WebSite\",\"@id\":\"https:\/\/loftrunway.com\/de\/#website\",\"url\":\"https:\/\/loftrunway.com\/de\/\",\"name\":\"Styloral Jewelry Shop\",\"description\":\"Der Ort, an dem man alle Arten von Sneakern findet\",\"publisher\":{\"@id\":\"https:\/\/loftrunway.com\/de\/#organization\"},\"potentialAction\":[{\"@type\":\"SearchAction\",\"target\":{\"@type\":\"EntryPoint\",\"urlTemplate\":\"https:\/\/loftrunway.com\/de\/?s={search_term_string}\"},\"query-input\":{\"@type\":\"PropertyValueSpecification\",\"valueRequired\":true,\"valueName\":\"search_term_string\"}}],\"inLanguage\":\"de\"},{\"@type\":\"Organization\",\"@id\":\"https:\/\/loftrunway.com\/de\/#organization\",\"name\":\"STYLORAL PTE. LTD\",\"url\":\"https:\/\/loftrunway.com\/de\/\",\"logo\":{\"@type\":\"ImageObject\",\"inLanguage\":\"de\",\"@id\":\"https:\/\/loftrunway.com\/de\/#\/schema\/logo\/image\/\",\"url\":\"https:\/\/www.loftrunway.com\/wp-content\/uploads\/2025\/12\/logo.png\",\"contentUrl\":\"https:\/\/www.loftrunway.com\/wp-content\/uploads\/2025\/12\/logo.png\",\"width\":200,\"height\":65,\"caption\":\"STYLORAL PTE. LTD\"},\"image\":{\"@id\":\"https:\/\/loftrunway.com\/de\/#\/schema\/logo\/image\/\"}}]}<\/script>\n<!-- \/ Yoast SEO plugin. -->","yoast_head_json":{"title":"HOKA Tor Ultra Low GORE-TEX 'Simply Taupe'  - Loftrunway","robots":{"index":"index","follow":"follow","max-snippet":"max-snippet:-1","max-image-preview":"max-image-preview:large","max-video-preview":"max-video-preview:-1"},"canonical":"https:\/\/loftrunway.com\/de\/products\/hoka-tor-ultra-low-gore-tex-simply-taupe\/","og_locale":"de_DE","og_type":"article","og_title":"HOKA Tor Ultra Low GORE-TEX 'Simply Taupe'  - Loftrunway","og_description":"HOKA Tor Ultra Low GORE-TEX \u201d\u201d Simply Taupe\/Pumice Stone","og_url":"https:\/\/loftrunway.com\/de\/products\/hoka-tor-ultra-low-gore-tex-simply-taupe\/","og_site_name":"loftRUN Sneaker Store","article_modified_time":"2026-04-02T07:32:43+00:00","twitter_card":"summary_large_image","twitter_image":"https:\/\/images.novelship.com\/product\/hoka_tor_ultra_low_gore_tex__simply_taupe__1130310_0_58032.jpeg","schema":{"@context":"https:\/\/schema.org","@graph":[{"@type":"WebPage","@id":"https:\/\/loftrunway.com\/de\/products\/hoka-tor-ultra-low-gore-tex-simply-taupe\/","url":"https:\/\/loftrunway.com\/de\/products\/hoka-tor-ultra-low-gore-tex-simply-taupe\/","name":"HOKA Tor Ultra Low GORE-TEX 'Simply Taupe' - Loftrunway","isPartOf":{"@id":"https:\/\/loftrunway.com\/de\/#website"},"primaryImageOfPage":{"@id":"https:\/\/loftrunway.com\/de\/products\/hoka-tor-ultra-low-gore-tex-simply-taupe\/#primaryimage"},"image":{"@id":"https:\/\/loftrunway.com\/de\/products\/hoka-tor-ultra-low-gore-tex-simply-taupe\/#primaryimage"},"thumbnailUrl":"https:\/\/images.novelship.com\/product\/hoka_tor_ultra_low_gore_tex__simply_taupe__1130310_0_58032.jpeg","datePublished":"2026-03-02T07:43:01+00:00","dateModified":"2026-04-02T07:32:43+00:00","breadcrumb":{"@id":"https:\/\/loftrunway.com\/de\/products\/hoka-tor-ultra-low-gore-tex-simply-taupe\/#breadcrumb"},"inLanguage":"de","potentialAction":[{"@type":"ReadAction","target":["https:\/\/loftrunway.com\/de\/products\/hoka-tor-ultra-low-gore-tex-simply-taupe\/"]}]},{"@type":"ImageObject","inLanguage":"de","@id":"https:\/\/loftrunway.com\/de\/products\/hoka-tor-ultra-low-gore-tex-simply-taupe\/#primaryimage","url":"https:\/\/images.novelship.com\/product\/hoka_tor_ultra_low_gore_tex__simply_taupe__1130310_0_58032.jpeg","contentUrl":"https:\/\/images.novelship.com\/product\/hoka_tor_ultra_low_gore_tex__simply_taupe__1130310_0_58032.jpeg"},{"@type":"BreadcrumbList","@id":"https:\/\/loftrunway.com\/de\/products\/hoka-tor-ultra-low-gore-tex-simply-taupe\/#breadcrumb","itemListElement":[{"@type":"ListItem","position":1,"name":"Home","item":"https:\/\/loftrunway.com\/de\/"},{"@type":"ListItem","position":2,"name":"Shop","item":"https:\/\/loftrunway.com\/de\/shop\/"},{"@type":"ListItem","position":3,"name":"HOKA Tor Ultra Low GORE-TEX &#8218;Simply Taupe&#8216;"}]},{"@type":"WebSite","@id":"https:\/\/loftrunway.com\/de\/#website","url":"https:\/\/loftrunway.com\/de\/","name":"Styloral Jewelry Shop","description":"Der Ort, an dem man alle Arten von Sneakern findet","publisher":{"@id":"https:\/\/loftrunway.com\/de\/#organization"},"potentialAction":[{"@type":"SearchAction","target":{"@type":"EntryPoint","urlTemplate":"https:\/\/loftrunway.com\/de\/?s={search_term_string}"},"query-input":{"@type":"PropertyValueSpecification","valueRequired":true,"valueName":"search_term_string"}}],"inLanguage":"de"},{"@type":"Organization","@id":"https:\/\/loftrunway.com\/de\/#organization","name":"STYLORAL PTE. LTD","url":"https:\/\/loftrunway.com\/de\/","logo":{"@type":"ImageObject","inLanguage":"de","@id":"https:\/\/loftrunway.com\/de\/#\/schema\/logo\/image\/","url":"https:\/\/www.loftrunway.com\/wp-content\/uploads\/2025\/12\/logo.png","contentUrl":"https:\/\/www.loftrunway.com\/wp-content\/uploads\/2025\/12\/logo.png","width":200,"height":65,"caption":"STYLORAL PTE. LTD"},"image":{"@id":"https:\/\/loftrunway.com\/de\/#\/schema\/logo\/image\/"}}]}},"_links":{"self":[{"href":"https:\/\/loftrunway.com\/de\/wp-json\/wp\/v2\/product\/32911","targetHints":{"allow":["GET"]}}],"collection":[{"href":"https:\/\/loftrunway.com\/de\/wp-json\/wp\/v2\/product"}],"about":[{"href":"https:\/\/loftrunway.com\/de\/wp-json\/wp\/v2\/types\/product"}],"replies":[{"embeddable":true,"href":"https:\/\/loftrunway.com\/de\/wp-json\/wp\/v2\/comments?post=32911"}],"wp:featuredmedia":[{"embeddable":true,"href":"https:\/\/loftrunway.com\/de\/wp-json\/wp\/v2\/media\/32912"}],"wp:attachment":[{"href":"https:\/\/loftrunway.com\/de\/wp-json\/wp\/v2\/media?parent=32911"}],"wp:term":[{"taxonomy":"product_brand","embeddable":true,"href":"https:\/\/loftrunway.com\/de\/wp-json\/wp\/v2\/product_brand?post=32911"},{"taxonomy":"product_cat","embeddable":true,"href":"https:\/\/loftrunway.com\/de\/wp-json\/wp\/v2\/product_cat?post=32911"},{"taxonomy":"product_tag","embeddable":true,"href":"https:\/\/loftrunway.com\/de\/wp-json\/wp\/v2\/product_tag?post=32911"}],"curies":[{"name":"wp","href":"https:\/\/api.w.org\/{rel}","templated":true}]}}