{"id":35806,"date":"2026-03-02T14:47:23","date_gmt":"2026-03-02T07:47:23","guid":{"rendered":"http:\/\/loftrunway.com\/product\/adizero-adios-pro-4"},"modified":"2026-04-03T19:32:03","modified_gmt":"2026-04-03T12:32:03","slug":"adizero-adios-pro-4","status":"publish","type":"product","link":"https:\/\/loftrunway.com\/de\/products\/adizero-adios-pro-4\/","title":{"rendered":"Adizero Adios Pro 4"},"content":{"rendered":"<p>Der Adizero Adios Pro 4 JR6367 ist ein hochmoderner Performance-Laufschuh f\u00fcr Athleten, die bei Langstreckenl\u00e4ufen oder intensiven Trainingseinheiten nach maximaler Geschwindigkeit, Komfort und Ausdauer streben. Dank fortschrittlicher, ultraleichter Materialien und der Energyrods 2.0-Technologie bietet dieser Schuh eine optimierte Energier\u00fcckgabe und verbesserten Vortrieb, damit Sie mit jedem Schritt Ihre Grenzen erweitern k\u00f6nnen.<\/p>\n<p>Die Zwischensohle mit Lightstrike Pro-Schaumstoff sorgt f\u00fcr au\u00dfergew\u00f6hnliche D\u00e4mpfung und Reaktionsfreudigkeit und minimiert gleichzeitig die Erm\u00fcdung auf langen Strecken. Das pr\u00e4zise designte, atmungsaktive Obermaterial bietet einen sicheren und dennoch bequemen Sitz, reduziert Druckstellen und erm\u00f6glicht eine optimale Luftzirkulation, um Sie auch unter Belastung k\u00fchl zu halten. Die speziell f\u00fcr L\u00e4ufer entwickelte, robuste Au\u00dfensohle garantiert zuverl\u00e4ssigen Grip und Traktion auf unterschiedlichem Terrain.<\/p>\n<p>Der auf Effizienz ausgelegte Adizero Adios Pro 4 JR6367 f\u00f6rdert eine nat\u00fcrliche Vorw\u00e4rtsbewegung und ist somit ideal f\u00fcr ambitionierte L\u00e4ufer und Marathonl\u00e4ufer. Seine elegante Optik und die bahnbrechende Unterst\u00fctzung sorgen daf\u00fcr, dass du dich nicht nur schnell f\u00fchlst, sondern auch so aussiehst. Leicht, reaktionsfreudig und mit h\u00f6chster Pr\u00e4zision gefertigt, repr\u00e4sentiert dieser Schuh die n\u00e4chste Evolutionsstufe der Laufperformance und gibt dir die M\u00f6glichkeit, mit Selbstvertrauen weiter und schneller zu laufen. Perfekt f\u00fcr alle, die h\u00f6chste Anspr\u00fcche an ihren Lauf stellen: Erlebe mit dem Adizero Adios Pro 4 ein noch besseres Wettkampferlebnis.<\/p>\n<ul>\n<li><strong>Farbgebung:<\/strong> Kreidewei\u00df\/Grau Strata\/Impact Orange<\/li>\n<li><strong>Artikelnummer:<\/strong> JR6367<\/li>\n<li><strong>Obermaterial:<\/strong> LIGHTLOCK<\/li>\n<li><strong>Zwischensohle:<\/strong> Lightstrike Pro<\/li>\n<li><strong>Farbe:<\/strong> Wei\u00df<\/li>\n<\/ul>\n","protected":false},"excerpt":{"rendered":"<p>adidas Adizero Adios Pro 4 \u201d\u201d Chalk White\/Grey Strata\/Impact Orange<\/p>\n","protected":false},"featured_media":35807,"comment_status":"open","ping_status":"closed","template":"","meta":[],"product_brand":[],"product_cat":[10760],"product_tag":[10759,11026,10837,10839,10802,10840,10758],"class_list":{"0":"post-35806","1":"product","2":"type-product","3":"status-publish","4":"has-post-thumbnail","6":"product_cat-adidas","7":"product_tag-adidas","8":"product_tag-carbon-plated-running-shoes","9":"product_tag-marathon-long-distance-running-shoes","10":"product_tag-performance-running-shoes","11":"product_tag-performance-sport-shoes","12":"product_tag-running-shoes","13":"product_tag-under-retail","14":"wcpa_has_options","16":"first","17":"instock","18":"sale","19":"taxable","20":"shipping-taxable","21":"purchasable","22":"product-type-simple"},"wcpa_form_fields":{"rules":{"pric_overide_base_price":false,"pric_overide_base_price_if_gt_zero":false,"pric_overide_base_price_fully":false,"pric_cal_option_once":false,"pric_use_as_fee":false,"bind_quantity":false,"quantity_bind_formula":false},"fields":[{"type":"color-group","required":true,"elementId":"wcpa-color-group-66c4a7f817afe","label":"Gr\u00f6\u00dfe","inline":true,"priceOptions":"different_for_all","pricingType":"fixed","className":"hassizechart product-shoes-size-eu product-shoes-size","name":"color-group-66c4a7f817b18","disp_type":"square","selection_type":"tick-border","disp_size":"50","show_label_inside":true,"adjust_width":true,"cart_display_type":"text","other_text":"Other","cl_rule":"show","col":6,"values":[{"label":"35","value":"EU 35","price":"","pimage":"","pimage_id":"","pthumb":"","color":""},{"label":"35.5","value":"EU 35.5","price":"","pimage":"","pimage_id":"","pthumb":"","color":""},{"label":"36","value":"EU 36","price":"","pimage":"","pimage_id":"","pthumb":"","color":"","selected":true},{"label":"36 2\/3","value":"EU 36 2\/3","price":"","pimage":"","pimage_id":"","pthumb":"","color":""},{"label":"37 1\/3","value":"EU 37 1\/3","price":"","pimage":"","pimage_id":"","pthumb":"","color":""},{"label":"38","value":"EU 38","price":"","pimage":"","pimage_id":"","pthumb":"","color":""},{"label":"38 2\/3","value":"EU 38 2\/3","price":"","pimage":"","pimage_id":"","pthumb":"","color":""},{"label":"39 1\/3","value":"EU 39 1\/3","price":"","pimage":"","pimage_id":"","pthumb":"","color":""},{"label":"40","value":"EU 40","price":"","pimage":"","pimage_id":"","pthumb":"","color":""},{"label":"40 2\/3","value":"EU 40 2\/3","price":"","pimage":"","pimage_id":"","pthumb":"","color":""},{"label":"41 1\/3","value":"EU 41 1\/3","price":"","pimage":"","pimage_id":"","pthumb":"","color":""},{"label":"42","value":"EU 42","price":"","pimage":"","pimage_id":"","pthumb":"","color":""},{"label":"42 2\/3","value":"EU 42 2\/3","price":"","pimage":"","pimage_id":"","pthumb":"","color":""},{"label":"43 1\/3","value":"EU 43 1\/3","price":"","pimage":"","pimage_id":"","pthumb":"","color":""},{"label":"44","value":"EU 44","price":"","pimage":"","pimage_id":"","pthumb":"","color":""},{"label":"44 2\/3","value":"EU 44 2\/3","price":"","pimage":"","pimage_id":"","pthumb":"","color":""},{"label":"45 1\/3","value":"EU 45 1\/3","price":"","pimage":"","pimage_id":"","pthumb":"","color":""},{"label":"46","value":"EU 46","price":"","pimage":"","pimage_id":"","pthumb":"","color":""},{"label":"46 2\/3","value":"EU 46 2\/3","price":"","pimage":"","pimage_id":"","pthumb":"","color":""},{"label":"47 1\/3","value":"EU 47 1\/3","price":"","pimage":"","pimage_id":"","pthumb":"","color":""}],"relations":[{"operator":false,"rules":[]}],"form_id":24802,"form_rules":{"pric_cal_option_once":false,"exclude_from_discount":false,"pric_use_as_fee":false,"fee_label":"Fee","render_after_acb":false,"disp_hide_options_price":false}}]},"yoast_head":"<!-- This site is optimized with the Yoast SEO plugin v26.5 - https:\/\/yoast.com\/wordpress\/plugins\/seo\/ -->\n<title>Adizero Adios Pro 4  - Loftrunway<\/title>\n<meta name=\"robots\" content=\"index, follow, max-snippet:-1, max-image-preview:large, max-video-preview:-1\" \/>\n<link rel=\"canonical\" href=\"https:\/\/loftrunway.com\/de\/products\/adizero-adios-pro-4\/\" \/>\n<meta property=\"og:locale\" content=\"de_DE\" \/>\n<meta property=\"og:type\" content=\"article\" \/>\n<meta property=\"og:title\" content=\"Adizero Adios Pro 4  - Loftrunway\" \/>\n<meta property=\"og:description\" content=\"adidas Adizero Adios Pro 4 \u201d\u201d Chalk White\/Grey Strata\/Impact Orange\" \/>\n<meta property=\"og:url\" content=\"https:\/\/loftrunway.com\/de\/products\/adizero-adios-pro-4\/\" \/>\n<meta property=\"og:site_name\" content=\"loftRUN Sneaker Store\" \/>\n<meta property=\"article:modified_time\" content=\"2026-04-03T12:32:03+00:00\" \/>\n<meta name=\"twitter:card\" content=\"summary_large_image\" \/>\n<meta name=\"twitter:image\" content=\"https:\/\/images.novelship.com\/product\/adizero_adios_pro_4_jr6367_0_92474.jpeg\" \/>\n<meta name=\"twitter:label1\" content=\"Gesch\u00e4tzte Lesezeit\" \/>\n\t<meta name=\"twitter:data1\" content=\"1\u00a0Minute\" \/>\n<script type=\"application\/ld+json\" class=\"yoast-schema-graph\">{\"@context\":\"https:\/\/schema.org\",\"@graph\":[{\"@type\":\"WebPage\",\"@id\":\"https:\/\/loftrunway.com\/de\/products\/adizero-adios-pro-4\/\",\"url\":\"https:\/\/loftrunway.com\/de\/products\/adizero-adios-pro-4\/\",\"name\":\"Adizero Adios Pro 4 - Loftrunway\",\"isPartOf\":{\"@id\":\"https:\/\/loftrunway.com\/de\/#website\"},\"primaryImageOfPage\":{\"@id\":\"https:\/\/loftrunway.com\/de\/products\/adizero-adios-pro-4\/#primaryimage\"},\"image\":{\"@id\":\"https:\/\/loftrunway.com\/de\/products\/adizero-adios-pro-4\/#primaryimage\"},\"thumbnailUrl\":\"https:\/\/images.novelship.com\/product\/adizero_adios_pro_4_jr6367_0_92474.jpeg\",\"datePublished\":\"2026-03-02T07:47:23+00:00\",\"dateModified\":\"2026-04-03T12:32:03+00:00\",\"breadcrumb\":{\"@id\":\"https:\/\/loftrunway.com\/de\/products\/adizero-adios-pro-4\/#breadcrumb\"},\"inLanguage\":\"de\",\"potentialAction\":[{\"@type\":\"ReadAction\",\"target\":[\"https:\/\/loftrunway.com\/de\/products\/adizero-adios-pro-4\/\"]}]},{\"@type\":\"ImageObject\",\"inLanguage\":\"de\",\"@id\":\"https:\/\/loftrunway.com\/de\/products\/adizero-adios-pro-4\/#primaryimage\",\"url\":\"https:\/\/images.novelship.com\/product\/adizero_adios_pro_4_jr6367_0_92474.jpeg\",\"contentUrl\":\"https:\/\/images.novelship.com\/product\/adizero_adios_pro_4_jr6367_0_92474.jpeg\"},{\"@type\":\"BreadcrumbList\",\"@id\":\"https:\/\/loftrunway.com\/de\/products\/adizero-adios-pro-4\/#breadcrumb\",\"itemListElement\":[{\"@type\":\"ListItem\",\"position\":1,\"name\":\"Home\",\"item\":\"https:\/\/loftrunway.com\/de\/\"},{\"@type\":\"ListItem\",\"position\":2,\"name\":\"Shop\",\"item\":\"https:\/\/loftrunway.com\/de\/shop\/\"},{\"@type\":\"ListItem\",\"position\":3,\"name\":\"Adizero Adios Pro 4\"}]},{\"@type\":\"WebSite\",\"@id\":\"https:\/\/loftrunway.com\/de\/#website\",\"url\":\"https:\/\/loftrunway.com\/de\/\",\"name\":\"Styloral Jewelry Shop\",\"description\":\"Der Ort, an dem man alle Arten von Sneakern findet\",\"publisher\":{\"@id\":\"https:\/\/loftrunway.com\/de\/#organization\"},\"potentialAction\":[{\"@type\":\"SearchAction\",\"target\":{\"@type\":\"EntryPoint\",\"urlTemplate\":\"https:\/\/loftrunway.com\/de\/?s={search_term_string}\"},\"query-input\":{\"@type\":\"PropertyValueSpecification\",\"valueRequired\":true,\"valueName\":\"search_term_string\"}}],\"inLanguage\":\"de\"},{\"@type\":\"Organization\",\"@id\":\"https:\/\/loftrunway.com\/de\/#organization\",\"name\":\"STYLORAL PTE. LTD\",\"url\":\"https:\/\/loftrunway.com\/de\/\",\"logo\":{\"@type\":\"ImageObject\",\"inLanguage\":\"de\",\"@id\":\"https:\/\/loftrunway.com\/de\/#\/schema\/logo\/image\/\",\"url\":\"https:\/\/www.loftrunway.com\/wp-content\/uploads\/2025\/12\/logo.png\",\"contentUrl\":\"https:\/\/www.loftrunway.com\/wp-content\/uploads\/2025\/12\/logo.png\",\"width\":200,\"height\":65,\"caption\":\"STYLORAL PTE. LTD\"},\"image\":{\"@id\":\"https:\/\/loftrunway.com\/de\/#\/schema\/logo\/image\/\"}}]}<\/script>\n<!-- \/ Yoast SEO plugin. -->","yoast_head_json":{"title":"Adizero Adios Pro 4  - Loftrunway","robots":{"index":"index","follow":"follow","max-snippet":"max-snippet:-1","max-image-preview":"max-image-preview:large","max-video-preview":"max-video-preview:-1"},"canonical":"https:\/\/loftrunway.com\/de\/products\/adizero-adios-pro-4\/","og_locale":"de_DE","og_type":"article","og_title":"Adizero Adios Pro 4  - Loftrunway","og_description":"adidas Adizero Adios Pro 4 \u201d\u201d Chalk White\/Grey Strata\/Impact Orange","og_url":"https:\/\/loftrunway.com\/de\/products\/adizero-adios-pro-4\/","og_site_name":"loftRUN Sneaker Store","article_modified_time":"2026-04-03T12:32:03+00:00","twitter_card":"summary_large_image","twitter_image":"https:\/\/images.novelship.com\/product\/adizero_adios_pro_4_jr6367_0_92474.jpeg","twitter_misc":{"Gesch\u00e4tzte Lesezeit":"1\u00a0Minute"},"schema":{"@context":"https:\/\/schema.org","@graph":[{"@type":"WebPage","@id":"https:\/\/loftrunway.com\/de\/products\/adizero-adios-pro-4\/","url":"https:\/\/loftrunway.com\/de\/products\/adizero-adios-pro-4\/","name":"Adizero Adios Pro 4 - Loftrunway","isPartOf":{"@id":"https:\/\/loftrunway.com\/de\/#website"},"primaryImageOfPage":{"@id":"https:\/\/loftrunway.com\/de\/products\/adizero-adios-pro-4\/#primaryimage"},"image":{"@id":"https:\/\/loftrunway.com\/de\/products\/adizero-adios-pro-4\/#primaryimage"},"thumbnailUrl":"https:\/\/images.novelship.com\/product\/adizero_adios_pro_4_jr6367_0_92474.jpeg","datePublished":"2026-03-02T07:47:23+00:00","dateModified":"2026-04-03T12:32:03+00:00","breadcrumb":{"@id":"https:\/\/loftrunway.com\/de\/products\/adizero-adios-pro-4\/#breadcrumb"},"inLanguage":"de","potentialAction":[{"@type":"ReadAction","target":["https:\/\/loftrunway.com\/de\/products\/adizero-adios-pro-4\/"]}]},{"@type":"ImageObject","inLanguage":"de","@id":"https:\/\/loftrunway.com\/de\/products\/adizero-adios-pro-4\/#primaryimage","url":"https:\/\/images.novelship.com\/product\/adizero_adios_pro_4_jr6367_0_92474.jpeg","contentUrl":"https:\/\/images.novelship.com\/product\/adizero_adios_pro_4_jr6367_0_92474.jpeg"},{"@type":"BreadcrumbList","@id":"https:\/\/loftrunway.com\/de\/products\/adizero-adios-pro-4\/#breadcrumb","itemListElement":[{"@type":"ListItem","position":1,"name":"Home","item":"https:\/\/loftrunway.com\/de\/"},{"@type":"ListItem","position":2,"name":"Shop","item":"https:\/\/loftrunway.com\/de\/shop\/"},{"@type":"ListItem","position":3,"name":"Adizero Adios Pro 4"}]},{"@type":"WebSite","@id":"https:\/\/loftrunway.com\/de\/#website","url":"https:\/\/loftrunway.com\/de\/","name":"Styloral Jewelry Shop","description":"Der Ort, an dem man alle Arten von Sneakern findet","publisher":{"@id":"https:\/\/loftrunway.com\/de\/#organization"},"potentialAction":[{"@type":"SearchAction","target":{"@type":"EntryPoint","urlTemplate":"https:\/\/loftrunway.com\/de\/?s={search_term_string}"},"query-input":{"@type":"PropertyValueSpecification","valueRequired":true,"valueName":"search_term_string"}}],"inLanguage":"de"},{"@type":"Organization","@id":"https:\/\/loftrunway.com\/de\/#organization","name":"STYLORAL PTE. LTD","url":"https:\/\/loftrunway.com\/de\/","logo":{"@type":"ImageObject","inLanguage":"de","@id":"https:\/\/loftrunway.com\/de\/#\/schema\/logo\/image\/","url":"https:\/\/www.loftrunway.com\/wp-content\/uploads\/2025\/12\/logo.png","contentUrl":"https:\/\/www.loftrunway.com\/wp-content\/uploads\/2025\/12\/logo.png","width":200,"height":65,"caption":"STYLORAL PTE. LTD"},"image":{"@id":"https:\/\/loftrunway.com\/de\/#\/schema\/logo\/image\/"}}]}},"_links":{"self":[{"href":"https:\/\/loftrunway.com\/de\/wp-json\/wp\/v2\/product\/35806","targetHints":{"allow":["GET"]}}],"collection":[{"href":"https:\/\/loftrunway.com\/de\/wp-json\/wp\/v2\/product"}],"about":[{"href":"https:\/\/loftrunway.com\/de\/wp-json\/wp\/v2\/types\/product"}],"replies":[{"embeddable":true,"href":"https:\/\/loftrunway.com\/de\/wp-json\/wp\/v2\/comments?post=35806"}],"wp:featuredmedia":[{"embeddable":true,"href":"https:\/\/loftrunway.com\/de\/wp-json\/wp\/v2\/media\/35807"}],"wp:attachment":[{"href":"https:\/\/loftrunway.com\/de\/wp-json\/wp\/v2\/media?parent=35806"}],"wp:term":[{"taxonomy":"product_brand","embeddable":true,"href":"https:\/\/loftrunway.com\/de\/wp-json\/wp\/v2\/product_brand?post=35806"},{"taxonomy":"product_cat","embeddable":true,"href":"https:\/\/loftrunway.com\/de\/wp-json\/wp\/v2\/product_cat?post=35806"},{"taxonomy":"product_tag","embeddable":true,"href":"https:\/\/loftrunway.com\/de\/wp-json\/wp\/v2\/product_tag?post=35806"}],"curies":[{"name":"wp","href":"https:\/\/api.w.org\/{rel}","templated":true}]}}