{"id":35847,"date":"2026-03-02T14:47:27","date_gmt":"2026-03-02T07:47:27","guid":{"rendered":"http:\/\/loftrunway.com\/product\/caitlin-clark-x-nike-zoom-kobe-6-protro-light-armory-blue"},"modified":"2026-04-03T19:32:04","modified_gmt":"2026-04-03T12:32:04","slug":"caitlin-clark-x-nike-zoom-kobe-6-protro-light-armory-blue","status":"publish","type":"product","link":"https:\/\/loftrunway.com\/de\/products\/caitlin-clark-x-nike-zoom-kobe-6-protro-light-armory-blue\/","title":{"rendered":"Caitlin Clark x Nike Zoom Kobe 6 Protro &#8218;Light Armory Blue&#8216;"},"content":{"rendered":"<p>Verbessere dein Spiel mit dem Caitlin Clark x Nike Zoom Kobe 6 Protro &#8218;Light Armory Blue&#8216;, einem High-Performance-Basketballschuh, der in Zusammenarbeit mit der Basketball-Legende entwickelt wurde. Dieser Sneaker vereint die innovative Technologie des Kobe 6 Protro mit Caitlin Clarks einzigartiger Vision und bietet au\u00dfergew\u00f6hnliche Reaktionsf\u00e4higkeit und Komfort f\u00fcr Spielerinnen, die h\u00f6chste Anspr\u00fcche stellen. Die elegante Farbgebung in Light Armory Blue besticht durch eine markante und zugleich dezente \u00c4sthetik und vereint Style und Funktionalit\u00e4t perfekt auf und neben dem Court. Der Schuh wurde pr\u00e4zise f\u00fcr Agilit\u00e4t und Explosivit\u00e4t entwickelt und verf\u00fcgt \u00fcber eine fortschrittliche D\u00e4mpfung sowie eine verst\u00e4rkte Au\u00dfensohle f\u00fcr maximale Traktion. Die leichten und dennoch strapazierf\u00e4higen Materialien bieten unvergleichlichen Halt und erm\u00f6glichen es Athletinnen, jedes Spiel mit Selbstvertrauen zu dominieren. Ideal f\u00fcr Basketballfans und Sneaker-Sammler gleicherma\u00dfen: Diese limitierte Edition vereint Performance und Design auf perfekte Weise.<\/p>\n<ul>\n<li><strong>Farbgebung:<\/strong> Light Armory Blue\/Wei\u00df\/Baltic Blue<\/li>\n<li><strong>Style-Code:<\/strong> IO3672-400<\/li>\n<li><strong>Obermaterial:<\/strong> Synthetik<\/li>\n<li><strong>Mittelsohle:<\/strong> Zoom Air<\/li>\n<li><strong>Farbe:<\/strong> Blau<\/li>\n<li><strong>Designer:<\/strong> Eric Avar<\/li>\n<\/ul>\n","protected":false},"excerpt":{"rendered":"<p>Nike Kobe 6 \u201d\u201d Light Armory Blue\/White\/Baltic Blue<\/p>\n","protected":false},"featured_media":35848,"comment_status":"open","ping_status":"closed","template":"","meta":[],"product_brand":[],"product_cat":[10803],"product_tag":[10799,10800,10801,10802],"class_list":{"0":"post-35847","1":"product","2":"type-product","3":"status-publish","4":"has-post-thumbnail","6":"product_cat-nike","7":"product_tag-ankle-support-basketball-shoes","8":"product_tag-basketball-shoes","9":"product_tag-nike","10":"product_tag-performance-sport-shoes","11":"wcpa_has_options","13":"first","14":"instock","15":"taxable","16":"shipping-taxable","17":"purchasable","18":"product-type-simple"},"wcpa_form_fields":{"rules":{"pric_overide_base_price":false,"pric_overide_base_price_if_gt_zero":false,"pric_overide_base_price_fully":false,"pric_cal_option_once":false,"pric_use_as_fee":false,"bind_quantity":false,"quantity_bind_formula":false},"fields":[{"type":"color-group","required":true,"elementId":"wcpa-color-group-66c4a75505e74","label":"Gr\u00f6\u00dfe - EU Gr\u00f6\u00dfe","inline":true,"priceOptions":"different_for_all","pricingType":"fixed","className":"hassizechart product-shoes-size-eu product-shoes-size","name":"color-group-66c4a75505e89","disp_type":"square","selection_type":"tick-border","disp_size":"44","show_label_inside":true,"adjust_width":true,"cart_display_type":"text","other_text":"Other","cl_rule":"show","col":6,"values":[{"label":"35.5","value":"EU 35.5","price":"","pimage":"","pimage_id":"","pthumb":"","color":""},{"label":"36","value":"EU 36","price":"","pimage":"","pimage_id":"","pthumb":"","color":"","selected":true},{"label":"36.5","value":"EU 36.5","price":"","pimage":"","pimage_id":"","pthumb":"","color":""},{"label":"37.5","value":"EU 37.5","price":"","pimage":"","pimage_id":"","pthumb":"","color":""},{"label":"38","value":"EU 38","price":"","pimage":"","pimage_id":"","pthumb":"","color":""},{"label":"38.5","value":"EU 38.5","price":"","pimage":"","pimage_id":"","pthumb":"","color":""},{"label":"39","value":"EU 39","price":"","pimage":"","pimage_id":"","pthumb":"","color":""},{"label":"40","value":"EU 40","price":"","pimage":"","pimage_id":"","pthumb":"","color":""},{"label":"40.5","value":"EU 40.5","price":"","pimage":"","pimage_id":"","pthumb":"","color":""},{"label":"41","value":"EU 41","price":"","pimage":"","pimage_id":"","pthumb":"","color":""},{"label":"42","value":"EU 42","price":"","pimage":"","pimage_id":"","pthumb":"","color":""},{"label":"42.5","value":"EU 42.5","price":"","pimage":"","pimage_id":"","pthumb":"","color":""},{"label":"43","value":"EU 43","price":"","pimage":"","pimage_id":"","pthumb":"","color":""},{"label":"44","value":"EU 44","price":"","pimage":"","pimage_id":"","pthumb":"","color":""},{"label":"44.5","value":"EU 44.5","price":"","pimage":"","pimage_id":"","pthumb":"","color":""},{"label":"45","value":"EU 45","price":"","pimage":"","pimage_id":"","pthumb":"","color":""},{"label":"45.5","value":"EU 45.5","price":"","pimage":"","pimage_id":"","pthumb":"","color":""},{"label":"46","value":"EU 46","price":"","pimage":"","pimage_id":"","pthumb":"","color":""},{"label":"47","value":"EU 47","price":"","pimage":"","pimage_id":"","pthumb":"","color":""},{"label":"47.5","value":"EU 47.5","price":"","pimage":"","pimage_id":"","pthumb":"","color":""},{"label":"48","value":"EU 48","price":"","pimage":"","pimage_id":"","pthumb":"","color":""}],"relations":[{"operator":false,"rules":[]}],"form_id":18106,"form_rules":{"pric_cal_option_once":false,"exclude_from_discount":false,"pric_use_as_fee":false,"fee_label":"Fee","render_after_acb":false,"disp_hide_options_price":false}}]},"yoast_head":"<!-- This site is optimized with the Yoast SEO plugin v26.5 - https:\/\/yoast.com\/wordpress\/plugins\/seo\/ -->\n<title>Caitlin Clark x Nike Zoom Kobe 6 Protro &#039;Light Armory Blue&#039;  - Loftrunway<\/title>\n<meta name=\"robots\" content=\"index, follow, max-snippet:-1, max-image-preview:large, max-video-preview:-1\" \/>\n<link rel=\"canonical\" href=\"https:\/\/loftrunway.com\/de\/products\/caitlin-clark-x-nike-zoom-kobe-6-protro-light-armory-blue\/\" \/>\n<meta property=\"og:locale\" content=\"de_DE\" \/>\n<meta property=\"og:type\" content=\"article\" \/>\n<meta property=\"og:title\" content=\"Caitlin Clark x Nike Zoom Kobe 6 Protro &#039;Light Armory Blue&#039;  - Loftrunway\" \/>\n<meta property=\"og:description\" content=\"Nike Kobe 6 \u201d\u201d Light Armory Blue\/White\/Baltic Blue\" \/>\n<meta property=\"og:url\" content=\"https:\/\/loftrunway.com\/de\/products\/caitlin-clark-x-nike-zoom-kobe-6-protro-light-armory-blue\/\" \/>\n<meta property=\"og:site_name\" content=\"loftRUN Sneaker Store\" \/>\n<meta property=\"article:modified_time\" content=\"2026-04-03T12:32:04+00:00\" \/>\n<meta name=\"twitter:card\" content=\"summary_large_image\" \/>\n<meta name=\"twitter:image\" content=\"https:\/\/images.novelship.com\/product\/caitlin_clark_x_nike_zoom_kobe_6_protro__light_arm_0_21872.jpeg\" \/>\n<meta name=\"twitter:label1\" content=\"Gesch\u00e4tzte Lesezeit\" \/>\n\t<meta name=\"twitter:data1\" content=\"1\u00a0Minute\" \/>\n<script type=\"application\/ld+json\" class=\"yoast-schema-graph\">{\"@context\":\"https:\/\/schema.org\",\"@graph\":[{\"@type\":\"WebPage\",\"@id\":\"https:\/\/loftrunway.com\/de\/products\/caitlin-clark-x-nike-zoom-kobe-6-protro-light-armory-blue\/\",\"url\":\"https:\/\/loftrunway.com\/de\/products\/caitlin-clark-x-nike-zoom-kobe-6-protro-light-armory-blue\/\",\"name\":\"Caitlin Clark x Nike Zoom Kobe 6 Protro 'Light Armory Blue' - Loftrunway\",\"isPartOf\":{\"@id\":\"https:\/\/loftrunway.com\/de\/#website\"},\"primaryImageOfPage\":{\"@id\":\"https:\/\/loftrunway.com\/de\/products\/caitlin-clark-x-nike-zoom-kobe-6-protro-light-armory-blue\/#primaryimage\"},\"image\":{\"@id\":\"https:\/\/loftrunway.com\/de\/products\/caitlin-clark-x-nike-zoom-kobe-6-protro-light-armory-blue\/#primaryimage\"},\"thumbnailUrl\":\"https:\/\/images.novelship.com\/product\/caitlin_clark_x_nike_zoom_kobe_6_protro__light_arm_0_21872.jpeg\",\"datePublished\":\"2026-03-02T07:47:27+00:00\",\"dateModified\":\"2026-04-03T12:32:04+00:00\",\"breadcrumb\":{\"@id\":\"https:\/\/loftrunway.com\/de\/products\/caitlin-clark-x-nike-zoom-kobe-6-protro-light-armory-blue\/#breadcrumb\"},\"inLanguage\":\"de\",\"potentialAction\":[{\"@type\":\"ReadAction\",\"target\":[\"https:\/\/loftrunway.com\/de\/products\/caitlin-clark-x-nike-zoom-kobe-6-protro-light-armory-blue\/\"]}]},{\"@type\":\"ImageObject\",\"inLanguage\":\"de\",\"@id\":\"https:\/\/loftrunway.com\/de\/products\/caitlin-clark-x-nike-zoom-kobe-6-protro-light-armory-blue\/#primaryimage\",\"url\":\"https:\/\/images.novelship.com\/product\/caitlin_clark_x_nike_zoom_kobe_6_protro__light_arm_0_21872.jpeg\",\"contentUrl\":\"https:\/\/images.novelship.com\/product\/caitlin_clark_x_nike_zoom_kobe_6_protro__light_arm_0_21872.jpeg\"},{\"@type\":\"BreadcrumbList\",\"@id\":\"https:\/\/loftrunway.com\/de\/products\/caitlin-clark-x-nike-zoom-kobe-6-protro-light-armory-blue\/#breadcrumb\",\"itemListElement\":[{\"@type\":\"ListItem\",\"position\":1,\"name\":\"Home\",\"item\":\"https:\/\/loftrunway.com\/de\/\"},{\"@type\":\"ListItem\",\"position\":2,\"name\":\"Shop\",\"item\":\"https:\/\/loftrunway.com\/de\/shop\/\"},{\"@type\":\"ListItem\",\"position\":3,\"name\":\"Caitlin Clark x Nike Zoom Kobe 6 Protro &#8218;Light Armory Blue&#8216;\"}]},{\"@type\":\"WebSite\",\"@id\":\"https:\/\/loftrunway.com\/de\/#website\",\"url\":\"https:\/\/loftrunway.com\/de\/\",\"name\":\"Styloral Jewelry Shop\",\"description\":\"Der Ort, an dem man alle Arten von Sneakern findet\",\"publisher\":{\"@id\":\"https:\/\/loftrunway.com\/de\/#organization\"},\"potentialAction\":[{\"@type\":\"SearchAction\",\"target\":{\"@type\":\"EntryPoint\",\"urlTemplate\":\"https:\/\/loftrunway.com\/de\/?s={search_term_string}\"},\"query-input\":{\"@type\":\"PropertyValueSpecification\",\"valueRequired\":true,\"valueName\":\"search_term_string\"}}],\"inLanguage\":\"de\"},{\"@type\":\"Organization\",\"@id\":\"https:\/\/loftrunway.com\/de\/#organization\",\"name\":\"STYLORAL PTE. LTD\",\"url\":\"https:\/\/loftrunway.com\/de\/\",\"logo\":{\"@type\":\"ImageObject\",\"inLanguage\":\"de\",\"@id\":\"https:\/\/loftrunway.com\/de\/#\/schema\/logo\/image\/\",\"url\":\"https:\/\/www.loftrunway.com\/wp-content\/uploads\/2025\/12\/logo.png\",\"contentUrl\":\"https:\/\/www.loftrunway.com\/wp-content\/uploads\/2025\/12\/logo.png\",\"width\":200,\"height\":65,\"caption\":\"STYLORAL PTE. LTD\"},\"image\":{\"@id\":\"https:\/\/loftrunway.com\/de\/#\/schema\/logo\/image\/\"}}]}<\/script>\n<!-- \/ Yoast SEO plugin. -->","yoast_head_json":{"title":"Caitlin Clark x Nike Zoom Kobe 6 Protro 'Light Armory Blue'  - Loftrunway","robots":{"index":"index","follow":"follow","max-snippet":"max-snippet:-1","max-image-preview":"max-image-preview:large","max-video-preview":"max-video-preview:-1"},"canonical":"https:\/\/loftrunway.com\/de\/products\/caitlin-clark-x-nike-zoom-kobe-6-protro-light-armory-blue\/","og_locale":"de_DE","og_type":"article","og_title":"Caitlin Clark x Nike Zoom Kobe 6 Protro 'Light Armory Blue'  - Loftrunway","og_description":"Nike Kobe 6 \u201d\u201d Light Armory Blue\/White\/Baltic Blue","og_url":"https:\/\/loftrunway.com\/de\/products\/caitlin-clark-x-nike-zoom-kobe-6-protro-light-armory-blue\/","og_site_name":"loftRUN Sneaker Store","article_modified_time":"2026-04-03T12:32:04+00:00","twitter_card":"summary_large_image","twitter_image":"https:\/\/images.novelship.com\/product\/caitlin_clark_x_nike_zoom_kobe_6_protro__light_arm_0_21872.jpeg","twitter_misc":{"Gesch\u00e4tzte Lesezeit":"1\u00a0Minute"},"schema":{"@context":"https:\/\/schema.org","@graph":[{"@type":"WebPage","@id":"https:\/\/loftrunway.com\/de\/products\/caitlin-clark-x-nike-zoom-kobe-6-protro-light-armory-blue\/","url":"https:\/\/loftrunway.com\/de\/products\/caitlin-clark-x-nike-zoom-kobe-6-protro-light-armory-blue\/","name":"Caitlin Clark x Nike Zoom Kobe 6 Protro 'Light Armory Blue' - Loftrunway","isPartOf":{"@id":"https:\/\/loftrunway.com\/de\/#website"},"primaryImageOfPage":{"@id":"https:\/\/loftrunway.com\/de\/products\/caitlin-clark-x-nike-zoom-kobe-6-protro-light-armory-blue\/#primaryimage"},"image":{"@id":"https:\/\/loftrunway.com\/de\/products\/caitlin-clark-x-nike-zoom-kobe-6-protro-light-armory-blue\/#primaryimage"},"thumbnailUrl":"https:\/\/images.novelship.com\/product\/caitlin_clark_x_nike_zoom_kobe_6_protro__light_arm_0_21872.jpeg","datePublished":"2026-03-02T07:47:27+00:00","dateModified":"2026-04-03T12:32:04+00:00","breadcrumb":{"@id":"https:\/\/loftrunway.com\/de\/products\/caitlin-clark-x-nike-zoom-kobe-6-protro-light-armory-blue\/#breadcrumb"},"inLanguage":"de","potentialAction":[{"@type":"ReadAction","target":["https:\/\/loftrunway.com\/de\/products\/caitlin-clark-x-nike-zoom-kobe-6-protro-light-armory-blue\/"]}]},{"@type":"ImageObject","inLanguage":"de","@id":"https:\/\/loftrunway.com\/de\/products\/caitlin-clark-x-nike-zoom-kobe-6-protro-light-armory-blue\/#primaryimage","url":"https:\/\/images.novelship.com\/product\/caitlin_clark_x_nike_zoom_kobe_6_protro__light_arm_0_21872.jpeg","contentUrl":"https:\/\/images.novelship.com\/product\/caitlin_clark_x_nike_zoom_kobe_6_protro__light_arm_0_21872.jpeg"},{"@type":"BreadcrumbList","@id":"https:\/\/loftrunway.com\/de\/products\/caitlin-clark-x-nike-zoom-kobe-6-protro-light-armory-blue\/#breadcrumb","itemListElement":[{"@type":"ListItem","position":1,"name":"Home","item":"https:\/\/loftrunway.com\/de\/"},{"@type":"ListItem","position":2,"name":"Shop","item":"https:\/\/loftrunway.com\/de\/shop\/"},{"@type":"ListItem","position":3,"name":"Caitlin Clark x Nike Zoom Kobe 6 Protro &#8218;Light Armory Blue&#8216;"}]},{"@type":"WebSite","@id":"https:\/\/loftrunway.com\/de\/#website","url":"https:\/\/loftrunway.com\/de\/","name":"Styloral Jewelry Shop","description":"Der Ort, an dem man alle Arten von Sneakern findet","publisher":{"@id":"https:\/\/loftrunway.com\/de\/#organization"},"potentialAction":[{"@type":"SearchAction","target":{"@type":"EntryPoint","urlTemplate":"https:\/\/loftrunway.com\/de\/?s={search_term_string}"},"query-input":{"@type":"PropertyValueSpecification","valueRequired":true,"valueName":"search_term_string"}}],"inLanguage":"de"},{"@type":"Organization","@id":"https:\/\/loftrunway.com\/de\/#organization","name":"STYLORAL PTE. LTD","url":"https:\/\/loftrunway.com\/de\/","logo":{"@type":"ImageObject","inLanguage":"de","@id":"https:\/\/loftrunway.com\/de\/#\/schema\/logo\/image\/","url":"https:\/\/www.loftrunway.com\/wp-content\/uploads\/2025\/12\/logo.png","contentUrl":"https:\/\/www.loftrunway.com\/wp-content\/uploads\/2025\/12\/logo.png","width":200,"height":65,"caption":"STYLORAL PTE. LTD"},"image":{"@id":"https:\/\/loftrunway.com\/de\/#\/schema\/logo\/image\/"}}]}},"_links":{"self":[{"href":"https:\/\/loftrunway.com\/de\/wp-json\/wp\/v2\/product\/35847","targetHints":{"allow":["GET"]}}],"collection":[{"href":"https:\/\/loftrunway.com\/de\/wp-json\/wp\/v2\/product"}],"about":[{"href":"https:\/\/loftrunway.com\/de\/wp-json\/wp\/v2\/types\/product"}],"replies":[{"embeddable":true,"href":"https:\/\/loftrunway.com\/de\/wp-json\/wp\/v2\/comments?post=35847"}],"wp:featuredmedia":[{"embeddable":true,"href":"https:\/\/loftrunway.com\/de\/wp-json\/wp\/v2\/media\/35848"}],"wp:attachment":[{"href":"https:\/\/loftrunway.com\/de\/wp-json\/wp\/v2\/media?parent=35847"}],"wp:term":[{"taxonomy":"product_brand","embeddable":true,"href":"https:\/\/loftrunway.com\/de\/wp-json\/wp\/v2\/product_brand?post=35847"},{"taxonomy":"product_cat","embeddable":true,"href":"https:\/\/loftrunway.com\/de\/wp-json\/wp\/v2\/product_cat?post=35847"},{"taxonomy":"product_tag","embeddable":true,"href":"https:\/\/loftrunway.com\/de\/wp-json\/wp\/v2\/product_tag?post=35847"}],"curies":[{"name":"wp","href":"https:\/\/api.w.org\/{rel}","templated":true}]}}