{"id":36663,"date":"2026-03-02T14:48:32","date_gmt":"2026-03-02T07:48:32","guid":{"rendered":"http:\/\/loftrunway.com\/product\/nike-8-inch-special-field-boot-air-field-ukiah"},"modified":"2026-04-02T14:34:31","modified_gmt":"2026-04-02T07:34:31","slug":"nike-8-inch-special-field-boot-air-field-ukiah","status":"publish","type":"product","link":"https:\/\/loftrunway.com\/de\/products\/nike-8-inch-special-field-boot-air-field-ukiah\/","title":{"rendered":"Nike 8 Inch Special Field Boot &#8218;Air Field Ukiah&#8216;"},"content":{"rendered":"<p>Der Nike 8 Inch Special Field Boot \u201eAir Field Ukiah\u201c FV0573-001 ist ein robuster und dennoch leichter taktischer Stiefel, der f\u00fcr un\u00fcbertroffene Strapazierf\u00e4higkeit, Komfort und Leistung in unterschiedlichem Gel\u00e4nde sorgt. Das Obermaterial aus strapazierf\u00e4higem Nylon und Synthetikleder gew\u00e4hrleistet optimale Atmungsaktivit\u00e4t und ist gleichzeitig abrieb- und verschlei\u00dffest. Die 8-Zoll-Schafth\u00f6he bietet hervorragende Kn\u00f6chelunterst\u00fctzung und macht den Stiefel ideal f\u00fcr anspruchsvolle Outdoor-Bedingungen oder lange Eins\u00e4tze. Das dynamische Schn\u00fcrsystem sorgt f\u00fcr sicheren und individuell anpassbaren Halt, w\u00e4hrend das griffige Sohlenprofil au\u00dfergew\u00f6hnliche Traktion auf rutschigen oder unebenen Oberfl\u00e4chen bietet. Die gepolsterte Zwischensohle reduziert die Erm\u00fcdung und macht den Stiefel perfekt f\u00fcr den Dauereinsatz in anspruchsvollen Umgebungen. Der Air Field Ukiah Stiefel vereint Technologie in Milit\u00e4rqualit\u00e4t mit Nikes bekannter Innovationskraft und ist die ideale Wahl f\u00fcr Outdoor-Fans, Einsatzkr\u00e4fte und alle, die Wert auf ein ausgewogenes Verh\u00e4ltnis von Leistung und Stil legen.<\/p>\n<ul>\n<li><strong>Farbgebung:<\/strong> Schwarz\/Schwarz<\/li>\n<li><strong>Artikelnummer:<\/strong> FV0573-001<\/li>\n<li><strong>Obermaterial:<\/strong> Leder<\/li>\n<li><strong>Zwischensohle:<\/strong> Zoom Air<\/li>\n<li><strong>Farbe:<\/strong> Schwarz<\/li>\n<li><strong>Saison:<\/strong> Sommer<\/li>\n<li><strong>Erscheinungsjahr:<\/strong> 2025<\/li>\n<\/ul>\n","protected":false},"excerpt":{"rendered":"<p>Nike Special Field Boot 8 Inch \u201d\u201d Black\/Black<\/p>\n","protected":false},"featured_media":36664,"comment_status":"open","ping_status":"closed","template":"","meta":[],"product_brand":[],"product_cat":[10803,41273],"product_tag":[10807,14322,11245,10754,10801],"class_list":{"0":"post-36663","1":"product","2":"type-product","3":"status-publish","4":"has-post-thumbnail","6":"product_cat-nike","7":"product_cat-remove","8":"product_tag-athleisure-casual-shoes","9":"product_tag-boots-combat-boots","10":"product_tag-lifestyle-boots","11":"product_tag-lifestyle-casual-shoes","12":"product_tag-nike","13":"wcpa_has_options","15":"first","16":"instock","17":"taxable","18":"shipping-taxable","19":"purchasable","20":"product-type-simple"},"wcpa_form_fields":{"rules":{"pric_overide_base_price":false,"pric_overide_base_price_if_gt_zero":false,"pric_overide_base_price_fully":false,"pric_cal_option_once":false,"pric_use_as_fee":false,"bind_quantity":false,"quantity_bind_formula":false},"fields":[{"type":"color-group","required":true,"elementId":"wcpa-color-group-66c4a75505e74","label":"Gr\u00f6\u00dfe - EU Gr\u00f6\u00dfe","inline":true,"priceOptions":"different_for_all","pricingType":"fixed","className":"hassizechart product-shoes-size-eu product-shoes-size","name":"color-group-66c4a75505e89","disp_type":"square","selection_type":"tick-border","disp_size":"44","show_label_inside":true,"adjust_width":true,"cart_display_type":"text","other_text":"Other","cl_rule":"show","col":6,"values":[{"label":"35.5","value":"EU 35.5","price":"","pimage":"","pimage_id":"","pthumb":"","color":""},{"label":"36","value":"EU 36","price":"","pimage":"","pimage_id":"","pthumb":"","color":"","selected":true},{"label":"36.5","value":"EU 36.5","price":"","pimage":"","pimage_id":"","pthumb":"","color":""},{"label":"37.5","value":"EU 37.5","price":"","pimage":"","pimage_id":"","pthumb":"","color":""},{"label":"38","value":"EU 38","price":"","pimage":"","pimage_id":"","pthumb":"","color":""},{"label":"38.5","value":"EU 38.5","price":"","pimage":"","pimage_id":"","pthumb":"","color":""},{"label":"39","value":"EU 39","price":"","pimage":"","pimage_id":"","pthumb":"","color":""},{"label":"40","value":"EU 40","price":"","pimage":"","pimage_id":"","pthumb":"","color":""},{"label":"40.5","value":"EU 40.5","price":"","pimage":"","pimage_id":"","pthumb":"","color":""},{"label":"41","value":"EU 41","price":"","pimage":"","pimage_id":"","pthumb":"","color":""},{"label":"42","value":"EU 42","price":"","pimage":"","pimage_id":"","pthumb":"","color":""},{"label":"42.5","value":"EU 42.5","price":"","pimage":"","pimage_id":"","pthumb":"","color":""},{"label":"43","value":"EU 43","price":"","pimage":"","pimage_id":"","pthumb":"","color":""},{"label":"44","value":"EU 44","price":"","pimage":"","pimage_id":"","pthumb":"","color":""},{"label":"44.5","value":"EU 44.5","price":"","pimage":"","pimage_id":"","pthumb":"","color":""},{"label":"45","value":"EU 45","price":"","pimage":"","pimage_id":"","pthumb":"","color":""},{"label":"45.5","value":"EU 45.5","price":"","pimage":"","pimage_id":"","pthumb":"","color":""},{"label":"46","value":"EU 46","price":"","pimage":"","pimage_id":"","pthumb":"","color":""},{"label":"47","value":"EU 47","price":"","pimage":"","pimage_id":"","pthumb":"","color":""},{"label":"47.5","value":"EU 47.5","price":"","pimage":"","pimage_id":"","pthumb":"","color":""},{"label":"48","value":"EU 48","price":"","pimage":"","pimage_id":"","pthumb":"","color":""}],"relations":[{"operator":false,"rules":[]}],"form_id":18106,"form_rules":{"pric_cal_option_once":false,"exclude_from_discount":false,"pric_use_as_fee":false,"fee_label":"Fee","render_after_acb":false,"disp_hide_options_price":false}}]},"yoast_head":"<!-- This site is optimized with the Yoast SEO plugin v26.5 - https:\/\/yoast.com\/wordpress\/plugins\/seo\/ -->\n<title>Nike 8 Inch Special Field Boot &#039;Air Field Ukiah&#039;  - Loftrunway<\/title>\n<meta name=\"robots\" content=\"index, follow, max-snippet:-1, max-image-preview:large, max-video-preview:-1\" \/>\n<link rel=\"canonical\" href=\"https:\/\/loftrunway.com\/de\/products\/nike-8-inch-special-field-boot-air-field-ukiah\/\" \/>\n<meta property=\"og:locale\" content=\"de_DE\" \/>\n<meta property=\"og:type\" content=\"article\" \/>\n<meta property=\"og:title\" content=\"Nike 8 Inch Special Field Boot &#039;Air Field Ukiah&#039;  - Loftrunway\" \/>\n<meta property=\"og:description\" content=\"Nike Special Field Boot 8 Inch \u201d\u201d Black\/Black\" \/>\n<meta property=\"og:url\" content=\"https:\/\/loftrunway.com\/de\/products\/nike-8-inch-special-field-boot-air-field-ukiah\/\" \/>\n<meta property=\"og:site_name\" content=\"loftRUN Sneaker Store\" \/>\n<meta property=\"article:modified_time\" content=\"2026-04-02T07:34:31+00:00\" \/>\n<meta name=\"twitter:card\" content=\"summary_large_image\" \/>\n<meta name=\"twitter:image\" content=\"https:\/\/images.novelship.com\/product\/nike_8_inch_special_field_boot__air_field_ukiah__f_0_6082.jpeg\" \/>\n<meta name=\"twitter:label1\" content=\"Gesch\u00e4tzte Lesezeit\" \/>\n\t<meta name=\"twitter:data1\" content=\"1\u00a0Minute\" \/>\n<script type=\"application\/ld+json\" class=\"yoast-schema-graph\">{\"@context\":\"https:\/\/schema.org\",\"@graph\":[{\"@type\":\"WebPage\",\"@id\":\"https:\/\/loftrunway.com\/de\/products\/nike-8-inch-special-field-boot-air-field-ukiah\/\",\"url\":\"https:\/\/loftrunway.com\/de\/products\/nike-8-inch-special-field-boot-air-field-ukiah\/\",\"name\":\"Nike 8 Inch Special Field Boot 'Air Field Ukiah' - Loftrunway\",\"isPartOf\":{\"@id\":\"https:\/\/loftrunway.com\/de\/#website\"},\"primaryImageOfPage\":{\"@id\":\"https:\/\/loftrunway.com\/de\/products\/nike-8-inch-special-field-boot-air-field-ukiah\/#primaryimage\"},\"image\":{\"@id\":\"https:\/\/loftrunway.com\/de\/products\/nike-8-inch-special-field-boot-air-field-ukiah\/#primaryimage\"},\"thumbnailUrl\":\"https:\/\/images.novelship.com\/product\/nike_8_inch_special_field_boot__air_field_ukiah__f_0_6082.jpeg\",\"datePublished\":\"2026-03-02T07:48:32+00:00\",\"dateModified\":\"2026-04-02T07:34:31+00:00\",\"breadcrumb\":{\"@id\":\"https:\/\/loftrunway.com\/de\/products\/nike-8-inch-special-field-boot-air-field-ukiah\/#breadcrumb\"},\"inLanguage\":\"de\",\"potentialAction\":[{\"@type\":\"ReadAction\",\"target\":[\"https:\/\/loftrunway.com\/de\/products\/nike-8-inch-special-field-boot-air-field-ukiah\/\"]}]},{\"@type\":\"ImageObject\",\"inLanguage\":\"de\",\"@id\":\"https:\/\/loftrunway.com\/de\/products\/nike-8-inch-special-field-boot-air-field-ukiah\/#primaryimage\",\"url\":\"https:\/\/images.novelship.com\/product\/nike_8_inch_special_field_boot__air_field_ukiah__f_0_6082.jpeg\",\"contentUrl\":\"https:\/\/images.novelship.com\/product\/nike_8_inch_special_field_boot__air_field_ukiah__f_0_6082.jpeg\"},{\"@type\":\"BreadcrumbList\",\"@id\":\"https:\/\/loftrunway.com\/de\/products\/nike-8-inch-special-field-boot-air-field-ukiah\/#breadcrumb\",\"itemListElement\":[{\"@type\":\"ListItem\",\"position\":1,\"name\":\"Home\",\"item\":\"https:\/\/loftrunway.com\/de\/\"},{\"@type\":\"ListItem\",\"position\":2,\"name\":\"Shop\",\"item\":\"https:\/\/loftrunway.com\/de\/shop\/\"},{\"@type\":\"ListItem\",\"position\":3,\"name\":\"Nike 8 Inch Special Field Boot &#8218;Air Field Ukiah&#8216;\"}]},{\"@type\":\"WebSite\",\"@id\":\"https:\/\/loftrunway.com\/de\/#website\",\"url\":\"https:\/\/loftrunway.com\/de\/\",\"name\":\"Styloral Jewelry Shop\",\"description\":\"Der Ort, an dem man alle Arten von Sneakern findet\",\"publisher\":{\"@id\":\"https:\/\/loftrunway.com\/de\/#organization\"},\"potentialAction\":[{\"@type\":\"SearchAction\",\"target\":{\"@type\":\"EntryPoint\",\"urlTemplate\":\"https:\/\/loftrunway.com\/de\/?s={search_term_string}\"},\"query-input\":{\"@type\":\"PropertyValueSpecification\",\"valueRequired\":true,\"valueName\":\"search_term_string\"}}],\"inLanguage\":\"de\"},{\"@type\":\"Organization\",\"@id\":\"https:\/\/loftrunway.com\/de\/#organization\",\"name\":\"STYLORAL PTE. LTD\",\"url\":\"https:\/\/loftrunway.com\/de\/\",\"logo\":{\"@type\":\"ImageObject\",\"inLanguage\":\"de\",\"@id\":\"https:\/\/loftrunway.com\/de\/#\/schema\/logo\/image\/\",\"url\":\"https:\/\/www.loftrunway.com\/wp-content\/uploads\/2025\/12\/logo.png\",\"contentUrl\":\"https:\/\/www.loftrunway.com\/wp-content\/uploads\/2025\/12\/logo.png\",\"width\":200,\"height\":65,\"caption\":\"STYLORAL PTE. LTD\"},\"image\":{\"@id\":\"https:\/\/loftrunway.com\/de\/#\/schema\/logo\/image\/\"}}]}<\/script>\n<!-- \/ Yoast SEO plugin. -->","yoast_head_json":{"title":"Nike 8 Inch Special Field Boot 'Air Field Ukiah'  - Loftrunway","robots":{"index":"index","follow":"follow","max-snippet":"max-snippet:-1","max-image-preview":"max-image-preview:large","max-video-preview":"max-video-preview:-1"},"canonical":"https:\/\/loftrunway.com\/de\/products\/nike-8-inch-special-field-boot-air-field-ukiah\/","og_locale":"de_DE","og_type":"article","og_title":"Nike 8 Inch Special Field Boot 'Air Field Ukiah'  - Loftrunway","og_description":"Nike Special Field Boot 8 Inch \u201d\u201d Black\/Black","og_url":"https:\/\/loftrunway.com\/de\/products\/nike-8-inch-special-field-boot-air-field-ukiah\/","og_site_name":"loftRUN Sneaker Store","article_modified_time":"2026-04-02T07:34:31+00:00","twitter_card":"summary_large_image","twitter_image":"https:\/\/images.novelship.com\/product\/nike_8_inch_special_field_boot__air_field_ukiah__f_0_6082.jpeg","twitter_misc":{"Gesch\u00e4tzte Lesezeit":"1\u00a0Minute"},"schema":{"@context":"https:\/\/schema.org","@graph":[{"@type":"WebPage","@id":"https:\/\/loftrunway.com\/de\/products\/nike-8-inch-special-field-boot-air-field-ukiah\/","url":"https:\/\/loftrunway.com\/de\/products\/nike-8-inch-special-field-boot-air-field-ukiah\/","name":"Nike 8 Inch Special Field Boot 'Air Field Ukiah' - Loftrunway","isPartOf":{"@id":"https:\/\/loftrunway.com\/de\/#website"},"primaryImageOfPage":{"@id":"https:\/\/loftrunway.com\/de\/products\/nike-8-inch-special-field-boot-air-field-ukiah\/#primaryimage"},"image":{"@id":"https:\/\/loftrunway.com\/de\/products\/nike-8-inch-special-field-boot-air-field-ukiah\/#primaryimage"},"thumbnailUrl":"https:\/\/images.novelship.com\/product\/nike_8_inch_special_field_boot__air_field_ukiah__f_0_6082.jpeg","datePublished":"2026-03-02T07:48:32+00:00","dateModified":"2026-04-02T07:34:31+00:00","breadcrumb":{"@id":"https:\/\/loftrunway.com\/de\/products\/nike-8-inch-special-field-boot-air-field-ukiah\/#breadcrumb"},"inLanguage":"de","potentialAction":[{"@type":"ReadAction","target":["https:\/\/loftrunway.com\/de\/products\/nike-8-inch-special-field-boot-air-field-ukiah\/"]}]},{"@type":"ImageObject","inLanguage":"de","@id":"https:\/\/loftrunway.com\/de\/products\/nike-8-inch-special-field-boot-air-field-ukiah\/#primaryimage","url":"https:\/\/images.novelship.com\/product\/nike_8_inch_special_field_boot__air_field_ukiah__f_0_6082.jpeg","contentUrl":"https:\/\/images.novelship.com\/product\/nike_8_inch_special_field_boot__air_field_ukiah__f_0_6082.jpeg"},{"@type":"BreadcrumbList","@id":"https:\/\/loftrunway.com\/de\/products\/nike-8-inch-special-field-boot-air-field-ukiah\/#breadcrumb","itemListElement":[{"@type":"ListItem","position":1,"name":"Home","item":"https:\/\/loftrunway.com\/de\/"},{"@type":"ListItem","position":2,"name":"Shop","item":"https:\/\/loftrunway.com\/de\/shop\/"},{"@type":"ListItem","position":3,"name":"Nike 8 Inch Special Field Boot &#8218;Air Field Ukiah&#8216;"}]},{"@type":"WebSite","@id":"https:\/\/loftrunway.com\/de\/#website","url":"https:\/\/loftrunway.com\/de\/","name":"Styloral Jewelry Shop","description":"Der Ort, an dem man alle Arten von Sneakern findet","publisher":{"@id":"https:\/\/loftrunway.com\/de\/#organization"},"potentialAction":[{"@type":"SearchAction","target":{"@type":"EntryPoint","urlTemplate":"https:\/\/loftrunway.com\/de\/?s={search_term_string}"},"query-input":{"@type":"PropertyValueSpecification","valueRequired":true,"valueName":"search_term_string"}}],"inLanguage":"de"},{"@type":"Organization","@id":"https:\/\/loftrunway.com\/de\/#organization","name":"STYLORAL PTE. LTD","url":"https:\/\/loftrunway.com\/de\/","logo":{"@type":"ImageObject","inLanguage":"de","@id":"https:\/\/loftrunway.com\/de\/#\/schema\/logo\/image\/","url":"https:\/\/www.loftrunway.com\/wp-content\/uploads\/2025\/12\/logo.png","contentUrl":"https:\/\/www.loftrunway.com\/wp-content\/uploads\/2025\/12\/logo.png","width":200,"height":65,"caption":"STYLORAL PTE. LTD"},"image":{"@id":"https:\/\/loftrunway.com\/de\/#\/schema\/logo\/image\/"}}]}},"_links":{"self":[{"href":"https:\/\/loftrunway.com\/de\/wp-json\/wp\/v2\/product\/36663","targetHints":{"allow":["GET"]}}],"collection":[{"href":"https:\/\/loftrunway.com\/de\/wp-json\/wp\/v2\/product"}],"about":[{"href":"https:\/\/loftrunway.com\/de\/wp-json\/wp\/v2\/types\/product"}],"replies":[{"embeddable":true,"href":"https:\/\/loftrunway.com\/de\/wp-json\/wp\/v2\/comments?post=36663"}],"wp:featuredmedia":[{"embeddable":true,"href":"https:\/\/loftrunway.com\/de\/wp-json\/wp\/v2\/media\/36664"}],"wp:attachment":[{"href":"https:\/\/loftrunway.com\/de\/wp-json\/wp\/v2\/media?parent=36663"}],"wp:term":[{"taxonomy":"product_brand","embeddable":true,"href":"https:\/\/loftrunway.com\/de\/wp-json\/wp\/v2\/product_brand?post=36663"},{"taxonomy":"product_cat","embeddable":true,"href":"https:\/\/loftrunway.com\/de\/wp-json\/wp\/v2\/product_cat?post=36663"},{"taxonomy":"product_tag","embeddable":true,"href":"https:\/\/loftrunway.com\/de\/wp-json\/wp\/v2\/product_tag?post=36663"}],"curies":[{"name":"wp","href":"https:\/\/api.w.org\/{rel}","templated":true}]}}