{"id":37173,"date":"2026-03-02T14:49:16","date_gmt":"2026-03-02T07:49:16","guid":{"rendered":"http:\/\/loftrunway.com\/product\/adidas-copa-gloro-2-short-tongue-hgag-bright-royal"},"modified":"2026-04-02T14:34:50","modified_gmt":"2026-04-02T07:34:50","slug":"adidas-copa-gloro-2-short-tongue-hgag-bright-royal","status":"publish","type":"product","link":"https:\/\/loftrunway.com\/de\/products\/adidas-copa-gloro-2-short-tongue-hgag-bright-royal\/","title":{"rendered":"adidas Copa Gloro 2 Short Tongue HG\/AG &#8218;Bright Royal&#8216;"},"content":{"rendered":"<p>Erlebe erstklassige Performance und zeitlosen Style mit dem adidas Copa Gloro 2 Short Tongue HG\/AG &#8218;Bright Royal&#8216; JH7163. Dieser Fu\u00dfballschuh wurde f\u00fcr optimalen Grip und Anpassungsf\u00e4higkeit auf Hartpl\u00e4tzen und Kunstrasen entwickelt. Das weiche, strapazierf\u00e4hige Obermaterial aus Synthetik und Leder sorgt f\u00fcr au\u00dfergew\u00f6hnlichen Komfort, pr\u00e4zise Ballkontrolle und eine perfekte Passform, die sich deinem Fu\u00df anpasst. Die ikonische, umklappbare Zunge mit elastischen B\u00e4ndern garantiert eine saubere Schussfl\u00e4che und verbessert so die Ballkontrolle f\u00fcr Spieler aller Leistungsstufen. Die leichte, reaktionsfreudige Au\u00dfensohle bietet optimale Traktion und Stabilit\u00e4t, damit du deine Gegner auf verschiedenen Spielfeldern m\u00fchelos ausman\u00f6vrieren kannst. Das Modell in kr\u00e4ftigem Bright Royal-Blau vereint Funktionalit\u00e4t und auff\u00e4llige \u00c4sthetik und ist damit ein echter Hingucker f\u00fcr Wettkampf und Freizeit. Der adidas Copa Gloro 2 wurde f\u00fcr alle entwickelt, die Wert auf Handwerkskunst und Leistung legen und mit dem du das Spielfeld mit Stil dominierst.<\/p>\n<ul>\n<li><strong>Style Code:<\/strong> JH7163<\/li>\n<li><strong>Color:<\/strong> White<\/li>\n<\/ul>\n","protected":false},"excerpt":{"rendered":"<p>adidas Copa Gloro 2 Short Tongue HG\/AG &#8218;Bright Royal&#8216;<\/p>\n","protected":false},"featured_media":37174,"comment_status":"open","ping_status":"closed","template":"","meta":[],"product_brand":[],"product_cat":[10760,41273],"product_tag":[10759,11476,13548,10802,10986,10987,10758],"class_list":{"0":"post-37173","1":"product","2":"type-product","3":"status-publish","4":"has-post-thumbnail","6":"product_cat-adidas","7":"product_cat-remove","8":"product_tag-adidas","9":"product_tag-artificial-ground-ag-football-boots","10":"product_tag-hard-ground-hg-football-boots","11":"product_tag-performance-sport-shoes","12":"product_tag-soccer-shoes","13":"product_tag-soccer-shoes-football-cleats","14":"product_tag-under-retail","15":"wcpa_has_options","17":"first","18":"instock","19":"taxable","20":"shipping-taxable","21":"purchasable","22":"product-type-simple"},"wcpa_form_fields":{"rules":{"pric_overide_base_price":false,"pric_overide_base_price_if_gt_zero":false,"pric_overide_base_price_fully":false,"pric_cal_option_once":false,"pric_use_as_fee":false,"bind_quantity":false,"quantity_bind_formula":false},"fields":[{"type":"color-group","required":true,"elementId":"wcpa-color-group-66c4a7f817afe","label":"Gr\u00f6\u00dfe","inline":true,"priceOptions":"different_for_all","pricingType":"fixed","className":"hassizechart product-shoes-size-eu product-shoes-size","name":"color-group-66c4a7f817b18","disp_type":"square","selection_type":"tick-border","disp_size":"50","show_label_inside":true,"adjust_width":true,"cart_display_type":"text","other_text":"Other","cl_rule":"show","col":6,"values":[{"label":"35","value":"EU 35","price":"","pimage":"","pimage_id":"","pthumb":"","color":""},{"label":"35.5","value":"EU 35.5","price":"","pimage":"","pimage_id":"","pthumb":"","color":""},{"label":"36","value":"EU 36","price":"","pimage":"","pimage_id":"","pthumb":"","color":"","selected":true},{"label":"36 2\/3","value":"EU 36 2\/3","price":"","pimage":"","pimage_id":"","pthumb":"","color":""},{"label":"37 1\/3","value":"EU 37 1\/3","price":"","pimage":"","pimage_id":"","pthumb":"","color":""},{"label":"38","value":"EU 38","price":"","pimage":"","pimage_id":"","pthumb":"","color":""},{"label":"38 2\/3","value":"EU 38 2\/3","price":"","pimage":"","pimage_id":"","pthumb":"","color":""},{"label":"39 1\/3","value":"EU 39 1\/3","price":"","pimage":"","pimage_id":"","pthumb":"","color":""},{"label":"40","value":"EU 40","price":"","pimage":"","pimage_id":"","pthumb":"","color":""},{"label":"40 2\/3","value":"EU 40 2\/3","price":"","pimage":"","pimage_id":"","pthumb":"","color":""},{"label":"41 1\/3","value":"EU 41 1\/3","price":"","pimage":"","pimage_id":"","pthumb":"","color":""},{"label":"42","value":"EU 42","price":"","pimage":"","pimage_id":"","pthumb":"","color":""},{"label":"42 2\/3","value":"EU 42 2\/3","price":"","pimage":"","pimage_id":"","pthumb":"","color":""},{"label":"43 1\/3","value":"EU 43 1\/3","price":"","pimage":"","pimage_id":"","pthumb":"","color":""},{"label":"44","value":"EU 44","price":"","pimage":"","pimage_id":"","pthumb":"","color":""},{"label":"44 2\/3","value":"EU 44 2\/3","price":"","pimage":"","pimage_id":"","pthumb":"","color":""},{"label":"45 1\/3","value":"EU 45 1\/3","price":"","pimage":"","pimage_id":"","pthumb":"","color":""},{"label":"46","value":"EU 46","price":"","pimage":"","pimage_id":"","pthumb":"","color":""},{"label":"46 2\/3","value":"EU 46 2\/3","price":"","pimage":"","pimage_id":"","pthumb":"","color":""},{"label":"47 1\/3","value":"EU 47 1\/3","price":"","pimage":"","pimage_id":"","pthumb":"","color":""}],"relations":[{"operator":false,"rules":[]}],"form_id":24802,"form_rules":{"pric_cal_option_once":false,"exclude_from_discount":false,"pric_use_as_fee":false,"fee_label":"Fee","render_after_acb":false,"disp_hide_options_price":false}}]},"yoast_head":"<!-- This site is optimized with the Yoast SEO plugin v26.5 - https:\/\/yoast.com\/wordpress\/plugins\/seo\/ -->\n<title>adidas Copa Gloro 2 Short Tongue HG\/AG &#039;Bright Royal&#039;  - Loftrunway<\/title>\n<meta name=\"robots\" content=\"index, follow, max-snippet:-1, max-image-preview:large, max-video-preview:-1\" \/>\n<link rel=\"canonical\" href=\"https:\/\/loftrunway.com\/de\/products\/adidas-copa-gloro-2-short-tongue-hgag-bright-royal\/\" \/>\n<meta property=\"og:locale\" content=\"de_DE\" \/>\n<meta property=\"og:type\" content=\"article\" \/>\n<meta property=\"og:title\" content=\"adidas Copa Gloro 2 Short Tongue HG\/AG &#039;Bright Royal&#039;  - Loftrunway\" \/>\n<meta property=\"og:description\" content=\"adidas Copa Gloro 2 Short Tongue HG\/AG &#039;Bright Royal&#039;\" \/>\n<meta property=\"og:url\" content=\"https:\/\/loftrunway.com\/de\/products\/adidas-copa-gloro-2-short-tongue-hgag-bright-royal\/\" \/>\n<meta property=\"og:site_name\" content=\"loftRUN Sneaker Store\" \/>\n<meta property=\"article:modified_time\" content=\"2026-04-02T07:34:50+00:00\" \/>\n<meta name=\"twitter:card\" content=\"summary_large_image\" \/>\n<meta name=\"twitter:image\" content=\"https:\/\/images.novelship.com\/product\/adidas_copa_gloro_2_short_tongue_hg_ag__bright_roy_0_41216.jpeg\" \/>\n<meta name=\"twitter:label1\" content=\"Gesch\u00e4tzte Lesezeit\" \/>\n\t<meta name=\"twitter:data1\" content=\"1\u00a0Minute\" \/>\n<script type=\"application\/ld+json\" class=\"yoast-schema-graph\">{\"@context\":\"https:\/\/schema.org\",\"@graph\":[{\"@type\":\"WebPage\",\"@id\":\"https:\/\/loftrunway.com\/de\/products\/adidas-copa-gloro-2-short-tongue-hgag-bright-royal\/\",\"url\":\"https:\/\/loftrunway.com\/de\/products\/adidas-copa-gloro-2-short-tongue-hgag-bright-royal\/\",\"name\":\"adidas Copa Gloro 2 Short Tongue HG\/AG 'Bright Royal' - Loftrunway\",\"isPartOf\":{\"@id\":\"https:\/\/loftrunway.com\/de\/#website\"},\"primaryImageOfPage\":{\"@id\":\"https:\/\/loftrunway.com\/de\/products\/adidas-copa-gloro-2-short-tongue-hgag-bright-royal\/#primaryimage\"},\"image\":{\"@id\":\"https:\/\/loftrunway.com\/de\/products\/adidas-copa-gloro-2-short-tongue-hgag-bright-royal\/#primaryimage\"},\"thumbnailUrl\":\"https:\/\/images.novelship.com\/product\/adidas_copa_gloro_2_short_tongue_hg_ag__bright_roy_0_41216.jpeg\",\"datePublished\":\"2026-03-02T07:49:16+00:00\",\"dateModified\":\"2026-04-02T07:34:50+00:00\",\"breadcrumb\":{\"@id\":\"https:\/\/loftrunway.com\/de\/products\/adidas-copa-gloro-2-short-tongue-hgag-bright-royal\/#breadcrumb\"},\"inLanguage\":\"de\",\"potentialAction\":[{\"@type\":\"ReadAction\",\"target\":[\"https:\/\/loftrunway.com\/de\/products\/adidas-copa-gloro-2-short-tongue-hgag-bright-royal\/\"]}]},{\"@type\":\"ImageObject\",\"inLanguage\":\"de\",\"@id\":\"https:\/\/loftrunway.com\/de\/products\/adidas-copa-gloro-2-short-tongue-hgag-bright-royal\/#primaryimage\",\"url\":\"https:\/\/images.novelship.com\/product\/adidas_copa_gloro_2_short_tongue_hg_ag__bright_roy_0_41216.jpeg\",\"contentUrl\":\"https:\/\/images.novelship.com\/product\/adidas_copa_gloro_2_short_tongue_hg_ag__bright_roy_0_41216.jpeg\"},{\"@type\":\"BreadcrumbList\",\"@id\":\"https:\/\/loftrunway.com\/de\/products\/adidas-copa-gloro-2-short-tongue-hgag-bright-royal\/#breadcrumb\",\"itemListElement\":[{\"@type\":\"ListItem\",\"position\":1,\"name\":\"Home\",\"item\":\"https:\/\/loftrunway.com\/de\/\"},{\"@type\":\"ListItem\",\"position\":2,\"name\":\"Shop\",\"item\":\"https:\/\/loftrunway.com\/de\/shop\/\"},{\"@type\":\"ListItem\",\"position\":3,\"name\":\"adidas Copa Gloro 2 Short Tongue HG\/AG &#8218;Bright Royal&#8216;\"}]},{\"@type\":\"WebSite\",\"@id\":\"https:\/\/loftrunway.com\/de\/#website\",\"url\":\"https:\/\/loftrunway.com\/de\/\",\"name\":\"Styloral Jewelry Shop\",\"description\":\"Der Ort, an dem man alle Arten von Sneakern findet\",\"publisher\":{\"@id\":\"https:\/\/loftrunway.com\/de\/#organization\"},\"potentialAction\":[{\"@type\":\"SearchAction\",\"target\":{\"@type\":\"EntryPoint\",\"urlTemplate\":\"https:\/\/loftrunway.com\/de\/?s={search_term_string}\"},\"query-input\":{\"@type\":\"PropertyValueSpecification\",\"valueRequired\":true,\"valueName\":\"search_term_string\"}}],\"inLanguage\":\"de\"},{\"@type\":\"Organization\",\"@id\":\"https:\/\/loftrunway.com\/de\/#organization\",\"name\":\"STYLORAL PTE. LTD\",\"url\":\"https:\/\/loftrunway.com\/de\/\",\"logo\":{\"@type\":\"ImageObject\",\"inLanguage\":\"de\",\"@id\":\"https:\/\/loftrunway.com\/de\/#\/schema\/logo\/image\/\",\"url\":\"https:\/\/www.loftrunway.com\/wp-content\/uploads\/2025\/12\/logo.png\",\"contentUrl\":\"https:\/\/www.loftrunway.com\/wp-content\/uploads\/2025\/12\/logo.png\",\"width\":200,\"height\":65,\"caption\":\"STYLORAL PTE. LTD\"},\"image\":{\"@id\":\"https:\/\/loftrunway.com\/de\/#\/schema\/logo\/image\/\"}}]}<\/script>\n<!-- \/ Yoast SEO plugin. -->","yoast_head_json":{"title":"adidas Copa Gloro 2 Short Tongue HG\/AG 'Bright Royal'  - Loftrunway","robots":{"index":"index","follow":"follow","max-snippet":"max-snippet:-1","max-image-preview":"max-image-preview:large","max-video-preview":"max-video-preview:-1"},"canonical":"https:\/\/loftrunway.com\/de\/products\/adidas-copa-gloro-2-short-tongue-hgag-bright-royal\/","og_locale":"de_DE","og_type":"article","og_title":"adidas Copa Gloro 2 Short Tongue HG\/AG 'Bright Royal'  - Loftrunway","og_description":"adidas Copa Gloro 2 Short Tongue HG\/AG 'Bright Royal'","og_url":"https:\/\/loftrunway.com\/de\/products\/adidas-copa-gloro-2-short-tongue-hgag-bright-royal\/","og_site_name":"loftRUN Sneaker Store","article_modified_time":"2026-04-02T07:34:50+00:00","twitter_card":"summary_large_image","twitter_image":"https:\/\/images.novelship.com\/product\/adidas_copa_gloro_2_short_tongue_hg_ag__bright_roy_0_41216.jpeg","twitter_misc":{"Gesch\u00e4tzte Lesezeit":"1\u00a0Minute"},"schema":{"@context":"https:\/\/schema.org","@graph":[{"@type":"WebPage","@id":"https:\/\/loftrunway.com\/de\/products\/adidas-copa-gloro-2-short-tongue-hgag-bright-royal\/","url":"https:\/\/loftrunway.com\/de\/products\/adidas-copa-gloro-2-short-tongue-hgag-bright-royal\/","name":"adidas Copa Gloro 2 Short Tongue HG\/AG 'Bright Royal' - Loftrunway","isPartOf":{"@id":"https:\/\/loftrunway.com\/de\/#website"},"primaryImageOfPage":{"@id":"https:\/\/loftrunway.com\/de\/products\/adidas-copa-gloro-2-short-tongue-hgag-bright-royal\/#primaryimage"},"image":{"@id":"https:\/\/loftrunway.com\/de\/products\/adidas-copa-gloro-2-short-tongue-hgag-bright-royal\/#primaryimage"},"thumbnailUrl":"https:\/\/images.novelship.com\/product\/adidas_copa_gloro_2_short_tongue_hg_ag__bright_roy_0_41216.jpeg","datePublished":"2026-03-02T07:49:16+00:00","dateModified":"2026-04-02T07:34:50+00:00","breadcrumb":{"@id":"https:\/\/loftrunway.com\/de\/products\/adidas-copa-gloro-2-short-tongue-hgag-bright-royal\/#breadcrumb"},"inLanguage":"de","potentialAction":[{"@type":"ReadAction","target":["https:\/\/loftrunway.com\/de\/products\/adidas-copa-gloro-2-short-tongue-hgag-bright-royal\/"]}]},{"@type":"ImageObject","inLanguage":"de","@id":"https:\/\/loftrunway.com\/de\/products\/adidas-copa-gloro-2-short-tongue-hgag-bright-royal\/#primaryimage","url":"https:\/\/images.novelship.com\/product\/adidas_copa_gloro_2_short_tongue_hg_ag__bright_roy_0_41216.jpeg","contentUrl":"https:\/\/images.novelship.com\/product\/adidas_copa_gloro_2_short_tongue_hg_ag__bright_roy_0_41216.jpeg"},{"@type":"BreadcrumbList","@id":"https:\/\/loftrunway.com\/de\/products\/adidas-copa-gloro-2-short-tongue-hgag-bright-royal\/#breadcrumb","itemListElement":[{"@type":"ListItem","position":1,"name":"Home","item":"https:\/\/loftrunway.com\/de\/"},{"@type":"ListItem","position":2,"name":"Shop","item":"https:\/\/loftrunway.com\/de\/shop\/"},{"@type":"ListItem","position":3,"name":"adidas Copa Gloro 2 Short Tongue HG\/AG &#8218;Bright Royal&#8216;"}]},{"@type":"WebSite","@id":"https:\/\/loftrunway.com\/de\/#website","url":"https:\/\/loftrunway.com\/de\/","name":"Styloral Jewelry Shop","description":"Der Ort, an dem man alle Arten von Sneakern findet","publisher":{"@id":"https:\/\/loftrunway.com\/de\/#organization"},"potentialAction":[{"@type":"SearchAction","target":{"@type":"EntryPoint","urlTemplate":"https:\/\/loftrunway.com\/de\/?s={search_term_string}"},"query-input":{"@type":"PropertyValueSpecification","valueRequired":true,"valueName":"search_term_string"}}],"inLanguage":"de"},{"@type":"Organization","@id":"https:\/\/loftrunway.com\/de\/#organization","name":"STYLORAL PTE. LTD","url":"https:\/\/loftrunway.com\/de\/","logo":{"@type":"ImageObject","inLanguage":"de","@id":"https:\/\/loftrunway.com\/de\/#\/schema\/logo\/image\/","url":"https:\/\/www.loftrunway.com\/wp-content\/uploads\/2025\/12\/logo.png","contentUrl":"https:\/\/www.loftrunway.com\/wp-content\/uploads\/2025\/12\/logo.png","width":200,"height":65,"caption":"STYLORAL PTE. LTD"},"image":{"@id":"https:\/\/loftrunway.com\/de\/#\/schema\/logo\/image\/"}}]}},"_links":{"self":[{"href":"https:\/\/loftrunway.com\/de\/wp-json\/wp\/v2\/product\/37173","targetHints":{"allow":["GET"]}}],"collection":[{"href":"https:\/\/loftrunway.com\/de\/wp-json\/wp\/v2\/product"}],"about":[{"href":"https:\/\/loftrunway.com\/de\/wp-json\/wp\/v2\/types\/product"}],"replies":[{"embeddable":true,"href":"https:\/\/loftrunway.com\/de\/wp-json\/wp\/v2\/comments?post=37173"}],"wp:featuredmedia":[{"embeddable":true,"href":"https:\/\/loftrunway.com\/de\/wp-json\/wp\/v2\/media\/37174"}],"wp:attachment":[{"href":"https:\/\/loftrunway.com\/de\/wp-json\/wp\/v2\/media?parent=37173"}],"wp:term":[{"taxonomy":"product_brand","embeddable":true,"href":"https:\/\/loftrunway.com\/de\/wp-json\/wp\/v2\/product_brand?post=37173"},{"taxonomy":"product_cat","embeddable":true,"href":"https:\/\/loftrunway.com\/de\/wp-json\/wp\/v2\/product_cat?post=37173"},{"taxonomy":"product_tag","embeddable":true,"href":"https:\/\/loftrunway.com\/de\/wp-json\/wp\/v2\/product_tag?post=37173"}],"curies":[{"name":"wp","href":"https:\/\/api.w.org\/{rel}","templated":true}]}}