{"id":38700,"date":"2026-03-02T14:51:33","date_gmt":"2026-03-02T07:51:33","guid":{"rendered":"http:\/\/loftrunway.com\/product\/comme-des-garons-homme-plus-x-nike-air-max-tl-25-black-white"},"modified":"2026-03-03T17:49:58","modified_gmt":"2026-03-03T10:49:58","slug":"comme-des-garons-homme-plus-x-nike-air-max-tl-25-black-white","status":"publish","type":"product","link":"https:\/\/loftrunway.com\/de\/products\/comme-des-garons-homme-plus-x-nike-air-max-tl-25-black-white\/","title":{"rendered":"Comme des Garcons Homme Plus x Nike Air Max TL 2.5 &#8218;Black White&#8216;"},"content":{"rendered":"<p>Entdecke den Comme des Garcons Homme Plus x Nike Air Max TL 2.5 \u201eBlack White\u201c \u201d\u201c hier trifft topaktuelle Mode auf sportliche Innovation. Die elegante schwarz-wei\u00dfe Farbpalette und die hochwertigen Materialien dieser Kollaboration sorgen f\u00fcr unvergleichlichen Komfort und Style. Die charakteristische Air Max-D\u00e4mpfung bietet optimale Unterst\u00fctzung, w\u00e4hrend das avantgardistische Design einzigartigen Flair verleiht. Dieser Sneaker ist perfekt f\u00fcr Trendsetter und garantiert, dass du in jeder Menge auff\u00e4llst. Bereichern Sie Ihre Schuhkollektion mit dieser ikonischen Kombination aus Mode und Funktion.<\/p>\n<ul>\n<li><strong>Farbgebung:<\/strong> Wei\u00df\/Schwarz\/Wei\u00df<\/li>\n<li><strong>Artikelnummer:<\/strong> HJ6539-101<\/li>\n<li><strong>Obermaterial:<\/strong> Mesh<\/li>\n<li><strong>Zwischensohle:<\/strong> Air<\/li>\n<li><strong>Farbe:<\/strong> Schwarz<\/li>\n<li><strong>Erscheinungsjahr:<\/strong> 2024<\/li>\n<\/ul>\n","protected":false},"excerpt":{"rendered":"<p>Nike None \u201d\u201d White\/Black\/White<\/p>\n","protected":false},"featured_media":38701,"comment_status":"open","ping_status":"closed","template":"","meta":[],"product_brand":[],"product_cat":[10803],"product_tag":[10750,10753,10754,10765,10801,10768],"class_list":{"0":"post-38700","1":"product","2":"type-product","3":"status-publish","4":"has-post-thumbnail","6":"product_cat-nike","7":"product_tag-athleisure-shoes","8":"product_tag-gift-for-him","9":"product_tag-lifestyle-casual-shoes","10":"product_tag-lifestyle-shoes-running-inspired","11":"product_tag-nike","12":"product_tag-retro-running-shoes","13":"wcpa_has_options","15":"first","16":"instock","17":"taxable","18":"shipping-taxable","19":"purchasable","20":"product-type-simple"},"wcpa_form_fields":{"rules":{"pric_overide_base_price":false,"pric_overide_base_price_if_gt_zero":false,"pric_overide_base_price_fully":false,"pric_cal_option_once":false,"pric_use_as_fee":false,"bind_quantity":false,"quantity_bind_formula":false},"fields":[{"type":"color-group","required":true,"elementId":"wcpa-color-group-66c4a75505e74","label":"Gr\u00f6\u00dfe - EU Gr\u00f6\u00dfe","inline":true,"priceOptions":"different_for_all","pricingType":"fixed","className":"hassizechart product-shoes-size-eu product-shoes-size","name":"color-group-66c4a75505e89","disp_type":"square","selection_type":"tick-border","disp_size":"44","show_label_inside":true,"adjust_width":true,"cart_display_type":"text","other_text":"Other","cl_rule":"show","col":6,"values":[{"label":"35.5","value":"EU 35.5","price":"","pimage":"","pimage_id":"","pthumb":"","color":""},{"label":"36","value":"EU 36","price":"","pimage":"","pimage_id":"","pthumb":"","color":"","selected":true},{"label":"36.5","value":"EU 36.5","price":"","pimage":"","pimage_id":"","pthumb":"","color":""},{"label":"37.5","value":"EU 37.5","price":"","pimage":"","pimage_id":"","pthumb":"","color":""},{"label":"38","value":"EU 38","price":"","pimage":"","pimage_id":"","pthumb":"","color":""},{"label":"38.5","value":"EU 38.5","price":"","pimage":"","pimage_id":"","pthumb":"","color":""},{"label":"39","value":"EU 39","price":"","pimage":"","pimage_id":"","pthumb":"","color":""},{"label":"40","value":"EU 40","price":"","pimage":"","pimage_id":"","pthumb":"","color":""},{"label":"40.5","value":"EU 40.5","price":"","pimage":"","pimage_id":"","pthumb":"","color":""},{"label":"41","value":"EU 41","price":"","pimage":"","pimage_id":"","pthumb":"","color":""},{"label":"42","value":"EU 42","price":"","pimage":"","pimage_id":"","pthumb":"","color":""},{"label":"42.5","value":"EU 42.5","price":"","pimage":"","pimage_id":"","pthumb":"","color":""},{"label":"43","value":"EU 43","price":"","pimage":"","pimage_id":"","pthumb":"","color":""},{"label":"44","value":"EU 44","price":"","pimage":"","pimage_id":"","pthumb":"","color":""},{"label":"44.5","value":"EU 44.5","price":"","pimage":"","pimage_id":"","pthumb":"","color":""},{"label":"45","value":"EU 45","price":"","pimage":"","pimage_id":"","pthumb":"","color":""},{"label":"45.5","value":"EU 45.5","price":"","pimage":"","pimage_id":"","pthumb":"","color":""},{"label":"46","value":"EU 46","price":"","pimage":"","pimage_id":"","pthumb":"","color":""},{"label":"47","value":"EU 47","price":"","pimage":"","pimage_id":"","pthumb":"","color":""},{"label":"47.5","value":"EU 47.5","price":"","pimage":"","pimage_id":"","pthumb":"","color":""},{"label":"48","value":"EU 48","price":"","pimage":"","pimage_id":"","pthumb":"","color":""}],"relations":[{"operator":false,"rules":[]}],"form_id":18106,"form_rules":{"pric_cal_option_once":false,"exclude_from_discount":false,"pric_use_as_fee":false,"fee_label":"Fee","render_after_acb":false,"disp_hide_options_price":false}}]},"yoast_head":"<!-- This site is optimized with the Yoast SEO plugin v26.5 - https:\/\/yoast.com\/wordpress\/plugins\/seo\/ -->\n<title>Comme des Garcons Homme Plus x Nike Air Max TL 2.5 &#039;Black White&#039; - Loftrunway<\/title>\n<meta name=\"robots\" content=\"index, follow, max-snippet:-1, max-image-preview:large, max-video-preview:-1\" \/>\n<link rel=\"canonical\" href=\"https:\/\/loftrunway.com\/de\/products\/comme-des-garons-homme-plus-x-nike-air-max-tl-25-black-white\/\" \/>\n<meta property=\"og:locale\" content=\"de_DE\" \/>\n<meta property=\"og:type\" content=\"article\" \/>\n<meta property=\"og:title\" content=\"Comme des Garcons Homme Plus x Nike Air Max TL 2.5 &#039;Black White&#039; - Loftrunway\" \/>\n<meta property=\"og:description\" content=\"Nike None \u201d\u201d White\/Black\/White\" \/>\n<meta property=\"og:url\" content=\"https:\/\/loftrunway.com\/de\/products\/comme-des-garons-homme-plus-x-nike-air-max-tl-25-black-white\/\" \/>\n<meta property=\"og:site_name\" content=\"loftRUN Sneaker Store\" \/>\n<meta property=\"article:modified_time\" content=\"2026-03-03T10:49:58+00:00\" \/>\n<meta name=\"twitter:card\" content=\"summary_large_image\" \/>\n<meta name=\"twitter:image\" content=\"https:\/\/images.novelship.com\/product\/comme_des_gar_ons_homme_plus_x_nike_air_max_tl_2_5_0_55436.jpeg\" \/>\n<meta name=\"twitter:label1\" content=\"Gesch\u00e4tzte Lesezeit\" \/>\n\t<meta name=\"twitter:data1\" content=\"1\u00a0Minute\" \/>\n<script type=\"application\/ld+json\" class=\"yoast-schema-graph\">{\"@context\":\"https:\/\/schema.org\",\"@graph\":[{\"@type\":\"WebPage\",\"@id\":\"https:\/\/loftrunway.com\/de\/products\/comme-des-garons-homme-plus-x-nike-air-max-tl-25-black-white\/\",\"url\":\"https:\/\/loftrunway.com\/de\/products\/comme-des-garons-homme-plus-x-nike-air-max-tl-25-black-white\/\",\"name\":\"Comme des Garcons Homme Plus x Nike Air Max TL 2.5 'Black White' - Loftrunway\",\"isPartOf\":{\"@id\":\"https:\/\/loftrunway.com\/de\/#website\"},\"primaryImageOfPage\":{\"@id\":\"https:\/\/loftrunway.com\/de\/products\/comme-des-garons-homme-plus-x-nike-air-max-tl-25-black-white\/#primaryimage\"},\"image\":{\"@id\":\"https:\/\/loftrunway.com\/de\/products\/comme-des-garons-homme-plus-x-nike-air-max-tl-25-black-white\/#primaryimage\"},\"thumbnailUrl\":\"https:\/\/images.novelship.com\/product\/comme_des_gar_ons_homme_plus_x_nike_air_max_tl_2_5_0_55436.jpeg\",\"datePublished\":\"2026-03-02T07:51:33+00:00\",\"dateModified\":\"2026-03-03T10:49:58+00:00\",\"breadcrumb\":{\"@id\":\"https:\/\/loftrunway.com\/de\/products\/comme-des-garons-homme-plus-x-nike-air-max-tl-25-black-white\/#breadcrumb\"},\"inLanguage\":\"de\",\"potentialAction\":[{\"@type\":\"ReadAction\",\"target\":[\"https:\/\/loftrunway.com\/de\/products\/comme-des-garons-homme-plus-x-nike-air-max-tl-25-black-white\/\"]}]},{\"@type\":\"ImageObject\",\"inLanguage\":\"de\",\"@id\":\"https:\/\/loftrunway.com\/de\/products\/comme-des-garons-homme-plus-x-nike-air-max-tl-25-black-white\/#primaryimage\",\"url\":\"https:\/\/images.novelship.com\/product\/comme_des_gar_ons_homme_plus_x_nike_air_max_tl_2_5_0_55436.jpeg\",\"contentUrl\":\"https:\/\/images.novelship.com\/product\/comme_des_gar_ons_homme_plus_x_nike_air_max_tl_2_5_0_55436.jpeg\",\"caption\":\"Comme des Gar\u00e7ons Homme Plus x Nike Air Max TL 2.5 &#8216;Black White&#8217;\"},{\"@type\":\"BreadcrumbList\",\"@id\":\"https:\/\/loftrunway.com\/de\/products\/comme-des-garons-homme-plus-x-nike-air-max-tl-25-black-white\/#breadcrumb\",\"itemListElement\":[{\"@type\":\"ListItem\",\"position\":1,\"name\":\"Home\",\"item\":\"https:\/\/loftrunway.com\/de\/\"},{\"@type\":\"ListItem\",\"position\":2,\"name\":\"Shop\",\"item\":\"https:\/\/loftrunway.com\/de\/shop\/\"},{\"@type\":\"ListItem\",\"position\":3,\"name\":\"Comme des Garcons Homme Plus x Nike Air Max TL 2.5 &#8218;Black White&#8216;\"}]},{\"@type\":\"WebSite\",\"@id\":\"https:\/\/loftrunway.com\/de\/#website\",\"url\":\"https:\/\/loftrunway.com\/de\/\",\"name\":\"Styloral Jewelry Shop\",\"description\":\"Der Ort, an dem man alle Arten von Sneakern findet\",\"publisher\":{\"@id\":\"https:\/\/loftrunway.com\/de\/#organization\"},\"potentialAction\":[{\"@type\":\"SearchAction\",\"target\":{\"@type\":\"EntryPoint\",\"urlTemplate\":\"https:\/\/loftrunway.com\/de\/?s={search_term_string}\"},\"query-input\":{\"@type\":\"PropertyValueSpecification\",\"valueRequired\":true,\"valueName\":\"search_term_string\"}}],\"inLanguage\":\"de\"},{\"@type\":\"Organization\",\"@id\":\"https:\/\/loftrunway.com\/de\/#organization\",\"name\":\"STYLORAL PTE. LTD\",\"url\":\"https:\/\/loftrunway.com\/de\/\",\"logo\":{\"@type\":\"ImageObject\",\"inLanguage\":\"de\",\"@id\":\"https:\/\/loftrunway.com\/de\/#\/schema\/logo\/image\/\",\"url\":\"https:\/\/www.loftrunway.com\/wp-content\/uploads\/2025\/12\/logo.png\",\"contentUrl\":\"https:\/\/www.loftrunway.com\/wp-content\/uploads\/2025\/12\/logo.png\",\"width\":200,\"height\":65,\"caption\":\"STYLORAL PTE. LTD\"},\"image\":{\"@id\":\"https:\/\/loftrunway.com\/de\/#\/schema\/logo\/image\/\"}}]}<\/script>\n<!-- \/ Yoast SEO plugin. -->","yoast_head_json":{"title":"Comme des Garcons Homme Plus x Nike Air Max TL 2.5 'Black White' - Loftrunway","robots":{"index":"index","follow":"follow","max-snippet":"max-snippet:-1","max-image-preview":"max-image-preview:large","max-video-preview":"max-video-preview:-1"},"canonical":"https:\/\/loftrunway.com\/de\/products\/comme-des-garons-homme-plus-x-nike-air-max-tl-25-black-white\/","og_locale":"de_DE","og_type":"article","og_title":"Comme des Garcons Homme Plus x Nike Air Max TL 2.5 'Black White' - Loftrunway","og_description":"Nike None \u201d\u201d White\/Black\/White","og_url":"https:\/\/loftrunway.com\/de\/products\/comme-des-garons-homme-plus-x-nike-air-max-tl-25-black-white\/","og_site_name":"loftRUN Sneaker Store","article_modified_time":"2026-03-03T10:49:58+00:00","twitter_card":"summary_large_image","twitter_image":"https:\/\/images.novelship.com\/product\/comme_des_gar_ons_homme_plus_x_nike_air_max_tl_2_5_0_55436.jpeg","twitter_misc":{"Gesch\u00e4tzte Lesezeit":"1\u00a0Minute"},"schema":{"@context":"https:\/\/schema.org","@graph":[{"@type":"WebPage","@id":"https:\/\/loftrunway.com\/de\/products\/comme-des-garons-homme-plus-x-nike-air-max-tl-25-black-white\/","url":"https:\/\/loftrunway.com\/de\/products\/comme-des-garons-homme-plus-x-nike-air-max-tl-25-black-white\/","name":"Comme des Garcons Homme Plus x Nike Air Max TL 2.5 'Black White' - Loftrunway","isPartOf":{"@id":"https:\/\/loftrunway.com\/de\/#website"},"primaryImageOfPage":{"@id":"https:\/\/loftrunway.com\/de\/products\/comme-des-garons-homme-plus-x-nike-air-max-tl-25-black-white\/#primaryimage"},"image":{"@id":"https:\/\/loftrunway.com\/de\/products\/comme-des-garons-homme-plus-x-nike-air-max-tl-25-black-white\/#primaryimage"},"thumbnailUrl":"https:\/\/images.novelship.com\/product\/comme_des_gar_ons_homme_plus_x_nike_air_max_tl_2_5_0_55436.jpeg","datePublished":"2026-03-02T07:51:33+00:00","dateModified":"2026-03-03T10:49:58+00:00","breadcrumb":{"@id":"https:\/\/loftrunway.com\/de\/products\/comme-des-garons-homme-plus-x-nike-air-max-tl-25-black-white\/#breadcrumb"},"inLanguage":"de","potentialAction":[{"@type":"ReadAction","target":["https:\/\/loftrunway.com\/de\/products\/comme-des-garons-homme-plus-x-nike-air-max-tl-25-black-white\/"]}]},{"@type":"ImageObject","inLanguage":"de","@id":"https:\/\/loftrunway.com\/de\/products\/comme-des-garons-homme-plus-x-nike-air-max-tl-25-black-white\/#primaryimage","url":"https:\/\/images.novelship.com\/product\/comme_des_gar_ons_homme_plus_x_nike_air_max_tl_2_5_0_55436.jpeg","contentUrl":"https:\/\/images.novelship.com\/product\/comme_des_gar_ons_homme_plus_x_nike_air_max_tl_2_5_0_55436.jpeg","caption":"Comme des Gar\u00e7ons Homme Plus x Nike Air Max TL 2.5 &#8216;Black White&#8217;"},{"@type":"BreadcrumbList","@id":"https:\/\/loftrunway.com\/de\/products\/comme-des-garons-homme-plus-x-nike-air-max-tl-25-black-white\/#breadcrumb","itemListElement":[{"@type":"ListItem","position":1,"name":"Home","item":"https:\/\/loftrunway.com\/de\/"},{"@type":"ListItem","position":2,"name":"Shop","item":"https:\/\/loftrunway.com\/de\/shop\/"},{"@type":"ListItem","position":3,"name":"Comme des Garcons Homme Plus x Nike Air Max TL 2.5 &#8218;Black White&#8216;"}]},{"@type":"WebSite","@id":"https:\/\/loftrunway.com\/de\/#website","url":"https:\/\/loftrunway.com\/de\/","name":"Styloral Jewelry Shop","description":"Der Ort, an dem man alle Arten von Sneakern findet","publisher":{"@id":"https:\/\/loftrunway.com\/de\/#organization"},"potentialAction":[{"@type":"SearchAction","target":{"@type":"EntryPoint","urlTemplate":"https:\/\/loftrunway.com\/de\/?s={search_term_string}"},"query-input":{"@type":"PropertyValueSpecification","valueRequired":true,"valueName":"search_term_string"}}],"inLanguage":"de"},{"@type":"Organization","@id":"https:\/\/loftrunway.com\/de\/#organization","name":"STYLORAL PTE. LTD","url":"https:\/\/loftrunway.com\/de\/","logo":{"@type":"ImageObject","inLanguage":"de","@id":"https:\/\/loftrunway.com\/de\/#\/schema\/logo\/image\/","url":"https:\/\/www.loftrunway.com\/wp-content\/uploads\/2025\/12\/logo.png","contentUrl":"https:\/\/www.loftrunway.com\/wp-content\/uploads\/2025\/12\/logo.png","width":200,"height":65,"caption":"STYLORAL PTE. LTD"},"image":{"@id":"https:\/\/loftrunway.com\/de\/#\/schema\/logo\/image\/"}}]}},"_links":{"self":[{"href":"https:\/\/loftrunway.com\/de\/wp-json\/wp\/v2\/product\/38700","targetHints":{"allow":["GET"]}}],"collection":[{"href":"https:\/\/loftrunway.com\/de\/wp-json\/wp\/v2\/product"}],"about":[{"href":"https:\/\/loftrunway.com\/de\/wp-json\/wp\/v2\/types\/product"}],"replies":[{"embeddable":true,"href":"https:\/\/loftrunway.com\/de\/wp-json\/wp\/v2\/comments?post=38700"}],"wp:featuredmedia":[{"embeddable":true,"href":"https:\/\/loftrunway.com\/de\/wp-json\/wp\/v2\/media\/38701"}],"wp:attachment":[{"href":"https:\/\/loftrunway.com\/de\/wp-json\/wp\/v2\/media?parent=38700"}],"wp:term":[{"taxonomy":"product_brand","embeddable":true,"href":"https:\/\/loftrunway.com\/de\/wp-json\/wp\/v2\/product_brand?post=38700"},{"taxonomy":"product_cat","embeddable":true,"href":"https:\/\/loftrunway.com\/de\/wp-json\/wp\/v2\/product_cat?post=38700"},{"taxonomy":"product_tag","embeddable":true,"href":"https:\/\/loftrunway.com\/de\/wp-json\/wp\/v2\/product_tag?post=38700"}],"curies":[{"name":"wp","href":"https:\/\/api.w.org\/{rel}","templated":true}]}}