{"id":38832,"date":"2026-03-02T14:51:43","date_gmt":"2026-03-02T07:51:43","guid":{"rendered":"http:\/\/loftrunway.com\/product\/asics-gel-kayano-14-black-lemon-spark"},"modified":"2026-04-02T14:35:42","modified_gmt":"2026-04-02T07:35:42","slug":"asics-gel-kayano-14-black-lemon-spark","status":"publish","type":"product","link":"https:\/\/loftrunway.com\/de\/products\/asics-gel-kayano-14-black-lemon-spark\/","title":{"rendered":"ASICS Gel Kayano 14 &#8218;Black Lemon Spark&#8216;"},"content":{"rendered":"<p>Erleben Sie au\u00dfergew\u00f6hnlichen Komfort und zeitlosen Stil mit dem ASICS GEL-KAYANO 14 1203A537-001, einem leistungsstarken Laufschuh, der Retro-\u00c4sthetik mit modernster Technologie vereint. Dieses Modell ist sowohl f\u00fcr L\u00e4ufer als auch f\u00fcr den Alltag geeignet und bietet dank fortschrittlicher GEL-D\u00e4mpfung hervorragende Sto\u00dfd\u00e4mpfung und ein geschmeidiges, reaktionsfreudiges Laufgef\u00fchl. Das strapazierf\u00e4hige, atmungsaktive Obermaterial sorgt f\u00fcr optimale Luftzirkulation, w\u00e4hrend die innovative Zwischensohle au\u00dfergew\u00f6hnliche Stabilit\u00e4t und Unterst\u00fctzung f\u00fcr langes Tragen bietet. Der ASICS GEL-KAYANO 14 vereint Performance und Retro-Charme perfekt und bietet unvergleichliche Funktionalit\u00e4t \u201d\u201c egal ob auf der Laufbahn oder in der Stadt.<\/p>\n<ul>\n<li><strong>Farbgebung:<\/strong> Schwarz\/Lemon Spark<\/li>\n<li><strong>Style-Code:<\/strong> 1203A537-001<\/li>\n<li><strong>Obermaterial:<\/strong> Mesh<\/li>\n<li><strong>Zwischensohle:<\/strong> Gel<\/li>\n<li><strong>Farbe:<\/strong> Mehrfarbig<\/li>\n<\/ul>\n","protected":false},"excerpt":{"rendered":"<p>ASICS GEL-KAYANO 14 \u201d\u201d Black\/Lemon Spark<\/p>\n","protected":false},"featured_media":38833,"comment_status":"open","ping_status":"closed","template":"","meta":[],"product_brand":[],"product_cat":[10792,41273],"product_tag":[10791,10750,10754,10765,10768,10758],"class_list":{"0":"post-38832","1":"product","2":"type-product","3":"status-publish","4":"has-post-thumbnail","6":"product_cat-asics","7":"product_cat-remove","8":"product_tag-asics","9":"product_tag-athleisure-shoes","10":"product_tag-lifestyle-casual-shoes","11":"product_tag-lifestyle-shoes-running-inspired","12":"product_tag-retro-running-shoes","13":"product_tag-under-retail","14":"wcpa_has_options","16":"first","17":"instock","18":"sale","19":"taxable","20":"shipping-taxable","21":"purchasable","22":"product-type-simple"},"wcpa_form_fields":{"rules":{"pric_overide_base_price":false,"pric_overide_base_price_if_gt_zero":false,"pric_overide_base_price_fully":false,"pric_cal_option_once":false,"pric_use_as_fee":false,"bind_quantity":false,"quantity_bind_formula":false},"fields":[{"type":"color-group","required":true,"elementId":"wcpa-color-group-69a5ab08ee12d","label":"Gr\u00f6\u00dfe","inline":true,"priceOptions":"different_for_all","pricingType":"fixed","className":"hassizechart product-shoes-size-eu product-shoes-size","name":"color-group-69a5ab08ee136","disp_type":"square","selection_type":"tick-border","disp_size":"50","show_label_inside":true,"adjust_width":true,"cart_display_type":"text","other_text":"Other","cl_rule":"show","col":6,"values":[{"label":"36","value":"EU 36","price":"","pimage":"","pimage_id":"","pthumb":"","color":"","selected":true},{"label":"37","value":"EU 37","price":"","pimage":"","pimage_id":"","pthumb":"","color":""},{"label":"37.5","value":"EU 37.5","price":"","pimage":"","pimage_id":"","pthumb":"","color":""},{"label":"38","value":"EU 38","price":"","pimage":"","pimage_id":"","pthumb":"","color":""},{"label":"38.5","value":"EU 38.5","price":"","pimage":"","pimage_id":"","pthumb":"","color":""},{"label":"39","value":"EU 39","price":"","pimage":"","pimage_id":"","pthumb":"","color":""},{"label":"39.5","value":"EU 39.5","price":"","pimage":"","pimage_id":"","pthumb":"","color":""},{"label":"40","value":"EU 40","price":"","pimage":"","pimage_id":"","pthumb":"","color":""},{"label":"40.5","value":"EU 40.5","price":"","pimage":"","pimage_id":"","pthumb":"","color":""},{"label":" 41.5","value":"EU 41.5","price":"","pimage":"","pimage_id":"","pthumb":"","color":""},{"label":"42","value":"EU 42","price":"","pimage":"","pimage_id":"","pthumb":"","color":""},{"label":"42.5","value":"EU 42.5","price":"","pimage":"","pimage_id":"","pthumb":"","color":""},{"label":"43.5","value":"EU 43.5","price":"","pimage":"","pimage_id":"","pthumb":"","color":""},{"label":"44","value":"EU 44","price":"","pimage":"","pimage_id":"","pthumb":"","color":""},{"label":"44.5","value":"EU 44.5","price":"","pimage":"","pimage_id":"","pthumb":"","color":""},{"label":"45","value":"EU 45","price":"","pimage":"","pimage_id":"","pthumb":"","color":""}],"relations":[{"operator":false,"rules":[]}],"form_id":184311,"form_rules":{"pric_cal_option_once":false,"exclude_from_discount":false,"pric_use_as_fee":false,"fee_label":"Fee","render_after_acb":false,"disp_hide_options_price":false}}]},"yoast_head":"<!-- This site is optimized with the Yoast SEO plugin v26.5 - https:\/\/yoast.com\/wordpress\/plugins\/seo\/ -->\n<title>ASICS Gel Kayano 14 &#039;Black Lemon Spark&#039;  - Loftrunway<\/title>\n<meta name=\"robots\" content=\"index, follow, max-snippet:-1, max-image-preview:large, max-video-preview:-1\" \/>\n<link rel=\"canonical\" href=\"https:\/\/loftrunway.com\/de\/products\/asics-gel-kayano-14-black-lemon-spark\/\" \/>\n<meta property=\"og:locale\" content=\"de_DE\" \/>\n<meta property=\"og:type\" content=\"article\" \/>\n<meta property=\"og:title\" content=\"ASICS Gel Kayano 14 &#039;Black Lemon Spark&#039;  - Loftrunway\" \/>\n<meta property=\"og:description\" content=\"ASICS GEL-KAYANO 14 \u201d\u201d Black\/Lemon Spark\" \/>\n<meta property=\"og:url\" content=\"https:\/\/loftrunway.com\/de\/products\/asics-gel-kayano-14-black-lemon-spark\/\" \/>\n<meta property=\"og:site_name\" content=\"loftRUN Sneaker Store\" \/>\n<meta property=\"article:modified_time\" content=\"2026-04-02T07:35:42+00:00\" \/>\n<meta name=\"twitter:card\" content=\"summary_large_image\" \/>\n<meta name=\"twitter:image\" content=\"https:\/\/images.novelship.com\/product\/asics_gel-kayano_14_1203a537-001_0_9634.jpeg\" \/>\n<meta name=\"twitter:label1\" content=\"Gesch\u00e4tzte Lesezeit\" \/>\n\t<meta name=\"twitter:data1\" content=\"1\u00a0Minute\" \/>\n<script type=\"application\/ld+json\" class=\"yoast-schema-graph\">{\"@context\":\"https:\/\/schema.org\",\"@graph\":[{\"@type\":\"WebPage\",\"@id\":\"https:\/\/loftrunway.com\/de\/products\/asics-gel-kayano-14-black-lemon-spark\/\",\"url\":\"https:\/\/loftrunway.com\/de\/products\/asics-gel-kayano-14-black-lemon-spark\/\",\"name\":\"ASICS Gel Kayano 14 'Black Lemon Spark' - Loftrunway\",\"isPartOf\":{\"@id\":\"https:\/\/loftrunway.com\/de\/#website\"},\"primaryImageOfPage\":{\"@id\":\"https:\/\/loftrunway.com\/de\/products\/asics-gel-kayano-14-black-lemon-spark\/#primaryimage\"},\"image\":{\"@id\":\"https:\/\/loftrunway.com\/de\/products\/asics-gel-kayano-14-black-lemon-spark\/#primaryimage\"},\"thumbnailUrl\":\"https:\/\/images.novelship.com\/product\/asics_gel-kayano_14_1203a537-001_0_9634.jpeg\",\"datePublished\":\"2026-03-02T07:51:43+00:00\",\"dateModified\":\"2026-04-02T07:35:42+00:00\",\"breadcrumb\":{\"@id\":\"https:\/\/loftrunway.com\/de\/products\/asics-gel-kayano-14-black-lemon-spark\/#breadcrumb\"},\"inLanguage\":\"de\",\"potentialAction\":[{\"@type\":\"ReadAction\",\"target\":[\"https:\/\/loftrunway.com\/de\/products\/asics-gel-kayano-14-black-lemon-spark\/\"]}]},{\"@type\":\"ImageObject\",\"inLanguage\":\"de\",\"@id\":\"https:\/\/loftrunway.com\/de\/products\/asics-gel-kayano-14-black-lemon-spark\/#primaryimage\",\"url\":\"https:\/\/images.novelship.com\/product\/asics_gel-kayano_14_1203a537-001_0_9634.jpeg\",\"contentUrl\":\"https:\/\/images.novelship.com\/product\/asics_gel-kayano_14_1203a537-001_0_9634.jpeg\"},{\"@type\":\"BreadcrumbList\",\"@id\":\"https:\/\/loftrunway.com\/de\/products\/asics-gel-kayano-14-black-lemon-spark\/#breadcrumb\",\"itemListElement\":[{\"@type\":\"ListItem\",\"position\":1,\"name\":\"Home\",\"item\":\"https:\/\/loftrunway.com\/de\/\"},{\"@type\":\"ListItem\",\"position\":2,\"name\":\"Shop\",\"item\":\"https:\/\/loftrunway.com\/de\/shop\/\"},{\"@type\":\"ListItem\",\"position\":3,\"name\":\"ASICS Gel Kayano 14 &#8218;Black Lemon Spark&#8216;\"}]},{\"@type\":\"WebSite\",\"@id\":\"https:\/\/loftrunway.com\/de\/#website\",\"url\":\"https:\/\/loftrunway.com\/de\/\",\"name\":\"Styloral Jewelry Shop\",\"description\":\"Der Ort, an dem man alle Arten von Sneakern findet\",\"publisher\":{\"@id\":\"https:\/\/loftrunway.com\/de\/#organization\"},\"potentialAction\":[{\"@type\":\"SearchAction\",\"target\":{\"@type\":\"EntryPoint\",\"urlTemplate\":\"https:\/\/loftrunway.com\/de\/?s={search_term_string}\"},\"query-input\":{\"@type\":\"PropertyValueSpecification\",\"valueRequired\":true,\"valueName\":\"search_term_string\"}}],\"inLanguage\":\"de\"},{\"@type\":\"Organization\",\"@id\":\"https:\/\/loftrunway.com\/de\/#organization\",\"name\":\"STYLORAL PTE. LTD\",\"url\":\"https:\/\/loftrunway.com\/de\/\",\"logo\":{\"@type\":\"ImageObject\",\"inLanguage\":\"de\",\"@id\":\"https:\/\/loftrunway.com\/de\/#\/schema\/logo\/image\/\",\"url\":\"https:\/\/www.loftrunway.com\/wp-content\/uploads\/2025\/12\/logo.png\",\"contentUrl\":\"https:\/\/www.loftrunway.com\/wp-content\/uploads\/2025\/12\/logo.png\",\"width\":200,\"height\":65,\"caption\":\"STYLORAL PTE. LTD\"},\"image\":{\"@id\":\"https:\/\/loftrunway.com\/de\/#\/schema\/logo\/image\/\"}}]}<\/script>\n<!-- \/ Yoast SEO plugin. -->","yoast_head_json":{"title":"ASICS Gel Kayano 14 'Black Lemon Spark'  - Loftrunway","robots":{"index":"index","follow":"follow","max-snippet":"max-snippet:-1","max-image-preview":"max-image-preview:large","max-video-preview":"max-video-preview:-1"},"canonical":"https:\/\/loftrunway.com\/de\/products\/asics-gel-kayano-14-black-lemon-spark\/","og_locale":"de_DE","og_type":"article","og_title":"ASICS Gel Kayano 14 'Black Lemon Spark'  - Loftrunway","og_description":"ASICS GEL-KAYANO 14 \u201d\u201d Black\/Lemon Spark","og_url":"https:\/\/loftrunway.com\/de\/products\/asics-gel-kayano-14-black-lemon-spark\/","og_site_name":"loftRUN Sneaker Store","article_modified_time":"2026-04-02T07:35:42+00:00","twitter_card":"summary_large_image","twitter_image":"https:\/\/images.novelship.com\/product\/asics_gel-kayano_14_1203a537-001_0_9634.jpeg","twitter_misc":{"Gesch\u00e4tzte Lesezeit":"1\u00a0Minute"},"schema":{"@context":"https:\/\/schema.org","@graph":[{"@type":"WebPage","@id":"https:\/\/loftrunway.com\/de\/products\/asics-gel-kayano-14-black-lemon-spark\/","url":"https:\/\/loftrunway.com\/de\/products\/asics-gel-kayano-14-black-lemon-spark\/","name":"ASICS Gel Kayano 14 'Black Lemon Spark' - Loftrunway","isPartOf":{"@id":"https:\/\/loftrunway.com\/de\/#website"},"primaryImageOfPage":{"@id":"https:\/\/loftrunway.com\/de\/products\/asics-gel-kayano-14-black-lemon-spark\/#primaryimage"},"image":{"@id":"https:\/\/loftrunway.com\/de\/products\/asics-gel-kayano-14-black-lemon-spark\/#primaryimage"},"thumbnailUrl":"https:\/\/images.novelship.com\/product\/asics_gel-kayano_14_1203a537-001_0_9634.jpeg","datePublished":"2026-03-02T07:51:43+00:00","dateModified":"2026-04-02T07:35:42+00:00","breadcrumb":{"@id":"https:\/\/loftrunway.com\/de\/products\/asics-gel-kayano-14-black-lemon-spark\/#breadcrumb"},"inLanguage":"de","potentialAction":[{"@type":"ReadAction","target":["https:\/\/loftrunway.com\/de\/products\/asics-gel-kayano-14-black-lemon-spark\/"]}]},{"@type":"ImageObject","inLanguage":"de","@id":"https:\/\/loftrunway.com\/de\/products\/asics-gel-kayano-14-black-lemon-spark\/#primaryimage","url":"https:\/\/images.novelship.com\/product\/asics_gel-kayano_14_1203a537-001_0_9634.jpeg","contentUrl":"https:\/\/images.novelship.com\/product\/asics_gel-kayano_14_1203a537-001_0_9634.jpeg"},{"@type":"BreadcrumbList","@id":"https:\/\/loftrunway.com\/de\/products\/asics-gel-kayano-14-black-lemon-spark\/#breadcrumb","itemListElement":[{"@type":"ListItem","position":1,"name":"Home","item":"https:\/\/loftrunway.com\/de\/"},{"@type":"ListItem","position":2,"name":"Shop","item":"https:\/\/loftrunway.com\/de\/shop\/"},{"@type":"ListItem","position":3,"name":"ASICS Gel Kayano 14 &#8218;Black Lemon Spark&#8216;"}]},{"@type":"WebSite","@id":"https:\/\/loftrunway.com\/de\/#website","url":"https:\/\/loftrunway.com\/de\/","name":"Styloral Jewelry Shop","description":"Der Ort, an dem man alle Arten von Sneakern findet","publisher":{"@id":"https:\/\/loftrunway.com\/de\/#organization"},"potentialAction":[{"@type":"SearchAction","target":{"@type":"EntryPoint","urlTemplate":"https:\/\/loftrunway.com\/de\/?s={search_term_string}"},"query-input":{"@type":"PropertyValueSpecification","valueRequired":true,"valueName":"search_term_string"}}],"inLanguage":"de"},{"@type":"Organization","@id":"https:\/\/loftrunway.com\/de\/#organization","name":"STYLORAL PTE. LTD","url":"https:\/\/loftrunway.com\/de\/","logo":{"@type":"ImageObject","inLanguage":"de","@id":"https:\/\/loftrunway.com\/de\/#\/schema\/logo\/image\/","url":"https:\/\/www.loftrunway.com\/wp-content\/uploads\/2025\/12\/logo.png","contentUrl":"https:\/\/www.loftrunway.com\/wp-content\/uploads\/2025\/12\/logo.png","width":200,"height":65,"caption":"STYLORAL PTE. LTD"},"image":{"@id":"https:\/\/loftrunway.com\/de\/#\/schema\/logo\/image\/"}}]}},"_links":{"self":[{"href":"https:\/\/loftrunway.com\/de\/wp-json\/wp\/v2\/product\/38832","targetHints":{"allow":["GET"]}}],"collection":[{"href":"https:\/\/loftrunway.com\/de\/wp-json\/wp\/v2\/product"}],"about":[{"href":"https:\/\/loftrunway.com\/de\/wp-json\/wp\/v2\/types\/product"}],"replies":[{"embeddable":true,"href":"https:\/\/loftrunway.com\/de\/wp-json\/wp\/v2\/comments?post=38832"}],"wp:featuredmedia":[{"embeddable":true,"href":"https:\/\/loftrunway.com\/de\/wp-json\/wp\/v2\/media\/38833"}],"wp:attachment":[{"href":"https:\/\/loftrunway.com\/de\/wp-json\/wp\/v2\/media?parent=38832"}],"wp:term":[{"taxonomy":"product_brand","embeddable":true,"href":"https:\/\/loftrunway.com\/de\/wp-json\/wp\/v2\/product_brand?post=38832"},{"taxonomy":"product_cat","embeddable":true,"href":"https:\/\/loftrunway.com\/de\/wp-json\/wp\/v2\/product_cat?post=38832"},{"taxonomy":"product_tag","embeddable":true,"href":"https:\/\/loftrunway.com\/de\/wp-json\/wp\/v2\/product_tag?post=38832"}],"curies":[{"name":"wp","href":"https:\/\/api.w.org\/{rel}","templated":true}]}}