{"id":39095,"date":"2026-03-02T14:52:08","date_gmt":"2026-03-02T07:52:08","guid":{"rendered":"http:\/\/loftrunway.com\/product\/adidas-bermuda-night-indigo-purple-rush-gum"},"modified":"2026-04-02T14:35:52","modified_gmt":"2026-04-02T07:35:52","slug":"adidas-bermuda-night-indigo-purple-rush-gum","status":"publish","type":"product","link":"https:\/\/loftrunway.com\/de\/products\/adidas-bermuda-night-indigo-purple-rush-gum\/","title":{"rendered":"adidas Bermuda &#8218;Night Indigo Purple Rush Gum&#8216;"},"content":{"rendered":"<p>Mit dem adidas Bermuda &#8218;Night Indigo Purple Rush Gum&#8216; JH5457 erleben Sie zeitlosen Stil \u201d\u201c eine gelungene Kombination aus traditionellem Design und modernem Look. Das Obermaterial aus tiefblauem Wildleder wird durch leuchtende Details in Purple Rush akzentuiert und verleiht diesem Sneaker eine markante und zugleich elegante Optik, die perfekt zu l\u00e4ssigen Streetwear-Looks passt. Die charakteristische flache Silhouette wird durch eine klassische Gummisohle erg\u00e4nzt, die f\u00fcr Komfort und einen zeitlosen Retro-Look sorgt. Die perforierten 3-Streifen verbessern die Atmungsaktivit\u00e4t, w\u00e4hrend die weiche Polsterung f\u00fcr eine bequeme Passform den ganzen Tag \u00fcber sorgt. Ob f\u00fcr unterwegs oder um ein Statement zu setzen \u201d\u201c der adidas Bermuda vereint vielseitiges Design mit hochwertigen Materialien und wertet deine Schuhkollektion auf.<\/p>\n<ul>\n<li><strong>Farbgebung:<\/strong> Night Indigo\/Purple Rush\/Gum<\/li>\n<li><strong>Style-Code:<\/strong> JH5457<\/li>\n<li><strong>Obermaterial:<\/strong> Wildleder<\/li>\n<li><strong>Farbe:<\/strong> Blau<\/li>\n<li><strong>Saison:<\/strong> Winter<\/li>\n<li><strong>Erscheinungsjahr:<\/strong> 2025<\/li>\n<\/ul>\n","protected":false},"excerpt":{"rendered":"<p>adidas Bermuda \u201d\u201d Night Indigo\/Purple Rush\/Gum<\/p>\n","protected":false},"featured_media":39096,"comment_status":"open","ping_status":"closed","template":"","meta":[],"product_brand":[],"product_cat":[10760,41273],"product_tag":[10759,10750,10754,11460,10756,10758],"class_list":{"0":"post-39095","1":"product","2":"type-product","3":"status-publish","4":"has-post-thumbnail","6":"product_cat-adidas","7":"product_cat-remove","8":"product_tag-adidas","9":"product_tag-athleisure-shoes","10":"product_tag-lifestyle-casual-shoes","11":"product_tag-lifestyle-shoes-casual","12":"product_tag-retro-casual-shoes","13":"product_tag-under-retail","14":"wcpa_has_options","16":"first","17":"instock","18":"taxable","19":"shipping-taxable","20":"purchasable","21":"product-type-simple"},"wcpa_form_fields":{"rules":{"pric_overide_base_price":false,"pric_overide_base_price_if_gt_zero":false,"pric_overide_base_price_fully":false,"pric_cal_option_once":false,"pric_use_as_fee":false,"bind_quantity":false,"quantity_bind_formula":false},"fields":[{"type":"color-group","required":true,"elementId":"wcpa-color-group-66c4a7f817afe","label":"Gr\u00f6\u00dfe","inline":true,"priceOptions":"different_for_all","pricingType":"fixed","className":"hassizechart product-shoes-size-eu product-shoes-size","name":"color-group-66c4a7f817b18","disp_type":"square","selection_type":"tick-border","disp_size":"50","show_label_inside":true,"adjust_width":true,"cart_display_type":"text","other_text":"Other","cl_rule":"show","col":6,"values":[{"label":"35","value":"EU 35","price":"","pimage":"","pimage_id":"","pthumb":"","color":""},{"label":"35.5","value":"EU 35.5","price":"","pimage":"","pimage_id":"","pthumb":"","color":""},{"label":"36","value":"EU 36","price":"","pimage":"","pimage_id":"","pthumb":"","color":"","selected":true},{"label":"36 2\/3","value":"EU 36 2\/3","price":"","pimage":"","pimage_id":"","pthumb":"","color":""},{"label":"37 1\/3","value":"EU 37 1\/3","price":"","pimage":"","pimage_id":"","pthumb":"","color":""},{"label":"38","value":"EU 38","price":"","pimage":"","pimage_id":"","pthumb":"","color":""},{"label":"38 2\/3","value":"EU 38 2\/3","price":"","pimage":"","pimage_id":"","pthumb":"","color":""},{"label":"39 1\/3","value":"EU 39 1\/3","price":"","pimage":"","pimage_id":"","pthumb":"","color":""},{"label":"40","value":"EU 40","price":"","pimage":"","pimage_id":"","pthumb":"","color":""},{"label":"40 2\/3","value":"EU 40 2\/3","price":"","pimage":"","pimage_id":"","pthumb":"","color":""},{"label":"41 1\/3","value":"EU 41 1\/3","price":"","pimage":"","pimage_id":"","pthumb":"","color":""},{"label":"42","value":"EU 42","price":"","pimage":"","pimage_id":"","pthumb":"","color":""},{"label":"42 2\/3","value":"EU 42 2\/3","price":"","pimage":"","pimage_id":"","pthumb":"","color":""},{"label":"43 1\/3","value":"EU 43 1\/3","price":"","pimage":"","pimage_id":"","pthumb":"","color":""},{"label":"44","value":"EU 44","price":"","pimage":"","pimage_id":"","pthumb":"","color":""},{"label":"44 2\/3","value":"EU 44 2\/3","price":"","pimage":"","pimage_id":"","pthumb":"","color":""},{"label":"45 1\/3","value":"EU 45 1\/3","price":"","pimage":"","pimage_id":"","pthumb":"","color":""},{"label":"46","value":"EU 46","price":"","pimage":"","pimage_id":"","pthumb":"","color":""},{"label":"46 2\/3","value":"EU 46 2\/3","price":"","pimage":"","pimage_id":"","pthumb":"","color":""},{"label":"47 1\/3","value":"EU 47 1\/3","price":"","pimage":"","pimage_id":"","pthumb":"","color":""}],"relations":[{"operator":false,"rules":[]}],"form_id":24802,"form_rules":{"pric_cal_option_once":false,"exclude_from_discount":false,"pric_use_as_fee":false,"fee_label":"Fee","render_after_acb":false,"disp_hide_options_price":false}}]},"yoast_head":"<!-- This site is optimized with the Yoast SEO plugin v26.5 - https:\/\/yoast.com\/wordpress\/plugins\/seo\/ -->\n<title>adidas Bermuda &#039;Night Indigo Purple Rush Gum&#039;  - Loftrunway<\/title>\n<meta name=\"robots\" content=\"index, follow, max-snippet:-1, max-image-preview:large, max-video-preview:-1\" \/>\n<link rel=\"canonical\" href=\"https:\/\/loftrunway.com\/de\/products\/adidas-bermuda-night-indigo-purple-rush-gum\/\" \/>\n<meta property=\"og:locale\" content=\"de_DE\" \/>\n<meta property=\"og:type\" content=\"article\" \/>\n<meta property=\"og:title\" content=\"adidas Bermuda &#039;Night Indigo Purple Rush Gum&#039;  - Loftrunway\" \/>\n<meta property=\"og:description\" content=\"adidas Bermuda \u201d\u201d Night Indigo\/Purple Rush\/Gum\" \/>\n<meta property=\"og:url\" content=\"https:\/\/loftrunway.com\/de\/products\/adidas-bermuda-night-indigo-purple-rush-gum\/\" \/>\n<meta property=\"og:site_name\" content=\"loftRUN Sneaker Store\" \/>\n<meta property=\"article:modified_time\" content=\"2026-04-02T07:35:52+00:00\" \/>\n<meta name=\"twitter:card\" content=\"summary_large_image\" \/>\n<meta name=\"twitter:image\" content=\"https:\/\/images.novelship.com\/product\/adidas_bermuda__night_indigo_purple_rush_gum__jh54_0_56981.jpeg\" \/>\n<meta name=\"twitter:label1\" content=\"Gesch\u00e4tzte Lesezeit\" \/>\n\t<meta name=\"twitter:data1\" content=\"1\u00a0Minute\" \/>\n<script type=\"application\/ld+json\" class=\"yoast-schema-graph\">{\"@context\":\"https:\/\/schema.org\",\"@graph\":[{\"@type\":\"WebPage\",\"@id\":\"https:\/\/loftrunway.com\/de\/products\/adidas-bermuda-night-indigo-purple-rush-gum\/\",\"url\":\"https:\/\/loftrunway.com\/de\/products\/adidas-bermuda-night-indigo-purple-rush-gum\/\",\"name\":\"adidas Bermuda 'Night Indigo Purple Rush Gum' - Loftrunway\",\"isPartOf\":{\"@id\":\"https:\/\/loftrunway.com\/de\/#website\"},\"primaryImageOfPage\":{\"@id\":\"https:\/\/loftrunway.com\/de\/products\/adidas-bermuda-night-indigo-purple-rush-gum\/#primaryimage\"},\"image\":{\"@id\":\"https:\/\/loftrunway.com\/de\/products\/adidas-bermuda-night-indigo-purple-rush-gum\/#primaryimage\"},\"thumbnailUrl\":\"https:\/\/images.novelship.com\/product\/adidas_bermuda__night_indigo_purple_rush_gum__jh54_0_56981.jpeg\",\"datePublished\":\"2026-03-02T07:52:08+00:00\",\"dateModified\":\"2026-04-02T07:35:52+00:00\",\"breadcrumb\":{\"@id\":\"https:\/\/loftrunway.com\/de\/products\/adidas-bermuda-night-indigo-purple-rush-gum\/#breadcrumb\"},\"inLanguage\":\"de\",\"potentialAction\":[{\"@type\":\"ReadAction\",\"target\":[\"https:\/\/loftrunway.com\/de\/products\/adidas-bermuda-night-indigo-purple-rush-gum\/\"]}]},{\"@type\":\"ImageObject\",\"inLanguage\":\"de\",\"@id\":\"https:\/\/loftrunway.com\/de\/products\/adidas-bermuda-night-indigo-purple-rush-gum\/#primaryimage\",\"url\":\"https:\/\/images.novelship.com\/product\/adidas_bermuda__night_indigo_purple_rush_gum__jh54_0_56981.jpeg\",\"contentUrl\":\"https:\/\/images.novelship.com\/product\/adidas_bermuda__night_indigo_purple_rush_gum__jh54_0_56981.jpeg\"},{\"@type\":\"BreadcrumbList\",\"@id\":\"https:\/\/loftrunway.com\/de\/products\/adidas-bermuda-night-indigo-purple-rush-gum\/#breadcrumb\",\"itemListElement\":[{\"@type\":\"ListItem\",\"position\":1,\"name\":\"Home\",\"item\":\"https:\/\/loftrunway.com\/de\/\"},{\"@type\":\"ListItem\",\"position\":2,\"name\":\"Shop\",\"item\":\"https:\/\/loftrunway.com\/de\/shop\/\"},{\"@type\":\"ListItem\",\"position\":3,\"name\":\"adidas Bermuda &#8218;Night Indigo Purple Rush Gum&#8216;\"}]},{\"@type\":\"WebSite\",\"@id\":\"https:\/\/loftrunway.com\/de\/#website\",\"url\":\"https:\/\/loftrunway.com\/de\/\",\"name\":\"Styloral Jewelry Shop\",\"description\":\"Der Ort, an dem man alle Arten von Sneakern findet\",\"publisher\":{\"@id\":\"https:\/\/loftrunway.com\/de\/#organization\"},\"potentialAction\":[{\"@type\":\"SearchAction\",\"target\":{\"@type\":\"EntryPoint\",\"urlTemplate\":\"https:\/\/loftrunway.com\/de\/?s={search_term_string}\"},\"query-input\":{\"@type\":\"PropertyValueSpecification\",\"valueRequired\":true,\"valueName\":\"search_term_string\"}}],\"inLanguage\":\"de\"},{\"@type\":\"Organization\",\"@id\":\"https:\/\/loftrunway.com\/de\/#organization\",\"name\":\"STYLORAL PTE. LTD\",\"url\":\"https:\/\/loftrunway.com\/de\/\",\"logo\":{\"@type\":\"ImageObject\",\"inLanguage\":\"de\",\"@id\":\"https:\/\/loftrunway.com\/de\/#\/schema\/logo\/image\/\",\"url\":\"https:\/\/www.loftrunway.com\/wp-content\/uploads\/2025\/12\/logo.png\",\"contentUrl\":\"https:\/\/www.loftrunway.com\/wp-content\/uploads\/2025\/12\/logo.png\",\"width\":200,\"height\":65,\"caption\":\"STYLORAL PTE. LTD\"},\"image\":{\"@id\":\"https:\/\/loftrunway.com\/de\/#\/schema\/logo\/image\/\"}}]}<\/script>\n<!-- \/ Yoast SEO plugin. -->","yoast_head_json":{"title":"adidas Bermuda 'Night Indigo Purple Rush Gum'  - Loftrunway","robots":{"index":"index","follow":"follow","max-snippet":"max-snippet:-1","max-image-preview":"max-image-preview:large","max-video-preview":"max-video-preview:-1"},"canonical":"https:\/\/loftrunway.com\/de\/products\/adidas-bermuda-night-indigo-purple-rush-gum\/","og_locale":"de_DE","og_type":"article","og_title":"adidas Bermuda 'Night Indigo Purple Rush Gum'  - Loftrunway","og_description":"adidas Bermuda \u201d\u201d Night Indigo\/Purple Rush\/Gum","og_url":"https:\/\/loftrunway.com\/de\/products\/adidas-bermuda-night-indigo-purple-rush-gum\/","og_site_name":"loftRUN Sneaker Store","article_modified_time":"2026-04-02T07:35:52+00:00","twitter_card":"summary_large_image","twitter_image":"https:\/\/images.novelship.com\/product\/adidas_bermuda__night_indigo_purple_rush_gum__jh54_0_56981.jpeg","twitter_misc":{"Gesch\u00e4tzte Lesezeit":"1\u00a0Minute"},"schema":{"@context":"https:\/\/schema.org","@graph":[{"@type":"WebPage","@id":"https:\/\/loftrunway.com\/de\/products\/adidas-bermuda-night-indigo-purple-rush-gum\/","url":"https:\/\/loftrunway.com\/de\/products\/adidas-bermuda-night-indigo-purple-rush-gum\/","name":"adidas Bermuda 'Night Indigo Purple Rush Gum' - Loftrunway","isPartOf":{"@id":"https:\/\/loftrunway.com\/de\/#website"},"primaryImageOfPage":{"@id":"https:\/\/loftrunway.com\/de\/products\/adidas-bermuda-night-indigo-purple-rush-gum\/#primaryimage"},"image":{"@id":"https:\/\/loftrunway.com\/de\/products\/adidas-bermuda-night-indigo-purple-rush-gum\/#primaryimage"},"thumbnailUrl":"https:\/\/images.novelship.com\/product\/adidas_bermuda__night_indigo_purple_rush_gum__jh54_0_56981.jpeg","datePublished":"2026-03-02T07:52:08+00:00","dateModified":"2026-04-02T07:35:52+00:00","breadcrumb":{"@id":"https:\/\/loftrunway.com\/de\/products\/adidas-bermuda-night-indigo-purple-rush-gum\/#breadcrumb"},"inLanguage":"de","potentialAction":[{"@type":"ReadAction","target":["https:\/\/loftrunway.com\/de\/products\/adidas-bermuda-night-indigo-purple-rush-gum\/"]}]},{"@type":"ImageObject","inLanguage":"de","@id":"https:\/\/loftrunway.com\/de\/products\/adidas-bermuda-night-indigo-purple-rush-gum\/#primaryimage","url":"https:\/\/images.novelship.com\/product\/adidas_bermuda__night_indigo_purple_rush_gum__jh54_0_56981.jpeg","contentUrl":"https:\/\/images.novelship.com\/product\/adidas_bermuda__night_indigo_purple_rush_gum__jh54_0_56981.jpeg"},{"@type":"BreadcrumbList","@id":"https:\/\/loftrunway.com\/de\/products\/adidas-bermuda-night-indigo-purple-rush-gum\/#breadcrumb","itemListElement":[{"@type":"ListItem","position":1,"name":"Home","item":"https:\/\/loftrunway.com\/de\/"},{"@type":"ListItem","position":2,"name":"Shop","item":"https:\/\/loftrunway.com\/de\/shop\/"},{"@type":"ListItem","position":3,"name":"adidas Bermuda &#8218;Night Indigo Purple Rush Gum&#8216;"}]},{"@type":"WebSite","@id":"https:\/\/loftrunway.com\/de\/#website","url":"https:\/\/loftrunway.com\/de\/","name":"Styloral Jewelry Shop","description":"Der Ort, an dem man alle Arten von Sneakern findet","publisher":{"@id":"https:\/\/loftrunway.com\/de\/#organization"},"potentialAction":[{"@type":"SearchAction","target":{"@type":"EntryPoint","urlTemplate":"https:\/\/loftrunway.com\/de\/?s={search_term_string}"},"query-input":{"@type":"PropertyValueSpecification","valueRequired":true,"valueName":"search_term_string"}}],"inLanguage":"de"},{"@type":"Organization","@id":"https:\/\/loftrunway.com\/de\/#organization","name":"STYLORAL PTE. LTD","url":"https:\/\/loftrunway.com\/de\/","logo":{"@type":"ImageObject","inLanguage":"de","@id":"https:\/\/loftrunway.com\/de\/#\/schema\/logo\/image\/","url":"https:\/\/www.loftrunway.com\/wp-content\/uploads\/2025\/12\/logo.png","contentUrl":"https:\/\/www.loftrunway.com\/wp-content\/uploads\/2025\/12\/logo.png","width":200,"height":65,"caption":"STYLORAL PTE. LTD"},"image":{"@id":"https:\/\/loftrunway.com\/de\/#\/schema\/logo\/image\/"}}]}},"_links":{"self":[{"href":"https:\/\/loftrunway.com\/de\/wp-json\/wp\/v2\/product\/39095","targetHints":{"allow":["GET"]}}],"collection":[{"href":"https:\/\/loftrunway.com\/de\/wp-json\/wp\/v2\/product"}],"about":[{"href":"https:\/\/loftrunway.com\/de\/wp-json\/wp\/v2\/types\/product"}],"replies":[{"embeddable":true,"href":"https:\/\/loftrunway.com\/de\/wp-json\/wp\/v2\/comments?post=39095"}],"wp:featuredmedia":[{"embeddable":true,"href":"https:\/\/loftrunway.com\/de\/wp-json\/wp\/v2\/media\/39096"}],"wp:attachment":[{"href":"https:\/\/loftrunway.com\/de\/wp-json\/wp\/v2\/media?parent=39095"}],"wp:term":[{"taxonomy":"product_brand","embeddable":true,"href":"https:\/\/loftrunway.com\/de\/wp-json\/wp\/v2\/product_brand?post=39095"},{"taxonomy":"product_cat","embeddable":true,"href":"https:\/\/loftrunway.com\/de\/wp-json\/wp\/v2\/product_cat?post=39095"},{"taxonomy":"product_tag","embeddable":true,"href":"https:\/\/loftrunway.com\/de\/wp-json\/wp\/v2\/product_tag?post=39095"}],"curies":[{"name":"wp","href":"https:\/\/api.w.org\/{rel}","templated":true}]}}