{"id":39607,"date":"2026-03-02T14:52:49","date_gmt":"2026-03-02T07:52:49","guid":{"rendered":"http:\/\/loftrunway.com\/product\/nfl-x-nike-air-zoom-pegasus-41-miami-dolphins"},"modified":"2026-04-02T14:36:04","modified_gmt":"2026-04-02T07:36:04","slug":"nfl-x-nike-air-zoom-pegasus-41-miami-dolphins","status":"publish","type":"product","link":"https:\/\/loftrunway.com\/de\/products\/nfl-x-nike-air-zoom-pegasus-41-miami-dolphins\/","title":{"rendered":"NFL x Nike Air Zoom Pegasus 41 &#8218;Miami Dolphins&#8216;"},"content":{"rendered":"<p>Erlebe den Spieltag noch intensiver mit dem NFL x Nike Air Zoom Pegasus 41 \u201eMiami Dolphins\u201c, einem Premium-Laufschuh, der Performance und Teamstolz vereint. Der Pegasus 41 wurde f\u00fcr Komfort und Geschwindigkeit entwickelt und bietet Nikes reaktionsfreudige Zoom Air-D\u00e4mpfung sowie ein leichtes Mesh-Obermaterial f\u00fcr optimale Leistung beim Laufen oder im Alltag.<\/p>\n<p>Das exklusive Design in den leuchtenden Farben der Miami Dolphins \u201d\u201c T\u00fcrkis, Orange und Wei\u00df \u201d\u201c besticht durch teaminspirierte Akzente, darunter ein prominent platziertes Dolphins-Logo und elegante Details, die Fans und Sportler gleicherma\u00dfen begeistern. Egal, ob du auf der Laufstrecke unterwegs bist, dein Team im Stadion anfeuerst oder deiner Sneaker-Sammlung einen stylischen Touch verleihst: Diese Kollaboration vereint Style und Funktionalit\u00e4t.<\/p>\n<p>Dank der perfekten Kombination aus atmungsaktiven Materialien und sicherem Halt bieten diese Schuhe Miami Dolphins-Fans vielseitigen Tragekomfort \u201d\u201c von der Freizeit bis zum Workout. Der Pegasus 41 \u201eMiami Dolphins\u201c wurde entwickelt, um die Leidenschaft f\u00fcr Fu\u00dfball und innovative Spitzentechnologie zu zelebrieren und ist ein Must-have f\u00fcr Fans, die Wert auf Sport und Style legen.<\/p>\n<ul>\n<li><strong>Farbgebung:<\/strong> Turbo Green\/Brilliant Orange\/Black<\/li>\n<li><strong>Style-Code:<\/strong> IB3200-300<\/li>\n<li><strong>Obermaterial:<\/strong> Mesh<\/li>\n<li><strong>Zwischensohle:<\/strong> ReactX<\/li>\n<li><strong>Farbe:<\/strong> Teal<\/li>\n<li><strong>Erscheinungsjahr:<\/strong> 2025<\/li>\n<\/ul>\n","protected":false},"excerpt":{"rendered":"<p>Nike Pegasus Air Zoom 41 \u201d\u201d Turbo Green\/Brilliant Orange\/Black<\/p>\n","protected":false},"featured_media":39608,"comment_status":"open","ping_status":"closed","template":"","meta":[],"product_brand":[],"product_cat":[10803,41273],"product_tag":[10750,10801,10802,10768,10840],"class_list":{"0":"post-39607","1":"product","2":"type-product","3":"status-publish","4":"has-post-thumbnail","6":"product_cat-nike","7":"product_cat-remove","8":"product_tag-athleisure-shoes","9":"product_tag-nike","10":"product_tag-performance-sport-shoes","11":"product_tag-retro-running-shoes","12":"product_tag-running-shoes","13":"wcpa_has_options","15":"first","16":"instock","17":"taxable","18":"shipping-taxable","19":"purchasable","20":"product-type-simple"},"wcpa_form_fields":{"rules":{"pric_overide_base_price":false,"pric_overide_base_price_if_gt_zero":false,"pric_overide_base_price_fully":false,"pric_cal_option_once":false,"pric_use_as_fee":false,"bind_quantity":false,"quantity_bind_formula":false},"fields":[{"type":"color-group","required":true,"elementId":"wcpa-color-group-66c4a75505e74","label":"Gr\u00f6\u00dfe - EU Gr\u00f6\u00dfe","inline":true,"priceOptions":"different_for_all","pricingType":"fixed","className":"hassizechart product-shoes-size-eu product-shoes-size","name":"color-group-66c4a75505e89","disp_type":"square","selection_type":"tick-border","disp_size":"44","show_label_inside":true,"adjust_width":true,"cart_display_type":"text","other_text":"Other","cl_rule":"show","col":6,"values":[{"label":"35.5","value":"EU 35.5","price":"","pimage":"","pimage_id":"","pthumb":"","color":""},{"label":"36","value":"EU 36","price":"","pimage":"","pimage_id":"","pthumb":"","color":"","selected":true},{"label":"36.5","value":"EU 36.5","price":"","pimage":"","pimage_id":"","pthumb":"","color":""},{"label":"37.5","value":"EU 37.5","price":"","pimage":"","pimage_id":"","pthumb":"","color":""},{"label":"38","value":"EU 38","price":"","pimage":"","pimage_id":"","pthumb":"","color":""},{"label":"38.5","value":"EU 38.5","price":"","pimage":"","pimage_id":"","pthumb":"","color":""},{"label":"39","value":"EU 39","price":"","pimage":"","pimage_id":"","pthumb":"","color":""},{"label":"40","value":"EU 40","price":"","pimage":"","pimage_id":"","pthumb":"","color":""},{"label":"40.5","value":"EU 40.5","price":"","pimage":"","pimage_id":"","pthumb":"","color":""},{"label":"41","value":"EU 41","price":"","pimage":"","pimage_id":"","pthumb":"","color":""},{"label":"42","value":"EU 42","price":"","pimage":"","pimage_id":"","pthumb":"","color":""},{"label":"42.5","value":"EU 42.5","price":"","pimage":"","pimage_id":"","pthumb":"","color":""},{"label":"43","value":"EU 43","price":"","pimage":"","pimage_id":"","pthumb":"","color":""},{"label":"44","value":"EU 44","price":"","pimage":"","pimage_id":"","pthumb":"","color":""},{"label":"44.5","value":"EU 44.5","price":"","pimage":"","pimage_id":"","pthumb":"","color":""},{"label":"45","value":"EU 45","price":"","pimage":"","pimage_id":"","pthumb":"","color":""},{"label":"45.5","value":"EU 45.5","price":"","pimage":"","pimage_id":"","pthumb":"","color":""},{"label":"46","value":"EU 46","price":"","pimage":"","pimage_id":"","pthumb":"","color":""},{"label":"47","value":"EU 47","price":"","pimage":"","pimage_id":"","pthumb":"","color":""},{"label":"47.5","value":"EU 47.5","price":"","pimage":"","pimage_id":"","pthumb":"","color":""},{"label":"48","value":"EU 48","price":"","pimage":"","pimage_id":"","pthumb":"","color":""}],"relations":[{"operator":false,"rules":[]}],"form_id":18106,"form_rules":{"pric_cal_option_once":false,"exclude_from_discount":false,"pric_use_as_fee":false,"fee_label":"Fee","render_after_acb":false,"disp_hide_options_price":false}}]},"yoast_head":"<!-- This site is optimized with the Yoast SEO plugin v26.5 - https:\/\/yoast.com\/wordpress\/plugins\/seo\/ -->\n<title>NFL x Nike Air Zoom Pegasus 41 &#039;Miami Dolphins&#039;  - Loftrunway<\/title>\n<meta name=\"robots\" content=\"index, follow, max-snippet:-1, max-image-preview:large, max-video-preview:-1\" \/>\n<link rel=\"canonical\" href=\"https:\/\/loftrunway.com\/de\/products\/nfl-x-nike-air-zoom-pegasus-41-miami-dolphins\/\" \/>\n<meta property=\"og:locale\" content=\"de_DE\" \/>\n<meta property=\"og:type\" content=\"article\" \/>\n<meta property=\"og:title\" content=\"NFL x Nike Air Zoom Pegasus 41 &#039;Miami Dolphins&#039;  - Loftrunway\" \/>\n<meta property=\"og:description\" content=\"Nike Pegasus Air Zoom 41 \u201d\u201d Turbo Green\/Brilliant Orange\/Black\" \/>\n<meta property=\"og:url\" content=\"https:\/\/loftrunway.com\/de\/products\/nfl-x-nike-air-zoom-pegasus-41-miami-dolphins\/\" \/>\n<meta property=\"og:site_name\" content=\"loftRUN Sneaker Store\" \/>\n<meta property=\"article:modified_time\" content=\"2026-04-02T07:36:04+00:00\" \/>\n<meta name=\"twitter:card\" content=\"summary_large_image\" \/>\n<meta name=\"twitter:image\" content=\"https:\/\/images.novelship.com\/product\/nfl_x_nike_air_zoom_pegasus_41__miami_dolphins__ib_0_38023.jpeg\" \/>\n<meta name=\"twitter:label1\" content=\"Gesch\u00e4tzte Lesezeit\" \/>\n\t<meta name=\"twitter:data1\" content=\"1\u00a0Minute\" \/>\n<script type=\"application\/ld+json\" class=\"yoast-schema-graph\">{\"@context\":\"https:\/\/schema.org\",\"@graph\":[{\"@type\":\"WebPage\",\"@id\":\"https:\/\/loftrunway.com\/de\/products\/nfl-x-nike-air-zoom-pegasus-41-miami-dolphins\/\",\"url\":\"https:\/\/loftrunway.com\/de\/products\/nfl-x-nike-air-zoom-pegasus-41-miami-dolphins\/\",\"name\":\"NFL x Nike Air Zoom Pegasus 41 'Miami Dolphins' - Loftrunway\",\"isPartOf\":{\"@id\":\"https:\/\/loftrunway.com\/de\/#website\"},\"primaryImageOfPage\":{\"@id\":\"https:\/\/loftrunway.com\/de\/products\/nfl-x-nike-air-zoom-pegasus-41-miami-dolphins\/#primaryimage\"},\"image\":{\"@id\":\"https:\/\/loftrunway.com\/de\/products\/nfl-x-nike-air-zoom-pegasus-41-miami-dolphins\/#primaryimage\"},\"thumbnailUrl\":\"https:\/\/images.novelship.com\/product\/nfl_x_nike_air_zoom_pegasus_41__miami_dolphins__ib_0_38023.jpeg\",\"datePublished\":\"2026-03-02T07:52:49+00:00\",\"dateModified\":\"2026-04-02T07:36:04+00:00\",\"breadcrumb\":{\"@id\":\"https:\/\/loftrunway.com\/de\/products\/nfl-x-nike-air-zoom-pegasus-41-miami-dolphins\/#breadcrumb\"},\"inLanguage\":\"de\",\"potentialAction\":[{\"@type\":\"ReadAction\",\"target\":[\"https:\/\/loftrunway.com\/de\/products\/nfl-x-nike-air-zoom-pegasus-41-miami-dolphins\/\"]}]},{\"@type\":\"ImageObject\",\"inLanguage\":\"de\",\"@id\":\"https:\/\/loftrunway.com\/de\/products\/nfl-x-nike-air-zoom-pegasus-41-miami-dolphins\/#primaryimage\",\"url\":\"https:\/\/images.novelship.com\/product\/nfl_x_nike_air_zoom_pegasus_41__miami_dolphins__ib_0_38023.jpeg\",\"contentUrl\":\"https:\/\/images.novelship.com\/product\/nfl_x_nike_air_zoom_pegasus_41__miami_dolphins__ib_0_38023.jpeg\"},{\"@type\":\"BreadcrumbList\",\"@id\":\"https:\/\/loftrunway.com\/de\/products\/nfl-x-nike-air-zoom-pegasus-41-miami-dolphins\/#breadcrumb\",\"itemListElement\":[{\"@type\":\"ListItem\",\"position\":1,\"name\":\"Home\",\"item\":\"https:\/\/loftrunway.com\/de\/\"},{\"@type\":\"ListItem\",\"position\":2,\"name\":\"Shop\",\"item\":\"https:\/\/loftrunway.com\/de\/shop\/\"},{\"@type\":\"ListItem\",\"position\":3,\"name\":\"NFL x Nike Air Zoom Pegasus 41 &#8218;Miami Dolphins&#8216;\"}]},{\"@type\":\"WebSite\",\"@id\":\"https:\/\/loftrunway.com\/de\/#website\",\"url\":\"https:\/\/loftrunway.com\/de\/\",\"name\":\"Styloral Jewelry Shop\",\"description\":\"Der Ort, an dem man alle Arten von Sneakern findet\",\"publisher\":{\"@id\":\"https:\/\/loftrunway.com\/de\/#organization\"},\"potentialAction\":[{\"@type\":\"SearchAction\",\"target\":{\"@type\":\"EntryPoint\",\"urlTemplate\":\"https:\/\/loftrunway.com\/de\/?s={search_term_string}\"},\"query-input\":{\"@type\":\"PropertyValueSpecification\",\"valueRequired\":true,\"valueName\":\"search_term_string\"}}],\"inLanguage\":\"de\"},{\"@type\":\"Organization\",\"@id\":\"https:\/\/loftrunway.com\/de\/#organization\",\"name\":\"STYLORAL PTE. LTD\",\"url\":\"https:\/\/loftrunway.com\/de\/\",\"logo\":{\"@type\":\"ImageObject\",\"inLanguage\":\"de\",\"@id\":\"https:\/\/loftrunway.com\/de\/#\/schema\/logo\/image\/\",\"url\":\"https:\/\/www.loftrunway.com\/wp-content\/uploads\/2025\/12\/logo.png\",\"contentUrl\":\"https:\/\/www.loftrunway.com\/wp-content\/uploads\/2025\/12\/logo.png\",\"width\":200,\"height\":65,\"caption\":\"STYLORAL PTE. LTD\"},\"image\":{\"@id\":\"https:\/\/loftrunway.com\/de\/#\/schema\/logo\/image\/\"}}]}<\/script>\n<!-- \/ Yoast SEO plugin. -->","yoast_head_json":{"title":"NFL x Nike Air Zoom Pegasus 41 'Miami Dolphins'  - Loftrunway","robots":{"index":"index","follow":"follow","max-snippet":"max-snippet:-1","max-image-preview":"max-image-preview:large","max-video-preview":"max-video-preview:-1"},"canonical":"https:\/\/loftrunway.com\/de\/products\/nfl-x-nike-air-zoom-pegasus-41-miami-dolphins\/","og_locale":"de_DE","og_type":"article","og_title":"NFL x Nike Air Zoom Pegasus 41 'Miami Dolphins'  - Loftrunway","og_description":"Nike Pegasus Air Zoom 41 \u201d\u201d Turbo Green\/Brilliant Orange\/Black","og_url":"https:\/\/loftrunway.com\/de\/products\/nfl-x-nike-air-zoom-pegasus-41-miami-dolphins\/","og_site_name":"loftRUN Sneaker Store","article_modified_time":"2026-04-02T07:36:04+00:00","twitter_card":"summary_large_image","twitter_image":"https:\/\/images.novelship.com\/product\/nfl_x_nike_air_zoom_pegasus_41__miami_dolphins__ib_0_38023.jpeg","twitter_misc":{"Gesch\u00e4tzte Lesezeit":"1\u00a0Minute"},"schema":{"@context":"https:\/\/schema.org","@graph":[{"@type":"WebPage","@id":"https:\/\/loftrunway.com\/de\/products\/nfl-x-nike-air-zoom-pegasus-41-miami-dolphins\/","url":"https:\/\/loftrunway.com\/de\/products\/nfl-x-nike-air-zoom-pegasus-41-miami-dolphins\/","name":"NFL x Nike Air Zoom Pegasus 41 'Miami Dolphins' - Loftrunway","isPartOf":{"@id":"https:\/\/loftrunway.com\/de\/#website"},"primaryImageOfPage":{"@id":"https:\/\/loftrunway.com\/de\/products\/nfl-x-nike-air-zoom-pegasus-41-miami-dolphins\/#primaryimage"},"image":{"@id":"https:\/\/loftrunway.com\/de\/products\/nfl-x-nike-air-zoom-pegasus-41-miami-dolphins\/#primaryimage"},"thumbnailUrl":"https:\/\/images.novelship.com\/product\/nfl_x_nike_air_zoom_pegasus_41__miami_dolphins__ib_0_38023.jpeg","datePublished":"2026-03-02T07:52:49+00:00","dateModified":"2026-04-02T07:36:04+00:00","breadcrumb":{"@id":"https:\/\/loftrunway.com\/de\/products\/nfl-x-nike-air-zoom-pegasus-41-miami-dolphins\/#breadcrumb"},"inLanguage":"de","potentialAction":[{"@type":"ReadAction","target":["https:\/\/loftrunway.com\/de\/products\/nfl-x-nike-air-zoom-pegasus-41-miami-dolphins\/"]}]},{"@type":"ImageObject","inLanguage":"de","@id":"https:\/\/loftrunway.com\/de\/products\/nfl-x-nike-air-zoom-pegasus-41-miami-dolphins\/#primaryimage","url":"https:\/\/images.novelship.com\/product\/nfl_x_nike_air_zoom_pegasus_41__miami_dolphins__ib_0_38023.jpeg","contentUrl":"https:\/\/images.novelship.com\/product\/nfl_x_nike_air_zoom_pegasus_41__miami_dolphins__ib_0_38023.jpeg"},{"@type":"BreadcrumbList","@id":"https:\/\/loftrunway.com\/de\/products\/nfl-x-nike-air-zoom-pegasus-41-miami-dolphins\/#breadcrumb","itemListElement":[{"@type":"ListItem","position":1,"name":"Home","item":"https:\/\/loftrunway.com\/de\/"},{"@type":"ListItem","position":2,"name":"Shop","item":"https:\/\/loftrunway.com\/de\/shop\/"},{"@type":"ListItem","position":3,"name":"NFL x Nike Air Zoom Pegasus 41 &#8218;Miami Dolphins&#8216;"}]},{"@type":"WebSite","@id":"https:\/\/loftrunway.com\/de\/#website","url":"https:\/\/loftrunway.com\/de\/","name":"Styloral Jewelry Shop","description":"Der Ort, an dem man alle Arten von Sneakern findet","publisher":{"@id":"https:\/\/loftrunway.com\/de\/#organization"},"potentialAction":[{"@type":"SearchAction","target":{"@type":"EntryPoint","urlTemplate":"https:\/\/loftrunway.com\/de\/?s={search_term_string}"},"query-input":{"@type":"PropertyValueSpecification","valueRequired":true,"valueName":"search_term_string"}}],"inLanguage":"de"},{"@type":"Organization","@id":"https:\/\/loftrunway.com\/de\/#organization","name":"STYLORAL PTE. LTD","url":"https:\/\/loftrunway.com\/de\/","logo":{"@type":"ImageObject","inLanguage":"de","@id":"https:\/\/loftrunway.com\/de\/#\/schema\/logo\/image\/","url":"https:\/\/www.loftrunway.com\/wp-content\/uploads\/2025\/12\/logo.png","contentUrl":"https:\/\/www.loftrunway.com\/wp-content\/uploads\/2025\/12\/logo.png","width":200,"height":65,"caption":"STYLORAL PTE. LTD"},"image":{"@id":"https:\/\/loftrunway.com\/de\/#\/schema\/logo\/image\/"}}]}},"_links":{"self":[{"href":"https:\/\/loftrunway.com\/de\/wp-json\/wp\/v2\/product\/39607","targetHints":{"allow":["GET"]}}],"collection":[{"href":"https:\/\/loftrunway.com\/de\/wp-json\/wp\/v2\/product"}],"about":[{"href":"https:\/\/loftrunway.com\/de\/wp-json\/wp\/v2\/types\/product"}],"replies":[{"embeddable":true,"href":"https:\/\/loftrunway.com\/de\/wp-json\/wp\/v2\/comments?post=39607"}],"wp:featuredmedia":[{"embeddable":true,"href":"https:\/\/loftrunway.com\/de\/wp-json\/wp\/v2\/media\/39608"}],"wp:attachment":[{"href":"https:\/\/loftrunway.com\/de\/wp-json\/wp\/v2\/media?parent=39607"}],"wp:term":[{"taxonomy":"product_brand","embeddable":true,"href":"https:\/\/loftrunway.com\/de\/wp-json\/wp\/v2\/product_brand?post=39607"},{"taxonomy":"product_cat","embeddable":true,"href":"https:\/\/loftrunway.com\/de\/wp-json\/wp\/v2\/product_cat?post=39607"},{"taxonomy":"product_tag","embeddable":true,"href":"https:\/\/loftrunway.com\/de\/wp-json\/wp\/v2\/product_tag?post=39607"}],"curies":[{"name":"wp","href":"https:\/\/api.w.org\/{rel}","templated":true}]}}