{"id":39789,"date":"2026-03-02T14:53:05","date_gmt":"2026-03-02T07:53:05","guid":{"rendered":"http:\/\/loftrunway.com\/product\/adidas-samba-xlg-comfort-versatile-trendy-non-slip-wear-resistant-low-top"},"modified":"2026-04-03T19:32:57","modified_gmt":"2026-04-03T12:32:57","slug":"adidas-samba-xlg-comfort-versatile-trendy-non-slip-wear-resistant-low-top","status":"publish","type":"product","link":"https:\/\/loftrunway.com\/de\/products\/adidas-samba-xlg-comfort-versatile-trendy-non-slip-wear-resistant-low-top\/","title":{"rendered":"adidas Samba XLG &#8218;Comfort Versatile Trendy Non-Slip Wear-Resistant Low-Top&#8216;"},"content":{"rendered":"<p>Mit den adidas Samba XLG IE1379 Sneakern verleihst du deinem Style das gewisse Etwas! Diese vielseitigen Schuhe vereinen Komfort und Style in einer flachen Silhouette, die perfekt f\u00fcr jeden Tag geeignet ist. Dank strapazierf\u00e4higer Materialien sind sie robust und bieten deinen F\u00fc\u00dfen mit ihrer rutschfesten Sohle sicheren Halt. Ihr trendiges Design passt zu jedem Outfit und macht sie zur idealen Wahl f\u00fcr alle, die Wert auf Stil legen. Egal ob beim Einkaufen oder auf der Stra\u00dfe \u201d\u201c die adidas Samba XLG IE1379 Sneaker bieten die ultimative Kombination aus Komfort und Style.<\/p>\n<ul>\n<li><strong>Farbgebung:<\/strong> Schwarz-Wei\u00df-Gummi<\/li>\n<li><strong>Style-Code:<\/strong> IE1379<\/li>\n<li><strong>Obermaterial:<\/strong> Leder<\/li>\n<li><strong>Zwischensohle:<\/strong> EVA<\/li>\n<li><strong>Farbe:<\/strong> Schwarz<\/li>\n<\/ul>\n","protected":false},"excerpt":{"rendered":"<p>adidas Samba XLG \u201d\u201d Black White Gum<\/p>\n","protected":false},"featured_media":39790,"comment_status":"open","ping_status":"closed","template":"","meta":[],"product_brand":[],"product_cat":[10760],"product_tag":[10759,10749,10750,10753,10754,10755,10756,10758],"class_list":{"0":"post-39789","1":"product","2":"type-product","3":"status-publish","4":"has-post-thumbnail","6":"product_cat-adidas","7":"product_tag-adidas","8":"product_tag-adidas-skateboarding-shoes","9":"product_tag-athleisure-shoes","10":"product_tag-gift-for-him","11":"product_tag-lifestyle-casual-shoes","12":"product_tag-lifestyle-shoes-soccer-inspired","13":"product_tag-retro-casual-shoes","14":"product_tag-under-retail","15":"wcpa_has_options","17":"first","18":"instock","19":"taxable","20":"shipping-taxable","21":"purchasable","22":"product-type-simple"},"wcpa_form_fields":{"rules":{"pric_overide_base_price":false,"pric_overide_base_price_if_gt_zero":false,"pric_overide_base_price_fully":false,"pric_cal_option_once":false,"pric_use_as_fee":false,"bind_quantity":false,"quantity_bind_formula":false},"fields":[{"type":"color-group","required":true,"elementId":"wcpa-color-group-66c4a7f817afe","label":"Gr\u00f6\u00dfe","inline":true,"priceOptions":"different_for_all","pricingType":"fixed","className":"hassizechart product-shoes-size-eu product-shoes-size","name":"color-group-66c4a7f817b18","disp_type":"square","selection_type":"tick-border","disp_size":"50","show_label_inside":true,"adjust_width":true,"cart_display_type":"text","other_text":"Other","cl_rule":"show","col":6,"values":[{"label":"35","value":"EU 35","price":"","pimage":"","pimage_id":"","pthumb":"","color":""},{"label":"35.5","value":"EU 35.5","price":"","pimage":"","pimage_id":"","pthumb":"","color":""},{"label":"36","value":"EU 36","price":"","pimage":"","pimage_id":"","pthumb":"","color":"","selected":true},{"label":"36 2\/3","value":"EU 36 2\/3","price":"","pimage":"","pimage_id":"","pthumb":"","color":""},{"label":"37 1\/3","value":"EU 37 1\/3","price":"","pimage":"","pimage_id":"","pthumb":"","color":""},{"label":"38","value":"EU 38","price":"","pimage":"","pimage_id":"","pthumb":"","color":""},{"label":"38 2\/3","value":"EU 38 2\/3","price":"","pimage":"","pimage_id":"","pthumb":"","color":""},{"label":"39 1\/3","value":"EU 39 1\/3","price":"","pimage":"","pimage_id":"","pthumb":"","color":""},{"label":"40","value":"EU 40","price":"","pimage":"","pimage_id":"","pthumb":"","color":""},{"label":"40 2\/3","value":"EU 40 2\/3","price":"","pimage":"","pimage_id":"","pthumb":"","color":""},{"label":"41 1\/3","value":"EU 41 1\/3","price":"","pimage":"","pimage_id":"","pthumb":"","color":""},{"label":"42","value":"EU 42","price":"","pimage":"","pimage_id":"","pthumb":"","color":""},{"label":"42 2\/3","value":"EU 42 2\/3","price":"","pimage":"","pimage_id":"","pthumb":"","color":""},{"label":"43 1\/3","value":"EU 43 1\/3","price":"","pimage":"","pimage_id":"","pthumb":"","color":""},{"label":"44","value":"EU 44","price":"","pimage":"","pimage_id":"","pthumb":"","color":""},{"label":"44 2\/3","value":"EU 44 2\/3","price":"","pimage":"","pimage_id":"","pthumb":"","color":""},{"label":"45 1\/3","value":"EU 45 1\/3","price":"","pimage":"","pimage_id":"","pthumb":"","color":""},{"label":"46","value":"EU 46","price":"","pimage":"","pimage_id":"","pthumb":"","color":""},{"label":"46 2\/3","value":"EU 46 2\/3","price":"","pimage":"","pimage_id":"","pthumb":"","color":""},{"label":"47 1\/3","value":"EU 47 1\/3","price":"","pimage":"","pimage_id":"","pthumb":"","color":""}],"relations":[{"operator":false,"rules":[]}],"form_id":24802,"form_rules":{"pric_cal_option_once":false,"exclude_from_discount":false,"pric_use_as_fee":false,"fee_label":"Fee","render_after_acb":false,"disp_hide_options_price":false}}]},"yoast_head":"<!-- This site is optimized with the Yoast SEO plugin v26.5 - https:\/\/yoast.com\/wordpress\/plugins\/seo\/ -->\n<title>adidas Samba XLG &#039;Comfort Versatile Trendy Non-Slip Wear-Resistant Low-Top&#039;  - Loftrunway<\/title>\n<meta name=\"robots\" content=\"index, follow, max-snippet:-1, max-image-preview:large, max-video-preview:-1\" \/>\n<link rel=\"canonical\" href=\"https:\/\/loftrunway.com\/de\/products\/adidas-samba-xlg-comfort-versatile-trendy-non-slip-wear-resistant-low-top\/\" \/>\n<meta property=\"og:locale\" content=\"de_DE\" \/>\n<meta property=\"og:type\" content=\"article\" \/>\n<meta property=\"og:title\" content=\"adidas Samba XLG &#039;Comfort Versatile Trendy Non-Slip Wear-Resistant Low-Top&#039;  - Loftrunway\" \/>\n<meta property=\"og:description\" content=\"adidas Samba XLG \u201d\u201d Black White Gum\" \/>\n<meta property=\"og:url\" content=\"https:\/\/loftrunway.com\/de\/products\/adidas-samba-xlg-comfort-versatile-trendy-non-slip-wear-resistant-low-top\/\" \/>\n<meta property=\"og:site_name\" content=\"loftRUN Sneaker Store\" \/>\n<meta property=\"article:modified_time\" content=\"2026-04-03T12:32:57+00:00\" \/>\n<meta name=\"twitter:card\" content=\"summary_large_image\" \/>\n<meta name=\"twitter:image\" content=\"https:\/\/images.novelship.com\/product\/adidas_samba_xlg__comfort_versatile_trendy_non_sli_0_53267.jpeg\" \/>\n<meta name=\"twitter:label1\" content=\"Gesch\u00e4tzte Lesezeit\" \/>\n\t<meta name=\"twitter:data1\" content=\"1\u00a0Minute\" \/>\n<script type=\"application\/ld+json\" class=\"yoast-schema-graph\">{\"@context\":\"https:\/\/schema.org\",\"@graph\":[{\"@type\":\"WebPage\",\"@id\":\"https:\/\/loftrunway.com\/de\/products\/adidas-samba-xlg-comfort-versatile-trendy-non-slip-wear-resistant-low-top\/\",\"url\":\"https:\/\/loftrunway.com\/de\/products\/adidas-samba-xlg-comfort-versatile-trendy-non-slip-wear-resistant-low-top\/\",\"name\":\"adidas Samba XLG 'Comfort Versatile Trendy Non-Slip Wear-Resistant Low-Top' - Loftrunway\",\"isPartOf\":{\"@id\":\"https:\/\/loftrunway.com\/de\/#website\"},\"primaryImageOfPage\":{\"@id\":\"https:\/\/loftrunway.com\/de\/products\/adidas-samba-xlg-comfort-versatile-trendy-non-slip-wear-resistant-low-top\/#primaryimage\"},\"image\":{\"@id\":\"https:\/\/loftrunway.com\/de\/products\/adidas-samba-xlg-comfort-versatile-trendy-non-slip-wear-resistant-low-top\/#primaryimage\"},\"thumbnailUrl\":\"https:\/\/images.novelship.com\/product\/adidas_samba_xlg__comfort_versatile_trendy_non_sli_0_53267.jpeg\",\"datePublished\":\"2026-03-02T07:53:05+00:00\",\"dateModified\":\"2026-04-03T12:32:57+00:00\",\"breadcrumb\":{\"@id\":\"https:\/\/loftrunway.com\/de\/products\/adidas-samba-xlg-comfort-versatile-trendy-non-slip-wear-resistant-low-top\/#breadcrumb\"},\"inLanguage\":\"de\",\"potentialAction\":[{\"@type\":\"ReadAction\",\"target\":[\"https:\/\/loftrunway.com\/de\/products\/adidas-samba-xlg-comfort-versatile-trendy-non-slip-wear-resistant-low-top\/\"]}]},{\"@type\":\"ImageObject\",\"inLanguage\":\"de\",\"@id\":\"https:\/\/loftrunway.com\/de\/products\/adidas-samba-xlg-comfort-versatile-trendy-non-slip-wear-resistant-low-top\/#primaryimage\",\"url\":\"https:\/\/images.novelship.com\/product\/adidas_samba_xlg__comfort_versatile_trendy_non_sli_0_53267.jpeg\",\"contentUrl\":\"https:\/\/images.novelship.com\/product\/adidas_samba_xlg__comfort_versatile_trendy_non_sli_0_53267.jpeg\"},{\"@type\":\"BreadcrumbList\",\"@id\":\"https:\/\/loftrunway.com\/de\/products\/adidas-samba-xlg-comfort-versatile-trendy-non-slip-wear-resistant-low-top\/#breadcrumb\",\"itemListElement\":[{\"@type\":\"ListItem\",\"position\":1,\"name\":\"Home\",\"item\":\"https:\/\/loftrunway.com\/de\/\"},{\"@type\":\"ListItem\",\"position\":2,\"name\":\"Shop\",\"item\":\"https:\/\/loftrunway.com\/de\/shop\/\"},{\"@type\":\"ListItem\",\"position\":3,\"name\":\"adidas Samba XLG &#8218;Comfort Versatile Trendy Non-Slip Wear-Resistant Low-Top&#8216;\"}]},{\"@type\":\"WebSite\",\"@id\":\"https:\/\/loftrunway.com\/de\/#website\",\"url\":\"https:\/\/loftrunway.com\/de\/\",\"name\":\"Styloral Jewelry Shop\",\"description\":\"Der Ort, an dem man alle Arten von Sneakern findet\",\"publisher\":{\"@id\":\"https:\/\/loftrunway.com\/de\/#organization\"},\"potentialAction\":[{\"@type\":\"SearchAction\",\"target\":{\"@type\":\"EntryPoint\",\"urlTemplate\":\"https:\/\/loftrunway.com\/de\/?s={search_term_string}\"},\"query-input\":{\"@type\":\"PropertyValueSpecification\",\"valueRequired\":true,\"valueName\":\"search_term_string\"}}],\"inLanguage\":\"de\"},{\"@type\":\"Organization\",\"@id\":\"https:\/\/loftrunway.com\/de\/#organization\",\"name\":\"STYLORAL PTE. LTD\",\"url\":\"https:\/\/loftrunway.com\/de\/\",\"logo\":{\"@type\":\"ImageObject\",\"inLanguage\":\"de\",\"@id\":\"https:\/\/loftrunway.com\/de\/#\/schema\/logo\/image\/\",\"url\":\"https:\/\/www.loftrunway.com\/wp-content\/uploads\/2025\/12\/logo.png\",\"contentUrl\":\"https:\/\/www.loftrunway.com\/wp-content\/uploads\/2025\/12\/logo.png\",\"width\":200,\"height\":65,\"caption\":\"STYLORAL PTE. LTD\"},\"image\":{\"@id\":\"https:\/\/loftrunway.com\/de\/#\/schema\/logo\/image\/\"}}]}<\/script>\n<!-- \/ Yoast SEO plugin. -->","yoast_head_json":{"title":"adidas Samba XLG 'Comfort Versatile Trendy Non-Slip Wear-Resistant Low-Top'  - Loftrunway","robots":{"index":"index","follow":"follow","max-snippet":"max-snippet:-1","max-image-preview":"max-image-preview:large","max-video-preview":"max-video-preview:-1"},"canonical":"https:\/\/loftrunway.com\/de\/products\/adidas-samba-xlg-comfort-versatile-trendy-non-slip-wear-resistant-low-top\/","og_locale":"de_DE","og_type":"article","og_title":"adidas Samba XLG 'Comfort Versatile Trendy Non-Slip Wear-Resistant Low-Top'  - Loftrunway","og_description":"adidas Samba XLG \u201d\u201d Black White Gum","og_url":"https:\/\/loftrunway.com\/de\/products\/adidas-samba-xlg-comfort-versatile-trendy-non-slip-wear-resistant-low-top\/","og_site_name":"loftRUN Sneaker Store","article_modified_time":"2026-04-03T12:32:57+00:00","twitter_card":"summary_large_image","twitter_image":"https:\/\/images.novelship.com\/product\/adidas_samba_xlg__comfort_versatile_trendy_non_sli_0_53267.jpeg","twitter_misc":{"Gesch\u00e4tzte Lesezeit":"1\u00a0Minute"},"schema":{"@context":"https:\/\/schema.org","@graph":[{"@type":"WebPage","@id":"https:\/\/loftrunway.com\/de\/products\/adidas-samba-xlg-comfort-versatile-trendy-non-slip-wear-resistant-low-top\/","url":"https:\/\/loftrunway.com\/de\/products\/adidas-samba-xlg-comfort-versatile-trendy-non-slip-wear-resistant-low-top\/","name":"adidas Samba XLG 'Comfort Versatile Trendy Non-Slip Wear-Resistant Low-Top' - Loftrunway","isPartOf":{"@id":"https:\/\/loftrunway.com\/de\/#website"},"primaryImageOfPage":{"@id":"https:\/\/loftrunway.com\/de\/products\/adidas-samba-xlg-comfort-versatile-trendy-non-slip-wear-resistant-low-top\/#primaryimage"},"image":{"@id":"https:\/\/loftrunway.com\/de\/products\/adidas-samba-xlg-comfort-versatile-trendy-non-slip-wear-resistant-low-top\/#primaryimage"},"thumbnailUrl":"https:\/\/images.novelship.com\/product\/adidas_samba_xlg__comfort_versatile_trendy_non_sli_0_53267.jpeg","datePublished":"2026-03-02T07:53:05+00:00","dateModified":"2026-04-03T12:32:57+00:00","breadcrumb":{"@id":"https:\/\/loftrunway.com\/de\/products\/adidas-samba-xlg-comfort-versatile-trendy-non-slip-wear-resistant-low-top\/#breadcrumb"},"inLanguage":"de","potentialAction":[{"@type":"ReadAction","target":["https:\/\/loftrunway.com\/de\/products\/adidas-samba-xlg-comfort-versatile-trendy-non-slip-wear-resistant-low-top\/"]}]},{"@type":"ImageObject","inLanguage":"de","@id":"https:\/\/loftrunway.com\/de\/products\/adidas-samba-xlg-comfort-versatile-trendy-non-slip-wear-resistant-low-top\/#primaryimage","url":"https:\/\/images.novelship.com\/product\/adidas_samba_xlg__comfort_versatile_trendy_non_sli_0_53267.jpeg","contentUrl":"https:\/\/images.novelship.com\/product\/adidas_samba_xlg__comfort_versatile_trendy_non_sli_0_53267.jpeg"},{"@type":"BreadcrumbList","@id":"https:\/\/loftrunway.com\/de\/products\/adidas-samba-xlg-comfort-versatile-trendy-non-slip-wear-resistant-low-top\/#breadcrumb","itemListElement":[{"@type":"ListItem","position":1,"name":"Home","item":"https:\/\/loftrunway.com\/de\/"},{"@type":"ListItem","position":2,"name":"Shop","item":"https:\/\/loftrunway.com\/de\/shop\/"},{"@type":"ListItem","position":3,"name":"adidas Samba XLG &#8218;Comfort Versatile Trendy Non-Slip Wear-Resistant Low-Top&#8216;"}]},{"@type":"WebSite","@id":"https:\/\/loftrunway.com\/de\/#website","url":"https:\/\/loftrunway.com\/de\/","name":"Styloral Jewelry Shop","description":"Der Ort, an dem man alle Arten von Sneakern findet","publisher":{"@id":"https:\/\/loftrunway.com\/de\/#organization"},"potentialAction":[{"@type":"SearchAction","target":{"@type":"EntryPoint","urlTemplate":"https:\/\/loftrunway.com\/de\/?s={search_term_string}"},"query-input":{"@type":"PropertyValueSpecification","valueRequired":true,"valueName":"search_term_string"}}],"inLanguage":"de"},{"@type":"Organization","@id":"https:\/\/loftrunway.com\/de\/#organization","name":"STYLORAL PTE. LTD","url":"https:\/\/loftrunway.com\/de\/","logo":{"@type":"ImageObject","inLanguage":"de","@id":"https:\/\/loftrunway.com\/de\/#\/schema\/logo\/image\/","url":"https:\/\/www.loftrunway.com\/wp-content\/uploads\/2025\/12\/logo.png","contentUrl":"https:\/\/www.loftrunway.com\/wp-content\/uploads\/2025\/12\/logo.png","width":200,"height":65,"caption":"STYLORAL PTE. LTD"},"image":{"@id":"https:\/\/loftrunway.com\/de\/#\/schema\/logo\/image\/"}}]}},"_links":{"self":[{"href":"https:\/\/loftrunway.com\/de\/wp-json\/wp\/v2\/product\/39789","targetHints":{"allow":["GET"]}}],"collection":[{"href":"https:\/\/loftrunway.com\/de\/wp-json\/wp\/v2\/product"}],"about":[{"href":"https:\/\/loftrunway.com\/de\/wp-json\/wp\/v2\/types\/product"}],"replies":[{"embeddable":true,"href":"https:\/\/loftrunway.com\/de\/wp-json\/wp\/v2\/comments?post=39789"}],"wp:featuredmedia":[{"embeddable":true,"href":"https:\/\/loftrunway.com\/de\/wp-json\/wp\/v2\/media\/39790"}],"wp:attachment":[{"href":"https:\/\/loftrunway.com\/de\/wp-json\/wp\/v2\/media?parent=39789"}],"wp:term":[{"taxonomy":"product_brand","embeddable":true,"href":"https:\/\/loftrunway.com\/de\/wp-json\/wp\/v2\/product_brand?post=39789"},{"taxonomy":"product_cat","embeddable":true,"href":"https:\/\/loftrunway.com\/de\/wp-json\/wp\/v2\/product_cat?post=39789"},{"taxonomy":"product_tag","embeddable":true,"href":"https:\/\/loftrunway.com\/de\/wp-json\/wp\/v2\/product_tag?post=39789"}],"curies":[{"name":"wp","href":"https:\/\/api.w.org\/{rel}","templated":true}]}}