{"id":43197,"date":"2026-03-02T14:58:09","date_gmt":"2026-03-02T07:58:09","guid":{"rendered":"http:\/\/loftrunway.com\/product\/new-balance-fresh-foam-x-3000v6-metal-grey-white"},"modified":"2026-04-02T14:38:08","modified_gmt":"2026-04-02T07:38:08","slug":"new-balance-fresh-foam-x-3000v6-metal-grey-white","status":"publish","type":"product","link":"https:\/\/loftrunway.com\/de\/products\/new-balance-fresh-foam-x-3000v6-metal-grey-white\/","title":{"rendered":"New Balance Fresh Foam X 3000v6 Metal &#8218;Grey White&#8216;"},"content":{"rendered":"<p>Verbessere dein Spiel mit dem New Balance Fresh Foam X 3000v6 Metal &#8218;Grey White&#8216; L3000TG6. Dank der innovativen Fresh Foam X-D\u00e4mpfung bieten diese Fu\u00dfballschuhe unvergleichlichen Komfort und optimale Unterst\u00fctzung f\u00fcr H\u00f6chstleistungen. Das elegante Design in Grau und Wei\u00df verleiht ihnen einen modernen Touch, w\u00e4hrend die Metallspikes f\u00fcr hervorragende Traktion auf dem Spielfeld sorgen. Dieser Fu\u00dfballschuh ist ideal f\u00fcr ambitionierte Sportler und vereint Strapazierf\u00e4higkeit, Style und Funktionalit\u00e4t \u201d\u201c die perfekte Wahl f\u00fcr alle, die es ernst meinen. Erobere das Spielfeld!<\/p>\n<ul>\n<li><strong>Style Code:<\/strong> L3000TG6<\/li>\n<li><strong>Obermaterial:<\/strong> Mesh<\/li>\n<li><strong>Mittelsohle:<\/strong> Fresh Foam X<\/li>\n<li><strong>Farbe:<\/strong> Grau<\/li>\n<li><strong>Erscheinungsjahr:<\/strong> 2022<\/li>\n<\/ul>\n","protected":false},"excerpt":{"rendered":"<p>NB Fresh Foam X 3000v6 Metal &#8218;Grey White&#8216;<\/p>\n","protected":false},"featured_media":43198,"comment_status":"open","ping_status":"closed","template":"","meta":[],"product_brand":[],"product_cat":[10771,41273],"product_tag":[11883,10753,10766,10802,11082,10758],"class_list":{"0":"post-43197","1":"product","2":"type-product","3":"status-publish","4":"has-post-thumbnail","6":"product_cat-new-balance","7":"product_cat-remove","8":"product_tag-baseball-shoes","9":"product_tag-gift-for-him","10":"product_tag-new-balance","11":"product_tag-performance-sport-shoes","12":"product_tag-tennis-shoes","13":"product_tag-under-retail","14":"wcpa_has_options","16":"first","17":"instock","18":"sale","19":"taxable","20":"shipping-taxable","21":"purchasable","22":"product-type-simple"},"wcpa_form_fields":{"rules":{"pric_overide_base_price":false,"pric_overide_base_price_if_gt_zero":false,"pric_overide_base_price_fully":false,"pric_cal_option_once":false,"pric_use_as_fee":false,"bind_quantity":false,"quantity_bind_formula":false},"fields":[{"type":"color-group","required":true,"elementId":"wcpa-color-group-66c4a928225d2","label":"Gr\u00f6\u00dfe","inline":true,"priceOptions":"different_for_all","pricingType":"fixed","className":"hassizechart product-shoes-size-eu product-shoes-size","name":"color-group-66c4a928225e2","disp_type":"square","selection_type":"tick-border","disp_size":"50","show_label_inside":true,"adjust_width":true,"cart_display_type":"text","other_text":"Other","cl_rule":"show","col":6,"values":[{"label":"35","value":"EU 35","price":"","pimage":"","pimage_id":"","pthumb":"","color":""},{"label":"36","value":"EU 36","price":"","pimage":"","pimage_id":"","pthumb":"","color":"","selected":true},{"label":"37","value":"EU 37","price":"","pimage":"","pimage_id":"","pthumb":"","color":""},{"label":"37.5","value":"EU 37.5","price":"","pimage":"","pimage_id":"","pthumb":"","color":""},{"label":"38","value":"EU 38","price":"","pimage":"","pimage_id":"","pthumb":"","color":""},{"label":"38.5","value":"EU 38.5","price":"","pimage":"","pimage_id":"","pthumb":"","color":""},{"label":"39","value":"EU 39","price":"","pimage":"","pimage_id":"","pthumb":"","color":""},{"label":"39.5","value":"EU 39.5","price":"","pimage":"","pimage_id":"","pthumb":"","color":""},{"label":"40","value":"EU 40","price":"","pimage":"","pimage_id":"","pthumb":"","color":""},{"label":"40.5","value":"EU 40.5","price":"","pimage":"","pimage_id":"","pthumb":"","color":""},{"label":" 41.5","value":"EU 41.5","price":"","pimage":"","pimage_id":"","pthumb":"","color":""},{"label":"42","value":"EU 42","price":"","pimage":"","pimage_id":"","pthumb":"","color":""},{"label":"42.5","value":"EU 42.5","price":"","pimage":"","pimage_id":"","pthumb":"","color":""},{"label":"43","value":"EU 43","price":"","pimage":"","pimage_id":"","pthumb":"","color":""},{"label":"44","value":"EU 44","price":"","pimage":"","pimage_id":"","pthumb":"","color":""},{"label":"44.5","value":"EU 44.5","price":"","pimage":"","pimage_id":"","pthumb":"","color":""},{"label":"45","value":"EU 45","price":"","pimage":"","pimage_id":"","pthumb":"","color":""},{"label":"45.5","value":"EU 45.5","price":"","pimage":"","pimage_id":"","pthumb":"","color":""},{"label":"46","value":"EU 46","price":"","pimage":"","pimage_id":"","pthumb":"","color":""}],"relations":[{"operator":false,"rules":[]}],"form_id":24803,"form_rules":{"pric_cal_option_once":false,"exclude_from_discount":false,"pric_use_as_fee":false,"fee_label":"Fee","render_after_acb":false,"disp_hide_options_price":false}}]},"yoast_head":"<!-- This site is optimized with the Yoast SEO plugin v26.5 - https:\/\/yoast.com\/wordpress\/plugins\/seo\/ -->\n<title>New Balance Fresh Foam X 3000v6 Metal &#039;Grey White&#039;  - Loftrunway<\/title>\n<meta name=\"robots\" content=\"index, follow, max-snippet:-1, max-image-preview:large, max-video-preview:-1\" \/>\n<link rel=\"canonical\" href=\"https:\/\/loftrunway.com\/de\/products\/new-balance-fresh-foam-x-3000v6-metal-grey-white\/\" \/>\n<meta property=\"og:locale\" content=\"de_DE\" \/>\n<meta property=\"og:type\" content=\"article\" \/>\n<meta property=\"og:title\" content=\"New Balance Fresh Foam X 3000v6 Metal &#039;Grey White&#039;  - Loftrunway\" \/>\n<meta property=\"og:description\" content=\"NB Fresh Foam X 3000v6 Metal &#039;Grey White&#039;\" \/>\n<meta property=\"og:url\" content=\"https:\/\/loftrunway.com\/de\/products\/new-balance-fresh-foam-x-3000v6-metal-grey-white\/\" \/>\n<meta property=\"og:site_name\" content=\"loftRUN Sneaker Store\" \/>\n<meta property=\"article:modified_time\" content=\"2026-04-02T07:38:08+00:00\" \/>\n<meta name=\"twitter:card\" content=\"summary_large_image\" \/>\n<meta name=\"twitter:image\" content=\"https:\/\/images.novelship.com\/product\/new_balance_fresh_foam_x_3000v6_metal__grey_white__0_95277.jpeg\" \/>\n<meta name=\"twitter:label1\" content=\"Gesch\u00e4tzte Lesezeit\" \/>\n\t<meta name=\"twitter:data1\" content=\"1\u00a0Minute\" \/>\n<script type=\"application\/ld+json\" class=\"yoast-schema-graph\">{\"@context\":\"https:\/\/schema.org\",\"@graph\":[{\"@type\":\"WebPage\",\"@id\":\"https:\/\/loftrunway.com\/de\/products\/new-balance-fresh-foam-x-3000v6-metal-grey-white\/\",\"url\":\"https:\/\/loftrunway.com\/de\/products\/new-balance-fresh-foam-x-3000v6-metal-grey-white\/\",\"name\":\"New Balance Fresh Foam X 3000v6 Metal 'Grey White' - Loftrunway\",\"isPartOf\":{\"@id\":\"https:\/\/loftrunway.com\/de\/#website\"},\"primaryImageOfPage\":{\"@id\":\"https:\/\/loftrunway.com\/de\/products\/new-balance-fresh-foam-x-3000v6-metal-grey-white\/#primaryimage\"},\"image\":{\"@id\":\"https:\/\/loftrunway.com\/de\/products\/new-balance-fresh-foam-x-3000v6-metal-grey-white\/#primaryimage\"},\"thumbnailUrl\":\"https:\/\/images.novelship.com\/product\/new_balance_fresh_foam_x_3000v6_metal__grey_white__0_95277.jpeg\",\"datePublished\":\"2026-03-02T07:58:09+00:00\",\"dateModified\":\"2026-04-02T07:38:08+00:00\",\"breadcrumb\":{\"@id\":\"https:\/\/loftrunway.com\/de\/products\/new-balance-fresh-foam-x-3000v6-metal-grey-white\/#breadcrumb\"},\"inLanguage\":\"de\",\"potentialAction\":[{\"@type\":\"ReadAction\",\"target\":[\"https:\/\/loftrunway.com\/de\/products\/new-balance-fresh-foam-x-3000v6-metal-grey-white\/\"]}]},{\"@type\":\"ImageObject\",\"inLanguage\":\"de\",\"@id\":\"https:\/\/loftrunway.com\/de\/products\/new-balance-fresh-foam-x-3000v6-metal-grey-white\/#primaryimage\",\"url\":\"https:\/\/images.novelship.com\/product\/new_balance_fresh_foam_x_3000v6_metal__grey_white__0_95277.jpeg\",\"contentUrl\":\"https:\/\/images.novelship.com\/product\/new_balance_fresh_foam_x_3000v6_metal__grey_white__0_95277.jpeg\"},{\"@type\":\"BreadcrumbList\",\"@id\":\"https:\/\/loftrunway.com\/de\/products\/new-balance-fresh-foam-x-3000v6-metal-grey-white\/#breadcrumb\",\"itemListElement\":[{\"@type\":\"ListItem\",\"position\":1,\"name\":\"Home\",\"item\":\"https:\/\/loftrunway.com\/de\/\"},{\"@type\":\"ListItem\",\"position\":2,\"name\":\"Shop\",\"item\":\"https:\/\/loftrunway.com\/de\/shop\/\"},{\"@type\":\"ListItem\",\"position\":3,\"name\":\"New Balance Fresh Foam X 3000v6 Metal &#8218;Grey White&#8216;\"}]},{\"@type\":\"WebSite\",\"@id\":\"https:\/\/loftrunway.com\/de\/#website\",\"url\":\"https:\/\/loftrunway.com\/de\/\",\"name\":\"Styloral Jewelry Shop\",\"description\":\"Der Ort, an dem man alle Arten von Sneakern findet\",\"publisher\":{\"@id\":\"https:\/\/loftrunway.com\/de\/#organization\"},\"potentialAction\":[{\"@type\":\"SearchAction\",\"target\":{\"@type\":\"EntryPoint\",\"urlTemplate\":\"https:\/\/loftrunway.com\/de\/?s={search_term_string}\"},\"query-input\":{\"@type\":\"PropertyValueSpecification\",\"valueRequired\":true,\"valueName\":\"search_term_string\"}}],\"inLanguage\":\"de\"},{\"@type\":\"Organization\",\"@id\":\"https:\/\/loftrunway.com\/de\/#organization\",\"name\":\"STYLORAL PTE. LTD\",\"url\":\"https:\/\/loftrunway.com\/de\/\",\"logo\":{\"@type\":\"ImageObject\",\"inLanguage\":\"de\",\"@id\":\"https:\/\/loftrunway.com\/de\/#\/schema\/logo\/image\/\",\"url\":\"https:\/\/www.loftrunway.com\/wp-content\/uploads\/2025\/12\/logo.png\",\"contentUrl\":\"https:\/\/www.loftrunway.com\/wp-content\/uploads\/2025\/12\/logo.png\",\"width\":200,\"height\":65,\"caption\":\"STYLORAL PTE. LTD\"},\"image\":{\"@id\":\"https:\/\/loftrunway.com\/de\/#\/schema\/logo\/image\/\"}}]}<\/script>\n<!-- \/ Yoast SEO plugin. -->","yoast_head_json":{"title":"New Balance Fresh Foam X 3000v6 Metal 'Grey White'  - Loftrunway","robots":{"index":"index","follow":"follow","max-snippet":"max-snippet:-1","max-image-preview":"max-image-preview:large","max-video-preview":"max-video-preview:-1"},"canonical":"https:\/\/loftrunway.com\/de\/products\/new-balance-fresh-foam-x-3000v6-metal-grey-white\/","og_locale":"de_DE","og_type":"article","og_title":"New Balance Fresh Foam X 3000v6 Metal 'Grey White'  - Loftrunway","og_description":"NB Fresh Foam X 3000v6 Metal 'Grey White'","og_url":"https:\/\/loftrunway.com\/de\/products\/new-balance-fresh-foam-x-3000v6-metal-grey-white\/","og_site_name":"loftRUN Sneaker Store","article_modified_time":"2026-04-02T07:38:08+00:00","twitter_card":"summary_large_image","twitter_image":"https:\/\/images.novelship.com\/product\/new_balance_fresh_foam_x_3000v6_metal__grey_white__0_95277.jpeg","twitter_misc":{"Gesch\u00e4tzte Lesezeit":"1\u00a0Minute"},"schema":{"@context":"https:\/\/schema.org","@graph":[{"@type":"WebPage","@id":"https:\/\/loftrunway.com\/de\/products\/new-balance-fresh-foam-x-3000v6-metal-grey-white\/","url":"https:\/\/loftrunway.com\/de\/products\/new-balance-fresh-foam-x-3000v6-metal-grey-white\/","name":"New Balance Fresh Foam X 3000v6 Metal 'Grey White' - Loftrunway","isPartOf":{"@id":"https:\/\/loftrunway.com\/de\/#website"},"primaryImageOfPage":{"@id":"https:\/\/loftrunway.com\/de\/products\/new-balance-fresh-foam-x-3000v6-metal-grey-white\/#primaryimage"},"image":{"@id":"https:\/\/loftrunway.com\/de\/products\/new-balance-fresh-foam-x-3000v6-metal-grey-white\/#primaryimage"},"thumbnailUrl":"https:\/\/images.novelship.com\/product\/new_balance_fresh_foam_x_3000v6_metal__grey_white__0_95277.jpeg","datePublished":"2026-03-02T07:58:09+00:00","dateModified":"2026-04-02T07:38:08+00:00","breadcrumb":{"@id":"https:\/\/loftrunway.com\/de\/products\/new-balance-fresh-foam-x-3000v6-metal-grey-white\/#breadcrumb"},"inLanguage":"de","potentialAction":[{"@type":"ReadAction","target":["https:\/\/loftrunway.com\/de\/products\/new-balance-fresh-foam-x-3000v6-metal-grey-white\/"]}]},{"@type":"ImageObject","inLanguage":"de","@id":"https:\/\/loftrunway.com\/de\/products\/new-balance-fresh-foam-x-3000v6-metal-grey-white\/#primaryimage","url":"https:\/\/images.novelship.com\/product\/new_balance_fresh_foam_x_3000v6_metal__grey_white__0_95277.jpeg","contentUrl":"https:\/\/images.novelship.com\/product\/new_balance_fresh_foam_x_3000v6_metal__grey_white__0_95277.jpeg"},{"@type":"BreadcrumbList","@id":"https:\/\/loftrunway.com\/de\/products\/new-balance-fresh-foam-x-3000v6-metal-grey-white\/#breadcrumb","itemListElement":[{"@type":"ListItem","position":1,"name":"Home","item":"https:\/\/loftrunway.com\/de\/"},{"@type":"ListItem","position":2,"name":"Shop","item":"https:\/\/loftrunway.com\/de\/shop\/"},{"@type":"ListItem","position":3,"name":"New Balance Fresh Foam X 3000v6 Metal &#8218;Grey White&#8216;"}]},{"@type":"WebSite","@id":"https:\/\/loftrunway.com\/de\/#website","url":"https:\/\/loftrunway.com\/de\/","name":"Styloral Jewelry Shop","description":"Der Ort, an dem man alle Arten von Sneakern findet","publisher":{"@id":"https:\/\/loftrunway.com\/de\/#organization"},"potentialAction":[{"@type":"SearchAction","target":{"@type":"EntryPoint","urlTemplate":"https:\/\/loftrunway.com\/de\/?s={search_term_string}"},"query-input":{"@type":"PropertyValueSpecification","valueRequired":true,"valueName":"search_term_string"}}],"inLanguage":"de"},{"@type":"Organization","@id":"https:\/\/loftrunway.com\/de\/#organization","name":"STYLORAL PTE. LTD","url":"https:\/\/loftrunway.com\/de\/","logo":{"@type":"ImageObject","inLanguage":"de","@id":"https:\/\/loftrunway.com\/de\/#\/schema\/logo\/image\/","url":"https:\/\/www.loftrunway.com\/wp-content\/uploads\/2025\/12\/logo.png","contentUrl":"https:\/\/www.loftrunway.com\/wp-content\/uploads\/2025\/12\/logo.png","width":200,"height":65,"caption":"STYLORAL PTE. LTD"},"image":{"@id":"https:\/\/loftrunway.com\/de\/#\/schema\/logo\/image\/"}}]}},"_links":{"self":[{"href":"https:\/\/loftrunway.com\/de\/wp-json\/wp\/v2\/product\/43197","targetHints":{"allow":["GET"]}}],"collection":[{"href":"https:\/\/loftrunway.com\/de\/wp-json\/wp\/v2\/product"}],"about":[{"href":"https:\/\/loftrunway.com\/de\/wp-json\/wp\/v2\/types\/product"}],"replies":[{"embeddable":true,"href":"https:\/\/loftrunway.com\/de\/wp-json\/wp\/v2\/comments?post=43197"}],"wp:featuredmedia":[{"embeddable":true,"href":"https:\/\/loftrunway.com\/de\/wp-json\/wp\/v2\/media\/43198"}],"wp:attachment":[{"href":"https:\/\/loftrunway.com\/de\/wp-json\/wp\/v2\/media?parent=43197"}],"wp:term":[{"taxonomy":"product_brand","embeddable":true,"href":"https:\/\/loftrunway.com\/de\/wp-json\/wp\/v2\/product_brand?post=43197"},{"taxonomy":"product_cat","embeddable":true,"href":"https:\/\/loftrunway.com\/de\/wp-json\/wp\/v2\/product_cat?post=43197"},{"taxonomy":"product_tag","embeddable":true,"href":"https:\/\/loftrunway.com\/de\/wp-json\/wp\/v2\/product_tag?post=43197"}],"curies":[{"name":"wp","href":"https:\/\/api.w.org\/{rel}","templated":true}]}}