{"id":43395,"date":"2026-03-02T14:58:25","date_gmt":"2026-03-02T07:58:25","guid":{"rendered":"http:\/\/loftrunway.com\/product\/air-jordan-trunner-os-midnight-navy-light-orewood-brown"},"modified":"2026-04-02T14:38:14","modified_gmt":"2026-04-02T07:38:14","slug":"air-jordan-trunner-os-midnight-navy-light-orewood-brown","status":"publish","type":"product","link":"https:\/\/loftrunway.com\/de\/products\/air-jordan-trunner-os-midnight-navy-light-orewood-brown\/","title":{"rendered":"Air Jordan Trunner O\/S Midnight Navy Light Orewood Brown"},"content":{"rendered":"<p>Mit dem Air Jordan Trunner O\/S Midnight Navy Light Orewood Brown IB3722-400 verleihst du deinem sportlichen Style das gewisse Etwas. Der Schuh vereint elegantes Design mit ultimativem Komfort und Performance. Das atmungsaktive Mesh-Obermaterial in sattem Midnight Navy wird durch dezente Details in Light Orewood Brown akzentuiert und verleiht diesem vielseitigen Sneaker einen frischen und modernen Look. Er eignet sich sowohl f\u00fcr den Alltag als auch f\u00fcr intensives Training und verf\u00fcgt \u00fcber einen sicheren, verstellbaren Riemen f\u00fcr zus\u00e4tzlichen Halt und Stabilit\u00e4t. Die leichte Mittelsohle sorgt f\u00fcr reaktionsfreudige D\u00e4mpfung, w\u00e4hrend die strapazierf\u00e4hige Au\u00dfensohle zuverl\u00e4ssige Traktion auf verschiedenen Untergr\u00fcnden bietet. Der Air Jordan Trunner O\/S wurde f\u00fcr die Bed\u00fcrfnisse von Athleten und Sneaker-Fans gleicherma\u00dfen entwickelt und schl\u00e4gt m\u00fchelos die Br\u00fccke zwischen Form und Funktion. Bereichern Sie Ihre Schuhsammlung mit diesem markanten und zugleich praktischen Design, das sportliche Performance nahtlos mit dem legend\u00e4ren Jordan-Style vereint.<\/p>\n<ul>\n<li><strong>Farbgebung:<\/strong> Midnight Navy\/Thunder Blue\/Light Orewood Brown\/Pink Foam<\/li>\n<li><strong>Style-Code:<\/strong> IB3722-400<\/li>\n<li><strong>Obermaterial:<\/strong> Wildleder<\/li>\n<li><strong>Farbe:<\/strong> Navy<\/li>\n<li><strong>Erscheinungsjahr:<\/strong> 2025<\/li>\n<\/ul>\n","protected":false},"excerpt":{"rendered":"<p>Jordan Trunner O\/S \u201d\u201d Midnight Navy\/Thunder Blue\/Light Orewood Brown\/Pink Foam<\/p>\n","protected":false},"featured_media":43396,"comment_status":"open","ping_status":"closed","template":"","meta":[],"product_brand":[],"product_cat":[10780,41273],"product_tag":[10750,10776,10754,10777,10756,10758],"class_list":{"0":"post-43395","1":"product","2":"type-product","3":"status-publish","4":"has-post-thumbnail","6":"product_cat-air-jordan","7":"product_cat-remove","8":"product_tag-athleisure-shoes","9":"product_tag-jordan","10":"product_tag-lifestyle-casual-shoes","11":"product_tag-lifestyle-shoes-basketball-inspired","12":"product_tag-retro-casual-shoes","13":"product_tag-under-retail","14":"wcpa_has_options","16":"first","17":"instock","18":"taxable","19":"shipping-taxable","20":"purchasable","21":"product-type-simple"},"wcpa_form_fields":{"rules":{"pric_overide_base_price":false,"pric_overide_base_price_if_gt_zero":false,"pric_overide_base_price_fully":false,"pric_cal_option_once":false,"pric_use_as_fee":false,"bind_quantity":false,"quantity_bind_formula":false},"fields":[{"type":"color-group","required":true,"elementId":"wcpa-color-group-66c4a75505e74","label":"Gr\u00f6\u00dfe - EU Gr\u00f6\u00dfe","inline":true,"priceOptions":"different_for_all","pricingType":"fixed","className":"hassizechart product-shoes-size-eu product-shoes-size","name":"color-group-66c4a75505e89","disp_type":"square","selection_type":"tick-border","disp_size":"44","show_label_inside":true,"adjust_width":true,"cart_display_type":"text","other_text":"Other","cl_rule":"show","col":6,"values":[{"label":"35.5","value":"EU 35.5","price":"","pimage":"","pimage_id":"","pthumb":"","color":""},{"label":"36","value":"EU 36","price":"","pimage":"","pimage_id":"","pthumb":"","color":"","selected":true},{"label":"36.5","value":"EU 36.5","price":"","pimage":"","pimage_id":"","pthumb":"","color":""},{"label":"37.5","value":"EU 37.5","price":"","pimage":"","pimage_id":"","pthumb":"","color":""},{"label":"38","value":"EU 38","price":"","pimage":"","pimage_id":"","pthumb":"","color":""},{"label":"38.5","value":"EU 38.5","price":"","pimage":"","pimage_id":"","pthumb":"","color":""},{"label":"39","value":"EU 39","price":"","pimage":"","pimage_id":"","pthumb":"","color":""},{"label":"40","value":"EU 40","price":"","pimage":"","pimage_id":"","pthumb":"","color":""},{"label":"40.5","value":"EU 40.5","price":"","pimage":"","pimage_id":"","pthumb":"","color":""},{"label":"41","value":"EU 41","price":"","pimage":"","pimage_id":"","pthumb":"","color":""},{"label":"42","value":"EU 42","price":"","pimage":"","pimage_id":"","pthumb":"","color":""},{"label":"42.5","value":"EU 42.5","price":"","pimage":"","pimage_id":"","pthumb":"","color":""},{"label":"43","value":"EU 43","price":"","pimage":"","pimage_id":"","pthumb":"","color":""},{"label":"44","value":"EU 44","price":"","pimage":"","pimage_id":"","pthumb":"","color":""},{"label":"44.5","value":"EU 44.5","price":"","pimage":"","pimage_id":"","pthumb":"","color":""},{"label":"45","value":"EU 45","price":"","pimage":"","pimage_id":"","pthumb":"","color":""},{"label":"45.5","value":"EU 45.5","price":"","pimage":"","pimage_id":"","pthumb":"","color":""},{"label":"46","value":"EU 46","price":"","pimage":"","pimage_id":"","pthumb":"","color":""},{"label":"47","value":"EU 47","price":"","pimage":"","pimage_id":"","pthumb":"","color":""},{"label":"47.5","value":"EU 47.5","price":"","pimage":"","pimage_id":"","pthumb":"","color":""},{"label":"48","value":"EU 48","price":"","pimage":"","pimage_id":"","pthumb":"","color":""}],"relations":[{"operator":false,"rules":[]}],"form_id":18106,"form_rules":{"pric_cal_option_once":false,"exclude_from_discount":false,"pric_use_as_fee":false,"fee_label":"Fee","render_after_acb":false,"disp_hide_options_price":false}}]},"yoast_head":"<!-- This site is optimized with the Yoast SEO plugin v26.5 - https:\/\/yoast.com\/wordpress\/plugins\/seo\/ -->\n<title>Air Jordan Trunner O\/S Midnight Navy Light Orewood Brown  - Loftrunway<\/title>\n<meta name=\"robots\" content=\"index, follow, max-snippet:-1, max-image-preview:large, max-video-preview:-1\" \/>\n<link rel=\"canonical\" href=\"https:\/\/loftrunway.com\/de\/products\/air-jordan-trunner-os-midnight-navy-light-orewood-brown\/\" \/>\n<meta property=\"og:locale\" content=\"de_DE\" \/>\n<meta property=\"og:type\" content=\"article\" \/>\n<meta property=\"og:title\" content=\"Air Jordan Trunner O\/S Midnight Navy Light Orewood Brown  - Loftrunway\" \/>\n<meta property=\"og:description\" content=\"Jordan Trunner O\/S \u201d\u201d Midnight Navy\/Thunder Blue\/Light Orewood Brown\/Pink Foam\" \/>\n<meta property=\"og:url\" content=\"https:\/\/loftrunway.com\/de\/products\/air-jordan-trunner-os-midnight-navy-light-orewood-brown\/\" \/>\n<meta property=\"og:site_name\" content=\"loftRUN Sneaker Store\" \/>\n<meta property=\"article:modified_time\" content=\"2026-04-02T07:38:14+00:00\" \/>\n<meta name=\"twitter:card\" content=\"summary_large_image\" \/>\n<meta name=\"twitter:image\" content=\"https:\/\/images.novelship.com\/product\/air_jordan_trunner_o_s_midnight_navy_light_orewood_0_83029.jpeg\" \/>\n<meta name=\"twitter:label1\" content=\"Gesch\u00e4tzte Lesezeit\" \/>\n\t<meta name=\"twitter:data1\" content=\"1\u00a0Minute\" \/>\n<script type=\"application\/ld+json\" class=\"yoast-schema-graph\">{\"@context\":\"https:\/\/schema.org\",\"@graph\":[{\"@type\":\"WebPage\",\"@id\":\"https:\/\/loftrunway.com\/de\/products\/air-jordan-trunner-os-midnight-navy-light-orewood-brown\/\",\"url\":\"https:\/\/loftrunway.com\/de\/products\/air-jordan-trunner-os-midnight-navy-light-orewood-brown\/\",\"name\":\"Air Jordan Trunner O\/S Midnight Navy Light Orewood Brown - Loftrunway\",\"isPartOf\":{\"@id\":\"https:\/\/loftrunway.com\/de\/#website\"},\"primaryImageOfPage\":{\"@id\":\"https:\/\/loftrunway.com\/de\/products\/air-jordan-trunner-os-midnight-navy-light-orewood-brown\/#primaryimage\"},\"image\":{\"@id\":\"https:\/\/loftrunway.com\/de\/products\/air-jordan-trunner-os-midnight-navy-light-orewood-brown\/#primaryimage\"},\"thumbnailUrl\":\"https:\/\/images.novelship.com\/product\/air_jordan_trunner_o_s_midnight_navy_light_orewood_0_83029.jpeg\",\"datePublished\":\"2026-03-02T07:58:25+00:00\",\"dateModified\":\"2026-04-02T07:38:14+00:00\",\"breadcrumb\":{\"@id\":\"https:\/\/loftrunway.com\/de\/products\/air-jordan-trunner-os-midnight-navy-light-orewood-brown\/#breadcrumb\"},\"inLanguage\":\"de\",\"potentialAction\":[{\"@type\":\"ReadAction\",\"target\":[\"https:\/\/loftrunway.com\/de\/products\/air-jordan-trunner-os-midnight-navy-light-orewood-brown\/\"]}]},{\"@type\":\"ImageObject\",\"inLanguage\":\"de\",\"@id\":\"https:\/\/loftrunway.com\/de\/products\/air-jordan-trunner-os-midnight-navy-light-orewood-brown\/#primaryimage\",\"url\":\"https:\/\/images.novelship.com\/product\/air_jordan_trunner_o_s_midnight_navy_light_orewood_0_83029.jpeg\",\"contentUrl\":\"https:\/\/images.novelship.com\/product\/air_jordan_trunner_o_s_midnight_navy_light_orewood_0_83029.jpeg\"},{\"@type\":\"BreadcrumbList\",\"@id\":\"https:\/\/loftrunway.com\/de\/products\/air-jordan-trunner-os-midnight-navy-light-orewood-brown\/#breadcrumb\",\"itemListElement\":[{\"@type\":\"ListItem\",\"position\":1,\"name\":\"Home\",\"item\":\"https:\/\/loftrunway.com\/de\/\"},{\"@type\":\"ListItem\",\"position\":2,\"name\":\"Shop\",\"item\":\"https:\/\/loftrunway.com\/de\/shop\/\"},{\"@type\":\"ListItem\",\"position\":3,\"name\":\"Air Jordan Trunner O\/S Midnight Navy Light Orewood Brown\"}]},{\"@type\":\"WebSite\",\"@id\":\"https:\/\/loftrunway.com\/de\/#website\",\"url\":\"https:\/\/loftrunway.com\/de\/\",\"name\":\"Styloral Jewelry Shop\",\"description\":\"Der Ort, an dem man alle Arten von Sneakern findet\",\"publisher\":{\"@id\":\"https:\/\/loftrunway.com\/de\/#organization\"},\"potentialAction\":[{\"@type\":\"SearchAction\",\"target\":{\"@type\":\"EntryPoint\",\"urlTemplate\":\"https:\/\/loftrunway.com\/de\/?s={search_term_string}\"},\"query-input\":{\"@type\":\"PropertyValueSpecification\",\"valueRequired\":true,\"valueName\":\"search_term_string\"}}],\"inLanguage\":\"de\"},{\"@type\":\"Organization\",\"@id\":\"https:\/\/loftrunway.com\/de\/#organization\",\"name\":\"STYLORAL PTE. LTD\",\"url\":\"https:\/\/loftrunway.com\/de\/\",\"logo\":{\"@type\":\"ImageObject\",\"inLanguage\":\"de\",\"@id\":\"https:\/\/loftrunway.com\/de\/#\/schema\/logo\/image\/\",\"url\":\"https:\/\/www.loftrunway.com\/wp-content\/uploads\/2025\/12\/logo.png\",\"contentUrl\":\"https:\/\/www.loftrunway.com\/wp-content\/uploads\/2025\/12\/logo.png\",\"width\":200,\"height\":65,\"caption\":\"STYLORAL PTE. LTD\"},\"image\":{\"@id\":\"https:\/\/loftrunway.com\/de\/#\/schema\/logo\/image\/\"}}]}<\/script>\n<!-- \/ Yoast SEO plugin. -->","yoast_head_json":{"title":"Air Jordan Trunner O\/S Midnight Navy Light Orewood Brown  - Loftrunway","robots":{"index":"index","follow":"follow","max-snippet":"max-snippet:-1","max-image-preview":"max-image-preview:large","max-video-preview":"max-video-preview:-1"},"canonical":"https:\/\/loftrunway.com\/de\/products\/air-jordan-trunner-os-midnight-navy-light-orewood-brown\/","og_locale":"de_DE","og_type":"article","og_title":"Air Jordan Trunner O\/S Midnight Navy Light Orewood Brown  - Loftrunway","og_description":"Jordan Trunner O\/S \u201d\u201d Midnight Navy\/Thunder Blue\/Light Orewood Brown\/Pink Foam","og_url":"https:\/\/loftrunway.com\/de\/products\/air-jordan-trunner-os-midnight-navy-light-orewood-brown\/","og_site_name":"loftRUN Sneaker Store","article_modified_time":"2026-04-02T07:38:14+00:00","twitter_card":"summary_large_image","twitter_image":"https:\/\/images.novelship.com\/product\/air_jordan_trunner_o_s_midnight_navy_light_orewood_0_83029.jpeg","twitter_misc":{"Gesch\u00e4tzte Lesezeit":"1\u00a0Minute"},"schema":{"@context":"https:\/\/schema.org","@graph":[{"@type":"WebPage","@id":"https:\/\/loftrunway.com\/de\/products\/air-jordan-trunner-os-midnight-navy-light-orewood-brown\/","url":"https:\/\/loftrunway.com\/de\/products\/air-jordan-trunner-os-midnight-navy-light-orewood-brown\/","name":"Air Jordan Trunner O\/S Midnight Navy Light Orewood Brown - Loftrunway","isPartOf":{"@id":"https:\/\/loftrunway.com\/de\/#website"},"primaryImageOfPage":{"@id":"https:\/\/loftrunway.com\/de\/products\/air-jordan-trunner-os-midnight-navy-light-orewood-brown\/#primaryimage"},"image":{"@id":"https:\/\/loftrunway.com\/de\/products\/air-jordan-trunner-os-midnight-navy-light-orewood-brown\/#primaryimage"},"thumbnailUrl":"https:\/\/images.novelship.com\/product\/air_jordan_trunner_o_s_midnight_navy_light_orewood_0_83029.jpeg","datePublished":"2026-03-02T07:58:25+00:00","dateModified":"2026-04-02T07:38:14+00:00","breadcrumb":{"@id":"https:\/\/loftrunway.com\/de\/products\/air-jordan-trunner-os-midnight-navy-light-orewood-brown\/#breadcrumb"},"inLanguage":"de","potentialAction":[{"@type":"ReadAction","target":["https:\/\/loftrunway.com\/de\/products\/air-jordan-trunner-os-midnight-navy-light-orewood-brown\/"]}]},{"@type":"ImageObject","inLanguage":"de","@id":"https:\/\/loftrunway.com\/de\/products\/air-jordan-trunner-os-midnight-navy-light-orewood-brown\/#primaryimage","url":"https:\/\/images.novelship.com\/product\/air_jordan_trunner_o_s_midnight_navy_light_orewood_0_83029.jpeg","contentUrl":"https:\/\/images.novelship.com\/product\/air_jordan_trunner_o_s_midnight_navy_light_orewood_0_83029.jpeg"},{"@type":"BreadcrumbList","@id":"https:\/\/loftrunway.com\/de\/products\/air-jordan-trunner-os-midnight-navy-light-orewood-brown\/#breadcrumb","itemListElement":[{"@type":"ListItem","position":1,"name":"Home","item":"https:\/\/loftrunway.com\/de\/"},{"@type":"ListItem","position":2,"name":"Shop","item":"https:\/\/loftrunway.com\/de\/shop\/"},{"@type":"ListItem","position":3,"name":"Air Jordan Trunner O\/S Midnight Navy Light Orewood Brown"}]},{"@type":"WebSite","@id":"https:\/\/loftrunway.com\/de\/#website","url":"https:\/\/loftrunway.com\/de\/","name":"Styloral Jewelry Shop","description":"Der Ort, an dem man alle Arten von Sneakern findet","publisher":{"@id":"https:\/\/loftrunway.com\/de\/#organization"},"potentialAction":[{"@type":"SearchAction","target":{"@type":"EntryPoint","urlTemplate":"https:\/\/loftrunway.com\/de\/?s={search_term_string}"},"query-input":{"@type":"PropertyValueSpecification","valueRequired":true,"valueName":"search_term_string"}}],"inLanguage":"de"},{"@type":"Organization","@id":"https:\/\/loftrunway.com\/de\/#organization","name":"STYLORAL PTE. LTD","url":"https:\/\/loftrunway.com\/de\/","logo":{"@type":"ImageObject","inLanguage":"de","@id":"https:\/\/loftrunway.com\/de\/#\/schema\/logo\/image\/","url":"https:\/\/www.loftrunway.com\/wp-content\/uploads\/2025\/12\/logo.png","contentUrl":"https:\/\/www.loftrunway.com\/wp-content\/uploads\/2025\/12\/logo.png","width":200,"height":65,"caption":"STYLORAL PTE. LTD"},"image":{"@id":"https:\/\/loftrunway.com\/de\/#\/schema\/logo\/image\/"}}]}},"_links":{"self":[{"href":"https:\/\/loftrunway.com\/de\/wp-json\/wp\/v2\/product\/43395","targetHints":{"allow":["GET"]}}],"collection":[{"href":"https:\/\/loftrunway.com\/de\/wp-json\/wp\/v2\/product"}],"about":[{"href":"https:\/\/loftrunway.com\/de\/wp-json\/wp\/v2\/types\/product"}],"replies":[{"embeddable":true,"href":"https:\/\/loftrunway.com\/de\/wp-json\/wp\/v2\/comments?post=43395"}],"wp:featuredmedia":[{"embeddable":true,"href":"https:\/\/loftrunway.com\/de\/wp-json\/wp\/v2\/media\/43396"}],"wp:attachment":[{"href":"https:\/\/loftrunway.com\/de\/wp-json\/wp\/v2\/media?parent=43395"}],"wp:term":[{"taxonomy":"product_brand","embeddable":true,"href":"https:\/\/loftrunway.com\/de\/wp-json\/wp\/v2\/product_brand?post=43395"},{"taxonomy":"product_cat","embeddable":true,"href":"https:\/\/loftrunway.com\/de\/wp-json\/wp\/v2\/product_cat?post=43395"},{"taxonomy":"product_tag","embeddable":true,"href":"https:\/\/loftrunway.com\/de\/wp-json\/wp\/v2\/product_tag?post=43395"}],"curies":[{"name":"wp","href":"https:\/\/api.w.org\/{rel}","templated":true}]}}