{"id":43443,"date":"2026-03-02T14:58:30","date_gmt":"2026-03-02T07:58:30","guid":{"rendered":"http:\/\/loftrunway.com\/product\/hoka-one-one-stinson-evo-gore-tex-haven"},"modified":"2026-04-02T14:38:17","modified_gmt":"2026-04-02T07:38:17","slug":"hoka-one-one-stinson-evo-gore-tex-haven","status":"publish","type":"product","link":"https:\/\/loftrunway.com\/de\/products\/hoka-one-one-stinson-evo-gore-tex-haven\/","title":{"rendered":"HOKA One One Stinson EVO Gore-Tex &#8218;Haven&#8216;"},"content":{"rendered":"<p>Der Haven x HOKA One One Stinson EVO Gore-Tex 1172430-JKT ist ein leistungsstarker Trailrunningschuh, der f\u00fcr maximale Strapazierf\u00e4higkeit, Komfort und Wetterbest\u00e4ndigkeit entwickelt wurde. Dank der wasserdichten Gore-Tex-Membran bleiben Ihre F\u00fc\u00dfe auch bei N\u00e4sse trocken, w\u00e4hrend die Atmungsaktivit\u00e4t erhalten bleibt. Das hochwertige D\u00e4mpfungssystem bietet hervorragende Sto\u00dfd\u00e4mpfung und sorgt so f\u00fcr geschmeidige Schritte in anspruchsvollem Gel\u00e4nde. Die profilierte Au\u00dfensohle bietet hervorragende Traktion und zuverl\u00e4ssigen Halt auf unterschiedlichen Untergr\u00fcnden \u201d\u201c ideal f\u00fcr Alltagsl\u00e4ufer und Leistungssportler. Das gemeinsame Design vereint Havens urbanen Stil mit HOKAs innovativer Technologie und resultiert in einer eleganten und funktionalen Silhouette. Mit seinem robusten Obermaterial und der innovativen Konstruktion bietet dieser Schuh Halt, Schutz und lange Haltbarkeit \u201d\u201c selbst bei anspruchsvollsten Outdoor-Aktivit\u00e4ten.<\/p>\n<ul>\n<li><strong>Farbgebung:<\/strong> Jet Black\/Tarmac<\/li>\n<li><strong>Artikelnummer:<\/strong> 1172430-JKT<\/li>\n<li><strong>Obermaterial:<\/strong> Textil<\/li>\n<li><strong>Farbe:<\/strong> Braun<\/li>\n<li><strong>Erscheinungsjahr:<\/strong> 2025<\/li>\n<\/ul>\n","protected":false},"excerpt":{"rendered":"<p>HOKA Stinson EVO Gore-Tex \u201d\u201d Jet Black\/Tarmac<\/p>\n","protected":false},"featured_media":43444,"comment_status":"open","ping_status":"closed","template":"","meta":[],"product_brand":[],"product_cat":[11495,41273],"product_tag":[11114,11494,10802,11006,11116],"class_list":{"0":"post-43443","1":"product","2":"type-product","3":"status-publish","4":"has-post-thumbnail","6":"product_cat-hoka","7":"product_cat-remove","8":"product_tag-hiking-shoes","9":"product_tag-hoka","10":"product_tag-performance-sport-shoes","11":"product_tag-trail-running-shoes","12":"product_tag-waterproof-hiking-shoes","13":"wcpa_has_options","15":"first","16":"instock","17":"taxable","18":"shipping-taxable","19":"purchasable","20":"product-type-simple"},"wcpa_form_fields":{"rules":{"pric_overide_base_price":false,"pric_overide_base_price_if_gt_zero":false,"pric_overide_base_price_fully":false,"pric_cal_option_once":false,"pric_use_as_fee":false,"bind_quantity":false,"quantity_bind_formula":false},"fields":[{"type":"color-group","required":true,"elementId":"wcpa-color-group-69a5afd8a7cca","label":"Gr\u00f6\u00dfe","inline":true,"priceOptions":"different_for_all","pricingType":"fixed","className":"hassizechart product-shoes-size-eu product-shoes-size","name":"color-group-69a5afd8a7cd3","disp_type":"square","selection_type":"tick-border","disp_size":"50","show_label_inside":true,"adjust_width":true,"cart_display_type":"text","other_text":"Other","cl_rule":"show","col":6,"values":[{"label":"35 1\/3","value":"EU 35 1\/3","price":"","pimage":"","pimage_id":"","pthumb":"","color":""},{"label":"36","value":"EU 36","price":"","pimage":"","pimage_id":"","pthumb":"","color":""},{"label":"36 2\/3","value":"EU 36 2\/3","price":"","pimage":"","pimage_id":"","pthumb":"","color":""},{"label":"37 1\/3","value":"EU 37 1\/3","price":"","pimage":"","pimage_id":"","pthumb":"","color":"","selected":true},{"label":"38","value":"EU 38","price":"","pimage":"","pimage_id":"","pthumb":"","color":""},{"label":"38 2\/3","value":"EU 38 2\/3","price":"","pimage":"","pimage_id":"","pthumb":"","color":""},{"label":"39 1\/3","value":"EU 39 1\/3","price":"","pimage":"","pimage_id":"","pthumb":"","color":""},{"label":"39.5","value":"EU 39.5","price":"","pimage":"","pimage_id":"","pthumb":"","color":""},{"label":"40","value":"EU 40","price":"","pimage":"","pimage_id":"","pthumb":"","color":""},{"label":"40 2\/3","value":"EU 40  2\/3","price":"","pimage":"","pimage_id":"","pthumb":"","color":""},{"label":" 41 1\/3","value":"EU 41.5","price":"","pimage":"","pimage_id":"","pthumb":"","color":""},{"label":"42","value":"EU 42","price":"","pimage":"","pimage_id":"","pthumb":"","color":""},{"label":"42 2\/3","value":"EU 42 2\/3","price":"","pimage":"","pimage_id":"","pthumb":"","color":""},{"label":"43 1\/3","value":"EU 43 1\/3","price":"","pimage":"","pimage_id":"","pthumb":"","color":""},{"label":"44","value":"EU 44","price":"","pimage":"","pimage_id":"","pthumb":"","color":""},{"label":"44 2\/3","value":"EU 44 2\/3","price":"","pimage":"","pimage_id":"","pthumb":"","color":""},{"label":"45 1\/3","value":"EU 45 1\/3","price":"","pimage":"","pimage_id":"","pthumb":"","color":""}],"relations":[{"operator":false,"rules":[]}],"form_id":184317,"form_rules":{"pric_cal_option_once":false,"exclude_from_discount":false,"pric_use_as_fee":false,"fee_label":"Fee","render_after_acb":false,"disp_hide_options_price":false}}]},"yoast_head":"<!-- This site is optimized with the Yoast SEO plugin v26.5 - https:\/\/yoast.com\/wordpress\/plugins\/seo\/ -->\n<title>HOKA One One Stinson EVO Gore-Tex &#039;Haven&#039;  - Loftrunway<\/title>\n<meta name=\"robots\" content=\"index, follow, max-snippet:-1, max-image-preview:large, max-video-preview:-1\" \/>\n<link rel=\"canonical\" href=\"https:\/\/loftrunway.com\/de\/products\/hoka-one-one-stinson-evo-gore-tex-haven\/\" \/>\n<meta property=\"og:locale\" content=\"de_DE\" \/>\n<meta property=\"og:type\" content=\"article\" \/>\n<meta property=\"og:title\" content=\"HOKA One One Stinson EVO Gore-Tex &#039;Haven&#039;  - Loftrunway\" \/>\n<meta property=\"og:description\" content=\"HOKA Stinson EVO Gore-Tex \u201d\u201d Jet Black\/Tarmac\" \/>\n<meta property=\"og:url\" content=\"https:\/\/loftrunway.com\/de\/products\/hoka-one-one-stinson-evo-gore-tex-haven\/\" \/>\n<meta property=\"og:site_name\" content=\"loftRUN Sneaker Store\" \/>\n<meta property=\"article:modified_time\" content=\"2026-04-02T07:38:17+00:00\" \/>\n<meta name=\"twitter:card\" content=\"summary_large_image\" \/>\n<meta name=\"twitter:image\" content=\"https:\/\/images.novelship.com\/product\/haven_x_hoka_one_one_stinson_evo_gore-tex_1172430-_0_60550.jpeg\" \/>\n<meta name=\"twitter:label1\" content=\"Gesch\u00e4tzte Lesezeit\" \/>\n\t<meta name=\"twitter:data1\" content=\"1\u00a0Minute\" \/>\n<script type=\"application\/ld+json\" class=\"yoast-schema-graph\">{\"@context\":\"https:\/\/schema.org\",\"@graph\":[{\"@type\":\"WebPage\",\"@id\":\"https:\/\/loftrunway.com\/de\/products\/hoka-one-one-stinson-evo-gore-tex-haven\/\",\"url\":\"https:\/\/loftrunway.com\/de\/products\/hoka-one-one-stinson-evo-gore-tex-haven\/\",\"name\":\"HOKA One One Stinson EVO Gore-Tex 'Haven' - Loftrunway\",\"isPartOf\":{\"@id\":\"https:\/\/loftrunway.com\/de\/#website\"},\"primaryImageOfPage\":{\"@id\":\"https:\/\/loftrunway.com\/de\/products\/hoka-one-one-stinson-evo-gore-tex-haven\/#primaryimage\"},\"image\":{\"@id\":\"https:\/\/loftrunway.com\/de\/products\/hoka-one-one-stinson-evo-gore-tex-haven\/#primaryimage\"},\"thumbnailUrl\":\"https:\/\/images.novelship.com\/product\/haven_x_hoka_one_one_stinson_evo_gore-tex_1172430-_0_60550.jpeg\",\"datePublished\":\"2026-03-02T07:58:30+00:00\",\"dateModified\":\"2026-04-02T07:38:17+00:00\",\"breadcrumb\":{\"@id\":\"https:\/\/loftrunway.com\/de\/products\/hoka-one-one-stinson-evo-gore-tex-haven\/#breadcrumb\"},\"inLanguage\":\"de\",\"potentialAction\":[{\"@type\":\"ReadAction\",\"target\":[\"https:\/\/loftrunway.com\/de\/products\/hoka-one-one-stinson-evo-gore-tex-haven\/\"]}]},{\"@type\":\"ImageObject\",\"inLanguage\":\"de\",\"@id\":\"https:\/\/loftrunway.com\/de\/products\/hoka-one-one-stinson-evo-gore-tex-haven\/#primaryimage\",\"url\":\"https:\/\/images.novelship.com\/product\/haven_x_hoka_one_one_stinson_evo_gore-tex_1172430-_0_60550.jpeg\",\"contentUrl\":\"https:\/\/images.novelship.com\/product\/haven_x_hoka_one_one_stinson_evo_gore-tex_1172430-_0_60550.jpeg\"},{\"@type\":\"BreadcrumbList\",\"@id\":\"https:\/\/loftrunway.com\/de\/products\/hoka-one-one-stinson-evo-gore-tex-haven\/#breadcrumb\",\"itemListElement\":[{\"@type\":\"ListItem\",\"position\":1,\"name\":\"Home\",\"item\":\"https:\/\/loftrunway.com\/de\/\"},{\"@type\":\"ListItem\",\"position\":2,\"name\":\"Shop\",\"item\":\"https:\/\/loftrunway.com\/de\/shop\/\"},{\"@type\":\"ListItem\",\"position\":3,\"name\":\"HOKA One One Stinson EVO Gore-Tex &#8218;Haven&#8216;\"}]},{\"@type\":\"WebSite\",\"@id\":\"https:\/\/loftrunway.com\/de\/#website\",\"url\":\"https:\/\/loftrunway.com\/de\/\",\"name\":\"Styloral Jewelry Shop\",\"description\":\"Der Ort, an dem man alle Arten von Sneakern findet\",\"publisher\":{\"@id\":\"https:\/\/loftrunway.com\/de\/#organization\"},\"potentialAction\":[{\"@type\":\"SearchAction\",\"target\":{\"@type\":\"EntryPoint\",\"urlTemplate\":\"https:\/\/loftrunway.com\/de\/?s={search_term_string}\"},\"query-input\":{\"@type\":\"PropertyValueSpecification\",\"valueRequired\":true,\"valueName\":\"search_term_string\"}}],\"inLanguage\":\"de\"},{\"@type\":\"Organization\",\"@id\":\"https:\/\/loftrunway.com\/de\/#organization\",\"name\":\"STYLORAL PTE. LTD\",\"url\":\"https:\/\/loftrunway.com\/de\/\",\"logo\":{\"@type\":\"ImageObject\",\"inLanguage\":\"de\",\"@id\":\"https:\/\/loftrunway.com\/de\/#\/schema\/logo\/image\/\",\"url\":\"https:\/\/www.loftrunway.com\/wp-content\/uploads\/2025\/12\/logo.png\",\"contentUrl\":\"https:\/\/www.loftrunway.com\/wp-content\/uploads\/2025\/12\/logo.png\",\"width\":200,\"height\":65,\"caption\":\"STYLORAL PTE. LTD\"},\"image\":{\"@id\":\"https:\/\/loftrunway.com\/de\/#\/schema\/logo\/image\/\"}}]}<\/script>\n<!-- \/ Yoast SEO plugin. -->","yoast_head_json":{"title":"HOKA One One Stinson EVO Gore-Tex 'Haven'  - Loftrunway","robots":{"index":"index","follow":"follow","max-snippet":"max-snippet:-1","max-image-preview":"max-image-preview:large","max-video-preview":"max-video-preview:-1"},"canonical":"https:\/\/loftrunway.com\/de\/products\/hoka-one-one-stinson-evo-gore-tex-haven\/","og_locale":"de_DE","og_type":"article","og_title":"HOKA One One Stinson EVO Gore-Tex 'Haven'  - Loftrunway","og_description":"HOKA Stinson EVO Gore-Tex \u201d\u201d Jet Black\/Tarmac","og_url":"https:\/\/loftrunway.com\/de\/products\/hoka-one-one-stinson-evo-gore-tex-haven\/","og_site_name":"loftRUN Sneaker Store","article_modified_time":"2026-04-02T07:38:17+00:00","twitter_card":"summary_large_image","twitter_image":"https:\/\/images.novelship.com\/product\/haven_x_hoka_one_one_stinson_evo_gore-tex_1172430-_0_60550.jpeg","twitter_misc":{"Gesch\u00e4tzte Lesezeit":"1\u00a0Minute"},"schema":{"@context":"https:\/\/schema.org","@graph":[{"@type":"WebPage","@id":"https:\/\/loftrunway.com\/de\/products\/hoka-one-one-stinson-evo-gore-tex-haven\/","url":"https:\/\/loftrunway.com\/de\/products\/hoka-one-one-stinson-evo-gore-tex-haven\/","name":"HOKA One One Stinson EVO Gore-Tex 'Haven' - Loftrunway","isPartOf":{"@id":"https:\/\/loftrunway.com\/de\/#website"},"primaryImageOfPage":{"@id":"https:\/\/loftrunway.com\/de\/products\/hoka-one-one-stinson-evo-gore-tex-haven\/#primaryimage"},"image":{"@id":"https:\/\/loftrunway.com\/de\/products\/hoka-one-one-stinson-evo-gore-tex-haven\/#primaryimage"},"thumbnailUrl":"https:\/\/images.novelship.com\/product\/haven_x_hoka_one_one_stinson_evo_gore-tex_1172430-_0_60550.jpeg","datePublished":"2026-03-02T07:58:30+00:00","dateModified":"2026-04-02T07:38:17+00:00","breadcrumb":{"@id":"https:\/\/loftrunway.com\/de\/products\/hoka-one-one-stinson-evo-gore-tex-haven\/#breadcrumb"},"inLanguage":"de","potentialAction":[{"@type":"ReadAction","target":["https:\/\/loftrunway.com\/de\/products\/hoka-one-one-stinson-evo-gore-tex-haven\/"]}]},{"@type":"ImageObject","inLanguage":"de","@id":"https:\/\/loftrunway.com\/de\/products\/hoka-one-one-stinson-evo-gore-tex-haven\/#primaryimage","url":"https:\/\/images.novelship.com\/product\/haven_x_hoka_one_one_stinson_evo_gore-tex_1172430-_0_60550.jpeg","contentUrl":"https:\/\/images.novelship.com\/product\/haven_x_hoka_one_one_stinson_evo_gore-tex_1172430-_0_60550.jpeg"},{"@type":"BreadcrumbList","@id":"https:\/\/loftrunway.com\/de\/products\/hoka-one-one-stinson-evo-gore-tex-haven\/#breadcrumb","itemListElement":[{"@type":"ListItem","position":1,"name":"Home","item":"https:\/\/loftrunway.com\/de\/"},{"@type":"ListItem","position":2,"name":"Shop","item":"https:\/\/loftrunway.com\/de\/shop\/"},{"@type":"ListItem","position":3,"name":"HOKA One One Stinson EVO Gore-Tex &#8218;Haven&#8216;"}]},{"@type":"WebSite","@id":"https:\/\/loftrunway.com\/de\/#website","url":"https:\/\/loftrunway.com\/de\/","name":"Styloral Jewelry Shop","description":"Der Ort, an dem man alle Arten von Sneakern findet","publisher":{"@id":"https:\/\/loftrunway.com\/de\/#organization"},"potentialAction":[{"@type":"SearchAction","target":{"@type":"EntryPoint","urlTemplate":"https:\/\/loftrunway.com\/de\/?s={search_term_string}"},"query-input":{"@type":"PropertyValueSpecification","valueRequired":true,"valueName":"search_term_string"}}],"inLanguage":"de"},{"@type":"Organization","@id":"https:\/\/loftrunway.com\/de\/#organization","name":"STYLORAL PTE. LTD","url":"https:\/\/loftrunway.com\/de\/","logo":{"@type":"ImageObject","inLanguage":"de","@id":"https:\/\/loftrunway.com\/de\/#\/schema\/logo\/image\/","url":"https:\/\/www.loftrunway.com\/wp-content\/uploads\/2025\/12\/logo.png","contentUrl":"https:\/\/www.loftrunway.com\/wp-content\/uploads\/2025\/12\/logo.png","width":200,"height":65,"caption":"STYLORAL PTE. LTD"},"image":{"@id":"https:\/\/loftrunway.com\/de\/#\/schema\/logo\/image\/"}}]}},"_links":{"self":[{"href":"https:\/\/loftrunway.com\/de\/wp-json\/wp\/v2\/product\/43443","targetHints":{"allow":["GET"]}}],"collection":[{"href":"https:\/\/loftrunway.com\/de\/wp-json\/wp\/v2\/product"}],"about":[{"href":"https:\/\/loftrunway.com\/de\/wp-json\/wp\/v2\/types\/product"}],"replies":[{"embeddable":true,"href":"https:\/\/loftrunway.com\/de\/wp-json\/wp\/v2\/comments?post=43443"}],"wp:featuredmedia":[{"embeddable":true,"href":"https:\/\/loftrunway.com\/de\/wp-json\/wp\/v2\/media\/43444"}],"wp:attachment":[{"href":"https:\/\/loftrunway.com\/de\/wp-json\/wp\/v2\/media?parent=43443"}],"wp:term":[{"taxonomy":"product_brand","embeddable":true,"href":"https:\/\/loftrunway.com\/de\/wp-json\/wp\/v2\/product_brand?post=43443"},{"taxonomy":"product_cat","embeddable":true,"href":"https:\/\/loftrunway.com\/de\/wp-json\/wp\/v2\/product_cat?post=43443"},{"taxonomy":"product_tag","embeddable":true,"href":"https:\/\/loftrunway.com\/de\/wp-json\/wp\/v2\/product_tag?post=43443"}],"curies":[{"name":"wp","href":"https:\/\/api.w.org\/{rel}","templated":true}]}}