{"id":43463,"date":"2026-03-02T14:58:32","date_gmt":"2026-03-02T07:58:32","guid":{"rendered":"http:\/\/loftrunway.com\/product\/palace-x-ugg-tasman-slipper-chestnut-camo"},"modified":"2026-04-02T14:38:18","modified_gmt":"2026-04-02T07:38:18","slug":"palace-x-ugg-tasman-slipper-chestnut-camo","status":"publish","type":"product","link":"https:\/\/loftrunway.com\/de\/products\/palace-x-ugg-tasman-slipper-chestnut-camo\/","title":{"rendered":"Palace x UGG Tasman Slipper &#8218;Chestnut Camo&#8216;"},"content":{"rendered":"<p>Erleben Sie Stil und Komfort mit dem Palace x Tasman Hausschuh \u201eChestnut Camo\u201c 1172070-CTCM. Mit ihrem einzigartigen Kastanien-Camouflage-Design setzen diese Hausschuhe modische Akzente und bieten gleichzeitig wohlige W\u00e4rme. Gefertigt aus hochwertigen Materialien f\u00fcr unvergleichliche Langlebigkeit, verf\u00fcgen sie \u00fcber ein weiches Futter f\u00fcr h\u00f6chsten Tragekomfort. Die rutschfeste Sohle sorgt f\u00fcr sicheren Halt und macht sie perfekt zum Entspannen zu Hause oder f\u00fcr kurze Erledigungen im Freien. Werten Sie Ihre Loungewear-Kollektion mit dieser perfekten Mischung aus Streetwear-Flair auf<\/p>\n<ul>\n<li><strong>Farbe:<\/strong> Kastanie<\/li>\n<li><strong>Artikelnummer:<\/strong> 1172070-CTCM<\/li>\n<li><strong>Obermaterial:<\/strong> Wildleder<\/li>\n<li><strong>Farbe:<\/strong> Braun<\/li>\n<li><strong>Saison:<\/strong> Winter<\/li>\n<li><strong>Erscheinungsjahr:<\/strong> 2024<\/li>\n<\/ul>\n","protected":false},"excerpt":{"rendered":"<p>UGG Tasman \u201d\u201d Chestnut<\/p>\n","protected":false},"featured_media":43464,"comment_status":"open","ping_status":"closed","template":"","meta":[],"product_brand":[],"product_cat":[41273,12436],"product_tag":[11664,10754,11665,11246],"class_list":{"0":"post-43463","1":"product","2":"type-product","3":"status-publish","4":"has-post-thumbnail","6":"product_cat-remove","7":"product_cat-ugg","8":"product_tag-covered-toe-slippers","9":"product_tag-lifestyle-casual-shoes","10":"product_tag-slippers","11":"product_tag-ugg","12":"wcpa_has_options","14":"first","15":"instock","16":"taxable","17":"shipping-taxable","18":"purchasable","19":"product-type-simple"},"wcpa_form_fields":{"rules":{"pric_overide_base_price":false,"pric_overide_base_price_if_gt_zero":false,"pric_overide_base_price_fully":false,"pric_cal_option_once":false,"pric_use_as_fee":false,"bind_quantity":false,"quantity_bind_formula":false},"fields":[{"type":"color-group","required":true,"elementId":"wcpa-color-group-69a5ad3fdca11","label":"Gr\u00f6\u00dfe","inline":true,"priceOptions":"different_for_all","pricingType":"fixed","className":"hassizechart product-shoes-size-eu product-shoes-size","name":"color-group-69a5ad3fdca1a","disp_type":"square","selection_type":"tick-border","disp_size":"50","show_label_inside":true,"adjust_width":true,"cart_display_type":"text","other_text":"Other","cl_rule":"show","col":6,"values":[{"label":"36","value":"EU 36","price":"","pimage":"","pimage_id":"","pthumb":"","color":"","selected":true},{"label":"37","value":"EU 37","price":"","pimage":"","pimage_id":"","pthumb":"","color":""},{"label":"37.5","value":"EU 37.5","price":"","pimage":"","pimage_id":"","pthumb":"","color":""},{"label":"38","value":"EU 38","price":"","pimage":"","pimage_id":"","pthumb":"","color":""},{"label":"38.5","value":"EU 38.5","price":"","pimage":"","pimage_id":"","pthumb":"","color":""},{"label":"39","value":"EU 39","price":"","pimage":"","pimage_id":"","pthumb":"","color":""},{"label":"39.5","value":"EU 39.5","price":"","pimage":"","pimage_id":"","pthumb":"","color":""},{"label":"40","value":"EU 40","price":"","pimage":"","pimage_id":"","pthumb":"","color":""},{"label":"40.5","value":"EU 40.5","price":"","pimage":"","pimage_id":"","pthumb":"","color":""},{"label":" 41.5","value":"EU 41.5","price":"","pimage":"","pimage_id":"","pthumb":"","color":""},{"label":"42","value":"EU 42","price":"","pimage":"","pimage_id":"","pthumb":"","color":""},{"label":"42.5","value":"EU 42.5","price":"","pimage":"","pimage_id":"","pthumb":"","color":""},{"label":"43","value":"EU 43","price":"","pimage":"","pimage_id":"","pthumb":"","color":""},{"label":"44","value":"EU 44","price":"","pimage":"","pimage_id":"","pthumb":"","color":""},{"label":"44.5","value":"EU 44.5","price":"","pimage":"","pimage_id":"","pthumb":"","color":""},{"label":"45","value":"EU 45","price":"","pimage":"","pimage_id":"","pthumb":"","color":""}],"relations":[{"operator":false,"rules":[]}],"form_id":184314,"form_rules":{"pric_cal_option_once":false,"exclude_from_discount":false,"pric_use_as_fee":false,"fee_label":"Fee","render_after_acb":false,"disp_hide_options_price":false}}]},"yoast_head":"<!-- This site is optimized with the Yoast SEO plugin v26.5 - https:\/\/yoast.com\/wordpress\/plugins\/seo\/ -->\n<title>Palace x UGG Tasman Slipper &#039;Chestnut Camo&#039;  - Loftrunway<\/title>\n<meta name=\"robots\" content=\"index, follow, max-snippet:-1, max-image-preview:large, max-video-preview:-1\" \/>\n<link rel=\"canonical\" href=\"https:\/\/loftrunway.com\/de\/products\/palace-x-ugg-tasman-slipper-chestnut-camo\/\" \/>\n<meta property=\"og:locale\" content=\"de_DE\" \/>\n<meta property=\"og:type\" content=\"article\" \/>\n<meta property=\"og:title\" content=\"Palace x UGG Tasman Slipper &#039;Chestnut Camo&#039;  - Loftrunway\" \/>\n<meta property=\"og:description\" content=\"UGG Tasman \u201d\u201d Chestnut\" \/>\n<meta property=\"og:url\" content=\"https:\/\/loftrunway.com\/de\/products\/palace-x-ugg-tasman-slipper-chestnut-camo\/\" \/>\n<meta property=\"og:site_name\" content=\"loftRUN Sneaker Store\" \/>\n<meta property=\"article:modified_time\" content=\"2026-04-02T07:38:18+00:00\" \/>\n<meta name=\"twitter:card\" content=\"summary_large_image\" \/>\n<meta name=\"twitter:image\" content=\"https:\/\/images.novelship.com\/product\/palace_x_tasman_slipper__chestnut_camo__1172070-ct_0_69749.jpeg\" \/>\n<script type=\"application\/ld+json\" class=\"yoast-schema-graph\">{\"@context\":\"https:\/\/schema.org\",\"@graph\":[{\"@type\":\"WebPage\",\"@id\":\"https:\/\/loftrunway.com\/de\/products\/palace-x-ugg-tasman-slipper-chestnut-camo\/\",\"url\":\"https:\/\/loftrunway.com\/de\/products\/palace-x-ugg-tasman-slipper-chestnut-camo\/\",\"name\":\"Palace x UGG Tasman Slipper 'Chestnut Camo' - Loftrunway\",\"isPartOf\":{\"@id\":\"https:\/\/loftrunway.com\/de\/#website\"},\"primaryImageOfPage\":{\"@id\":\"https:\/\/loftrunway.com\/de\/products\/palace-x-ugg-tasman-slipper-chestnut-camo\/#primaryimage\"},\"image\":{\"@id\":\"https:\/\/loftrunway.com\/de\/products\/palace-x-ugg-tasman-slipper-chestnut-camo\/#primaryimage\"},\"thumbnailUrl\":\"https:\/\/images.novelship.com\/product\/palace_x_tasman_slipper__chestnut_camo__1172070-ct_0_69749.jpeg\",\"datePublished\":\"2026-03-02T07:58:32+00:00\",\"dateModified\":\"2026-04-02T07:38:18+00:00\",\"breadcrumb\":{\"@id\":\"https:\/\/loftrunway.com\/de\/products\/palace-x-ugg-tasman-slipper-chestnut-camo\/#breadcrumb\"},\"inLanguage\":\"de\",\"potentialAction\":[{\"@type\":\"ReadAction\",\"target\":[\"https:\/\/loftrunway.com\/de\/products\/palace-x-ugg-tasman-slipper-chestnut-camo\/\"]}]},{\"@type\":\"ImageObject\",\"inLanguage\":\"de\",\"@id\":\"https:\/\/loftrunway.com\/de\/products\/palace-x-ugg-tasman-slipper-chestnut-camo\/#primaryimage\",\"url\":\"https:\/\/images.novelship.com\/product\/palace_x_tasman_slipper__chestnut_camo__1172070-ct_0_69749.jpeg\",\"contentUrl\":\"https:\/\/images.novelship.com\/product\/palace_x_tasman_slipper__chestnut_camo__1172070-ct_0_69749.jpeg\"},{\"@type\":\"BreadcrumbList\",\"@id\":\"https:\/\/loftrunway.com\/de\/products\/palace-x-ugg-tasman-slipper-chestnut-camo\/#breadcrumb\",\"itemListElement\":[{\"@type\":\"ListItem\",\"position\":1,\"name\":\"Home\",\"item\":\"https:\/\/loftrunway.com\/de\/\"},{\"@type\":\"ListItem\",\"position\":2,\"name\":\"Shop\",\"item\":\"https:\/\/loftrunway.com\/de\/shop\/\"},{\"@type\":\"ListItem\",\"position\":3,\"name\":\"Palace x UGG Tasman Slipper &#8218;Chestnut Camo&#8216;\"}]},{\"@type\":\"WebSite\",\"@id\":\"https:\/\/loftrunway.com\/de\/#website\",\"url\":\"https:\/\/loftrunway.com\/de\/\",\"name\":\"Styloral Jewelry Shop\",\"description\":\"Der Ort, an dem man alle Arten von Sneakern findet\",\"publisher\":{\"@id\":\"https:\/\/loftrunway.com\/de\/#organization\"},\"potentialAction\":[{\"@type\":\"SearchAction\",\"target\":{\"@type\":\"EntryPoint\",\"urlTemplate\":\"https:\/\/loftrunway.com\/de\/?s={search_term_string}\"},\"query-input\":{\"@type\":\"PropertyValueSpecification\",\"valueRequired\":true,\"valueName\":\"search_term_string\"}}],\"inLanguage\":\"de\"},{\"@type\":\"Organization\",\"@id\":\"https:\/\/loftrunway.com\/de\/#organization\",\"name\":\"STYLORAL PTE. LTD\",\"url\":\"https:\/\/loftrunway.com\/de\/\",\"logo\":{\"@type\":\"ImageObject\",\"inLanguage\":\"de\",\"@id\":\"https:\/\/loftrunway.com\/de\/#\/schema\/logo\/image\/\",\"url\":\"https:\/\/www.loftrunway.com\/wp-content\/uploads\/2025\/12\/logo.png\",\"contentUrl\":\"https:\/\/www.loftrunway.com\/wp-content\/uploads\/2025\/12\/logo.png\",\"width\":200,\"height\":65,\"caption\":\"STYLORAL PTE. LTD\"},\"image\":{\"@id\":\"https:\/\/loftrunway.com\/de\/#\/schema\/logo\/image\/\"}}]}<\/script>\n<!-- \/ Yoast SEO plugin. -->","yoast_head_json":{"title":"Palace x UGG Tasman Slipper 'Chestnut Camo'  - Loftrunway","robots":{"index":"index","follow":"follow","max-snippet":"max-snippet:-1","max-image-preview":"max-image-preview:large","max-video-preview":"max-video-preview:-1"},"canonical":"https:\/\/loftrunway.com\/de\/products\/palace-x-ugg-tasman-slipper-chestnut-camo\/","og_locale":"de_DE","og_type":"article","og_title":"Palace x UGG Tasman Slipper 'Chestnut Camo'  - Loftrunway","og_description":"UGG Tasman \u201d\u201d Chestnut","og_url":"https:\/\/loftrunway.com\/de\/products\/palace-x-ugg-tasman-slipper-chestnut-camo\/","og_site_name":"loftRUN Sneaker Store","article_modified_time":"2026-04-02T07:38:18+00:00","twitter_card":"summary_large_image","twitter_image":"https:\/\/images.novelship.com\/product\/palace_x_tasman_slipper__chestnut_camo__1172070-ct_0_69749.jpeg","schema":{"@context":"https:\/\/schema.org","@graph":[{"@type":"WebPage","@id":"https:\/\/loftrunway.com\/de\/products\/palace-x-ugg-tasman-slipper-chestnut-camo\/","url":"https:\/\/loftrunway.com\/de\/products\/palace-x-ugg-tasman-slipper-chestnut-camo\/","name":"Palace x UGG Tasman Slipper 'Chestnut Camo' - Loftrunway","isPartOf":{"@id":"https:\/\/loftrunway.com\/de\/#website"},"primaryImageOfPage":{"@id":"https:\/\/loftrunway.com\/de\/products\/palace-x-ugg-tasman-slipper-chestnut-camo\/#primaryimage"},"image":{"@id":"https:\/\/loftrunway.com\/de\/products\/palace-x-ugg-tasman-slipper-chestnut-camo\/#primaryimage"},"thumbnailUrl":"https:\/\/images.novelship.com\/product\/palace_x_tasman_slipper__chestnut_camo__1172070-ct_0_69749.jpeg","datePublished":"2026-03-02T07:58:32+00:00","dateModified":"2026-04-02T07:38:18+00:00","breadcrumb":{"@id":"https:\/\/loftrunway.com\/de\/products\/palace-x-ugg-tasman-slipper-chestnut-camo\/#breadcrumb"},"inLanguage":"de","potentialAction":[{"@type":"ReadAction","target":["https:\/\/loftrunway.com\/de\/products\/palace-x-ugg-tasman-slipper-chestnut-camo\/"]}]},{"@type":"ImageObject","inLanguage":"de","@id":"https:\/\/loftrunway.com\/de\/products\/palace-x-ugg-tasman-slipper-chestnut-camo\/#primaryimage","url":"https:\/\/images.novelship.com\/product\/palace_x_tasman_slipper__chestnut_camo__1172070-ct_0_69749.jpeg","contentUrl":"https:\/\/images.novelship.com\/product\/palace_x_tasman_slipper__chestnut_camo__1172070-ct_0_69749.jpeg"},{"@type":"BreadcrumbList","@id":"https:\/\/loftrunway.com\/de\/products\/palace-x-ugg-tasman-slipper-chestnut-camo\/#breadcrumb","itemListElement":[{"@type":"ListItem","position":1,"name":"Home","item":"https:\/\/loftrunway.com\/de\/"},{"@type":"ListItem","position":2,"name":"Shop","item":"https:\/\/loftrunway.com\/de\/shop\/"},{"@type":"ListItem","position":3,"name":"Palace x UGG Tasman Slipper &#8218;Chestnut Camo&#8216;"}]},{"@type":"WebSite","@id":"https:\/\/loftrunway.com\/de\/#website","url":"https:\/\/loftrunway.com\/de\/","name":"Styloral Jewelry Shop","description":"Der Ort, an dem man alle Arten von Sneakern findet","publisher":{"@id":"https:\/\/loftrunway.com\/de\/#organization"},"potentialAction":[{"@type":"SearchAction","target":{"@type":"EntryPoint","urlTemplate":"https:\/\/loftrunway.com\/de\/?s={search_term_string}"},"query-input":{"@type":"PropertyValueSpecification","valueRequired":true,"valueName":"search_term_string"}}],"inLanguage":"de"},{"@type":"Organization","@id":"https:\/\/loftrunway.com\/de\/#organization","name":"STYLORAL PTE. LTD","url":"https:\/\/loftrunway.com\/de\/","logo":{"@type":"ImageObject","inLanguage":"de","@id":"https:\/\/loftrunway.com\/de\/#\/schema\/logo\/image\/","url":"https:\/\/www.loftrunway.com\/wp-content\/uploads\/2025\/12\/logo.png","contentUrl":"https:\/\/www.loftrunway.com\/wp-content\/uploads\/2025\/12\/logo.png","width":200,"height":65,"caption":"STYLORAL PTE. LTD"},"image":{"@id":"https:\/\/loftrunway.com\/de\/#\/schema\/logo\/image\/"}}]}},"_links":{"self":[{"href":"https:\/\/loftrunway.com\/de\/wp-json\/wp\/v2\/product\/43463","targetHints":{"allow":["GET"]}}],"collection":[{"href":"https:\/\/loftrunway.com\/de\/wp-json\/wp\/v2\/product"}],"about":[{"href":"https:\/\/loftrunway.com\/de\/wp-json\/wp\/v2\/types\/product"}],"replies":[{"embeddable":true,"href":"https:\/\/loftrunway.com\/de\/wp-json\/wp\/v2\/comments?post=43463"}],"wp:featuredmedia":[{"embeddable":true,"href":"https:\/\/loftrunway.com\/de\/wp-json\/wp\/v2\/media\/43464"}],"wp:attachment":[{"href":"https:\/\/loftrunway.com\/de\/wp-json\/wp\/v2\/media?parent=43463"}],"wp:term":[{"taxonomy":"product_brand","embeddable":true,"href":"https:\/\/loftrunway.com\/de\/wp-json\/wp\/v2\/product_brand?post=43463"},{"taxonomy":"product_cat","embeddable":true,"href":"https:\/\/loftrunway.com\/de\/wp-json\/wp\/v2\/product_cat?post=43463"},{"taxonomy":"product_tag","embeddable":true,"href":"https:\/\/loftrunway.com\/de\/wp-json\/wp\/v2\/product_tag?post=43463"}],"curies":[{"name":"wp","href":"https:\/\/api.w.org\/{rel}","templated":true}]}}