{"id":46207,"date":"2026-03-02T15:02:35","date_gmt":"2026-03-02T08:02:35","guid":{"rendered":"http:\/\/loftrunway.com\/product\/ugg-pismo-cozy-casual-sports-low-tops-skateboarding-shoes-white"},"modified":"2026-04-02T14:39:50","modified_gmt":"2026-04-02T07:39:50","slug":"ugg-pismo-cozy-casual-sports-low-tops-skateboarding-shoes-white","status":"publish","type":"product","link":"https:\/\/loftrunway.com\/de\/products\/ugg-pismo-cozy-casual-sports-low-tops-skateboarding-shoes-white\/","title":{"rendered":"UGG Pismo Cozy Casual Sports Low Tops Skateboarding Shoes White"},"content":{"rendered":"<p>Der UGG Pismo Low CMFT Casual Sport White 1118511-WHYP Sneaker vereint Komfort und Style auf perfekte Weise. Mit seinem eleganten wei\u00dfen Design und den hochwertigen Materialien ist er ideal f\u00fcr Freizeit und Sport. Die niedrige Silhouette sorgt f\u00fcr bequemen Tragekomfort, w\u00e4hrend die Marke UGG f\u00fcr Langlebigkeit und Strapazierf\u00e4higkeit steht. Mit diesen trendigen Sneakern bist du immer modisch unterwegs.<\/p>\n<p>Farbe: Wei\u00df<br \/>\nArtikelnummer: 1118511-WHYP<br \/>\nFarbe: Wei\u00df<br \/>\nSaison: Ganzj\u00e4hrig<\/p>\n<p>Farbe: Wei\u00df<\/p>\n","protected":false},"excerpt":{"rendered":"<p>UGG Pismo \u201d\u201d White<\/p>\n","protected":false},"featured_media":46208,"comment_status":"open","ping_status":"closed","template":"","meta":[],"product_brand":[],"product_cat":[41273,12436],"product_tag":[12618,10753,10754,11036,11153,11246,11666,10758],"class_list":{"0":"post-46207","1":"product","2":"type-product","3":"status-publish","4":"has-post-thumbnail","6":"product_cat-remove","7":"product_cat-ugg","8":"product_tag-casual","9":"product_tag-gift-for-him","10":"product_tag-lifestyle-casual-shoes","11":"product_tag-lifestyle-shoes-skateboarding-inspired","12":"product_tag-skateboard-shoes","13":"product_tag-ugg","14":"product_tag-ugg-collection","15":"product_tag-under-retail","16":"wcpa_has_options","18":"first","19":"instock","20":"taxable","21":"shipping-taxable","22":"purchasable","23":"product-type-simple"},"wcpa_form_fields":{"rules":{"pric_overide_base_price":false,"pric_overide_base_price_if_gt_zero":false,"pric_overide_base_price_fully":false,"pric_cal_option_once":false,"pric_use_as_fee":false,"bind_quantity":false,"quantity_bind_formula":false},"fields":[{"type":"color-group","required":true,"elementId":"wcpa-color-group-69a5ad3fdca11","label":"Gr\u00f6\u00dfe","inline":true,"priceOptions":"different_for_all","pricingType":"fixed","className":"hassizechart product-shoes-size-eu product-shoes-size","name":"color-group-69a5ad3fdca1a","disp_type":"square","selection_type":"tick-border","disp_size":"50","show_label_inside":true,"adjust_width":true,"cart_display_type":"text","other_text":"Other","cl_rule":"show","col":6,"values":[{"label":"36","value":"EU 36","price":"","pimage":"","pimage_id":"","pthumb":"","color":"","selected":true},{"label":"37","value":"EU 37","price":"","pimage":"","pimage_id":"","pthumb":"","color":""},{"label":"37.5","value":"EU 37.5","price":"","pimage":"","pimage_id":"","pthumb":"","color":""},{"label":"38","value":"EU 38","price":"","pimage":"","pimage_id":"","pthumb":"","color":""},{"label":"38.5","value":"EU 38.5","price":"","pimage":"","pimage_id":"","pthumb":"","color":""},{"label":"39","value":"EU 39","price":"","pimage":"","pimage_id":"","pthumb":"","color":""},{"label":"39.5","value":"EU 39.5","price":"","pimage":"","pimage_id":"","pthumb":"","color":""},{"label":"40","value":"EU 40","price":"","pimage":"","pimage_id":"","pthumb":"","color":""},{"label":"40.5","value":"EU 40.5","price":"","pimage":"","pimage_id":"","pthumb":"","color":""},{"label":" 41.5","value":"EU 41.5","price":"","pimage":"","pimage_id":"","pthumb":"","color":""},{"label":"42","value":"EU 42","price":"","pimage":"","pimage_id":"","pthumb":"","color":""},{"label":"42.5","value":"EU 42.5","price":"","pimage":"","pimage_id":"","pthumb":"","color":""},{"label":"43","value":"EU 43","price":"","pimage":"","pimage_id":"","pthumb":"","color":""},{"label":"44","value":"EU 44","price":"","pimage":"","pimage_id":"","pthumb":"","color":""},{"label":"44.5","value":"EU 44.5","price":"","pimage":"","pimage_id":"","pthumb":"","color":""},{"label":"45","value":"EU 45","price":"","pimage":"","pimage_id":"","pthumb":"","color":""}],"relations":[{"operator":false,"rules":[]}],"form_id":184314,"form_rules":{"pric_cal_option_once":false,"exclude_from_discount":false,"pric_use_as_fee":false,"fee_label":"Fee","render_after_acb":false,"disp_hide_options_price":false}}]},"yoast_head":"<!-- This site is optimized with the Yoast SEO plugin v26.5 - https:\/\/yoast.com\/wordpress\/plugins\/seo\/ -->\n<title>UGG Pismo Cozy Casual Sports Low Tops Skateboarding Shoes White  - Loftrunway<\/title>\n<meta name=\"robots\" content=\"index, follow, max-snippet:-1, max-image-preview:large, max-video-preview:-1\" \/>\n<link rel=\"canonical\" href=\"https:\/\/loftrunway.com\/de\/products\/ugg-pismo-cozy-casual-sports-low-tops-skateboarding-shoes-white\/\" \/>\n<meta property=\"og:locale\" content=\"de_DE\" \/>\n<meta property=\"og:type\" content=\"article\" \/>\n<meta property=\"og:title\" content=\"UGG Pismo Cozy Casual Sports Low Tops Skateboarding Shoes White  - Loftrunway\" \/>\n<meta property=\"og:description\" content=\"UGG Pismo \u201d\u201d White\" \/>\n<meta property=\"og:url\" content=\"https:\/\/loftrunway.com\/de\/products\/ugg-pismo-cozy-casual-sports-low-tops-skateboarding-shoes-white\/\" \/>\n<meta property=\"og:site_name\" content=\"loftRUN Sneaker Store\" \/>\n<meta property=\"article:modified_time\" content=\"2026-04-02T07:39:50+00:00\" \/>\n<meta name=\"twitter:card\" content=\"summary_large_image\" \/>\n<meta name=\"twitter:image\" content=\"https:\/\/images.novelship.com\/product\/ugg_pismo_low__comfort_casual_sport_white__1118511_0_48176.jpeg\" \/>\n<script type=\"application\/ld+json\" class=\"yoast-schema-graph\">{\"@context\":\"https:\/\/schema.org\",\"@graph\":[{\"@type\":\"WebPage\",\"@id\":\"https:\/\/loftrunway.com\/de\/products\/ugg-pismo-cozy-casual-sports-low-tops-skateboarding-shoes-white\/\",\"url\":\"https:\/\/loftrunway.com\/de\/products\/ugg-pismo-cozy-casual-sports-low-tops-skateboarding-shoes-white\/\",\"name\":\"UGG Pismo Cozy Casual Sports Low Tops Skateboarding Shoes White - Loftrunway\",\"isPartOf\":{\"@id\":\"https:\/\/loftrunway.com\/de\/#website\"},\"primaryImageOfPage\":{\"@id\":\"https:\/\/loftrunway.com\/de\/products\/ugg-pismo-cozy-casual-sports-low-tops-skateboarding-shoes-white\/#primaryimage\"},\"image\":{\"@id\":\"https:\/\/loftrunway.com\/de\/products\/ugg-pismo-cozy-casual-sports-low-tops-skateboarding-shoes-white\/#primaryimage\"},\"thumbnailUrl\":\"https:\/\/images.novelship.com\/product\/ugg_pismo_low__comfort_casual_sport_white__1118511_0_48176.jpeg\",\"datePublished\":\"2026-03-02T08:02:35+00:00\",\"dateModified\":\"2026-04-02T07:39:50+00:00\",\"breadcrumb\":{\"@id\":\"https:\/\/loftrunway.com\/de\/products\/ugg-pismo-cozy-casual-sports-low-tops-skateboarding-shoes-white\/#breadcrumb\"},\"inLanguage\":\"de\",\"potentialAction\":[{\"@type\":\"ReadAction\",\"target\":[\"https:\/\/loftrunway.com\/de\/products\/ugg-pismo-cozy-casual-sports-low-tops-skateboarding-shoes-white\/\"]}]},{\"@type\":\"ImageObject\",\"inLanguage\":\"de\",\"@id\":\"https:\/\/loftrunway.com\/de\/products\/ugg-pismo-cozy-casual-sports-low-tops-skateboarding-shoes-white\/#primaryimage\",\"url\":\"https:\/\/images.novelship.com\/product\/ugg_pismo_low__comfort_casual_sport_white__1118511_0_48176.jpeg\",\"contentUrl\":\"https:\/\/images.novelship.com\/product\/ugg_pismo_low__comfort_casual_sport_white__1118511_0_48176.jpeg\"},{\"@type\":\"BreadcrumbList\",\"@id\":\"https:\/\/loftrunway.com\/de\/products\/ugg-pismo-cozy-casual-sports-low-tops-skateboarding-shoes-white\/#breadcrumb\",\"itemListElement\":[{\"@type\":\"ListItem\",\"position\":1,\"name\":\"Home\",\"item\":\"https:\/\/loftrunway.com\/de\/\"},{\"@type\":\"ListItem\",\"position\":2,\"name\":\"Shop\",\"item\":\"https:\/\/loftrunway.com\/de\/shop\/\"},{\"@type\":\"ListItem\",\"position\":3,\"name\":\"UGG Pismo Cozy Casual Sports Low Tops Skateboarding Shoes White\"}]},{\"@type\":\"WebSite\",\"@id\":\"https:\/\/loftrunway.com\/de\/#website\",\"url\":\"https:\/\/loftrunway.com\/de\/\",\"name\":\"Styloral Jewelry Shop\",\"description\":\"Der Ort, an dem man alle Arten von Sneakern findet\",\"publisher\":{\"@id\":\"https:\/\/loftrunway.com\/de\/#organization\"},\"potentialAction\":[{\"@type\":\"SearchAction\",\"target\":{\"@type\":\"EntryPoint\",\"urlTemplate\":\"https:\/\/loftrunway.com\/de\/?s={search_term_string}\"},\"query-input\":{\"@type\":\"PropertyValueSpecification\",\"valueRequired\":true,\"valueName\":\"search_term_string\"}}],\"inLanguage\":\"de\"},{\"@type\":\"Organization\",\"@id\":\"https:\/\/loftrunway.com\/de\/#organization\",\"name\":\"STYLORAL PTE. LTD\",\"url\":\"https:\/\/loftrunway.com\/de\/\",\"logo\":{\"@type\":\"ImageObject\",\"inLanguage\":\"de\",\"@id\":\"https:\/\/loftrunway.com\/de\/#\/schema\/logo\/image\/\",\"url\":\"https:\/\/www.loftrunway.com\/wp-content\/uploads\/2025\/12\/logo.png\",\"contentUrl\":\"https:\/\/www.loftrunway.com\/wp-content\/uploads\/2025\/12\/logo.png\",\"width\":200,\"height\":65,\"caption\":\"STYLORAL PTE. LTD\"},\"image\":{\"@id\":\"https:\/\/loftrunway.com\/de\/#\/schema\/logo\/image\/\"}}]}<\/script>\n<!-- \/ Yoast SEO plugin. -->","yoast_head_json":{"title":"UGG Pismo Cozy Casual Sports Low Tops Skateboarding Shoes White  - Loftrunway","robots":{"index":"index","follow":"follow","max-snippet":"max-snippet:-1","max-image-preview":"max-image-preview:large","max-video-preview":"max-video-preview:-1"},"canonical":"https:\/\/loftrunway.com\/de\/products\/ugg-pismo-cozy-casual-sports-low-tops-skateboarding-shoes-white\/","og_locale":"de_DE","og_type":"article","og_title":"UGG Pismo Cozy Casual Sports Low Tops Skateboarding Shoes White  - Loftrunway","og_description":"UGG Pismo \u201d\u201d White","og_url":"https:\/\/loftrunway.com\/de\/products\/ugg-pismo-cozy-casual-sports-low-tops-skateboarding-shoes-white\/","og_site_name":"loftRUN Sneaker Store","article_modified_time":"2026-04-02T07:39:50+00:00","twitter_card":"summary_large_image","twitter_image":"https:\/\/images.novelship.com\/product\/ugg_pismo_low__comfort_casual_sport_white__1118511_0_48176.jpeg","schema":{"@context":"https:\/\/schema.org","@graph":[{"@type":"WebPage","@id":"https:\/\/loftrunway.com\/de\/products\/ugg-pismo-cozy-casual-sports-low-tops-skateboarding-shoes-white\/","url":"https:\/\/loftrunway.com\/de\/products\/ugg-pismo-cozy-casual-sports-low-tops-skateboarding-shoes-white\/","name":"UGG Pismo Cozy Casual Sports Low Tops Skateboarding Shoes White - Loftrunway","isPartOf":{"@id":"https:\/\/loftrunway.com\/de\/#website"},"primaryImageOfPage":{"@id":"https:\/\/loftrunway.com\/de\/products\/ugg-pismo-cozy-casual-sports-low-tops-skateboarding-shoes-white\/#primaryimage"},"image":{"@id":"https:\/\/loftrunway.com\/de\/products\/ugg-pismo-cozy-casual-sports-low-tops-skateboarding-shoes-white\/#primaryimage"},"thumbnailUrl":"https:\/\/images.novelship.com\/product\/ugg_pismo_low__comfort_casual_sport_white__1118511_0_48176.jpeg","datePublished":"2026-03-02T08:02:35+00:00","dateModified":"2026-04-02T07:39:50+00:00","breadcrumb":{"@id":"https:\/\/loftrunway.com\/de\/products\/ugg-pismo-cozy-casual-sports-low-tops-skateboarding-shoes-white\/#breadcrumb"},"inLanguage":"de","potentialAction":[{"@type":"ReadAction","target":["https:\/\/loftrunway.com\/de\/products\/ugg-pismo-cozy-casual-sports-low-tops-skateboarding-shoes-white\/"]}]},{"@type":"ImageObject","inLanguage":"de","@id":"https:\/\/loftrunway.com\/de\/products\/ugg-pismo-cozy-casual-sports-low-tops-skateboarding-shoes-white\/#primaryimage","url":"https:\/\/images.novelship.com\/product\/ugg_pismo_low__comfort_casual_sport_white__1118511_0_48176.jpeg","contentUrl":"https:\/\/images.novelship.com\/product\/ugg_pismo_low__comfort_casual_sport_white__1118511_0_48176.jpeg"},{"@type":"BreadcrumbList","@id":"https:\/\/loftrunway.com\/de\/products\/ugg-pismo-cozy-casual-sports-low-tops-skateboarding-shoes-white\/#breadcrumb","itemListElement":[{"@type":"ListItem","position":1,"name":"Home","item":"https:\/\/loftrunway.com\/de\/"},{"@type":"ListItem","position":2,"name":"Shop","item":"https:\/\/loftrunway.com\/de\/shop\/"},{"@type":"ListItem","position":3,"name":"UGG Pismo Cozy Casual Sports Low Tops Skateboarding Shoes White"}]},{"@type":"WebSite","@id":"https:\/\/loftrunway.com\/de\/#website","url":"https:\/\/loftrunway.com\/de\/","name":"Styloral Jewelry Shop","description":"Der Ort, an dem man alle Arten von Sneakern findet","publisher":{"@id":"https:\/\/loftrunway.com\/de\/#organization"},"potentialAction":[{"@type":"SearchAction","target":{"@type":"EntryPoint","urlTemplate":"https:\/\/loftrunway.com\/de\/?s={search_term_string}"},"query-input":{"@type":"PropertyValueSpecification","valueRequired":true,"valueName":"search_term_string"}}],"inLanguage":"de"},{"@type":"Organization","@id":"https:\/\/loftrunway.com\/de\/#organization","name":"STYLORAL PTE. LTD","url":"https:\/\/loftrunway.com\/de\/","logo":{"@type":"ImageObject","inLanguage":"de","@id":"https:\/\/loftrunway.com\/de\/#\/schema\/logo\/image\/","url":"https:\/\/www.loftrunway.com\/wp-content\/uploads\/2025\/12\/logo.png","contentUrl":"https:\/\/www.loftrunway.com\/wp-content\/uploads\/2025\/12\/logo.png","width":200,"height":65,"caption":"STYLORAL PTE. LTD"},"image":{"@id":"https:\/\/loftrunway.com\/de\/#\/schema\/logo\/image\/"}}]}},"_links":{"self":[{"href":"https:\/\/loftrunway.com\/de\/wp-json\/wp\/v2\/product\/46207","targetHints":{"allow":["GET"]}}],"collection":[{"href":"https:\/\/loftrunway.com\/de\/wp-json\/wp\/v2\/product"}],"about":[{"href":"https:\/\/loftrunway.com\/de\/wp-json\/wp\/v2\/types\/product"}],"replies":[{"embeddable":true,"href":"https:\/\/loftrunway.com\/de\/wp-json\/wp\/v2\/comments?post=46207"}],"wp:featuredmedia":[{"embeddable":true,"href":"https:\/\/loftrunway.com\/de\/wp-json\/wp\/v2\/media\/46208"}],"wp:attachment":[{"href":"https:\/\/loftrunway.com\/de\/wp-json\/wp\/v2\/media?parent=46207"}],"wp:term":[{"taxonomy":"product_brand","embeddable":true,"href":"https:\/\/loftrunway.com\/de\/wp-json\/wp\/v2\/product_brand?post=46207"},{"taxonomy":"product_cat","embeddable":true,"href":"https:\/\/loftrunway.com\/de\/wp-json\/wp\/v2\/product_cat?post=46207"},{"taxonomy":"product_tag","embeddable":true,"href":"https:\/\/loftrunway.com\/de\/wp-json\/wp\/v2\/product_tag?post=46207"}],"curies":[{"name":"wp","href":"https:\/\/api.w.org\/{rel}","templated":true}]}}