{"id":46706,"date":"2026-03-02T15:03:16","date_gmt":"2026-03-02T08:03:16","guid":{"rendered":"http:\/\/loftrunway.com\/product\/asics-gel-contend-7-wp-4e-extra-wide-midnight-piedmont-grey"},"modified":"2026-04-02T14:40:03","modified_gmt":"2026-04-02T07:40:03","slug":"asics-gel-contend-7-wp-4e-extra-wide-midnight-piedmont-grey","status":"publish","type":"product","link":"https:\/\/loftrunway.com\/de\/products\/asics-gel-contend-7-wp-4e-extra-wide-midnight-piedmont-grey\/","title":{"rendered":"ASICS Gel Contend 7 WP 4E Extra Wide &#8218;Midnight Piedmont Grey&#8216;"},"content":{"rendered":"<p>Der ASICS Gel Contend 7 WP 4E Extra Wide Midnight Piedmont Grey ist ein von ASICS entwickelter Hochleistungs-Laufschuh. Dank seiner extraweiten Passform und der Gel-D\u00e4mpfung bietet er L\u00e4ufern maximalen Komfort und optimale Unterst\u00fctzung. Die Farbe Midnight Piedmont Grey verleiht Ihrem Laufoutfit eine stilvolle Note. Perfekt f\u00fcr alle mit breiteren F\u00fc\u00dfen, die Wert auf Stil und Funktionalit\u00e4t legen.<\/p>\n<p>Farbe: Midnight\/Piedmont Grey<br \/>\nArtikelnummer: 1011B333-400<br \/>\nObermaterial: Mesh<br \/>\nZwischensohle: Gel<br \/>\nFarbe: Blau<br \/>\nSaison: Ganzj\u00e4hrig<\/p>\n<p>F\u00fcr alle Jahreszeiten geeignet<\/p>\n","protected":false},"excerpt":{"rendered":"<p>ASICS Gel Contend 7 WP 4E Extra Wide \u201d\u201d Midnight\/Piedmont Grey<\/p>\n","protected":false},"featured_media":46707,"comment_status":"open","ping_status":"closed","template":"","meta":[],"product_brand":[],"product_cat":[10792,41273],"product_tag":[10791,11032,10753,10839,10802,10840,12149,10758],"class_list":{"0":"post-46706","1":"product","2":"type-product","3":"status-publish","4":"has-post-thumbnail","6":"product_cat-asics","7":"product_cat-remove","8":"product_tag-asics","9":"product_tag-asics-running-shoes","10":"product_tag-gift-for-him","11":"product_tag-performance-running-shoes","12":"product_tag-performance-sport-shoes","13":"product_tag-running-shoes","14":"product_tag-stability-overpronation-running-shoes","15":"product_tag-under-retail","16":"wcpa_has_options","18":"first","19":"instock","20":"taxable","21":"shipping-taxable","22":"purchasable","23":"product-type-simple"},"wcpa_form_fields":{"rules":{"pric_overide_base_price":false,"pric_overide_base_price_if_gt_zero":false,"pric_overide_base_price_fully":false,"pric_cal_option_once":false,"pric_use_as_fee":false,"bind_quantity":false,"quantity_bind_formula":false},"fields":[{"type":"color-group","required":true,"elementId":"wcpa-color-group-69a5ab08ee12d","label":"Gr\u00f6\u00dfe","inline":true,"priceOptions":"different_for_all","pricingType":"fixed","className":"hassizechart product-shoes-size-eu product-shoes-size","name":"color-group-69a5ab08ee136","disp_type":"square","selection_type":"tick-border","disp_size":"50","show_label_inside":true,"adjust_width":true,"cart_display_type":"text","other_text":"Other","cl_rule":"show","col":6,"values":[{"label":"36","value":"EU 36","price":"","pimage":"","pimage_id":"","pthumb":"","color":"","selected":true},{"label":"37","value":"EU 37","price":"","pimage":"","pimage_id":"","pthumb":"","color":""},{"label":"37.5","value":"EU 37.5","price":"","pimage":"","pimage_id":"","pthumb":"","color":""},{"label":"38","value":"EU 38","price":"","pimage":"","pimage_id":"","pthumb":"","color":""},{"label":"38.5","value":"EU 38.5","price":"","pimage":"","pimage_id":"","pthumb":"","color":""},{"label":"39","value":"EU 39","price":"","pimage":"","pimage_id":"","pthumb":"","color":""},{"label":"39.5","value":"EU 39.5","price":"","pimage":"","pimage_id":"","pthumb":"","color":""},{"label":"40","value":"EU 40","price":"","pimage":"","pimage_id":"","pthumb":"","color":""},{"label":"40.5","value":"EU 40.5","price":"","pimage":"","pimage_id":"","pthumb":"","color":""},{"label":" 41.5","value":"EU 41.5","price":"","pimage":"","pimage_id":"","pthumb":"","color":""},{"label":"42","value":"EU 42","price":"","pimage":"","pimage_id":"","pthumb":"","color":""},{"label":"42.5","value":"EU 42.5","price":"","pimage":"","pimage_id":"","pthumb":"","color":""},{"label":"43.5","value":"EU 43.5","price":"","pimage":"","pimage_id":"","pthumb":"","color":""},{"label":"44","value":"EU 44","price":"","pimage":"","pimage_id":"","pthumb":"","color":""},{"label":"44.5","value":"EU 44.5","price":"","pimage":"","pimage_id":"","pthumb":"","color":""},{"label":"45","value":"EU 45","price":"","pimage":"","pimage_id":"","pthumb":"","color":""}],"relations":[{"operator":false,"rules":[]}],"form_id":184311,"form_rules":{"pric_cal_option_once":false,"exclude_from_discount":false,"pric_use_as_fee":false,"fee_label":"Fee","render_after_acb":false,"disp_hide_options_price":false}}]},"yoast_head":"<!-- This site is optimized with the Yoast SEO plugin v26.5 - https:\/\/yoast.com\/wordpress\/plugins\/seo\/ -->\n<title>ASICS Gel Contend 7 WP 4E Extra Wide &#039;Midnight Piedmont Grey&#039;  - Loftrunway<\/title>\n<meta name=\"robots\" content=\"index, follow, max-snippet:-1, max-image-preview:large, max-video-preview:-1\" \/>\n<link rel=\"canonical\" href=\"https:\/\/loftrunway.com\/de\/products\/asics-gel-contend-7-wp-4e-extra-wide-midnight-piedmont-grey\/\" \/>\n<meta property=\"og:locale\" content=\"de_DE\" \/>\n<meta property=\"og:type\" content=\"article\" \/>\n<meta property=\"og:title\" content=\"ASICS Gel Contend 7 WP 4E Extra Wide &#039;Midnight Piedmont Grey&#039;  - Loftrunway\" \/>\n<meta property=\"og:description\" content=\"ASICS Gel Contend 7 WP 4E Extra Wide \u201d\u201d Midnight\/Piedmont Grey\" \/>\n<meta property=\"og:url\" content=\"https:\/\/loftrunway.com\/de\/products\/asics-gel-contend-7-wp-4e-extra-wide-midnight-piedmont-grey\/\" \/>\n<meta property=\"og:site_name\" content=\"loftRUN Sneaker Store\" \/>\n<meta property=\"article:modified_time\" content=\"2026-04-02T07:40:03+00:00\" \/>\n<meta name=\"twitter:card\" content=\"summary_large_image\" \/>\n<meta name=\"twitter:image\" content=\"https:\/\/images.novelship.com\/product\/asics_gel_contend_7_wp_4e_extra_wide__midnight_pie_0_67517.jpeg\" \/>\n<script type=\"application\/ld+json\" class=\"yoast-schema-graph\">{\"@context\":\"https:\/\/schema.org\",\"@graph\":[{\"@type\":\"WebPage\",\"@id\":\"https:\/\/loftrunway.com\/de\/products\/asics-gel-contend-7-wp-4e-extra-wide-midnight-piedmont-grey\/\",\"url\":\"https:\/\/loftrunway.com\/de\/products\/asics-gel-contend-7-wp-4e-extra-wide-midnight-piedmont-grey\/\",\"name\":\"ASICS Gel Contend 7 WP 4E Extra Wide 'Midnight Piedmont Grey' - Loftrunway\",\"isPartOf\":{\"@id\":\"https:\/\/loftrunway.com\/de\/#website\"},\"primaryImageOfPage\":{\"@id\":\"https:\/\/loftrunway.com\/de\/products\/asics-gel-contend-7-wp-4e-extra-wide-midnight-piedmont-grey\/#primaryimage\"},\"image\":{\"@id\":\"https:\/\/loftrunway.com\/de\/products\/asics-gel-contend-7-wp-4e-extra-wide-midnight-piedmont-grey\/#primaryimage\"},\"thumbnailUrl\":\"https:\/\/images.novelship.com\/product\/asics_gel_contend_7_wp_4e_extra_wide__midnight_pie_0_67517.jpeg\",\"datePublished\":\"2026-03-02T08:03:16+00:00\",\"dateModified\":\"2026-04-02T07:40:03+00:00\",\"breadcrumb\":{\"@id\":\"https:\/\/loftrunway.com\/de\/products\/asics-gel-contend-7-wp-4e-extra-wide-midnight-piedmont-grey\/#breadcrumb\"},\"inLanguage\":\"de\",\"potentialAction\":[{\"@type\":\"ReadAction\",\"target\":[\"https:\/\/loftrunway.com\/de\/products\/asics-gel-contend-7-wp-4e-extra-wide-midnight-piedmont-grey\/\"]}]},{\"@type\":\"ImageObject\",\"inLanguage\":\"de\",\"@id\":\"https:\/\/loftrunway.com\/de\/products\/asics-gel-contend-7-wp-4e-extra-wide-midnight-piedmont-grey\/#primaryimage\",\"url\":\"https:\/\/images.novelship.com\/product\/asics_gel_contend_7_wp_4e_extra_wide__midnight_pie_0_67517.jpeg\",\"contentUrl\":\"https:\/\/images.novelship.com\/product\/asics_gel_contend_7_wp_4e_extra_wide__midnight_pie_0_67517.jpeg\"},{\"@type\":\"BreadcrumbList\",\"@id\":\"https:\/\/loftrunway.com\/de\/products\/asics-gel-contend-7-wp-4e-extra-wide-midnight-piedmont-grey\/#breadcrumb\",\"itemListElement\":[{\"@type\":\"ListItem\",\"position\":1,\"name\":\"Home\",\"item\":\"https:\/\/loftrunway.com\/de\/\"},{\"@type\":\"ListItem\",\"position\":2,\"name\":\"Shop\",\"item\":\"https:\/\/loftrunway.com\/de\/shop\/\"},{\"@type\":\"ListItem\",\"position\":3,\"name\":\"ASICS Gel Contend 7 WP 4E Extra Wide &#8218;Midnight Piedmont Grey&#8216;\"}]},{\"@type\":\"WebSite\",\"@id\":\"https:\/\/loftrunway.com\/de\/#website\",\"url\":\"https:\/\/loftrunway.com\/de\/\",\"name\":\"Styloral Jewelry Shop\",\"description\":\"Der Ort, an dem man alle Arten von Sneakern findet\",\"publisher\":{\"@id\":\"https:\/\/loftrunway.com\/de\/#organization\"},\"potentialAction\":[{\"@type\":\"SearchAction\",\"target\":{\"@type\":\"EntryPoint\",\"urlTemplate\":\"https:\/\/loftrunway.com\/de\/?s={search_term_string}\"},\"query-input\":{\"@type\":\"PropertyValueSpecification\",\"valueRequired\":true,\"valueName\":\"search_term_string\"}}],\"inLanguage\":\"de\"},{\"@type\":\"Organization\",\"@id\":\"https:\/\/loftrunway.com\/de\/#organization\",\"name\":\"STYLORAL PTE. LTD\",\"url\":\"https:\/\/loftrunway.com\/de\/\",\"logo\":{\"@type\":\"ImageObject\",\"inLanguage\":\"de\",\"@id\":\"https:\/\/loftrunway.com\/de\/#\/schema\/logo\/image\/\",\"url\":\"https:\/\/www.loftrunway.com\/wp-content\/uploads\/2025\/12\/logo.png\",\"contentUrl\":\"https:\/\/www.loftrunway.com\/wp-content\/uploads\/2025\/12\/logo.png\",\"width\":200,\"height\":65,\"caption\":\"STYLORAL PTE. LTD\"},\"image\":{\"@id\":\"https:\/\/loftrunway.com\/de\/#\/schema\/logo\/image\/\"}}]}<\/script>\n<!-- \/ Yoast SEO plugin. -->","yoast_head_json":{"title":"ASICS Gel Contend 7 WP 4E Extra Wide 'Midnight Piedmont Grey'  - Loftrunway","robots":{"index":"index","follow":"follow","max-snippet":"max-snippet:-1","max-image-preview":"max-image-preview:large","max-video-preview":"max-video-preview:-1"},"canonical":"https:\/\/loftrunway.com\/de\/products\/asics-gel-contend-7-wp-4e-extra-wide-midnight-piedmont-grey\/","og_locale":"de_DE","og_type":"article","og_title":"ASICS Gel Contend 7 WP 4E Extra Wide 'Midnight Piedmont Grey'  - Loftrunway","og_description":"ASICS Gel Contend 7 WP 4E Extra Wide \u201d\u201d Midnight\/Piedmont Grey","og_url":"https:\/\/loftrunway.com\/de\/products\/asics-gel-contend-7-wp-4e-extra-wide-midnight-piedmont-grey\/","og_site_name":"loftRUN Sneaker Store","article_modified_time":"2026-04-02T07:40:03+00:00","twitter_card":"summary_large_image","twitter_image":"https:\/\/images.novelship.com\/product\/asics_gel_contend_7_wp_4e_extra_wide__midnight_pie_0_67517.jpeg","schema":{"@context":"https:\/\/schema.org","@graph":[{"@type":"WebPage","@id":"https:\/\/loftrunway.com\/de\/products\/asics-gel-contend-7-wp-4e-extra-wide-midnight-piedmont-grey\/","url":"https:\/\/loftrunway.com\/de\/products\/asics-gel-contend-7-wp-4e-extra-wide-midnight-piedmont-grey\/","name":"ASICS Gel Contend 7 WP 4E Extra Wide 'Midnight Piedmont Grey' - Loftrunway","isPartOf":{"@id":"https:\/\/loftrunway.com\/de\/#website"},"primaryImageOfPage":{"@id":"https:\/\/loftrunway.com\/de\/products\/asics-gel-contend-7-wp-4e-extra-wide-midnight-piedmont-grey\/#primaryimage"},"image":{"@id":"https:\/\/loftrunway.com\/de\/products\/asics-gel-contend-7-wp-4e-extra-wide-midnight-piedmont-grey\/#primaryimage"},"thumbnailUrl":"https:\/\/images.novelship.com\/product\/asics_gel_contend_7_wp_4e_extra_wide__midnight_pie_0_67517.jpeg","datePublished":"2026-03-02T08:03:16+00:00","dateModified":"2026-04-02T07:40:03+00:00","breadcrumb":{"@id":"https:\/\/loftrunway.com\/de\/products\/asics-gel-contend-7-wp-4e-extra-wide-midnight-piedmont-grey\/#breadcrumb"},"inLanguage":"de","potentialAction":[{"@type":"ReadAction","target":["https:\/\/loftrunway.com\/de\/products\/asics-gel-contend-7-wp-4e-extra-wide-midnight-piedmont-grey\/"]}]},{"@type":"ImageObject","inLanguage":"de","@id":"https:\/\/loftrunway.com\/de\/products\/asics-gel-contend-7-wp-4e-extra-wide-midnight-piedmont-grey\/#primaryimage","url":"https:\/\/images.novelship.com\/product\/asics_gel_contend_7_wp_4e_extra_wide__midnight_pie_0_67517.jpeg","contentUrl":"https:\/\/images.novelship.com\/product\/asics_gel_contend_7_wp_4e_extra_wide__midnight_pie_0_67517.jpeg"},{"@type":"BreadcrumbList","@id":"https:\/\/loftrunway.com\/de\/products\/asics-gel-contend-7-wp-4e-extra-wide-midnight-piedmont-grey\/#breadcrumb","itemListElement":[{"@type":"ListItem","position":1,"name":"Home","item":"https:\/\/loftrunway.com\/de\/"},{"@type":"ListItem","position":2,"name":"Shop","item":"https:\/\/loftrunway.com\/de\/shop\/"},{"@type":"ListItem","position":3,"name":"ASICS Gel Contend 7 WP 4E Extra Wide &#8218;Midnight Piedmont Grey&#8216;"}]},{"@type":"WebSite","@id":"https:\/\/loftrunway.com\/de\/#website","url":"https:\/\/loftrunway.com\/de\/","name":"Styloral Jewelry Shop","description":"Der Ort, an dem man alle Arten von Sneakern findet","publisher":{"@id":"https:\/\/loftrunway.com\/de\/#organization"},"potentialAction":[{"@type":"SearchAction","target":{"@type":"EntryPoint","urlTemplate":"https:\/\/loftrunway.com\/de\/?s={search_term_string}"},"query-input":{"@type":"PropertyValueSpecification","valueRequired":true,"valueName":"search_term_string"}}],"inLanguage":"de"},{"@type":"Organization","@id":"https:\/\/loftrunway.com\/de\/#organization","name":"STYLORAL PTE. LTD","url":"https:\/\/loftrunway.com\/de\/","logo":{"@type":"ImageObject","inLanguage":"de","@id":"https:\/\/loftrunway.com\/de\/#\/schema\/logo\/image\/","url":"https:\/\/www.loftrunway.com\/wp-content\/uploads\/2025\/12\/logo.png","contentUrl":"https:\/\/www.loftrunway.com\/wp-content\/uploads\/2025\/12\/logo.png","width":200,"height":65,"caption":"STYLORAL PTE. LTD"},"image":{"@id":"https:\/\/loftrunway.com\/de\/#\/schema\/logo\/image\/"}}]}},"_links":{"self":[{"href":"https:\/\/loftrunway.com\/de\/wp-json\/wp\/v2\/product\/46706","targetHints":{"allow":["GET"]}}],"collection":[{"href":"https:\/\/loftrunway.com\/de\/wp-json\/wp\/v2\/product"}],"about":[{"href":"https:\/\/loftrunway.com\/de\/wp-json\/wp\/v2\/types\/product"}],"replies":[{"embeddable":true,"href":"https:\/\/loftrunway.com\/de\/wp-json\/wp\/v2\/comments?post=46706"}],"wp:featuredmedia":[{"embeddable":true,"href":"https:\/\/loftrunway.com\/de\/wp-json\/wp\/v2\/media\/46707"}],"wp:attachment":[{"href":"https:\/\/loftrunway.com\/de\/wp-json\/wp\/v2\/media?parent=46706"}],"wp:term":[{"taxonomy":"product_brand","embeddable":true,"href":"https:\/\/loftrunway.com\/de\/wp-json\/wp\/v2\/product_brand?post=46706"},{"taxonomy":"product_cat","embeddable":true,"href":"https:\/\/loftrunway.com\/de\/wp-json\/wp\/v2\/product_cat?post=46706"},{"taxonomy":"product_tag","embeddable":true,"href":"https:\/\/loftrunway.com\/de\/wp-json\/wp\/v2\/product_tag?post=46706"}],"curies":[{"name":"wp","href":"https:\/\/api.w.org\/{rel}","templated":true}]}}