{"id":47606,"date":"2026-03-02T15:04:41","date_gmt":"2026-03-02T08:04:41","guid":{"rendered":"http:\/\/loftrunway.com\/product\/taka-x-one-ok-rock-x-asics-one-triple-black"},"modified":"2026-04-02T14:40:33","modified_gmt":"2026-04-02T07:40:33","slug":"taka-x-one-ok-rock-x-asics-one-triple-black","status":"publish","type":"product","link":"https:\/\/loftrunway.com\/de\/products\/taka-x-one-ok-rock-x-asics-one-triple-black\/","title":{"rendered":"Taka x One Ok Rock x ASICS -ONE &#8218;Triple Black&#8216;"},"content":{"rendered":"<p>Wir pr\u00e4sentieren den Taka x One Ok Rock x ASICS -ONE \u201eTriple Black\u201c 1203A013-001, einen limitierten Sneaker, der High-Performance mit Rockstar-Flair vereint. Die elegante Silhouette besticht durch ein komplett schwarzes Farbschema, das Raffinesse und Coolness ausstrahlt. Gefertigt aus hochwertigen Materialien f\u00fcr un\u00fcbertroffenen Tragekomfort, bietet er exzellenten Halt und Langlebigkeit. Diese Kollaboration ist ideal f\u00fcr Sportbegeisterte und modebewusste Menschen gleicherma\u00dfen und f\u00e4ngt den selbstbewussten Spirit von One Ok Rock perfekt ein. Verleihe deinem Sneaker-Style mit diesem Kultschuh das gewisse Extra!<\/p>\n<p>Farbgebung: Schwarz\/Schwarz<br \/>\nStyle-Code: 1203A013-001<br \/>\nObermaterial: Mesh<br \/>\nFarbe: Schwarz<br \/>\nDesigner: Taka Moriuchi<br \/>\nSaison: Herbst<br \/>\nErscheinungsjahr: 2024<\/p>\n<p>Farbe: Schwarz<br \/>\nDesigner: Taka Moriuchi<\/p>\n","protected":false},"excerpt":{"rendered":"<p>ASICS ASICS -ONE \u201d\u201d Black\/Black<\/p>\n","protected":false},"featured_media":47607,"comment_status":"open","ping_status":"closed","template":"","meta":[],"product_brand":[],"product_cat":[10792,41273],"product_tag":[10791,10753,10754,10765,10768,10758],"class_list":{"0":"post-47606","1":"product","2":"type-product","3":"status-publish","4":"has-post-thumbnail","6":"product_cat-asics","7":"product_cat-remove","8":"product_tag-asics","9":"product_tag-gift-for-him","10":"product_tag-lifestyle-casual-shoes","11":"product_tag-lifestyle-shoes-running-inspired","12":"product_tag-retro-running-shoes","13":"product_tag-under-retail","14":"wcpa_has_options","16":"first","17":"instock","18":"taxable","19":"shipping-taxable","20":"purchasable","21":"product-type-simple"},"wcpa_form_fields":{"rules":{"pric_overide_base_price":false,"pric_overide_base_price_if_gt_zero":false,"pric_overide_base_price_fully":false,"pric_cal_option_once":false,"pric_use_as_fee":false,"bind_quantity":false,"quantity_bind_formula":false},"fields":[{"type":"color-group","required":true,"elementId":"wcpa-color-group-69a5ab08ee12d","label":"Gr\u00f6\u00dfe","inline":true,"priceOptions":"different_for_all","pricingType":"fixed","className":"hassizechart product-shoes-size-eu product-shoes-size","name":"color-group-69a5ab08ee136","disp_type":"square","selection_type":"tick-border","disp_size":"50","show_label_inside":true,"adjust_width":true,"cart_display_type":"text","other_text":"Other","cl_rule":"show","col":6,"values":[{"label":"36","value":"EU 36","price":"","pimage":"","pimage_id":"","pthumb":"","color":"","selected":true},{"label":"37","value":"EU 37","price":"","pimage":"","pimage_id":"","pthumb":"","color":""},{"label":"37.5","value":"EU 37.5","price":"","pimage":"","pimage_id":"","pthumb":"","color":""},{"label":"38","value":"EU 38","price":"","pimage":"","pimage_id":"","pthumb":"","color":""},{"label":"38.5","value":"EU 38.5","price":"","pimage":"","pimage_id":"","pthumb":"","color":""},{"label":"39","value":"EU 39","price":"","pimage":"","pimage_id":"","pthumb":"","color":""},{"label":"39.5","value":"EU 39.5","price":"","pimage":"","pimage_id":"","pthumb":"","color":""},{"label":"40","value":"EU 40","price":"","pimage":"","pimage_id":"","pthumb":"","color":""},{"label":"40.5","value":"EU 40.5","price":"","pimage":"","pimage_id":"","pthumb":"","color":""},{"label":" 41.5","value":"EU 41.5","price":"","pimage":"","pimage_id":"","pthumb":"","color":""},{"label":"42","value":"EU 42","price":"","pimage":"","pimage_id":"","pthumb":"","color":""},{"label":"42.5","value":"EU 42.5","price":"","pimage":"","pimage_id":"","pthumb":"","color":""},{"label":"43.5","value":"EU 43.5","price":"","pimage":"","pimage_id":"","pthumb":"","color":""},{"label":"44","value":"EU 44","price":"","pimage":"","pimage_id":"","pthumb":"","color":""},{"label":"44.5","value":"EU 44.5","price":"","pimage":"","pimage_id":"","pthumb":"","color":""},{"label":"45","value":"EU 45","price":"","pimage":"","pimage_id":"","pthumb":"","color":""}],"relations":[{"operator":false,"rules":[]}],"form_id":184311,"form_rules":{"pric_cal_option_once":false,"exclude_from_discount":false,"pric_use_as_fee":false,"fee_label":"Fee","render_after_acb":false,"disp_hide_options_price":false}}]},"yoast_head":"<!-- This site is optimized with the Yoast SEO plugin v26.5 - https:\/\/yoast.com\/wordpress\/plugins\/seo\/ -->\n<title>Taka x One Ok Rock x ASICS -ONE &#039;Triple Black&#039;  - Loftrunway<\/title>\n<meta name=\"robots\" content=\"index, follow, max-snippet:-1, max-image-preview:large, max-video-preview:-1\" \/>\n<link rel=\"canonical\" href=\"https:\/\/loftrunway.com\/de\/products\/taka-x-one-ok-rock-x-asics-one-triple-black\/\" \/>\n<meta property=\"og:locale\" content=\"de_DE\" \/>\n<meta property=\"og:type\" content=\"article\" \/>\n<meta property=\"og:title\" content=\"Taka x One Ok Rock x ASICS -ONE &#039;Triple Black&#039;  - Loftrunway\" \/>\n<meta property=\"og:description\" content=\"ASICS ASICS -ONE \u201d\u201d Black\/Black\" \/>\n<meta property=\"og:url\" content=\"https:\/\/loftrunway.com\/de\/products\/taka-x-one-ok-rock-x-asics-one-triple-black\/\" \/>\n<meta property=\"og:site_name\" content=\"loftRUN Sneaker Store\" \/>\n<meta property=\"article:modified_time\" content=\"2026-04-02T07:40:33+00:00\" \/>\n<meta name=\"twitter:card\" content=\"summary_large_image\" \/>\n<meta name=\"twitter:image\" content=\"https:\/\/images.novelship.com\/product\/taka_x_one_ok_rock_x_asics_-one__triple_black__120_0_33048.jpeg\" \/>\n<meta name=\"twitter:label1\" content=\"Gesch\u00e4tzte Lesezeit\" \/>\n\t<meta name=\"twitter:data1\" content=\"1\u00a0Minute\" \/>\n<script type=\"application\/ld+json\" class=\"yoast-schema-graph\">{\"@context\":\"https:\/\/schema.org\",\"@graph\":[{\"@type\":\"WebPage\",\"@id\":\"https:\/\/loftrunway.com\/de\/products\/taka-x-one-ok-rock-x-asics-one-triple-black\/\",\"url\":\"https:\/\/loftrunway.com\/de\/products\/taka-x-one-ok-rock-x-asics-one-triple-black\/\",\"name\":\"Taka x One Ok Rock x ASICS -ONE 'Triple Black' - Loftrunway\",\"isPartOf\":{\"@id\":\"https:\/\/loftrunway.com\/de\/#website\"},\"primaryImageOfPage\":{\"@id\":\"https:\/\/loftrunway.com\/de\/products\/taka-x-one-ok-rock-x-asics-one-triple-black\/#primaryimage\"},\"image\":{\"@id\":\"https:\/\/loftrunway.com\/de\/products\/taka-x-one-ok-rock-x-asics-one-triple-black\/#primaryimage\"},\"thumbnailUrl\":\"https:\/\/images.novelship.com\/product\/taka_x_one_ok_rock_x_asics_-one__triple_black__120_0_33048.jpeg\",\"datePublished\":\"2026-03-02T08:04:41+00:00\",\"dateModified\":\"2026-04-02T07:40:33+00:00\",\"breadcrumb\":{\"@id\":\"https:\/\/loftrunway.com\/de\/products\/taka-x-one-ok-rock-x-asics-one-triple-black\/#breadcrumb\"},\"inLanguage\":\"de\",\"potentialAction\":[{\"@type\":\"ReadAction\",\"target\":[\"https:\/\/loftrunway.com\/de\/products\/taka-x-one-ok-rock-x-asics-one-triple-black\/\"]}]},{\"@type\":\"ImageObject\",\"inLanguage\":\"de\",\"@id\":\"https:\/\/loftrunway.com\/de\/products\/taka-x-one-ok-rock-x-asics-one-triple-black\/#primaryimage\",\"url\":\"https:\/\/images.novelship.com\/product\/taka_x_one_ok_rock_x_asics_-one__triple_black__120_0_33048.jpeg\",\"contentUrl\":\"https:\/\/images.novelship.com\/product\/taka_x_one_ok_rock_x_asics_-one__triple_black__120_0_33048.jpeg\"},{\"@type\":\"BreadcrumbList\",\"@id\":\"https:\/\/loftrunway.com\/de\/products\/taka-x-one-ok-rock-x-asics-one-triple-black\/#breadcrumb\",\"itemListElement\":[{\"@type\":\"ListItem\",\"position\":1,\"name\":\"Home\",\"item\":\"https:\/\/loftrunway.com\/de\/\"},{\"@type\":\"ListItem\",\"position\":2,\"name\":\"Shop\",\"item\":\"https:\/\/loftrunway.com\/de\/shop\/\"},{\"@type\":\"ListItem\",\"position\":3,\"name\":\"Taka x One Ok Rock x ASICS -ONE &#8218;Triple Black&#8216;\"}]},{\"@type\":\"WebSite\",\"@id\":\"https:\/\/loftrunway.com\/de\/#website\",\"url\":\"https:\/\/loftrunway.com\/de\/\",\"name\":\"Styloral Jewelry Shop\",\"description\":\"Der Ort, an dem man alle Arten von Sneakern findet\",\"publisher\":{\"@id\":\"https:\/\/loftrunway.com\/de\/#organization\"},\"potentialAction\":[{\"@type\":\"SearchAction\",\"target\":{\"@type\":\"EntryPoint\",\"urlTemplate\":\"https:\/\/loftrunway.com\/de\/?s={search_term_string}\"},\"query-input\":{\"@type\":\"PropertyValueSpecification\",\"valueRequired\":true,\"valueName\":\"search_term_string\"}}],\"inLanguage\":\"de\"},{\"@type\":\"Organization\",\"@id\":\"https:\/\/loftrunway.com\/de\/#organization\",\"name\":\"STYLORAL PTE. LTD\",\"url\":\"https:\/\/loftrunway.com\/de\/\",\"logo\":{\"@type\":\"ImageObject\",\"inLanguage\":\"de\",\"@id\":\"https:\/\/loftrunway.com\/de\/#\/schema\/logo\/image\/\",\"url\":\"https:\/\/www.loftrunway.com\/wp-content\/uploads\/2025\/12\/logo.png\",\"contentUrl\":\"https:\/\/www.loftrunway.com\/wp-content\/uploads\/2025\/12\/logo.png\",\"width\":200,\"height\":65,\"caption\":\"STYLORAL PTE. LTD\"},\"image\":{\"@id\":\"https:\/\/loftrunway.com\/de\/#\/schema\/logo\/image\/\"}}]}<\/script>\n<!-- \/ Yoast SEO plugin. -->","yoast_head_json":{"title":"Taka x One Ok Rock x ASICS -ONE 'Triple Black'  - Loftrunway","robots":{"index":"index","follow":"follow","max-snippet":"max-snippet:-1","max-image-preview":"max-image-preview:large","max-video-preview":"max-video-preview:-1"},"canonical":"https:\/\/loftrunway.com\/de\/products\/taka-x-one-ok-rock-x-asics-one-triple-black\/","og_locale":"de_DE","og_type":"article","og_title":"Taka x One Ok Rock x ASICS -ONE 'Triple Black'  - Loftrunway","og_description":"ASICS ASICS -ONE \u201d\u201d Black\/Black","og_url":"https:\/\/loftrunway.com\/de\/products\/taka-x-one-ok-rock-x-asics-one-triple-black\/","og_site_name":"loftRUN Sneaker Store","article_modified_time":"2026-04-02T07:40:33+00:00","twitter_card":"summary_large_image","twitter_image":"https:\/\/images.novelship.com\/product\/taka_x_one_ok_rock_x_asics_-one__triple_black__120_0_33048.jpeg","twitter_misc":{"Gesch\u00e4tzte Lesezeit":"1\u00a0Minute"},"schema":{"@context":"https:\/\/schema.org","@graph":[{"@type":"WebPage","@id":"https:\/\/loftrunway.com\/de\/products\/taka-x-one-ok-rock-x-asics-one-triple-black\/","url":"https:\/\/loftrunway.com\/de\/products\/taka-x-one-ok-rock-x-asics-one-triple-black\/","name":"Taka x One Ok Rock x ASICS -ONE 'Triple Black' - Loftrunway","isPartOf":{"@id":"https:\/\/loftrunway.com\/de\/#website"},"primaryImageOfPage":{"@id":"https:\/\/loftrunway.com\/de\/products\/taka-x-one-ok-rock-x-asics-one-triple-black\/#primaryimage"},"image":{"@id":"https:\/\/loftrunway.com\/de\/products\/taka-x-one-ok-rock-x-asics-one-triple-black\/#primaryimage"},"thumbnailUrl":"https:\/\/images.novelship.com\/product\/taka_x_one_ok_rock_x_asics_-one__triple_black__120_0_33048.jpeg","datePublished":"2026-03-02T08:04:41+00:00","dateModified":"2026-04-02T07:40:33+00:00","breadcrumb":{"@id":"https:\/\/loftrunway.com\/de\/products\/taka-x-one-ok-rock-x-asics-one-triple-black\/#breadcrumb"},"inLanguage":"de","potentialAction":[{"@type":"ReadAction","target":["https:\/\/loftrunway.com\/de\/products\/taka-x-one-ok-rock-x-asics-one-triple-black\/"]}]},{"@type":"ImageObject","inLanguage":"de","@id":"https:\/\/loftrunway.com\/de\/products\/taka-x-one-ok-rock-x-asics-one-triple-black\/#primaryimage","url":"https:\/\/images.novelship.com\/product\/taka_x_one_ok_rock_x_asics_-one__triple_black__120_0_33048.jpeg","contentUrl":"https:\/\/images.novelship.com\/product\/taka_x_one_ok_rock_x_asics_-one__triple_black__120_0_33048.jpeg"},{"@type":"BreadcrumbList","@id":"https:\/\/loftrunway.com\/de\/products\/taka-x-one-ok-rock-x-asics-one-triple-black\/#breadcrumb","itemListElement":[{"@type":"ListItem","position":1,"name":"Home","item":"https:\/\/loftrunway.com\/de\/"},{"@type":"ListItem","position":2,"name":"Shop","item":"https:\/\/loftrunway.com\/de\/shop\/"},{"@type":"ListItem","position":3,"name":"Taka x One Ok Rock x ASICS -ONE &#8218;Triple Black&#8216;"}]},{"@type":"WebSite","@id":"https:\/\/loftrunway.com\/de\/#website","url":"https:\/\/loftrunway.com\/de\/","name":"Styloral Jewelry Shop","description":"Der Ort, an dem man alle Arten von Sneakern findet","publisher":{"@id":"https:\/\/loftrunway.com\/de\/#organization"},"potentialAction":[{"@type":"SearchAction","target":{"@type":"EntryPoint","urlTemplate":"https:\/\/loftrunway.com\/de\/?s={search_term_string}"},"query-input":{"@type":"PropertyValueSpecification","valueRequired":true,"valueName":"search_term_string"}}],"inLanguage":"de"},{"@type":"Organization","@id":"https:\/\/loftrunway.com\/de\/#organization","name":"STYLORAL PTE. LTD","url":"https:\/\/loftrunway.com\/de\/","logo":{"@type":"ImageObject","inLanguage":"de","@id":"https:\/\/loftrunway.com\/de\/#\/schema\/logo\/image\/","url":"https:\/\/www.loftrunway.com\/wp-content\/uploads\/2025\/12\/logo.png","contentUrl":"https:\/\/www.loftrunway.com\/wp-content\/uploads\/2025\/12\/logo.png","width":200,"height":65,"caption":"STYLORAL PTE. LTD"},"image":{"@id":"https:\/\/loftrunway.com\/de\/#\/schema\/logo\/image\/"}}]}},"_links":{"self":[{"href":"https:\/\/loftrunway.com\/de\/wp-json\/wp\/v2\/product\/47606","targetHints":{"allow":["GET"]}}],"collection":[{"href":"https:\/\/loftrunway.com\/de\/wp-json\/wp\/v2\/product"}],"about":[{"href":"https:\/\/loftrunway.com\/de\/wp-json\/wp\/v2\/types\/product"}],"replies":[{"embeddable":true,"href":"https:\/\/loftrunway.com\/de\/wp-json\/wp\/v2\/comments?post=47606"}],"wp:featuredmedia":[{"embeddable":true,"href":"https:\/\/loftrunway.com\/de\/wp-json\/wp\/v2\/media\/47607"}],"wp:attachment":[{"href":"https:\/\/loftrunway.com\/de\/wp-json\/wp\/v2\/media?parent=47606"}],"wp:term":[{"taxonomy":"product_brand","embeddable":true,"href":"https:\/\/loftrunway.com\/de\/wp-json\/wp\/v2\/product_brand?post=47606"},{"taxonomy":"product_cat","embeddable":true,"href":"https:\/\/loftrunway.com\/de\/wp-json\/wp\/v2\/product_cat?post=47606"},{"taxonomy":"product_tag","embeddable":true,"href":"https:\/\/loftrunway.com\/de\/wp-json\/wp\/v2\/product_tag?post=47606"}],"curies":[{"name":"wp","href":"https:\/\/api.w.org\/{rel}","templated":true}]}}