{"id":48047,"date":"2026-03-02T15:05:17","date_gmt":"2026-03-02T08:05:17","guid":{"rendered":"http:\/\/loftrunway.com\/product\/women-adidas-sl-72-og-sneakers-preloved-browncore-blackgum"},"modified":"2026-04-02T14:40:49","modified_gmt":"2026-04-02T07:40:49","slug":"women-adidas-sl-72-og-sneakers-preloved-browncore-blackgum","status":"publish","type":"product","link":"https:\/\/loftrunway.com\/de\/products\/women-adidas-sl-72-og-sneakers-preloved-browncore-blackgum\/","title":{"rendered":"(Women) adidas SL 72 OG Sneakers Preloved Brown\/Core Black\/Gum"},"content":{"rendered":"<p>Mit den adidas SL 72 OG Sneakers in Preloved Brown\/Core Black\/Gum verleihst du deinem Streetwear-Style das gewisse Etwas. Dieser zeitlose Klassiker vereint Retro-Charme mit modernem Komfort und ist perfekt f\u00fcr Sneaker-Fans und Trendsetter. Gefertigt aus hochwertigen Materialien, f\u00fcgt sich die elegante Silhouette nahtlos in jedes Outfit ein und sorgt daf\u00fcr, dass du bei jedem Schritt auff\u00e4llst. Die Gummisohle bietet optimale Traktion f\u00fcr den ganzen Tag. Diese Secondhand-Sneakers sind ideal f\u00fcr umweltbewusste Konsumenten und eine nachhaltige Wahl f\u00fcr modebewusste Menschen weltweit.<\/p>\n<ul>\n<li><strong>Farbgebung:<\/strong> Preloved Brown\/Core Black\/Gum<\/li>\n<li><strong>Style-Code:<\/strong> JR1640<\/li>\n<li><strong>Obermaterial:<\/strong> Nylon<\/li>\n<li><strong>Farbe:<\/strong> Schwarz<\/li>\n<\/ul>\n","protected":false},"excerpt":{"rendered":"<p>adidas =MID(B299,FIND(CHAR(160),SUBSTITUTE(B299,&#8220; &#8222;,CHAR(160),2)) + 1,FIND(CHAR(160),SUBSTITUTE(B299,&#8220; &#8222;,CHAR(160),4)) &#8211; 1 &#8211; (FIND(CHAR(160),SUBSTITUTE(B299,&#8220; &#8222;,CHAR(160),2)))) \u201d\u201d Preloved Brown\/Core Black\/Gum<\/p>\n","protected":false},"featured_media":48048,"comment_status":"open","ping_status":"closed","template":"","meta":[],"product_brand":[],"product_cat":[10941,41273],"product_tag":[10917],"class_list":{"0":"post-48047","1":"product","2":"type-product","3":"status-publish","4":"has-post-thumbnail","6":"product_cat-adidas-women","7":"product_cat-remove","8":"product_tag-small-130-usd","9":"wcpa_has_options","11":"first","12":"instock","13":"taxable","14":"shipping-taxable","15":"purchasable","16":"product-type-simple"},"wcpa_form_fields":{"rules":{"pric_overide_base_price":false,"pric_overide_base_price_if_gt_zero":false,"pric_overide_base_price_fully":false,"pric_cal_option_once":false,"pric_use_as_fee":false,"bind_quantity":false,"quantity_bind_formula":false},"fields":[{"type":"color-group","required":true,"elementId":"wcpa-color-group-66c4a7f817afe","label":"Gr\u00f6\u00dfe","inline":true,"priceOptions":"different_for_all","pricingType":"fixed","className":"hassizechart product-shoes-size-eu product-shoes-size","name":"color-group-66c4a7f817b18","disp_type":"square","selection_type":"tick-border","disp_size":"50","show_label_inside":true,"adjust_width":true,"cart_display_type":"text","other_text":"Other","cl_rule":"show","col":6,"values":[{"label":"35","value":"EU 35","price":"","pimage":"","pimage_id":"","pthumb":"","color":""},{"label":"35.5","value":"EU 35.5","price":"","pimage":"","pimage_id":"","pthumb":"","color":""},{"label":"36","value":"EU 36","price":"","pimage":"","pimage_id":"","pthumb":"","color":"","selected":true},{"label":"36 2\/3","value":"EU 36 2\/3","price":"","pimage":"","pimage_id":"","pthumb":"","color":""},{"label":"37 1\/3","value":"EU 37 1\/3","price":"","pimage":"","pimage_id":"","pthumb":"","color":""},{"label":"38","value":"EU 38","price":"","pimage":"","pimage_id":"","pthumb":"","color":""},{"label":"38 2\/3","value":"EU 38 2\/3","price":"","pimage":"","pimage_id":"","pthumb":"","color":""},{"label":"39 1\/3","value":"EU 39 1\/3","price":"","pimage":"","pimage_id":"","pthumb":"","color":""},{"label":"40","value":"EU 40","price":"","pimage":"","pimage_id":"","pthumb":"","color":""},{"label":"40 2\/3","value":"EU 40 2\/3","price":"","pimage":"","pimage_id":"","pthumb":"","color":""},{"label":"41 1\/3","value":"EU 41 1\/3","price":"","pimage":"","pimage_id":"","pthumb":"","color":""},{"label":"42","value":"EU 42","price":"","pimage":"","pimage_id":"","pthumb":"","color":""},{"label":"42 2\/3","value":"EU 42 2\/3","price":"","pimage":"","pimage_id":"","pthumb":"","color":""},{"label":"43 1\/3","value":"EU 43 1\/3","price":"","pimage":"","pimage_id":"","pthumb":"","color":""},{"label":"44","value":"EU 44","price":"","pimage":"","pimage_id":"","pthumb":"","color":""},{"label":"44 2\/3","value":"EU 44 2\/3","price":"","pimage":"","pimage_id":"","pthumb":"","color":""},{"label":"45 1\/3","value":"EU 45 1\/3","price":"","pimage":"","pimage_id":"","pthumb":"","color":""},{"label":"46","value":"EU 46","price":"","pimage":"","pimage_id":"","pthumb":"","color":""},{"label":"46 2\/3","value":"EU 46 2\/3","price":"","pimage":"","pimage_id":"","pthumb":"","color":""},{"label":"47 1\/3","value":"EU 47 1\/3","price":"","pimage":"","pimage_id":"","pthumb":"","color":""}],"relations":[{"operator":false,"rules":[]}],"form_id":24802,"form_rules":{"pric_cal_option_once":false,"exclude_from_discount":false,"pric_use_as_fee":false,"fee_label":"Fee","render_after_acb":false,"disp_hide_options_price":false}}]},"yoast_head":"<!-- This site is optimized with the Yoast SEO plugin v26.5 - https:\/\/yoast.com\/wordpress\/plugins\/seo\/ -->\n<title>(Women) adidas SL 72 OG Sneakers Preloved Brown\/Core Black\/Gum  - Loftrunway<\/title>\n<meta name=\"robots\" content=\"index, follow, max-snippet:-1, max-image-preview:large, max-video-preview:-1\" \/>\n<link rel=\"canonical\" href=\"https:\/\/loftrunway.com\/de\/products\/women-adidas-sl-72-og-sneakers-preloved-browncore-blackgum\/\" \/>\n<meta property=\"og:locale\" content=\"de_DE\" \/>\n<meta property=\"og:type\" content=\"article\" \/>\n<meta property=\"og:title\" content=\"(Women) adidas SL 72 OG Sneakers Preloved Brown\/Core Black\/Gum  - Loftrunway\" \/>\n<meta property=\"og:description\" content=\"adidas =MID(B299,FIND(CHAR(160),SUBSTITUTE(B299,&quot; &quot;,CHAR(160),2)) + 1,FIND(CHAR(160),SUBSTITUTE(B299,&quot; &quot;,CHAR(160),4)) - 1 - (FIND(CHAR(160),SUBSTITUTE(B299,&quot; &quot;,CHAR(160),2)))) \u201d\u201d Preloved Brown\/Core Black\/Gum\" \/>\n<meta property=\"og:url\" content=\"https:\/\/loftrunway.com\/de\/products\/women-adidas-sl-72-og-sneakers-preloved-browncore-blackgum\/\" \/>\n<meta property=\"og:site_name\" content=\"loftRUN Sneaker Store\" \/>\n<meta property=\"article:modified_time\" content=\"2026-04-02T07:40:49+00:00\" \/>\n<meta name=\"twitter:card\" content=\"summary_large_image\" \/>\n<meta name=\"twitter:image\" content=\"https:\/\/images.novelship.com\/product\/adidas_sl_72_og_sneakers_preloved_brown_core_black_0_93019.jpeg\" \/>\n<meta name=\"twitter:label1\" content=\"Gesch\u00e4tzte Lesezeit\" \/>\n\t<meta name=\"twitter:data1\" content=\"1\u00a0Minute\" \/>\n<script type=\"application\/ld+json\" class=\"yoast-schema-graph\">{\"@context\":\"https:\/\/schema.org\",\"@graph\":[{\"@type\":\"WebPage\",\"@id\":\"https:\/\/loftrunway.com\/de\/products\/women-adidas-sl-72-og-sneakers-preloved-browncore-blackgum\/\",\"url\":\"https:\/\/loftrunway.com\/de\/products\/women-adidas-sl-72-og-sneakers-preloved-browncore-blackgum\/\",\"name\":\"(Women) adidas SL 72 OG Sneakers Preloved Brown\/Core Black\/Gum - Loftrunway\",\"isPartOf\":{\"@id\":\"https:\/\/loftrunway.com\/de\/#website\"},\"primaryImageOfPage\":{\"@id\":\"https:\/\/loftrunway.com\/de\/products\/women-adidas-sl-72-og-sneakers-preloved-browncore-blackgum\/#primaryimage\"},\"image\":{\"@id\":\"https:\/\/loftrunway.com\/de\/products\/women-adidas-sl-72-og-sneakers-preloved-browncore-blackgum\/#primaryimage\"},\"thumbnailUrl\":\"https:\/\/images.novelship.com\/product\/adidas_sl_72_og_sneakers_preloved_brown_core_black_0_93019.jpeg\",\"datePublished\":\"2026-03-02T08:05:17+00:00\",\"dateModified\":\"2026-04-02T07:40:49+00:00\",\"breadcrumb\":{\"@id\":\"https:\/\/loftrunway.com\/de\/products\/women-adidas-sl-72-og-sneakers-preloved-browncore-blackgum\/#breadcrumb\"},\"inLanguage\":\"de\",\"potentialAction\":[{\"@type\":\"ReadAction\",\"target\":[\"https:\/\/loftrunway.com\/de\/products\/women-adidas-sl-72-og-sneakers-preloved-browncore-blackgum\/\"]}]},{\"@type\":\"ImageObject\",\"inLanguage\":\"de\",\"@id\":\"https:\/\/loftrunway.com\/de\/products\/women-adidas-sl-72-og-sneakers-preloved-browncore-blackgum\/#primaryimage\",\"url\":\"https:\/\/images.novelship.com\/product\/adidas_sl_72_og_sneakers_preloved_brown_core_black_0_93019.jpeg\",\"contentUrl\":\"https:\/\/images.novelship.com\/product\/adidas_sl_72_og_sneakers_preloved_brown_core_black_0_93019.jpeg\"},{\"@type\":\"BreadcrumbList\",\"@id\":\"https:\/\/loftrunway.com\/de\/products\/women-adidas-sl-72-og-sneakers-preloved-browncore-blackgum\/#breadcrumb\",\"itemListElement\":[{\"@type\":\"ListItem\",\"position\":1,\"name\":\"Home\",\"item\":\"https:\/\/loftrunway.com\/de\/\"},{\"@type\":\"ListItem\",\"position\":2,\"name\":\"Shop\",\"item\":\"https:\/\/loftrunway.com\/de\/shop\/\"},{\"@type\":\"ListItem\",\"position\":3,\"name\":\"(Women) adidas SL 72 OG Sneakers Preloved Brown\/Core Black\/Gum\"}]},{\"@type\":\"WebSite\",\"@id\":\"https:\/\/loftrunway.com\/de\/#website\",\"url\":\"https:\/\/loftrunway.com\/de\/\",\"name\":\"Styloral Jewelry Shop\",\"description\":\"Der Ort, an dem man alle Arten von Sneakern findet\",\"publisher\":{\"@id\":\"https:\/\/loftrunway.com\/de\/#organization\"},\"potentialAction\":[{\"@type\":\"SearchAction\",\"target\":{\"@type\":\"EntryPoint\",\"urlTemplate\":\"https:\/\/loftrunway.com\/de\/?s={search_term_string}\"},\"query-input\":{\"@type\":\"PropertyValueSpecification\",\"valueRequired\":true,\"valueName\":\"search_term_string\"}}],\"inLanguage\":\"de\"},{\"@type\":\"Organization\",\"@id\":\"https:\/\/loftrunway.com\/de\/#organization\",\"name\":\"STYLORAL PTE. LTD\",\"url\":\"https:\/\/loftrunway.com\/de\/\",\"logo\":{\"@type\":\"ImageObject\",\"inLanguage\":\"de\",\"@id\":\"https:\/\/loftrunway.com\/de\/#\/schema\/logo\/image\/\",\"url\":\"https:\/\/www.loftrunway.com\/wp-content\/uploads\/2025\/12\/logo.png\",\"contentUrl\":\"https:\/\/www.loftrunway.com\/wp-content\/uploads\/2025\/12\/logo.png\",\"width\":200,\"height\":65,\"caption\":\"STYLORAL PTE. LTD\"},\"image\":{\"@id\":\"https:\/\/loftrunway.com\/de\/#\/schema\/logo\/image\/\"}}]}<\/script>\n<!-- \/ Yoast SEO plugin. -->","yoast_head_json":{"title":"(Women) adidas SL 72 OG Sneakers Preloved Brown\/Core Black\/Gum  - Loftrunway","robots":{"index":"index","follow":"follow","max-snippet":"max-snippet:-1","max-image-preview":"max-image-preview:large","max-video-preview":"max-video-preview:-1"},"canonical":"https:\/\/loftrunway.com\/de\/products\/women-adidas-sl-72-og-sneakers-preloved-browncore-blackgum\/","og_locale":"de_DE","og_type":"article","og_title":"(Women) adidas SL 72 OG Sneakers Preloved Brown\/Core Black\/Gum  - Loftrunway","og_description":"adidas =MID(B299,FIND(CHAR(160),SUBSTITUTE(B299,\" \",CHAR(160),2)) + 1,FIND(CHAR(160),SUBSTITUTE(B299,\" \",CHAR(160),4)) - 1 - (FIND(CHAR(160),SUBSTITUTE(B299,\" \",CHAR(160),2)))) \u201d\u201d Preloved Brown\/Core Black\/Gum","og_url":"https:\/\/loftrunway.com\/de\/products\/women-adidas-sl-72-og-sneakers-preloved-browncore-blackgum\/","og_site_name":"loftRUN Sneaker Store","article_modified_time":"2026-04-02T07:40:49+00:00","twitter_card":"summary_large_image","twitter_image":"https:\/\/images.novelship.com\/product\/adidas_sl_72_og_sneakers_preloved_brown_core_black_0_93019.jpeg","twitter_misc":{"Gesch\u00e4tzte Lesezeit":"1\u00a0Minute"},"schema":{"@context":"https:\/\/schema.org","@graph":[{"@type":"WebPage","@id":"https:\/\/loftrunway.com\/de\/products\/women-adidas-sl-72-og-sneakers-preloved-browncore-blackgum\/","url":"https:\/\/loftrunway.com\/de\/products\/women-adidas-sl-72-og-sneakers-preloved-browncore-blackgum\/","name":"(Women) adidas SL 72 OG Sneakers Preloved Brown\/Core Black\/Gum - Loftrunway","isPartOf":{"@id":"https:\/\/loftrunway.com\/de\/#website"},"primaryImageOfPage":{"@id":"https:\/\/loftrunway.com\/de\/products\/women-adidas-sl-72-og-sneakers-preloved-browncore-blackgum\/#primaryimage"},"image":{"@id":"https:\/\/loftrunway.com\/de\/products\/women-adidas-sl-72-og-sneakers-preloved-browncore-blackgum\/#primaryimage"},"thumbnailUrl":"https:\/\/images.novelship.com\/product\/adidas_sl_72_og_sneakers_preloved_brown_core_black_0_93019.jpeg","datePublished":"2026-03-02T08:05:17+00:00","dateModified":"2026-04-02T07:40:49+00:00","breadcrumb":{"@id":"https:\/\/loftrunway.com\/de\/products\/women-adidas-sl-72-og-sneakers-preloved-browncore-blackgum\/#breadcrumb"},"inLanguage":"de","potentialAction":[{"@type":"ReadAction","target":["https:\/\/loftrunway.com\/de\/products\/women-adidas-sl-72-og-sneakers-preloved-browncore-blackgum\/"]}]},{"@type":"ImageObject","inLanguage":"de","@id":"https:\/\/loftrunway.com\/de\/products\/women-adidas-sl-72-og-sneakers-preloved-browncore-blackgum\/#primaryimage","url":"https:\/\/images.novelship.com\/product\/adidas_sl_72_og_sneakers_preloved_brown_core_black_0_93019.jpeg","contentUrl":"https:\/\/images.novelship.com\/product\/adidas_sl_72_og_sneakers_preloved_brown_core_black_0_93019.jpeg"},{"@type":"BreadcrumbList","@id":"https:\/\/loftrunway.com\/de\/products\/women-adidas-sl-72-og-sneakers-preloved-browncore-blackgum\/#breadcrumb","itemListElement":[{"@type":"ListItem","position":1,"name":"Home","item":"https:\/\/loftrunway.com\/de\/"},{"@type":"ListItem","position":2,"name":"Shop","item":"https:\/\/loftrunway.com\/de\/shop\/"},{"@type":"ListItem","position":3,"name":"(Women) adidas SL 72 OG Sneakers Preloved Brown\/Core Black\/Gum"}]},{"@type":"WebSite","@id":"https:\/\/loftrunway.com\/de\/#website","url":"https:\/\/loftrunway.com\/de\/","name":"Styloral Jewelry Shop","description":"Der Ort, an dem man alle Arten von Sneakern findet","publisher":{"@id":"https:\/\/loftrunway.com\/de\/#organization"},"potentialAction":[{"@type":"SearchAction","target":{"@type":"EntryPoint","urlTemplate":"https:\/\/loftrunway.com\/de\/?s={search_term_string}"},"query-input":{"@type":"PropertyValueSpecification","valueRequired":true,"valueName":"search_term_string"}}],"inLanguage":"de"},{"@type":"Organization","@id":"https:\/\/loftrunway.com\/de\/#organization","name":"STYLORAL PTE. LTD","url":"https:\/\/loftrunway.com\/de\/","logo":{"@type":"ImageObject","inLanguage":"de","@id":"https:\/\/loftrunway.com\/de\/#\/schema\/logo\/image\/","url":"https:\/\/www.loftrunway.com\/wp-content\/uploads\/2025\/12\/logo.png","contentUrl":"https:\/\/www.loftrunway.com\/wp-content\/uploads\/2025\/12\/logo.png","width":200,"height":65,"caption":"STYLORAL PTE. LTD"},"image":{"@id":"https:\/\/loftrunway.com\/de\/#\/schema\/logo\/image\/"}}]}},"_links":{"self":[{"href":"https:\/\/loftrunway.com\/de\/wp-json\/wp\/v2\/product\/48047","targetHints":{"allow":["GET"]}}],"collection":[{"href":"https:\/\/loftrunway.com\/de\/wp-json\/wp\/v2\/product"}],"about":[{"href":"https:\/\/loftrunway.com\/de\/wp-json\/wp\/v2\/types\/product"}],"replies":[{"embeddable":true,"href":"https:\/\/loftrunway.com\/de\/wp-json\/wp\/v2\/comments?post=48047"}],"wp:featuredmedia":[{"embeddable":true,"href":"https:\/\/loftrunway.com\/de\/wp-json\/wp\/v2\/media\/48048"}],"wp:attachment":[{"href":"https:\/\/loftrunway.com\/de\/wp-json\/wp\/v2\/media?parent=48047"}],"wp:term":[{"taxonomy":"product_brand","embeddable":true,"href":"https:\/\/loftrunway.com\/de\/wp-json\/wp\/v2\/product_brand?post=48047"},{"taxonomy":"product_cat","embeddable":true,"href":"https:\/\/loftrunway.com\/de\/wp-json\/wp\/v2\/product_cat?post=48047"},{"taxonomy":"product_tag","embeddable":true,"href":"https:\/\/loftrunway.com\/de\/wp-json\/wp\/v2\/product_tag?post=48047"}],"curies":[{"name":"wp","href":"https:\/\/api.w.org\/{rel}","templated":true}]}}