{"id":48216,"date":"2026-03-02T15:05:32","date_gmt":"2026-03-02T08:05:32","guid":{"rendered":"http:\/\/loftrunway.com\/product\/cp-company-x-adidas-wimberly-spzl-sand-bliss"},"modified":"2026-04-02T14:40:53","modified_gmt":"2026-04-02T07:40:53","slug":"cp-company-x-adidas-wimberly-spzl-sand-bliss","status":"publish","type":"product","link":"https:\/\/loftrunway.com\/de\/products\/cp-company-x-adidas-wimberly-spzl-sand-bliss\/","title":{"rendered":"C.P. Company x adidas Wimberly SPZL &#8218;Sand Bliss&#8216;"},"content":{"rendered":"<p>Der C.P. Company x adidas Wimberly SPZL \u201eSand Bliss\u201c IH3299 ist eine moderne Fusion aus Tradition und Innovation. Er vereint die ikonische Streetwear-\u00c4sthetik von C.P. Company mit dem von Archiven inspirierten Designethos von adidas Spezial. Diese exklusive Kollaboration besticht durch ein hochwertiges, sandfarbenes Wildleder-Obermaterial, dezente Co-Branding-Elemente und funktionale Details, die urbanen Tragekomfort und zeitlosen Stil perfekt vereinen. Die elegante Silhouette wird durch eine leichte Gummisohle f\u00fcr optimalen Grip und Komfort abgerundet und macht den Schuh gleicherma\u00dfen vielseitig \u201d\u201c ob im Alltag oder in trendigen Kollektionen. Dieser Schuh in limitierter Auflage wurde f\u00fcr Sneaker-Liebhaber weltweit entworfen, die Wert auf Handwerkskunst, Authentizit\u00e4t und dezenten Luxus legen. Er definiert die Sneaker-Kultur neu, indem er klassische Designeinfl\u00fcsse w\u00fcrdigt und gleichzeitig modernen Anspr\u00fcchen gerecht wird.<\/p>\n<ul>\n<li><strong>Farbgebung:<\/strong> Sand\/Cloud White\/Bliss<\/li>\n<li><strong>Style-Code:<\/strong> IH3299<\/li>\n<li><strong>Obermaterial:<\/strong> Wildleder<\/li>\n<li><strong>Farbe:<\/strong> Braun<\/li>\n<li><strong>Saison:<\/strong> Herbst<\/li>\n<li><strong>Erscheinungsjahr:<\/strong> 2024<\/li>\n<\/ul>\n","protected":false},"excerpt":{"rendered":"<p>adidas Spezial Wimberly \u201d\u201d Sand\/Cloud White\/Bliss<\/p>\n","protected":false},"featured_media":48217,"comment_status":"open","ping_status":"closed","template":"","meta":[],"product_brand":[],"product_cat":[10760,41273],"product_tag":[10759,10750,10754,11460],"class_list":{"0":"post-48216","1":"product","2":"type-product","3":"status-publish","4":"has-post-thumbnail","6":"product_cat-adidas","7":"product_cat-remove","8":"product_tag-adidas","9":"product_tag-athleisure-shoes","10":"product_tag-lifestyle-casual-shoes","11":"product_tag-lifestyle-shoes-casual","12":"wcpa_has_options","14":"first","15":"instock","16":"taxable","17":"shipping-taxable","18":"purchasable","19":"product-type-simple"},"wcpa_form_fields":{"rules":{"pric_overide_base_price":false,"pric_overide_base_price_if_gt_zero":false,"pric_overide_base_price_fully":false,"pric_cal_option_once":false,"pric_use_as_fee":false,"bind_quantity":false,"quantity_bind_formula":false},"fields":[{"type":"color-group","required":true,"elementId":"wcpa-color-group-66c4a7f817afe","label":"Gr\u00f6\u00dfe","inline":true,"priceOptions":"different_for_all","pricingType":"fixed","className":"hassizechart product-shoes-size-eu product-shoes-size","name":"color-group-66c4a7f817b18","disp_type":"square","selection_type":"tick-border","disp_size":"50","show_label_inside":true,"adjust_width":true,"cart_display_type":"text","other_text":"Other","cl_rule":"show","col":6,"values":[{"label":"35","value":"EU 35","price":"","pimage":"","pimage_id":"","pthumb":"","color":""},{"label":"35.5","value":"EU 35.5","price":"","pimage":"","pimage_id":"","pthumb":"","color":""},{"label":"36","value":"EU 36","price":"","pimage":"","pimage_id":"","pthumb":"","color":"","selected":true},{"label":"36 2\/3","value":"EU 36 2\/3","price":"","pimage":"","pimage_id":"","pthumb":"","color":""},{"label":"37 1\/3","value":"EU 37 1\/3","price":"","pimage":"","pimage_id":"","pthumb":"","color":""},{"label":"38","value":"EU 38","price":"","pimage":"","pimage_id":"","pthumb":"","color":""},{"label":"38 2\/3","value":"EU 38 2\/3","price":"","pimage":"","pimage_id":"","pthumb":"","color":""},{"label":"39 1\/3","value":"EU 39 1\/3","price":"","pimage":"","pimage_id":"","pthumb":"","color":""},{"label":"40","value":"EU 40","price":"","pimage":"","pimage_id":"","pthumb":"","color":""},{"label":"40 2\/3","value":"EU 40 2\/3","price":"","pimage":"","pimage_id":"","pthumb":"","color":""},{"label":"41 1\/3","value":"EU 41 1\/3","price":"","pimage":"","pimage_id":"","pthumb":"","color":""},{"label":"42","value":"EU 42","price":"","pimage":"","pimage_id":"","pthumb":"","color":""},{"label":"42 2\/3","value":"EU 42 2\/3","price":"","pimage":"","pimage_id":"","pthumb":"","color":""},{"label":"43 1\/3","value":"EU 43 1\/3","price":"","pimage":"","pimage_id":"","pthumb":"","color":""},{"label":"44","value":"EU 44","price":"","pimage":"","pimage_id":"","pthumb":"","color":""},{"label":"44 2\/3","value":"EU 44 2\/3","price":"","pimage":"","pimage_id":"","pthumb":"","color":""},{"label":"45 1\/3","value":"EU 45 1\/3","price":"","pimage":"","pimage_id":"","pthumb":"","color":""},{"label":"46","value":"EU 46","price":"","pimage":"","pimage_id":"","pthumb":"","color":""},{"label":"46 2\/3","value":"EU 46 2\/3","price":"","pimage":"","pimage_id":"","pthumb":"","color":""},{"label":"47 1\/3","value":"EU 47 1\/3","price":"","pimage":"","pimage_id":"","pthumb":"","color":""}],"relations":[{"operator":false,"rules":[]}],"form_id":24802,"form_rules":{"pric_cal_option_once":false,"exclude_from_discount":false,"pric_use_as_fee":false,"fee_label":"Fee","render_after_acb":false,"disp_hide_options_price":false}}]},"yoast_head":"<!-- This site is optimized with the Yoast SEO plugin v26.5 - https:\/\/yoast.com\/wordpress\/plugins\/seo\/ -->\n<title>C.P. Company x adidas Wimberly SPZL &#039;Sand Bliss&#039;  - Loftrunway<\/title>\n<meta name=\"robots\" content=\"index, follow, max-snippet:-1, max-image-preview:large, max-video-preview:-1\" \/>\n<link rel=\"canonical\" href=\"https:\/\/loftrunway.com\/de\/products\/cp-company-x-adidas-wimberly-spzl-sand-bliss\/\" \/>\n<meta property=\"og:locale\" content=\"de_DE\" \/>\n<meta property=\"og:type\" content=\"article\" \/>\n<meta property=\"og:title\" content=\"C.P. Company x adidas Wimberly SPZL &#039;Sand Bliss&#039;  - Loftrunway\" \/>\n<meta property=\"og:description\" content=\"adidas Spezial Wimberly \u201d\u201d Sand\/Cloud White\/Bliss\" \/>\n<meta property=\"og:url\" content=\"https:\/\/loftrunway.com\/de\/products\/cp-company-x-adidas-wimberly-spzl-sand-bliss\/\" \/>\n<meta property=\"og:site_name\" content=\"loftRUN Sneaker Store\" \/>\n<meta property=\"article:modified_time\" content=\"2026-04-02T07:40:53+00:00\" \/>\n<meta name=\"twitter:card\" content=\"summary_large_image\" \/>\n<meta name=\"twitter:image\" content=\"https:\/\/images.novelship.com\/product\/c_p__company_x_adidas_wimberly_spzl__sand_bliss__i_0_29442.jpeg\" \/>\n<meta name=\"twitter:label1\" content=\"Gesch\u00e4tzte Lesezeit\" \/>\n\t<meta name=\"twitter:data1\" content=\"1\u00a0Minute\" \/>\n<script type=\"application\/ld+json\" class=\"yoast-schema-graph\">{\"@context\":\"https:\/\/schema.org\",\"@graph\":[{\"@type\":\"WebPage\",\"@id\":\"https:\/\/loftrunway.com\/de\/products\/cp-company-x-adidas-wimberly-spzl-sand-bliss\/\",\"url\":\"https:\/\/loftrunway.com\/de\/products\/cp-company-x-adidas-wimberly-spzl-sand-bliss\/\",\"name\":\"C.P. Company x adidas Wimberly SPZL 'Sand Bliss' - Loftrunway\",\"isPartOf\":{\"@id\":\"https:\/\/loftrunway.com\/de\/#website\"},\"primaryImageOfPage\":{\"@id\":\"https:\/\/loftrunway.com\/de\/products\/cp-company-x-adidas-wimberly-spzl-sand-bliss\/#primaryimage\"},\"image\":{\"@id\":\"https:\/\/loftrunway.com\/de\/products\/cp-company-x-adidas-wimberly-spzl-sand-bliss\/#primaryimage\"},\"thumbnailUrl\":\"https:\/\/images.novelship.com\/product\/c_p__company_x_adidas_wimberly_spzl__sand_bliss__i_0_29442.jpeg\",\"datePublished\":\"2026-03-02T08:05:32+00:00\",\"dateModified\":\"2026-04-02T07:40:53+00:00\",\"breadcrumb\":{\"@id\":\"https:\/\/loftrunway.com\/de\/products\/cp-company-x-adidas-wimberly-spzl-sand-bliss\/#breadcrumb\"},\"inLanguage\":\"de\",\"potentialAction\":[{\"@type\":\"ReadAction\",\"target\":[\"https:\/\/loftrunway.com\/de\/products\/cp-company-x-adidas-wimberly-spzl-sand-bliss\/\"]}]},{\"@type\":\"ImageObject\",\"inLanguage\":\"de\",\"@id\":\"https:\/\/loftrunway.com\/de\/products\/cp-company-x-adidas-wimberly-spzl-sand-bliss\/#primaryimage\",\"url\":\"https:\/\/images.novelship.com\/product\/c_p__company_x_adidas_wimberly_spzl__sand_bliss__i_0_29442.jpeg\",\"contentUrl\":\"https:\/\/images.novelship.com\/product\/c_p__company_x_adidas_wimberly_spzl__sand_bliss__i_0_29442.jpeg\"},{\"@type\":\"BreadcrumbList\",\"@id\":\"https:\/\/loftrunway.com\/de\/products\/cp-company-x-adidas-wimberly-spzl-sand-bliss\/#breadcrumb\",\"itemListElement\":[{\"@type\":\"ListItem\",\"position\":1,\"name\":\"Home\",\"item\":\"https:\/\/loftrunway.com\/de\/\"},{\"@type\":\"ListItem\",\"position\":2,\"name\":\"Shop\",\"item\":\"https:\/\/loftrunway.com\/de\/shop\/\"},{\"@type\":\"ListItem\",\"position\":3,\"name\":\"C.P. Company x adidas Wimberly SPZL &#8218;Sand Bliss&#8216;\"}]},{\"@type\":\"WebSite\",\"@id\":\"https:\/\/loftrunway.com\/de\/#website\",\"url\":\"https:\/\/loftrunway.com\/de\/\",\"name\":\"Styloral Jewelry Shop\",\"description\":\"Der Ort, an dem man alle Arten von Sneakern findet\",\"publisher\":{\"@id\":\"https:\/\/loftrunway.com\/de\/#organization\"},\"potentialAction\":[{\"@type\":\"SearchAction\",\"target\":{\"@type\":\"EntryPoint\",\"urlTemplate\":\"https:\/\/loftrunway.com\/de\/?s={search_term_string}\"},\"query-input\":{\"@type\":\"PropertyValueSpecification\",\"valueRequired\":true,\"valueName\":\"search_term_string\"}}],\"inLanguage\":\"de\"},{\"@type\":\"Organization\",\"@id\":\"https:\/\/loftrunway.com\/de\/#organization\",\"name\":\"STYLORAL PTE. LTD\",\"url\":\"https:\/\/loftrunway.com\/de\/\",\"logo\":{\"@type\":\"ImageObject\",\"inLanguage\":\"de\",\"@id\":\"https:\/\/loftrunway.com\/de\/#\/schema\/logo\/image\/\",\"url\":\"https:\/\/www.loftrunway.com\/wp-content\/uploads\/2025\/12\/logo.png\",\"contentUrl\":\"https:\/\/www.loftrunway.com\/wp-content\/uploads\/2025\/12\/logo.png\",\"width\":200,\"height\":65,\"caption\":\"STYLORAL PTE. LTD\"},\"image\":{\"@id\":\"https:\/\/loftrunway.com\/de\/#\/schema\/logo\/image\/\"}}]}<\/script>\n<!-- \/ Yoast SEO plugin. -->","yoast_head_json":{"title":"C.P. Company x adidas Wimberly SPZL 'Sand Bliss'  - Loftrunway","robots":{"index":"index","follow":"follow","max-snippet":"max-snippet:-1","max-image-preview":"max-image-preview:large","max-video-preview":"max-video-preview:-1"},"canonical":"https:\/\/loftrunway.com\/de\/products\/cp-company-x-adidas-wimberly-spzl-sand-bliss\/","og_locale":"de_DE","og_type":"article","og_title":"C.P. Company x adidas Wimberly SPZL 'Sand Bliss'  - Loftrunway","og_description":"adidas Spezial Wimberly \u201d\u201d Sand\/Cloud White\/Bliss","og_url":"https:\/\/loftrunway.com\/de\/products\/cp-company-x-adidas-wimberly-spzl-sand-bliss\/","og_site_name":"loftRUN Sneaker Store","article_modified_time":"2026-04-02T07:40:53+00:00","twitter_card":"summary_large_image","twitter_image":"https:\/\/images.novelship.com\/product\/c_p__company_x_adidas_wimberly_spzl__sand_bliss__i_0_29442.jpeg","twitter_misc":{"Gesch\u00e4tzte Lesezeit":"1\u00a0Minute"},"schema":{"@context":"https:\/\/schema.org","@graph":[{"@type":"WebPage","@id":"https:\/\/loftrunway.com\/de\/products\/cp-company-x-adidas-wimberly-spzl-sand-bliss\/","url":"https:\/\/loftrunway.com\/de\/products\/cp-company-x-adidas-wimberly-spzl-sand-bliss\/","name":"C.P. Company x adidas Wimberly SPZL 'Sand Bliss' - Loftrunway","isPartOf":{"@id":"https:\/\/loftrunway.com\/de\/#website"},"primaryImageOfPage":{"@id":"https:\/\/loftrunway.com\/de\/products\/cp-company-x-adidas-wimberly-spzl-sand-bliss\/#primaryimage"},"image":{"@id":"https:\/\/loftrunway.com\/de\/products\/cp-company-x-adidas-wimberly-spzl-sand-bliss\/#primaryimage"},"thumbnailUrl":"https:\/\/images.novelship.com\/product\/c_p__company_x_adidas_wimberly_spzl__sand_bliss__i_0_29442.jpeg","datePublished":"2026-03-02T08:05:32+00:00","dateModified":"2026-04-02T07:40:53+00:00","breadcrumb":{"@id":"https:\/\/loftrunway.com\/de\/products\/cp-company-x-adidas-wimberly-spzl-sand-bliss\/#breadcrumb"},"inLanguage":"de","potentialAction":[{"@type":"ReadAction","target":["https:\/\/loftrunway.com\/de\/products\/cp-company-x-adidas-wimberly-spzl-sand-bliss\/"]}]},{"@type":"ImageObject","inLanguage":"de","@id":"https:\/\/loftrunway.com\/de\/products\/cp-company-x-adidas-wimberly-spzl-sand-bliss\/#primaryimage","url":"https:\/\/images.novelship.com\/product\/c_p__company_x_adidas_wimberly_spzl__sand_bliss__i_0_29442.jpeg","contentUrl":"https:\/\/images.novelship.com\/product\/c_p__company_x_adidas_wimberly_spzl__sand_bliss__i_0_29442.jpeg"},{"@type":"BreadcrumbList","@id":"https:\/\/loftrunway.com\/de\/products\/cp-company-x-adidas-wimberly-spzl-sand-bliss\/#breadcrumb","itemListElement":[{"@type":"ListItem","position":1,"name":"Home","item":"https:\/\/loftrunway.com\/de\/"},{"@type":"ListItem","position":2,"name":"Shop","item":"https:\/\/loftrunway.com\/de\/shop\/"},{"@type":"ListItem","position":3,"name":"C.P. Company x adidas Wimberly SPZL &#8218;Sand Bliss&#8216;"}]},{"@type":"WebSite","@id":"https:\/\/loftrunway.com\/de\/#website","url":"https:\/\/loftrunway.com\/de\/","name":"Styloral Jewelry Shop","description":"Der Ort, an dem man alle Arten von Sneakern findet","publisher":{"@id":"https:\/\/loftrunway.com\/de\/#organization"},"potentialAction":[{"@type":"SearchAction","target":{"@type":"EntryPoint","urlTemplate":"https:\/\/loftrunway.com\/de\/?s={search_term_string}"},"query-input":{"@type":"PropertyValueSpecification","valueRequired":true,"valueName":"search_term_string"}}],"inLanguage":"de"},{"@type":"Organization","@id":"https:\/\/loftrunway.com\/de\/#organization","name":"STYLORAL PTE. LTD","url":"https:\/\/loftrunway.com\/de\/","logo":{"@type":"ImageObject","inLanguage":"de","@id":"https:\/\/loftrunway.com\/de\/#\/schema\/logo\/image\/","url":"https:\/\/www.loftrunway.com\/wp-content\/uploads\/2025\/12\/logo.png","contentUrl":"https:\/\/www.loftrunway.com\/wp-content\/uploads\/2025\/12\/logo.png","width":200,"height":65,"caption":"STYLORAL PTE. LTD"},"image":{"@id":"https:\/\/loftrunway.com\/de\/#\/schema\/logo\/image\/"}}]}},"_links":{"self":[{"href":"https:\/\/loftrunway.com\/de\/wp-json\/wp\/v2\/product\/48216","targetHints":{"allow":["GET"]}}],"collection":[{"href":"https:\/\/loftrunway.com\/de\/wp-json\/wp\/v2\/product"}],"about":[{"href":"https:\/\/loftrunway.com\/de\/wp-json\/wp\/v2\/types\/product"}],"replies":[{"embeddable":true,"href":"https:\/\/loftrunway.com\/de\/wp-json\/wp\/v2\/comments?post=48216"}],"wp:featuredmedia":[{"embeddable":true,"href":"https:\/\/loftrunway.com\/de\/wp-json\/wp\/v2\/media\/48217"}],"wp:attachment":[{"href":"https:\/\/loftrunway.com\/de\/wp-json\/wp\/v2\/media?parent=48216"}],"wp:term":[{"taxonomy":"product_brand","embeddable":true,"href":"https:\/\/loftrunway.com\/de\/wp-json\/wp\/v2\/product_brand?post=48216"},{"taxonomy":"product_cat","embeddable":true,"href":"https:\/\/loftrunway.com\/de\/wp-json\/wp\/v2\/product_cat?post=48216"},{"taxonomy":"product_tag","embeddable":true,"href":"https:\/\/loftrunway.com\/de\/wp-json\/wp\/v2\/product_tag?post=48216"}],"curies":[{"name":"wp","href":"https:\/\/api.w.org\/{rel}","templated":true}]}}