{"id":50164,"date":"2026-03-02T15:08:15","date_gmt":"2026-03-02T08:08:15","guid":{"rendered":"http:\/\/loftrunway.com\/product\/melting-sadness-x-adidas-nizza-high-dl-bee-with-youcore-black"},"modified":"2026-04-02T14:41:53","modified_gmt":"2026-04-02T07:41:53","slug":"melting-sadness-x-adidas-nizza-high-dl-bee-with-youcore-black","status":"publish","type":"product","link":"https:\/\/loftrunway.com\/de\/products\/melting-sadness-x-adidas-nizza-high-dl-bee-with-youcore-black\/","title":{"rendered":"Melting Sadness x adidas Nizza High DL &#8218;Bee With You &#8211; Core Black&#8216;"},"content":{"rendered":"<p>Wir pr\u00e4sentieren den Melting Sadness x adidas Nizza High DL \u201eBee With You\u201c \u201d\u201c einen faszinierenden Sneaker, der Streetstyle mit verspielter Eleganz vereint. Sein schlichtes, schwarzes Obermaterial ist mit einer verspielten Bienenstickerei verziert, die einen charmanten und zugleich coolen Kontrast erzeugt. Das weiche Wildleder sorgt f\u00fcr au\u00dfergew\u00f6hnlichen Tragekomfort, w\u00e4hrend die strapazierf\u00e4hige Gummisohle f\u00fcr lange Haltbarkeit garantiert. Erleben Sie die perfekte Kombination aus Style und Funktionalit\u00e4t mit diesem limitierten Meisterwerk voller Originalit\u00e4t.<\/p>\n<p>Farbgebung: Schwarz\/Blau\/Gr\u00fcn<br \/>\nArtikelnummer: GZ2663<br \/>\nObermaterial: Canvas<br \/>\nFarbe: Schwarz<br \/>\nSaison: Ganzj\u00e4hrig<\/p>\n<p>Farbe: Schwarz<\/p>\n","protected":false},"excerpt":{"rendered":"<p>adidas Nizza High \u201d\u201d Black\/Blue\/Green<\/p>\n","protected":false},"featured_media":50165,"comment_status":"open","ping_status":"closed","template":"","meta":[],"product_brand":[],"product_cat":[10760,41273],"product_tag":[10759,10749,10750,10753,10754,11460,10756,10758],"class_list":{"0":"post-50164","1":"product","2":"type-product","3":"status-publish","4":"has-post-thumbnail","6":"product_cat-adidas","7":"product_cat-remove","8":"product_tag-adidas","9":"product_tag-adidas-skateboarding-shoes","10":"product_tag-athleisure-shoes","11":"product_tag-gift-for-him","12":"product_tag-lifestyle-casual-shoes","13":"product_tag-lifestyle-shoes-casual","14":"product_tag-retro-casual-shoes","15":"product_tag-under-retail","16":"wcpa_has_options","18":"first","19":"instock","20":"taxable","21":"shipping-taxable","22":"purchasable","23":"product-type-simple"},"wcpa_form_fields":{"rules":{"pric_overide_base_price":false,"pric_overide_base_price_if_gt_zero":false,"pric_overide_base_price_fully":false,"pric_cal_option_once":false,"pric_use_as_fee":false,"bind_quantity":false,"quantity_bind_formula":false},"fields":[{"type":"color-group","required":true,"elementId":"wcpa-color-group-66c4a7f817afe","label":"Gr\u00f6\u00dfe","inline":true,"priceOptions":"different_for_all","pricingType":"fixed","className":"hassizechart product-shoes-size-eu product-shoes-size","name":"color-group-66c4a7f817b18","disp_type":"square","selection_type":"tick-border","disp_size":"50","show_label_inside":true,"adjust_width":true,"cart_display_type":"text","other_text":"Other","cl_rule":"show","col":6,"values":[{"label":"35","value":"EU 35","price":"","pimage":"","pimage_id":"","pthumb":"","color":""},{"label":"35.5","value":"EU 35.5","price":"","pimage":"","pimage_id":"","pthumb":"","color":""},{"label":"36","value":"EU 36","price":"","pimage":"","pimage_id":"","pthumb":"","color":"","selected":true},{"label":"36 2\/3","value":"EU 36 2\/3","price":"","pimage":"","pimage_id":"","pthumb":"","color":""},{"label":"37 1\/3","value":"EU 37 1\/3","price":"","pimage":"","pimage_id":"","pthumb":"","color":""},{"label":"38","value":"EU 38","price":"","pimage":"","pimage_id":"","pthumb":"","color":""},{"label":"38 2\/3","value":"EU 38 2\/3","price":"","pimage":"","pimage_id":"","pthumb":"","color":""},{"label":"39 1\/3","value":"EU 39 1\/3","price":"","pimage":"","pimage_id":"","pthumb":"","color":""},{"label":"40","value":"EU 40","price":"","pimage":"","pimage_id":"","pthumb":"","color":""},{"label":"40 2\/3","value":"EU 40 2\/3","price":"","pimage":"","pimage_id":"","pthumb":"","color":""},{"label":"41 1\/3","value":"EU 41 1\/3","price":"","pimage":"","pimage_id":"","pthumb":"","color":""},{"label":"42","value":"EU 42","price":"","pimage":"","pimage_id":"","pthumb":"","color":""},{"label":"42 2\/3","value":"EU 42 2\/3","price":"","pimage":"","pimage_id":"","pthumb":"","color":""},{"label":"43 1\/3","value":"EU 43 1\/3","price":"","pimage":"","pimage_id":"","pthumb":"","color":""},{"label":"44","value":"EU 44","price":"","pimage":"","pimage_id":"","pthumb":"","color":""},{"label":"44 2\/3","value":"EU 44 2\/3","price":"","pimage":"","pimage_id":"","pthumb":"","color":""},{"label":"45 1\/3","value":"EU 45 1\/3","price":"","pimage":"","pimage_id":"","pthumb":"","color":""},{"label":"46","value":"EU 46","price":"","pimage":"","pimage_id":"","pthumb":"","color":""},{"label":"46 2\/3","value":"EU 46 2\/3","price":"","pimage":"","pimage_id":"","pthumb":"","color":""},{"label":"47 1\/3","value":"EU 47 1\/3","price":"","pimage":"","pimage_id":"","pthumb":"","color":""}],"relations":[{"operator":false,"rules":[]}],"form_id":24802,"form_rules":{"pric_cal_option_once":false,"exclude_from_discount":false,"pric_use_as_fee":false,"fee_label":"Fee","render_after_acb":false,"disp_hide_options_price":false}}]},"yoast_head":"<!-- This site is optimized with the Yoast SEO plugin v26.5 - https:\/\/yoast.com\/wordpress\/plugins\/seo\/ -->\n<title>Melting Sadness x adidas Nizza High DL &#039;Bee With You - Core Black&#039;  - Loftrunway<\/title>\n<meta name=\"robots\" content=\"index, follow, max-snippet:-1, max-image-preview:large, max-video-preview:-1\" \/>\n<link rel=\"canonical\" href=\"https:\/\/loftrunway.com\/de\/products\/melting-sadness-x-adidas-nizza-high-dl-bee-with-youcore-black\/\" \/>\n<meta property=\"og:locale\" content=\"de_DE\" \/>\n<meta property=\"og:type\" content=\"article\" \/>\n<meta property=\"og:title\" content=\"Melting Sadness x adidas Nizza High DL &#039;Bee With You - Core Black&#039;  - Loftrunway\" \/>\n<meta property=\"og:description\" content=\"adidas Nizza High \u201d\u201d Black\/Blue\/Green\" \/>\n<meta property=\"og:url\" content=\"https:\/\/loftrunway.com\/de\/products\/melting-sadness-x-adidas-nizza-high-dl-bee-with-youcore-black\/\" \/>\n<meta property=\"og:site_name\" content=\"loftRUN Sneaker Store\" \/>\n<meta property=\"article:modified_time\" content=\"2026-04-02T07:41:53+00:00\" \/>\n<meta name=\"twitter:card\" content=\"summary_large_image\" \/>\n<meta name=\"twitter:image\" content=\"https:\/\/images.novelship.com\/product\/melting_sadness_x_adidas_nizza_high_dl__bee_with_y_0_34570.jpeg\" \/>\n<script type=\"application\/ld+json\" class=\"yoast-schema-graph\">{\"@context\":\"https:\/\/schema.org\",\"@graph\":[{\"@type\":\"WebPage\",\"@id\":\"https:\/\/loftrunway.com\/de\/products\/melting-sadness-x-adidas-nizza-high-dl-bee-with-youcore-black\/\",\"url\":\"https:\/\/loftrunway.com\/de\/products\/melting-sadness-x-adidas-nizza-high-dl-bee-with-youcore-black\/\",\"name\":\"Melting Sadness x adidas Nizza High DL 'Bee With You - Core Black' - Loftrunway\",\"isPartOf\":{\"@id\":\"https:\/\/loftrunway.com\/de\/#website\"},\"primaryImageOfPage\":{\"@id\":\"https:\/\/loftrunway.com\/de\/products\/melting-sadness-x-adidas-nizza-high-dl-bee-with-youcore-black\/#primaryimage\"},\"image\":{\"@id\":\"https:\/\/loftrunway.com\/de\/products\/melting-sadness-x-adidas-nizza-high-dl-bee-with-youcore-black\/#primaryimage\"},\"thumbnailUrl\":\"https:\/\/images.novelship.com\/product\/melting_sadness_x_adidas_nizza_high_dl__bee_with_y_0_34570.jpeg\",\"datePublished\":\"2026-03-02T08:08:15+00:00\",\"dateModified\":\"2026-04-02T07:41:53+00:00\",\"breadcrumb\":{\"@id\":\"https:\/\/loftrunway.com\/de\/products\/melting-sadness-x-adidas-nizza-high-dl-bee-with-youcore-black\/#breadcrumb\"},\"inLanguage\":\"de\",\"potentialAction\":[{\"@type\":\"ReadAction\",\"target\":[\"https:\/\/loftrunway.com\/de\/products\/melting-sadness-x-adidas-nizza-high-dl-bee-with-youcore-black\/\"]}]},{\"@type\":\"ImageObject\",\"inLanguage\":\"de\",\"@id\":\"https:\/\/loftrunway.com\/de\/products\/melting-sadness-x-adidas-nizza-high-dl-bee-with-youcore-black\/#primaryimage\",\"url\":\"https:\/\/images.novelship.com\/product\/melting_sadness_x_adidas_nizza_high_dl__bee_with_y_0_34570.jpeg\",\"contentUrl\":\"https:\/\/images.novelship.com\/product\/melting_sadness_x_adidas_nizza_high_dl__bee_with_y_0_34570.jpeg\"},{\"@type\":\"BreadcrumbList\",\"@id\":\"https:\/\/loftrunway.com\/de\/products\/melting-sadness-x-adidas-nizza-high-dl-bee-with-youcore-black\/#breadcrumb\",\"itemListElement\":[{\"@type\":\"ListItem\",\"position\":1,\"name\":\"Home\",\"item\":\"https:\/\/loftrunway.com\/de\/\"},{\"@type\":\"ListItem\",\"position\":2,\"name\":\"Shop\",\"item\":\"https:\/\/loftrunway.com\/de\/shop\/\"},{\"@type\":\"ListItem\",\"position\":3,\"name\":\"Melting Sadness x adidas Nizza High DL &#8218;Bee With You &#8211; Core Black&#8216;\"}]},{\"@type\":\"WebSite\",\"@id\":\"https:\/\/loftrunway.com\/de\/#website\",\"url\":\"https:\/\/loftrunway.com\/de\/\",\"name\":\"Styloral Jewelry Shop\",\"description\":\"Der Ort, an dem man alle Arten von Sneakern findet\",\"publisher\":{\"@id\":\"https:\/\/loftrunway.com\/de\/#organization\"},\"potentialAction\":[{\"@type\":\"SearchAction\",\"target\":{\"@type\":\"EntryPoint\",\"urlTemplate\":\"https:\/\/loftrunway.com\/de\/?s={search_term_string}\"},\"query-input\":{\"@type\":\"PropertyValueSpecification\",\"valueRequired\":true,\"valueName\":\"search_term_string\"}}],\"inLanguage\":\"de\"},{\"@type\":\"Organization\",\"@id\":\"https:\/\/loftrunway.com\/de\/#organization\",\"name\":\"STYLORAL PTE. LTD\",\"url\":\"https:\/\/loftrunway.com\/de\/\",\"logo\":{\"@type\":\"ImageObject\",\"inLanguage\":\"de\",\"@id\":\"https:\/\/loftrunway.com\/de\/#\/schema\/logo\/image\/\",\"url\":\"https:\/\/www.loftrunway.com\/wp-content\/uploads\/2025\/12\/logo.png\",\"contentUrl\":\"https:\/\/www.loftrunway.com\/wp-content\/uploads\/2025\/12\/logo.png\",\"width\":200,\"height\":65,\"caption\":\"STYLORAL PTE. LTD\"},\"image\":{\"@id\":\"https:\/\/loftrunway.com\/de\/#\/schema\/logo\/image\/\"}}]}<\/script>\n<!-- \/ Yoast SEO plugin. -->","yoast_head_json":{"title":"Melting Sadness x adidas Nizza High DL 'Bee With You - Core Black'  - Loftrunway","robots":{"index":"index","follow":"follow","max-snippet":"max-snippet:-1","max-image-preview":"max-image-preview:large","max-video-preview":"max-video-preview:-1"},"canonical":"https:\/\/loftrunway.com\/de\/products\/melting-sadness-x-adidas-nizza-high-dl-bee-with-youcore-black\/","og_locale":"de_DE","og_type":"article","og_title":"Melting Sadness x adidas Nizza High DL 'Bee With You - Core Black'  - Loftrunway","og_description":"adidas Nizza High \u201d\u201d Black\/Blue\/Green","og_url":"https:\/\/loftrunway.com\/de\/products\/melting-sadness-x-adidas-nizza-high-dl-bee-with-youcore-black\/","og_site_name":"loftRUN Sneaker Store","article_modified_time":"2026-04-02T07:41:53+00:00","twitter_card":"summary_large_image","twitter_image":"https:\/\/images.novelship.com\/product\/melting_sadness_x_adidas_nizza_high_dl__bee_with_y_0_34570.jpeg","schema":{"@context":"https:\/\/schema.org","@graph":[{"@type":"WebPage","@id":"https:\/\/loftrunway.com\/de\/products\/melting-sadness-x-adidas-nizza-high-dl-bee-with-youcore-black\/","url":"https:\/\/loftrunway.com\/de\/products\/melting-sadness-x-adidas-nizza-high-dl-bee-with-youcore-black\/","name":"Melting Sadness x adidas Nizza High DL 'Bee With You - Core Black' - Loftrunway","isPartOf":{"@id":"https:\/\/loftrunway.com\/de\/#website"},"primaryImageOfPage":{"@id":"https:\/\/loftrunway.com\/de\/products\/melting-sadness-x-adidas-nizza-high-dl-bee-with-youcore-black\/#primaryimage"},"image":{"@id":"https:\/\/loftrunway.com\/de\/products\/melting-sadness-x-adidas-nizza-high-dl-bee-with-youcore-black\/#primaryimage"},"thumbnailUrl":"https:\/\/images.novelship.com\/product\/melting_sadness_x_adidas_nizza_high_dl__bee_with_y_0_34570.jpeg","datePublished":"2026-03-02T08:08:15+00:00","dateModified":"2026-04-02T07:41:53+00:00","breadcrumb":{"@id":"https:\/\/loftrunway.com\/de\/products\/melting-sadness-x-adidas-nizza-high-dl-bee-with-youcore-black\/#breadcrumb"},"inLanguage":"de","potentialAction":[{"@type":"ReadAction","target":["https:\/\/loftrunway.com\/de\/products\/melting-sadness-x-adidas-nizza-high-dl-bee-with-youcore-black\/"]}]},{"@type":"ImageObject","inLanguage":"de","@id":"https:\/\/loftrunway.com\/de\/products\/melting-sadness-x-adidas-nizza-high-dl-bee-with-youcore-black\/#primaryimage","url":"https:\/\/images.novelship.com\/product\/melting_sadness_x_adidas_nizza_high_dl__bee_with_y_0_34570.jpeg","contentUrl":"https:\/\/images.novelship.com\/product\/melting_sadness_x_adidas_nizza_high_dl__bee_with_y_0_34570.jpeg"},{"@type":"BreadcrumbList","@id":"https:\/\/loftrunway.com\/de\/products\/melting-sadness-x-adidas-nizza-high-dl-bee-with-youcore-black\/#breadcrumb","itemListElement":[{"@type":"ListItem","position":1,"name":"Home","item":"https:\/\/loftrunway.com\/de\/"},{"@type":"ListItem","position":2,"name":"Shop","item":"https:\/\/loftrunway.com\/de\/shop\/"},{"@type":"ListItem","position":3,"name":"Melting Sadness x adidas Nizza High DL &#8218;Bee With You &#8211; Core Black&#8216;"}]},{"@type":"WebSite","@id":"https:\/\/loftrunway.com\/de\/#website","url":"https:\/\/loftrunway.com\/de\/","name":"Styloral Jewelry Shop","description":"Der Ort, an dem man alle Arten von Sneakern findet","publisher":{"@id":"https:\/\/loftrunway.com\/de\/#organization"},"potentialAction":[{"@type":"SearchAction","target":{"@type":"EntryPoint","urlTemplate":"https:\/\/loftrunway.com\/de\/?s={search_term_string}"},"query-input":{"@type":"PropertyValueSpecification","valueRequired":true,"valueName":"search_term_string"}}],"inLanguage":"de"},{"@type":"Organization","@id":"https:\/\/loftrunway.com\/de\/#organization","name":"STYLORAL PTE. LTD","url":"https:\/\/loftrunway.com\/de\/","logo":{"@type":"ImageObject","inLanguage":"de","@id":"https:\/\/loftrunway.com\/de\/#\/schema\/logo\/image\/","url":"https:\/\/www.loftrunway.com\/wp-content\/uploads\/2025\/12\/logo.png","contentUrl":"https:\/\/www.loftrunway.com\/wp-content\/uploads\/2025\/12\/logo.png","width":200,"height":65,"caption":"STYLORAL PTE. LTD"},"image":{"@id":"https:\/\/loftrunway.com\/de\/#\/schema\/logo\/image\/"}}]}},"_links":{"self":[{"href":"https:\/\/loftrunway.com\/de\/wp-json\/wp\/v2\/product\/50164","targetHints":{"allow":["GET"]}}],"collection":[{"href":"https:\/\/loftrunway.com\/de\/wp-json\/wp\/v2\/product"}],"about":[{"href":"https:\/\/loftrunway.com\/de\/wp-json\/wp\/v2\/types\/product"}],"replies":[{"embeddable":true,"href":"https:\/\/loftrunway.com\/de\/wp-json\/wp\/v2\/comments?post=50164"}],"wp:featuredmedia":[{"embeddable":true,"href":"https:\/\/loftrunway.com\/de\/wp-json\/wp\/v2\/media\/50165"}],"wp:attachment":[{"href":"https:\/\/loftrunway.com\/de\/wp-json\/wp\/v2\/media?parent=50164"}],"wp:term":[{"taxonomy":"product_brand","embeddable":true,"href":"https:\/\/loftrunway.com\/de\/wp-json\/wp\/v2\/product_brand?post=50164"},{"taxonomy":"product_cat","embeddable":true,"href":"https:\/\/loftrunway.com\/de\/wp-json\/wp\/v2\/product_cat?post=50164"},{"taxonomy":"product_tag","embeddable":true,"href":"https:\/\/loftrunway.com\/de\/wp-json\/wp\/v2\/product_tag?post=50164"}],"curies":[{"name":"wp","href":"https:\/\/api.w.org\/{rel}","templated":true}]}}