{"id":50715,"date":"2026-03-02T15:08:59","date_gmt":"2026-03-02T08:08:59","guid":{"rendered":"http:\/\/loftrunway.com\/product\/always-do-what-you-should-do-x-adidas-pro-model-adv-black-semi-solar-slime"},"modified":"2026-04-02T14:42:11","modified_gmt":"2026-04-02T07:42:11","slug":"always-do-what-you-should-do-x-adidas-pro-model-adv-black-semi-solar-slime","status":"publish","type":"product","link":"https:\/\/loftrunway.com\/de\/products\/always-do-what-you-should-do-x-adidas-pro-model-adv-black-semi-solar-slime\/","title":{"rendered":"Always Do What You Should Do x adidas Pro Model ADV &#8218;Black Semi Solar Slime&#8216;"},"content":{"rendered":"<p>Verbessere dein Skateboarding-Game mit dem Always Do What You Should Do x adidas Pro Model ADV &#8218;Black Semi Solar Slime&#8216; JP7637 \u201d\u201c eine erstklassige Kombination aus Style, Komfort und Performance. Diese ikonische adidas Silhouette, die in Zusammenarbeit mit Always Do What You Should Do entworfen wurde, besticht durch ein elegantes schwarzes Obermaterial mit leuchtenden Akzenten in Semi-Solar Slime. So vereint sie eine markante \u00c4sthetik mit robuster Strapazierf\u00e4higkeit f\u00fcr den Streetstyle. Der Pro Model ADV ist aus hochwertigen Materialien gefertigt, die au\u00dfergew\u00f6hnlichen Halt und hohe Strapazierf\u00e4higkeit bieten \u201d\u201c perfekt f\u00fcr intensive Sessions auf und neben dem Board. Die ged\u00e4mpfte Zwischensohle bietet optimalen Aufprallschutz, w\u00e4hrend die griffige Au\u00dfensohle pr\u00e4zise Kontrolle und zuverl\u00e4ssige Traktion bei jedem Trick gew\u00e4hrleistet. Dieser limitierte Sneaker vereint Funktionalit\u00e4t mit einem einzigartigen und auff\u00e4lligen Design und ist der ideale Begleiter f\u00fcr Skateparks und urbane Stra\u00dfen. Verleihe deiner Sneaker-Sammlung mit diesem au\u00dfergew\u00f6hnlichen Modell, das moderne Skate-Kultur und kreativen Stil vereint, einen neuen Look.<\/p>\n<ul>\n<li><strong>Farbgebung:<\/strong> Core Black\/Semi Solar Slime\/Collegiate Navy<\/li>\n<li><strong>Style-Code:<\/strong> JP7637<\/li>\n<li><strong>Obermaterial:<\/strong> Lackleder<\/li>\n<li><strong>Farbe:<\/strong> Schwarz<\/li>\n<li><strong>Saison:<\/strong> Fr\u00fchling<\/li>\n<li><strong>Erscheinungsjahr:<\/strong> 2025<\/li>\n<\/ul>\n","protected":false},"excerpt":{"rendered":"<p>adidas Pro Model ADV \u201d\u201d Core Black\/Semi Solar Slime\/Collegiate Navy<\/p>\n","protected":false},"featured_media":50716,"comment_status":"open","ping_status":"closed","template":"","meta":[],"product_brand":[],"product_cat":[10760,41273],"product_tag":[10759,10750,10754,10777,10756,10758],"class_list":{"0":"post-50715","1":"product","2":"type-product","3":"status-publish","4":"has-post-thumbnail","6":"product_cat-adidas","7":"product_cat-remove","8":"product_tag-adidas","9":"product_tag-athleisure-shoes","10":"product_tag-lifestyle-casual-shoes","11":"product_tag-lifestyle-shoes-basketball-inspired","12":"product_tag-retro-casual-shoes","13":"product_tag-under-retail","14":"wcpa_has_options","16":"first","17":"instock","18":"taxable","19":"shipping-taxable","20":"purchasable","21":"product-type-simple"},"wcpa_form_fields":{"rules":{"pric_overide_base_price":false,"pric_overide_base_price_if_gt_zero":false,"pric_overide_base_price_fully":false,"pric_cal_option_once":false,"pric_use_as_fee":false,"bind_quantity":false,"quantity_bind_formula":false},"fields":[{"type":"color-group","required":true,"elementId":"wcpa-color-group-66c4a7f817afe","label":"Gr\u00f6\u00dfe","inline":true,"priceOptions":"different_for_all","pricingType":"fixed","className":"hassizechart product-shoes-size-eu product-shoes-size","name":"color-group-66c4a7f817b18","disp_type":"square","selection_type":"tick-border","disp_size":"50","show_label_inside":true,"adjust_width":true,"cart_display_type":"text","other_text":"Other","cl_rule":"show","col":6,"values":[{"label":"35","value":"EU 35","price":"","pimage":"","pimage_id":"","pthumb":"","color":""},{"label":"35.5","value":"EU 35.5","price":"","pimage":"","pimage_id":"","pthumb":"","color":""},{"label":"36","value":"EU 36","price":"","pimage":"","pimage_id":"","pthumb":"","color":"","selected":true},{"label":"36 2\/3","value":"EU 36 2\/3","price":"","pimage":"","pimage_id":"","pthumb":"","color":""},{"label":"37 1\/3","value":"EU 37 1\/3","price":"","pimage":"","pimage_id":"","pthumb":"","color":""},{"label":"38","value":"EU 38","price":"","pimage":"","pimage_id":"","pthumb":"","color":""},{"label":"38 2\/3","value":"EU 38 2\/3","price":"","pimage":"","pimage_id":"","pthumb":"","color":""},{"label":"39 1\/3","value":"EU 39 1\/3","price":"","pimage":"","pimage_id":"","pthumb":"","color":""},{"label":"40","value":"EU 40","price":"","pimage":"","pimage_id":"","pthumb":"","color":""},{"label":"40 2\/3","value":"EU 40 2\/3","price":"","pimage":"","pimage_id":"","pthumb":"","color":""},{"label":"41 1\/3","value":"EU 41 1\/3","price":"","pimage":"","pimage_id":"","pthumb":"","color":""},{"label":"42","value":"EU 42","price":"","pimage":"","pimage_id":"","pthumb":"","color":""},{"label":"42 2\/3","value":"EU 42 2\/3","price":"","pimage":"","pimage_id":"","pthumb":"","color":""},{"label":"43 1\/3","value":"EU 43 1\/3","price":"","pimage":"","pimage_id":"","pthumb":"","color":""},{"label":"44","value":"EU 44","price":"","pimage":"","pimage_id":"","pthumb":"","color":""},{"label":"44 2\/3","value":"EU 44 2\/3","price":"","pimage":"","pimage_id":"","pthumb":"","color":""},{"label":"45 1\/3","value":"EU 45 1\/3","price":"","pimage":"","pimage_id":"","pthumb":"","color":""},{"label":"46","value":"EU 46","price":"","pimage":"","pimage_id":"","pthumb":"","color":""},{"label":"46 2\/3","value":"EU 46 2\/3","price":"","pimage":"","pimage_id":"","pthumb":"","color":""},{"label":"47 1\/3","value":"EU 47 1\/3","price":"","pimage":"","pimage_id":"","pthumb":"","color":""}],"relations":[{"operator":false,"rules":[]}],"form_id":24802,"form_rules":{"pric_cal_option_once":false,"exclude_from_discount":false,"pric_use_as_fee":false,"fee_label":"Fee","render_after_acb":false,"disp_hide_options_price":false}}]},"yoast_head":"<!-- This site is optimized with the Yoast SEO plugin v26.5 - https:\/\/yoast.com\/wordpress\/plugins\/seo\/ -->\n<title>Always Do What You Should Do x adidas Pro Model ADV &#039;Black Semi Solar Slime&#039;  - Loftrunway<\/title>\n<meta name=\"robots\" content=\"index, follow, max-snippet:-1, max-image-preview:large, max-video-preview:-1\" \/>\n<link rel=\"canonical\" href=\"https:\/\/loftrunway.com\/de\/products\/always-do-what-you-should-do-x-adidas-pro-model-adv-black-semi-solar-slime\/\" \/>\n<meta property=\"og:locale\" content=\"de_DE\" \/>\n<meta property=\"og:type\" content=\"article\" \/>\n<meta property=\"og:title\" content=\"Always Do What You Should Do x adidas Pro Model ADV &#039;Black Semi Solar Slime&#039;  - Loftrunway\" \/>\n<meta property=\"og:description\" content=\"adidas Pro Model ADV \u201d\u201d Core Black\/Semi Solar Slime\/Collegiate Navy\" \/>\n<meta property=\"og:url\" content=\"https:\/\/loftrunway.com\/de\/products\/always-do-what-you-should-do-x-adidas-pro-model-adv-black-semi-solar-slime\/\" \/>\n<meta property=\"og:site_name\" content=\"loftRUN Sneaker Store\" \/>\n<meta property=\"article:modified_time\" content=\"2026-04-02T07:42:11+00:00\" \/>\n<meta name=\"twitter:card\" content=\"summary_large_image\" \/>\n<meta name=\"twitter:image\" content=\"https:\/\/images.novelship.com\/product\/always_do_what_you_should_do_x_adidas_pro_model_ad_0_70385.jpeg\" \/>\n<meta name=\"twitter:label1\" content=\"Gesch\u00e4tzte Lesezeit\" \/>\n\t<meta name=\"twitter:data1\" content=\"1\u00a0Minute\" \/>\n<script type=\"application\/ld+json\" class=\"yoast-schema-graph\">{\"@context\":\"https:\/\/schema.org\",\"@graph\":[{\"@type\":\"WebPage\",\"@id\":\"https:\/\/loftrunway.com\/de\/products\/always-do-what-you-should-do-x-adidas-pro-model-adv-black-semi-solar-slime\/\",\"url\":\"https:\/\/loftrunway.com\/de\/products\/always-do-what-you-should-do-x-adidas-pro-model-adv-black-semi-solar-slime\/\",\"name\":\"Always Do What You Should Do x adidas Pro Model ADV 'Black Semi Solar Slime' - Loftrunway\",\"isPartOf\":{\"@id\":\"https:\/\/loftrunway.com\/de\/#website\"},\"primaryImageOfPage\":{\"@id\":\"https:\/\/loftrunway.com\/de\/products\/always-do-what-you-should-do-x-adidas-pro-model-adv-black-semi-solar-slime\/#primaryimage\"},\"image\":{\"@id\":\"https:\/\/loftrunway.com\/de\/products\/always-do-what-you-should-do-x-adidas-pro-model-adv-black-semi-solar-slime\/#primaryimage\"},\"thumbnailUrl\":\"https:\/\/images.novelship.com\/product\/always_do_what_you_should_do_x_adidas_pro_model_ad_0_70385.jpeg\",\"datePublished\":\"2026-03-02T08:08:59+00:00\",\"dateModified\":\"2026-04-02T07:42:11+00:00\",\"breadcrumb\":{\"@id\":\"https:\/\/loftrunway.com\/de\/products\/always-do-what-you-should-do-x-adidas-pro-model-adv-black-semi-solar-slime\/#breadcrumb\"},\"inLanguage\":\"de\",\"potentialAction\":[{\"@type\":\"ReadAction\",\"target\":[\"https:\/\/loftrunway.com\/de\/products\/always-do-what-you-should-do-x-adidas-pro-model-adv-black-semi-solar-slime\/\"]}]},{\"@type\":\"ImageObject\",\"inLanguage\":\"de\",\"@id\":\"https:\/\/loftrunway.com\/de\/products\/always-do-what-you-should-do-x-adidas-pro-model-adv-black-semi-solar-slime\/#primaryimage\",\"url\":\"https:\/\/images.novelship.com\/product\/always_do_what_you_should_do_x_adidas_pro_model_ad_0_70385.jpeg\",\"contentUrl\":\"https:\/\/images.novelship.com\/product\/always_do_what_you_should_do_x_adidas_pro_model_ad_0_70385.jpeg\"},{\"@type\":\"BreadcrumbList\",\"@id\":\"https:\/\/loftrunway.com\/de\/products\/always-do-what-you-should-do-x-adidas-pro-model-adv-black-semi-solar-slime\/#breadcrumb\",\"itemListElement\":[{\"@type\":\"ListItem\",\"position\":1,\"name\":\"Home\",\"item\":\"https:\/\/loftrunway.com\/de\/\"},{\"@type\":\"ListItem\",\"position\":2,\"name\":\"Shop\",\"item\":\"https:\/\/loftrunway.com\/de\/shop\/\"},{\"@type\":\"ListItem\",\"position\":3,\"name\":\"Always Do What You Should Do x adidas Pro Model ADV &#8218;Black Semi Solar Slime&#8216;\"}]},{\"@type\":\"WebSite\",\"@id\":\"https:\/\/loftrunway.com\/de\/#website\",\"url\":\"https:\/\/loftrunway.com\/de\/\",\"name\":\"Styloral Jewelry Shop\",\"description\":\"Der Ort, an dem man alle Arten von Sneakern findet\",\"publisher\":{\"@id\":\"https:\/\/loftrunway.com\/de\/#organization\"},\"potentialAction\":[{\"@type\":\"SearchAction\",\"target\":{\"@type\":\"EntryPoint\",\"urlTemplate\":\"https:\/\/loftrunway.com\/de\/?s={search_term_string}\"},\"query-input\":{\"@type\":\"PropertyValueSpecification\",\"valueRequired\":true,\"valueName\":\"search_term_string\"}}],\"inLanguage\":\"de\"},{\"@type\":\"Organization\",\"@id\":\"https:\/\/loftrunway.com\/de\/#organization\",\"name\":\"STYLORAL PTE. LTD\",\"url\":\"https:\/\/loftrunway.com\/de\/\",\"logo\":{\"@type\":\"ImageObject\",\"inLanguage\":\"de\",\"@id\":\"https:\/\/loftrunway.com\/de\/#\/schema\/logo\/image\/\",\"url\":\"https:\/\/www.loftrunway.com\/wp-content\/uploads\/2025\/12\/logo.png\",\"contentUrl\":\"https:\/\/www.loftrunway.com\/wp-content\/uploads\/2025\/12\/logo.png\",\"width\":200,\"height\":65,\"caption\":\"STYLORAL PTE. LTD\"},\"image\":{\"@id\":\"https:\/\/loftrunway.com\/de\/#\/schema\/logo\/image\/\"}}]}<\/script>\n<!-- \/ Yoast SEO plugin. -->","yoast_head_json":{"title":"Always Do What You Should Do x adidas Pro Model ADV 'Black Semi Solar Slime'  - Loftrunway","robots":{"index":"index","follow":"follow","max-snippet":"max-snippet:-1","max-image-preview":"max-image-preview:large","max-video-preview":"max-video-preview:-1"},"canonical":"https:\/\/loftrunway.com\/de\/products\/always-do-what-you-should-do-x-adidas-pro-model-adv-black-semi-solar-slime\/","og_locale":"de_DE","og_type":"article","og_title":"Always Do What You Should Do x adidas Pro Model ADV 'Black Semi Solar Slime'  - Loftrunway","og_description":"adidas Pro Model ADV \u201d\u201d Core Black\/Semi Solar Slime\/Collegiate Navy","og_url":"https:\/\/loftrunway.com\/de\/products\/always-do-what-you-should-do-x-adidas-pro-model-adv-black-semi-solar-slime\/","og_site_name":"loftRUN Sneaker Store","article_modified_time":"2026-04-02T07:42:11+00:00","twitter_card":"summary_large_image","twitter_image":"https:\/\/images.novelship.com\/product\/always_do_what_you_should_do_x_adidas_pro_model_ad_0_70385.jpeg","twitter_misc":{"Gesch\u00e4tzte Lesezeit":"1\u00a0Minute"},"schema":{"@context":"https:\/\/schema.org","@graph":[{"@type":"WebPage","@id":"https:\/\/loftrunway.com\/de\/products\/always-do-what-you-should-do-x-adidas-pro-model-adv-black-semi-solar-slime\/","url":"https:\/\/loftrunway.com\/de\/products\/always-do-what-you-should-do-x-adidas-pro-model-adv-black-semi-solar-slime\/","name":"Always Do What You Should Do x adidas Pro Model ADV 'Black Semi Solar Slime' - Loftrunway","isPartOf":{"@id":"https:\/\/loftrunway.com\/de\/#website"},"primaryImageOfPage":{"@id":"https:\/\/loftrunway.com\/de\/products\/always-do-what-you-should-do-x-adidas-pro-model-adv-black-semi-solar-slime\/#primaryimage"},"image":{"@id":"https:\/\/loftrunway.com\/de\/products\/always-do-what-you-should-do-x-adidas-pro-model-adv-black-semi-solar-slime\/#primaryimage"},"thumbnailUrl":"https:\/\/images.novelship.com\/product\/always_do_what_you_should_do_x_adidas_pro_model_ad_0_70385.jpeg","datePublished":"2026-03-02T08:08:59+00:00","dateModified":"2026-04-02T07:42:11+00:00","breadcrumb":{"@id":"https:\/\/loftrunway.com\/de\/products\/always-do-what-you-should-do-x-adidas-pro-model-adv-black-semi-solar-slime\/#breadcrumb"},"inLanguage":"de","potentialAction":[{"@type":"ReadAction","target":["https:\/\/loftrunway.com\/de\/products\/always-do-what-you-should-do-x-adidas-pro-model-adv-black-semi-solar-slime\/"]}]},{"@type":"ImageObject","inLanguage":"de","@id":"https:\/\/loftrunway.com\/de\/products\/always-do-what-you-should-do-x-adidas-pro-model-adv-black-semi-solar-slime\/#primaryimage","url":"https:\/\/images.novelship.com\/product\/always_do_what_you_should_do_x_adidas_pro_model_ad_0_70385.jpeg","contentUrl":"https:\/\/images.novelship.com\/product\/always_do_what_you_should_do_x_adidas_pro_model_ad_0_70385.jpeg"},{"@type":"BreadcrumbList","@id":"https:\/\/loftrunway.com\/de\/products\/always-do-what-you-should-do-x-adidas-pro-model-adv-black-semi-solar-slime\/#breadcrumb","itemListElement":[{"@type":"ListItem","position":1,"name":"Home","item":"https:\/\/loftrunway.com\/de\/"},{"@type":"ListItem","position":2,"name":"Shop","item":"https:\/\/loftrunway.com\/de\/shop\/"},{"@type":"ListItem","position":3,"name":"Always Do What You Should Do x adidas Pro Model ADV &#8218;Black Semi Solar Slime&#8216;"}]},{"@type":"WebSite","@id":"https:\/\/loftrunway.com\/de\/#website","url":"https:\/\/loftrunway.com\/de\/","name":"Styloral Jewelry Shop","description":"Der Ort, an dem man alle Arten von Sneakern findet","publisher":{"@id":"https:\/\/loftrunway.com\/de\/#organization"},"potentialAction":[{"@type":"SearchAction","target":{"@type":"EntryPoint","urlTemplate":"https:\/\/loftrunway.com\/de\/?s={search_term_string}"},"query-input":{"@type":"PropertyValueSpecification","valueRequired":true,"valueName":"search_term_string"}}],"inLanguage":"de"},{"@type":"Organization","@id":"https:\/\/loftrunway.com\/de\/#organization","name":"STYLORAL PTE. LTD","url":"https:\/\/loftrunway.com\/de\/","logo":{"@type":"ImageObject","inLanguage":"de","@id":"https:\/\/loftrunway.com\/de\/#\/schema\/logo\/image\/","url":"https:\/\/www.loftrunway.com\/wp-content\/uploads\/2025\/12\/logo.png","contentUrl":"https:\/\/www.loftrunway.com\/wp-content\/uploads\/2025\/12\/logo.png","width":200,"height":65,"caption":"STYLORAL PTE. LTD"},"image":{"@id":"https:\/\/loftrunway.com\/de\/#\/schema\/logo\/image\/"}}]}},"_links":{"self":[{"href":"https:\/\/loftrunway.com\/de\/wp-json\/wp\/v2\/product\/50715","targetHints":{"allow":["GET"]}}],"collection":[{"href":"https:\/\/loftrunway.com\/de\/wp-json\/wp\/v2\/product"}],"about":[{"href":"https:\/\/loftrunway.com\/de\/wp-json\/wp\/v2\/types\/product"}],"replies":[{"embeddable":true,"href":"https:\/\/loftrunway.com\/de\/wp-json\/wp\/v2\/comments?post=50715"}],"wp:featuredmedia":[{"embeddable":true,"href":"https:\/\/loftrunway.com\/de\/wp-json\/wp\/v2\/media\/50716"}],"wp:attachment":[{"href":"https:\/\/loftrunway.com\/de\/wp-json\/wp\/v2\/media?parent=50715"}],"wp:term":[{"taxonomy":"product_brand","embeddable":true,"href":"https:\/\/loftrunway.com\/de\/wp-json\/wp\/v2\/product_brand?post=50715"},{"taxonomy":"product_cat","embeddable":true,"href":"https:\/\/loftrunway.com\/de\/wp-json\/wp\/v2\/product_cat?post=50715"},{"taxonomy":"product_tag","embeddable":true,"href":"https:\/\/loftrunway.com\/de\/wp-json\/wp\/v2\/product_tag?post=50715"}],"curies":[{"name":"wp","href":"https:\/\/api.w.org\/{rel}","templated":true}]}}