{"id":51103,"date":"2026-03-02T15:09:33","date_gmt":"2026-03-02T08:09:33","guid":{"rendered":"http:\/\/loftrunway.com\/product\/new-balance-fresh-foam-x-more-v4-2e-wide-sea-salt-blue-oasis"},"modified":"2026-04-03T19:35:19","modified_gmt":"2026-04-03T12:35:19","slug":"new-balance-fresh-foam-x-more-v4-2e-wide-sea-salt-blue-oasis","status":"publish","type":"product","link":"https:\/\/loftrunway.com\/de\/products\/new-balance-fresh-foam-x-more-v4-2e-wide-sea-salt-blue-oasis\/","title":{"rendered":"New Balance Fresh Foam X More v4 2E Wide &#8218;Sea Salt Blue Oasis&#8216;"},"content":{"rendered":"<p>Wir pr\u00e4sentieren den New Balance Fresh Foam X More v4 2E Wide \u201eSea Salt Blue Oasis\u201c \u201d\u201c entwickelt f\u00fcr unvergleichlichen Komfort und optimale Performance. Seine weite 2E-Passform und die innovative Fresh Foam X-D\u00e4mpfung bieten au\u00dfergew\u00f6hnlichen Halt und Reaktionsfreudigkeit, w\u00e4hrend die stylische Farbe \u201eSea Salt Blue Oasis\u201c alle Blicke auf sich zieht. Erleben Sie die perfekte Kombination aus Funktion und Style mit dem Fresh Foam X More v4 2E Wide \u201d\u201c die ideale Wahl f\u00fcr L\u00e4ufer und Fitnessbegeisterte.<\/p>\n<p>Style-Code: MMORCE4-2E<\/p>\n<p>Obermaterial: Mesh<\/p>\n<p>Zwischensohle: Fresh Foam X<\/p>\n<p>Farbe: Wei\u00df<\/p>\n<p>Erscheinungsjahr: 2024<\/p>\n","protected":false},"excerpt":{"rendered":"<p>NB Fresh Foam X More v4 2E Wide &#8218;Sea Salt Blue Oasis&#8216;<\/p>\n","protected":false},"featured_media":51104,"comment_status":"open","ping_status":"closed","template":"","meta":[],"product_brand":[],"product_cat":[10771],"product_tag":[10753,10838,10766,10839,10802,10840,10758],"class_list":{"0":"post-51103","1":"product","2":"type-product","3":"status-publish","4":"has-post-thumbnail","6":"product_cat-new-balance","7":"product_tag-gift-for-him","8":"product_tag-max-cushion-cushioned-running-shoes","9":"product_tag-new-balance","10":"product_tag-performance-running-shoes","11":"product_tag-performance-sport-shoes","12":"product_tag-running-shoes","13":"product_tag-under-retail","14":"wcpa_has_options","16":"first","17":"instock","18":"taxable","19":"shipping-taxable","20":"purchasable","21":"product-type-simple"},"wcpa_form_fields":{"rules":{"pric_overide_base_price":false,"pric_overide_base_price_if_gt_zero":false,"pric_overide_base_price_fully":false,"pric_cal_option_once":false,"pric_use_as_fee":false,"bind_quantity":false,"quantity_bind_formula":false},"fields":[{"type":"color-group","required":true,"elementId":"wcpa-color-group-66c4a928225d2","label":"Gr\u00f6\u00dfe","inline":true,"priceOptions":"different_for_all","pricingType":"fixed","className":"hassizechart product-shoes-size-eu product-shoes-size","name":"color-group-66c4a928225e2","disp_type":"square","selection_type":"tick-border","disp_size":"50","show_label_inside":true,"adjust_width":true,"cart_display_type":"text","other_text":"Other","cl_rule":"show","col":6,"values":[{"label":"35","value":"EU 35","price":"","pimage":"","pimage_id":"","pthumb":"","color":""},{"label":"36","value":"EU 36","price":"","pimage":"","pimage_id":"","pthumb":"","color":"","selected":true},{"label":"37","value":"EU 37","price":"","pimage":"","pimage_id":"","pthumb":"","color":""},{"label":"37.5","value":"EU 37.5","price":"","pimage":"","pimage_id":"","pthumb":"","color":""},{"label":"38","value":"EU 38","price":"","pimage":"","pimage_id":"","pthumb":"","color":""},{"label":"38.5","value":"EU 38.5","price":"","pimage":"","pimage_id":"","pthumb":"","color":""},{"label":"39","value":"EU 39","price":"","pimage":"","pimage_id":"","pthumb":"","color":""},{"label":"39.5","value":"EU 39.5","price":"","pimage":"","pimage_id":"","pthumb":"","color":""},{"label":"40","value":"EU 40","price":"","pimage":"","pimage_id":"","pthumb":"","color":""},{"label":"40.5","value":"EU 40.5","price":"","pimage":"","pimage_id":"","pthumb":"","color":""},{"label":" 41.5","value":"EU 41.5","price":"","pimage":"","pimage_id":"","pthumb":"","color":""},{"label":"42","value":"EU 42","price":"","pimage":"","pimage_id":"","pthumb":"","color":""},{"label":"42.5","value":"EU 42.5","price":"","pimage":"","pimage_id":"","pthumb":"","color":""},{"label":"43","value":"EU 43","price":"","pimage":"","pimage_id":"","pthumb":"","color":""},{"label":"44","value":"EU 44","price":"","pimage":"","pimage_id":"","pthumb":"","color":""},{"label":"44.5","value":"EU 44.5","price":"","pimage":"","pimage_id":"","pthumb":"","color":""},{"label":"45","value":"EU 45","price":"","pimage":"","pimage_id":"","pthumb":"","color":""},{"label":"45.5","value":"EU 45.5","price":"","pimage":"","pimage_id":"","pthumb":"","color":""},{"label":"46","value":"EU 46","price":"","pimage":"","pimage_id":"","pthumb":"","color":""}],"relations":[{"operator":false,"rules":[]}],"form_id":24803,"form_rules":{"pric_cal_option_once":false,"exclude_from_discount":false,"pric_use_as_fee":false,"fee_label":"Fee","render_after_acb":false,"disp_hide_options_price":false}}]},"yoast_head":"<!-- This site is optimized with the Yoast SEO plugin v26.5 - https:\/\/yoast.com\/wordpress\/plugins\/seo\/ -->\n<title>New Balance Fresh Foam X More v4 2E Wide &#039;Sea Salt Blue Oasis&#039;  - Loftrunway<\/title>\n<meta name=\"robots\" content=\"index, follow, max-snippet:-1, max-image-preview:large, max-video-preview:-1\" \/>\n<link rel=\"canonical\" href=\"https:\/\/loftrunway.com\/de\/products\/new-balance-fresh-foam-x-more-v4-2e-wide-sea-salt-blue-oasis\/\" \/>\n<meta property=\"og:locale\" content=\"de_DE\" \/>\n<meta property=\"og:type\" content=\"article\" \/>\n<meta property=\"og:title\" content=\"New Balance Fresh Foam X More v4 2E Wide &#039;Sea Salt Blue Oasis&#039;  - Loftrunway\" \/>\n<meta property=\"og:description\" content=\"NB Fresh Foam X More v4 2E Wide &#039;Sea Salt Blue Oasis&#039;\" \/>\n<meta property=\"og:url\" content=\"https:\/\/loftrunway.com\/de\/products\/new-balance-fresh-foam-x-more-v4-2e-wide-sea-salt-blue-oasis\/\" \/>\n<meta property=\"og:site_name\" content=\"loftRUN Sneaker Store\" \/>\n<meta property=\"article:modified_time\" content=\"2026-04-03T12:35:19+00:00\" \/>\n<meta name=\"twitter:card\" content=\"summary_large_image\" \/>\n<meta name=\"twitter:image\" content=\"https:\/\/images.novelship.com\/product\/new_balance_fresh_foam_x_more_v4_2e_wide__sea_salt_0_87033.png\" \/>\n<script type=\"application\/ld+json\" class=\"yoast-schema-graph\">{\"@context\":\"https:\/\/schema.org\",\"@graph\":[{\"@type\":\"WebPage\",\"@id\":\"https:\/\/loftrunway.com\/de\/products\/new-balance-fresh-foam-x-more-v4-2e-wide-sea-salt-blue-oasis\/\",\"url\":\"https:\/\/loftrunway.com\/de\/products\/new-balance-fresh-foam-x-more-v4-2e-wide-sea-salt-blue-oasis\/\",\"name\":\"New Balance Fresh Foam X More v4 2E Wide 'Sea Salt Blue Oasis' - Loftrunway\",\"isPartOf\":{\"@id\":\"https:\/\/loftrunway.com\/de\/#website\"},\"primaryImageOfPage\":{\"@id\":\"https:\/\/loftrunway.com\/de\/products\/new-balance-fresh-foam-x-more-v4-2e-wide-sea-salt-blue-oasis\/#primaryimage\"},\"image\":{\"@id\":\"https:\/\/loftrunway.com\/de\/products\/new-balance-fresh-foam-x-more-v4-2e-wide-sea-salt-blue-oasis\/#primaryimage\"},\"thumbnailUrl\":\"https:\/\/images.novelship.com\/product\/new_balance_fresh_foam_x_more_v4_2e_wide__sea_salt_0_87033.png\",\"datePublished\":\"2026-03-02T08:09:33+00:00\",\"dateModified\":\"2026-04-03T12:35:19+00:00\",\"breadcrumb\":{\"@id\":\"https:\/\/loftrunway.com\/de\/products\/new-balance-fresh-foam-x-more-v4-2e-wide-sea-salt-blue-oasis\/#breadcrumb\"},\"inLanguage\":\"de\",\"potentialAction\":[{\"@type\":\"ReadAction\",\"target\":[\"https:\/\/loftrunway.com\/de\/products\/new-balance-fresh-foam-x-more-v4-2e-wide-sea-salt-blue-oasis\/\"]}]},{\"@type\":\"ImageObject\",\"inLanguage\":\"de\",\"@id\":\"https:\/\/loftrunway.com\/de\/products\/new-balance-fresh-foam-x-more-v4-2e-wide-sea-salt-blue-oasis\/#primaryimage\",\"url\":\"https:\/\/images.novelship.com\/product\/new_balance_fresh_foam_x_more_v4_2e_wide__sea_salt_0_87033.png\",\"contentUrl\":\"https:\/\/images.novelship.com\/product\/new_balance_fresh_foam_x_more_v4_2e_wide__sea_salt_0_87033.png\"},{\"@type\":\"BreadcrumbList\",\"@id\":\"https:\/\/loftrunway.com\/de\/products\/new-balance-fresh-foam-x-more-v4-2e-wide-sea-salt-blue-oasis\/#breadcrumb\",\"itemListElement\":[{\"@type\":\"ListItem\",\"position\":1,\"name\":\"Home\",\"item\":\"https:\/\/loftrunway.com\/de\/\"},{\"@type\":\"ListItem\",\"position\":2,\"name\":\"Shop\",\"item\":\"https:\/\/loftrunway.com\/de\/shop\/\"},{\"@type\":\"ListItem\",\"position\":3,\"name\":\"New Balance Fresh Foam X More v4 2E Wide &#8218;Sea Salt Blue Oasis&#8216;\"}]},{\"@type\":\"WebSite\",\"@id\":\"https:\/\/loftrunway.com\/de\/#website\",\"url\":\"https:\/\/loftrunway.com\/de\/\",\"name\":\"Styloral Jewelry Shop\",\"description\":\"Der Ort, an dem man alle Arten von Sneakern findet\",\"publisher\":{\"@id\":\"https:\/\/loftrunway.com\/de\/#organization\"},\"potentialAction\":[{\"@type\":\"SearchAction\",\"target\":{\"@type\":\"EntryPoint\",\"urlTemplate\":\"https:\/\/loftrunway.com\/de\/?s={search_term_string}\"},\"query-input\":{\"@type\":\"PropertyValueSpecification\",\"valueRequired\":true,\"valueName\":\"search_term_string\"}}],\"inLanguage\":\"de\"},{\"@type\":\"Organization\",\"@id\":\"https:\/\/loftrunway.com\/de\/#organization\",\"name\":\"STYLORAL PTE. LTD\",\"url\":\"https:\/\/loftrunway.com\/de\/\",\"logo\":{\"@type\":\"ImageObject\",\"inLanguage\":\"de\",\"@id\":\"https:\/\/loftrunway.com\/de\/#\/schema\/logo\/image\/\",\"url\":\"https:\/\/www.loftrunway.com\/wp-content\/uploads\/2025\/12\/logo.png\",\"contentUrl\":\"https:\/\/www.loftrunway.com\/wp-content\/uploads\/2025\/12\/logo.png\",\"width\":200,\"height\":65,\"caption\":\"STYLORAL PTE. LTD\"},\"image\":{\"@id\":\"https:\/\/loftrunway.com\/de\/#\/schema\/logo\/image\/\"}}]}<\/script>\n<!-- \/ Yoast SEO plugin. -->","yoast_head_json":{"title":"New Balance Fresh Foam X More v4 2E Wide 'Sea Salt Blue Oasis'  - Loftrunway","robots":{"index":"index","follow":"follow","max-snippet":"max-snippet:-1","max-image-preview":"max-image-preview:large","max-video-preview":"max-video-preview:-1"},"canonical":"https:\/\/loftrunway.com\/de\/products\/new-balance-fresh-foam-x-more-v4-2e-wide-sea-salt-blue-oasis\/","og_locale":"de_DE","og_type":"article","og_title":"New Balance Fresh Foam X More v4 2E Wide 'Sea Salt Blue Oasis'  - Loftrunway","og_description":"NB Fresh Foam X More v4 2E Wide 'Sea Salt Blue Oasis'","og_url":"https:\/\/loftrunway.com\/de\/products\/new-balance-fresh-foam-x-more-v4-2e-wide-sea-salt-blue-oasis\/","og_site_name":"loftRUN Sneaker Store","article_modified_time":"2026-04-03T12:35:19+00:00","twitter_card":"summary_large_image","twitter_image":"https:\/\/images.novelship.com\/product\/new_balance_fresh_foam_x_more_v4_2e_wide__sea_salt_0_87033.png","schema":{"@context":"https:\/\/schema.org","@graph":[{"@type":"WebPage","@id":"https:\/\/loftrunway.com\/de\/products\/new-balance-fresh-foam-x-more-v4-2e-wide-sea-salt-blue-oasis\/","url":"https:\/\/loftrunway.com\/de\/products\/new-balance-fresh-foam-x-more-v4-2e-wide-sea-salt-blue-oasis\/","name":"New Balance Fresh Foam X More v4 2E Wide 'Sea Salt Blue Oasis' - Loftrunway","isPartOf":{"@id":"https:\/\/loftrunway.com\/de\/#website"},"primaryImageOfPage":{"@id":"https:\/\/loftrunway.com\/de\/products\/new-balance-fresh-foam-x-more-v4-2e-wide-sea-salt-blue-oasis\/#primaryimage"},"image":{"@id":"https:\/\/loftrunway.com\/de\/products\/new-balance-fresh-foam-x-more-v4-2e-wide-sea-salt-blue-oasis\/#primaryimage"},"thumbnailUrl":"https:\/\/images.novelship.com\/product\/new_balance_fresh_foam_x_more_v4_2e_wide__sea_salt_0_87033.png","datePublished":"2026-03-02T08:09:33+00:00","dateModified":"2026-04-03T12:35:19+00:00","breadcrumb":{"@id":"https:\/\/loftrunway.com\/de\/products\/new-balance-fresh-foam-x-more-v4-2e-wide-sea-salt-blue-oasis\/#breadcrumb"},"inLanguage":"de","potentialAction":[{"@type":"ReadAction","target":["https:\/\/loftrunway.com\/de\/products\/new-balance-fresh-foam-x-more-v4-2e-wide-sea-salt-blue-oasis\/"]}]},{"@type":"ImageObject","inLanguage":"de","@id":"https:\/\/loftrunway.com\/de\/products\/new-balance-fresh-foam-x-more-v4-2e-wide-sea-salt-blue-oasis\/#primaryimage","url":"https:\/\/images.novelship.com\/product\/new_balance_fresh_foam_x_more_v4_2e_wide__sea_salt_0_87033.png","contentUrl":"https:\/\/images.novelship.com\/product\/new_balance_fresh_foam_x_more_v4_2e_wide__sea_salt_0_87033.png"},{"@type":"BreadcrumbList","@id":"https:\/\/loftrunway.com\/de\/products\/new-balance-fresh-foam-x-more-v4-2e-wide-sea-salt-blue-oasis\/#breadcrumb","itemListElement":[{"@type":"ListItem","position":1,"name":"Home","item":"https:\/\/loftrunway.com\/de\/"},{"@type":"ListItem","position":2,"name":"Shop","item":"https:\/\/loftrunway.com\/de\/shop\/"},{"@type":"ListItem","position":3,"name":"New Balance Fresh Foam X More v4 2E Wide &#8218;Sea Salt Blue Oasis&#8216;"}]},{"@type":"WebSite","@id":"https:\/\/loftrunway.com\/de\/#website","url":"https:\/\/loftrunway.com\/de\/","name":"Styloral Jewelry Shop","description":"Der Ort, an dem man alle Arten von Sneakern findet","publisher":{"@id":"https:\/\/loftrunway.com\/de\/#organization"},"potentialAction":[{"@type":"SearchAction","target":{"@type":"EntryPoint","urlTemplate":"https:\/\/loftrunway.com\/de\/?s={search_term_string}"},"query-input":{"@type":"PropertyValueSpecification","valueRequired":true,"valueName":"search_term_string"}}],"inLanguage":"de"},{"@type":"Organization","@id":"https:\/\/loftrunway.com\/de\/#organization","name":"STYLORAL PTE. LTD","url":"https:\/\/loftrunway.com\/de\/","logo":{"@type":"ImageObject","inLanguage":"de","@id":"https:\/\/loftrunway.com\/de\/#\/schema\/logo\/image\/","url":"https:\/\/www.loftrunway.com\/wp-content\/uploads\/2025\/12\/logo.png","contentUrl":"https:\/\/www.loftrunway.com\/wp-content\/uploads\/2025\/12\/logo.png","width":200,"height":65,"caption":"STYLORAL PTE. LTD"},"image":{"@id":"https:\/\/loftrunway.com\/de\/#\/schema\/logo\/image\/"}}]}},"_links":{"self":[{"href":"https:\/\/loftrunway.com\/de\/wp-json\/wp\/v2\/product\/51103","targetHints":{"allow":["GET"]}}],"collection":[{"href":"https:\/\/loftrunway.com\/de\/wp-json\/wp\/v2\/product"}],"about":[{"href":"https:\/\/loftrunway.com\/de\/wp-json\/wp\/v2\/types\/product"}],"replies":[{"embeddable":true,"href":"https:\/\/loftrunway.com\/de\/wp-json\/wp\/v2\/comments?post=51103"}],"wp:featuredmedia":[{"embeddable":true,"href":"https:\/\/loftrunway.com\/de\/wp-json\/wp\/v2\/media\/51104"}],"wp:attachment":[{"href":"https:\/\/loftrunway.com\/de\/wp-json\/wp\/v2\/media?parent=51103"}],"wp:term":[{"taxonomy":"product_brand","embeddable":true,"href":"https:\/\/loftrunway.com\/de\/wp-json\/wp\/v2\/product_brand?post=51103"},{"taxonomy":"product_cat","embeddable":true,"href":"https:\/\/loftrunway.com\/de\/wp-json\/wp\/v2\/product_cat?post=51103"},{"taxonomy":"product_tag","embeddable":true,"href":"https:\/\/loftrunway.com\/de\/wp-json\/wp\/v2\/product_tag?post=51103"}],"curies":[{"name":"wp","href":"https:\/\/api.w.org\/{rel}","templated":true}]}}