{"id":53032,"date":"2026-03-02T15:12:23","date_gmt":"2026-03-02T08:12:23","guid":{"rendered":"http:\/\/loftrunway.com\/product\/lebron-nxxt-genisus-ep"},"modified":"2026-04-02T14:43:28","modified_gmt":"2026-04-02T07:43:28","slug":"lebron-nxxt-genisus-ep","status":"publish","type":"product","link":"https:\/\/loftrunway.com\/de\/products\/lebron-nxxt-genisus-ep\/","title":{"rendered":"LeBron NXXT Genisus EP"},"content":{"rendered":"<p>Erlebe bahnbrechende Performance mit dem LeBron NXXT Genisus EP HF0711-005, einem Basketballschuh, der h\u00f6chste Anspr\u00fcche an Komfort, Langlebigkeit und Style erf\u00fcllt. Entwickelt f\u00fcr Athleten, die auf dem Court H\u00f6chstleistungen fordern, bietet dieser Schuh fortschrittliche D\u00e4mpfungstechnologie f\u00fcr optimale Sto\u00dfabsorption und ein geringes Gewicht f\u00fcr maximale Geschwindigkeit und Agilit\u00e4t.<\/p>\n<p>Die Au\u00dfensohle f\u00fcr verschiedene Untergr\u00fcnde bietet au\u00dfergew\u00f6hnlichen Grip und sorgt f\u00fcr Stabilit\u00e4t bei schnellen Bewegungen und explosiven Spielz\u00fcgen. Sein schlankes, modernes Design verbindet sich m\u00fchelos mit einer markanten \u00c4sthetik und macht ihn zu einer herausragenden Wahl auf und neben dem Court. Gefertigt aus hochwertigen Materialien, garantiert der LeBron NXXT Genisus EP optimale Atmungsaktivit\u00e4t und langanhaltende Performance \u201d\u201c f\u00fcr beste Unterst\u00fctzung in jedem Spiel, Training oder Freizeit-Outfit.<\/p>\n<p>Egal, ob du dein sportliches Potenzial voll aussch\u00f6pfen oder deinen Streetwear-Style aufwerten willst: Der LeBron NXXT Genisus EP ist ein vielseitiger Schuh, der die Legende von LeBron James zelebriert und gleichzeitig perfekt zu deinem dynamischen Lifestyle passt. Steigere deine Performance mit diesem legend\u00e4ren Schuh, der mit innovativem Design und unvergleichlicher Technologie ausgestattet ist.<\/p>\n<ul>\n<li><strong>Farbgebung:<\/strong> Platinviolett\/Amethyst-T\u00f6nung\/Magische Glut\/Off Noir<\/li>\n<li><strong>Artikelnummer:<\/strong> HF0711-005<\/li>\n<li><strong>Obermaterial:<\/strong> Mesh<\/li>\n<li><strong>Zwischensohle:<\/strong> Zoom Air<\/li>\n<li><strong>Farbe:<\/strong> Beige<\/li>\n<\/ul>\n","protected":false},"excerpt":{"rendered":"<p>Nike LeBron NXXT Genisus EP \u201d\u201d Platinum Violet\/Amethyst Tint\/Magic Ember\/Off Noir<\/p>\n","protected":false},"featured_media":53033,"comment_status":"open","ping_status":"closed","template":"","meta":[],"product_brand":[],"product_cat":[10803,41273],"product_tag":[10799,10800,10801,10802,10758],"class_list":{"0":"post-53032","1":"product","2":"type-product","3":"status-publish","4":"has-post-thumbnail","6":"product_cat-nike","7":"product_cat-remove","8":"product_tag-ankle-support-basketball-shoes","9":"product_tag-basketball-shoes","10":"product_tag-nike","11":"product_tag-performance-sport-shoes","12":"product_tag-under-retail","13":"wcpa_has_options","15":"first","16":"instock","17":"taxable","18":"shipping-taxable","19":"purchasable","20":"product-type-simple"},"wcpa_form_fields":{"rules":{"pric_overide_base_price":false,"pric_overide_base_price_if_gt_zero":false,"pric_overide_base_price_fully":false,"pric_cal_option_once":false,"pric_use_as_fee":false,"bind_quantity":false,"quantity_bind_formula":false},"fields":[{"type":"color-group","required":true,"elementId":"wcpa-color-group-66c4a75505e74","label":"Gr\u00f6\u00dfe - EU Gr\u00f6\u00dfe","inline":true,"priceOptions":"different_for_all","pricingType":"fixed","className":"hassizechart product-shoes-size-eu product-shoes-size","name":"color-group-66c4a75505e89","disp_type":"square","selection_type":"tick-border","disp_size":"44","show_label_inside":true,"adjust_width":true,"cart_display_type":"text","other_text":"Other","cl_rule":"show","col":6,"values":[{"label":"35.5","value":"EU 35.5","price":"","pimage":"","pimage_id":"","pthumb":"","color":""},{"label":"36","value":"EU 36","price":"","pimage":"","pimage_id":"","pthumb":"","color":"","selected":true},{"label":"36.5","value":"EU 36.5","price":"","pimage":"","pimage_id":"","pthumb":"","color":""},{"label":"37.5","value":"EU 37.5","price":"","pimage":"","pimage_id":"","pthumb":"","color":""},{"label":"38","value":"EU 38","price":"","pimage":"","pimage_id":"","pthumb":"","color":""},{"label":"38.5","value":"EU 38.5","price":"","pimage":"","pimage_id":"","pthumb":"","color":""},{"label":"39","value":"EU 39","price":"","pimage":"","pimage_id":"","pthumb":"","color":""},{"label":"40","value":"EU 40","price":"","pimage":"","pimage_id":"","pthumb":"","color":""},{"label":"40.5","value":"EU 40.5","price":"","pimage":"","pimage_id":"","pthumb":"","color":""},{"label":"41","value":"EU 41","price":"","pimage":"","pimage_id":"","pthumb":"","color":""},{"label":"42","value":"EU 42","price":"","pimage":"","pimage_id":"","pthumb":"","color":""},{"label":"42.5","value":"EU 42.5","price":"","pimage":"","pimage_id":"","pthumb":"","color":""},{"label":"43","value":"EU 43","price":"","pimage":"","pimage_id":"","pthumb":"","color":""},{"label":"44","value":"EU 44","price":"","pimage":"","pimage_id":"","pthumb":"","color":""},{"label":"44.5","value":"EU 44.5","price":"","pimage":"","pimage_id":"","pthumb":"","color":""},{"label":"45","value":"EU 45","price":"","pimage":"","pimage_id":"","pthumb":"","color":""},{"label":"45.5","value":"EU 45.5","price":"","pimage":"","pimage_id":"","pthumb":"","color":""},{"label":"46","value":"EU 46","price":"","pimage":"","pimage_id":"","pthumb":"","color":""},{"label":"47","value":"EU 47","price":"","pimage":"","pimage_id":"","pthumb":"","color":""},{"label":"47.5","value":"EU 47.5","price":"","pimage":"","pimage_id":"","pthumb":"","color":""},{"label":"48","value":"EU 48","price":"","pimage":"","pimage_id":"","pthumb":"","color":""}],"relations":[{"operator":false,"rules":[]}],"form_id":18106,"form_rules":{"pric_cal_option_once":false,"exclude_from_discount":false,"pric_use_as_fee":false,"fee_label":"Fee","render_after_acb":false,"disp_hide_options_price":false}}]},"yoast_head":"<!-- This site is optimized with the Yoast SEO plugin v26.5 - https:\/\/yoast.com\/wordpress\/plugins\/seo\/ -->\n<title>LeBron NXXT Genisus EP  - Loftrunway<\/title>\n<meta name=\"robots\" content=\"index, follow, max-snippet:-1, max-image-preview:large, max-video-preview:-1\" \/>\n<link rel=\"canonical\" href=\"https:\/\/loftrunway.com\/de\/products\/lebron-nxxt-genisus-ep\/\" \/>\n<meta property=\"og:locale\" content=\"de_DE\" \/>\n<meta property=\"og:type\" content=\"article\" \/>\n<meta property=\"og:title\" content=\"LeBron NXXT Genisus EP  - Loftrunway\" \/>\n<meta property=\"og:description\" content=\"Nike LeBron NXXT Genisus EP \u201d\u201d Platinum Violet\/Amethyst Tint\/Magic Ember\/Off Noir\" \/>\n<meta property=\"og:url\" content=\"https:\/\/loftrunway.com\/de\/products\/lebron-nxxt-genisus-ep\/\" \/>\n<meta property=\"og:site_name\" content=\"loftRUN Sneaker Store\" \/>\n<meta property=\"article:modified_time\" content=\"2026-04-02T07:43:28+00:00\" \/>\n<meta name=\"twitter:card\" content=\"summary_large_image\" \/>\n<meta name=\"twitter:image\" content=\"https:\/\/images.novelship.com\/product\/lebron_nxxt_genisus_ep_hf0711-005_0_59691.png\" \/>\n<meta name=\"twitter:label1\" content=\"Gesch\u00e4tzte Lesezeit\" \/>\n\t<meta name=\"twitter:data1\" content=\"1\u00a0Minute\" \/>\n<script type=\"application\/ld+json\" class=\"yoast-schema-graph\">{\"@context\":\"https:\/\/schema.org\",\"@graph\":[{\"@type\":\"WebPage\",\"@id\":\"https:\/\/loftrunway.com\/de\/products\/lebron-nxxt-genisus-ep\/\",\"url\":\"https:\/\/loftrunway.com\/de\/products\/lebron-nxxt-genisus-ep\/\",\"name\":\"LeBron NXXT Genisus EP - Loftrunway\",\"isPartOf\":{\"@id\":\"https:\/\/loftrunway.com\/de\/#website\"},\"primaryImageOfPage\":{\"@id\":\"https:\/\/loftrunway.com\/de\/products\/lebron-nxxt-genisus-ep\/#primaryimage\"},\"image\":{\"@id\":\"https:\/\/loftrunway.com\/de\/products\/lebron-nxxt-genisus-ep\/#primaryimage\"},\"thumbnailUrl\":\"https:\/\/images.novelship.com\/product\/lebron_nxxt_genisus_ep_hf0711-005_0_59691.png\",\"datePublished\":\"2026-03-02T08:12:23+00:00\",\"dateModified\":\"2026-04-02T07:43:28+00:00\",\"breadcrumb\":{\"@id\":\"https:\/\/loftrunway.com\/de\/products\/lebron-nxxt-genisus-ep\/#breadcrumb\"},\"inLanguage\":\"de\",\"potentialAction\":[{\"@type\":\"ReadAction\",\"target\":[\"https:\/\/loftrunway.com\/de\/products\/lebron-nxxt-genisus-ep\/\"]}]},{\"@type\":\"ImageObject\",\"inLanguage\":\"de\",\"@id\":\"https:\/\/loftrunway.com\/de\/products\/lebron-nxxt-genisus-ep\/#primaryimage\",\"url\":\"https:\/\/images.novelship.com\/product\/lebron_nxxt_genisus_ep_hf0711-005_0_59691.png\",\"contentUrl\":\"https:\/\/images.novelship.com\/product\/lebron_nxxt_genisus_ep_hf0711-005_0_59691.png\"},{\"@type\":\"BreadcrumbList\",\"@id\":\"https:\/\/loftrunway.com\/de\/products\/lebron-nxxt-genisus-ep\/#breadcrumb\",\"itemListElement\":[{\"@type\":\"ListItem\",\"position\":1,\"name\":\"Home\",\"item\":\"https:\/\/loftrunway.com\/de\/\"},{\"@type\":\"ListItem\",\"position\":2,\"name\":\"Shop\",\"item\":\"https:\/\/loftrunway.com\/de\/shop\/\"},{\"@type\":\"ListItem\",\"position\":3,\"name\":\"LeBron NXXT Genisus EP\"}]},{\"@type\":\"WebSite\",\"@id\":\"https:\/\/loftrunway.com\/de\/#website\",\"url\":\"https:\/\/loftrunway.com\/de\/\",\"name\":\"Styloral Jewelry Shop\",\"description\":\"Der Ort, an dem man alle Arten von Sneakern findet\",\"publisher\":{\"@id\":\"https:\/\/loftrunway.com\/de\/#organization\"},\"potentialAction\":[{\"@type\":\"SearchAction\",\"target\":{\"@type\":\"EntryPoint\",\"urlTemplate\":\"https:\/\/loftrunway.com\/de\/?s={search_term_string}\"},\"query-input\":{\"@type\":\"PropertyValueSpecification\",\"valueRequired\":true,\"valueName\":\"search_term_string\"}}],\"inLanguage\":\"de\"},{\"@type\":\"Organization\",\"@id\":\"https:\/\/loftrunway.com\/de\/#organization\",\"name\":\"STYLORAL PTE. LTD\",\"url\":\"https:\/\/loftrunway.com\/de\/\",\"logo\":{\"@type\":\"ImageObject\",\"inLanguage\":\"de\",\"@id\":\"https:\/\/loftrunway.com\/de\/#\/schema\/logo\/image\/\",\"url\":\"https:\/\/www.loftrunway.com\/wp-content\/uploads\/2025\/12\/logo.png\",\"contentUrl\":\"https:\/\/www.loftrunway.com\/wp-content\/uploads\/2025\/12\/logo.png\",\"width\":200,\"height\":65,\"caption\":\"STYLORAL PTE. LTD\"},\"image\":{\"@id\":\"https:\/\/loftrunway.com\/de\/#\/schema\/logo\/image\/\"}}]}<\/script>\n<!-- \/ Yoast SEO plugin. -->","yoast_head_json":{"title":"LeBron NXXT Genisus EP  - Loftrunway","robots":{"index":"index","follow":"follow","max-snippet":"max-snippet:-1","max-image-preview":"max-image-preview:large","max-video-preview":"max-video-preview:-1"},"canonical":"https:\/\/loftrunway.com\/de\/products\/lebron-nxxt-genisus-ep\/","og_locale":"de_DE","og_type":"article","og_title":"LeBron NXXT Genisus EP  - Loftrunway","og_description":"Nike LeBron NXXT Genisus EP \u201d\u201d Platinum Violet\/Amethyst Tint\/Magic Ember\/Off Noir","og_url":"https:\/\/loftrunway.com\/de\/products\/lebron-nxxt-genisus-ep\/","og_site_name":"loftRUN Sneaker Store","article_modified_time":"2026-04-02T07:43:28+00:00","twitter_card":"summary_large_image","twitter_image":"https:\/\/images.novelship.com\/product\/lebron_nxxt_genisus_ep_hf0711-005_0_59691.png","twitter_misc":{"Gesch\u00e4tzte Lesezeit":"1\u00a0Minute"},"schema":{"@context":"https:\/\/schema.org","@graph":[{"@type":"WebPage","@id":"https:\/\/loftrunway.com\/de\/products\/lebron-nxxt-genisus-ep\/","url":"https:\/\/loftrunway.com\/de\/products\/lebron-nxxt-genisus-ep\/","name":"LeBron NXXT Genisus EP - Loftrunway","isPartOf":{"@id":"https:\/\/loftrunway.com\/de\/#website"},"primaryImageOfPage":{"@id":"https:\/\/loftrunway.com\/de\/products\/lebron-nxxt-genisus-ep\/#primaryimage"},"image":{"@id":"https:\/\/loftrunway.com\/de\/products\/lebron-nxxt-genisus-ep\/#primaryimage"},"thumbnailUrl":"https:\/\/images.novelship.com\/product\/lebron_nxxt_genisus_ep_hf0711-005_0_59691.png","datePublished":"2026-03-02T08:12:23+00:00","dateModified":"2026-04-02T07:43:28+00:00","breadcrumb":{"@id":"https:\/\/loftrunway.com\/de\/products\/lebron-nxxt-genisus-ep\/#breadcrumb"},"inLanguage":"de","potentialAction":[{"@type":"ReadAction","target":["https:\/\/loftrunway.com\/de\/products\/lebron-nxxt-genisus-ep\/"]}]},{"@type":"ImageObject","inLanguage":"de","@id":"https:\/\/loftrunway.com\/de\/products\/lebron-nxxt-genisus-ep\/#primaryimage","url":"https:\/\/images.novelship.com\/product\/lebron_nxxt_genisus_ep_hf0711-005_0_59691.png","contentUrl":"https:\/\/images.novelship.com\/product\/lebron_nxxt_genisus_ep_hf0711-005_0_59691.png"},{"@type":"BreadcrumbList","@id":"https:\/\/loftrunway.com\/de\/products\/lebron-nxxt-genisus-ep\/#breadcrumb","itemListElement":[{"@type":"ListItem","position":1,"name":"Home","item":"https:\/\/loftrunway.com\/de\/"},{"@type":"ListItem","position":2,"name":"Shop","item":"https:\/\/loftrunway.com\/de\/shop\/"},{"@type":"ListItem","position":3,"name":"LeBron NXXT Genisus EP"}]},{"@type":"WebSite","@id":"https:\/\/loftrunway.com\/de\/#website","url":"https:\/\/loftrunway.com\/de\/","name":"Styloral Jewelry Shop","description":"Der Ort, an dem man alle Arten von Sneakern findet","publisher":{"@id":"https:\/\/loftrunway.com\/de\/#organization"},"potentialAction":[{"@type":"SearchAction","target":{"@type":"EntryPoint","urlTemplate":"https:\/\/loftrunway.com\/de\/?s={search_term_string}"},"query-input":{"@type":"PropertyValueSpecification","valueRequired":true,"valueName":"search_term_string"}}],"inLanguage":"de"},{"@type":"Organization","@id":"https:\/\/loftrunway.com\/de\/#organization","name":"STYLORAL PTE. LTD","url":"https:\/\/loftrunway.com\/de\/","logo":{"@type":"ImageObject","inLanguage":"de","@id":"https:\/\/loftrunway.com\/de\/#\/schema\/logo\/image\/","url":"https:\/\/www.loftrunway.com\/wp-content\/uploads\/2025\/12\/logo.png","contentUrl":"https:\/\/www.loftrunway.com\/wp-content\/uploads\/2025\/12\/logo.png","width":200,"height":65,"caption":"STYLORAL PTE. LTD"},"image":{"@id":"https:\/\/loftrunway.com\/de\/#\/schema\/logo\/image\/"}}]}},"_links":{"self":[{"href":"https:\/\/loftrunway.com\/de\/wp-json\/wp\/v2\/product\/53032","targetHints":{"allow":["GET"]}}],"collection":[{"href":"https:\/\/loftrunway.com\/de\/wp-json\/wp\/v2\/product"}],"about":[{"href":"https:\/\/loftrunway.com\/de\/wp-json\/wp\/v2\/types\/product"}],"replies":[{"embeddable":true,"href":"https:\/\/loftrunway.com\/de\/wp-json\/wp\/v2\/comments?post=53032"}],"wp:featuredmedia":[{"embeddable":true,"href":"https:\/\/loftrunway.com\/de\/wp-json\/wp\/v2\/media\/53033"}],"wp:attachment":[{"href":"https:\/\/loftrunway.com\/de\/wp-json\/wp\/v2\/media?parent=53032"}],"wp:term":[{"taxonomy":"product_brand","embeddable":true,"href":"https:\/\/loftrunway.com\/de\/wp-json\/wp\/v2\/product_brand?post=53032"},{"taxonomy":"product_cat","embeddable":true,"href":"https:\/\/loftrunway.com\/de\/wp-json\/wp\/v2\/product_cat?post=53032"},{"taxonomy":"product_tag","embeddable":true,"href":"https:\/\/loftrunway.com\/de\/wp-json\/wp\/v2\/product_tag?post=53032"}],"curies":[{"name":"wp","href":"https:\/\/api.w.org\/{rel}","templated":true}]}}