{"id":5348,"date":"2026-02-20T14:27:32","date_gmt":"2026-02-20T07:27:32","guid":{"rendered":"http:\/\/loftrunway.com\/product\/wmns-air-jordan-4-rm-ghost-sail-pure-platinum-fq7940-010"},"modified":"2026-04-02T14:18:33","modified_gmt":"2026-04-02T07:18:33","slug":"wmns-air-jordan-4-rm-ghost-sail-pure-platinum-fq7940-010","status":"publish","type":"product","link":"https:\/\/loftrunway.com\/de\/products\/wmns-air-jordan-4-rm-ghost-sail-pure-platinum-fq7940-010\/","title":{"rendered":"Wmns Jordan 4 RM &#8218;Ghost Sail Pure Platinum&#8216;"},"content":{"rendered":"<p>Mit dem Air Jordan 4 RM &#8218;Light Blue&#8216; hebst du deinen Sneaker-Style auf \u2013 die perfekte Mischung aus zeitlosem Stil und modernem Komfort. Exklusiv f\u00fcr Damen designt, kombiniert seine elegante Silhouette hochwertige Materialien mit einem erfrischenden Hellblau und ist ideal f\u00fcr vielseitige Stylings. Die Air-Sole-Einheit sorgt f\u00fcr reaktionsfreudige D\u00e4mpfung und garantiert ganzt\u00e4gigen Tragekomfort, egal ob auf der Stra\u00dfe oder auf dem Court. Mit seinen klassischen Mesh-Eins\u00e4tzen und den charakteristischen Wing-\u00d6sen zollt der Air Jordan 4 RM &#8218;Light Blue&#8216; der legend\u00e4ren Jordan-Tradition Tribut und verleiht ihr gleichzeitig einen modernen Touch. Die strapazierf\u00e4hige Au\u00dfensohle bietet hervorragende Traktion und gibt dir Stabilit\u00e4t und Halt bei jedem Schritt. Mit viel Liebe zum Detail und hochwertiger Verarbeitung ist dieser Sneaker perfekt f\u00fcr Performance und Alltag. Ob zu Athleisure- oder Casual-Outfits \u2013 er ist ein Must-have f\u00fcr jede Sneaker-Sammlung und vereint Funktionalit\u00e4t mit einem echten Hingucker. Feiere deinen einzigartigen Style und setze ein Statement mit diesem ikonischen Design, das die Sneaker-Kultur seit Generationen pr\u00e4gt. Der Air Jordan 4 RM \u201eLight Blue\u201c vereint m\u00fchelos Tradition und Innovation. Dieser zeitlose Klassiker wurde f\u00fcr die moderne Frau von heute neu interpretiert, die Performance und Eleganz sucht. Jetzt erh\u00e4ltlich \u2013 erleben Sie die ultimative Fusion aus sportlicher Raffinesse und l\u00e4ssigem Flair.<\/p>\n<ul>\n<li><strong>Farbgebung:<\/strong> Ghost\/Sail\/Pure Platinum<\/li>\n<li><strong>Style-Code:<\/strong> FQ7940-010<\/li>\n<li><strong>Obermaterial:<\/strong> Wildleder<\/li>\n<li><strong>Farbe:<\/strong> Wei\u00df<\/li>\n<li><strong>Erscheinungsjahr:<\/strong> 2025<\/li>\n<\/ul>\n","protected":false},"excerpt":{"rendered":"<p>Jordan None \u2014 Ghost\/Sail\/Pure Platinum<\/p>\n","protected":false},"featured_media":5349,"comment_status":"open","ping_status":"closed","template":"","meta":[],"product_brand":[],"product_cat":[218,41273],"product_tag":[],"class_list":{"0":"post-5348","1":"product","2":"type-product","3":"status-publish","4":"has-post-thumbnail","6":"product_cat-air-jordan-2026","7":"product_cat-remove","8":"wcpa_has_options","10":"first","11":"instock","12":"taxable","13":"shipping-taxable","14":"purchasable","15":"product-type-simple"},"wcpa_form_fields":{"rules":{"pric_overide_base_price":false,"pric_overide_base_price_if_gt_zero":false,"pric_overide_base_price_fully":false,"pric_cal_option_once":false,"pric_use_as_fee":false,"bind_quantity":false,"quantity_bind_formula":false},"fields":[{"type":"color-group","required":true,"elementId":"wcpa-color-group-66c4a75505e74","label":"Gr\u00f6\u00dfe - EU Gr\u00f6\u00dfe","inline":true,"priceOptions":"different_for_all","pricingType":"fixed","className":"hassizechart product-shoes-size-eu product-shoes-size","name":"color-group-66c4a75505e89","disp_type":"square","selection_type":"tick-border","disp_size":"44","show_label_inside":true,"adjust_width":true,"cart_display_type":"text","other_text":"Other","cl_rule":"show","col":6,"values":[{"label":"35.5","value":"EU 35.5","price":"","pimage":"","pimage_id":"","pthumb":"","color":""},{"label":"36","value":"EU 36","price":"","pimage":"","pimage_id":"","pthumb":"","color":"","selected":true},{"label":"36.5","value":"EU 36.5","price":"","pimage":"","pimage_id":"","pthumb":"","color":""},{"label":"37.5","value":"EU 37.5","price":"","pimage":"","pimage_id":"","pthumb":"","color":""},{"label":"38","value":"EU 38","price":"","pimage":"","pimage_id":"","pthumb":"","color":""},{"label":"38.5","value":"EU 38.5","price":"","pimage":"","pimage_id":"","pthumb":"","color":""},{"label":"39","value":"EU 39","price":"","pimage":"","pimage_id":"","pthumb":"","color":""},{"label":"40","value":"EU 40","price":"","pimage":"","pimage_id":"","pthumb":"","color":""},{"label":"40.5","value":"EU 40.5","price":"","pimage":"","pimage_id":"","pthumb":"","color":""},{"label":"41","value":"EU 41","price":"","pimage":"","pimage_id":"","pthumb":"","color":""},{"label":"42","value":"EU 42","price":"","pimage":"","pimage_id":"","pthumb":"","color":""},{"label":"42.5","value":"EU 42.5","price":"","pimage":"","pimage_id":"","pthumb":"","color":""},{"label":"43","value":"EU 43","price":"","pimage":"","pimage_id":"","pthumb":"","color":""},{"label":"44","value":"EU 44","price":"","pimage":"","pimage_id":"","pthumb":"","color":""},{"label":"44.5","value":"EU 44.5","price":"","pimage":"","pimage_id":"","pthumb":"","color":""},{"label":"45","value":"EU 45","price":"","pimage":"","pimage_id":"","pthumb":"","color":""},{"label":"45.5","value":"EU 45.5","price":"","pimage":"","pimage_id":"","pthumb":"","color":""},{"label":"46","value":"EU 46","price":"","pimage":"","pimage_id":"","pthumb":"","color":""},{"label":"47","value":"EU 47","price":"","pimage":"","pimage_id":"","pthumb":"","color":""},{"label":"47.5","value":"EU 47.5","price":"","pimage":"","pimage_id":"","pthumb":"","color":""},{"label":"48","value":"EU 48","price":"","pimage":"","pimage_id":"","pthumb":"","color":""}],"relations":[{"operator":false,"rules":[]}],"form_id":18106,"form_rules":{"pric_cal_option_once":false,"exclude_from_discount":false,"pric_use_as_fee":false,"fee_label":"Fee","render_after_acb":false,"disp_hide_options_price":false}}]},"yoast_head":"<!-- This site is optimized with the Yoast SEO plugin v26.5 - https:\/\/yoast.com\/wordpress\/plugins\/seo\/ -->\n<title>Wmns Jordan 4 RM &#039;Ghost Sail Pure Platinum&#039; - Loftrunway<\/title>\n<meta name=\"robots\" content=\"index, follow, max-snippet:-1, max-image-preview:large, max-video-preview:-1\" \/>\n<link rel=\"canonical\" href=\"https:\/\/loftrunway.com\/de\/products\/wmns-air-jordan-4-rm-ghost-sail-pure-platinum-fq7940-010\/\" \/>\n<meta property=\"og:locale\" content=\"de_DE\" \/>\n<meta property=\"og:type\" content=\"article\" \/>\n<meta property=\"og:title\" content=\"Wmns Jordan 4 RM &#039;Ghost Sail Pure Platinum&#039; - Loftrunway\" \/>\n<meta property=\"og:description\" content=\"Jordan None \u2014 Ghost\/Sail\/Pure Platinum\" \/>\n<meta property=\"og:url\" content=\"https:\/\/loftrunway.com\/de\/products\/wmns-air-jordan-4-rm-ghost-sail-pure-platinum-fq7940-010\/\" \/>\n<meta property=\"og:site_name\" content=\"loftRUN Sneaker Store\" \/>\n<meta property=\"article:modified_time\" content=\"2026-04-02T07:18:33+00:00\" \/>\n<meta name=\"twitter:card\" content=\"summary_large_image\" \/>\n<meta name=\"twitter:image\" content=\"https:\/\/images.novelship.com\/product\/_women__air_jordan_4_rm__light_blue__fq7940-010_0_13919.jpeg\" \/>\n<meta name=\"twitter:label1\" content=\"Gesch\u00e4tzte Lesezeit\" \/>\n\t<meta name=\"twitter:data1\" content=\"1\u00a0Minute\" \/>\n<script type=\"application\/ld+json\" class=\"yoast-schema-graph\">{\"@context\":\"https:\/\/schema.org\",\"@graph\":[{\"@type\":\"WebPage\",\"@id\":\"https:\/\/loftrunway.com\/de\/products\/wmns-air-jordan-4-rm-ghost-sail-pure-platinum-fq7940-010\/\",\"url\":\"https:\/\/loftrunway.com\/de\/products\/wmns-air-jordan-4-rm-ghost-sail-pure-platinum-fq7940-010\/\",\"name\":\"Wmns Jordan 4 RM 'Ghost Sail Pure Platinum' - Loftrunway\",\"isPartOf\":{\"@id\":\"https:\/\/loftrunway.com\/de\/#website\"},\"primaryImageOfPage\":{\"@id\":\"https:\/\/loftrunway.com\/de\/products\/wmns-air-jordan-4-rm-ghost-sail-pure-platinum-fq7940-010\/#primaryimage\"},\"image\":{\"@id\":\"https:\/\/loftrunway.com\/de\/products\/wmns-air-jordan-4-rm-ghost-sail-pure-platinum-fq7940-010\/#primaryimage\"},\"thumbnailUrl\":\"https:\/\/images.novelship.com\/product\/_women__air_jordan_4_rm__light_blue__fq7940-010_0_13919.jpeg\",\"datePublished\":\"2026-02-20T07:27:32+00:00\",\"dateModified\":\"2026-04-02T07:18:33+00:00\",\"breadcrumb\":{\"@id\":\"https:\/\/loftrunway.com\/de\/products\/wmns-air-jordan-4-rm-ghost-sail-pure-platinum-fq7940-010\/#breadcrumb\"},\"inLanguage\":\"de\",\"potentialAction\":[{\"@type\":\"ReadAction\",\"target\":[\"https:\/\/loftrunway.com\/de\/products\/wmns-air-jordan-4-rm-ghost-sail-pure-platinum-fq7940-010\/\"]}]},{\"@type\":\"ImageObject\",\"inLanguage\":\"de\",\"@id\":\"https:\/\/loftrunway.com\/de\/products\/wmns-air-jordan-4-rm-ghost-sail-pure-platinum-fq7940-010\/#primaryimage\",\"url\":\"https:\/\/images.novelship.com\/product\/_women__air_jordan_4_rm__light_blue__fq7940-010_0_13919.jpeg\",\"contentUrl\":\"https:\/\/images.novelship.com\/product\/_women__air_jordan_4_rm__light_blue__fq7940-010_0_13919.jpeg\"},{\"@type\":\"BreadcrumbList\",\"@id\":\"https:\/\/loftrunway.com\/de\/products\/wmns-air-jordan-4-rm-ghost-sail-pure-platinum-fq7940-010\/#breadcrumb\",\"itemListElement\":[{\"@type\":\"ListItem\",\"position\":1,\"name\":\"Home\",\"item\":\"https:\/\/loftrunway.com\/de\/\"},{\"@type\":\"ListItem\",\"position\":2,\"name\":\"Shop\",\"item\":\"https:\/\/loftrunway.com\/de\/shop\/\"},{\"@type\":\"ListItem\",\"position\":3,\"name\":\"Wmns Jordan 4 RM &#8218;Ghost Sail Pure Platinum&#8216;\"}]},{\"@type\":\"WebSite\",\"@id\":\"https:\/\/loftrunway.com\/de\/#website\",\"url\":\"https:\/\/loftrunway.com\/de\/\",\"name\":\"Styloral Jewelry Shop\",\"description\":\"Der Ort, an dem man alle Arten von Sneakern findet\",\"publisher\":{\"@id\":\"https:\/\/loftrunway.com\/de\/#organization\"},\"potentialAction\":[{\"@type\":\"SearchAction\",\"target\":{\"@type\":\"EntryPoint\",\"urlTemplate\":\"https:\/\/loftrunway.com\/de\/?s={search_term_string}\"},\"query-input\":{\"@type\":\"PropertyValueSpecification\",\"valueRequired\":true,\"valueName\":\"search_term_string\"}}],\"inLanguage\":\"de\"},{\"@type\":\"Organization\",\"@id\":\"https:\/\/loftrunway.com\/de\/#organization\",\"name\":\"STYLORAL PTE. LTD\",\"url\":\"https:\/\/loftrunway.com\/de\/\",\"logo\":{\"@type\":\"ImageObject\",\"inLanguage\":\"de\",\"@id\":\"https:\/\/loftrunway.com\/de\/#\/schema\/logo\/image\/\",\"url\":\"https:\/\/www.loftrunway.com\/wp-content\/uploads\/2025\/12\/logo.png\",\"contentUrl\":\"https:\/\/www.loftrunway.com\/wp-content\/uploads\/2025\/12\/logo.png\",\"width\":200,\"height\":65,\"caption\":\"STYLORAL PTE. LTD\"},\"image\":{\"@id\":\"https:\/\/loftrunway.com\/de\/#\/schema\/logo\/image\/\"}}]}<\/script>\n<!-- \/ Yoast SEO plugin. -->","yoast_head_json":{"title":"Wmns Jordan 4 RM 'Ghost Sail Pure Platinum' - Loftrunway","robots":{"index":"index","follow":"follow","max-snippet":"max-snippet:-1","max-image-preview":"max-image-preview:large","max-video-preview":"max-video-preview:-1"},"canonical":"https:\/\/loftrunway.com\/de\/products\/wmns-air-jordan-4-rm-ghost-sail-pure-platinum-fq7940-010\/","og_locale":"de_DE","og_type":"article","og_title":"Wmns Jordan 4 RM 'Ghost Sail Pure Platinum' - Loftrunway","og_description":"Jordan None \u2014 Ghost\/Sail\/Pure Platinum","og_url":"https:\/\/loftrunway.com\/de\/products\/wmns-air-jordan-4-rm-ghost-sail-pure-platinum-fq7940-010\/","og_site_name":"loftRUN Sneaker Store","article_modified_time":"2026-04-02T07:18:33+00:00","twitter_card":"summary_large_image","twitter_image":"https:\/\/images.novelship.com\/product\/_women__air_jordan_4_rm__light_blue__fq7940-010_0_13919.jpeg","twitter_misc":{"Gesch\u00e4tzte Lesezeit":"1\u00a0Minute"},"schema":{"@context":"https:\/\/schema.org","@graph":[{"@type":"WebPage","@id":"https:\/\/loftrunway.com\/de\/products\/wmns-air-jordan-4-rm-ghost-sail-pure-platinum-fq7940-010\/","url":"https:\/\/loftrunway.com\/de\/products\/wmns-air-jordan-4-rm-ghost-sail-pure-platinum-fq7940-010\/","name":"Wmns Jordan 4 RM 'Ghost Sail Pure Platinum' - Loftrunway","isPartOf":{"@id":"https:\/\/loftrunway.com\/de\/#website"},"primaryImageOfPage":{"@id":"https:\/\/loftrunway.com\/de\/products\/wmns-air-jordan-4-rm-ghost-sail-pure-platinum-fq7940-010\/#primaryimage"},"image":{"@id":"https:\/\/loftrunway.com\/de\/products\/wmns-air-jordan-4-rm-ghost-sail-pure-platinum-fq7940-010\/#primaryimage"},"thumbnailUrl":"https:\/\/images.novelship.com\/product\/_women__air_jordan_4_rm__light_blue__fq7940-010_0_13919.jpeg","datePublished":"2026-02-20T07:27:32+00:00","dateModified":"2026-04-02T07:18:33+00:00","breadcrumb":{"@id":"https:\/\/loftrunway.com\/de\/products\/wmns-air-jordan-4-rm-ghost-sail-pure-platinum-fq7940-010\/#breadcrumb"},"inLanguage":"de","potentialAction":[{"@type":"ReadAction","target":["https:\/\/loftrunway.com\/de\/products\/wmns-air-jordan-4-rm-ghost-sail-pure-platinum-fq7940-010\/"]}]},{"@type":"ImageObject","inLanguage":"de","@id":"https:\/\/loftrunway.com\/de\/products\/wmns-air-jordan-4-rm-ghost-sail-pure-platinum-fq7940-010\/#primaryimage","url":"https:\/\/images.novelship.com\/product\/_women__air_jordan_4_rm__light_blue__fq7940-010_0_13919.jpeg","contentUrl":"https:\/\/images.novelship.com\/product\/_women__air_jordan_4_rm__light_blue__fq7940-010_0_13919.jpeg"},{"@type":"BreadcrumbList","@id":"https:\/\/loftrunway.com\/de\/products\/wmns-air-jordan-4-rm-ghost-sail-pure-platinum-fq7940-010\/#breadcrumb","itemListElement":[{"@type":"ListItem","position":1,"name":"Home","item":"https:\/\/loftrunway.com\/de\/"},{"@type":"ListItem","position":2,"name":"Shop","item":"https:\/\/loftrunway.com\/de\/shop\/"},{"@type":"ListItem","position":3,"name":"Wmns Jordan 4 RM &#8218;Ghost Sail Pure Platinum&#8216;"}]},{"@type":"WebSite","@id":"https:\/\/loftrunway.com\/de\/#website","url":"https:\/\/loftrunway.com\/de\/","name":"Styloral Jewelry Shop","description":"Der Ort, an dem man alle Arten von Sneakern findet","publisher":{"@id":"https:\/\/loftrunway.com\/de\/#organization"},"potentialAction":[{"@type":"SearchAction","target":{"@type":"EntryPoint","urlTemplate":"https:\/\/loftrunway.com\/de\/?s={search_term_string}"},"query-input":{"@type":"PropertyValueSpecification","valueRequired":true,"valueName":"search_term_string"}}],"inLanguage":"de"},{"@type":"Organization","@id":"https:\/\/loftrunway.com\/de\/#organization","name":"STYLORAL PTE. LTD","url":"https:\/\/loftrunway.com\/de\/","logo":{"@type":"ImageObject","inLanguage":"de","@id":"https:\/\/loftrunway.com\/de\/#\/schema\/logo\/image\/","url":"https:\/\/www.loftrunway.com\/wp-content\/uploads\/2025\/12\/logo.png","contentUrl":"https:\/\/www.loftrunway.com\/wp-content\/uploads\/2025\/12\/logo.png","width":200,"height":65,"caption":"STYLORAL PTE. LTD"},"image":{"@id":"https:\/\/loftrunway.com\/de\/#\/schema\/logo\/image\/"}}]}},"_links":{"self":[{"href":"https:\/\/loftrunway.com\/de\/wp-json\/wp\/v2\/product\/5348","targetHints":{"allow":["GET"]}}],"collection":[{"href":"https:\/\/loftrunway.com\/de\/wp-json\/wp\/v2\/product"}],"about":[{"href":"https:\/\/loftrunway.com\/de\/wp-json\/wp\/v2\/types\/product"}],"replies":[{"embeddable":true,"href":"https:\/\/loftrunway.com\/de\/wp-json\/wp\/v2\/comments?post=5348"}],"wp:featuredmedia":[{"embeddable":true,"href":"https:\/\/loftrunway.com\/de\/wp-json\/wp\/v2\/media\/5349"}],"wp:attachment":[{"href":"https:\/\/loftrunway.com\/de\/wp-json\/wp\/v2\/media?parent=5348"}],"wp:term":[{"taxonomy":"product_brand","embeddable":true,"href":"https:\/\/loftrunway.com\/de\/wp-json\/wp\/v2\/product_brand?post=5348"},{"taxonomy":"product_cat","embeddable":true,"href":"https:\/\/loftrunway.com\/de\/wp-json\/wp\/v2\/product_cat?post=5348"},{"taxonomy":"product_tag","embeddable":true,"href":"https:\/\/loftrunway.com\/de\/wp-json\/wp\/v2\/product_tag?post=5348"}],"curies":[{"name":"wp","href":"https:\/\/api.w.org\/{rel}","templated":true}]}}