{"id":53870,"date":"2026-03-02T15:13:44","date_gmt":"2026-03-02T08:13:44","guid":{"rendered":"http:\/\/loftrunway.com\/product\/adidas-adizero-ambition-pulse-mint"},"modified":"2026-04-02T14:43:59","modified_gmt":"2026-04-02T07:43:59","slug":"adidas-adizero-ambition-pulse-mint","status":"publish","type":"product","link":"https:\/\/loftrunway.com\/de\/products\/adidas-adizero-ambition-pulse-mint\/","title":{"rendered":"adidas Adizero Ambition &#8218;Pulse Mint&#8216;"},"content":{"rendered":"<p>Wir pr\u00e4sentieren die adidas Adizero Ambition Pulse Mint Sneaker. Diese von adidas designten Sneaker bestechen durch ihr stylisches, mintgr\u00fcnes Farbschema, das jedem Outfit einen frischen Farbtupfer verleiht. Gefertigt aus hochwertigen Materialien bieten sie maximalen Komfort und Langlebigkeit. Die adidas Adizero Ambition Pulse Mint Sneaker sind die perfekte Erg\u00e4nzung f\u00fcr jede Schuhsammlung und eignen sich ideal f\u00fcr Sportler und Sneaker-Fans.<br \/>\n&#8230;<\/p>\n","protected":false},"excerpt":{"rendered":"<p>adidas Adizero Ambition \u201d\u201d Pulse Mint\/Core Black\/Lucid Blue<\/p>\n","protected":false},"featured_media":53871,"comment_status":"open","ping_status":"closed","template":"","meta":[],"product_brand":[],"product_cat":[10760,41273],"product_tag":[10759,11010,10753,10839,10802,10840,14617],"class_list":{"0":"post-53870","1":"product","2":"type-product","3":"status-publish","4":"has-post-thumbnail","6":"product_cat-adidas","7":"product_cat-remove","8":"product_tag-adidas","9":"product_tag-adidas-running-shoes","10":"product_tag-gift-for-him","11":"product_tag-performance-running-shoes","12":"product_tag-performance-sport-shoes","13":"product_tag-running-shoes","14":"product_tag-track-spikes-running-shoes","15":"wcpa_has_options","17":"first","18":"instock","19":"taxable","20":"shipping-taxable","21":"purchasable","22":"product-type-simple"},"wcpa_form_fields":{"rules":{"pric_overide_base_price":false,"pric_overide_base_price_if_gt_zero":false,"pric_overide_base_price_fully":false,"pric_cal_option_once":false,"pric_use_as_fee":false,"bind_quantity":false,"quantity_bind_formula":false},"fields":[{"type":"color-group","required":true,"elementId":"wcpa-color-group-66c4a7f817afe","label":"Gr\u00f6\u00dfe","inline":true,"priceOptions":"different_for_all","pricingType":"fixed","className":"hassizechart product-shoes-size-eu product-shoes-size","name":"color-group-66c4a7f817b18","disp_type":"square","selection_type":"tick-border","disp_size":"50","show_label_inside":true,"adjust_width":true,"cart_display_type":"text","other_text":"Other","cl_rule":"show","col":6,"values":[{"label":"35","value":"EU 35","price":"","pimage":"","pimage_id":"","pthumb":"","color":""},{"label":"35.5","value":"EU 35.5","price":"","pimage":"","pimage_id":"","pthumb":"","color":""},{"label":"36","value":"EU 36","price":"","pimage":"","pimage_id":"","pthumb":"","color":"","selected":true},{"label":"36 2\/3","value":"EU 36 2\/3","price":"","pimage":"","pimage_id":"","pthumb":"","color":""},{"label":"37 1\/3","value":"EU 37 1\/3","price":"","pimage":"","pimage_id":"","pthumb":"","color":""},{"label":"38","value":"EU 38","price":"","pimage":"","pimage_id":"","pthumb":"","color":""},{"label":"38 2\/3","value":"EU 38 2\/3","price":"","pimage":"","pimage_id":"","pthumb":"","color":""},{"label":"39 1\/3","value":"EU 39 1\/3","price":"","pimage":"","pimage_id":"","pthumb":"","color":""},{"label":"40","value":"EU 40","price":"","pimage":"","pimage_id":"","pthumb":"","color":""},{"label":"40 2\/3","value":"EU 40 2\/3","price":"","pimage":"","pimage_id":"","pthumb":"","color":""},{"label":"41 1\/3","value":"EU 41 1\/3","price":"","pimage":"","pimage_id":"","pthumb":"","color":""},{"label":"42","value":"EU 42","price":"","pimage":"","pimage_id":"","pthumb":"","color":""},{"label":"42 2\/3","value":"EU 42 2\/3","price":"","pimage":"","pimage_id":"","pthumb":"","color":""},{"label":"43 1\/3","value":"EU 43 1\/3","price":"","pimage":"","pimage_id":"","pthumb":"","color":""},{"label":"44","value":"EU 44","price":"","pimage":"","pimage_id":"","pthumb":"","color":""},{"label":"44 2\/3","value":"EU 44 2\/3","price":"","pimage":"","pimage_id":"","pthumb":"","color":""},{"label":"45 1\/3","value":"EU 45 1\/3","price":"","pimage":"","pimage_id":"","pthumb":"","color":""},{"label":"46","value":"EU 46","price":"","pimage":"","pimage_id":"","pthumb":"","color":""},{"label":"46 2\/3","value":"EU 46 2\/3","price":"","pimage":"","pimage_id":"","pthumb":"","color":""},{"label":"47 1\/3","value":"EU 47 1\/3","price":"","pimage":"","pimage_id":"","pthumb":"","color":""}],"relations":[{"operator":false,"rules":[]}],"form_id":24802,"form_rules":{"pric_cal_option_once":false,"exclude_from_discount":false,"pric_use_as_fee":false,"fee_label":"Fee","render_after_acb":false,"disp_hide_options_price":false}}]},"yoast_head":"<!-- This site is optimized with the Yoast SEO plugin v26.5 - https:\/\/yoast.com\/wordpress\/plugins\/seo\/ -->\n<title>adidas Adizero Ambition &#039;Pulse Mint&#039;  - Loftrunway<\/title>\n<meta name=\"robots\" content=\"index, follow, max-snippet:-1, max-image-preview:large, max-video-preview:-1\" \/>\n<link rel=\"canonical\" href=\"https:\/\/loftrunway.com\/de\/products\/adidas-adizero-ambition-pulse-mint\/\" \/>\n<meta property=\"og:locale\" content=\"de_DE\" \/>\n<meta property=\"og:type\" content=\"article\" \/>\n<meta property=\"og:title\" content=\"adidas Adizero Ambition &#039;Pulse Mint&#039;  - Loftrunway\" \/>\n<meta property=\"og:description\" content=\"adidas Adizero Ambition \u201d\u201d Pulse Mint\/Core Black\/Lucid Blue\" \/>\n<meta property=\"og:url\" content=\"https:\/\/loftrunway.com\/de\/products\/adidas-adizero-ambition-pulse-mint\/\" \/>\n<meta property=\"og:site_name\" content=\"loftRUN Sneaker Store\" \/>\n<meta property=\"article:modified_time\" content=\"2026-04-02T07:43:59+00:00\" \/>\n<meta name=\"twitter:card\" content=\"summary_large_image\" \/>\n<meta name=\"twitter:image\" content=\"https:\/\/images.novelship.com\/product\/adidas_adizero_ambition__pulse_mint__gv9068_0_35508.jpeg\" \/>\n<script type=\"application\/ld+json\" class=\"yoast-schema-graph\">{\"@context\":\"https:\/\/schema.org\",\"@graph\":[{\"@type\":\"WebPage\",\"@id\":\"https:\/\/loftrunway.com\/de\/products\/adidas-adizero-ambition-pulse-mint\/\",\"url\":\"https:\/\/loftrunway.com\/de\/products\/adidas-adizero-ambition-pulse-mint\/\",\"name\":\"adidas Adizero Ambition 'Pulse Mint' - Loftrunway\",\"isPartOf\":{\"@id\":\"https:\/\/loftrunway.com\/de\/#website\"},\"primaryImageOfPage\":{\"@id\":\"https:\/\/loftrunway.com\/de\/products\/adidas-adizero-ambition-pulse-mint\/#primaryimage\"},\"image\":{\"@id\":\"https:\/\/loftrunway.com\/de\/products\/adidas-adizero-ambition-pulse-mint\/#primaryimage\"},\"thumbnailUrl\":\"https:\/\/images.novelship.com\/product\/adidas_adizero_ambition__pulse_mint__gv9068_0_35508.jpeg\",\"datePublished\":\"2026-03-02T08:13:44+00:00\",\"dateModified\":\"2026-04-02T07:43:59+00:00\",\"breadcrumb\":{\"@id\":\"https:\/\/loftrunway.com\/de\/products\/adidas-adizero-ambition-pulse-mint\/#breadcrumb\"},\"inLanguage\":\"de\",\"potentialAction\":[{\"@type\":\"ReadAction\",\"target\":[\"https:\/\/loftrunway.com\/de\/products\/adidas-adizero-ambition-pulse-mint\/\"]}]},{\"@type\":\"ImageObject\",\"inLanguage\":\"de\",\"@id\":\"https:\/\/loftrunway.com\/de\/products\/adidas-adizero-ambition-pulse-mint\/#primaryimage\",\"url\":\"https:\/\/images.novelship.com\/product\/adidas_adizero_ambition__pulse_mint__gv9068_0_35508.jpeg\",\"contentUrl\":\"https:\/\/images.novelship.com\/product\/adidas_adizero_ambition__pulse_mint__gv9068_0_35508.jpeg\"},{\"@type\":\"BreadcrumbList\",\"@id\":\"https:\/\/loftrunway.com\/de\/products\/adidas-adizero-ambition-pulse-mint\/#breadcrumb\",\"itemListElement\":[{\"@type\":\"ListItem\",\"position\":1,\"name\":\"Home\",\"item\":\"https:\/\/loftrunway.com\/de\/\"},{\"@type\":\"ListItem\",\"position\":2,\"name\":\"Shop\",\"item\":\"https:\/\/loftrunway.com\/de\/shop\/\"},{\"@type\":\"ListItem\",\"position\":3,\"name\":\"adidas Adizero Ambition &#8218;Pulse Mint&#8216;\"}]},{\"@type\":\"WebSite\",\"@id\":\"https:\/\/loftrunway.com\/de\/#website\",\"url\":\"https:\/\/loftrunway.com\/de\/\",\"name\":\"Styloral Jewelry Shop\",\"description\":\"Der Ort, an dem man alle Arten von Sneakern findet\",\"publisher\":{\"@id\":\"https:\/\/loftrunway.com\/de\/#organization\"},\"potentialAction\":[{\"@type\":\"SearchAction\",\"target\":{\"@type\":\"EntryPoint\",\"urlTemplate\":\"https:\/\/loftrunway.com\/de\/?s={search_term_string}\"},\"query-input\":{\"@type\":\"PropertyValueSpecification\",\"valueRequired\":true,\"valueName\":\"search_term_string\"}}],\"inLanguage\":\"de\"},{\"@type\":\"Organization\",\"@id\":\"https:\/\/loftrunway.com\/de\/#organization\",\"name\":\"STYLORAL PTE. LTD\",\"url\":\"https:\/\/loftrunway.com\/de\/\",\"logo\":{\"@type\":\"ImageObject\",\"inLanguage\":\"de\",\"@id\":\"https:\/\/loftrunway.com\/de\/#\/schema\/logo\/image\/\",\"url\":\"https:\/\/www.loftrunway.com\/wp-content\/uploads\/2025\/12\/logo.png\",\"contentUrl\":\"https:\/\/www.loftrunway.com\/wp-content\/uploads\/2025\/12\/logo.png\",\"width\":200,\"height\":65,\"caption\":\"STYLORAL PTE. LTD\"},\"image\":{\"@id\":\"https:\/\/loftrunway.com\/de\/#\/schema\/logo\/image\/\"}}]}<\/script>\n<!-- \/ Yoast SEO plugin. -->","yoast_head_json":{"title":"adidas Adizero Ambition 'Pulse Mint'  - Loftrunway","robots":{"index":"index","follow":"follow","max-snippet":"max-snippet:-1","max-image-preview":"max-image-preview:large","max-video-preview":"max-video-preview:-1"},"canonical":"https:\/\/loftrunway.com\/de\/products\/adidas-adizero-ambition-pulse-mint\/","og_locale":"de_DE","og_type":"article","og_title":"adidas Adizero Ambition 'Pulse Mint'  - Loftrunway","og_description":"adidas Adizero Ambition \u201d\u201d Pulse Mint\/Core Black\/Lucid Blue","og_url":"https:\/\/loftrunway.com\/de\/products\/adidas-adizero-ambition-pulse-mint\/","og_site_name":"loftRUN Sneaker Store","article_modified_time":"2026-04-02T07:43:59+00:00","twitter_card":"summary_large_image","twitter_image":"https:\/\/images.novelship.com\/product\/adidas_adizero_ambition__pulse_mint__gv9068_0_35508.jpeg","schema":{"@context":"https:\/\/schema.org","@graph":[{"@type":"WebPage","@id":"https:\/\/loftrunway.com\/de\/products\/adidas-adizero-ambition-pulse-mint\/","url":"https:\/\/loftrunway.com\/de\/products\/adidas-adizero-ambition-pulse-mint\/","name":"adidas Adizero Ambition 'Pulse Mint' - Loftrunway","isPartOf":{"@id":"https:\/\/loftrunway.com\/de\/#website"},"primaryImageOfPage":{"@id":"https:\/\/loftrunway.com\/de\/products\/adidas-adizero-ambition-pulse-mint\/#primaryimage"},"image":{"@id":"https:\/\/loftrunway.com\/de\/products\/adidas-adizero-ambition-pulse-mint\/#primaryimage"},"thumbnailUrl":"https:\/\/images.novelship.com\/product\/adidas_adizero_ambition__pulse_mint__gv9068_0_35508.jpeg","datePublished":"2026-03-02T08:13:44+00:00","dateModified":"2026-04-02T07:43:59+00:00","breadcrumb":{"@id":"https:\/\/loftrunway.com\/de\/products\/adidas-adizero-ambition-pulse-mint\/#breadcrumb"},"inLanguage":"de","potentialAction":[{"@type":"ReadAction","target":["https:\/\/loftrunway.com\/de\/products\/adidas-adizero-ambition-pulse-mint\/"]}]},{"@type":"ImageObject","inLanguage":"de","@id":"https:\/\/loftrunway.com\/de\/products\/adidas-adizero-ambition-pulse-mint\/#primaryimage","url":"https:\/\/images.novelship.com\/product\/adidas_adizero_ambition__pulse_mint__gv9068_0_35508.jpeg","contentUrl":"https:\/\/images.novelship.com\/product\/adidas_adizero_ambition__pulse_mint__gv9068_0_35508.jpeg"},{"@type":"BreadcrumbList","@id":"https:\/\/loftrunway.com\/de\/products\/adidas-adizero-ambition-pulse-mint\/#breadcrumb","itemListElement":[{"@type":"ListItem","position":1,"name":"Home","item":"https:\/\/loftrunway.com\/de\/"},{"@type":"ListItem","position":2,"name":"Shop","item":"https:\/\/loftrunway.com\/de\/shop\/"},{"@type":"ListItem","position":3,"name":"adidas Adizero Ambition &#8218;Pulse Mint&#8216;"}]},{"@type":"WebSite","@id":"https:\/\/loftrunway.com\/de\/#website","url":"https:\/\/loftrunway.com\/de\/","name":"Styloral Jewelry Shop","description":"Der Ort, an dem man alle Arten von Sneakern findet","publisher":{"@id":"https:\/\/loftrunway.com\/de\/#organization"},"potentialAction":[{"@type":"SearchAction","target":{"@type":"EntryPoint","urlTemplate":"https:\/\/loftrunway.com\/de\/?s={search_term_string}"},"query-input":{"@type":"PropertyValueSpecification","valueRequired":true,"valueName":"search_term_string"}}],"inLanguage":"de"},{"@type":"Organization","@id":"https:\/\/loftrunway.com\/de\/#organization","name":"STYLORAL PTE. LTD","url":"https:\/\/loftrunway.com\/de\/","logo":{"@type":"ImageObject","inLanguage":"de","@id":"https:\/\/loftrunway.com\/de\/#\/schema\/logo\/image\/","url":"https:\/\/www.loftrunway.com\/wp-content\/uploads\/2025\/12\/logo.png","contentUrl":"https:\/\/www.loftrunway.com\/wp-content\/uploads\/2025\/12\/logo.png","width":200,"height":65,"caption":"STYLORAL PTE. LTD"},"image":{"@id":"https:\/\/loftrunway.com\/de\/#\/schema\/logo\/image\/"}}]}},"_links":{"self":[{"href":"https:\/\/loftrunway.com\/de\/wp-json\/wp\/v2\/product\/53870","targetHints":{"allow":["GET"]}}],"collection":[{"href":"https:\/\/loftrunway.com\/de\/wp-json\/wp\/v2\/product"}],"about":[{"href":"https:\/\/loftrunway.com\/de\/wp-json\/wp\/v2\/types\/product"}],"replies":[{"embeddable":true,"href":"https:\/\/loftrunway.com\/de\/wp-json\/wp\/v2\/comments?post=53870"}],"wp:featuredmedia":[{"embeddable":true,"href":"https:\/\/loftrunway.com\/de\/wp-json\/wp\/v2\/media\/53871"}],"wp:attachment":[{"href":"https:\/\/loftrunway.com\/de\/wp-json\/wp\/v2\/media?parent=53870"}],"wp:term":[{"taxonomy":"product_brand","embeddable":true,"href":"https:\/\/loftrunway.com\/de\/wp-json\/wp\/v2\/product_brand?post=53870"},{"taxonomy":"product_cat","embeddable":true,"href":"https:\/\/loftrunway.com\/de\/wp-json\/wp\/v2\/product_cat?post=53870"},{"taxonomy":"product_tag","embeddable":true,"href":"https:\/\/loftrunway.com\/de\/wp-json\/wp\/v2\/product_tag?post=53870"}],"curies":[{"name":"wp","href":"https:\/\/api.w.org\/{rel}","templated":true}]}}