{"id":54201,"date":"2026-03-02T15:14:11","date_gmt":"2026-03-02T08:14:11","guid":{"rendered":"http:\/\/loftrunway.com\/product\/adidas-combat-speed-4-wrestling-shoes-cloud-whitepure-tealgrey-three"},"modified":"2026-04-02T14:44:09","modified_gmt":"2026-04-02T07:44:09","slug":"adidas-combat-speed-4-wrestling-shoes-cloud-whitepure-tealgrey-three","status":"publish","type":"product","link":"https:\/\/loftrunway.com\/de\/products\/adidas-combat-speed-4-wrestling-shoes-cloud-whitepure-tealgrey-three\/","title":{"rendered":"Adidas Combat Speed 4 Wrestling Shoes Cloud White\/Pure Teal\/Grey Three"},"content":{"rendered":"<p>Verbessere deine Leistung mit den Adidas Combat Speed \u201d\u2039\u201d\u20394 Wrestling-Schuhen. Diese leichten Schuhe in den Farben Cloud White, Pure Teal und Grey Three wurden f\u00fcr H\u00f6chstleistungen entwickelt und bieten unvergleichlichen Grip, mit dem du die Matte dominierst. Das atmungsaktive Material sorgt f\u00fcr Komfort, w\u00e4hrend die eng anliegende Passform Agilit\u00e4t und Schnelligkeit f\u00f6rdert. Perfekt f\u00fcr Wrestler, die sich einen Vorteil verschaffen wollen: Diese Schuhe sind auf Langlebigkeit und \u00fcberragende Traktion ausgelegt. Gewinne jeden Kampf mit Selbstvertrauen in diesen stylischen und innovativen Wrestling-Schuhen.<\/p>\n<ul>\n<li><strong>Farbgebung:<\/strong> Cloud White\/Pure Teal\/Grey Three<\/li>\n<li><strong>Artikelnummer:<\/strong> JQ4985<\/li>\n<li><strong>Farbe:<\/strong> Wei\u00df<\/li>\n<\/ul>\n","protected":false},"excerpt":{"rendered":"<p>adidas Combat Speed 4 \u201d\u201d Cloud White\/Pure Teal\/Grey Three<\/p>\n","protected":false},"featured_media":54202,"comment_status":"open","ping_status":"closed","template":"","meta":[],"product_brand":[],"product_cat":[10760,41273],"product_tag":[10917],"class_list":{"0":"post-54201","1":"product","2":"type-product","3":"status-publish","4":"has-post-thumbnail","6":"product_cat-adidas","7":"product_cat-remove","8":"product_tag-small-130-usd","9":"wcpa_has_options","11":"first","12":"instock","13":"taxable","14":"shipping-taxable","15":"purchasable","16":"product-type-simple"},"wcpa_form_fields":{"rules":{"pric_overide_base_price":false,"pric_overide_base_price_if_gt_zero":false,"pric_overide_base_price_fully":false,"pric_cal_option_once":false,"pric_use_as_fee":false,"bind_quantity":false,"quantity_bind_formula":false},"fields":[{"type":"color-group","required":true,"elementId":"wcpa-color-group-66c4a7f817afe","label":"Gr\u00f6\u00dfe","inline":true,"priceOptions":"different_for_all","pricingType":"fixed","className":"hassizechart product-shoes-size-eu product-shoes-size","name":"color-group-66c4a7f817b18","disp_type":"square","selection_type":"tick-border","disp_size":"50","show_label_inside":true,"adjust_width":true,"cart_display_type":"text","other_text":"Other","cl_rule":"show","col":6,"values":[{"label":"35","value":"EU 35","price":"","pimage":"","pimage_id":"","pthumb":"","color":""},{"label":"35.5","value":"EU 35.5","price":"","pimage":"","pimage_id":"","pthumb":"","color":""},{"label":"36","value":"EU 36","price":"","pimage":"","pimage_id":"","pthumb":"","color":"","selected":true},{"label":"36 2\/3","value":"EU 36 2\/3","price":"","pimage":"","pimage_id":"","pthumb":"","color":""},{"label":"37 1\/3","value":"EU 37 1\/3","price":"","pimage":"","pimage_id":"","pthumb":"","color":""},{"label":"38","value":"EU 38","price":"","pimage":"","pimage_id":"","pthumb":"","color":""},{"label":"38 2\/3","value":"EU 38 2\/3","price":"","pimage":"","pimage_id":"","pthumb":"","color":""},{"label":"39 1\/3","value":"EU 39 1\/3","price":"","pimage":"","pimage_id":"","pthumb":"","color":""},{"label":"40","value":"EU 40","price":"","pimage":"","pimage_id":"","pthumb":"","color":""},{"label":"40 2\/3","value":"EU 40 2\/3","price":"","pimage":"","pimage_id":"","pthumb":"","color":""},{"label":"41 1\/3","value":"EU 41 1\/3","price":"","pimage":"","pimage_id":"","pthumb":"","color":""},{"label":"42","value":"EU 42","price":"","pimage":"","pimage_id":"","pthumb":"","color":""},{"label":"42 2\/3","value":"EU 42 2\/3","price":"","pimage":"","pimage_id":"","pthumb":"","color":""},{"label":"43 1\/3","value":"EU 43 1\/3","price":"","pimage":"","pimage_id":"","pthumb":"","color":""},{"label":"44","value":"EU 44","price":"","pimage":"","pimage_id":"","pthumb":"","color":""},{"label":"44 2\/3","value":"EU 44 2\/3","price":"","pimage":"","pimage_id":"","pthumb":"","color":""},{"label":"45 1\/3","value":"EU 45 1\/3","price":"","pimage":"","pimage_id":"","pthumb":"","color":""},{"label":"46","value":"EU 46","price":"","pimage":"","pimage_id":"","pthumb":"","color":""},{"label":"46 2\/3","value":"EU 46 2\/3","price":"","pimage":"","pimage_id":"","pthumb":"","color":""},{"label":"47 1\/3","value":"EU 47 1\/3","price":"","pimage":"","pimage_id":"","pthumb":"","color":""}],"relations":[{"operator":false,"rules":[]}],"form_id":24802,"form_rules":{"pric_cal_option_once":false,"exclude_from_discount":false,"pric_use_as_fee":false,"fee_label":"Fee","render_after_acb":false,"disp_hide_options_price":false}}]},"yoast_head":"<!-- This site is optimized with the Yoast SEO plugin v26.5 - https:\/\/yoast.com\/wordpress\/plugins\/seo\/ -->\n<title>Adidas Combat Speed 4 Wrestling Shoes Cloud White\/Pure Teal\/Grey Three  - Loftrunway<\/title>\n<meta name=\"robots\" content=\"index, follow, max-snippet:-1, max-image-preview:large, max-video-preview:-1\" \/>\n<link rel=\"canonical\" href=\"https:\/\/loftrunway.com\/de\/products\/adidas-combat-speed-4-wrestling-shoes-cloud-whitepure-tealgrey-three\/\" \/>\n<meta property=\"og:locale\" content=\"de_DE\" \/>\n<meta property=\"og:type\" content=\"article\" \/>\n<meta property=\"og:title\" content=\"Adidas Combat Speed 4 Wrestling Shoes Cloud White\/Pure Teal\/Grey Three  - Loftrunway\" \/>\n<meta property=\"og:description\" content=\"adidas Combat Speed 4 \u201d\u201d Cloud White\/Pure Teal\/Grey Three\" \/>\n<meta property=\"og:url\" content=\"https:\/\/loftrunway.com\/de\/products\/adidas-combat-speed-4-wrestling-shoes-cloud-whitepure-tealgrey-three\/\" \/>\n<meta property=\"og:site_name\" content=\"loftRUN Sneaker Store\" \/>\n<meta property=\"article:modified_time\" content=\"2026-04-02T07:44:09+00:00\" \/>\n<meta name=\"twitter:card\" content=\"summary_large_image\" \/>\n<meta name=\"twitter:image\" content=\"https:\/\/images.novelship.com\/product\/adidas_combat_speed_4_wrestling_shoes_cloud_white__0_48676.jpeg\" \/>\n<script type=\"application\/ld+json\" class=\"yoast-schema-graph\">{\"@context\":\"https:\/\/schema.org\",\"@graph\":[{\"@type\":\"WebPage\",\"@id\":\"https:\/\/loftrunway.com\/de\/products\/adidas-combat-speed-4-wrestling-shoes-cloud-whitepure-tealgrey-three\/\",\"url\":\"https:\/\/loftrunway.com\/de\/products\/adidas-combat-speed-4-wrestling-shoes-cloud-whitepure-tealgrey-three\/\",\"name\":\"Adidas Combat Speed 4 Wrestling Shoes Cloud White\/Pure Teal\/Grey Three - Loftrunway\",\"isPartOf\":{\"@id\":\"https:\/\/loftrunway.com\/de\/#website\"},\"primaryImageOfPage\":{\"@id\":\"https:\/\/loftrunway.com\/de\/products\/adidas-combat-speed-4-wrestling-shoes-cloud-whitepure-tealgrey-three\/#primaryimage\"},\"image\":{\"@id\":\"https:\/\/loftrunway.com\/de\/products\/adidas-combat-speed-4-wrestling-shoes-cloud-whitepure-tealgrey-three\/#primaryimage\"},\"thumbnailUrl\":\"https:\/\/images.novelship.com\/product\/adidas_combat_speed_4_wrestling_shoes_cloud_white__0_48676.jpeg\",\"datePublished\":\"2026-03-02T08:14:11+00:00\",\"dateModified\":\"2026-04-02T07:44:09+00:00\",\"breadcrumb\":{\"@id\":\"https:\/\/loftrunway.com\/de\/products\/adidas-combat-speed-4-wrestling-shoes-cloud-whitepure-tealgrey-three\/#breadcrumb\"},\"inLanguage\":\"de\",\"potentialAction\":[{\"@type\":\"ReadAction\",\"target\":[\"https:\/\/loftrunway.com\/de\/products\/adidas-combat-speed-4-wrestling-shoes-cloud-whitepure-tealgrey-three\/\"]}]},{\"@type\":\"ImageObject\",\"inLanguage\":\"de\",\"@id\":\"https:\/\/loftrunway.com\/de\/products\/adidas-combat-speed-4-wrestling-shoes-cloud-whitepure-tealgrey-three\/#primaryimage\",\"url\":\"https:\/\/images.novelship.com\/product\/adidas_combat_speed_4_wrestling_shoes_cloud_white__0_48676.jpeg\",\"contentUrl\":\"https:\/\/images.novelship.com\/product\/adidas_combat_speed_4_wrestling_shoes_cloud_white__0_48676.jpeg\"},{\"@type\":\"BreadcrumbList\",\"@id\":\"https:\/\/loftrunway.com\/de\/products\/adidas-combat-speed-4-wrestling-shoes-cloud-whitepure-tealgrey-three\/#breadcrumb\",\"itemListElement\":[{\"@type\":\"ListItem\",\"position\":1,\"name\":\"Home\",\"item\":\"https:\/\/loftrunway.com\/de\/\"},{\"@type\":\"ListItem\",\"position\":2,\"name\":\"Shop\",\"item\":\"https:\/\/loftrunway.com\/de\/shop\/\"},{\"@type\":\"ListItem\",\"position\":3,\"name\":\"Adidas Combat Speed 4 Wrestling Shoes Cloud White\/Pure Teal\/Grey Three\"}]},{\"@type\":\"WebSite\",\"@id\":\"https:\/\/loftrunway.com\/de\/#website\",\"url\":\"https:\/\/loftrunway.com\/de\/\",\"name\":\"Styloral Jewelry Shop\",\"description\":\"Der Ort, an dem man alle Arten von Sneakern findet\",\"publisher\":{\"@id\":\"https:\/\/loftrunway.com\/de\/#organization\"},\"potentialAction\":[{\"@type\":\"SearchAction\",\"target\":{\"@type\":\"EntryPoint\",\"urlTemplate\":\"https:\/\/loftrunway.com\/de\/?s={search_term_string}\"},\"query-input\":{\"@type\":\"PropertyValueSpecification\",\"valueRequired\":true,\"valueName\":\"search_term_string\"}}],\"inLanguage\":\"de\"},{\"@type\":\"Organization\",\"@id\":\"https:\/\/loftrunway.com\/de\/#organization\",\"name\":\"STYLORAL PTE. LTD\",\"url\":\"https:\/\/loftrunway.com\/de\/\",\"logo\":{\"@type\":\"ImageObject\",\"inLanguage\":\"de\",\"@id\":\"https:\/\/loftrunway.com\/de\/#\/schema\/logo\/image\/\",\"url\":\"https:\/\/www.loftrunway.com\/wp-content\/uploads\/2025\/12\/logo.png\",\"contentUrl\":\"https:\/\/www.loftrunway.com\/wp-content\/uploads\/2025\/12\/logo.png\",\"width\":200,\"height\":65,\"caption\":\"STYLORAL PTE. LTD\"},\"image\":{\"@id\":\"https:\/\/loftrunway.com\/de\/#\/schema\/logo\/image\/\"}}]}<\/script>\n<!-- \/ Yoast SEO plugin. -->","yoast_head_json":{"title":"Adidas Combat Speed 4 Wrestling Shoes Cloud White\/Pure Teal\/Grey Three  - Loftrunway","robots":{"index":"index","follow":"follow","max-snippet":"max-snippet:-1","max-image-preview":"max-image-preview:large","max-video-preview":"max-video-preview:-1"},"canonical":"https:\/\/loftrunway.com\/de\/products\/adidas-combat-speed-4-wrestling-shoes-cloud-whitepure-tealgrey-three\/","og_locale":"de_DE","og_type":"article","og_title":"Adidas Combat Speed 4 Wrestling Shoes Cloud White\/Pure Teal\/Grey Three  - Loftrunway","og_description":"adidas Combat Speed 4 \u201d\u201d Cloud White\/Pure Teal\/Grey Three","og_url":"https:\/\/loftrunway.com\/de\/products\/adidas-combat-speed-4-wrestling-shoes-cloud-whitepure-tealgrey-three\/","og_site_name":"loftRUN Sneaker Store","article_modified_time":"2026-04-02T07:44:09+00:00","twitter_card":"summary_large_image","twitter_image":"https:\/\/images.novelship.com\/product\/adidas_combat_speed_4_wrestling_shoes_cloud_white__0_48676.jpeg","schema":{"@context":"https:\/\/schema.org","@graph":[{"@type":"WebPage","@id":"https:\/\/loftrunway.com\/de\/products\/adidas-combat-speed-4-wrestling-shoes-cloud-whitepure-tealgrey-three\/","url":"https:\/\/loftrunway.com\/de\/products\/adidas-combat-speed-4-wrestling-shoes-cloud-whitepure-tealgrey-three\/","name":"Adidas Combat Speed 4 Wrestling Shoes Cloud White\/Pure Teal\/Grey Three - Loftrunway","isPartOf":{"@id":"https:\/\/loftrunway.com\/de\/#website"},"primaryImageOfPage":{"@id":"https:\/\/loftrunway.com\/de\/products\/adidas-combat-speed-4-wrestling-shoes-cloud-whitepure-tealgrey-three\/#primaryimage"},"image":{"@id":"https:\/\/loftrunway.com\/de\/products\/adidas-combat-speed-4-wrestling-shoes-cloud-whitepure-tealgrey-three\/#primaryimage"},"thumbnailUrl":"https:\/\/images.novelship.com\/product\/adidas_combat_speed_4_wrestling_shoes_cloud_white__0_48676.jpeg","datePublished":"2026-03-02T08:14:11+00:00","dateModified":"2026-04-02T07:44:09+00:00","breadcrumb":{"@id":"https:\/\/loftrunway.com\/de\/products\/adidas-combat-speed-4-wrestling-shoes-cloud-whitepure-tealgrey-three\/#breadcrumb"},"inLanguage":"de","potentialAction":[{"@type":"ReadAction","target":["https:\/\/loftrunway.com\/de\/products\/adidas-combat-speed-4-wrestling-shoes-cloud-whitepure-tealgrey-three\/"]}]},{"@type":"ImageObject","inLanguage":"de","@id":"https:\/\/loftrunway.com\/de\/products\/adidas-combat-speed-4-wrestling-shoes-cloud-whitepure-tealgrey-three\/#primaryimage","url":"https:\/\/images.novelship.com\/product\/adidas_combat_speed_4_wrestling_shoes_cloud_white__0_48676.jpeg","contentUrl":"https:\/\/images.novelship.com\/product\/adidas_combat_speed_4_wrestling_shoes_cloud_white__0_48676.jpeg"},{"@type":"BreadcrumbList","@id":"https:\/\/loftrunway.com\/de\/products\/adidas-combat-speed-4-wrestling-shoes-cloud-whitepure-tealgrey-three\/#breadcrumb","itemListElement":[{"@type":"ListItem","position":1,"name":"Home","item":"https:\/\/loftrunway.com\/de\/"},{"@type":"ListItem","position":2,"name":"Shop","item":"https:\/\/loftrunway.com\/de\/shop\/"},{"@type":"ListItem","position":3,"name":"Adidas Combat Speed 4 Wrestling Shoes Cloud White\/Pure Teal\/Grey Three"}]},{"@type":"WebSite","@id":"https:\/\/loftrunway.com\/de\/#website","url":"https:\/\/loftrunway.com\/de\/","name":"Styloral Jewelry Shop","description":"Der Ort, an dem man alle Arten von Sneakern findet","publisher":{"@id":"https:\/\/loftrunway.com\/de\/#organization"},"potentialAction":[{"@type":"SearchAction","target":{"@type":"EntryPoint","urlTemplate":"https:\/\/loftrunway.com\/de\/?s={search_term_string}"},"query-input":{"@type":"PropertyValueSpecification","valueRequired":true,"valueName":"search_term_string"}}],"inLanguage":"de"},{"@type":"Organization","@id":"https:\/\/loftrunway.com\/de\/#organization","name":"STYLORAL PTE. LTD","url":"https:\/\/loftrunway.com\/de\/","logo":{"@type":"ImageObject","inLanguage":"de","@id":"https:\/\/loftrunway.com\/de\/#\/schema\/logo\/image\/","url":"https:\/\/www.loftrunway.com\/wp-content\/uploads\/2025\/12\/logo.png","contentUrl":"https:\/\/www.loftrunway.com\/wp-content\/uploads\/2025\/12\/logo.png","width":200,"height":65,"caption":"STYLORAL PTE. LTD"},"image":{"@id":"https:\/\/loftrunway.com\/de\/#\/schema\/logo\/image\/"}}]}},"_links":{"self":[{"href":"https:\/\/loftrunway.com\/de\/wp-json\/wp\/v2\/product\/54201","targetHints":{"allow":["GET"]}}],"collection":[{"href":"https:\/\/loftrunway.com\/de\/wp-json\/wp\/v2\/product"}],"about":[{"href":"https:\/\/loftrunway.com\/de\/wp-json\/wp\/v2\/types\/product"}],"replies":[{"embeddable":true,"href":"https:\/\/loftrunway.com\/de\/wp-json\/wp\/v2\/comments?post=54201"}],"wp:featuredmedia":[{"embeddable":true,"href":"https:\/\/loftrunway.com\/de\/wp-json\/wp\/v2\/media\/54202"}],"wp:attachment":[{"href":"https:\/\/loftrunway.com\/de\/wp-json\/wp\/v2\/media?parent=54201"}],"wp:term":[{"taxonomy":"product_brand","embeddable":true,"href":"https:\/\/loftrunway.com\/de\/wp-json\/wp\/v2\/product_brand?post=54201"},{"taxonomy":"product_cat","embeddable":true,"href":"https:\/\/loftrunway.com\/de\/wp-json\/wp\/v2\/product_cat?post=54201"},{"taxonomy":"product_tag","embeddable":true,"href":"https:\/\/loftrunway.com\/de\/wp-json\/wp\/v2\/product_tag?post=54201"}],"curies":[{"name":"wp","href":"https:\/\/api.w.org\/{rel}","templated":true}]}}