{"id":57034,"date":"2026-03-02T15:18:12","date_gmt":"2026-03-02T08:18:12","guid":{"rendered":"http:\/\/loftrunway.com\/product\/women-ugg-classic-letter-tall-boot-sweater-brown-white-red"},"modified":"2026-04-02T14:45:39","modified_gmt":"2026-04-02T07:45:39","slug":"women-ugg-classic-letter-tall-boot-sweater-brown-white-red","status":"publish","type":"product","link":"https:\/\/loftrunway.com\/de\/products\/women-ugg-classic-letter-tall-boot-sweater-brown-white-red\/","title":{"rendered":"(Women) UGG Classic Letter Tall Boot &#8218;Sweater Brown White Red&#8216;"},"content":{"rendered":"<p>Erleben Sie unvergleichlichen Komfort und Stil mit dem UGG Classic Letter Tall Boot in \u201eSweater Brown White Red\u201c (1144044-CHE). Diese Damenstiefel bestechen durch ein kuscheliges Obermaterial aus Wollmischung mit verspielten, mehrfarbigen Buchstabengrafiken. Das weiche Lammfellfutter sorgt f\u00fcr W\u00e4rme und luxuri\u00f6sen Tragekomfort, w\u00e4hrend die leichte, flexible Laufsohle ganzt\u00e4gigen Halt bietet. Perfekt f\u00fcr k\u00fchle Tage und entspannte Ausfl\u00fcge \u201d\u201c diese UGG-Stiefel verleihen dem klassischen Winterbegleiter einen modischen Touch. Bereichern Sie Ihre Wintergarderobe m\u00fchelos.<\/p>\n<p>Farbe: Kastanie<br \/>\nArtikelnummer: 1144044-CHE<br \/>\nObermaterial: Zopfmuster<br \/>\nZwischensohle: EVA<br \/>\nFarbe: Beige<\/p>\n<p>Farbe: Beige<\/p>\n","protected":false},"excerpt":{"rendered":"<p>UGG Classic \u201d\u201d Chestnut<\/p>\n","protected":false},"featured_media":57035,"comment_status":"open","ping_status":"closed","template":"","meta":[],"product_brand":[],"product_cat":[41273,11247],"product_tag":[10926,15083,11245,10754,12619,11246,11666,10758],"class_list":{"0":"post-57034","1":"product","2":"type-product","3":"status-publish","4":"has-post-thumbnail","6":"product_cat-remove","7":"product_cat-ugg-women","8":"product_tag-gift-for-her","9":"product_tag-knee-high-boots","10":"product_tag-lifestyle-boots","11":"product_tag-lifestyle-casual-shoes","12":"product_tag-shearling-boots","13":"product_tag-ugg","14":"product_tag-ugg-collection","15":"product_tag-under-retail","16":"wcpa_has_options","18":"first","19":"instock","20":"sale","21":"taxable","22":"shipping-taxable","23":"purchasable","24":"product-type-simple"},"wcpa_form_fields":{"rules":{"pric_overide_base_price":false,"pric_overide_base_price_if_gt_zero":false,"pric_overide_base_price_fully":false,"pric_cal_option_once":false,"pric_use_as_fee":false,"bind_quantity":false,"quantity_bind_formula":false},"fields":[{"type":"color-group","required":true,"elementId":"wcpa-color-group-69a5ae7a28b88","label":"Gr\u00f6\u00dfe","inline":true,"priceOptions":"different_for_all","pricingType":"fixed","className":"hassizechart product-shoes-size-eu product-shoes-size","name":"color-group-69a5ae7a28b91","disp_type":"square","selection_type":"tick-border","disp_size":"50","show_label_inside":true,"adjust_width":true,"cart_display_type":"text","other_text":"Other","cl_rule":"show","col":6,"values":[{"label":"34.5","value":"EU 34.5","price":"","pimage":"","pimage_id":"","pthumb":"","color":""},{"label":"35","value":"EU 35","price":"","pimage":"","pimage_id":"","pthumb":"","color":""},{"label":"35.5","value":"EU 35.5","price":"","pimage":"","pimage_id":"","pthumb":"","color":""},{"label":"36","value":"EU 36","price":"","pimage":"","pimage_id":"","pthumb":"","color":"","selected":true},{"label":"37","value":"EU 37","price":"","pimage":"","pimage_id":"","pthumb":"","color":""},{"label":"37.5","value":"EU 37.5","price":"","pimage":"","pimage_id":"","pthumb":"","color":""},{"label":"38","value":"EU 38","price":"","pimage":"","pimage_id":"","pthumb":"","color":""},{"label":"38.5","value":"EU 38.5","price":"","pimage":"","pimage_id":"","pthumb":"","color":""},{"label":"39","value":"EU 39","price":"","pimage":"","pimage_id":"","pthumb":"","color":""},{"label":"39.5","value":"EU 39.5","price":"","pimage":"","pimage_id":"","pthumb":"","color":""},{"label":"40","value":"EU 40","price":"","pimage":"","pimage_id":"","pthumb":"","color":""},{"label":"40.5","value":"EU 40.5","price":"","pimage":"","pimage_id":"","pthumb":"","color":""},{"label":" 41.5","value":"EU 41.5","price":"","pimage":"","pimage_id":"","pthumb":"","color":""},{"label":"42","value":"EU 42","price":"","pimage":"","pimage_id":"","pthumb":"","color":""},{"label":"42.5","value":"EU 42.5","price":"","pimage":"","pimage_id":"","pthumb":"","color":""},{"label":"43","value":"EU 43","price":"","pimage":"","pimage_id":"","pthumb":"","color":""},{"label":"44","value":"EU 44","price":"","pimage":"","pimage_id":"","pthumb":"","color":""},{"label":"45","value":"EU 45","price":"","pimage":"","pimage_id":"","pthumb":"","color":""},{"label":"48","value":"EU 48","price":"","pimage":"","pimage_id":"","pthumb":"","color":""}],"relations":[{"operator":false,"rules":[]}],"form_id":184315,"form_rules":{"pric_cal_option_once":false,"exclude_from_discount":false,"pric_use_as_fee":false,"fee_label":"Fee","render_after_acb":false,"disp_hide_options_price":false}}]},"yoast_head":"<!-- This site is optimized with the Yoast SEO plugin v26.5 - https:\/\/yoast.com\/wordpress\/plugins\/seo\/ -->\n<title>(Women) UGG Classic Letter Tall Boot &#039;Sweater Brown White Red&#039;  - Loftrunway<\/title>\n<meta name=\"robots\" content=\"index, follow, max-snippet:-1, max-image-preview:large, max-video-preview:-1\" \/>\n<link rel=\"canonical\" href=\"https:\/\/loftrunway.com\/de\/products\/women-ugg-classic-letter-tall-boot-sweater-brown-white-red\/\" \/>\n<meta property=\"og:locale\" content=\"de_DE\" \/>\n<meta property=\"og:type\" content=\"article\" \/>\n<meta property=\"og:title\" content=\"(Women) UGG Classic Letter Tall Boot &#039;Sweater Brown White Red&#039;  - Loftrunway\" \/>\n<meta property=\"og:description\" content=\"UGG Classic \u201d\u201d Chestnut\" \/>\n<meta property=\"og:url\" content=\"https:\/\/loftrunway.com\/de\/products\/women-ugg-classic-letter-tall-boot-sweater-brown-white-red\/\" \/>\n<meta property=\"og:site_name\" content=\"loftRUN Sneaker Store\" \/>\n<meta property=\"article:modified_time\" content=\"2026-04-02T07:45:39+00:00\" \/>\n<meta name=\"twitter:card\" content=\"summary_large_image\" \/>\n<meta name=\"twitter:image\" content=\"https:\/\/images.novelship.com\/product\/_women__ugg_classic_letter_tall_boot__sweater_brow_0_22433.jpeg\" \/>\n<script type=\"application\/ld+json\" class=\"yoast-schema-graph\">{\"@context\":\"https:\/\/schema.org\",\"@graph\":[{\"@type\":\"WebPage\",\"@id\":\"https:\/\/loftrunway.com\/de\/products\/women-ugg-classic-letter-tall-boot-sweater-brown-white-red\/\",\"url\":\"https:\/\/loftrunway.com\/de\/products\/women-ugg-classic-letter-tall-boot-sweater-brown-white-red\/\",\"name\":\"(Women) UGG Classic Letter Tall Boot 'Sweater Brown White Red' - Loftrunway\",\"isPartOf\":{\"@id\":\"https:\/\/loftrunway.com\/de\/#website\"},\"primaryImageOfPage\":{\"@id\":\"https:\/\/loftrunway.com\/de\/products\/women-ugg-classic-letter-tall-boot-sweater-brown-white-red\/#primaryimage\"},\"image\":{\"@id\":\"https:\/\/loftrunway.com\/de\/products\/women-ugg-classic-letter-tall-boot-sweater-brown-white-red\/#primaryimage\"},\"thumbnailUrl\":\"https:\/\/images.novelship.com\/product\/_women__ugg_classic_letter_tall_boot__sweater_brow_0_22433.jpeg\",\"datePublished\":\"2026-03-02T08:18:12+00:00\",\"dateModified\":\"2026-04-02T07:45:39+00:00\",\"breadcrumb\":{\"@id\":\"https:\/\/loftrunway.com\/de\/products\/women-ugg-classic-letter-tall-boot-sweater-brown-white-red\/#breadcrumb\"},\"inLanguage\":\"de\",\"potentialAction\":[{\"@type\":\"ReadAction\",\"target\":[\"https:\/\/loftrunway.com\/de\/products\/women-ugg-classic-letter-tall-boot-sweater-brown-white-red\/\"]}]},{\"@type\":\"ImageObject\",\"inLanguage\":\"de\",\"@id\":\"https:\/\/loftrunway.com\/de\/products\/women-ugg-classic-letter-tall-boot-sweater-brown-white-red\/#primaryimage\",\"url\":\"https:\/\/images.novelship.com\/product\/_women__ugg_classic_letter_tall_boot__sweater_brow_0_22433.jpeg\",\"contentUrl\":\"https:\/\/images.novelship.com\/product\/_women__ugg_classic_letter_tall_boot__sweater_brow_0_22433.jpeg\"},{\"@type\":\"BreadcrumbList\",\"@id\":\"https:\/\/loftrunway.com\/de\/products\/women-ugg-classic-letter-tall-boot-sweater-brown-white-red\/#breadcrumb\",\"itemListElement\":[{\"@type\":\"ListItem\",\"position\":1,\"name\":\"Home\",\"item\":\"https:\/\/loftrunway.com\/de\/\"},{\"@type\":\"ListItem\",\"position\":2,\"name\":\"Shop\",\"item\":\"https:\/\/loftrunway.com\/de\/shop\/\"},{\"@type\":\"ListItem\",\"position\":3,\"name\":\"(Women) UGG Classic Letter Tall Boot &#8218;Sweater Brown White Red&#8216;\"}]},{\"@type\":\"WebSite\",\"@id\":\"https:\/\/loftrunway.com\/de\/#website\",\"url\":\"https:\/\/loftrunway.com\/de\/\",\"name\":\"Styloral Jewelry Shop\",\"description\":\"Der Ort, an dem man alle Arten von Sneakern findet\",\"publisher\":{\"@id\":\"https:\/\/loftrunway.com\/de\/#organization\"},\"potentialAction\":[{\"@type\":\"SearchAction\",\"target\":{\"@type\":\"EntryPoint\",\"urlTemplate\":\"https:\/\/loftrunway.com\/de\/?s={search_term_string}\"},\"query-input\":{\"@type\":\"PropertyValueSpecification\",\"valueRequired\":true,\"valueName\":\"search_term_string\"}}],\"inLanguage\":\"de\"},{\"@type\":\"Organization\",\"@id\":\"https:\/\/loftrunway.com\/de\/#organization\",\"name\":\"STYLORAL PTE. LTD\",\"url\":\"https:\/\/loftrunway.com\/de\/\",\"logo\":{\"@type\":\"ImageObject\",\"inLanguage\":\"de\",\"@id\":\"https:\/\/loftrunway.com\/de\/#\/schema\/logo\/image\/\",\"url\":\"https:\/\/www.loftrunway.com\/wp-content\/uploads\/2025\/12\/logo.png\",\"contentUrl\":\"https:\/\/www.loftrunway.com\/wp-content\/uploads\/2025\/12\/logo.png\",\"width\":200,\"height\":65,\"caption\":\"STYLORAL PTE. LTD\"},\"image\":{\"@id\":\"https:\/\/loftrunway.com\/de\/#\/schema\/logo\/image\/\"}}]}<\/script>\n<!-- \/ Yoast SEO plugin. -->","yoast_head_json":{"title":"(Women) UGG Classic Letter Tall Boot 'Sweater Brown White Red'  - Loftrunway","robots":{"index":"index","follow":"follow","max-snippet":"max-snippet:-1","max-image-preview":"max-image-preview:large","max-video-preview":"max-video-preview:-1"},"canonical":"https:\/\/loftrunway.com\/de\/products\/women-ugg-classic-letter-tall-boot-sweater-brown-white-red\/","og_locale":"de_DE","og_type":"article","og_title":"(Women) UGG Classic Letter Tall Boot 'Sweater Brown White Red'  - Loftrunway","og_description":"UGG Classic \u201d\u201d Chestnut","og_url":"https:\/\/loftrunway.com\/de\/products\/women-ugg-classic-letter-tall-boot-sweater-brown-white-red\/","og_site_name":"loftRUN Sneaker Store","article_modified_time":"2026-04-02T07:45:39+00:00","twitter_card":"summary_large_image","twitter_image":"https:\/\/images.novelship.com\/product\/_women__ugg_classic_letter_tall_boot__sweater_brow_0_22433.jpeg","schema":{"@context":"https:\/\/schema.org","@graph":[{"@type":"WebPage","@id":"https:\/\/loftrunway.com\/de\/products\/women-ugg-classic-letter-tall-boot-sweater-brown-white-red\/","url":"https:\/\/loftrunway.com\/de\/products\/women-ugg-classic-letter-tall-boot-sweater-brown-white-red\/","name":"(Women) UGG Classic Letter Tall Boot 'Sweater Brown White Red' - Loftrunway","isPartOf":{"@id":"https:\/\/loftrunway.com\/de\/#website"},"primaryImageOfPage":{"@id":"https:\/\/loftrunway.com\/de\/products\/women-ugg-classic-letter-tall-boot-sweater-brown-white-red\/#primaryimage"},"image":{"@id":"https:\/\/loftrunway.com\/de\/products\/women-ugg-classic-letter-tall-boot-sweater-brown-white-red\/#primaryimage"},"thumbnailUrl":"https:\/\/images.novelship.com\/product\/_women__ugg_classic_letter_tall_boot__sweater_brow_0_22433.jpeg","datePublished":"2026-03-02T08:18:12+00:00","dateModified":"2026-04-02T07:45:39+00:00","breadcrumb":{"@id":"https:\/\/loftrunway.com\/de\/products\/women-ugg-classic-letter-tall-boot-sweater-brown-white-red\/#breadcrumb"},"inLanguage":"de","potentialAction":[{"@type":"ReadAction","target":["https:\/\/loftrunway.com\/de\/products\/women-ugg-classic-letter-tall-boot-sweater-brown-white-red\/"]}]},{"@type":"ImageObject","inLanguage":"de","@id":"https:\/\/loftrunway.com\/de\/products\/women-ugg-classic-letter-tall-boot-sweater-brown-white-red\/#primaryimage","url":"https:\/\/images.novelship.com\/product\/_women__ugg_classic_letter_tall_boot__sweater_brow_0_22433.jpeg","contentUrl":"https:\/\/images.novelship.com\/product\/_women__ugg_classic_letter_tall_boot__sweater_brow_0_22433.jpeg"},{"@type":"BreadcrumbList","@id":"https:\/\/loftrunway.com\/de\/products\/women-ugg-classic-letter-tall-boot-sweater-brown-white-red\/#breadcrumb","itemListElement":[{"@type":"ListItem","position":1,"name":"Home","item":"https:\/\/loftrunway.com\/de\/"},{"@type":"ListItem","position":2,"name":"Shop","item":"https:\/\/loftrunway.com\/de\/shop\/"},{"@type":"ListItem","position":3,"name":"(Women) UGG Classic Letter Tall Boot &#8218;Sweater Brown White Red&#8216;"}]},{"@type":"WebSite","@id":"https:\/\/loftrunway.com\/de\/#website","url":"https:\/\/loftrunway.com\/de\/","name":"Styloral Jewelry Shop","description":"Der Ort, an dem man alle Arten von Sneakern findet","publisher":{"@id":"https:\/\/loftrunway.com\/de\/#organization"},"potentialAction":[{"@type":"SearchAction","target":{"@type":"EntryPoint","urlTemplate":"https:\/\/loftrunway.com\/de\/?s={search_term_string}"},"query-input":{"@type":"PropertyValueSpecification","valueRequired":true,"valueName":"search_term_string"}}],"inLanguage":"de"},{"@type":"Organization","@id":"https:\/\/loftrunway.com\/de\/#organization","name":"STYLORAL PTE. LTD","url":"https:\/\/loftrunway.com\/de\/","logo":{"@type":"ImageObject","inLanguage":"de","@id":"https:\/\/loftrunway.com\/de\/#\/schema\/logo\/image\/","url":"https:\/\/www.loftrunway.com\/wp-content\/uploads\/2025\/12\/logo.png","contentUrl":"https:\/\/www.loftrunway.com\/wp-content\/uploads\/2025\/12\/logo.png","width":200,"height":65,"caption":"STYLORAL PTE. LTD"},"image":{"@id":"https:\/\/loftrunway.com\/de\/#\/schema\/logo\/image\/"}}]}},"_links":{"self":[{"href":"https:\/\/loftrunway.com\/de\/wp-json\/wp\/v2\/product\/57034","targetHints":{"allow":["GET"]}}],"collection":[{"href":"https:\/\/loftrunway.com\/de\/wp-json\/wp\/v2\/product"}],"about":[{"href":"https:\/\/loftrunway.com\/de\/wp-json\/wp\/v2\/types\/product"}],"replies":[{"embeddable":true,"href":"https:\/\/loftrunway.com\/de\/wp-json\/wp\/v2\/comments?post=57034"}],"wp:featuredmedia":[{"embeddable":true,"href":"https:\/\/loftrunway.com\/de\/wp-json\/wp\/v2\/media\/57035"}],"wp:attachment":[{"href":"https:\/\/loftrunway.com\/de\/wp-json\/wp\/v2\/media?parent=57034"}],"wp:term":[{"taxonomy":"product_brand","embeddable":true,"href":"https:\/\/loftrunway.com\/de\/wp-json\/wp\/v2\/product_brand?post=57034"},{"taxonomy":"product_cat","embeddable":true,"href":"https:\/\/loftrunway.com\/de\/wp-json\/wp\/v2\/product_cat?post=57034"},{"taxonomy":"product_tag","embeddable":true,"href":"https:\/\/loftrunway.com\/de\/wp-json\/wp\/v2\/product_tag?post=57034"}],"curies":[{"name":"wp","href":"https:\/\/api.w.org\/{rel}","templated":true}]}}