{"id":57281,"date":"2026-03-02T15:18:36","date_gmt":"2026-03-02T08:18:36","guid":{"rendered":"http:\/\/loftrunway.com\/product\/asics-ds-light-acros-3-white-sea-glass"},"modified":"2026-04-02T14:45:51","modified_gmt":"2026-04-02T07:45:51","slug":"asics-ds-light-acros-3-white-sea-glass","status":"publish","type":"product","link":"https:\/\/loftrunway.com\/de\/products\/asics-ds-light-acros-3-white-sea-glass\/","title":{"rendered":"ASICS Ds Light Acros 3 &#8218;White Sea Glass&#8216;"},"content":{"rendered":"<p>Steigere deine Leistung auf dem Platz mit dem ASICS DS Light Acros 3 \u201eWhite Sea Glass\u201c. Dieser Fu\u00dfballschuh bietet leichten Tragekomfort, hervorragende Traktion und ein elegantes Design f\u00fcr Athleten, die Agilit\u00e4t und Pr\u00e4zision fordern. Dank modernster Technologie garantiert dieser Schuh optimale Kontrolle und Geschwindigkeit. Das strapazierf\u00e4hige Synthetik-Obermaterial schmiegt sich wie angegossen an deinen Fu\u00df an. Die Farbgebung \u201eWhite Sea Glass\u201c kombiniert klare Wei\u00dft\u00f6ne mit dezenten Meeresglas-Akzenten und verleiht deinem Spiel eine moderne und markante Optik. Die reaktionsfreudige Sohle mit strategisch platzierten Stollen bietet \u00fcberragenden Grip und Stabilit\u00e4t \u201d\u201c egal ob du schnelle Richtungswechsel f\u00e4hrst oder \u00fcber den Platz sprintest. Der DS Light Acros 3 vereint Leistung und Style und ist perfekt f\u00fcr Spieler, die einen zuverl\u00e4ssigen und minimalistischen Schuh ohne Kompromisse bei der Qualit\u00e4t suchen. Dank exzellenter Atmungsaktivit\u00e4t und Unterst\u00fctzung bietet dir dieser Schuh in jedem Spiel und Training optimalen Komfort und Sicherheit. Der ASICS DS Light Acros 3 ist ideal f\u00fcr Sportler aller Leistungsstufen und vereint Innovation und hochwertige Verarbeitung, um den Anforderungen des modernen, schnelllebigen Sports gerecht zu werden und dir zu helfen, der Konkurrenz immer einen Schritt voraus zu sein. Konzentriere dich voll und ganz auf dein Spiel und genie\u00dfe gleichzeitig unschlagbare Funktionalit\u00e4t und ein modernes Design bei jedem Schritt.<\/p>\n<ul>\n<li><strong>Artikelnummer:<\/strong> 1101A070-101<\/li>\n<li><strong>Farbe:<\/strong> Wei\u00df<\/li>\n<\/ul>\n","protected":false},"excerpt":{"rendered":"<p>ASICS Ds Light Acros 3 &#8218;White Sea Glass&#8216;<\/p>\n","protected":false},"featured_media":57282,"comment_status":"open","ping_status":"closed","template":"","meta":[],"product_brand":[],"product_cat":[10792,41273],"product_tag":[10791,11087,10753,10802,10986,10987,10758],"class_list":{"0":"post-57281","1":"product","2":"type-product","3":"status-publish","4":"has-post-thumbnail","6":"product_cat-asics","7":"product_cat-remove","8":"product_tag-asics","9":"product_tag-firm-ground-fg-football-boots","10":"product_tag-gift-for-him","11":"product_tag-performance-sport-shoes","12":"product_tag-soccer-shoes","13":"product_tag-soccer-shoes-football-cleats","14":"product_tag-under-retail","15":"wcpa_has_options","17":"first","18":"instock","19":"taxable","20":"shipping-taxable","21":"purchasable","22":"product-type-simple"},"wcpa_form_fields":{"rules":{"pric_overide_base_price":false,"pric_overide_base_price_if_gt_zero":false,"pric_overide_base_price_fully":false,"pric_cal_option_once":false,"pric_use_as_fee":false,"bind_quantity":false,"quantity_bind_formula":false},"fields":[{"type":"color-group","required":true,"elementId":"wcpa-color-group-69a5ab08ee12d","label":"Gr\u00f6\u00dfe","inline":true,"priceOptions":"different_for_all","pricingType":"fixed","className":"hassizechart product-shoes-size-eu product-shoes-size","name":"color-group-69a5ab08ee136","disp_type":"square","selection_type":"tick-border","disp_size":"50","show_label_inside":true,"adjust_width":true,"cart_display_type":"text","other_text":"Other","cl_rule":"show","col":6,"values":[{"label":"36","value":"EU 36","price":"","pimage":"","pimage_id":"","pthumb":"","color":"","selected":true},{"label":"37","value":"EU 37","price":"","pimage":"","pimage_id":"","pthumb":"","color":""},{"label":"37.5","value":"EU 37.5","price":"","pimage":"","pimage_id":"","pthumb":"","color":""},{"label":"38","value":"EU 38","price":"","pimage":"","pimage_id":"","pthumb":"","color":""},{"label":"38.5","value":"EU 38.5","price":"","pimage":"","pimage_id":"","pthumb":"","color":""},{"label":"39","value":"EU 39","price":"","pimage":"","pimage_id":"","pthumb":"","color":""},{"label":"39.5","value":"EU 39.5","price":"","pimage":"","pimage_id":"","pthumb":"","color":""},{"label":"40","value":"EU 40","price":"","pimage":"","pimage_id":"","pthumb":"","color":""},{"label":"40.5","value":"EU 40.5","price":"","pimage":"","pimage_id":"","pthumb":"","color":""},{"label":" 41.5","value":"EU 41.5","price":"","pimage":"","pimage_id":"","pthumb":"","color":""},{"label":"42","value":"EU 42","price":"","pimage":"","pimage_id":"","pthumb":"","color":""},{"label":"42.5","value":"EU 42.5","price":"","pimage":"","pimage_id":"","pthumb":"","color":""},{"label":"43.5","value":"EU 43.5","price":"","pimage":"","pimage_id":"","pthumb":"","color":""},{"label":"44","value":"EU 44","price":"","pimage":"","pimage_id":"","pthumb":"","color":""},{"label":"44.5","value":"EU 44.5","price":"","pimage":"","pimage_id":"","pthumb":"","color":""},{"label":"45","value":"EU 45","price":"","pimage":"","pimage_id":"","pthumb":"","color":""}],"relations":[{"operator":false,"rules":[]}],"form_id":184311,"form_rules":{"pric_cal_option_once":false,"exclude_from_discount":false,"pric_use_as_fee":false,"fee_label":"Fee","render_after_acb":false,"disp_hide_options_price":false}}]},"yoast_head":"<!-- This site is optimized with the Yoast SEO plugin v26.5 - https:\/\/yoast.com\/wordpress\/plugins\/seo\/ -->\n<title>ASICS Ds Light Acros 3 &#039;White Sea Glass&#039;  - Loftrunway<\/title>\n<meta name=\"robots\" content=\"index, follow, max-snippet:-1, max-image-preview:large, max-video-preview:-1\" \/>\n<link rel=\"canonical\" href=\"https:\/\/loftrunway.com\/de\/products\/asics-ds-light-acros-3-white-sea-glass\/\" \/>\n<meta property=\"og:locale\" content=\"de_DE\" \/>\n<meta property=\"og:type\" content=\"article\" \/>\n<meta property=\"og:title\" content=\"ASICS Ds Light Acros 3 &#039;White Sea Glass&#039;  - Loftrunway\" \/>\n<meta property=\"og:description\" content=\"ASICS Ds Light Acros 3 &#039;White Sea Glass&#039;\" \/>\n<meta property=\"og:url\" content=\"https:\/\/loftrunway.com\/de\/products\/asics-ds-light-acros-3-white-sea-glass\/\" \/>\n<meta property=\"og:site_name\" content=\"loftRUN Sneaker Store\" \/>\n<meta property=\"article:modified_time\" content=\"2026-04-02T07:45:51+00:00\" \/>\n<meta name=\"twitter:card\" content=\"summary_large_image\" \/>\n<meta name=\"twitter:image\" content=\"https:\/\/images.novelship.com\/product\/asics_ds_light_acros_3__white_sea_glass__1101a070-_0_85603.jpeg\" \/>\n<meta name=\"twitter:label1\" content=\"Gesch\u00e4tzte Lesezeit\" \/>\n\t<meta name=\"twitter:data1\" content=\"1\u00a0Minute\" \/>\n<script type=\"application\/ld+json\" class=\"yoast-schema-graph\">{\"@context\":\"https:\/\/schema.org\",\"@graph\":[{\"@type\":\"WebPage\",\"@id\":\"https:\/\/loftrunway.com\/de\/products\/asics-ds-light-acros-3-white-sea-glass\/\",\"url\":\"https:\/\/loftrunway.com\/de\/products\/asics-ds-light-acros-3-white-sea-glass\/\",\"name\":\"ASICS Ds Light Acros 3 'White Sea Glass' - Loftrunway\",\"isPartOf\":{\"@id\":\"https:\/\/loftrunway.com\/de\/#website\"},\"primaryImageOfPage\":{\"@id\":\"https:\/\/loftrunway.com\/de\/products\/asics-ds-light-acros-3-white-sea-glass\/#primaryimage\"},\"image\":{\"@id\":\"https:\/\/loftrunway.com\/de\/products\/asics-ds-light-acros-3-white-sea-glass\/#primaryimage\"},\"thumbnailUrl\":\"https:\/\/images.novelship.com\/product\/asics_ds_light_acros_3__white_sea_glass__1101a070-_0_85603.jpeg\",\"datePublished\":\"2026-03-02T08:18:36+00:00\",\"dateModified\":\"2026-04-02T07:45:51+00:00\",\"breadcrumb\":{\"@id\":\"https:\/\/loftrunway.com\/de\/products\/asics-ds-light-acros-3-white-sea-glass\/#breadcrumb\"},\"inLanguage\":\"de\",\"potentialAction\":[{\"@type\":\"ReadAction\",\"target\":[\"https:\/\/loftrunway.com\/de\/products\/asics-ds-light-acros-3-white-sea-glass\/\"]}]},{\"@type\":\"ImageObject\",\"inLanguage\":\"de\",\"@id\":\"https:\/\/loftrunway.com\/de\/products\/asics-ds-light-acros-3-white-sea-glass\/#primaryimage\",\"url\":\"https:\/\/images.novelship.com\/product\/asics_ds_light_acros_3__white_sea_glass__1101a070-_0_85603.jpeg\",\"contentUrl\":\"https:\/\/images.novelship.com\/product\/asics_ds_light_acros_3__white_sea_glass__1101a070-_0_85603.jpeg\"},{\"@type\":\"BreadcrumbList\",\"@id\":\"https:\/\/loftrunway.com\/de\/products\/asics-ds-light-acros-3-white-sea-glass\/#breadcrumb\",\"itemListElement\":[{\"@type\":\"ListItem\",\"position\":1,\"name\":\"Home\",\"item\":\"https:\/\/loftrunway.com\/de\/\"},{\"@type\":\"ListItem\",\"position\":2,\"name\":\"Shop\",\"item\":\"https:\/\/loftrunway.com\/de\/shop\/\"},{\"@type\":\"ListItem\",\"position\":3,\"name\":\"ASICS Ds Light Acros 3 &#8218;White Sea Glass&#8216;\"}]},{\"@type\":\"WebSite\",\"@id\":\"https:\/\/loftrunway.com\/de\/#website\",\"url\":\"https:\/\/loftrunway.com\/de\/\",\"name\":\"Styloral Jewelry Shop\",\"description\":\"Der Ort, an dem man alle Arten von Sneakern findet\",\"publisher\":{\"@id\":\"https:\/\/loftrunway.com\/de\/#organization\"},\"potentialAction\":[{\"@type\":\"SearchAction\",\"target\":{\"@type\":\"EntryPoint\",\"urlTemplate\":\"https:\/\/loftrunway.com\/de\/?s={search_term_string}\"},\"query-input\":{\"@type\":\"PropertyValueSpecification\",\"valueRequired\":true,\"valueName\":\"search_term_string\"}}],\"inLanguage\":\"de\"},{\"@type\":\"Organization\",\"@id\":\"https:\/\/loftrunway.com\/de\/#organization\",\"name\":\"STYLORAL PTE. LTD\",\"url\":\"https:\/\/loftrunway.com\/de\/\",\"logo\":{\"@type\":\"ImageObject\",\"inLanguage\":\"de\",\"@id\":\"https:\/\/loftrunway.com\/de\/#\/schema\/logo\/image\/\",\"url\":\"https:\/\/www.loftrunway.com\/wp-content\/uploads\/2025\/12\/logo.png\",\"contentUrl\":\"https:\/\/www.loftrunway.com\/wp-content\/uploads\/2025\/12\/logo.png\",\"width\":200,\"height\":65,\"caption\":\"STYLORAL PTE. LTD\"},\"image\":{\"@id\":\"https:\/\/loftrunway.com\/de\/#\/schema\/logo\/image\/\"}}]}<\/script>\n<!-- \/ Yoast SEO plugin. -->","yoast_head_json":{"title":"ASICS Ds Light Acros 3 'White Sea Glass'  - Loftrunway","robots":{"index":"index","follow":"follow","max-snippet":"max-snippet:-1","max-image-preview":"max-image-preview:large","max-video-preview":"max-video-preview:-1"},"canonical":"https:\/\/loftrunway.com\/de\/products\/asics-ds-light-acros-3-white-sea-glass\/","og_locale":"de_DE","og_type":"article","og_title":"ASICS Ds Light Acros 3 'White Sea Glass'  - Loftrunway","og_description":"ASICS Ds Light Acros 3 'White Sea Glass'","og_url":"https:\/\/loftrunway.com\/de\/products\/asics-ds-light-acros-3-white-sea-glass\/","og_site_name":"loftRUN Sneaker Store","article_modified_time":"2026-04-02T07:45:51+00:00","twitter_card":"summary_large_image","twitter_image":"https:\/\/images.novelship.com\/product\/asics_ds_light_acros_3__white_sea_glass__1101a070-_0_85603.jpeg","twitter_misc":{"Gesch\u00e4tzte Lesezeit":"1\u00a0Minute"},"schema":{"@context":"https:\/\/schema.org","@graph":[{"@type":"WebPage","@id":"https:\/\/loftrunway.com\/de\/products\/asics-ds-light-acros-3-white-sea-glass\/","url":"https:\/\/loftrunway.com\/de\/products\/asics-ds-light-acros-3-white-sea-glass\/","name":"ASICS Ds Light Acros 3 'White Sea Glass' - Loftrunway","isPartOf":{"@id":"https:\/\/loftrunway.com\/de\/#website"},"primaryImageOfPage":{"@id":"https:\/\/loftrunway.com\/de\/products\/asics-ds-light-acros-3-white-sea-glass\/#primaryimage"},"image":{"@id":"https:\/\/loftrunway.com\/de\/products\/asics-ds-light-acros-3-white-sea-glass\/#primaryimage"},"thumbnailUrl":"https:\/\/images.novelship.com\/product\/asics_ds_light_acros_3__white_sea_glass__1101a070-_0_85603.jpeg","datePublished":"2026-03-02T08:18:36+00:00","dateModified":"2026-04-02T07:45:51+00:00","breadcrumb":{"@id":"https:\/\/loftrunway.com\/de\/products\/asics-ds-light-acros-3-white-sea-glass\/#breadcrumb"},"inLanguage":"de","potentialAction":[{"@type":"ReadAction","target":["https:\/\/loftrunway.com\/de\/products\/asics-ds-light-acros-3-white-sea-glass\/"]}]},{"@type":"ImageObject","inLanguage":"de","@id":"https:\/\/loftrunway.com\/de\/products\/asics-ds-light-acros-3-white-sea-glass\/#primaryimage","url":"https:\/\/images.novelship.com\/product\/asics_ds_light_acros_3__white_sea_glass__1101a070-_0_85603.jpeg","contentUrl":"https:\/\/images.novelship.com\/product\/asics_ds_light_acros_3__white_sea_glass__1101a070-_0_85603.jpeg"},{"@type":"BreadcrumbList","@id":"https:\/\/loftrunway.com\/de\/products\/asics-ds-light-acros-3-white-sea-glass\/#breadcrumb","itemListElement":[{"@type":"ListItem","position":1,"name":"Home","item":"https:\/\/loftrunway.com\/de\/"},{"@type":"ListItem","position":2,"name":"Shop","item":"https:\/\/loftrunway.com\/de\/shop\/"},{"@type":"ListItem","position":3,"name":"ASICS Ds Light Acros 3 &#8218;White Sea Glass&#8216;"}]},{"@type":"WebSite","@id":"https:\/\/loftrunway.com\/de\/#website","url":"https:\/\/loftrunway.com\/de\/","name":"Styloral Jewelry Shop","description":"Der Ort, an dem man alle Arten von Sneakern findet","publisher":{"@id":"https:\/\/loftrunway.com\/de\/#organization"},"potentialAction":[{"@type":"SearchAction","target":{"@type":"EntryPoint","urlTemplate":"https:\/\/loftrunway.com\/de\/?s={search_term_string}"},"query-input":{"@type":"PropertyValueSpecification","valueRequired":true,"valueName":"search_term_string"}}],"inLanguage":"de"},{"@type":"Organization","@id":"https:\/\/loftrunway.com\/de\/#organization","name":"STYLORAL PTE. LTD","url":"https:\/\/loftrunway.com\/de\/","logo":{"@type":"ImageObject","inLanguage":"de","@id":"https:\/\/loftrunway.com\/de\/#\/schema\/logo\/image\/","url":"https:\/\/www.loftrunway.com\/wp-content\/uploads\/2025\/12\/logo.png","contentUrl":"https:\/\/www.loftrunway.com\/wp-content\/uploads\/2025\/12\/logo.png","width":200,"height":65,"caption":"STYLORAL PTE. LTD"},"image":{"@id":"https:\/\/loftrunway.com\/de\/#\/schema\/logo\/image\/"}}]}},"_links":{"self":[{"href":"https:\/\/loftrunway.com\/de\/wp-json\/wp\/v2\/product\/57281","targetHints":{"allow":["GET"]}}],"collection":[{"href":"https:\/\/loftrunway.com\/de\/wp-json\/wp\/v2\/product"}],"about":[{"href":"https:\/\/loftrunway.com\/de\/wp-json\/wp\/v2\/types\/product"}],"replies":[{"embeddable":true,"href":"https:\/\/loftrunway.com\/de\/wp-json\/wp\/v2\/comments?post=57281"}],"wp:featuredmedia":[{"embeddable":true,"href":"https:\/\/loftrunway.com\/de\/wp-json\/wp\/v2\/media\/57282"}],"wp:attachment":[{"href":"https:\/\/loftrunway.com\/de\/wp-json\/wp\/v2\/media?parent=57281"}],"wp:term":[{"taxonomy":"product_brand","embeddable":true,"href":"https:\/\/loftrunway.com\/de\/wp-json\/wp\/v2\/product_brand?post=57281"},{"taxonomy":"product_cat","embeddable":true,"href":"https:\/\/loftrunway.com\/de\/wp-json\/wp\/v2\/product_cat?post=57281"},{"taxonomy":"product_tag","embeddable":true,"href":"https:\/\/loftrunway.com\/de\/wp-json\/wp\/v2\/product_tag?post=57281"}],"curies":[{"name":"wp","href":"https:\/\/api.w.org\/{rel}","templated":true}]}}