{"id":6776,"date":"2026-02-20T14:32:45","date_gmt":"2026-02-20T07:32:45","guid":{"rendered":"http:\/\/loftrunway.com\/product\/wmns-air-jordan-1-mid-neapolitan-bq6472-620"},"modified":"2026-04-03T19:24:10","modified_gmt":"2026-04-03T12:24:10","slug":"wmns-air-jordan-1-mid-neapolitan-bq6472-620","status":"publish","type":"product","link":"https:\/\/loftrunway.com\/de\/products\/wmns-air-jordan-1-mid-neapolitan-bq6472-620\/","title":{"rendered":"Wmns Jordan 1 Mid &#8218;Neapolitan&#8216;"},"content":{"rendered":"<p>Mit dem Air Jordan 1 Mid &#8218;Pink Oxford Sail&#8216; verleihst du deinem Style das gewisse Etwas. Dieser elegante Schuh vereint zarte Rosat\u00f6ne mit hochwertigen Materialien und ist perfekt f\u00fcr Frauen, die Wert auf Eleganz und Performance legen. Die ikonische Silhouette besticht durch ein dezentes Obermaterial aus glattem Leder in Oxford-Optik mit weichen Overlays. Die cleane Sail-Zwischensohle sorgt f\u00fcr einen modernen Kontrast. Die Air-Sole-D\u00e4mpfung garantiert ganzt\u00e4gigen Tragekomfort, w\u00e4hrend der gepolsterte Schaftrand zus\u00e4tzlichen Halt f\u00fcr den Kn\u00f6chel bietet \u2013 ideal f\u00fcr Sport und Freizeit. Ob auf dem Court oder in der Stadt: Das zeitlose Design und die makellose Verarbeitung machen diesen Schuh zu einem vielseitigen Begleiter f\u00fcr jede Garderobe. Der \u201ePink Oxford Sail\u201c mit dem klassischen Air Jordan Wings Logo und dem Swoosh definiert die Sneaker-Kultur neu \u2013 dank seiner gelungenen Kombination aus femininer Eleganz, Strapazierf\u00e4higkeit und zeitlosem Charme.<\/p>\n<ul>\n<li><strong>Farbgebung:<\/strong> Pink Oxford\/Sail\/Archaeo Brown<\/li>\n<li><strong>Style-Code:<\/strong> BQ6472-620<\/li>\n<li><strong>Obermaterial:<\/strong> Leder<\/li>\n<li><strong>Zwischensohle:<\/strong> Air<\/li>\n<li><strong>Farbe:<\/strong> Pink<\/li>\n<li><strong>Designer:<\/strong> Peter Moore<\/li>\n<\/ul>\n","protected":false},"excerpt":{"rendered":"<p>Jordan Jordan 1 Mid \u2014 Pink Oxford\/Sail\/Archaeo Brown<\/p>\n","protected":false},"featured_media":6777,"comment_status":"open","ping_status":"closed","template":"","meta":[],"product_brand":[],"product_cat":[218],"product_tag":[],"class_list":{"0":"post-6776","1":"product","2":"type-product","3":"status-publish","4":"has-post-thumbnail","6":"product_cat-air-jordan-2026","7":"wcpa_has_options","9":"first","10":"instock","11":"taxable","12":"shipping-taxable","13":"purchasable","14":"product-type-simple"},"wcpa_form_fields":{"rules":{"pric_overide_base_price":false,"pric_overide_base_price_if_gt_zero":false,"pric_overide_base_price_fully":false,"pric_cal_option_once":false,"pric_use_as_fee":false,"bind_quantity":false,"quantity_bind_formula":false},"fields":[{"type":"color-group","required":true,"elementId":"wcpa-color-group-66c4a75505e74","label":"Gr\u00f6\u00dfe - EU Gr\u00f6\u00dfe","inline":true,"priceOptions":"different_for_all","pricingType":"fixed","className":"hassizechart product-shoes-size-eu product-shoes-size","name":"color-group-66c4a75505e89","disp_type":"square","selection_type":"tick-border","disp_size":"44","show_label_inside":true,"adjust_width":true,"cart_display_type":"text","other_text":"Other","cl_rule":"show","col":6,"values":[{"label":"35.5","value":"EU 35.5","price":"","pimage":"","pimage_id":"","pthumb":"","color":""},{"label":"36","value":"EU 36","price":"","pimage":"","pimage_id":"","pthumb":"","color":"","selected":true},{"label":"36.5","value":"EU 36.5","price":"","pimage":"","pimage_id":"","pthumb":"","color":""},{"label":"37.5","value":"EU 37.5","price":"","pimage":"","pimage_id":"","pthumb":"","color":""},{"label":"38","value":"EU 38","price":"","pimage":"","pimage_id":"","pthumb":"","color":""},{"label":"38.5","value":"EU 38.5","price":"","pimage":"","pimage_id":"","pthumb":"","color":""},{"label":"39","value":"EU 39","price":"","pimage":"","pimage_id":"","pthumb":"","color":""},{"label":"40","value":"EU 40","price":"","pimage":"","pimage_id":"","pthumb":"","color":""},{"label":"40.5","value":"EU 40.5","price":"","pimage":"","pimage_id":"","pthumb":"","color":""},{"label":"41","value":"EU 41","price":"","pimage":"","pimage_id":"","pthumb":"","color":""},{"label":"42","value":"EU 42","price":"","pimage":"","pimage_id":"","pthumb":"","color":""},{"label":"42.5","value":"EU 42.5","price":"","pimage":"","pimage_id":"","pthumb":"","color":""},{"label":"43","value":"EU 43","price":"","pimage":"","pimage_id":"","pthumb":"","color":""},{"label":"44","value":"EU 44","price":"","pimage":"","pimage_id":"","pthumb":"","color":""},{"label":"44.5","value":"EU 44.5","price":"","pimage":"","pimage_id":"","pthumb":"","color":""},{"label":"45","value":"EU 45","price":"","pimage":"","pimage_id":"","pthumb":"","color":""},{"label":"45.5","value":"EU 45.5","price":"","pimage":"","pimage_id":"","pthumb":"","color":""},{"label":"46","value":"EU 46","price":"","pimage":"","pimage_id":"","pthumb":"","color":""},{"label":"47","value":"EU 47","price":"","pimage":"","pimage_id":"","pthumb":"","color":""},{"label":"47.5","value":"EU 47.5","price":"","pimage":"","pimage_id":"","pthumb":"","color":""},{"label":"48","value":"EU 48","price":"","pimage":"","pimage_id":"","pthumb":"","color":""}],"relations":[{"operator":false,"rules":[]}],"form_id":18106,"form_rules":{"pric_cal_option_once":false,"exclude_from_discount":false,"pric_use_as_fee":false,"fee_label":"Fee","render_after_acb":false,"disp_hide_options_price":false}}]},"yoast_head":"<!-- This site is optimized with the Yoast SEO plugin v26.5 - https:\/\/yoast.com\/wordpress\/plugins\/seo\/ -->\n<title>Wmns Jordan 1 Mid &#039;Neapolitan&#039; - Loftrunway<\/title>\n<meta name=\"robots\" content=\"index, follow, max-snippet:-1, max-image-preview:large, max-video-preview:-1\" \/>\n<link rel=\"canonical\" href=\"https:\/\/loftrunway.com\/de\/products\/wmns-air-jordan-1-mid-neapolitan-bq6472-620\/\" \/>\n<meta property=\"og:locale\" content=\"de_DE\" \/>\n<meta property=\"og:type\" content=\"article\" \/>\n<meta property=\"og:title\" content=\"Wmns Jordan 1 Mid &#039;Neapolitan&#039; - Loftrunway\" \/>\n<meta property=\"og:description\" content=\"Jordan Jordan 1 Mid \u2014 Pink Oxford\/Sail\/Archaeo Brown\" \/>\n<meta property=\"og:url\" content=\"https:\/\/loftrunway.com\/de\/products\/wmns-air-jordan-1-mid-neapolitan-bq6472-620\/\" \/>\n<meta property=\"og:site_name\" content=\"loftRUN Sneaker Store\" \/>\n<meta property=\"article:modified_time\" content=\"2026-04-03T12:24:10+00:00\" \/>\n<meta name=\"twitter:card\" content=\"summary_large_image\" \/>\n<meta name=\"twitter:image\" content=\"https:\/\/images.novelship.com\/product\/_women__air_jordan_1_mid__pink_oxford_sail__bq6472_0_91934.jpeg\" \/>\n<meta name=\"twitter:label1\" content=\"Gesch\u00e4tzte Lesezeit\" \/>\n\t<meta name=\"twitter:data1\" content=\"1\u00a0Minute\" \/>\n<script type=\"application\/ld+json\" class=\"yoast-schema-graph\">{\"@context\":\"https:\/\/schema.org\",\"@graph\":[{\"@type\":\"WebPage\",\"@id\":\"https:\/\/loftrunway.com\/de\/products\/wmns-air-jordan-1-mid-neapolitan-bq6472-620\/\",\"url\":\"https:\/\/loftrunway.com\/de\/products\/wmns-air-jordan-1-mid-neapolitan-bq6472-620\/\",\"name\":\"Wmns Jordan 1 Mid 'Neapolitan' - Loftrunway\",\"isPartOf\":{\"@id\":\"https:\/\/loftrunway.com\/de\/#website\"},\"primaryImageOfPage\":{\"@id\":\"https:\/\/loftrunway.com\/de\/products\/wmns-air-jordan-1-mid-neapolitan-bq6472-620\/#primaryimage\"},\"image\":{\"@id\":\"https:\/\/loftrunway.com\/de\/products\/wmns-air-jordan-1-mid-neapolitan-bq6472-620\/#primaryimage\"},\"thumbnailUrl\":\"https:\/\/images.novelship.com\/product\/_women__air_jordan_1_mid__pink_oxford_sail__bq6472_0_91934.jpeg\",\"datePublished\":\"2026-02-20T07:32:45+00:00\",\"dateModified\":\"2026-04-03T12:24:10+00:00\",\"breadcrumb\":{\"@id\":\"https:\/\/loftrunway.com\/de\/products\/wmns-air-jordan-1-mid-neapolitan-bq6472-620\/#breadcrumb\"},\"inLanguage\":\"de\",\"potentialAction\":[{\"@type\":\"ReadAction\",\"target\":[\"https:\/\/loftrunway.com\/de\/products\/wmns-air-jordan-1-mid-neapolitan-bq6472-620\/\"]}]},{\"@type\":\"ImageObject\",\"inLanguage\":\"de\",\"@id\":\"https:\/\/loftrunway.com\/de\/products\/wmns-air-jordan-1-mid-neapolitan-bq6472-620\/#primaryimage\",\"url\":\"https:\/\/images.novelship.com\/product\/_women__air_jordan_1_mid__pink_oxford_sail__bq6472_0_91934.jpeg\",\"contentUrl\":\"https:\/\/images.novelship.com\/product\/_women__air_jordan_1_mid__pink_oxford_sail__bq6472_0_91934.jpeg\"},{\"@type\":\"BreadcrumbList\",\"@id\":\"https:\/\/loftrunway.com\/de\/products\/wmns-air-jordan-1-mid-neapolitan-bq6472-620\/#breadcrumb\",\"itemListElement\":[{\"@type\":\"ListItem\",\"position\":1,\"name\":\"Home\",\"item\":\"https:\/\/loftrunway.com\/de\/\"},{\"@type\":\"ListItem\",\"position\":2,\"name\":\"Shop\",\"item\":\"https:\/\/loftrunway.com\/de\/shop\/\"},{\"@type\":\"ListItem\",\"position\":3,\"name\":\"Wmns Jordan 1 Mid &#8218;Neapolitan&#8216;\"}]},{\"@type\":\"WebSite\",\"@id\":\"https:\/\/loftrunway.com\/de\/#website\",\"url\":\"https:\/\/loftrunway.com\/de\/\",\"name\":\"Styloral Jewelry Shop\",\"description\":\"Der Ort, an dem man alle Arten von Sneakern findet\",\"publisher\":{\"@id\":\"https:\/\/loftrunway.com\/de\/#organization\"},\"potentialAction\":[{\"@type\":\"SearchAction\",\"target\":{\"@type\":\"EntryPoint\",\"urlTemplate\":\"https:\/\/loftrunway.com\/de\/?s={search_term_string}\"},\"query-input\":{\"@type\":\"PropertyValueSpecification\",\"valueRequired\":true,\"valueName\":\"search_term_string\"}}],\"inLanguage\":\"de\"},{\"@type\":\"Organization\",\"@id\":\"https:\/\/loftrunway.com\/de\/#organization\",\"name\":\"STYLORAL PTE. LTD\",\"url\":\"https:\/\/loftrunway.com\/de\/\",\"logo\":{\"@type\":\"ImageObject\",\"inLanguage\":\"de\",\"@id\":\"https:\/\/loftrunway.com\/de\/#\/schema\/logo\/image\/\",\"url\":\"https:\/\/www.loftrunway.com\/wp-content\/uploads\/2025\/12\/logo.png\",\"contentUrl\":\"https:\/\/www.loftrunway.com\/wp-content\/uploads\/2025\/12\/logo.png\",\"width\":200,\"height\":65,\"caption\":\"STYLORAL PTE. LTD\"},\"image\":{\"@id\":\"https:\/\/loftrunway.com\/de\/#\/schema\/logo\/image\/\"}}]}<\/script>\n<!-- \/ Yoast SEO plugin. -->","yoast_head_json":{"title":"Wmns Jordan 1 Mid 'Neapolitan' - Loftrunway","robots":{"index":"index","follow":"follow","max-snippet":"max-snippet:-1","max-image-preview":"max-image-preview:large","max-video-preview":"max-video-preview:-1"},"canonical":"https:\/\/loftrunway.com\/de\/products\/wmns-air-jordan-1-mid-neapolitan-bq6472-620\/","og_locale":"de_DE","og_type":"article","og_title":"Wmns Jordan 1 Mid 'Neapolitan' - Loftrunway","og_description":"Jordan Jordan 1 Mid \u2014 Pink Oxford\/Sail\/Archaeo Brown","og_url":"https:\/\/loftrunway.com\/de\/products\/wmns-air-jordan-1-mid-neapolitan-bq6472-620\/","og_site_name":"loftRUN Sneaker Store","article_modified_time":"2026-04-03T12:24:10+00:00","twitter_card":"summary_large_image","twitter_image":"https:\/\/images.novelship.com\/product\/_women__air_jordan_1_mid__pink_oxford_sail__bq6472_0_91934.jpeg","twitter_misc":{"Gesch\u00e4tzte Lesezeit":"1\u00a0Minute"},"schema":{"@context":"https:\/\/schema.org","@graph":[{"@type":"WebPage","@id":"https:\/\/loftrunway.com\/de\/products\/wmns-air-jordan-1-mid-neapolitan-bq6472-620\/","url":"https:\/\/loftrunway.com\/de\/products\/wmns-air-jordan-1-mid-neapolitan-bq6472-620\/","name":"Wmns Jordan 1 Mid 'Neapolitan' - Loftrunway","isPartOf":{"@id":"https:\/\/loftrunway.com\/de\/#website"},"primaryImageOfPage":{"@id":"https:\/\/loftrunway.com\/de\/products\/wmns-air-jordan-1-mid-neapolitan-bq6472-620\/#primaryimage"},"image":{"@id":"https:\/\/loftrunway.com\/de\/products\/wmns-air-jordan-1-mid-neapolitan-bq6472-620\/#primaryimage"},"thumbnailUrl":"https:\/\/images.novelship.com\/product\/_women__air_jordan_1_mid__pink_oxford_sail__bq6472_0_91934.jpeg","datePublished":"2026-02-20T07:32:45+00:00","dateModified":"2026-04-03T12:24:10+00:00","breadcrumb":{"@id":"https:\/\/loftrunway.com\/de\/products\/wmns-air-jordan-1-mid-neapolitan-bq6472-620\/#breadcrumb"},"inLanguage":"de","potentialAction":[{"@type":"ReadAction","target":["https:\/\/loftrunway.com\/de\/products\/wmns-air-jordan-1-mid-neapolitan-bq6472-620\/"]}]},{"@type":"ImageObject","inLanguage":"de","@id":"https:\/\/loftrunway.com\/de\/products\/wmns-air-jordan-1-mid-neapolitan-bq6472-620\/#primaryimage","url":"https:\/\/images.novelship.com\/product\/_women__air_jordan_1_mid__pink_oxford_sail__bq6472_0_91934.jpeg","contentUrl":"https:\/\/images.novelship.com\/product\/_women__air_jordan_1_mid__pink_oxford_sail__bq6472_0_91934.jpeg"},{"@type":"BreadcrumbList","@id":"https:\/\/loftrunway.com\/de\/products\/wmns-air-jordan-1-mid-neapolitan-bq6472-620\/#breadcrumb","itemListElement":[{"@type":"ListItem","position":1,"name":"Home","item":"https:\/\/loftrunway.com\/de\/"},{"@type":"ListItem","position":2,"name":"Shop","item":"https:\/\/loftrunway.com\/de\/shop\/"},{"@type":"ListItem","position":3,"name":"Wmns Jordan 1 Mid &#8218;Neapolitan&#8216;"}]},{"@type":"WebSite","@id":"https:\/\/loftrunway.com\/de\/#website","url":"https:\/\/loftrunway.com\/de\/","name":"Styloral Jewelry Shop","description":"Der Ort, an dem man alle Arten von Sneakern findet","publisher":{"@id":"https:\/\/loftrunway.com\/de\/#organization"},"potentialAction":[{"@type":"SearchAction","target":{"@type":"EntryPoint","urlTemplate":"https:\/\/loftrunway.com\/de\/?s={search_term_string}"},"query-input":{"@type":"PropertyValueSpecification","valueRequired":true,"valueName":"search_term_string"}}],"inLanguage":"de"},{"@type":"Organization","@id":"https:\/\/loftrunway.com\/de\/#organization","name":"STYLORAL PTE. LTD","url":"https:\/\/loftrunway.com\/de\/","logo":{"@type":"ImageObject","inLanguage":"de","@id":"https:\/\/loftrunway.com\/de\/#\/schema\/logo\/image\/","url":"https:\/\/www.loftrunway.com\/wp-content\/uploads\/2025\/12\/logo.png","contentUrl":"https:\/\/www.loftrunway.com\/wp-content\/uploads\/2025\/12\/logo.png","width":200,"height":65,"caption":"STYLORAL PTE. LTD"},"image":{"@id":"https:\/\/loftrunway.com\/de\/#\/schema\/logo\/image\/"}}]}},"_links":{"self":[{"href":"https:\/\/loftrunway.com\/de\/wp-json\/wp\/v2\/product\/6776","targetHints":{"allow":["GET"]}}],"collection":[{"href":"https:\/\/loftrunway.com\/de\/wp-json\/wp\/v2\/product"}],"about":[{"href":"https:\/\/loftrunway.com\/de\/wp-json\/wp\/v2\/types\/product"}],"replies":[{"embeddable":true,"href":"https:\/\/loftrunway.com\/de\/wp-json\/wp\/v2\/comments?post=6776"}],"wp:featuredmedia":[{"embeddable":true,"href":"https:\/\/loftrunway.com\/de\/wp-json\/wp\/v2\/media\/6777"}],"wp:attachment":[{"href":"https:\/\/loftrunway.com\/de\/wp-json\/wp\/v2\/media?parent=6776"}],"wp:term":[{"taxonomy":"product_brand","embeddable":true,"href":"https:\/\/loftrunway.com\/de\/wp-json\/wp\/v2\/product_brand?post=6776"},{"taxonomy":"product_cat","embeddable":true,"href":"https:\/\/loftrunway.com\/de\/wp-json\/wp\/v2\/product_cat?post=6776"},{"taxonomy":"product_tag","embeddable":true,"href":"https:\/\/loftrunway.com\/de\/wp-json\/wp\/v2\/product_tag?post=6776"}],"curies":[{"name":"wp","href":"https:\/\/api.w.org\/{rel}","templated":true}]}}