{"id":67926,"date":"2026-03-02T15:21:20","date_gmt":"2026-03-02T08:21:20","guid":{"rendered":"http:\/\/loftrunway.com\/product\/women-nike-sabrina-2-ep-sports-red-college"},"modified":"2026-04-03T19:37:11","modified_gmt":"2026-04-03T12:37:11","slug":"women-nike-sabrina-2-ep-sports-red-college","status":"publish","type":"product","link":"https:\/\/loftrunway.com\/de\/products\/women-nike-sabrina-2-ep-sports-red-college\/","title":{"rendered":"(Women) Nike Sabrina 2 EP &#8218;Sports Red College&#8216;"},"content":{"rendered":"<p>Der Nike Sabrina 2 EP \u201eSports Red College\u201c ist ein eleganter, leistungsstarker Basketballschuh f\u00fcr Damen, der innovative Technologie mit einem markanten sportlichen Design vereint. Mit seinem auff\u00e4lligen Sportrot und dem vom College-Stil inspirierten Farbschema bietet dieser Schuh die perfekte Balance aus Funktionalit\u00e4t und Eleganz \u201d\u201c f\u00fcr Dominanz auf dem Court und einen stylischen Auftritt abseits davon. Er wurde f\u00fcr optimalen Komfort und Halt entwickelt und verf\u00fcgt \u00fcber eine leichte Zoom Air-D\u00e4mpfung f\u00fcr reaktionsschnelle Schritte und ein hervorragendes Ballgef\u00fchl bei schnellen Spielen. Strapazierf\u00e4hige Materialien und ein sicheres Schn\u00fcrsystem sorgen f\u00fcr optimale Stabilit\u00e4t bei schnellen Richtungswechseln und intensivem Spiel. Die Gummiau\u00dfensohle mit multidirektionaler Traktion garantiert sicheren Halt in jeder Wettkampfumgebung. Dieser Schuh wurde speziell f\u00fcr moderne Athleten entwickelt und ist ideal f\u00fcr Profis und ambitionierte Hobbysportler, die Wert auf Performance und dynamisches Design legen.<\/p>\n<ul>\n<li><strong>Farbgebung:<\/strong> Sportrot\/College Navy\/Wei\u00df<\/li>\n<li><strong>Artikelnummer:<\/strong> FZ1517-600<\/li>\n<li><strong>Obermaterial:<\/strong> Mesh<\/li>\n<li><strong>Zwischensohle:<\/strong> Zoom Air<\/li>\n<li><strong>Farbe:<\/strong> Rot<\/li>\n<li><strong>Designer:<\/strong> Benjamin Nethongkome<\/li>\n<\/ul>\n","protected":false},"excerpt":{"rendered":"<p>Nike Sabrina 2 EP \u201d\u201d Sport Red\/College Navy\/White<\/p>\n","protected":false},"featured_media":67927,"comment_status":"open","ping_status":"closed","template":"","meta":[],"product_brand":[],"product_cat":[10809],"product_tag":[10800,10939,11129,10940,10801,10802],"class_list":{"0":"post-67926","1":"product","2":"type-product","3":"status-publish","4":"has-post-thumbnail","6":"product_cat-nike-women","7":"product_tag-basketball-shoes","8":"product_tag-international-women-day-coll","9":"product_tag-lightweight-basketball-shoes","10":"product_tag-mother-day-coll","11":"product_tag-nike","12":"product_tag-performance-sport-shoes","13":"wcpa_has_options","15":"first","16":"instock","17":"taxable","18":"shipping-taxable","19":"purchasable","20":"product-type-simple"},"wcpa_form_fields":{"rules":{"pric_overide_base_price":false,"pric_overide_base_price_if_gt_zero":false,"pric_overide_base_price_fully":false,"pric_cal_option_once":false,"pric_use_as_fee":false,"bind_quantity":false,"quantity_bind_formula":false},"fields":[{"type":"color-group","required":true,"elementId":"wcpa-color-group-66c4a75505e74","label":"Gr\u00f6\u00dfe - EU Gr\u00f6\u00dfe","inline":true,"priceOptions":"different_for_all","pricingType":"fixed","className":"hassizechart product-shoes-size-eu product-shoes-size","name":"color-group-66c4a75505e89","disp_type":"square","selection_type":"tick-border","disp_size":"44","show_label_inside":true,"adjust_width":true,"cart_display_type":"text","other_text":"Other","cl_rule":"show","col":6,"values":[{"label":"35.5","value":"EU 35.5","price":"","pimage":"","pimage_id":"","pthumb":"","color":""},{"label":"36","value":"EU 36","price":"","pimage":"","pimage_id":"","pthumb":"","color":"","selected":true},{"label":"36.5","value":"EU 36.5","price":"","pimage":"","pimage_id":"","pthumb":"","color":""},{"label":"37.5","value":"EU 37.5","price":"","pimage":"","pimage_id":"","pthumb":"","color":""},{"label":"38","value":"EU 38","price":"","pimage":"","pimage_id":"","pthumb":"","color":""},{"label":"38.5","value":"EU 38.5","price":"","pimage":"","pimage_id":"","pthumb":"","color":""},{"label":"39","value":"EU 39","price":"","pimage":"","pimage_id":"","pthumb":"","color":""},{"label":"40","value":"EU 40","price":"","pimage":"","pimage_id":"","pthumb":"","color":""},{"label":"40.5","value":"EU 40.5","price":"","pimage":"","pimage_id":"","pthumb":"","color":""},{"label":"41","value":"EU 41","price":"","pimage":"","pimage_id":"","pthumb":"","color":""},{"label":"42","value":"EU 42","price":"","pimage":"","pimage_id":"","pthumb":"","color":""},{"label":"42.5","value":"EU 42.5","price":"","pimage":"","pimage_id":"","pthumb":"","color":""},{"label":"43","value":"EU 43","price":"","pimage":"","pimage_id":"","pthumb":"","color":""},{"label":"44","value":"EU 44","price":"","pimage":"","pimage_id":"","pthumb":"","color":""},{"label":"44.5","value":"EU 44.5","price":"","pimage":"","pimage_id":"","pthumb":"","color":""},{"label":"45","value":"EU 45","price":"","pimage":"","pimage_id":"","pthumb":"","color":""},{"label":"45.5","value":"EU 45.5","price":"","pimage":"","pimage_id":"","pthumb":"","color":""},{"label":"46","value":"EU 46","price":"","pimage":"","pimage_id":"","pthumb":"","color":""},{"label":"47","value":"EU 47","price":"","pimage":"","pimage_id":"","pthumb":"","color":""},{"label":"47.5","value":"EU 47.5","price":"","pimage":"","pimage_id":"","pthumb":"","color":""},{"label":"48","value":"EU 48","price":"","pimage":"","pimage_id":"","pthumb":"","color":""}],"relations":[{"operator":false,"rules":[]}],"form_id":18106,"form_rules":{"pric_cal_option_once":false,"exclude_from_discount":false,"pric_use_as_fee":false,"fee_label":"Fee","render_after_acb":false,"disp_hide_options_price":false}}]},"yoast_head":"<!-- This site is optimized with the Yoast SEO plugin v26.5 - https:\/\/yoast.com\/wordpress\/plugins\/seo\/ -->\n<title>(Women) Nike Sabrina 2 EP &#039;Sports Red College&#039;  - Loftrunway<\/title>\n<meta name=\"robots\" content=\"index, follow, max-snippet:-1, max-image-preview:large, max-video-preview:-1\" \/>\n<link rel=\"canonical\" href=\"https:\/\/loftrunway.com\/de\/products\/women-nike-sabrina-2-ep-sports-red-college\/\" \/>\n<meta property=\"og:locale\" content=\"de_DE\" \/>\n<meta property=\"og:type\" content=\"article\" \/>\n<meta property=\"og:title\" content=\"(Women) Nike Sabrina 2 EP &#039;Sports Red College&#039;  - Loftrunway\" \/>\n<meta property=\"og:description\" content=\"Nike Sabrina 2 EP \u201d\u201d Sport Red\/College Navy\/White\" \/>\n<meta property=\"og:url\" content=\"https:\/\/loftrunway.com\/de\/products\/women-nike-sabrina-2-ep-sports-red-college\/\" \/>\n<meta property=\"og:site_name\" content=\"loftRUN Sneaker Store\" \/>\n<meta property=\"article:modified_time\" content=\"2026-04-03T12:37:11+00:00\" \/>\n<meta name=\"twitter:card\" content=\"summary_large_image\" \/>\n<meta name=\"twitter:image\" content=\"https:\/\/images.novelship.com\/product\/nike_sabrina_2_ep__sports_red_college__fz1517-600_0_62426.jpeg\" \/>\n<meta name=\"twitter:label1\" content=\"Gesch\u00e4tzte Lesezeit\" \/>\n\t<meta name=\"twitter:data1\" content=\"1\u00a0Minute\" \/>\n<script type=\"application\/ld+json\" class=\"yoast-schema-graph\">{\"@context\":\"https:\/\/schema.org\",\"@graph\":[{\"@type\":\"WebPage\",\"@id\":\"https:\/\/loftrunway.com\/de\/products\/women-nike-sabrina-2-ep-sports-red-college\/\",\"url\":\"https:\/\/loftrunway.com\/de\/products\/women-nike-sabrina-2-ep-sports-red-college\/\",\"name\":\"(Women) Nike Sabrina 2 EP 'Sports Red College' - Loftrunway\",\"isPartOf\":{\"@id\":\"https:\/\/loftrunway.com\/de\/#website\"},\"primaryImageOfPage\":{\"@id\":\"https:\/\/loftrunway.com\/de\/products\/women-nike-sabrina-2-ep-sports-red-college\/#primaryimage\"},\"image\":{\"@id\":\"https:\/\/loftrunway.com\/de\/products\/women-nike-sabrina-2-ep-sports-red-college\/#primaryimage\"},\"thumbnailUrl\":\"https:\/\/images.novelship.com\/product\/nike_sabrina_2_ep__sports_red_college__fz1517-600_0_62426.jpeg\",\"datePublished\":\"2026-03-02T08:21:20+00:00\",\"dateModified\":\"2026-04-03T12:37:11+00:00\",\"breadcrumb\":{\"@id\":\"https:\/\/loftrunway.com\/de\/products\/women-nike-sabrina-2-ep-sports-red-college\/#breadcrumb\"},\"inLanguage\":\"de\",\"potentialAction\":[{\"@type\":\"ReadAction\",\"target\":[\"https:\/\/loftrunway.com\/de\/products\/women-nike-sabrina-2-ep-sports-red-college\/\"]}]},{\"@type\":\"ImageObject\",\"inLanguage\":\"de\",\"@id\":\"https:\/\/loftrunway.com\/de\/products\/women-nike-sabrina-2-ep-sports-red-college\/#primaryimage\",\"url\":\"https:\/\/images.novelship.com\/product\/nike_sabrina_2_ep__sports_red_college__fz1517-600_0_62426.jpeg\",\"contentUrl\":\"https:\/\/images.novelship.com\/product\/nike_sabrina_2_ep__sports_red_college__fz1517-600_0_62426.jpeg\"},{\"@type\":\"BreadcrumbList\",\"@id\":\"https:\/\/loftrunway.com\/de\/products\/women-nike-sabrina-2-ep-sports-red-college\/#breadcrumb\",\"itemListElement\":[{\"@type\":\"ListItem\",\"position\":1,\"name\":\"Home\",\"item\":\"https:\/\/loftrunway.com\/de\/\"},{\"@type\":\"ListItem\",\"position\":2,\"name\":\"Shop\",\"item\":\"https:\/\/loftrunway.com\/de\/shop\/\"},{\"@type\":\"ListItem\",\"position\":3,\"name\":\"(Women) Nike Sabrina 2 EP &#8218;Sports Red College&#8216;\"}]},{\"@type\":\"WebSite\",\"@id\":\"https:\/\/loftrunway.com\/de\/#website\",\"url\":\"https:\/\/loftrunway.com\/de\/\",\"name\":\"Styloral Jewelry Shop\",\"description\":\"Der Ort, an dem man alle Arten von Sneakern findet\",\"publisher\":{\"@id\":\"https:\/\/loftrunway.com\/de\/#organization\"},\"potentialAction\":[{\"@type\":\"SearchAction\",\"target\":{\"@type\":\"EntryPoint\",\"urlTemplate\":\"https:\/\/loftrunway.com\/de\/?s={search_term_string}\"},\"query-input\":{\"@type\":\"PropertyValueSpecification\",\"valueRequired\":true,\"valueName\":\"search_term_string\"}}],\"inLanguage\":\"de\"},{\"@type\":\"Organization\",\"@id\":\"https:\/\/loftrunway.com\/de\/#organization\",\"name\":\"STYLORAL PTE. LTD\",\"url\":\"https:\/\/loftrunway.com\/de\/\",\"logo\":{\"@type\":\"ImageObject\",\"inLanguage\":\"de\",\"@id\":\"https:\/\/loftrunway.com\/de\/#\/schema\/logo\/image\/\",\"url\":\"https:\/\/www.loftrunway.com\/wp-content\/uploads\/2025\/12\/logo.png\",\"contentUrl\":\"https:\/\/www.loftrunway.com\/wp-content\/uploads\/2025\/12\/logo.png\",\"width\":200,\"height\":65,\"caption\":\"STYLORAL PTE. LTD\"},\"image\":{\"@id\":\"https:\/\/loftrunway.com\/de\/#\/schema\/logo\/image\/\"}}]}<\/script>\n<!-- \/ Yoast SEO plugin. -->","yoast_head_json":{"title":"(Women) Nike Sabrina 2 EP 'Sports Red College'  - Loftrunway","robots":{"index":"index","follow":"follow","max-snippet":"max-snippet:-1","max-image-preview":"max-image-preview:large","max-video-preview":"max-video-preview:-1"},"canonical":"https:\/\/loftrunway.com\/de\/products\/women-nike-sabrina-2-ep-sports-red-college\/","og_locale":"de_DE","og_type":"article","og_title":"(Women) Nike Sabrina 2 EP 'Sports Red College'  - Loftrunway","og_description":"Nike Sabrina 2 EP \u201d\u201d Sport Red\/College Navy\/White","og_url":"https:\/\/loftrunway.com\/de\/products\/women-nike-sabrina-2-ep-sports-red-college\/","og_site_name":"loftRUN Sneaker Store","article_modified_time":"2026-04-03T12:37:11+00:00","twitter_card":"summary_large_image","twitter_image":"https:\/\/images.novelship.com\/product\/nike_sabrina_2_ep__sports_red_college__fz1517-600_0_62426.jpeg","twitter_misc":{"Gesch\u00e4tzte Lesezeit":"1\u00a0Minute"},"schema":{"@context":"https:\/\/schema.org","@graph":[{"@type":"WebPage","@id":"https:\/\/loftrunway.com\/de\/products\/women-nike-sabrina-2-ep-sports-red-college\/","url":"https:\/\/loftrunway.com\/de\/products\/women-nike-sabrina-2-ep-sports-red-college\/","name":"(Women) Nike Sabrina 2 EP 'Sports Red College' - Loftrunway","isPartOf":{"@id":"https:\/\/loftrunway.com\/de\/#website"},"primaryImageOfPage":{"@id":"https:\/\/loftrunway.com\/de\/products\/women-nike-sabrina-2-ep-sports-red-college\/#primaryimage"},"image":{"@id":"https:\/\/loftrunway.com\/de\/products\/women-nike-sabrina-2-ep-sports-red-college\/#primaryimage"},"thumbnailUrl":"https:\/\/images.novelship.com\/product\/nike_sabrina_2_ep__sports_red_college__fz1517-600_0_62426.jpeg","datePublished":"2026-03-02T08:21:20+00:00","dateModified":"2026-04-03T12:37:11+00:00","breadcrumb":{"@id":"https:\/\/loftrunway.com\/de\/products\/women-nike-sabrina-2-ep-sports-red-college\/#breadcrumb"},"inLanguage":"de","potentialAction":[{"@type":"ReadAction","target":["https:\/\/loftrunway.com\/de\/products\/women-nike-sabrina-2-ep-sports-red-college\/"]}]},{"@type":"ImageObject","inLanguage":"de","@id":"https:\/\/loftrunway.com\/de\/products\/women-nike-sabrina-2-ep-sports-red-college\/#primaryimage","url":"https:\/\/images.novelship.com\/product\/nike_sabrina_2_ep__sports_red_college__fz1517-600_0_62426.jpeg","contentUrl":"https:\/\/images.novelship.com\/product\/nike_sabrina_2_ep__sports_red_college__fz1517-600_0_62426.jpeg"},{"@type":"BreadcrumbList","@id":"https:\/\/loftrunway.com\/de\/products\/women-nike-sabrina-2-ep-sports-red-college\/#breadcrumb","itemListElement":[{"@type":"ListItem","position":1,"name":"Home","item":"https:\/\/loftrunway.com\/de\/"},{"@type":"ListItem","position":2,"name":"Shop","item":"https:\/\/loftrunway.com\/de\/shop\/"},{"@type":"ListItem","position":3,"name":"(Women) Nike Sabrina 2 EP &#8218;Sports Red College&#8216;"}]},{"@type":"WebSite","@id":"https:\/\/loftrunway.com\/de\/#website","url":"https:\/\/loftrunway.com\/de\/","name":"Styloral Jewelry Shop","description":"Der Ort, an dem man alle Arten von Sneakern findet","publisher":{"@id":"https:\/\/loftrunway.com\/de\/#organization"},"potentialAction":[{"@type":"SearchAction","target":{"@type":"EntryPoint","urlTemplate":"https:\/\/loftrunway.com\/de\/?s={search_term_string}"},"query-input":{"@type":"PropertyValueSpecification","valueRequired":true,"valueName":"search_term_string"}}],"inLanguage":"de"},{"@type":"Organization","@id":"https:\/\/loftrunway.com\/de\/#organization","name":"STYLORAL PTE. LTD","url":"https:\/\/loftrunway.com\/de\/","logo":{"@type":"ImageObject","inLanguage":"de","@id":"https:\/\/loftrunway.com\/de\/#\/schema\/logo\/image\/","url":"https:\/\/www.loftrunway.com\/wp-content\/uploads\/2025\/12\/logo.png","contentUrl":"https:\/\/www.loftrunway.com\/wp-content\/uploads\/2025\/12\/logo.png","width":200,"height":65,"caption":"STYLORAL PTE. LTD"},"image":{"@id":"https:\/\/loftrunway.com\/de\/#\/schema\/logo\/image\/"}}]}},"_links":{"self":[{"href":"https:\/\/loftrunway.com\/de\/wp-json\/wp\/v2\/product\/67926","targetHints":{"allow":["GET"]}}],"collection":[{"href":"https:\/\/loftrunway.com\/de\/wp-json\/wp\/v2\/product"}],"about":[{"href":"https:\/\/loftrunway.com\/de\/wp-json\/wp\/v2\/types\/product"}],"replies":[{"embeddable":true,"href":"https:\/\/loftrunway.com\/de\/wp-json\/wp\/v2\/comments?post=67926"}],"wp:featuredmedia":[{"embeddable":true,"href":"https:\/\/loftrunway.com\/de\/wp-json\/wp\/v2\/media\/67927"}],"wp:attachment":[{"href":"https:\/\/loftrunway.com\/de\/wp-json\/wp\/v2\/media?parent=67926"}],"wp:term":[{"taxonomy":"product_brand","embeddable":true,"href":"https:\/\/loftrunway.com\/de\/wp-json\/wp\/v2\/product_brand?post=67926"},{"taxonomy":"product_cat","embeddable":true,"href":"https:\/\/loftrunway.com\/de\/wp-json\/wp\/v2\/product_cat?post=67926"},{"taxonomy":"product_tag","embeddable":true,"href":"https:\/\/loftrunway.com\/de\/wp-json\/wp\/v2\/product_tag?post=67926"}],"curies":[{"name":"wp","href":"https:\/\/api.w.org\/{rel}","templated":true}]}}