{"id":6793,"date":"2026-02-20T14:32:47","date_gmt":"2026-02-20T07:32:47","guid":{"rendered":"http:\/\/loftrunway.com\/product\/wmns-jordan-stadium-90-white-midnight-navy-hj4406-100"},"modified":"2026-04-03T19:24:10","modified_gmt":"2026-04-03T12:24:10","slug":"wmns-jordan-stadium-90-white-midnight-navy-hj4406-100","status":"publish","type":"product","link":"https:\/\/loftrunway.com\/de\/products\/wmns-jordan-stadium-90-white-midnight-navy-hj4406-100\/","title":{"rendered":"Wmns Jordan Stadium 90 &#8218;White Midnight Navy&#8216;"},"content":{"rendered":"<p>Mit dem Air Jordan Stadium 90 f\u00fcr Damen in \u201eWhite Midnight Navy\u201c verleihst du deinem Sneaker-Style das gewisse Etwas. Dieser Sneaker vereint ikonischen Stil mit modernem Komfort und besticht durch ein elegantes Obermaterial aus wei\u00dfem Leder, das durch markante Details in Midnight Navy akzentuiert wird. Das ergonomische Design sorgt f\u00fcr ganzt\u00e4gigen Tragekomfort, w\u00e4hrend die gepolsterte Sohle unvergleichliche Unterst\u00fctzung bietet. Ob beim Sport oder in der Freizeit \u2013 dieser Schuh ist vielseitig und passt zu jedem Outfit. Erlebe die perfekte Verbindung von Tradition und Innovation mit Air Jordan.<\/p>\n<ul>\n<li><strong>Farbgebung:<\/strong> Wei\u00df\/Gym Red\/Midnight Navy<\/li>\n<li><strong>Style-Code:<\/strong> HJ4406-100<\/li>\n<li><strong>Obermaterial:<\/strong> Leder<\/li>\n<li><strong>Zwischensohle:<\/strong> Formula 23<\/li>\n<li><strong>Farbe:<\/strong> Wei\u00df<\/li>\n<li><strong>Erscheinungsjahr:<\/strong> 2024<\/li>\n<\/ul>\n","protected":false},"excerpt":{"rendered":"<p>Jordan Jordan Stadium 90 \u2014 White\/Gym Red\/Midnight Navy<\/p>\n","protected":false},"featured_media":6794,"comment_status":"open","ping_status":"closed","template":"","meta":[],"product_brand":[],"product_cat":[218],"product_tag":[],"class_list":{"0":"post-6793","1":"product","2":"type-product","3":"status-publish","4":"has-post-thumbnail","6":"product_cat-air-jordan-2026","7":"wcpa_has_options","9":"first","10":"instock","11":"taxable","12":"shipping-taxable","13":"purchasable","14":"product-type-simple"},"wcpa_form_fields":{"rules":{"pric_overide_base_price":false,"pric_overide_base_price_if_gt_zero":false,"pric_overide_base_price_fully":false,"pric_cal_option_once":false,"pric_use_as_fee":false,"bind_quantity":false,"quantity_bind_formula":false},"fields":[{"type":"color-group","required":true,"elementId":"wcpa-color-group-66c4a75505e74","label":"Gr\u00f6\u00dfe - EU Gr\u00f6\u00dfe","inline":true,"priceOptions":"different_for_all","pricingType":"fixed","className":"hassizechart product-shoes-size-eu product-shoes-size","name":"color-group-66c4a75505e89","disp_type":"square","selection_type":"tick-border","disp_size":"44","show_label_inside":true,"adjust_width":true,"cart_display_type":"text","other_text":"Other","cl_rule":"show","col":6,"values":[{"label":"35.5","value":"EU 35.5","price":"","pimage":"","pimage_id":"","pthumb":"","color":""},{"label":"36","value":"EU 36","price":"","pimage":"","pimage_id":"","pthumb":"","color":"","selected":true},{"label":"36.5","value":"EU 36.5","price":"","pimage":"","pimage_id":"","pthumb":"","color":""},{"label":"37.5","value":"EU 37.5","price":"","pimage":"","pimage_id":"","pthumb":"","color":""},{"label":"38","value":"EU 38","price":"","pimage":"","pimage_id":"","pthumb":"","color":""},{"label":"38.5","value":"EU 38.5","price":"","pimage":"","pimage_id":"","pthumb":"","color":""},{"label":"39","value":"EU 39","price":"","pimage":"","pimage_id":"","pthumb":"","color":""},{"label":"40","value":"EU 40","price":"","pimage":"","pimage_id":"","pthumb":"","color":""},{"label":"40.5","value":"EU 40.5","price":"","pimage":"","pimage_id":"","pthumb":"","color":""},{"label":"41","value":"EU 41","price":"","pimage":"","pimage_id":"","pthumb":"","color":""},{"label":"42","value":"EU 42","price":"","pimage":"","pimage_id":"","pthumb":"","color":""},{"label":"42.5","value":"EU 42.5","price":"","pimage":"","pimage_id":"","pthumb":"","color":""},{"label":"43","value":"EU 43","price":"","pimage":"","pimage_id":"","pthumb":"","color":""},{"label":"44","value":"EU 44","price":"","pimage":"","pimage_id":"","pthumb":"","color":""},{"label":"44.5","value":"EU 44.5","price":"","pimage":"","pimage_id":"","pthumb":"","color":""},{"label":"45","value":"EU 45","price":"","pimage":"","pimage_id":"","pthumb":"","color":""},{"label":"45.5","value":"EU 45.5","price":"","pimage":"","pimage_id":"","pthumb":"","color":""},{"label":"46","value":"EU 46","price":"","pimage":"","pimage_id":"","pthumb":"","color":""},{"label":"47","value":"EU 47","price":"","pimage":"","pimage_id":"","pthumb":"","color":""},{"label":"47.5","value":"EU 47.5","price":"","pimage":"","pimage_id":"","pthumb":"","color":""},{"label":"48","value":"EU 48","price":"","pimage":"","pimage_id":"","pthumb":"","color":""}],"relations":[{"operator":false,"rules":[]}],"form_id":18106,"form_rules":{"pric_cal_option_once":false,"exclude_from_discount":false,"pric_use_as_fee":false,"fee_label":"Fee","render_after_acb":false,"disp_hide_options_price":false}}]},"yoast_head":"<!-- This site is optimized with the Yoast SEO plugin v26.5 - https:\/\/yoast.com\/wordpress\/plugins\/seo\/ -->\n<title>Wmns Jordan Stadium 90 &#039;White Midnight Navy&#039; - Loftrunway<\/title>\n<meta name=\"robots\" content=\"index, follow, max-snippet:-1, max-image-preview:large, max-video-preview:-1\" \/>\n<link rel=\"canonical\" href=\"https:\/\/loftrunway.com\/de\/products\/wmns-jordan-stadium-90-white-midnight-navy-hj4406-100\/\" \/>\n<meta property=\"og:locale\" content=\"de_DE\" \/>\n<meta property=\"og:type\" content=\"article\" \/>\n<meta property=\"og:title\" content=\"Wmns Jordan Stadium 90 &#039;White Midnight Navy&#039; - Loftrunway\" \/>\n<meta property=\"og:description\" content=\"Jordan Jordan Stadium 90 \u2014 White\/Gym Red\/Midnight Navy\" \/>\n<meta property=\"og:url\" content=\"https:\/\/loftrunway.com\/de\/products\/wmns-jordan-stadium-90-white-midnight-navy-hj4406-100\/\" \/>\n<meta property=\"og:site_name\" content=\"loftRUN Sneaker Store\" \/>\n<meta property=\"article:modified_time\" content=\"2026-04-03T12:24:10+00:00\" \/>\n<meta name=\"twitter:card\" content=\"summary_large_image\" \/>\n<meta name=\"twitter:image\" content=\"https:\/\/images.novelship.com\/product\/_women__air_jordan_stadium_90__white_midnight_navy_0_35671.jpeg\" \/>\n<meta name=\"twitter:label1\" content=\"Gesch\u00e4tzte Lesezeit\" \/>\n\t<meta name=\"twitter:data1\" content=\"1\u00a0Minute\" \/>\n<script type=\"application\/ld+json\" class=\"yoast-schema-graph\">{\"@context\":\"https:\/\/schema.org\",\"@graph\":[{\"@type\":\"WebPage\",\"@id\":\"https:\/\/loftrunway.com\/de\/products\/wmns-jordan-stadium-90-white-midnight-navy-hj4406-100\/\",\"url\":\"https:\/\/loftrunway.com\/de\/products\/wmns-jordan-stadium-90-white-midnight-navy-hj4406-100\/\",\"name\":\"Wmns Jordan Stadium 90 'White Midnight Navy' - Loftrunway\",\"isPartOf\":{\"@id\":\"https:\/\/loftrunway.com\/de\/#website\"},\"primaryImageOfPage\":{\"@id\":\"https:\/\/loftrunway.com\/de\/products\/wmns-jordan-stadium-90-white-midnight-navy-hj4406-100\/#primaryimage\"},\"image\":{\"@id\":\"https:\/\/loftrunway.com\/de\/products\/wmns-jordan-stadium-90-white-midnight-navy-hj4406-100\/#primaryimage\"},\"thumbnailUrl\":\"https:\/\/images.novelship.com\/product\/_women__air_jordan_stadium_90__white_midnight_navy_0_35671.jpeg\",\"datePublished\":\"2026-02-20T07:32:47+00:00\",\"dateModified\":\"2026-04-03T12:24:10+00:00\",\"breadcrumb\":{\"@id\":\"https:\/\/loftrunway.com\/de\/products\/wmns-jordan-stadium-90-white-midnight-navy-hj4406-100\/#breadcrumb\"},\"inLanguage\":\"de\",\"potentialAction\":[{\"@type\":\"ReadAction\",\"target\":[\"https:\/\/loftrunway.com\/de\/products\/wmns-jordan-stadium-90-white-midnight-navy-hj4406-100\/\"]}]},{\"@type\":\"ImageObject\",\"inLanguage\":\"de\",\"@id\":\"https:\/\/loftrunway.com\/de\/products\/wmns-jordan-stadium-90-white-midnight-navy-hj4406-100\/#primaryimage\",\"url\":\"https:\/\/images.novelship.com\/product\/_women__air_jordan_stadium_90__white_midnight_navy_0_35671.jpeg\",\"contentUrl\":\"https:\/\/images.novelship.com\/product\/_women__air_jordan_stadium_90__white_midnight_navy_0_35671.jpeg\"},{\"@type\":\"BreadcrumbList\",\"@id\":\"https:\/\/loftrunway.com\/de\/products\/wmns-jordan-stadium-90-white-midnight-navy-hj4406-100\/#breadcrumb\",\"itemListElement\":[{\"@type\":\"ListItem\",\"position\":1,\"name\":\"Home\",\"item\":\"https:\/\/loftrunway.com\/de\/\"},{\"@type\":\"ListItem\",\"position\":2,\"name\":\"Shop\",\"item\":\"https:\/\/loftrunway.com\/de\/shop\/\"},{\"@type\":\"ListItem\",\"position\":3,\"name\":\"Wmns Jordan Stadium 90 &#8218;White Midnight Navy&#8216;\"}]},{\"@type\":\"WebSite\",\"@id\":\"https:\/\/loftrunway.com\/de\/#website\",\"url\":\"https:\/\/loftrunway.com\/de\/\",\"name\":\"Styloral Jewelry Shop\",\"description\":\"Der Ort, an dem man alle Arten von Sneakern findet\",\"publisher\":{\"@id\":\"https:\/\/loftrunway.com\/de\/#organization\"},\"potentialAction\":[{\"@type\":\"SearchAction\",\"target\":{\"@type\":\"EntryPoint\",\"urlTemplate\":\"https:\/\/loftrunway.com\/de\/?s={search_term_string}\"},\"query-input\":{\"@type\":\"PropertyValueSpecification\",\"valueRequired\":true,\"valueName\":\"search_term_string\"}}],\"inLanguage\":\"de\"},{\"@type\":\"Organization\",\"@id\":\"https:\/\/loftrunway.com\/de\/#organization\",\"name\":\"STYLORAL PTE. LTD\",\"url\":\"https:\/\/loftrunway.com\/de\/\",\"logo\":{\"@type\":\"ImageObject\",\"inLanguage\":\"de\",\"@id\":\"https:\/\/loftrunway.com\/de\/#\/schema\/logo\/image\/\",\"url\":\"https:\/\/www.loftrunway.com\/wp-content\/uploads\/2025\/12\/logo.png\",\"contentUrl\":\"https:\/\/www.loftrunway.com\/wp-content\/uploads\/2025\/12\/logo.png\",\"width\":200,\"height\":65,\"caption\":\"STYLORAL PTE. LTD\"},\"image\":{\"@id\":\"https:\/\/loftrunway.com\/de\/#\/schema\/logo\/image\/\"}}]}<\/script>\n<!-- \/ Yoast SEO plugin. -->","yoast_head_json":{"title":"Wmns Jordan Stadium 90 'White Midnight Navy' - Loftrunway","robots":{"index":"index","follow":"follow","max-snippet":"max-snippet:-1","max-image-preview":"max-image-preview:large","max-video-preview":"max-video-preview:-1"},"canonical":"https:\/\/loftrunway.com\/de\/products\/wmns-jordan-stadium-90-white-midnight-navy-hj4406-100\/","og_locale":"de_DE","og_type":"article","og_title":"Wmns Jordan Stadium 90 'White Midnight Navy' - Loftrunway","og_description":"Jordan Jordan Stadium 90 \u2014 White\/Gym Red\/Midnight Navy","og_url":"https:\/\/loftrunway.com\/de\/products\/wmns-jordan-stadium-90-white-midnight-navy-hj4406-100\/","og_site_name":"loftRUN Sneaker Store","article_modified_time":"2026-04-03T12:24:10+00:00","twitter_card":"summary_large_image","twitter_image":"https:\/\/images.novelship.com\/product\/_women__air_jordan_stadium_90__white_midnight_navy_0_35671.jpeg","twitter_misc":{"Gesch\u00e4tzte Lesezeit":"1\u00a0Minute"},"schema":{"@context":"https:\/\/schema.org","@graph":[{"@type":"WebPage","@id":"https:\/\/loftrunway.com\/de\/products\/wmns-jordan-stadium-90-white-midnight-navy-hj4406-100\/","url":"https:\/\/loftrunway.com\/de\/products\/wmns-jordan-stadium-90-white-midnight-navy-hj4406-100\/","name":"Wmns Jordan Stadium 90 'White Midnight Navy' - Loftrunway","isPartOf":{"@id":"https:\/\/loftrunway.com\/de\/#website"},"primaryImageOfPage":{"@id":"https:\/\/loftrunway.com\/de\/products\/wmns-jordan-stadium-90-white-midnight-navy-hj4406-100\/#primaryimage"},"image":{"@id":"https:\/\/loftrunway.com\/de\/products\/wmns-jordan-stadium-90-white-midnight-navy-hj4406-100\/#primaryimage"},"thumbnailUrl":"https:\/\/images.novelship.com\/product\/_women__air_jordan_stadium_90__white_midnight_navy_0_35671.jpeg","datePublished":"2026-02-20T07:32:47+00:00","dateModified":"2026-04-03T12:24:10+00:00","breadcrumb":{"@id":"https:\/\/loftrunway.com\/de\/products\/wmns-jordan-stadium-90-white-midnight-navy-hj4406-100\/#breadcrumb"},"inLanguage":"de","potentialAction":[{"@type":"ReadAction","target":["https:\/\/loftrunway.com\/de\/products\/wmns-jordan-stadium-90-white-midnight-navy-hj4406-100\/"]}]},{"@type":"ImageObject","inLanguage":"de","@id":"https:\/\/loftrunway.com\/de\/products\/wmns-jordan-stadium-90-white-midnight-navy-hj4406-100\/#primaryimage","url":"https:\/\/images.novelship.com\/product\/_women__air_jordan_stadium_90__white_midnight_navy_0_35671.jpeg","contentUrl":"https:\/\/images.novelship.com\/product\/_women__air_jordan_stadium_90__white_midnight_navy_0_35671.jpeg"},{"@type":"BreadcrumbList","@id":"https:\/\/loftrunway.com\/de\/products\/wmns-jordan-stadium-90-white-midnight-navy-hj4406-100\/#breadcrumb","itemListElement":[{"@type":"ListItem","position":1,"name":"Home","item":"https:\/\/loftrunway.com\/de\/"},{"@type":"ListItem","position":2,"name":"Shop","item":"https:\/\/loftrunway.com\/de\/shop\/"},{"@type":"ListItem","position":3,"name":"Wmns Jordan Stadium 90 &#8218;White Midnight Navy&#8216;"}]},{"@type":"WebSite","@id":"https:\/\/loftrunway.com\/de\/#website","url":"https:\/\/loftrunway.com\/de\/","name":"Styloral Jewelry Shop","description":"Der Ort, an dem man alle Arten von Sneakern findet","publisher":{"@id":"https:\/\/loftrunway.com\/de\/#organization"},"potentialAction":[{"@type":"SearchAction","target":{"@type":"EntryPoint","urlTemplate":"https:\/\/loftrunway.com\/de\/?s={search_term_string}"},"query-input":{"@type":"PropertyValueSpecification","valueRequired":true,"valueName":"search_term_string"}}],"inLanguage":"de"},{"@type":"Organization","@id":"https:\/\/loftrunway.com\/de\/#organization","name":"STYLORAL PTE. LTD","url":"https:\/\/loftrunway.com\/de\/","logo":{"@type":"ImageObject","inLanguage":"de","@id":"https:\/\/loftrunway.com\/de\/#\/schema\/logo\/image\/","url":"https:\/\/www.loftrunway.com\/wp-content\/uploads\/2025\/12\/logo.png","contentUrl":"https:\/\/www.loftrunway.com\/wp-content\/uploads\/2025\/12\/logo.png","width":200,"height":65,"caption":"STYLORAL PTE. LTD"},"image":{"@id":"https:\/\/loftrunway.com\/de\/#\/schema\/logo\/image\/"}}]}},"_links":{"self":[{"href":"https:\/\/loftrunway.com\/de\/wp-json\/wp\/v2\/product\/6793","targetHints":{"allow":["GET"]}}],"collection":[{"href":"https:\/\/loftrunway.com\/de\/wp-json\/wp\/v2\/product"}],"about":[{"href":"https:\/\/loftrunway.com\/de\/wp-json\/wp\/v2\/types\/product"}],"replies":[{"embeddable":true,"href":"https:\/\/loftrunway.com\/de\/wp-json\/wp\/v2\/comments?post=6793"}],"wp:featuredmedia":[{"embeddable":true,"href":"https:\/\/loftrunway.com\/de\/wp-json\/wp\/v2\/media\/6794"}],"wp:attachment":[{"href":"https:\/\/loftrunway.com\/de\/wp-json\/wp\/v2\/media?parent=6793"}],"wp:term":[{"taxonomy":"product_brand","embeddable":true,"href":"https:\/\/loftrunway.com\/de\/wp-json\/wp\/v2\/product_brand?post=6793"},{"taxonomy":"product_cat","embeddable":true,"href":"https:\/\/loftrunway.com\/de\/wp-json\/wp\/v2\/product_cat?post=6793"},{"taxonomy":"product_tag","embeddable":true,"href":"https:\/\/loftrunway.com\/de\/wp-json\/wp\/v2\/product_tag?post=6793"}],"curies":[{"name":"wp","href":"https:\/\/api.w.org\/{rel}","templated":true}]}}