{"id":68586,"date":"2026-03-02T15:21:29","date_gmt":"2026-03-02T08:21:29","guid":{"rendered":"http:\/\/loftrunway.com\/product\/women-nike-p-6000-light-bone-platinum-violet"},"modified":"2026-04-03T19:37:14","modified_gmt":"2026-04-03T12:37:14","slug":"women-nike-p-6000-light-bone-platinum-violet","status":"publish","type":"product","link":"https:\/\/loftrunway.com\/de\/products\/women-nike-p-6000-light-bone-platinum-violet\/","title":{"rendered":"(Women) Nike P-6000 &#8218;Light Bone Platinum Violet&#8216;"},"content":{"rendered":"<p>Der Nike P-6000 Premium HJ7284-072 ist ein eleganter und vielseitiger Laufschuh, der Retro-\u00c4sthetik mit modernem Komfort vereint. Diese Premium-Edition wurde f\u00fcr stilbewusste Tr\u00e4ger entwickelt und verf\u00fcgt \u00fcber ein atmungsaktives Mesh-Obermaterial mit Leder-Overlays, das Strapazierf\u00e4higkeit und Halt bietet und gleichzeitig ein leichtes Tragegef\u00fchl gew\u00e4hrleistet. Eine gepolsterte Schaumstoff-Mittelsohle sorgt f\u00fcr ganzt\u00e4gigen Tragekomfort, w\u00e4hrend die Gummiau\u00dfensohle mit Waffelprofil hervorragende Traktion auf verschiedenen Untergr\u00fcnden bietet. Der Schuh ist perfekt f\u00fcr den Alltag oder sportliche Looks geeignet und dank seiner neutralen Farbt\u00f6ne und hochwertigen Materialien eine herausragende Erg\u00e4nzung f\u00fcr jede Garderobe.<\/p>\n<p>Farbgebung: Light Bone\/Cement Grey\/Platinum Violet\/Platinum Violet<\/p>\n<p>Style-Code: HJ7284-072<\/p>\n<p>Obermaterial: Mesh<\/p>\n<p>Farbe: Wei\u00df<\/p>\n<p>Farbe: Wei\u00df<\/p>\n","protected":false},"excerpt":{"rendered":"<p>Nike P-6000 \u201d\u201d Light Bone\/Cement Grey\/Platinum Violet\/Platinum Violet<\/p>\n","protected":false},"featured_media":68587,"comment_status":"open","ping_status":"closed","template":"","meta":[],"product_brand":[],"product_cat":[10809],"product_tag":[10939,10754,10765,10940,10801,10768,10758],"class_list":{"0":"post-68586","1":"product","2":"type-product","3":"status-publish","4":"has-post-thumbnail","6":"product_cat-nike-women","7":"product_tag-international-women-day-coll","8":"product_tag-lifestyle-casual-shoes","9":"product_tag-lifestyle-shoes-running-inspired","10":"product_tag-mother-day-coll","11":"product_tag-nike","12":"product_tag-retro-running-shoes","13":"product_tag-under-retail","14":"wcpa_has_options","16":"first","17":"instock","18":"taxable","19":"shipping-taxable","20":"purchasable","21":"product-type-simple"},"wcpa_form_fields":{"rules":{"pric_overide_base_price":false,"pric_overide_base_price_if_gt_zero":false,"pric_overide_base_price_fully":false,"pric_cal_option_once":false,"pric_use_as_fee":false,"bind_quantity":false,"quantity_bind_formula":false},"fields":[{"type":"color-group","required":true,"elementId":"wcpa-color-group-66c4a75505e74","label":"Gr\u00f6\u00dfe - EU Gr\u00f6\u00dfe","inline":true,"priceOptions":"different_for_all","pricingType":"fixed","className":"hassizechart product-shoes-size-eu product-shoes-size","name":"color-group-66c4a75505e89","disp_type":"square","selection_type":"tick-border","disp_size":"44","show_label_inside":true,"adjust_width":true,"cart_display_type":"text","other_text":"Other","cl_rule":"show","col":6,"values":[{"label":"35.5","value":"EU 35.5","price":"","pimage":"","pimage_id":"","pthumb":"","color":""},{"label":"36","value":"EU 36","price":"","pimage":"","pimage_id":"","pthumb":"","color":"","selected":true},{"label":"36.5","value":"EU 36.5","price":"","pimage":"","pimage_id":"","pthumb":"","color":""},{"label":"37.5","value":"EU 37.5","price":"","pimage":"","pimage_id":"","pthumb":"","color":""},{"label":"38","value":"EU 38","price":"","pimage":"","pimage_id":"","pthumb":"","color":""},{"label":"38.5","value":"EU 38.5","price":"","pimage":"","pimage_id":"","pthumb":"","color":""},{"label":"39","value":"EU 39","price":"","pimage":"","pimage_id":"","pthumb":"","color":""},{"label":"40","value":"EU 40","price":"","pimage":"","pimage_id":"","pthumb":"","color":""},{"label":"40.5","value":"EU 40.5","price":"","pimage":"","pimage_id":"","pthumb":"","color":""},{"label":"41","value":"EU 41","price":"","pimage":"","pimage_id":"","pthumb":"","color":""},{"label":"42","value":"EU 42","price":"","pimage":"","pimage_id":"","pthumb":"","color":""},{"label":"42.5","value":"EU 42.5","price":"","pimage":"","pimage_id":"","pthumb":"","color":""},{"label":"43","value":"EU 43","price":"","pimage":"","pimage_id":"","pthumb":"","color":""},{"label":"44","value":"EU 44","price":"","pimage":"","pimage_id":"","pthumb":"","color":""},{"label":"44.5","value":"EU 44.5","price":"","pimage":"","pimage_id":"","pthumb":"","color":""},{"label":"45","value":"EU 45","price":"","pimage":"","pimage_id":"","pthumb":"","color":""},{"label":"45.5","value":"EU 45.5","price":"","pimage":"","pimage_id":"","pthumb":"","color":""},{"label":"46","value":"EU 46","price":"","pimage":"","pimage_id":"","pthumb":"","color":""},{"label":"47","value":"EU 47","price":"","pimage":"","pimage_id":"","pthumb":"","color":""},{"label":"47.5","value":"EU 47.5","price":"","pimage":"","pimage_id":"","pthumb":"","color":""},{"label":"48","value":"EU 48","price":"","pimage":"","pimage_id":"","pthumb":"","color":""}],"relations":[{"operator":false,"rules":[]}],"form_id":18106,"form_rules":{"pric_cal_option_once":false,"exclude_from_discount":false,"pric_use_as_fee":false,"fee_label":"Fee","render_after_acb":false,"disp_hide_options_price":false}}]},"yoast_head":"<!-- This site is optimized with the Yoast SEO plugin v26.5 - https:\/\/yoast.com\/wordpress\/plugins\/seo\/ -->\n<title>(Women) Nike P-6000 &#039;Light Bone Platinum Violet&#039;  - Loftrunway<\/title>\n<meta name=\"robots\" content=\"index, follow, max-snippet:-1, max-image-preview:large, max-video-preview:-1\" \/>\n<link rel=\"canonical\" href=\"https:\/\/loftrunway.com\/de\/products\/women-nike-p-6000-light-bone-platinum-violet\/\" \/>\n<meta property=\"og:locale\" content=\"de_DE\" \/>\n<meta property=\"og:type\" content=\"article\" \/>\n<meta property=\"og:title\" content=\"(Women) Nike P-6000 &#039;Light Bone Platinum Violet&#039;  - Loftrunway\" \/>\n<meta property=\"og:description\" content=\"Nike P-6000 \u201d\u201d Light Bone\/Cement Grey\/Platinum Violet\/Platinum Violet\" \/>\n<meta property=\"og:url\" content=\"https:\/\/loftrunway.com\/de\/products\/women-nike-p-6000-light-bone-platinum-violet\/\" \/>\n<meta property=\"og:site_name\" content=\"loftRUN Sneaker Store\" \/>\n<meta property=\"article:modified_time\" content=\"2026-04-03T12:37:14+00:00\" \/>\n<meta name=\"twitter:card\" content=\"summary_large_image\" \/>\n<meta name=\"twitter:image\" content=\"https:\/\/images.novelship.com\/product\/_w__nike_p-6000_premium_hj7284-072_0_47225.jpeg\" \/>\n<meta name=\"twitter:label1\" content=\"Gesch\u00e4tzte Lesezeit\" \/>\n\t<meta name=\"twitter:data1\" content=\"1\u00a0Minute\" \/>\n<script type=\"application\/ld+json\" class=\"yoast-schema-graph\">{\"@context\":\"https:\/\/schema.org\",\"@graph\":[{\"@type\":\"WebPage\",\"@id\":\"https:\/\/loftrunway.com\/de\/products\/women-nike-p-6000-light-bone-platinum-violet\/\",\"url\":\"https:\/\/loftrunway.com\/de\/products\/women-nike-p-6000-light-bone-platinum-violet\/\",\"name\":\"(Women) Nike P-6000 'Light Bone Platinum Violet' - Loftrunway\",\"isPartOf\":{\"@id\":\"https:\/\/loftrunway.com\/de\/#website\"},\"primaryImageOfPage\":{\"@id\":\"https:\/\/loftrunway.com\/de\/products\/women-nike-p-6000-light-bone-platinum-violet\/#primaryimage\"},\"image\":{\"@id\":\"https:\/\/loftrunway.com\/de\/products\/women-nike-p-6000-light-bone-platinum-violet\/#primaryimage\"},\"thumbnailUrl\":\"https:\/\/images.novelship.com\/product\/_w__nike_p-6000_premium_hj7284-072_0_47225.jpeg\",\"datePublished\":\"2026-03-02T08:21:29+00:00\",\"dateModified\":\"2026-04-03T12:37:14+00:00\",\"breadcrumb\":{\"@id\":\"https:\/\/loftrunway.com\/de\/products\/women-nike-p-6000-light-bone-platinum-violet\/#breadcrumb\"},\"inLanguage\":\"de\",\"potentialAction\":[{\"@type\":\"ReadAction\",\"target\":[\"https:\/\/loftrunway.com\/de\/products\/women-nike-p-6000-light-bone-platinum-violet\/\"]}]},{\"@type\":\"ImageObject\",\"inLanguage\":\"de\",\"@id\":\"https:\/\/loftrunway.com\/de\/products\/women-nike-p-6000-light-bone-platinum-violet\/#primaryimage\",\"url\":\"https:\/\/images.novelship.com\/product\/_w__nike_p-6000_premium_hj7284-072_0_47225.jpeg\",\"contentUrl\":\"https:\/\/images.novelship.com\/product\/_w__nike_p-6000_premium_hj7284-072_0_47225.jpeg\"},{\"@type\":\"BreadcrumbList\",\"@id\":\"https:\/\/loftrunway.com\/de\/products\/women-nike-p-6000-light-bone-platinum-violet\/#breadcrumb\",\"itemListElement\":[{\"@type\":\"ListItem\",\"position\":1,\"name\":\"Home\",\"item\":\"https:\/\/loftrunway.com\/de\/\"},{\"@type\":\"ListItem\",\"position\":2,\"name\":\"Shop\",\"item\":\"https:\/\/loftrunway.com\/de\/shop\/\"},{\"@type\":\"ListItem\",\"position\":3,\"name\":\"(Women) Nike P-6000 &#8218;Light Bone Platinum Violet&#8216;\"}]},{\"@type\":\"WebSite\",\"@id\":\"https:\/\/loftrunway.com\/de\/#website\",\"url\":\"https:\/\/loftrunway.com\/de\/\",\"name\":\"Styloral Jewelry Shop\",\"description\":\"Der Ort, an dem man alle Arten von Sneakern findet\",\"publisher\":{\"@id\":\"https:\/\/loftrunway.com\/de\/#organization\"},\"potentialAction\":[{\"@type\":\"SearchAction\",\"target\":{\"@type\":\"EntryPoint\",\"urlTemplate\":\"https:\/\/loftrunway.com\/de\/?s={search_term_string}\"},\"query-input\":{\"@type\":\"PropertyValueSpecification\",\"valueRequired\":true,\"valueName\":\"search_term_string\"}}],\"inLanguage\":\"de\"},{\"@type\":\"Organization\",\"@id\":\"https:\/\/loftrunway.com\/de\/#organization\",\"name\":\"STYLORAL PTE. LTD\",\"url\":\"https:\/\/loftrunway.com\/de\/\",\"logo\":{\"@type\":\"ImageObject\",\"inLanguage\":\"de\",\"@id\":\"https:\/\/loftrunway.com\/de\/#\/schema\/logo\/image\/\",\"url\":\"https:\/\/www.loftrunway.com\/wp-content\/uploads\/2025\/12\/logo.png\",\"contentUrl\":\"https:\/\/www.loftrunway.com\/wp-content\/uploads\/2025\/12\/logo.png\",\"width\":200,\"height\":65,\"caption\":\"STYLORAL PTE. LTD\"},\"image\":{\"@id\":\"https:\/\/loftrunway.com\/de\/#\/schema\/logo\/image\/\"}}]}<\/script>\n<!-- \/ Yoast SEO plugin. -->","yoast_head_json":{"title":"(Women) Nike P-6000 'Light Bone Platinum Violet'  - Loftrunway","robots":{"index":"index","follow":"follow","max-snippet":"max-snippet:-1","max-image-preview":"max-image-preview:large","max-video-preview":"max-video-preview:-1"},"canonical":"https:\/\/loftrunway.com\/de\/products\/women-nike-p-6000-light-bone-platinum-violet\/","og_locale":"de_DE","og_type":"article","og_title":"(Women) Nike P-6000 'Light Bone Platinum Violet'  - Loftrunway","og_description":"Nike P-6000 \u201d\u201d Light Bone\/Cement Grey\/Platinum Violet\/Platinum Violet","og_url":"https:\/\/loftrunway.com\/de\/products\/women-nike-p-6000-light-bone-platinum-violet\/","og_site_name":"loftRUN Sneaker Store","article_modified_time":"2026-04-03T12:37:14+00:00","twitter_card":"summary_large_image","twitter_image":"https:\/\/images.novelship.com\/product\/_w__nike_p-6000_premium_hj7284-072_0_47225.jpeg","twitter_misc":{"Gesch\u00e4tzte Lesezeit":"1\u00a0Minute"},"schema":{"@context":"https:\/\/schema.org","@graph":[{"@type":"WebPage","@id":"https:\/\/loftrunway.com\/de\/products\/women-nike-p-6000-light-bone-platinum-violet\/","url":"https:\/\/loftrunway.com\/de\/products\/women-nike-p-6000-light-bone-platinum-violet\/","name":"(Women) Nike P-6000 'Light Bone Platinum Violet' - Loftrunway","isPartOf":{"@id":"https:\/\/loftrunway.com\/de\/#website"},"primaryImageOfPage":{"@id":"https:\/\/loftrunway.com\/de\/products\/women-nike-p-6000-light-bone-platinum-violet\/#primaryimage"},"image":{"@id":"https:\/\/loftrunway.com\/de\/products\/women-nike-p-6000-light-bone-platinum-violet\/#primaryimage"},"thumbnailUrl":"https:\/\/images.novelship.com\/product\/_w__nike_p-6000_premium_hj7284-072_0_47225.jpeg","datePublished":"2026-03-02T08:21:29+00:00","dateModified":"2026-04-03T12:37:14+00:00","breadcrumb":{"@id":"https:\/\/loftrunway.com\/de\/products\/women-nike-p-6000-light-bone-platinum-violet\/#breadcrumb"},"inLanguage":"de","potentialAction":[{"@type":"ReadAction","target":["https:\/\/loftrunway.com\/de\/products\/women-nike-p-6000-light-bone-platinum-violet\/"]}]},{"@type":"ImageObject","inLanguage":"de","@id":"https:\/\/loftrunway.com\/de\/products\/women-nike-p-6000-light-bone-platinum-violet\/#primaryimage","url":"https:\/\/images.novelship.com\/product\/_w__nike_p-6000_premium_hj7284-072_0_47225.jpeg","contentUrl":"https:\/\/images.novelship.com\/product\/_w__nike_p-6000_premium_hj7284-072_0_47225.jpeg"},{"@type":"BreadcrumbList","@id":"https:\/\/loftrunway.com\/de\/products\/women-nike-p-6000-light-bone-platinum-violet\/#breadcrumb","itemListElement":[{"@type":"ListItem","position":1,"name":"Home","item":"https:\/\/loftrunway.com\/de\/"},{"@type":"ListItem","position":2,"name":"Shop","item":"https:\/\/loftrunway.com\/de\/shop\/"},{"@type":"ListItem","position":3,"name":"(Women) Nike P-6000 &#8218;Light Bone Platinum Violet&#8216;"}]},{"@type":"WebSite","@id":"https:\/\/loftrunway.com\/de\/#website","url":"https:\/\/loftrunway.com\/de\/","name":"Styloral Jewelry Shop","description":"Der Ort, an dem man alle Arten von Sneakern findet","publisher":{"@id":"https:\/\/loftrunway.com\/de\/#organization"},"potentialAction":[{"@type":"SearchAction","target":{"@type":"EntryPoint","urlTemplate":"https:\/\/loftrunway.com\/de\/?s={search_term_string}"},"query-input":{"@type":"PropertyValueSpecification","valueRequired":true,"valueName":"search_term_string"}}],"inLanguage":"de"},{"@type":"Organization","@id":"https:\/\/loftrunway.com\/de\/#organization","name":"STYLORAL PTE. LTD","url":"https:\/\/loftrunway.com\/de\/","logo":{"@type":"ImageObject","inLanguage":"de","@id":"https:\/\/loftrunway.com\/de\/#\/schema\/logo\/image\/","url":"https:\/\/www.loftrunway.com\/wp-content\/uploads\/2025\/12\/logo.png","contentUrl":"https:\/\/www.loftrunway.com\/wp-content\/uploads\/2025\/12\/logo.png","width":200,"height":65,"caption":"STYLORAL PTE. LTD"},"image":{"@id":"https:\/\/loftrunway.com\/de\/#\/schema\/logo\/image\/"}}]}},"_links":{"self":[{"href":"https:\/\/loftrunway.com\/de\/wp-json\/wp\/v2\/product\/68586","targetHints":{"allow":["GET"]}}],"collection":[{"href":"https:\/\/loftrunway.com\/de\/wp-json\/wp\/v2\/product"}],"about":[{"href":"https:\/\/loftrunway.com\/de\/wp-json\/wp\/v2\/types\/product"}],"replies":[{"embeddable":true,"href":"https:\/\/loftrunway.com\/de\/wp-json\/wp\/v2\/comments?post=68586"}],"wp:featuredmedia":[{"embeddable":true,"href":"https:\/\/loftrunway.com\/de\/wp-json\/wp\/v2\/media\/68587"}],"wp:attachment":[{"href":"https:\/\/loftrunway.com\/de\/wp-json\/wp\/v2\/media?parent=68586"}],"wp:term":[{"taxonomy":"product_brand","embeddable":true,"href":"https:\/\/loftrunway.com\/de\/wp-json\/wp\/v2\/product_brand?post=68586"},{"taxonomy":"product_cat","embeddable":true,"href":"https:\/\/loftrunway.com\/de\/wp-json\/wp\/v2\/product_cat?post=68586"},{"taxonomy":"product_tag","embeddable":true,"href":"https:\/\/loftrunway.com\/de\/wp-json\/wp\/v2\/product_tag?post=68586"}],"curies":[{"name":"wp","href":"https:\/\/api.w.org\/{rel}","templated":true}]}}