{"id":73987,"date":"2026-03-02T15:22:37","date_gmt":"2026-03-02T08:22:37","guid":{"rendered":"http:\/\/loftrunway.com\/product\/f50-elite-laceless-fg-soccer-cleatsfirm-ground"},"modified":"2026-04-02T14:47:17","modified_gmt":"2026-04-02T07:47:17","slug":"f50-elite-laceless-fg-soccer-cleatsfirm-ground","status":"publish","type":"product","link":"https:\/\/loftrunway.com\/de\/products\/f50-elite-laceless-fg-soccer-cleatsfirm-ground\/","title":{"rendered":"F50 Elite Laceless FG Soccer Cleats &#8211; Firm Ground"},"content":{"rendered":"<p>Dominiere das Spielfeld mit den F50 Elite Laceless FG Fu\u00dfballschuhen. Diese Schuhe wurden speziell f\u00fcr feste B\u00f6den entwickelt und bieten dank ihrer schlanken, schn\u00fcrlosen Konstruktion optimale Ballkontrolle und h\u00f6chsten Tragekomfort. Sie sind f\u00fcr professionelle Leistungen konzipiert und verf\u00fcgen \u00fcber ein ultraleichtes Synthetik-Obermaterial f\u00fcr pr\u00e4zise Bewegungen und eine eng anliegende, adaptive Passform, die sich perfekt an deinen Fu\u00df anschmiegt. Die innovative Stollenkonfiguration sorgt f\u00fcr explosive Geschwindigkeit und unersch\u00fctterliche Traktion und erm\u00f6glicht so schnelle Richtungswechsel und messerscharfe Drehungen auf Naturrasen. Mit ihrem minimalistischen Design und der erstklassigen Verarbeitung setzen die F50 Elite Fu\u00dfballschuhe auf Geschwindigkeit, Agilit\u00e4t und Langlebigkeit und sind damit die ultimative Wahl f\u00fcr Spieler, die in Wettkampfspielen den entscheidenden Vorteil suchen. Erreiche mit diesen Hochleistungs-Fu\u00dfballschuhen ein neues Level an Spielst\u00e4rke.<\/p>\n<ul>\n<li><strong>Farbgebung:<\/strong> Cloud White\/Solar Red\/Lucid Blue<\/li>\n<li><strong>Artikelnummer:<\/strong> IF8819<\/li>\n<li><strong>Obermaterial:<\/strong> Fibertouch<\/li>\n<li><strong>Farbe:<\/strong> Wei\u00df<\/li>\n<\/ul>\n","protected":false},"excerpt":{"rendered":"<p>adidas F50 Elite Laceless FG \u201d\u201d Cloud White\/Solar Red\/Lucid Blue<\/p>\n","protected":false},"featured_media":73988,"comment_status":"open","ping_status":"closed","template":"","meta":[],"product_brand":[],"product_cat":[10760,41273],"product_tag":[10759,11087,17099,10802,10986,10987,10758],"class_list":{"0":"post-73987","1":"product","2":"type-product","3":"status-publish","4":"has-post-thumbnail","6":"product_cat-adidas","7":"product_cat-remove","8":"product_tag-adidas","9":"product_tag-firm-ground-fg-football-boots","10":"product_tag-laceless-football-boots","11":"product_tag-performance-sport-shoes","12":"product_tag-soccer-shoes","13":"product_tag-soccer-shoes-football-cleats","14":"product_tag-under-retail","15":"wcpa_has_options","17":"first","18":"instock","19":"sale","20":"taxable","21":"shipping-taxable","22":"purchasable","23":"product-type-simple"},"wcpa_form_fields":{"rules":{"pric_overide_base_price":false,"pric_overide_base_price_if_gt_zero":false,"pric_overide_base_price_fully":false,"pric_cal_option_once":false,"pric_use_as_fee":false,"bind_quantity":false,"quantity_bind_formula":false},"fields":[{"type":"color-group","required":true,"elementId":"wcpa-color-group-66c4a7f817afe","label":"Gr\u00f6\u00dfe","inline":true,"priceOptions":"different_for_all","pricingType":"fixed","className":"hassizechart product-shoes-size-eu product-shoes-size","name":"color-group-66c4a7f817b18","disp_type":"square","selection_type":"tick-border","disp_size":"50","show_label_inside":true,"adjust_width":true,"cart_display_type":"text","other_text":"Other","cl_rule":"show","col":6,"values":[{"label":"35","value":"EU 35","price":"","pimage":"","pimage_id":"","pthumb":"","color":""},{"label":"35.5","value":"EU 35.5","price":"","pimage":"","pimage_id":"","pthumb":"","color":""},{"label":"36","value":"EU 36","price":"","pimage":"","pimage_id":"","pthumb":"","color":"","selected":true},{"label":"36 2\/3","value":"EU 36 2\/3","price":"","pimage":"","pimage_id":"","pthumb":"","color":""},{"label":"37 1\/3","value":"EU 37 1\/3","price":"","pimage":"","pimage_id":"","pthumb":"","color":""},{"label":"38","value":"EU 38","price":"","pimage":"","pimage_id":"","pthumb":"","color":""},{"label":"38 2\/3","value":"EU 38 2\/3","price":"","pimage":"","pimage_id":"","pthumb":"","color":""},{"label":"39 1\/3","value":"EU 39 1\/3","price":"","pimage":"","pimage_id":"","pthumb":"","color":""},{"label":"40","value":"EU 40","price":"","pimage":"","pimage_id":"","pthumb":"","color":""},{"label":"40 2\/3","value":"EU 40 2\/3","price":"","pimage":"","pimage_id":"","pthumb":"","color":""},{"label":"41 1\/3","value":"EU 41 1\/3","price":"","pimage":"","pimage_id":"","pthumb":"","color":""},{"label":"42","value":"EU 42","price":"","pimage":"","pimage_id":"","pthumb":"","color":""},{"label":"42 2\/3","value":"EU 42 2\/3","price":"","pimage":"","pimage_id":"","pthumb":"","color":""},{"label":"43 1\/3","value":"EU 43 1\/3","price":"","pimage":"","pimage_id":"","pthumb":"","color":""},{"label":"44","value":"EU 44","price":"","pimage":"","pimage_id":"","pthumb":"","color":""},{"label":"44 2\/3","value":"EU 44 2\/3","price":"","pimage":"","pimage_id":"","pthumb":"","color":""},{"label":"45 1\/3","value":"EU 45 1\/3","price":"","pimage":"","pimage_id":"","pthumb":"","color":""},{"label":"46","value":"EU 46","price":"","pimage":"","pimage_id":"","pthumb":"","color":""},{"label":"46 2\/3","value":"EU 46 2\/3","price":"","pimage":"","pimage_id":"","pthumb":"","color":""},{"label":"47 1\/3","value":"EU 47 1\/3","price":"","pimage":"","pimage_id":"","pthumb":"","color":""}],"relations":[{"operator":false,"rules":[]}],"form_id":24802,"form_rules":{"pric_cal_option_once":false,"exclude_from_discount":false,"pric_use_as_fee":false,"fee_label":"Fee","render_after_acb":false,"disp_hide_options_price":false}}]},"yoast_head":"<!-- This site is optimized with the Yoast SEO plugin v26.5 - https:\/\/yoast.com\/wordpress\/plugins\/seo\/ -->\n<title>F50 Elite Laceless FG Soccer Cleats - Firm Ground  - Loftrunway<\/title>\n<meta name=\"robots\" content=\"index, follow, max-snippet:-1, max-image-preview:large, max-video-preview:-1\" \/>\n<link rel=\"canonical\" href=\"https:\/\/loftrunway.com\/de\/products\/f50-elite-laceless-fg-soccer-cleatsfirm-ground\/\" \/>\n<meta property=\"og:locale\" content=\"de_DE\" \/>\n<meta property=\"og:type\" content=\"article\" \/>\n<meta property=\"og:title\" content=\"F50 Elite Laceless FG Soccer Cleats - Firm Ground  - Loftrunway\" \/>\n<meta property=\"og:description\" content=\"adidas F50 Elite Laceless FG \u201d\u201d Cloud White\/Solar Red\/Lucid Blue\" \/>\n<meta property=\"og:url\" content=\"https:\/\/loftrunway.com\/de\/products\/f50-elite-laceless-fg-soccer-cleatsfirm-ground\/\" \/>\n<meta property=\"og:site_name\" content=\"loftRUN Sneaker Store\" \/>\n<meta property=\"article:modified_time\" content=\"2026-04-02T07:47:17+00:00\" \/>\n<meta name=\"twitter:card\" content=\"summary_large_image\" \/>\n<meta name=\"twitter:image\" content=\"https:\/\/images.novelship.com\/product\/f50_elite_laceless_fg_soccer_cleats_-_firm_ground__0_96462.jpeg\" \/>\n<meta name=\"twitter:label1\" content=\"Gesch\u00e4tzte Lesezeit\" \/>\n\t<meta name=\"twitter:data1\" content=\"1\u00a0Minute\" \/>\n<script type=\"application\/ld+json\" class=\"yoast-schema-graph\">{\"@context\":\"https:\/\/schema.org\",\"@graph\":[{\"@type\":\"WebPage\",\"@id\":\"https:\/\/loftrunway.com\/de\/products\/f50-elite-laceless-fg-soccer-cleatsfirm-ground\/\",\"url\":\"https:\/\/loftrunway.com\/de\/products\/f50-elite-laceless-fg-soccer-cleatsfirm-ground\/\",\"name\":\"F50 Elite Laceless FG Soccer Cleats - Firm Ground - Loftrunway\",\"isPartOf\":{\"@id\":\"https:\/\/loftrunway.com\/de\/#website\"},\"primaryImageOfPage\":{\"@id\":\"https:\/\/loftrunway.com\/de\/products\/f50-elite-laceless-fg-soccer-cleatsfirm-ground\/#primaryimage\"},\"image\":{\"@id\":\"https:\/\/loftrunway.com\/de\/products\/f50-elite-laceless-fg-soccer-cleatsfirm-ground\/#primaryimage\"},\"thumbnailUrl\":\"https:\/\/images.novelship.com\/product\/f50_elite_laceless_fg_soccer_cleats_-_firm_ground__0_96462.jpeg\",\"datePublished\":\"2026-03-02T08:22:37+00:00\",\"dateModified\":\"2026-04-02T07:47:17+00:00\",\"breadcrumb\":{\"@id\":\"https:\/\/loftrunway.com\/de\/products\/f50-elite-laceless-fg-soccer-cleatsfirm-ground\/#breadcrumb\"},\"inLanguage\":\"de\",\"potentialAction\":[{\"@type\":\"ReadAction\",\"target\":[\"https:\/\/loftrunway.com\/de\/products\/f50-elite-laceless-fg-soccer-cleatsfirm-ground\/\"]}]},{\"@type\":\"ImageObject\",\"inLanguage\":\"de\",\"@id\":\"https:\/\/loftrunway.com\/de\/products\/f50-elite-laceless-fg-soccer-cleatsfirm-ground\/#primaryimage\",\"url\":\"https:\/\/images.novelship.com\/product\/f50_elite_laceless_fg_soccer_cleats_-_firm_ground__0_96462.jpeg\",\"contentUrl\":\"https:\/\/images.novelship.com\/product\/f50_elite_laceless_fg_soccer_cleats_-_firm_ground__0_96462.jpeg\"},{\"@type\":\"BreadcrumbList\",\"@id\":\"https:\/\/loftrunway.com\/de\/products\/f50-elite-laceless-fg-soccer-cleatsfirm-ground\/#breadcrumb\",\"itemListElement\":[{\"@type\":\"ListItem\",\"position\":1,\"name\":\"Home\",\"item\":\"https:\/\/loftrunway.com\/de\/\"},{\"@type\":\"ListItem\",\"position\":2,\"name\":\"Shop\",\"item\":\"https:\/\/loftrunway.com\/de\/shop\/\"},{\"@type\":\"ListItem\",\"position\":3,\"name\":\"F50 Elite Laceless FG Soccer Cleats &#8211; Firm Ground\"}]},{\"@type\":\"WebSite\",\"@id\":\"https:\/\/loftrunway.com\/de\/#website\",\"url\":\"https:\/\/loftrunway.com\/de\/\",\"name\":\"Styloral Jewelry Shop\",\"description\":\"Der Ort, an dem man alle Arten von Sneakern findet\",\"publisher\":{\"@id\":\"https:\/\/loftrunway.com\/de\/#organization\"},\"potentialAction\":[{\"@type\":\"SearchAction\",\"target\":{\"@type\":\"EntryPoint\",\"urlTemplate\":\"https:\/\/loftrunway.com\/de\/?s={search_term_string}\"},\"query-input\":{\"@type\":\"PropertyValueSpecification\",\"valueRequired\":true,\"valueName\":\"search_term_string\"}}],\"inLanguage\":\"de\"},{\"@type\":\"Organization\",\"@id\":\"https:\/\/loftrunway.com\/de\/#organization\",\"name\":\"STYLORAL PTE. LTD\",\"url\":\"https:\/\/loftrunway.com\/de\/\",\"logo\":{\"@type\":\"ImageObject\",\"inLanguage\":\"de\",\"@id\":\"https:\/\/loftrunway.com\/de\/#\/schema\/logo\/image\/\",\"url\":\"https:\/\/www.loftrunway.com\/wp-content\/uploads\/2025\/12\/logo.png\",\"contentUrl\":\"https:\/\/www.loftrunway.com\/wp-content\/uploads\/2025\/12\/logo.png\",\"width\":200,\"height\":65,\"caption\":\"STYLORAL PTE. LTD\"},\"image\":{\"@id\":\"https:\/\/loftrunway.com\/de\/#\/schema\/logo\/image\/\"}}]}<\/script>\n<!-- \/ Yoast SEO plugin. -->","yoast_head_json":{"title":"F50 Elite Laceless FG Soccer Cleats - Firm Ground  - Loftrunway","robots":{"index":"index","follow":"follow","max-snippet":"max-snippet:-1","max-image-preview":"max-image-preview:large","max-video-preview":"max-video-preview:-1"},"canonical":"https:\/\/loftrunway.com\/de\/products\/f50-elite-laceless-fg-soccer-cleatsfirm-ground\/","og_locale":"de_DE","og_type":"article","og_title":"F50 Elite Laceless FG Soccer Cleats - Firm Ground  - Loftrunway","og_description":"adidas F50 Elite Laceless FG \u201d\u201d Cloud White\/Solar Red\/Lucid Blue","og_url":"https:\/\/loftrunway.com\/de\/products\/f50-elite-laceless-fg-soccer-cleatsfirm-ground\/","og_site_name":"loftRUN Sneaker Store","article_modified_time":"2026-04-02T07:47:17+00:00","twitter_card":"summary_large_image","twitter_image":"https:\/\/images.novelship.com\/product\/f50_elite_laceless_fg_soccer_cleats_-_firm_ground__0_96462.jpeg","twitter_misc":{"Gesch\u00e4tzte Lesezeit":"1\u00a0Minute"},"schema":{"@context":"https:\/\/schema.org","@graph":[{"@type":"WebPage","@id":"https:\/\/loftrunway.com\/de\/products\/f50-elite-laceless-fg-soccer-cleatsfirm-ground\/","url":"https:\/\/loftrunway.com\/de\/products\/f50-elite-laceless-fg-soccer-cleatsfirm-ground\/","name":"F50 Elite Laceless FG Soccer Cleats - Firm Ground - Loftrunway","isPartOf":{"@id":"https:\/\/loftrunway.com\/de\/#website"},"primaryImageOfPage":{"@id":"https:\/\/loftrunway.com\/de\/products\/f50-elite-laceless-fg-soccer-cleatsfirm-ground\/#primaryimage"},"image":{"@id":"https:\/\/loftrunway.com\/de\/products\/f50-elite-laceless-fg-soccer-cleatsfirm-ground\/#primaryimage"},"thumbnailUrl":"https:\/\/images.novelship.com\/product\/f50_elite_laceless_fg_soccer_cleats_-_firm_ground__0_96462.jpeg","datePublished":"2026-03-02T08:22:37+00:00","dateModified":"2026-04-02T07:47:17+00:00","breadcrumb":{"@id":"https:\/\/loftrunway.com\/de\/products\/f50-elite-laceless-fg-soccer-cleatsfirm-ground\/#breadcrumb"},"inLanguage":"de","potentialAction":[{"@type":"ReadAction","target":["https:\/\/loftrunway.com\/de\/products\/f50-elite-laceless-fg-soccer-cleatsfirm-ground\/"]}]},{"@type":"ImageObject","inLanguage":"de","@id":"https:\/\/loftrunway.com\/de\/products\/f50-elite-laceless-fg-soccer-cleatsfirm-ground\/#primaryimage","url":"https:\/\/images.novelship.com\/product\/f50_elite_laceless_fg_soccer_cleats_-_firm_ground__0_96462.jpeg","contentUrl":"https:\/\/images.novelship.com\/product\/f50_elite_laceless_fg_soccer_cleats_-_firm_ground__0_96462.jpeg"},{"@type":"BreadcrumbList","@id":"https:\/\/loftrunway.com\/de\/products\/f50-elite-laceless-fg-soccer-cleatsfirm-ground\/#breadcrumb","itemListElement":[{"@type":"ListItem","position":1,"name":"Home","item":"https:\/\/loftrunway.com\/de\/"},{"@type":"ListItem","position":2,"name":"Shop","item":"https:\/\/loftrunway.com\/de\/shop\/"},{"@type":"ListItem","position":3,"name":"F50 Elite Laceless FG Soccer Cleats &#8211; Firm Ground"}]},{"@type":"WebSite","@id":"https:\/\/loftrunway.com\/de\/#website","url":"https:\/\/loftrunway.com\/de\/","name":"Styloral Jewelry Shop","description":"Der Ort, an dem man alle Arten von Sneakern findet","publisher":{"@id":"https:\/\/loftrunway.com\/de\/#organization"},"potentialAction":[{"@type":"SearchAction","target":{"@type":"EntryPoint","urlTemplate":"https:\/\/loftrunway.com\/de\/?s={search_term_string}"},"query-input":{"@type":"PropertyValueSpecification","valueRequired":true,"valueName":"search_term_string"}}],"inLanguage":"de"},{"@type":"Organization","@id":"https:\/\/loftrunway.com\/de\/#organization","name":"STYLORAL PTE. LTD","url":"https:\/\/loftrunway.com\/de\/","logo":{"@type":"ImageObject","inLanguage":"de","@id":"https:\/\/loftrunway.com\/de\/#\/schema\/logo\/image\/","url":"https:\/\/www.loftrunway.com\/wp-content\/uploads\/2025\/12\/logo.png","contentUrl":"https:\/\/www.loftrunway.com\/wp-content\/uploads\/2025\/12\/logo.png","width":200,"height":65,"caption":"STYLORAL PTE. LTD"},"image":{"@id":"https:\/\/loftrunway.com\/de\/#\/schema\/logo\/image\/"}}]}},"_links":{"self":[{"href":"https:\/\/loftrunway.com\/de\/wp-json\/wp\/v2\/product\/73987","targetHints":{"allow":["GET"]}}],"collection":[{"href":"https:\/\/loftrunway.com\/de\/wp-json\/wp\/v2\/product"}],"about":[{"href":"https:\/\/loftrunway.com\/de\/wp-json\/wp\/v2\/types\/product"}],"replies":[{"embeddable":true,"href":"https:\/\/loftrunway.com\/de\/wp-json\/wp\/v2\/comments?post=73987"}],"wp:featuredmedia":[{"embeddable":true,"href":"https:\/\/loftrunway.com\/de\/wp-json\/wp\/v2\/media\/73988"}],"wp:attachment":[{"href":"https:\/\/loftrunway.com\/de\/wp-json\/wp\/v2\/media?parent=73987"}],"wp:term":[{"taxonomy":"product_brand","embeddable":true,"href":"https:\/\/loftrunway.com\/de\/wp-json\/wp\/v2\/product_brand?post=73987"},{"taxonomy":"product_cat","embeddable":true,"href":"https:\/\/loftrunway.com\/de\/wp-json\/wp\/v2\/product_cat?post=73987"},{"taxonomy":"product_tag","embeddable":true,"href":"https:\/\/loftrunway.com\/de\/wp-json\/wp\/v2\/product_tag?post=73987"}],"curies":[{"name":"wp","href":"https:\/\/api.w.org\/{rel}","templated":true}]}}