{"id":82461,"date":"2026-03-02T15:24:24","date_gmt":"2026-03-02T08:24:24","guid":{"rendered":"http:\/\/loftrunway.com\/product\/hoka-mafate-speed-2-alabaster-oat-milk"},"modified":"2026-04-02T14:47:53","modified_gmt":"2026-04-02T07:47:53","slug":"hoka-mafate-speed-2-alabaster-oat-milk","status":"publish","type":"product","link":"https:\/\/loftrunway.com\/de\/products\/hoka-mafate-speed-2-alabaster-oat-milk\/","title":{"rendered":"HOKA Mafate Speed 2 &#8218;Alabaster Oat Milk&#8216;"},"content":{"rendered":"<p>Wir pr\u00e4sentieren den HOKA Mafate Speed \u201d\u2039\u201d\u20392 Trailrunningschuh \u201eAlabaster Oat Milk\u201c \u201d\u201c entwickelt f\u00fcr ultimative Outdoor-Abenteuer. Dank der Vibram\u00c2\u00ae Megagrip-Au\u00dfensohle bietet dieser Schuh au\u00dfergew\u00f6hnliche Traktion auf jedem Terrain. Die PROFLY+ Zwischensohle sorgt f\u00fcr ein reaktionsfreudiges und ged\u00e4mpftes Laufgef\u00fchl. Das atmungsaktive Obermaterial h\u00e4lt Ihre F\u00fc\u00dfe k\u00fchl und komfortabel, w\u00e4hrend die st\u00fctzenden Overlays f\u00fcr zus\u00e4tzliche Stabilit\u00e4t sorgen. Der Mafate Speed \u201d\u2039\u201d\u20392 \u201eAlabaster Oat Milk\u201c ist perfekt f\u00fcr lange L\u00e4ufe, anspruchsvolle Trails und herausforderndes Gel\u00e4nde und gibt dir die Sicherheit, neue H\u00f6hen zu erreichen.<\/p>\n<ul>\n<li><strong>Farbgebung:<\/strong> Beige\/Marineblau\/Gelb\/Orange<\/li>\n<li><strong>Artikelnummer:<\/strong> 1126851-ALK<\/li>\n<li><strong>Obermaterial:<\/strong> Synthetik<\/li>\n<li><strong>Zwischensohle:<\/strong> CMEVA<\/li>\n<li><strong>Farbe:<\/strong> Wei\u00df<\/li>\n<li><strong>Erscheinungsjahr:<\/strong> 2024<\/li>\n<\/ul>\n","protected":false},"excerpt":{"rendered":"<p>HOKA Mafate Speed 2 \u201d\u201d Beige\/Navy\/Yellow\/Orange<\/p>\n","protected":false},"featured_media":82462,"comment_status":"open","ping_status":"closed","template":"","meta":[],"product_brand":[],"product_cat":[11495,41273],"product_tag":[10753,11494,10802,10840,11006,10758],"class_list":{"0":"post-82461","1":"product","2":"type-product","3":"status-publish","4":"has-post-thumbnail","6":"product_cat-hoka","7":"product_cat-remove","8":"product_tag-gift-for-him","9":"product_tag-hoka","10":"product_tag-performance-sport-shoes","11":"product_tag-running-shoes","12":"product_tag-trail-running-shoes","13":"product_tag-under-retail","14":"wcpa_has_options","16":"first","17":"instock","18":"taxable","19":"shipping-taxable","20":"purchasable","21":"product-type-simple"},"wcpa_form_fields":{"rules":{"pric_overide_base_price":false,"pric_overide_base_price_if_gt_zero":false,"pric_overide_base_price_fully":false,"pric_cal_option_once":false,"pric_use_as_fee":false,"bind_quantity":false,"quantity_bind_formula":false},"fields":[{"type":"color-group","required":true,"elementId":"wcpa-color-group-69a5afd8a7cca","label":"Gr\u00f6\u00dfe","inline":true,"priceOptions":"different_for_all","pricingType":"fixed","className":"hassizechart product-shoes-size-eu product-shoes-size","name":"color-group-69a5afd8a7cd3","disp_type":"square","selection_type":"tick-border","disp_size":"50","show_label_inside":true,"adjust_width":true,"cart_display_type":"text","other_text":"Other","cl_rule":"show","col":6,"values":[{"label":"35 1\/3","value":"EU 35 1\/3","price":"","pimage":"","pimage_id":"","pthumb":"","color":""},{"label":"36","value":"EU 36","price":"","pimage":"","pimage_id":"","pthumb":"","color":""},{"label":"36 2\/3","value":"EU 36 2\/3","price":"","pimage":"","pimage_id":"","pthumb":"","color":""},{"label":"37 1\/3","value":"EU 37 1\/3","price":"","pimage":"","pimage_id":"","pthumb":"","color":"","selected":true},{"label":"38","value":"EU 38","price":"","pimage":"","pimage_id":"","pthumb":"","color":""},{"label":"38 2\/3","value":"EU 38 2\/3","price":"","pimage":"","pimage_id":"","pthumb":"","color":""},{"label":"39 1\/3","value":"EU 39 1\/3","price":"","pimage":"","pimage_id":"","pthumb":"","color":""},{"label":"39.5","value":"EU 39.5","price":"","pimage":"","pimage_id":"","pthumb":"","color":""},{"label":"40","value":"EU 40","price":"","pimage":"","pimage_id":"","pthumb":"","color":""},{"label":"40 2\/3","value":"EU 40  2\/3","price":"","pimage":"","pimage_id":"","pthumb":"","color":""},{"label":" 41 1\/3","value":"EU 41.5","price":"","pimage":"","pimage_id":"","pthumb":"","color":""},{"label":"42","value":"EU 42","price":"","pimage":"","pimage_id":"","pthumb":"","color":""},{"label":"42 2\/3","value":"EU 42 2\/3","price":"","pimage":"","pimage_id":"","pthumb":"","color":""},{"label":"43 1\/3","value":"EU 43 1\/3","price":"","pimage":"","pimage_id":"","pthumb":"","color":""},{"label":"44","value":"EU 44","price":"","pimage":"","pimage_id":"","pthumb":"","color":""},{"label":"44 2\/3","value":"EU 44 2\/3","price":"","pimage":"","pimage_id":"","pthumb":"","color":""},{"label":"45 1\/3","value":"EU 45 1\/3","price":"","pimage":"","pimage_id":"","pthumb":"","color":""}],"relations":[{"operator":false,"rules":[]}],"form_id":184317,"form_rules":{"pric_cal_option_once":false,"exclude_from_discount":false,"pric_use_as_fee":false,"fee_label":"Fee","render_after_acb":false,"disp_hide_options_price":false}}]},"yoast_head":"<!-- This site is optimized with the Yoast SEO plugin v26.5 - https:\/\/yoast.com\/wordpress\/plugins\/seo\/ -->\n<title>HOKA Mafate Speed 2 &#039;Alabaster Oat Milk&#039;  - Loftrunway<\/title>\n<meta name=\"robots\" content=\"index, follow, max-snippet:-1, max-image-preview:large, max-video-preview:-1\" \/>\n<link rel=\"canonical\" href=\"https:\/\/loftrunway.com\/de\/products\/hoka-mafate-speed-2-alabaster-oat-milk\/\" \/>\n<meta property=\"og:locale\" content=\"de_DE\" \/>\n<meta property=\"og:type\" content=\"article\" \/>\n<meta property=\"og:title\" content=\"HOKA Mafate Speed 2 &#039;Alabaster Oat Milk&#039;  - Loftrunway\" \/>\n<meta property=\"og:description\" content=\"HOKA Mafate Speed 2 \u201d\u201d Beige\/Navy\/Yellow\/Orange\" \/>\n<meta property=\"og:url\" content=\"https:\/\/loftrunway.com\/de\/products\/hoka-mafate-speed-2-alabaster-oat-milk\/\" \/>\n<meta property=\"og:site_name\" content=\"loftRUN Sneaker Store\" \/>\n<meta property=\"article:modified_time\" content=\"2026-04-02T07:47:53+00:00\" \/>\n<meta name=\"twitter:card\" content=\"summary_large_image\" \/>\n<meta name=\"twitter:image\" content=\"https:\/\/images.novelship.com\/product\/hoka_mafate_speed_2__alabaster_oat_milk__1126851-a_0_71457.jpeg\" \/>\n<meta name=\"twitter:label1\" content=\"Gesch\u00e4tzte Lesezeit\" \/>\n\t<meta name=\"twitter:data1\" content=\"1\u00a0Minute\" \/>\n<script type=\"application\/ld+json\" class=\"yoast-schema-graph\">{\"@context\":\"https:\/\/schema.org\",\"@graph\":[{\"@type\":\"WebPage\",\"@id\":\"https:\/\/loftrunway.com\/de\/products\/hoka-mafate-speed-2-alabaster-oat-milk\/\",\"url\":\"https:\/\/loftrunway.com\/de\/products\/hoka-mafate-speed-2-alabaster-oat-milk\/\",\"name\":\"HOKA Mafate Speed 2 'Alabaster Oat Milk' - Loftrunway\",\"isPartOf\":{\"@id\":\"https:\/\/loftrunway.com\/de\/#website\"},\"primaryImageOfPage\":{\"@id\":\"https:\/\/loftrunway.com\/de\/products\/hoka-mafate-speed-2-alabaster-oat-milk\/#primaryimage\"},\"image\":{\"@id\":\"https:\/\/loftrunway.com\/de\/products\/hoka-mafate-speed-2-alabaster-oat-milk\/#primaryimage\"},\"thumbnailUrl\":\"https:\/\/images.novelship.com\/product\/hoka_mafate_speed_2__alabaster_oat_milk__1126851-a_0_71457.jpeg\",\"datePublished\":\"2026-03-02T08:24:24+00:00\",\"dateModified\":\"2026-04-02T07:47:53+00:00\",\"breadcrumb\":{\"@id\":\"https:\/\/loftrunway.com\/de\/products\/hoka-mafate-speed-2-alabaster-oat-milk\/#breadcrumb\"},\"inLanguage\":\"de\",\"potentialAction\":[{\"@type\":\"ReadAction\",\"target\":[\"https:\/\/loftrunway.com\/de\/products\/hoka-mafate-speed-2-alabaster-oat-milk\/\"]}]},{\"@type\":\"ImageObject\",\"inLanguage\":\"de\",\"@id\":\"https:\/\/loftrunway.com\/de\/products\/hoka-mafate-speed-2-alabaster-oat-milk\/#primaryimage\",\"url\":\"https:\/\/images.novelship.com\/product\/hoka_mafate_speed_2__alabaster_oat_milk__1126851-a_0_71457.jpeg\",\"contentUrl\":\"https:\/\/images.novelship.com\/product\/hoka_mafate_speed_2__alabaster_oat_milk__1126851-a_0_71457.jpeg\"},{\"@type\":\"BreadcrumbList\",\"@id\":\"https:\/\/loftrunway.com\/de\/products\/hoka-mafate-speed-2-alabaster-oat-milk\/#breadcrumb\",\"itemListElement\":[{\"@type\":\"ListItem\",\"position\":1,\"name\":\"Home\",\"item\":\"https:\/\/loftrunway.com\/de\/\"},{\"@type\":\"ListItem\",\"position\":2,\"name\":\"Shop\",\"item\":\"https:\/\/loftrunway.com\/de\/shop\/\"},{\"@type\":\"ListItem\",\"position\":3,\"name\":\"HOKA Mafate Speed 2 &#8218;Alabaster Oat Milk&#8216;\"}]},{\"@type\":\"WebSite\",\"@id\":\"https:\/\/loftrunway.com\/de\/#website\",\"url\":\"https:\/\/loftrunway.com\/de\/\",\"name\":\"Styloral Jewelry Shop\",\"description\":\"Der Ort, an dem man alle Arten von Sneakern findet\",\"publisher\":{\"@id\":\"https:\/\/loftrunway.com\/de\/#organization\"},\"potentialAction\":[{\"@type\":\"SearchAction\",\"target\":{\"@type\":\"EntryPoint\",\"urlTemplate\":\"https:\/\/loftrunway.com\/de\/?s={search_term_string}\"},\"query-input\":{\"@type\":\"PropertyValueSpecification\",\"valueRequired\":true,\"valueName\":\"search_term_string\"}}],\"inLanguage\":\"de\"},{\"@type\":\"Organization\",\"@id\":\"https:\/\/loftrunway.com\/de\/#organization\",\"name\":\"STYLORAL PTE. LTD\",\"url\":\"https:\/\/loftrunway.com\/de\/\",\"logo\":{\"@type\":\"ImageObject\",\"inLanguage\":\"de\",\"@id\":\"https:\/\/loftrunway.com\/de\/#\/schema\/logo\/image\/\",\"url\":\"https:\/\/www.loftrunway.com\/wp-content\/uploads\/2025\/12\/logo.png\",\"contentUrl\":\"https:\/\/www.loftrunway.com\/wp-content\/uploads\/2025\/12\/logo.png\",\"width\":200,\"height\":65,\"caption\":\"STYLORAL PTE. LTD\"},\"image\":{\"@id\":\"https:\/\/loftrunway.com\/de\/#\/schema\/logo\/image\/\"}}]}<\/script>\n<!-- \/ Yoast SEO plugin. -->","yoast_head_json":{"title":"HOKA Mafate Speed 2 'Alabaster Oat Milk'  - Loftrunway","robots":{"index":"index","follow":"follow","max-snippet":"max-snippet:-1","max-image-preview":"max-image-preview:large","max-video-preview":"max-video-preview:-1"},"canonical":"https:\/\/loftrunway.com\/de\/products\/hoka-mafate-speed-2-alabaster-oat-milk\/","og_locale":"de_DE","og_type":"article","og_title":"HOKA Mafate Speed 2 'Alabaster Oat Milk'  - Loftrunway","og_description":"HOKA Mafate Speed 2 \u201d\u201d Beige\/Navy\/Yellow\/Orange","og_url":"https:\/\/loftrunway.com\/de\/products\/hoka-mafate-speed-2-alabaster-oat-milk\/","og_site_name":"loftRUN Sneaker Store","article_modified_time":"2026-04-02T07:47:53+00:00","twitter_card":"summary_large_image","twitter_image":"https:\/\/images.novelship.com\/product\/hoka_mafate_speed_2__alabaster_oat_milk__1126851-a_0_71457.jpeg","twitter_misc":{"Gesch\u00e4tzte Lesezeit":"1\u00a0Minute"},"schema":{"@context":"https:\/\/schema.org","@graph":[{"@type":"WebPage","@id":"https:\/\/loftrunway.com\/de\/products\/hoka-mafate-speed-2-alabaster-oat-milk\/","url":"https:\/\/loftrunway.com\/de\/products\/hoka-mafate-speed-2-alabaster-oat-milk\/","name":"HOKA Mafate Speed 2 'Alabaster Oat Milk' - Loftrunway","isPartOf":{"@id":"https:\/\/loftrunway.com\/de\/#website"},"primaryImageOfPage":{"@id":"https:\/\/loftrunway.com\/de\/products\/hoka-mafate-speed-2-alabaster-oat-milk\/#primaryimage"},"image":{"@id":"https:\/\/loftrunway.com\/de\/products\/hoka-mafate-speed-2-alabaster-oat-milk\/#primaryimage"},"thumbnailUrl":"https:\/\/images.novelship.com\/product\/hoka_mafate_speed_2__alabaster_oat_milk__1126851-a_0_71457.jpeg","datePublished":"2026-03-02T08:24:24+00:00","dateModified":"2026-04-02T07:47:53+00:00","breadcrumb":{"@id":"https:\/\/loftrunway.com\/de\/products\/hoka-mafate-speed-2-alabaster-oat-milk\/#breadcrumb"},"inLanguage":"de","potentialAction":[{"@type":"ReadAction","target":["https:\/\/loftrunway.com\/de\/products\/hoka-mafate-speed-2-alabaster-oat-milk\/"]}]},{"@type":"ImageObject","inLanguage":"de","@id":"https:\/\/loftrunway.com\/de\/products\/hoka-mafate-speed-2-alabaster-oat-milk\/#primaryimage","url":"https:\/\/images.novelship.com\/product\/hoka_mafate_speed_2__alabaster_oat_milk__1126851-a_0_71457.jpeg","contentUrl":"https:\/\/images.novelship.com\/product\/hoka_mafate_speed_2__alabaster_oat_milk__1126851-a_0_71457.jpeg"},{"@type":"BreadcrumbList","@id":"https:\/\/loftrunway.com\/de\/products\/hoka-mafate-speed-2-alabaster-oat-milk\/#breadcrumb","itemListElement":[{"@type":"ListItem","position":1,"name":"Home","item":"https:\/\/loftrunway.com\/de\/"},{"@type":"ListItem","position":2,"name":"Shop","item":"https:\/\/loftrunway.com\/de\/shop\/"},{"@type":"ListItem","position":3,"name":"HOKA Mafate Speed 2 &#8218;Alabaster Oat Milk&#8216;"}]},{"@type":"WebSite","@id":"https:\/\/loftrunway.com\/de\/#website","url":"https:\/\/loftrunway.com\/de\/","name":"Styloral Jewelry Shop","description":"Der Ort, an dem man alle Arten von Sneakern findet","publisher":{"@id":"https:\/\/loftrunway.com\/de\/#organization"},"potentialAction":[{"@type":"SearchAction","target":{"@type":"EntryPoint","urlTemplate":"https:\/\/loftrunway.com\/de\/?s={search_term_string}"},"query-input":{"@type":"PropertyValueSpecification","valueRequired":true,"valueName":"search_term_string"}}],"inLanguage":"de"},{"@type":"Organization","@id":"https:\/\/loftrunway.com\/de\/#organization","name":"STYLORAL PTE. LTD","url":"https:\/\/loftrunway.com\/de\/","logo":{"@type":"ImageObject","inLanguage":"de","@id":"https:\/\/loftrunway.com\/de\/#\/schema\/logo\/image\/","url":"https:\/\/www.loftrunway.com\/wp-content\/uploads\/2025\/12\/logo.png","contentUrl":"https:\/\/www.loftrunway.com\/wp-content\/uploads\/2025\/12\/logo.png","width":200,"height":65,"caption":"STYLORAL PTE. LTD"},"image":{"@id":"https:\/\/loftrunway.com\/de\/#\/schema\/logo\/image\/"}}]}},"_links":{"self":[{"href":"https:\/\/loftrunway.com\/de\/wp-json\/wp\/v2\/product\/82461","targetHints":{"allow":["GET"]}}],"collection":[{"href":"https:\/\/loftrunway.com\/de\/wp-json\/wp\/v2\/product"}],"about":[{"href":"https:\/\/loftrunway.com\/de\/wp-json\/wp\/v2\/types\/product"}],"replies":[{"embeddable":true,"href":"https:\/\/loftrunway.com\/de\/wp-json\/wp\/v2\/comments?post=82461"}],"wp:featuredmedia":[{"embeddable":true,"href":"https:\/\/loftrunway.com\/de\/wp-json\/wp\/v2\/media\/82462"}],"wp:attachment":[{"href":"https:\/\/loftrunway.com\/de\/wp-json\/wp\/v2\/media?parent=82461"}],"wp:term":[{"taxonomy":"product_brand","embeddable":true,"href":"https:\/\/loftrunway.com\/de\/wp-json\/wp\/v2\/product_brand?post=82461"},{"taxonomy":"product_cat","embeddable":true,"href":"https:\/\/loftrunway.com\/de\/wp-json\/wp\/v2\/product_cat?post=82461"},{"taxonomy":"product_tag","embeddable":true,"href":"https:\/\/loftrunway.com\/de\/wp-json\/wp\/v2\/product_tag?post=82461"}],"curies":[{"name":"wp","href":"https:\/\/api.w.org\/{rel}","templated":true}]}}