{"id":85301,"date":"2026-03-02T15:25:00","date_gmt":"2026-03-02T08:25:00","guid":{"rendered":"http:\/\/loftrunway.com\/product\/jakob-ingebrigtsen-x-nike-zoomx-dragonfly-2-elite-sail-medium-ash"},"modified":"2026-04-02T14:48:03","modified_gmt":"2026-04-02T07:48:03","slug":"jakob-ingebrigtsen-x-nike-zoomx-dragonfly-2-elite-sail-medium-ash","status":"publish","type":"product","link":"https:\/\/loftrunway.com\/de\/products\/jakob-ingebrigtsen-x-nike-zoomx-dragonfly-2-elite-sail-medium-ash\/","title":{"rendered":"Jakob Ingebrigtsen x Nike ZoomX Dragonfly 2 Elite &#8218;Sail Medium Ash&#8216;"},"content":{"rendered":"<p>Steigere deine Leistung mit dem Jakob Ingebrigtsen x Nike ZoomX Dragonfly 2 Elite \u201eSail Medium Ash\u201c IB8745-100. Diese Laufschuhe wurden f\u00fcr Spitzensportler entwickelt und sind mit Nikes bahnbrechender ZoomX-Technologie ausgestattet, die f\u00fcr unvergleichliche Energier\u00fcckgabe und Geschwindigkeit sorgt. Die elegante Farbgebung \u201eSail Medium Ash\u201c und die leichte Konstruktion bieten sowohl Stil als auch optimale Funktionalit\u00e4t auf der Laufbahn. Egal, ob du zum Sieg sprintest oder lange Strecken l\u00e4ufst \u201d\u201c erlebe \u00fcberragende Traktion und Komfort mit dieser innovativen Kollaboration. Entsperren<\/p>\n<ul>\n<li><strong>Farbgebung:<\/strong> Sail\/Metallic Gold Grain\/Medium Ash\/Schwarz\/Phantom<\/li>\n<li><strong>Style-Code:<\/strong> IB8745-100<\/li>\n<li><strong>Obermaterial:<\/strong> Mesh<\/li>\n<li><strong>Zwischensohle:<\/strong> Zoom X<\/li>\n<li><strong>Farbe:<\/strong> Beige<\/li>\n<li><strong>Erscheinungsjahr:<\/strong> 2025<\/li>\n<\/ul>\n","protected":false},"excerpt":{"rendered":"<p>Nike ZoomX Dragonfly 2 Elite \u201d\u201d Sail\/Metallic Gold Grain\/Medium Ash\/Black\/Phantom<\/p>\n","protected":false},"featured_media":85302,"comment_status":"open","ping_status":"closed","template":"","meta":[],"product_brand":[],"product_cat":[10803,41273],"product_tag":[10751,10876,10752,10801,10802,10840,10877,10878,10758],"class_list":{"0":"post-85301","1":"product","2":"type-product","3":"status-publish","4":"has-post-thumbnail","6":"product_cat-nike","7":"product_cat-remove","8":"product_tag-best-seller","9":"product_tag-cross-country-running-shoes","10":"product_tag-gallery-look","11":"product_tag-nike","12":"product_tag-performance-sport-shoes","13":"product_tag-running-shoes","14":"product_tag-track-field-shoes","15":"product_tag-track-running-shoes","16":"product_tag-under-retail","17":"wcpa_has_options","19":"first","20":"instock","21":"sale","22":"taxable","23":"shipping-taxable","24":"purchasable","25":"product-type-simple"},"wcpa_form_fields":{"rules":{"pric_overide_base_price":false,"pric_overide_base_price_if_gt_zero":false,"pric_overide_base_price_fully":false,"pric_cal_option_once":false,"pric_use_as_fee":false,"bind_quantity":false,"quantity_bind_formula":false},"fields":[{"type":"color-group","required":true,"elementId":"wcpa-color-group-66c4a75505e74","label":"Gr\u00f6\u00dfe - EU Gr\u00f6\u00dfe","inline":true,"priceOptions":"different_for_all","pricingType":"fixed","className":"hassizechart product-shoes-size-eu product-shoes-size","name":"color-group-66c4a75505e89","disp_type":"square","selection_type":"tick-border","disp_size":"44","show_label_inside":true,"adjust_width":true,"cart_display_type":"text","other_text":"Other","cl_rule":"show","col":6,"values":[{"label":"35.5","value":"EU 35.5","price":"","pimage":"","pimage_id":"","pthumb":"","color":""},{"label":"36","value":"EU 36","price":"","pimage":"","pimage_id":"","pthumb":"","color":"","selected":true},{"label":"36.5","value":"EU 36.5","price":"","pimage":"","pimage_id":"","pthumb":"","color":""},{"label":"37.5","value":"EU 37.5","price":"","pimage":"","pimage_id":"","pthumb":"","color":""},{"label":"38","value":"EU 38","price":"","pimage":"","pimage_id":"","pthumb":"","color":""},{"label":"38.5","value":"EU 38.5","price":"","pimage":"","pimage_id":"","pthumb":"","color":""},{"label":"39","value":"EU 39","price":"","pimage":"","pimage_id":"","pthumb":"","color":""},{"label":"40","value":"EU 40","price":"","pimage":"","pimage_id":"","pthumb":"","color":""},{"label":"40.5","value":"EU 40.5","price":"","pimage":"","pimage_id":"","pthumb":"","color":""},{"label":"41","value":"EU 41","price":"","pimage":"","pimage_id":"","pthumb":"","color":""},{"label":"42","value":"EU 42","price":"","pimage":"","pimage_id":"","pthumb":"","color":""},{"label":"42.5","value":"EU 42.5","price":"","pimage":"","pimage_id":"","pthumb":"","color":""},{"label":"43","value":"EU 43","price":"","pimage":"","pimage_id":"","pthumb":"","color":""},{"label":"44","value":"EU 44","price":"","pimage":"","pimage_id":"","pthumb":"","color":""},{"label":"44.5","value":"EU 44.5","price":"","pimage":"","pimage_id":"","pthumb":"","color":""},{"label":"45","value":"EU 45","price":"","pimage":"","pimage_id":"","pthumb":"","color":""},{"label":"45.5","value":"EU 45.5","price":"","pimage":"","pimage_id":"","pthumb":"","color":""},{"label":"46","value":"EU 46","price":"","pimage":"","pimage_id":"","pthumb":"","color":""},{"label":"47","value":"EU 47","price":"","pimage":"","pimage_id":"","pthumb":"","color":""},{"label":"47.5","value":"EU 47.5","price":"","pimage":"","pimage_id":"","pthumb":"","color":""},{"label":"48","value":"EU 48","price":"","pimage":"","pimage_id":"","pthumb":"","color":""}],"relations":[{"operator":false,"rules":[]}],"form_id":18106,"form_rules":{"pric_cal_option_once":false,"exclude_from_discount":false,"pric_use_as_fee":false,"fee_label":"Fee","render_after_acb":false,"disp_hide_options_price":false}}]},"yoast_head":"<!-- This site is optimized with the Yoast SEO plugin v26.5 - https:\/\/yoast.com\/wordpress\/plugins\/seo\/ -->\n<title>Jakob Ingebrigtsen x Nike ZoomX Dragonfly 2 Elite &#039;Sail Medium Ash&#039;  - Loftrunway<\/title>\n<meta name=\"robots\" content=\"index, follow, max-snippet:-1, max-image-preview:large, max-video-preview:-1\" \/>\n<link rel=\"canonical\" href=\"https:\/\/loftrunway.com\/de\/products\/jakob-ingebrigtsen-x-nike-zoomx-dragonfly-2-elite-sail-medium-ash\/\" \/>\n<meta property=\"og:locale\" content=\"de_DE\" \/>\n<meta property=\"og:type\" content=\"article\" \/>\n<meta property=\"og:title\" content=\"Jakob Ingebrigtsen x Nike ZoomX Dragonfly 2 Elite &#039;Sail Medium Ash&#039;  - Loftrunway\" \/>\n<meta property=\"og:description\" content=\"Nike ZoomX Dragonfly 2 Elite \u201d\u201d Sail\/Metallic Gold Grain\/Medium Ash\/Black\/Phantom\" \/>\n<meta property=\"og:url\" content=\"https:\/\/loftrunway.com\/de\/products\/jakob-ingebrigtsen-x-nike-zoomx-dragonfly-2-elite-sail-medium-ash\/\" \/>\n<meta property=\"og:site_name\" content=\"loftRUN Sneaker Store\" \/>\n<meta property=\"article:modified_time\" content=\"2026-04-02T07:48:03+00:00\" \/>\n<meta name=\"twitter:card\" content=\"summary_large_image\" \/>\n<meta name=\"twitter:image\" content=\"https:\/\/images.novelship.com\/product\/jakob_ingebrigtsen_x_nike_zoomx_dragonfly_2_elite__0_15657.jpeg\" \/>\n<meta name=\"twitter:label1\" content=\"Gesch\u00e4tzte Lesezeit\" \/>\n\t<meta name=\"twitter:data1\" content=\"1\u00a0Minute\" \/>\n<script type=\"application\/ld+json\" class=\"yoast-schema-graph\">{\"@context\":\"https:\/\/schema.org\",\"@graph\":[{\"@type\":\"WebPage\",\"@id\":\"https:\/\/loftrunway.com\/de\/products\/jakob-ingebrigtsen-x-nike-zoomx-dragonfly-2-elite-sail-medium-ash\/\",\"url\":\"https:\/\/loftrunway.com\/de\/products\/jakob-ingebrigtsen-x-nike-zoomx-dragonfly-2-elite-sail-medium-ash\/\",\"name\":\"Jakob Ingebrigtsen x Nike ZoomX Dragonfly 2 Elite 'Sail Medium Ash' - Loftrunway\",\"isPartOf\":{\"@id\":\"https:\/\/loftrunway.com\/de\/#website\"},\"primaryImageOfPage\":{\"@id\":\"https:\/\/loftrunway.com\/de\/products\/jakob-ingebrigtsen-x-nike-zoomx-dragonfly-2-elite-sail-medium-ash\/#primaryimage\"},\"image\":{\"@id\":\"https:\/\/loftrunway.com\/de\/products\/jakob-ingebrigtsen-x-nike-zoomx-dragonfly-2-elite-sail-medium-ash\/#primaryimage\"},\"thumbnailUrl\":\"https:\/\/images.novelship.com\/product\/jakob_ingebrigtsen_x_nike_zoomx_dragonfly_2_elite__0_15657.jpeg\",\"datePublished\":\"2026-03-02T08:25:00+00:00\",\"dateModified\":\"2026-04-02T07:48:03+00:00\",\"breadcrumb\":{\"@id\":\"https:\/\/loftrunway.com\/de\/products\/jakob-ingebrigtsen-x-nike-zoomx-dragonfly-2-elite-sail-medium-ash\/#breadcrumb\"},\"inLanguage\":\"de\",\"potentialAction\":[{\"@type\":\"ReadAction\",\"target\":[\"https:\/\/loftrunway.com\/de\/products\/jakob-ingebrigtsen-x-nike-zoomx-dragonfly-2-elite-sail-medium-ash\/\"]}]},{\"@type\":\"ImageObject\",\"inLanguage\":\"de\",\"@id\":\"https:\/\/loftrunway.com\/de\/products\/jakob-ingebrigtsen-x-nike-zoomx-dragonfly-2-elite-sail-medium-ash\/#primaryimage\",\"url\":\"https:\/\/images.novelship.com\/product\/jakob_ingebrigtsen_x_nike_zoomx_dragonfly_2_elite__0_15657.jpeg\",\"contentUrl\":\"https:\/\/images.novelship.com\/product\/jakob_ingebrigtsen_x_nike_zoomx_dragonfly_2_elite__0_15657.jpeg\"},{\"@type\":\"BreadcrumbList\",\"@id\":\"https:\/\/loftrunway.com\/de\/products\/jakob-ingebrigtsen-x-nike-zoomx-dragonfly-2-elite-sail-medium-ash\/#breadcrumb\",\"itemListElement\":[{\"@type\":\"ListItem\",\"position\":1,\"name\":\"Home\",\"item\":\"https:\/\/loftrunway.com\/de\/\"},{\"@type\":\"ListItem\",\"position\":2,\"name\":\"Shop\",\"item\":\"https:\/\/loftrunway.com\/de\/shop\/\"},{\"@type\":\"ListItem\",\"position\":3,\"name\":\"Jakob Ingebrigtsen x Nike ZoomX Dragonfly 2 Elite &#8218;Sail Medium Ash&#8216;\"}]},{\"@type\":\"WebSite\",\"@id\":\"https:\/\/loftrunway.com\/de\/#website\",\"url\":\"https:\/\/loftrunway.com\/de\/\",\"name\":\"Styloral Jewelry Shop\",\"description\":\"Der Ort, an dem man alle Arten von Sneakern findet\",\"publisher\":{\"@id\":\"https:\/\/loftrunway.com\/de\/#organization\"},\"potentialAction\":[{\"@type\":\"SearchAction\",\"target\":{\"@type\":\"EntryPoint\",\"urlTemplate\":\"https:\/\/loftrunway.com\/de\/?s={search_term_string}\"},\"query-input\":{\"@type\":\"PropertyValueSpecification\",\"valueRequired\":true,\"valueName\":\"search_term_string\"}}],\"inLanguage\":\"de\"},{\"@type\":\"Organization\",\"@id\":\"https:\/\/loftrunway.com\/de\/#organization\",\"name\":\"STYLORAL PTE. LTD\",\"url\":\"https:\/\/loftrunway.com\/de\/\",\"logo\":{\"@type\":\"ImageObject\",\"inLanguage\":\"de\",\"@id\":\"https:\/\/loftrunway.com\/de\/#\/schema\/logo\/image\/\",\"url\":\"https:\/\/www.loftrunway.com\/wp-content\/uploads\/2025\/12\/logo.png\",\"contentUrl\":\"https:\/\/www.loftrunway.com\/wp-content\/uploads\/2025\/12\/logo.png\",\"width\":200,\"height\":65,\"caption\":\"STYLORAL PTE. LTD\"},\"image\":{\"@id\":\"https:\/\/loftrunway.com\/de\/#\/schema\/logo\/image\/\"}}]}<\/script>\n<!-- \/ Yoast SEO plugin. -->","yoast_head_json":{"title":"Jakob Ingebrigtsen x Nike ZoomX Dragonfly 2 Elite 'Sail Medium Ash'  - Loftrunway","robots":{"index":"index","follow":"follow","max-snippet":"max-snippet:-1","max-image-preview":"max-image-preview:large","max-video-preview":"max-video-preview:-1"},"canonical":"https:\/\/loftrunway.com\/de\/products\/jakob-ingebrigtsen-x-nike-zoomx-dragonfly-2-elite-sail-medium-ash\/","og_locale":"de_DE","og_type":"article","og_title":"Jakob Ingebrigtsen x Nike ZoomX Dragonfly 2 Elite 'Sail Medium Ash'  - Loftrunway","og_description":"Nike ZoomX Dragonfly 2 Elite \u201d\u201d Sail\/Metallic Gold Grain\/Medium Ash\/Black\/Phantom","og_url":"https:\/\/loftrunway.com\/de\/products\/jakob-ingebrigtsen-x-nike-zoomx-dragonfly-2-elite-sail-medium-ash\/","og_site_name":"loftRUN Sneaker Store","article_modified_time":"2026-04-02T07:48:03+00:00","twitter_card":"summary_large_image","twitter_image":"https:\/\/images.novelship.com\/product\/jakob_ingebrigtsen_x_nike_zoomx_dragonfly_2_elite__0_15657.jpeg","twitter_misc":{"Gesch\u00e4tzte Lesezeit":"1\u00a0Minute"},"schema":{"@context":"https:\/\/schema.org","@graph":[{"@type":"WebPage","@id":"https:\/\/loftrunway.com\/de\/products\/jakob-ingebrigtsen-x-nike-zoomx-dragonfly-2-elite-sail-medium-ash\/","url":"https:\/\/loftrunway.com\/de\/products\/jakob-ingebrigtsen-x-nike-zoomx-dragonfly-2-elite-sail-medium-ash\/","name":"Jakob Ingebrigtsen x Nike ZoomX Dragonfly 2 Elite 'Sail Medium Ash' - Loftrunway","isPartOf":{"@id":"https:\/\/loftrunway.com\/de\/#website"},"primaryImageOfPage":{"@id":"https:\/\/loftrunway.com\/de\/products\/jakob-ingebrigtsen-x-nike-zoomx-dragonfly-2-elite-sail-medium-ash\/#primaryimage"},"image":{"@id":"https:\/\/loftrunway.com\/de\/products\/jakob-ingebrigtsen-x-nike-zoomx-dragonfly-2-elite-sail-medium-ash\/#primaryimage"},"thumbnailUrl":"https:\/\/images.novelship.com\/product\/jakob_ingebrigtsen_x_nike_zoomx_dragonfly_2_elite__0_15657.jpeg","datePublished":"2026-03-02T08:25:00+00:00","dateModified":"2026-04-02T07:48:03+00:00","breadcrumb":{"@id":"https:\/\/loftrunway.com\/de\/products\/jakob-ingebrigtsen-x-nike-zoomx-dragonfly-2-elite-sail-medium-ash\/#breadcrumb"},"inLanguage":"de","potentialAction":[{"@type":"ReadAction","target":["https:\/\/loftrunway.com\/de\/products\/jakob-ingebrigtsen-x-nike-zoomx-dragonfly-2-elite-sail-medium-ash\/"]}]},{"@type":"ImageObject","inLanguage":"de","@id":"https:\/\/loftrunway.com\/de\/products\/jakob-ingebrigtsen-x-nike-zoomx-dragonfly-2-elite-sail-medium-ash\/#primaryimage","url":"https:\/\/images.novelship.com\/product\/jakob_ingebrigtsen_x_nike_zoomx_dragonfly_2_elite__0_15657.jpeg","contentUrl":"https:\/\/images.novelship.com\/product\/jakob_ingebrigtsen_x_nike_zoomx_dragonfly_2_elite__0_15657.jpeg"},{"@type":"BreadcrumbList","@id":"https:\/\/loftrunway.com\/de\/products\/jakob-ingebrigtsen-x-nike-zoomx-dragonfly-2-elite-sail-medium-ash\/#breadcrumb","itemListElement":[{"@type":"ListItem","position":1,"name":"Home","item":"https:\/\/loftrunway.com\/de\/"},{"@type":"ListItem","position":2,"name":"Shop","item":"https:\/\/loftrunway.com\/de\/shop\/"},{"@type":"ListItem","position":3,"name":"Jakob Ingebrigtsen x Nike ZoomX Dragonfly 2 Elite &#8218;Sail Medium Ash&#8216;"}]},{"@type":"WebSite","@id":"https:\/\/loftrunway.com\/de\/#website","url":"https:\/\/loftrunway.com\/de\/","name":"Styloral Jewelry Shop","description":"Der Ort, an dem man alle Arten von Sneakern findet","publisher":{"@id":"https:\/\/loftrunway.com\/de\/#organization"},"potentialAction":[{"@type":"SearchAction","target":{"@type":"EntryPoint","urlTemplate":"https:\/\/loftrunway.com\/de\/?s={search_term_string}"},"query-input":{"@type":"PropertyValueSpecification","valueRequired":true,"valueName":"search_term_string"}}],"inLanguage":"de"},{"@type":"Organization","@id":"https:\/\/loftrunway.com\/de\/#organization","name":"STYLORAL PTE. LTD","url":"https:\/\/loftrunway.com\/de\/","logo":{"@type":"ImageObject","inLanguage":"de","@id":"https:\/\/loftrunway.com\/de\/#\/schema\/logo\/image\/","url":"https:\/\/www.loftrunway.com\/wp-content\/uploads\/2025\/12\/logo.png","contentUrl":"https:\/\/www.loftrunway.com\/wp-content\/uploads\/2025\/12\/logo.png","width":200,"height":65,"caption":"STYLORAL PTE. LTD"},"image":{"@id":"https:\/\/loftrunway.com\/de\/#\/schema\/logo\/image\/"}}]}},"_links":{"self":[{"href":"https:\/\/loftrunway.com\/de\/wp-json\/wp\/v2\/product\/85301","targetHints":{"allow":["GET"]}}],"collection":[{"href":"https:\/\/loftrunway.com\/de\/wp-json\/wp\/v2\/product"}],"about":[{"href":"https:\/\/loftrunway.com\/de\/wp-json\/wp\/v2\/types\/product"}],"replies":[{"embeddable":true,"href":"https:\/\/loftrunway.com\/de\/wp-json\/wp\/v2\/comments?post=85301"}],"wp:featuredmedia":[{"embeddable":true,"href":"https:\/\/loftrunway.com\/de\/wp-json\/wp\/v2\/media\/85302"}],"wp:attachment":[{"href":"https:\/\/loftrunway.com\/de\/wp-json\/wp\/v2\/media?parent=85301"}],"wp:term":[{"taxonomy":"product_brand","embeddable":true,"href":"https:\/\/loftrunway.com\/de\/wp-json\/wp\/v2\/product_brand?post=85301"},{"taxonomy":"product_cat","embeddable":true,"href":"https:\/\/loftrunway.com\/de\/wp-json\/wp\/v2\/product_cat?post=85301"},{"taxonomy":"product_tag","embeddable":true,"href":"https:\/\/loftrunway.com\/de\/wp-json\/wp\/v2\/product_tag?post=85301"}],"curies":[{"name":"wp","href":"https:\/\/api.w.org\/{rel}","templated":true}]}}