{"id":91487,"date":"2026-03-02T15:26:17","date_gmt":"2026-03-02T08:26:17","guid":{"rendered":"http:\/\/loftrunway.com\/product\/asics-court-ff-3-novak-white-asics-blue"},"modified":"2026-04-02T14:48:30","modified_gmt":"2026-04-02T07:48:30","slug":"asics-court-ff-3-novak-white-asics-blue","status":"publish","type":"product","link":"https:\/\/loftrunway.com\/de\/products\/asics-court-ff-3-novak-white-asics-blue\/","title":{"rendered":"ASICS Court Ff 3 Novak &#8218;White Asics Blue&#8216;"},"content":{"rendered":"<p>Verbessere dein Spiel mit dem ASICS Court FF 3 Novak \u201eWhite Asics Blue\u201c, der f\u00fcr H\u00f6chstleistungen entwickelt und von Tennislegende Novak Djokovic inspiriert wurde. Dieser Premium-Tennisschuh bietet optimalen Komfort und Langlebigkeit. Seine schlanke Silhouette kombiniert eine leichte Konstruktion mit fortschrittlicher GEL-D\u00e4mpfung f\u00fcr un\u00fcbertroffene Sto\u00dfd\u00e4mpfung. Das Mono-Sock-Passformsystem sorgt f\u00fcr sicheren Halt, w\u00e4hrend die innovative FlyteFoam-Mittelsohle bei jedem Schritt reaktionsschnelle Energier\u00fcckgabe bietet. Das Trusstic-System und der PGuard-Zehenschutz bieten zus\u00e4tzliche Stabilit\u00e4t bei dynamischen Bewegungen und machen den Schuh perfekt f\u00fcr Spieler, die Pr\u00e4zision und Agilit\u00e4t auf dem Platz fordern. Die markante wei\u00df-blaue Optik setzt nicht nur ein Statement, sondern passt auch perfekt zu jedem sportlichen Outfit. Ob Wettkampf oder intensives Training \u201d\u201c der ASICS Court FF 3 Novak bietet unvergleichliche Unterst\u00fctzung und Leistung, damit du dein volles Potenzial aussch\u00f6pfen kannst. Diese Schuhe wurden f\u00fcr internationale Athleten entwickelt, die an ihre Grenzen gehen. Sie vereinen modernste Technologie mit elegantem Design f\u00fcr ein \u00fcberragendes Spielerlebnis.<\/p>\n<ul>\n<li><strong>Farbgebung:<\/strong> Wei\u00df\/Asics Blau<\/li>\n<li><strong>Artikelnummer:<\/strong> 1041A480-100<\/li>\n<li><strong>Obermaterial:<\/strong> Mono-Sock<\/li>\n<li><strong>Zwischensohle:<\/strong> FlyteFoam<\/li>\n<li><strong>Farbe:<\/strong> Wei\u00df<\/li>\n<\/ul>\n","protected":false},"excerpt":{"rendered":"<p>ASICS Gel-Quantum 360 VIII Utility \u201d\u201d White\/Asics Blue<\/p>\n","protected":false},"featured_media":91488,"comment_status":"open","ping_status":"closed","template":"","meta":[],"product_brand":[],"product_cat":[10792,41273],"product_tag":[10791,10751,10753,10802,11082],"class_list":{"0":"post-91487","1":"product","2":"type-product","3":"status-publish","4":"has-post-thumbnail","6":"product_cat-asics","7":"product_cat-remove","8":"product_tag-asics","9":"product_tag-best-seller","10":"product_tag-gift-for-him","11":"product_tag-performance-sport-shoes","12":"product_tag-tennis-shoes","13":"wcpa_has_options","15":"first","16":"instock","17":"taxable","18":"shipping-taxable","19":"purchasable","20":"product-type-simple"},"wcpa_form_fields":{"rules":{"pric_overide_base_price":false,"pric_overide_base_price_if_gt_zero":false,"pric_overide_base_price_fully":false,"pric_cal_option_once":false,"pric_use_as_fee":false,"bind_quantity":false,"quantity_bind_formula":false},"fields":[{"type":"color-group","required":true,"elementId":"wcpa-color-group-69a5ab08ee12d","label":"Gr\u00f6\u00dfe","inline":true,"priceOptions":"different_for_all","pricingType":"fixed","className":"hassizechart product-shoes-size-eu product-shoes-size","name":"color-group-69a5ab08ee136","disp_type":"square","selection_type":"tick-border","disp_size":"50","show_label_inside":true,"adjust_width":true,"cart_display_type":"text","other_text":"Other","cl_rule":"show","col":6,"values":[{"label":"36","value":"EU 36","price":"","pimage":"","pimage_id":"","pthumb":"","color":"","selected":true},{"label":"37","value":"EU 37","price":"","pimage":"","pimage_id":"","pthumb":"","color":""},{"label":"37.5","value":"EU 37.5","price":"","pimage":"","pimage_id":"","pthumb":"","color":""},{"label":"38","value":"EU 38","price":"","pimage":"","pimage_id":"","pthumb":"","color":""},{"label":"38.5","value":"EU 38.5","price":"","pimage":"","pimage_id":"","pthumb":"","color":""},{"label":"39","value":"EU 39","price":"","pimage":"","pimage_id":"","pthumb":"","color":""},{"label":"39.5","value":"EU 39.5","price":"","pimage":"","pimage_id":"","pthumb":"","color":""},{"label":"40","value":"EU 40","price":"","pimage":"","pimage_id":"","pthumb":"","color":""},{"label":"40.5","value":"EU 40.5","price":"","pimage":"","pimage_id":"","pthumb":"","color":""},{"label":" 41.5","value":"EU 41.5","price":"","pimage":"","pimage_id":"","pthumb":"","color":""},{"label":"42","value":"EU 42","price":"","pimage":"","pimage_id":"","pthumb":"","color":""},{"label":"42.5","value":"EU 42.5","price":"","pimage":"","pimage_id":"","pthumb":"","color":""},{"label":"43.5","value":"EU 43.5","price":"","pimage":"","pimage_id":"","pthumb":"","color":""},{"label":"44","value":"EU 44","price":"","pimage":"","pimage_id":"","pthumb":"","color":""},{"label":"44.5","value":"EU 44.5","price":"","pimage":"","pimage_id":"","pthumb":"","color":""},{"label":"45","value":"EU 45","price":"","pimage":"","pimage_id":"","pthumb":"","color":""}],"relations":[{"operator":false,"rules":[]}],"form_id":184311,"form_rules":{"pric_cal_option_once":false,"exclude_from_discount":false,"pric_use_as_fee":false,"fee_label":"Fee","render_after_acb":false,"disp_hide_options_price":false}}]},"yoast_head":"<!-- This site is optimized with the Yoast SEO plugin v26.5 - https:\/\/yoast.com\/wordpress\/plugins\/seo\/ -->\n<title>ASICS Court Ff 3 Novak &#039;White Asics Blue&#039;  - Loftrunway<\/title>\n<meta name=\"robots\" content=\"index, follow, max-snippet:-1, max-image-preview:large, max-video-preview:-1\" \/>\n<link rel=\"canonical\" href=\"https:\/\/loftrunway.com\/de\/products\/asics-court-ff-3-novak-white-asics-blue\/\" \/>\n<meta property=\"og:locale\" content=\"de_DE\" \/>\n<meta property=\"og:type\" content=\"article\" \/>\n<meta property=\"og:title\" content=\"ASICS Court Ff 3 Novak &#039;White Asics Blue&#039;  - Loftrunway\" \/>\n<meta property=\"og:description\" content=\"ASICS Gel-Quantum 360 VIII Utility \u201d\u201d White\/Asics Blue\" \/>\n<meta property=\"og:url\" content=\"https:\/\/loftrunway.com\/de\/products\/asics-court-ff-3-novak-white-asics-blue\/\" \/>\n<meta property=\"og:site_name\" content=\"loftRUN Sneaker Store\" \/>\n<meta property=\"article:modified_time\" content=\"2026-04-02T07:48:30+00:00\" \/>\n<meta name=\"twitter:card\" content=\"summary_large_image\" \/>\n<meta name=\"twitter:image\" content=\"https:\/\/images.novelship.com\/product\/asics_court_ff_3_novak__white_asics_blue__1041a480_0_18505.jpeg\" \/>\n<meta name=\"twitter:label1\" content=\"Gesch\u00e4tzte Lesezeit\" \/>\n\t<meta name=\"twitter:data1\" content=\"1\u00a0Minute\" \/>\n<script type=\"application\/ld+json\" class=\"yoast-schema-graph\">{\"@context\":\"https:\/\/schema.org\",\"@graph\":[{\"@type\":\"WebPage\",\"@id\":\"https:\/\/loftrunway.com\/de\/products\/asics-court-ff-3-novak-white-asics-blue\/\",\"url\":\"https:\/\/loftrunway.com\/de\/products\/asics-court-ff-3-novak-white-asics-blue\/\",\"name\":\"ASICS Court Ff 3 Novak 'White Asics Blue' - Loftrunway\",\"isPartOf\":{\"@id\":\"https:\/\/loftrunway.com\/de\/#website\"},\"primaryImageOfPage\":{\"@id\":\"https:\/\/loftrunway.com\/de\/products\/asics-court-ff-3-novak-white-asics-blue\/#primaryimage\"},\"image\":{\"@id\":\"https:\/\/loftrunway.com\/de\/products\/asics-court-ff-3-novak-white-asics-blue\/#primaryimage\"},\"thumbnailUrl\":\"https:\/\/images.novelship.com\/product\/asics_court_ff_3_novak__white_asics_blue__1041a480_0_18505.jpeg\",\"datePublished\":\"2026-03-02T08:26:17+00:00\",\"dateModified\":\"2026-04-02T07:48:30+00:00\",\"breadcrumb\":{\"@id\":\"https:\/\/loftrunway.com\/de\/products\/asics-court-ff-3-novak-white-asics-blue\/#breadcrumb\"},\"inLanguage\":\"de\",\"potentialAction\":[{\"@type\":\"ReadAction\",\"target\":[\"https:\/\/loftrunway.com\/de\/products\/asics-court-ff-3-novak-white-asics-blue\/\"]}]},{\"@type\":\"ImageObject\",\"inLanguage\":\"de\",\"@id\":\"https:\/\/loftrunway.com\/de\/products\/asics-court-ff-3-novak-white-asics-blue\/#primaryimage\",\"url\":\"https:\/\/images.novelship.com\/product\/asics_court_ff_3_novak__white_asics_blue__1041a480_0_18505.jpeg\",\"contentUrl\":\"https:\/\/images.novelship.com\/product\/asics_court_ff_3_novak__white_asics_blue__1041a480_0_18505.jpeg\"},{\"@type\":\"BreadcrumbList\",\"@id\":\"https:\/\/loftrunway.com\/de\/products\/asics-court-ff-3-novak-white-asics-blue\/#breadcrumb\",\"itemListElement\":[{\"@type\":\"ListItem\",\"position\":1,\"name\":\"Home\",\"item\":\"https:\/\/loftrunway.com\/de\/\"},{\"@type\":\"ListItem\",\"position\":2,\"name\":\"Shop\",\"item\":\"https:\/\/loftrunway.com\/de\/shop\/\"},{\"@type\":\"ListItem\",\"position\":3,\"name\":\"ASICS Court Ff 3 Novak &#8218;White Asics Blue&#8216;\"}]},{\"@type\":\"WebSite\",\"@id\":\"https:\/\/loftrunway.com\/de\/#website\",\"url\":\"https:\/\/loftrunway.com\/de\/\",\"name\":\"Styloral Jewelry Shop\",\"description\":\"Der Ort, an dem man alle Arten von Sneakern findet\",\"publisher\":{\"@id\":\"https:\/\/loftrunway.com\/de\/#organization\"},\"potentialAction\":[{\"@type\":\"SearchAction\",\"target\":{\"@type\":\"EntryPoint\",\"urlTemplate\":\"https:\/\/loftrunway.com\/de\/?s={search_term_string}\"},\"query-input\":{\"@type\":\"PropertyValueSpecification\",\"valueRequired\":true,\"valueName\":\"search_term_string\"}}],\"inLanguage\":\"de\"},{\"@type\":\"Organization\",\"@id\":\"https:\/\/loftrunway.com\/de\/#organization\",\"name\":\"STYLORAL PTE. LTD\",\"url\":\"https:\/\/loftrunway.com\/de\/\",\"logo\":{\"@type\":\"ImageObject\",\"inLanguage\":\"de\",\"@id\":\"https:\/\/loftrunway.com\/de\/#\/schema\/logo\/image\/\",\"url\":\"https:\/\/www.loftrunway.com\/wp-content\/uploads\/2025\/12\/logo.png\",\"contentUrl\":\"https:\/\/www.loftrunway.com\/wp-content\/uploads\/2025\/12\/logo.png\",\"width\":200,\"height\":65,\"caption\":\"STYLORAL PTE. LTD\"},\"image\":{\"@id\":\"https:\/\/loftrunway.com\/de\/#\/schema\/logo\/image\/\"}}]}<\/script>\n<!-- \/ Yoast SEO plugin. -->","yoast_head_json":{"title":"ASICS Court Ff 3 Novak 'White Asics Blue'  - Loftrunway","robots":{"index":"index","follow":"follow","max-snippet":"max-snippet:-1","max-image-preview":"max-image-preview:large","max-video-preview":"max-video-preview:-1"},"canonical":"https:\/\/loftrunway.com\/de\/products\/asics-court-ff-3-novak-white-asics-blue\/","og_locale":"de_DE","og_type":"article","og_title":"ASICS Court Ff 3 Novak 'White Asics Blue'  - Loftrunway","og_description":"ASICS Gel-Quantum 360 VIII Utility \u201d\u201d White\/Asics Blue","og_url":"https:\/\/loftrunway.com\/de\/products\/asics-court-ff-3-novak-white-asics-blue\/","og_site_name":"loftRUN Sneaker Store","article_modified_time":"2026-04-02T07:48:30+00:00","twitter_card":"summary_large_image","twitter_image":"https:\/\/images.novelship.com\/product\/asics_court_ff_3_novak__white_asics_blue__1041a480_0_18505.jpeg","twitter_misc":{"Gesch\u00e4tzte Lesezeit":"1\u00a0Minute"},"schema":{"@context":"https:\/\/schema.org","@graph":[{"@type":"WebPage","@id":"https:\/\/loftrunway.com\/de\/products\/asics-court-ff-3-novak-white-asics-blue\/","url":"https:\/\/loftrunway.com\/de\/products\/asics-court-ff-3-novak-white-asics-blue\/","name":"ASICS Court Ff 3 Novak 'White Asics Blue' - Loftrunway","isPartOf":{"@id":"https:\/\/loftrunway.com\/de\/#website"},"primaryImageOfPage":{"@id":"https:\/\/loftrunway.com\/de\/products\/asics-court-ff-3-novak-white-asics-blue\/#primaryimage"},"image":{"@id":"https:\/\/loftrunway.com\/de\/products\/asics-court-ff-3-novak-white-asics-blue\/#primaryimage"},"thumbnailUrl":"https:\/\/images.novelship.com\/product\/asics_court_ff_3_novak__white_asics_blue__1041a480_0_18505.jpeg","datePublished":"2026-03-02T08:26:17+00:00","dateModified":"2026-04-02T07:48:30+00:00","breadcrumb":{"@id":"https:\/\/loftrunway.com\/de\/products\/asics-court-ff-3-novak-white-asics-blue\/#breadcrumb"},"inLanguage":"de","potentialAction":[{"@type":"ReadAction","target":["https:\/\/loftrunway.com\/de\/products\/asics-court-ff-3-novak-white-asics-blue\/"]}]},{"@type":"ImageObject","inLanguage":"de","@id":"https:\/\/loftrunway.com\/de\/products\/asics-court-ff-3-novak-white-asics-blue\/#primaryimage","url":"https:\/\/images.novelship.com\/product\/asics_court_ff_3_novak__white_asics_blue__1041a480_0_18505.jpeg","contentUrl":"https:\/\/images.novelship.com\/product\/asics_court_ff_3_novak__white_asics_blue__1041a480_0_18505.jpeg"},{"@type":"BreadcrumbList","@id":"https:\/\/loftrunway.com\/de\/products\/asics-court-ff-3-novak-white-asics-blue\/#breadcrumb","itemListElement":[{"@type":"ListItem","position":1,"name":"Home","item":"https:\/\/loftrunway.com\/de\/"},{"@type":"ListItem","position":2,"name":"Shop","item":"https:\/\/loftrunway.com\/de\/shop\/"},{"@type":"ListItem","position":3,"name":"ASICS Court Ff 3 Novak &#8218;White Asics Blue&#8216;"}]},{"@type":"WebSite","@id":"https:\/\/loftrunway.com\/de\/#website","url":"https:\/\/loftrunway.com\/de\/","name":"Styloral Jewelry Shop","description":"Der Ort, an dem man alle Arten von Sneakern findet","publisher":{"@id":"https:\/\/loftrunway.com\/de\/#organization"},"potentialAction":[{"@type":"SearchAction","target":{"@type":"EntryPoint","urlTemplate":"https:\/\/loftrunway.com\/de\/?s={search_term_string}"},"query-input":{"@type":"PropertyValueSpecification","valueRequired":true,"valueName":"search_term_string"}}],"inLanguage":"de"},{"@type":"Organization","@id":"https:\/\/loftrunway.com\/de\/#organization","name":"STYLORAL PTE. LTD","url":"https:\/\/loftrunway.com\/de\/","logo":{"@type":"ImageObject","inLanguage":"de","@id":"https:\/\/loftrunway.com\/de\/#\/schema\/logo\/image\/","url":"https:\/\/www.loftrunway.com\/wp-content\/uploads\/2025\/12\/logo.png","contentUrl":"https:\/\/www.loftrunway.com\/wp-content\/uploads\/2025\/12\/logo.png","width":200,"height":65,"caption":"STYLORAL PTE. LTD"},"image":{"@id":"https:\/\/loftrunway.com\/de\/#\/schema\/logo\/image\/"}}]}},"_links":{"self":[{"href":"https:\/\/loftrunway.com\/de\/wp-json\/wp\/v2\/product\/91487","targetHints":{"allow":["GET"]}}],"collection":[{"href":"https:\/\/loftrunway.com\/de\/wp-json\/wp\/v2\/product"}],"about":[{"href":"https:\/\/loftrunway.com\/de\/wp-json\/wp\/v2\/types\/product"}],"replies":[{"embeddable":true,"href":"https:\/\/loftrunway.com\/de\/wp-json\/wp\/v2\/comments?post=91487"}],"wp:featuredmedia":[{"embeddable":true,"href":"https:\/\/loftrunway.com\/de\/wp-json\/wp\/v2\/media\/91488"}],"wp:attachment":[{"href":"https:\/\/loftrunway.com\/de\/wp-json\/wp\/v2\/media?parent=91487"}],"wp:term":[{"taxonomy":"product_brand","embeddable":true,"href":"https:\/\/loftrunway.com\/de\/wp-json\/wp\/v2\/product_brand?post=91487"},{"taxonomy":"product_cat","embeddable":true,"href":"https:\/\/loftrunway.com\/de\/wp-json\/wp\/v2\/product_cat?post=91487"},{"taxonomy":"product_tag","embeddable":true,"href":"https:\/\/loftrunway.com\/de\/wp-json\/wp\/v2\/product_tag?post=91487"}],"curies":[{"name":"wp","href":"https:\/\/api.w.org\/{rel}","templated":true}]}}