{"id":9215,"date":"2026-02-20T14:39:51","date_gmt":"2026-02-20T07:39:51","guid":{"rendered":"http:\/\/loftrunway.com\/product\/eastside-golf-x-jordan-adg-4-1961-fj0850-001"},"modified":"2026-03-02T15:26:04","modified_gmt":"2026-03-02T08:26:04","slug":"eastside-golf-x-jordan-adg-4-1961-fj0850-001","status":"publish","type":"product","link":"https:\/\/loftrunway.com\/de\/products\/eastside-golf-x-jordan-adg-4-1961-fj0850-001\/","title":{"rendered":"Eastside Golf x Jordan ADG 4 &#8218;1961&#8216;"},"content":{"rendered":"<p>Erleben Sie mit dem Eastside Golf x Air Jordan ADG 4 &#8218;1961&#8216; den Inbegriff von Stil und Performance. Diese limitierte Edition vereint die ikonische \u00c4sthetik des originalen Air Jordan 1 mit der fortschrittlichen Technologie moderner Golfschuhe. Dank des hochwertigen Leder-Obermaterials und der reaktionsfreudigen D\u00e4mpfung bieten sie Komfort und Pr\u00e4zision auf dem Golfplatz. Die markante Farbgebung und das dezente Branding sind eine Hommage an die Wurzeln von Eastside Golf und machen diese Schuhe zu einem Must-have f\u00fcr anspruchsvolle Golfer, die Wert auf Mode und Funktionalit\u00e4t legen. Verbessere dein Spiel mit dem Eastside Golf x Air Jordan ADG 4 &#8218;1961&#8216; FJ0850-001.<\/p>\n<ul>\n<li><strong>Farbgebung:<\/strong> Schwarz\/Malachit\/Metallic-Gold<\/li>\n<li><strong>Style-Code:<\/strong> FJ0850-001<\/li>\n<li><strong>Obermaterial:<\/strong> Nubukleder<\/li>\n<li><strong>Mittelsohle:<\/strong> React<\/li>\n<li><strong>Farbe:<\/strong> Schwarz<\/li>\n<li><strong>Saison:<\/strong> Herbst<\/li>\n<li><strong>Erscheinungsjahr:<\/strong> 2023<\/li>\n<\/ul>\n","protected":false},"excerpt":{"rendered":"<p>Jordan Eastside Golf x Air Jordan ADG 4 \u2014 Black\/Malachite\/Metallic Gold<\/p>\n","protected":false},"featured_media":9216,"comment_status":"open","ping_status":"closed","template":"","meta":[],"product_brand":[],"product_cat":[218],"product_tag":[],"class_list":{"0":"post-9215","1":"product","2":"type-product","3":"status-publish","4":"has-post-thumbnail","6":"product_cat-air-jordan-2026","7":"wcpa_has_options","9":"first","10":"instock","11":"taxable","12":"shipping-taxable","13":"purchasable","14":"product-type-simple"},"wcpa_form_fields":{"rules":{"pric_overide_base_price":false,"pric_overide_base_price_if_gt_zero":false,"pric_overide_base_price_fully":false,"pric_cal_option_once":false,"pric_use_as_fee":false,"bind_quantity":false,"quantity_bind_formula":false},"fields":[{"type":"color-group","required":true,"elementId":"wcpa-color-group-66c4a75505e74","label":"Gr\u00f6\u00dfe - EU Gr\u00f6\u00dfe","inline":true,"priceOptions":"different_for_all","pricingType":"fixed","className":"hassizechart product-shoes-size-eu product-shoes-size","name":"color-group-66c4a75505e89","disp_type":"square","selection_type":"tick-border","disp_size":"44","show_label_inside":true,"adjust_width":true,"cart_display_type":"text","other_text":"Other","cl_rule":"show","col":6,"values":[{"label":"35.5","value":"EU 35.5","price":"","pimage":"","pimage_id":"","pthumb":"","color":""},{"label":"36","value":"EU 36","price":"","pimage":"","pimage_id":"","pthumb":"","color":"","selected":true},{"label":"36.5","value":"EU 36.5","price":"","pimage":"","pimage_id":"","pthumb":"","color":""},{"label":"37.5","value":"EU 37.5","price":"","pimage":"","pimage_id":"","pthumb":"","color":""},{"label":"38","value":"EU 38","price":"","pimage":"","pimage_id":"","pthumb":"","color":""},{"label":"38.5","value":"EU 38.5","price":"","pimage":"","pimage_id":"","pthumb":"","color":""},{"label":"39","value":"EU 39","price":"","pimage":"","pimage_id":"","pthumb":"","color":""},{"label":"40","value":"EU 40","price":"","pimage":"","pimage_id":"","pthumb":"","color":""},{"label":"40.5","value":"EU 40.5","price":"","pimage":"","pimage_id":"","pthumb":"","color":""},{"label":"41","value":"EU 41","price":"","pimage":"","pimage_id":"","pthumb":"","color":""},{"label":"42","value":"EU 42","price":"","pimage":"","pimage_id":"","pthumb":"","color":""},{"label":"42.5","value":"EU 42.5","price":"","pimage":"","pimage_id":"","pthumb":"","color":""},{"label":"43","value":"EU 43","price":"","pimage":"","pimage_id":"","pthumb":"","color":""},{"label":"44","value":"EU 44","price":"","pimage":"","pimage_id":"","pthumb":"","color":""},{"label":"44.5","value":"EU 44.5","price":"","pimage":"","pimage_id":"","pthumb":"","color":""},{"label":"45","value":"EU 45","price":"","pimage":"","pimage_id":"","pthumb":"","color":""},{"label":"45.5","value":"EU 45.5","price":"","pimage":"","pimage_id":"","pthumb":"","color":""},{"label":"46","value":"EU 46","price":"","pimage":"","pimage_id":"","pthumb":"","color":""},{"label":"47","value":"EU 47","price":"","pimage":"","pimage_id":"","pthumb":"","color":""},{"label":"47.5","value":"EU 47.5","price":"","pimage":"","pimage_id":"","pthumb":"","color":""},{"label":"48","value":"EU 48","price":"","pimage":"","pimage_id":"","pthumb":"","color":""}],"relations":[{"operator":false,"rules":[]}],"form_id":18106,"form_rules":{"pric_cal_option_once":false,"exclude_from_discount":false,"pric_use_as_fee":false,"fee_label":"Fee","render_after_acb":false,"disp_hide_options_price":false}}]},"yoast_head":"<!-- This site is optimized with the Yoast SEO plugin v26.5 - https:\/\/yoast.com\/wordpress\/plugins\/seo\/ -->\n<title>Eastside Golf x Jordan ADG 4 &#039;1961&#039; - Loftrunway<\/title>\n<meta name=\"robots\" content=\"index, follow, max-snippet:-1, max-image-preview:large, max-video-preview:-1\" \/>\n<link rel=\"canonical\" href=\"https:\/\/loftrunway.com\/de\/products\/eastside-golf-x-jordan-adg-4-1961-fj0850-001\/\" \/>\n<meta property=\"og:locale\" content=\"de_DE\" \/>\n<meta property=\"og:type\" content=\"article\" \/>\n<meta property=\"og:title\" content=\"Eastside Golf x Jordan ADG 4 &#039;1961&#039; - Loftrunway\" \/>\n<meta property=\"og:description\" content=\"Jordan Eastside Golf x Air Jordan ADG 4 \u2014 Black\/Malachite\/Metallic Gold\" \/>\n<meta property=\"og:url\" content=\"https:\/\/loftrunway.com\/de\/products\/eastside-golf-x-jordan-adg-4-1961-fj0850-001\/\" \/>\n<meta property=\"og:site_name\" content=\"loftRUN Sneaker Store\" \/>\n<meta property=\"article:modified_time\" content=\"2026-03-02T08:26:04+00:00\" \/>\n<meta name=\"twitter:card\" content=\"summary_large_image\" \/>\n<meta name=\"twitter:image\" content=\"https:\/\/images.novelship.com\/product\/eastside_golf_x_air_jordan_adg_4__1961__fj0850_001_0_7406.octet-stream\" \/>\n<meta name=\"twitter:label1\" content=\"Gesch\u00e4tzte Lesezeit\" \/>\n\t<meta name=\"twitter:data1\" content=\"1\u00a0Minute\" \/>\n<script type=\"application\/ld+json\" class=\"yoast-schema-graph\">{\"@context\":\"https:\/\/schema.org\",\"@graph\":[{\"@type\":\"WebPage\",\"@id\":\"https:\/\/loftrunway.com\/de\/products\/eastside-golf-x-jordan-adg-4-1961-fj0850-001\/\",\"url\":\"https:\/\/loftrunway.com\/de\/products\/eastside-golf-x-jordan-adg-4-1961-fj0850-001\/\",\"name\":\"Eastside Golf x Jordan ADG 4 '1961' - Loftrunway\",\"isPartOf\":{\"@id\":\"https:\/\/loftrunway.com\/de\/#website\"},\"primaryImageOfPage\":{\"@id\":\"https:\/\/loftrunway.com\/de\/products\/eastside-golf-x-jordan-adg-4-1961-fj0850-001\/#primaryimage\"},\"image\":{\"@id\":\"https:\/\/loftrunway.com\/de\/products\/eastside-golf-x-jordan-adg-4-1961-fj0850-001\/#primaryimage\"},\"thumbnailUrl\":\"https:\/\/images.novelship.com\/product\/eastside_golf_x_air_jordan_adg_4__1961__fj0850_001_0_7406.octet-stream\",\"datePublished\":\"2026-02-20T07:39:51+00:00\",\"dateModified\":\"2026-03-02T08:26:04+00:00\",\"breadcrumb\":{\"@id\":\"https:\/\/loftrunway.com\/de\/products\/eastside-golf-x-jordan-adg-4-1961-fj0850-001\/#breadcrumb\"},\"inLanguage\":\"de\",\"potentialAction\":[{\"@type\":\"ReadAction\",\"target\":[\"https:\/\/loftrunway.com\/de\/products\/eastside-golf-x-jordan-adg-4-1961-fj0850-001\/\"]}]},{\"@type\":\"ImageObject\",\"inLanguage\":\"de\",\"@id\":\"https:\/\/loftrunway.com\/de\/products\/eastside-golf-x-jordan-adg-4-1961-fj0850-001\/#primaryimage\",\"url\":\"https:\/\/images.novelship.com\/product\/eastside_golf_x_air_jordan_adg_4__1961__fj0850_001_0_7406.octet-stream\",\"contentUrl\":\"https:\/\/images.novelship.com\/product\/eastside_golf_x_air_jordan_adg_4__1961__fj0850_001_0_7406.octet-stream\"},{\"@type\":\"BreadcrumbList\",\"@id\":\"https:\/\/loftrunway.com\/de\/products\/eastside-golf-x-jordan-adg-4-1961-fj0850-001\/#breadcrumb\",\"itemListElement\":[{\"@type\":\"ListItem\",\"position\":1,\"name\":\"Home\",\"item\":\"https:\/\/loftrunway.com\/de\/\"},{\"@type\":\"ListItem\",\"position\":2,\"name\":\"Shop\",\"item\":\"https:\/\/loftrunway.com\/de\/shop\/\"},{\"@type\":\"ListItem\",\"position\":3,\"name\":\"Eastside Golf x Jordan ADG 4 &#8218;1961&#8216;\"}]},{\"@type\":\"WebSite\",\"@id\":\"https:\/\/loftrunway.com\/de\/#website\",\"url\":\"https:\/\/loftrunway.com\/de\/\",\"name\":\"Styloral Jewelry Shop\",\"description\":\"Der Ort, an dem man alle Arten von Sneakern findet\",\"publisher\":{\"@id\":\"https:\/\/loftrunway.com\/de\/#organization\"},\"potentialAction\":[{\"@type\":\"SearchAction\",\"target\":{\"@type\":\"EntryPoint\",\"urlTemplate\":\"https:\/\/loftrunway.com\/de\/?s={search_term_string}\"},\"query-input\":{\"@type\":\"PropertyValueSpecification\",\"valueRequired\":true,\"valueName\":\"search_term_string\"}}],\"inLanguage\":\"de\"},{\"@type\":\"Organization\",\"@id\":\"https:\/\/loftrunway.com\/de\/#organization\",\"name\":\"STYLORAL PTE. LTD\",\"url\":\"https:\/\/loftrunway.com\/de\/\",\"logo\":{\"@type\":\"ImageObject\",\"inLanguage\":\"de\",\"@id\":\"https:\/\/loftrunway.com\/de\/#\/schema\/logo\/image\/\",\"url\":\"https:\/\/www.loftrunway.com\/wp-content\/uploads\/2025\/12\/logo.png\",\"contentUrl\":\"https:\/\/www.loftrunway.com\/wp-content\/uploads\/2025\/12\/logo.png\",\"width\":200,\"height\":65,\"caption\":\"STYLORAL PTE. LTD\"},\"image\":{\"@id\":\"https:\/\/loftrunway.com\/de\/#\/schema\/logo\/image\/\"}}]}<\/script>\n<!-- \/ Yoast SEO plugin. -->","yoast_head_json":{"title":"Eastside Golf x Jordan ADG 4 '1961' - Loftrunway","robots":{"index":"index","follow":"follow","max-snippet":"max-snippet:-1","max-image-preview":"max-image-preview:large","max-video-preview":"max-video-preview:-1"},"canonical":"https:\/\/loftrunway.com\/de\/products\/eastside-golf-x-jordan-adg-4-1961-fj0850-001\/","og_locale":"de_DE","og_type":"article","og_title":"Eastside Golf x Jordan ADG 4 '1961' - Loftrunway","og_description":"Jordan Eastside Golf x Air Jordan ADG 4 \u2014 Black\/Malachite\/Metallic Gold","og_url":"https:\/\/loftrunway.com\/de\/products\/eastside-golf-x-jordan-adg-4-1961-fj0850-001\/","og_site_name":"loftRUN Sneaker Store","article_modified_time":"2026-03-02T08:26:04+00:00","twitter_card":"summary_large_image","twitter_image":"https:\/\/images.novelship.com\/product\/eastside_golf_x_air_jordan_adg_4__1961__fj0850_001_0_7406.octet-stream","twitter_misc":{"Gesch\u00e4tzte Lesezeit":"1\u00a0Minute"},"schema":{"@context":"https:\/\/schema.org","@graph":[{"@type":"WebPage","@id":"https:\/\/loftrunway.com\/de\/products\/eastside-golf-x-jordan-adg-4-1961-fj0850-001\/","url":"https:\/\/loftrunway.com\/de\/products\/eastside-golf-x-jordan-adg-4-1961-fj0850-001\/","name":"Eastside Golf x Jordan ADG 4 '1961' - Loftrunway","isPartOf":{"@id":"https:\/\/loftrunway.com\/de\/#website"},"primaryImageOfPage":{"@id":"https:\/\/loftrunway.com\/de\/products\/eastside-golf-x-jordan-adg-4-1961-fj0850-001\/#primaryimage"},"image":{"@id":"https:\/\/loftrunway.com\/de\/products\/eastside-golf-x-jordan-adg-4-1961-fj0850-001\/#primaryimage"},"thumbnailUrl":"https:\/\/images.novelship.com\/product\/eastside_golf_x_air_jordan_adg_4__1961__fj0850_001_0_7406.octet-stream","datePublished":"2026-02-20T07:39:51+00:00","dateModified":"2026-03-02T08:26:04+00:00","breadcrumb":{"@id":"https:\/\/loftrunway.com\/de\/products\/eastside-golf-x-jordan-adg-4-1961-fj0850-001\/#breadcrumb"},"inLanguage":"de","potentialAction":[{"@type":"ReadAction","target":["https:\/\/loftrunway.com\/de\/products\/eastside-golf-x-jordan-adg-4-1961-fj0850-001\/"]}]},{"@type":"ImageObject","inLanguage":"de","@id":"https:\/\/loftrunway.com\/de\/products\/eastside-golf-x-jordan-adg-4-1961-fj0850-001\/#primaryimage","url":"https:\/\/images.novelship.com\/product\/eastside_golf_x_air_jordan_adg_4__1961__fj0850_001_0_7406.octet-stream","contentUrl":"https:\/\/images.novelship.com\/product\/eastside_golf_x_air_jordan_adg_4__1961__fj0850_001_0_7406.octet-stream"},{"@type":"BreadcrumbList","@id":"https:\/\/loftrunway.com\/de\/products\/eastside-golf-x-jordan-adg-4-1961-fj0850-001\/#breadcrumb","itemListElement":[{"@type":"ListItem","position":1,"name":"Home","item":"https:\/\/loftrunway.com\/de\/"},{"@type":"ListItem","position":2,"name":"Shop","item":"https:\/\/loftrunway.com\/de\/shop\/"},{"@type":"ListItem","position":3,"name":"Eastside Golf x Jordan ADG 4 &#8218;1961&#8216;"}]},{"@type":"WebSite","@id":"https:\/\/loftrunway.com\/de\/#website","url":"https:\/\/loftrunway.com\/de\/","name":"Styloral Jewelry Shop","description":"Der Ort, an dem man alle Arten von Sneakern findet","publisher":{"@id":"https:\/\/loftrunway.com\/de\/#organization"},"potentialAction":[{"@type":"SearchAction","target":{"@type":"EntryPoint","urlTemplate":"https:\/\/loftrunway.com\/de\/?s={search_term_string}"},"query-input":{"@type":"PropertyValueSpecification","valueRequired":true,"valueName":"search_term_string"}}],"inLanguage":"de"},{"@type":"Organization","@id":"https:\/\/loftrunway.com\/de\/#organization","name":"STYLORAL PTE. LTD","url":"https:\/\/loftrunway.com\/de\/","logo":{"@type":"ImageObject","inLanguage":"de","@id":"https:\/\/loftrunway.com\/de\/#\/schema\/logo\/image\/","url":"https:\/\/www.loftrunway.com\/wp-content\/uploads\/2025\/12\/logo.png","contentUrl":"https:\/\/www.loftrunway.com\/wp-content\/uploads\/2025\/12\/logo.png","width":200,"height":65,"caption":"STYLORAL PTE. LTD"},"image":{"@id":"https:\/\/loftrunway.com\/de\/#\/schema\/logo\/image\/"}}]}},"_links":{"self":[{"href":"https:\/\/loftrunway.com\/de\/wp-json\/wp\/v2\/product\/9215","targetHints":{"allow":["GET"]}}],"collection":[{"href":"https:\/\/loftrunway.com\/de\/wp-json\/wp\/v2\/product"}],"about":[{"href":"https:\/\/loftrunway.com\/de\/wp-json\/wp\/v2\/types\/product"}],"replies":[{"embeddable":true,"href":"https:\/\/loftrunway.com\/de\/wp-json\/wp\/v2\/comments?post=9215"}],"wp:featuredmedia":[{"embeddable":true,"href":"https:\/\/loftrunway.com\/de\/wp-json\/wp\/v2\/media\/9216"}],"wp:attachment":[{"href":"https:\/\/loftrunway.com\/de\/wp-json\/wp\/v2\/media?parent=9215"}],"wp:term":[{"taxonomy":"product_brand","embeddable":true,"href":"https:\/\/loftrunway.com\/de\/wp-json\/wp\/v2\/product_brand?post=9215"},{"taxonomy":"product_cat","embeddable":true,"href":"https:\/\/loftrunway.com\/de\/wp-json\/wp\/v2\/product_cat?post=9215"},{"taxonomy":"product_tag","embeddable":true,"href":"https:\/\/loftrunway.com\/de\/wp-json\/wp\/v2\/product_tag?post=9215"}],"curies":[{"name":"wp","href":"https:\/\/api.w.org\/{rel}","templated":true}]}}