{"id":92861,"date":"2026-03-02T15:26:35","date_gmt":"2026-03-02T08:26:35","guid":{"rendered":"http:\/\/loftrunway.com\/product\/women-asics-gel-rocket-11-white-pure-silver"},"modified":"2026-04-02T14:48:39","modified_gmt":"2026-04-02T07:48:39","slug":"women-asics-gel-rocket-11-white-pure-silver","status":"publish","type":"product","link":"https:\/\/loftrunway.com\/de\/products\/women-asics-gel-rocket-11-white-pure-silver\/","title":{"rendered":"(Women) ASICS Gel Rocket 11 &#8218;White Pure Silver&#8216;"},"content":{"rendered":"<p>Dominiere das Spielfeld mit dem ASICS Gel Rocket 11 \u201eWhite Pure Silver\u201c. Dieser Volleyballschuh f\u00fcr Damen bietet au\u00dfergew\u00f6hnlichen Komfort und Halt dank GEL\u00c2\u00ae-Technologie und Trusstic System\u00c2\u00ae f\u00fcr optimale Stabilit\u00e4t. Das atmungsaktive Mesh-Obermaterial sorgt f\u00fcr ein angenehm k\u00fchles Fu\u00dfklima, w\u00e4hrend die strapazierf\u00e4hige Au\u00dfensohle zuverl\u00e4ssige Traktion f\u00fcr schnelle Richtungswechsel und explosive Spr\u00fcnge bietet. Verbessere dein Spiel mit dem stylischen und leistungsstarken Gel Rocket 11.<br \/>\n&#8230;<\/p>\n","protected":false},"excerpt":{"rendered":"<p>ASICS Gel Rocket 11 \u201d\u201d White\/Pure Silver<\/p>\n","protected":false},"featured_media":92862,"comment_status":"open","ping_status":"closed","template":"","meta":[],"product_brand":[],"product_cat":[11020,41273],"product_tag":[10791,10926,10911,10802,10758],"class_list":{"0":"post-92861","1":"product","2":"type-product","3":"status-publish","4":"has-post-thumbnail","6":"product_cat-asics-women","7":"product_cat-remove","8":"product_tag-asics","9":"product_tag-gift-for-her","10":"product_tag-indoor-court-shoes","11":"product_tag-performance-sport-shoes","12":"product_tag-under-retail","13":"wcpa_has_options","15":"first","16":"instock","17":"taxable","18":"shipping-taxable","19":"purchasable","20":"product-type-simple"},"wcpa_form_fields":{"rules":{"pric_overide_base_price":false,"pric_overide_base_price_if_gt_zero":false,"pric_overide_base_price_fully":false,"pric_cal_option_once":false,"pric_use_as_fee":false,"bind_quantity":false,"quantity_bind_formula":false},"fields":[{"type":"color-group","required":true,"elementId":"wcpa-color-group-69a5ac3f3e644","label":"Gr\u00f6\u00dfe","inline":true,"priceOptions":"different_for_all","pricingType":"fixed","className":"hassizechart product-shoes-size-eu product-shoes-size","name":"color-group-69a5ac3f3e64e","disp_type":"square","selection_type":"tick-border","disp_size":"50","show_label_inside":true,"adjust_width":true,"cart_display_type":"text","other_text":"Other","cl_rule":"show","col":6,"values":[{"label":"34.5","value":"EU 34.5","price":"","pimage":"","pimage_id":"","pthumb":"","color":""},{"label":"35","value":"EU 35","price":"","pimage":"","pimage_id":"","pthumb":"","color":""},{"label":"35.5","value":"EU 35.5","price":"","pimage":"","pimage_id":"","pthumb":"","color":""},{"label":"36","value":"EU 36","price":"","pimage":"","pimage_id":"","pthumb":"","color":"","selected":true},{"label":"37","value":"EU 37","price":"","pimage":"","pimage_id":"","pthumb":"","color":""},{"label":"37.5","value":"EU 37.5","price":"","pimage":"","pimage_id":"","pthumb":"","color":""},{"label":"38","value":"EU 38","price":"","pimage":"","pimage_id":"","pthumb":"","color":""},{"label":"38.5","value":"EU 38.5","price":"","pimage":"","pimage_id":"","pthumb":"","color":""},{"label":"39","value":"EU 39","price":"","pimage":"","pimage_id":"","pthumb":"","color":""},{"label":"39.5","value":"EU 39.5","price":"","pimage":"","pimage_id":"","pthumb":"","color":""},{"label":"40","value":"EU 40","price":"","pimage":"","pimage_id":"","pthumb":"","color":""},{"label":"40.5","value":"EU 40.5","price":"","pimage":"","pimage_id":"","pthumb":"","color":""},{"label":" 41.5","value":"EU 41.5","price":"","pimage":"","pimage_id":"","pthumb":"","color":""},{"label":"42","value":"EU 42","price":"","pimage":"","pimage_id":"","pthumb":"","color":""},{"label":"42.5","value":"EU 42.5","price":"","pimage":"","pimage_id":"","pthumb":"","color":""},{"label":"43.5","value":"EU 43.5","price":"","pimage":"","pimage_id":"","pthumb":"","color":""},{"label":"44","value":"EU 44","price":"","pimage":"","pimage_id":"","pthumb":"","color":""},{"label":"44.5","value":"EU 44.5","price":"","pimage":"","pimage_id":"","pthumb":"","color":""},{"label":"45","value":"EU 45","price":"","pimage":"","pimage_id":"","pthumb":"","color":""}],"relations":[{"operator":false,"rules":[]}],"form_id":184312,"form_rules":{"pric_cal_option_once":false,"exclude_from_discount":false,"pric_use_as_fee":false,"fee_label":"Fee","render_after_acb":false,"disp_hide_options_price":false}}]},"yoast_head":"<!-- This site is optimized with the Yoast SEO plugin v26.5 - https:\/\/yoast.com\/wordpress\/plugins\/seo\/ -->\n<title>(Women) ASICS Gel Rocket 11 &#039;White Pure Silver&#039;  - Loftrunway<\/title>\n<meta name=\"robots\" content=\"index, follow, max-snippet:-1, max-image-preview:large, max-video-preview:-1\" \/>\n<link rel=\"canonical\" href=\"https:\/\/loftrunway.com\/de\/products\/women-asics-gel-rocket-11-white-pure-silver\/\" \/>\n<meta property=\"og:locale\" content=\"de_DE\" \/>\n<meta property=\"og:type\" content=\"article\" \/>\n<meta property=\"og:title\" content=\"(Women) ASICS Gel Rocket 11 &#039;White Pure Silver&#039;  - Loftrunway\" \/>\n<meta property=\"og:description\" content=\"ASICS Gel Rocket 11 \u201d\u201d White\/Pure Silver\" \/>\n<meta property=\"og:url\" content=\"https:\/\/loftrunway.com\/de\/products\/women-asics-gel-rocket-11-white-pure-silver\/\" \/>\n<meta property=\"og:site_name\" content=\"loftRUN Sneaker Store\" \/>\n<meta property=\"article:modified_time\" content=\"2026-04-02T07:48:39+00:00\" \/>\n<meta name=\"twitter:card\" content=\"summary_large_image\" \/>\n<meta name=\"twitter:image\" content=\"https:\/\/images.novelship.com\/product\/_women__asics_gel_rocket_11__white_pure_silver___1_0_87587.jpeg\" \/>\n<script type=\"application\/ld+json\" class=\"yoast-schema-graph\">{\"@context\":\"https:\/\/schema.org\",\"@graph\":[{\"@type\":\"WebPage\",\"@id\":\"https:\/\/loftrunway.com\/de\/products\/women-asics-gel-rocket-11-white-pure-silver\/\",\"url\":\"https:\/\/loftrunway.com\/de\/products\/women-asics-gel-rocket-11-white-pure-silver\/\",\"name\":\"(Women) ASICS Gel Rocket 11 'White Pure Silver' - Loftrunway\",\"isPartOf\":{\"@id\":\"https:\/\/loftrunway.com\/de\/#website\"},\"primaryImageOfPage\":{\"@id\":\"https:\/\/loftrunway.com\/de\/products\/women-asics-gel-rocket-11-white-pure-silver\/#primaryimage\"},\"image\":{\"@id\":\"https:\/\/loftrunway.com\/de\/products\/women-asics-gel-rocket-11-white-pure-silver\/#primaryimage\"},\"thumbnailUrl\":\"https:\/\/images.novelship.com\/product\/_women__asics_gel_rocket_11__white_pure_silver___1_0_87587.jpeg\",\"datePublished\":\"2026-03-02T08:26:35+00:00\",\"dateModified\":\"2026-04-02T07:48:39+00:00\",\"breadcrumb\":{\"@id\":\"https:\/\/loftrunway.com\/de\/products\/women-asics-gel-rocket-11-white-pure-silver\/#breadcrumb\"},\"inLanguage\":\"de\",\"potentialAction\":[{\"@type\":\"ReadAction\",\"target\":[\"https:\/\/loftrunway.com\/de\/products\/women-asics-gel-rocket-11-white-pure-silver\/\"]}]},{\"@type\":\"ImageObject\",\"inLanguage\":\"de\",\"@id\":\"https:\/\/loftrunway.com\/de\/products\/women-asics-gel-rocket-11-white-pure-silver\/#primaryimage\",\"url\":\"https:\/\/images.novelship.com\/product\/_women__asics_gel_rocket_11__white_pure_silver___1_0_87587.jpeg\",\"contentUrl\":\"https:\/\/images.novelship.com\/product\/_women__asics_gel_rocket_11__white_pure_silver___1_0_87587.jpeg\"},{\"@type\":\"BreadcrumbList\",\"@id\":\"https:\/\/loftrunway.com\/de\/products\/women-asics-gel-rocket-11-white-pure-silver\/#breadcrumb\",\"itemListElement\":[{\"@type\":\"ListItem\",\"position\":1,\"name\":\"Home\",\"item\":\"https:\/\/loftrunway.com\/de\/\"},{\"@type\":\"ListItem\",\"position\":2,\"name\":\"Shop\",\"item\":\"https:\/\/loftrunway.com\/de\/shop\/\"},{\"@type\":\"ListItem\",\"position\":3,\"name\":\"(Women) ASICS Gel Rocket 11 &#8218;White Pure Silver&#8216;\"}]},{\"@type\":\"WebSite\",\"@id\":\"https:\/\/loftrunway.com\/de\/#website\",\"url\":\"https:\/\/loftrunway.com\/de\/\",\"name\":\"Styloral Jewelry Shop\",\"description\":\"Der Ort, an dem man alle Arten von Sneakern findet\",\"publisher\":{\"@id\":\"https:\/\/loftrunway.com\/de\/#organization\"},\"potentialAction\":[{\"@type\":\"SearchAction\",\"target\":{\"@type\":\"EntryPoint\",\"urlTemplate\":\"https:\/\/loftrunway.com\/de\/?s={search_term_string}\"},\"query-input\":{\"@type\":\"PropertyValueSpecification\",\"valueRequired\":true,\"valueName\":\"search_term_string\"}}],\"inLanguage\":\"de\"},{\"@type\":\"Organization\",\"@id\":\"https:\/\/loftrunway.com\/de\/#organization\",\"name\":\"STYLORAL PTE. LTD\",\"url\":\"https:\/\/loftrunway.com\/de\/\",\"logo\":{\"@type\":\"ImageObject\",\"inLanguage\":\"de\",\"@id\":\"https:\/\/loftrunway.com\/de\/#\/schema\/logo\/image\/\",\"url\":\"https:\/\/www.loftrunway.com\/wp-content\/uploads\/2025\/12\/logo.png\",\"contentUrl\":\"https:\/\/www.loftrunway.com\/wp-content\/uploads\/2025\/12\/logo.png\",\"width\":200,\"height\":65,\"caption\":\"STYLORAL PTE. LTD\"},\"image\":{\"@id\":\"https:\/\/loftrunway.com\/de\/#\/schema\/logo\/image\/\"}}]}<\/script>\n<!-- \/ Yoast SEO plugin. -->","yoast_head_json":{"title":"(Women) ASICS Gel Rocket 11 'White Pure Silver'  - Loftrunway","robots":{"index":"index","follow":"follow","max-snippet":"max-snippet:-1","max-image-preview":"max-image-preview:large","max-video-preview":"max-video-preview:-1"},"canonical":"https:\/\/loftrunway.com\/de\/products\/women-asics-gel-rocket-11-white-pure-silver\/","og_locale":"de_DE","og_type":"article","og_title":"(Women) ASICS Gel Rocket 11 'White Pure Silver'  - Loftrunway","og_description":"ASICS Gel Rocket 11 \u201d\u201d White\/Pure Silver","og_url":"https:\/\/loftrunway.com\/de\/products\/women-asics-gel-rocket-11-white-pure-silver\/","og_site_name":"loftRUN Sneaker Store","article_modified_time":"2026-04-02T07:48:39+00:00","twitter_card":"summary_large_image","twitter_image":"https:\/\/images.novelship.com\/product\/_women__asics_gel_rocket_11__white_pure_silver___1_0_87587.jpeg","schema":{"@context":"https:\/\/schema.org","@graph":[{"@type":"WebPage","@id":"https:\/\/loftrunway.com\/de\/products\/women-asics-gel-rocket-11-white-pure-silver\/","url":"https:\/\/loftrunway.com\/de\/products\/women-asics-gel-rocket-11-white-pure-silver\/","name":"(Women) ASICS Gel Rocket 11 'White Pure Silver' - Loftrunway","isPartOf":{"@id":"https:\/\/loftrunway.com\/de\/#website"},"primaryImageOfPage":{"@id":"https:\/\/loftrunway.com\/de\/products\/women-asics-gel-rocket-11-white-pure-silver\/#primaryimage"},"image":{"@id":"https:\/\/loftrunway.com\/de\/products\/women-asics-gel-rocket-11-white-pure-silver\/#primaryimage"},"thumbnailUrl":"https:\/\/images.novelship.com\/product\/_women__asics_gel_rocket_11__white_pure_silver___1_0_87587.jpeg","datePublished":"2026-03-02T08:26:35+00:00","dateModified":"2026-04-02T07:48:39+00:00","breadcrumb":{"@id":"https:\/\/loftrunway.com\/de\/products\/women-asics-gel-rocket-11-white-pure-silver\/#breadcrumb"},"inLanguage":"de","potentialAction":[{"@type":"ReadAction","target":["https:\/\/loftrunway.com\/de\/products\/women-asics-gel-rocket-11-white-pure-silver\/"]}]},{"@type":"ImageObject","inLanguage":"de","@id":"https:\/\/loftrunway.com\/de\/products\/women-asics-gel-rocket-11-white-pure-silver\/#primaryimage","url":"https:\/\/images.novelship.com\/product\/_women__asics_gel_rocket_11__white_pure_silver___1_0_87587.jpeg","contentUrl":"https:\/\/images.novelship.com\/product\/_women__asics_gel_rocket_11__white_pure_silver___1_0_87587.jpeg"},{"@type":"BreadcrumbList","@id":"https:\/\/loftrunway.com\/de\/products\/women-asics-gel-rocket-11-white-pure-silver\/#breadcrumb","itemListElement":[{"@type":"ListItem","position":1,"name":"Home","item":"https:\/\/loftrunway.com\/de\/"},{"@type":"ListItem","position":2,"name":"Shop","item":"https:\/\/loftrunway.com\/de\/shop\/"},{"@type":"ListItem","position":3,"name":"(Women) ASICS Gel Rocket 11 &#8218;White Pure Silver&#8216;"}]},{"@type":"WebSite","@id":"https:\/\/loftrunway.com\/de\/#website","url":"https:\/\/loftrunway.com\/de\/","name":"Styloral Jewelry Shop","description":"Der Ort, an dem man alle Arten von Sneakern findet","publisher":{"@id":"https:\/\/loftrunway.com\/de\/#organization"},"potentialAction":[{"@type":"SearchAction","target":{"@type":"EntryPoint","urlTemplate":"https:\/\/loftrunway.com\/de\/?s={search_term_string}"},"query-input":{"@type":"PropertyValueSpecification","valueRequired":true,"valueName":"search_term_string"}}],"inLanguage":"de"},{"@type":"Organization","@id":"https:\/\/loftrunway.com\/de\/#organization","name":"STYLORAL PTE. LTD","url":"https:\/\/loftrunway.com\/de\/","logo":{"@type":"ImageObject","inLanguage":"de","@id":"https:\/\/loftrunway.com\/de\/#\/schema\/logo\/image\/","url":"https:\/\/www.loftrunway.com\/wp-content\/uploads\/2025\/12\/logo.png","contentUrl":"https:\/\/www.loftrunway.com\/wp-content\/uploads\/2025\/12\/logo.png","width":200,"height":65,"caption":"STYLORAL PTE. LTD"},"image":{"@id":"https:\/\/loftrunway.com\/de\/#\/schema\/logo\/image\/"}}]}},"_links":{"self":[{"href":"https:\/\/loftrunway.com\/de\/wp-json\/wp\/v2\/product\/92861","targetHints":{"allow":["GET"]}}],"collection":[{"href":"https:\/\/loftrunway.com\/de\/wp-json\/wp\/v2\/product"}],"about":[{"href":"https:\/\/loftrunway.com\/de\/wp-json\/wp\/v2\/types\/product"}],"replies":[{"embeddable":true,"href":"https:\/\/loftrunway.com\/de\/wp-json\/wp\/v2\/comments?post=92861"}],"wp:featuredmedia":[{"embeddable":true,"href":"https:\/\/loftrunway.com\/de\/wp-json\/wp\/v2\/media\/92862"}],"wp:attachment":[{"href":"https:\/\/loftrunway.com\/de\/wp-json\/wp\/v2\/media?parent=92861"}],"wp:term":[{"taxonomy":"product_brand","embeddable":true,"href":"https:\/\/loftrunway.com\/de\/wp-json\/wp\/v2\/product_brand?post=92861"},{"taxonomy":"product_cat","embeddable":true,"href":"https:\/\/loftrunway.com\/de\/wp-json\/wp\/v2\/product_cat?post=92861"},{"taxonomy":"product_tag","embeddable":true,"href":"https:\/\/loftrunway.com\/de\/wp-json\/wp\/v2\/product_tag?post=92861"}],"curies":[{"name":"wp","href":"https:\/\/api.w.org\/{rel}","templated":true}]}}