{"id":98464,"date":"2026-03-02T15:27:47","date_gmt":"2026-03-02T08:27:47","guid":{"rendered":"http:\/\/loftrunway.com\/product\/hakaone-ekiden-x-asics-novablast-4-white-sunrise-red"},"modified":"2026-04-02T14:49:00","modified_gmt":"2026-04-02T07:49:00","slug":"hakaone-ekiden-x-asics-novablast-4-white-sunrise-red","status":"publish","type":"product","link":"https:\/\/loftrunway.com\/de\/products\/hakaone-ekiden-x-asics-novablast-4-white-sunrise-red\/","title":{"rendered":"Hakaone Ekiden x ASICS Novablast 4 &#8218;White Sunrise Red&#8216;"},"content":{"rendered":"<p>Wir pr\u00e4sentieren den Hoka One Ekiden x ASICS Novablast 4 Laufschuh \u201eWhite Sunrise Red\u201c! Diese limitierte Edition wurde entwickelt, um dein Lauferlebnis auf ein neues Level zu heben. Mit seiner dynamischen Farbkombination aus Sonnenaufgangsrot und Wei\u00df vereint er die au\u00dfergew\u00f6hnliche D\u00e4mpfung des Hoka Ekiden-Schaums mit der reaktionsfreudigen Energie der ASICS FlyteFoam Blast+ Technologie. Das Ergebnis? Ein ultraleichtes und extrem komfortables Laufgef\u00fchl, das dich an deine Grenzen bringt und dir hilft, deine Laufziele zu erreichen.<br \/>\n&#8230;<\/p>\n","protected":false},"excerpt":{"rendered":"<p>ASICS Novablast 4 \u201d\u201d White\/Sunrise Red<\/p>\n","protected":false},"featured_media":98465,"comment_status":"open","ping_status":"closed","template":"","meta":[],"product_brand":[],"product_cat":[10792,41273],"product_tag":[10791,10753,11053,10839,10802,10840],"class_list":{"0":"post-98464","1":"product","2":"type-product","3":"status-publish","4":"has-post-thumbnail","6":"product_cat-asics","7":"product_cat-remove","8":"product_tag-asics","9":"product_tag-gift-for-him","10":"product_tag-lightweight-running-shoes","11":"product_tag-performance-running-shoes","12":"product_tag-performance-sport-shoes","13":"product_tag-running-shoes","14":"wcpa_has_options","16":"first","17":"instock","18":"taxable","19":"shipping-taxable","20":"purchasable","21":"product-type-simple"},"wcpa_form_fields":{"rules":{"pric_overide_base_price":false,"pric_overide_base_price_if_gt_zero":false,"pric_overide_base_price_fully":false,"pric_cal_option_once":false,"pric_use_as_fee":false,"bind_quantity":false,"quantity_bind_formula":false},"fields":[{"type":"color-group","required":true,"elementId":"wcpa-color-group-69a5ab08ee12d","label":"Gr\u00f6\u00dfe","inline":true,"priceOptions":"different_for_all","pricingType":"fixed","className":"hassizechart product-shoes-size-eu product-shoes-size","name":"color-group-69a5ab08ee136","disp_type":"square","selection_type":"tick-border","disp_size":"50","show_label_inside":true,"adjust_width":true,"cart_display_type":"text","other_text":"Other","cl_rule":"show","col":6,"values":[{"label":"36","value":"EU 36","price":"","pimage":"","pimage_id":"","pthumb":"","color":"","selected":true},{"label":"37","value":"EU 37","price":"","pimage":"","pimage_id":"","pthumb":"","color":""},{"label":"37.5","value":"EU 37.5","price":"","pimage":"","pimage_id":"","pthumb":"","color":""},{"label":"38","value":"EU 38","price":"","pimage":"","pimage_id":"","pthumb":"","color":""},{"label":"38.5","value":"EU 38.5","price":"","pimage":"","pimage_id":"","pthumb":"","color":""},{"label":"39","value":"EU 39","price":"","pimage":"","pimage_id":"","pthumb":"","color":""},{"label":"39.5","value":"EU 39.5","price":"","pimage":"","pimage_id":"","pthumb":"","color":""},{"label":"40","value":"EU 40","price":"","pimage":"","pimage_id":"","pthumb":"","color":""},{"label":"40.5","value":"EU 40.5","price":"","pimage":"","pimage_id":"","pthumb":"","color":""},{"label":" 41.5","value":"EU 41.5","price":"","pimage":"","pimage_id":"","pthumb":"","color":""},{"label":"42","value":"EU 42","price":"","pimage":"","pimage_id":"","pthumb":"","color":""},{"label":"42.5","value":"EU 42.5","price":"","pimage":"","pimage_id":"","pthumb":"","color":""},{"label":"43.5","value":"EU 43.5","price":"","pimage":"","pimage_id":"","pthumb":"","color":""},{"label":"44","value":"EU 44","price":"","pimage":"","pimage_id":"","pthumb":"","color":""},{"label":"44.5","value":"EU 44.5","price":"","pimage":"","pimage_id":"","pthumb":"","color":""},{"label":"45","value":"EU 45","price":"","pimage":"","pimage_id":"","pthumb":"","color":""}],"relations":[{"operator":false,"rules":[]}],"form_id":184311,"form_rules":{"pric_cal_option_once":false,"exclude_from_discount":false,"pric_use_as_fee":false,"fee_label":"Fee","render_after_acb":false,"disp_hide_options_price":false}}]},"yoast_head":"<!-- This site is optimized with the Yoast SEO plugin v26.5 - https:\/\/yoast.com\/wordpress\/plugins\/seo\/ -->\n<title>Hakaone Ekiden x ASICS Novablast 4 &#039;White Sunrise Red&#039;  - Loftrunway<\/title>\n<meta name=\"robots\" content=\"index, follow, max-snippet:-1, max-image-preview:large, max-video-preview:-1\" \/>\n<link rel=\"canonical\" href=\"https:\/\/loftrunway.com\/de\/products\/hakaone-ekiden-x-asics-novablast-4-white-sunrise-red\/\" \/>\n<meta property=\"og:locale\" content=\"de_DE\" \/>\n<meta property=\"og:type\" content=\"article\" \/>\n<meta property=\"og:title\" content=\"Hakaone Ekiden x ASICS Novablast 4 &#039;White Sunrise Red&#039;  - Loftrunway\" \/>\n<meta property=\"og:description\" content=\"ASICS Novablast 4 \u201d\u201d White\/Sunrise Red\" \/>\n<meta property=\"og:url\" content=\"https:\/\/loftrunway.com\/de\/products\/hakaone-ekiden-x-asics-novablast-4-white-sunrise-red\/\" \/>\n<meta property=\"og:site_name\" content=\"loftRUN Sneaker Store\" \/>\n<meta property=\"article:modified_time\" content=\"2026-04-02T07:49:00+00:00\" \/>\n<meta name=\"twitter:card\" content=\"summary_large_image\" \/>\n<meta name=\"twitter:image\" content=\"https:\/\/images.novelship.com\/product\/hakaone_ekiden_x_asics_novablast_4__white_sunrise__0_72962.png\" \/>\n<script type=\"application\/ld+json\" class=\"yoast-schema-graph\">{\"@context\":\"https:\/\/schema.org\",\"@graph\":[{\"@type\":\"WebPage\",\"@id\":\"https:\/\/loftrunway.com\/de\/products\/hakaone-ekiden-x-asics-novablast-4-white-sunrise-red\/\",\"url\":\"https:\/\/loftrunway.com\/de\/products\/hakaone-ekiden-x-asics-novablast-4-white-sunrise-red\/\",\"name\":\"Hakaone Ekiden x ASICS Novablast 4 'White Sunrise Red' - Loftrunway\",\"isPartOf\":{\"@id\":\"https:\/\/loftrunway.com\/de\/#website\"},\"primaryImageOfPage\":{\"@id\":\"https:\/\/loftrunway.com\/de\/products\/hakaone-ekiden-x-asics-novablast-4-white-sunrise-red\/#primaryimage\"},\"image\":{\"@id\":\"https:\/\/loftrunway.com\/de\/products\/hakaone-ekiden-x-asics-novablast-4-white-sunrise-red\/#primaryimage\"},\"thumbnailUrl\":\"https:\/\/images.novelship.com\/product\/hakaone_ekiden_x_asics_novablast_4__white_sunrise__0_72962.png\",\"datePublished\":\"2026-03-02T08:27:47+00:00\",\"dateModified\":\"2026-04-02T07:49:00+00:00\",\"breadcrumb\":{\"@id\":\"https:\/\/loftrunway.com\/de\/products\/hakaone-ekiden-x-asics-novablast-4-white-sunrise-red\/#breadcrumb\"},\"inLanguage\":\"de\",\"potentialAction\":[{\"@type\":\"ReadAction\",\"target\":[\"https:\/\/loftrunway.com\/de\/products\/hakaone-ekiden-x-asics-novablast-4-white-sunrise-red\/\"]}]},{\"@type\":\"ImageObject\",\"inLanguage\":\"de\",\"@id\":\"https:\/\/loftrunway.com\/de\/products\/hakaone-ekiden-x-asics-novablast-4-white-sunrise-red\/#primaryimage\",\"url\":\"https:\/\/images.novelship.com\/product\/hakaone_ekiden_x_asics_novablast_4__white_sunrise__0_72962.png\",\"contentUrl\":\"https:\/\/images.novelship.com\/product\/hakaone_ekiden_x_asics_novablast_4__white_sunrise__0_72962.png\"},{\"@type\":\"BreadcrumbList\",\"@id\":\"https:\/\/loftrunway.com\/de\/products\/hakaone-ekiden-x-asics-novablast-4-white-sunrise-red\/#breadcrumb\",\"itemListElement\":[{\"@type\":\"ListItem\",\"position\":1,\"name\":\"Home\",\"item\":\"https:\/\/loftrunway.com\/de\/\"},{\"@type\":\"ListItem\",\"position\":2,\"name\":\"Shop\",\"item\":\"https:\/\/loftrunway.com\/de\/shop\/\"},{\"@type\":\"ListItem\",\"position\":3,\"name\":\"Hakaone Ekiden x ASICS Novablast 4 &#8218;White Sunrise Red&#8216;\"}]},{\"@type\":\"WebSite\",\"@id\":\"https:\/\/loftrunway.com\/de\/#website\",\"url\":\"https:\/\/loftrunway.com\/de\/\",\"name\":\"Styloral Jewelry Shop\",\"description\":\"Der Ort, an dem man alle Arten von Sneakern findet\",\"publisher\":{\"@id\":\"https:\/\/loftrunway.com\/de\/#organization\"},\"potentialAction\":[{\"@type\":\"SearchAction\",\"target\":{\"@type\":\"EntryPoint\",\"urlTemplate\":\"https:\/\/loftrunway.com\/de\/?s={search_term_string}\"},\"query-input\":{\"@type\":\"PropertyValueSpecification\",\"valueRequired\":true,\"valueName\":\"search_term_string\"}}],\"inLanguage\":\"de\"},{\"@type\":\"Organization\",\"@id\":\"https:\/\/loftrunway.com\/de\/#organization\",\"name\":\"STYLORAL PTE. LTD\",\"url\":\"https:\/\/loftrunway.com\/de\/\",\"logo\":{\"@type\":\"ImageObject\",\"inLanguage\":\"de\",\"@id\":\"https:\/\/loftrunway.com\/de\/#\/schema\/logo\/image\/\",\"url\":\"https:\/\/www.loftrunway.com\/wp-content\/uploads\/2025\/12\/logo.png\",\"contentUrl\":\"https:\/\/www.loftrunway.com\/wp-content\/uploads\/2025\/12\/logo.png\",\"width\":200,\"height\":65,\"caption\":\"STYLORAL PTE. LTD\"},\"image\":{\"@id\":\"https:\/\/loftrunway.com\/de\/#\/schema\/logo\/image\/\"}}]}<\/script>\n<!-- \/ Yoast SEO plugin. -->","yoast_head_json":{"title":"Hakaone Ekiden x ASICS Novablast 4 'White Sunrise Red'  - Loftrunway","robots":{"index":"index","follow":"follow","max-snippet":"max-snippet:-1","max-image-preview":"max-image-preview:large","max-video-preview":"max-video-preview:-1"},"canonical":"https:\/\/loftrunway.com\/de\/products\/hakaone-ekiden-x-asics-novablast-4-white-sunrise-red\/","og_locale":"de_DE","og_type":"article","og_title":"Hakaone Ekiden x ASICS Novablast 4 'White Sunrise Red'  - Loftrunway","og_description":"ASICS Novablast 4 \u201d\u201d White\/Sunrise Red","og_url":"https:\/\/loftrunway.com\/de\/products\/hakaone-ekiden-x-asics-novablast-4-white-sunrise-red\/","og_site_name":"loftRUN Sneaker Store","article_modified_time":"2026-04-02T07:49:00+00:00","twitter_card":"summary_large_image","twitter_image":"https:\/\/images.novelship.com\/product\/hakaone_ekiden_x_asics_novablast_4__white_sunrise__0_72962.png","schema":{"@context":"https:\/\/schema.org","@graph":[{"@type":"WebPage","@id":"https:\/\/loftrunway.com\/de\/products\/hakaone-ekiden-x-asics-novablast-4-white-sunrise-red\/","url":"https:\/\/loftrunway.com\/de\/products\/hakaone-ekiden-x-asics-novablast-4-white-sunrise-red\/","name":"Hakaone Ekiden x ASICS Novablast 4 'White Sunrise Red' - Loftrunway","isPartOf":{"@id":"https:\/\/loftrunway.com\/de\/#website"},"primaryImageOfPage":{"@id":"https:\/\/loftrunway.com\/de\/products\/hakaone-ekiden-x-asics-novablast-4-white-sunrise-red\/#primaryimage"},"image":{"@id":"https:\/\/loftrunway.com\/de\/products\/hakaone-ekiden-x-asics-novablast-4-white-sunrise-red\/#primaryimage"},"thumbnailUrl":"https:\/\/images.novelship.com\/product\/hakaone_ekiden_x_asics_novablast_4__white_sunrise__0_72962.png","datePublished":"2026-03-02T08:27:47+00:00","dateModified":"2026-04-02T07:49:00+00:00","breadcrumb":{"@id":"https:\/\/loftrunway.com\/de\/products\/hakaone-ekiden-x-asics-novablast-4-white-sunrise-red\/#breadcrumb"},"inLanguage":"de","potentialAction":[{"@type":"ReadAction","target":["https:\/\/loftrunway.com\/de\/products\/hakaone-ekiden-x-asics-novablast-4-white-sunrise-red\/"]}]},{"@type":"ImageObject","inLanguage":"de","@id":"https:\/\/loftrunway.com\/de\/products\/hakaone-ekiden-x-asics-novablast-4-white-sunrise-red\/#primaryimage","url":"https:\/\/images.novelship.com\/product\/hakaone_ekiden_x_asics_novablast_4__white_sunrise__0_72962.png","contentUrl":"https:\/\/images.novelship.com\/product\/hakaone_ekiden_x_asics_novablast_4__white_sunrise__0_72962.png"},{"@type":"BreadcrumbList","@id":"https:\/\/loftrunway.com\/de\/products\/hakaone-ekiden-x-asics-novablast-4-white-sunrise-red\/#breadcrumb","itemListElement":[{"@type":"ListItem","position":1,"name":"Home","item":"https:\/\/loftrunway.com\/de\/"},{"@type":"ListItem","position":2,"name":"Shop","item":"https:\/\/loftrunway.com\/de\/shop\/"},{"@type":"ListItem","position":3,"name":"Hakaone Ekiden x ASICS Novablast 4 &#8218;White Sunrise Red&#8216;"}]},{"@type":"WebSite","@id":"https:\/\/loftrunway.com\/de\/#website","url":"https:\/\/loftrunway.com\/de\/","name":"Styloral Jewelry Shop","description":"Der Ort, an dem man alle Arten von Sneakern findet","publisher":{"@id":"https:\/\/loftrunway.com\/de\/#organization"},"potentialAction":[{"@type":"SearchAction","target":{"@type":"EntryPoint","urlTemplate":"https:\/\/loftrunway.com\/de\/?s={search_term_string}"},"query-input":{"@type":"PropertyValueSpecification","valueRequired":true,"valueName":"search_term_string"}}],"inLanguage":"de"},{"@type":"Organization","@id":"https:\/\/loftrunway.com\/de\/#organization","name":"STYLORAL PTE. LTD","url":"https:\/\/loftrunway.com\/de\/","logo":{"@type":"ImageObject","inLanguage":"de","@id":"https:\/\/loftrunway.com\/de\/#\/schema\/logo\/image\/","url":"https:\/\/www.loftrunway.com\/wp-content\/uploads\/2025\/12\/logo.png","contentUrl":"https:\/\/www.loftrunway.com\/wp-content\/uploads\/2025\/12\/logo.png","width":200,"height":65,"caption":"STYLORAL PTE. LTD"},"image":{"@id":"https:\/\/loftrunway.com\/de\/#\/schema\/logo\/image\/"}}]}},"_links":{"self":[{"href":"https:\/\/loftrunway.com\/de\/wp-json\/wp\/v2\/product\/98464","targetHints":{"allow":["GET"]}}],"collection":[{"href":"https:\/\/loftrunway.com\/de\/wp-json\/wp\/v2\/product"}],"about":[{"href":"https:\/\/loftrunway.com\/de\/wp-json\/wp\/v2\/types\/product"}],"replies":[{"embeddable":true,"href":"https:\/\/loftrunway.com\/de\/wp-json\/wp\/v2\/comments?post=98464"}],"wp:featuredmedia":[{"embeddable":true,"href":"https:\/\/loftrunway.com\/de\/wp-json\/wp\/v2\/media\/98465"}],"wp:attachment":[{"href":"https:\/\/loftrunway.com\/de\/wp-json\/wp\/v2\/media?parent=98464"}],"wp:term":[{"taxonomy":"product_brand","embeddable":true,"href":"https:\/\/loftrunway.com\/de\/wp-json\/wp\/v2\/product_brand?post=98464"},{"taxonomy":"product_cat","embeddable":true,"href":"https:\/\/loftrunway.com\/de\/wp-json\/wp\/v2\/product_cat?post=98464"},{"taxonomy":"product_tag","embeddable":true,"href":"https:\/\/loftrunway.com\/de\/wp-json\/wp\/v2\/product_tag?post=98464"}],"curies":[{"name":"wp","href":"https:\/\/api.w.org\/{rel}","templated":true}]}}