{"id":4019,"date":"2025-11-16T10:54:53","date_gmt":"2025-11-16T10:54:53","guid":{"rendered":"https:\/\/loftrunway.com\/?page_id=4019"},"modified":"2026-04-01T01:35:24","modified_gmt":"2026-03-31T18:35:24","slug":"canceling-or-changing-order","status":"publish","type":"page","link":"https:\/\/loftrunway.com\/it\/canceling-or-changing-order\/","title":{"rendered":"Canceling or Changing order"},"content":{"rendered":"\t\t<div data-elementor-type=\"wp-page\" data-elementor-id=\"4019\" class=\"elementor elementor-4019\">\n\t\t\t\t\t\t<section class=\"elementor-section elementor-top-section elementor-element elementor-element-b08a46d elementor-section-boxed elementor-section-height-default elementor-section-height-default\" data-id=\"b08a46d\" data-element_type=\"section\">\n\t\t\t\t\t\t<div class=\"elementor-container elementor-column-gap-default\">\n\t\t\t\t\t<div class=\"elementor-column elementor-col-100 elementor-top-column elementor-element elementor-element-ad116de\" data-id=\"ad116de\" data-element_type=\"column\">\n\t\t\t<div class=\"elementor-widget-wrap elementor-element-populated\">\n\t\t\t\t\t\t<div class=\"elementor-element elementor-element-1184398 elementor-widget elementor-widget-text-editor\" data-id=\"1184398\" data-element_type=\"widget\" data-widget_type=\"text-editor.default\">\n\t\t\t\t\t\t\t\t\t<h2 data-start=\"45\" data-end=\"96\"><strong data-start=\"48\" data-end=\"94\">Annullamento o modifica dell\u2019ordine<\/strong><\/h2>\n<p data-start=\"97\" data-end=\"140\"><strong data-start=\"97\" data-end=\"140\">Ultimo aggiornamento: 11 novembre 2025<\/strong><\/p>\n<p data-start=\"142\" data-end=\"407\">Comprendiamo che i piani possano cambiare. Questa pagina spiega come annullare o modificare il tuo ordine. Ti invitiamo a leggere attentamente le seguenti informazioni, poich\u00e9 la possibilit\u00e0 di apportare modifiche dipende dallo stato del tuo ordine.<\/p>\n\n<h2 data-start=\"389\" data-end=\"419\"><strong data-start=\"392\" data-end=\"419\">1. Annullamento dell\u2019ordine<\/strong><\/h2>\n<p data-start=\"455\" data-end=\"617\">Puoi richiedere un annullamento entro <strong data-start=\"480\" data-end=\"522\">2 ore dall\u2019effettuazione dell\u2019ordine<\/strong>, a condizione che l\u2019ordine non sia ancora stato elaborato o spedito.<\/p>\n<p data-start=\"619\" data-end=\"727\">Per annullare il tuo ordine, contattaci immediatamente a:<\/p>\n<p data-start=\"548\" data-end=\"626\">\ud83d\udce7 <strong>support@loftrunway.com<\/strong><\/p>\n<p data-start=\"729\" data-end=\"930\">Se il tuo ordine \u00e8 gi\u00e0 stato elaborato o spedito, non \u00e8 pi\u00f9 possibile annullarlo.<br data-start=\"826\" data-end=\"829\" \/>In tal caso, potrai utilizzare la nostra politica di reso e rimborso dopo aver ricevuto il pacco.<\/p>\n\n<hr data-start=\"801\" data-end=\"804\" \/>\n\n<h2 data-start=\"806\" data-end=\"835\"><strong data-start=\"809\" data-end=\"835\">2. Modifica dell\u2019ordine<\/strong><\/h2>\n<p data-start=\"975\" data-end=\"1017\">Puoi richiedere le seguenti modifiche:<\/p>\n\n<ul>\n \t<li data-start=\"1021\" data-end=\"1055\">Aggiornamento dell\u2019indirizzo di spedizione<\/li>\n \t<li data-start=\"1058\" data-end=\"1109\">Modifica della variante del prodotto (colore, taglia, stile)<\/li>\n \t<li data-start=\"1112\" data-end=\"1139\">Aggiornamento dei dati del cliente<\/li>\n \t<li data-start=\"1142\" data-end=\"1169\">Modifica della quantit\u00e0 dell\u2019ordine<\/li>\n<\/ul>\n<p data-start=\"1171\" data-end=\"1279\">Le modifiche sono possibili solo entro <strong data-start=\"1205\" data-end=\"1239\">12 ore dall\u2019effettuazione dell\u2019ordine<\/strong>, prima che inizi l\u2019elaborazione.<\/p>\n<p data-start=\"1281\" data-end=\"1381\">Per richiedere una modifica, inviaci un\u2019e-mail a:<\/p>\n<p data-start=\"1107\" data-end=\"1167\">\ud83d\udce7 <strong>support@loftrunway.com<\/strong><\/p>\n<p data-start=\"1169\" data-end=\"1238\"><em><strong>Le modifiche non possono essere garantite se l\u2019ordine \u00e8 gi\u00e0 stato elaborato.<\/strong><\/em><\/p>\n\n<hr data-start=\"1240\" data-end=\"1243\" \/>\n\n<h2 data-start=\"1245\" data-end=\"1281\"><strong data-start=\"1248\" data-end=\"1281\">3. Indirizzo di spedizione errato<\/strong><\/h2>\n<p data-start=\"1512\" data-end=\"1559\">Se hai inserito un indirizzo errato:<\/p>\n\n<ul>\n \t<li data-start=\"1563\" data-end=\"1594\">Contattaci immediatamente<\/li>\n \t<li data-start=\"1597\" data-end=\"1682\">La modifica dell\u2019indirizzo \u00e8 possibile solo se l\u2019ordine non \u00e8 ancora stato spedito<\/li>\n<\/ul>\n<p data-start=\"1414\" data-end=\"1521\">Loftrunway non \u00e8 responsabile per spedizioni perse a causa di un indirizzo fornito in modo errato dal cliente.<\/p>\n\n<hr data-start=\"1523\" data-end=\"1526\" \/>\n\n<h2 data-start=\"1528\" data-end=\"1559\"><strong data-start=\"1531\" data-end=\"1559\">4. Ordine gi\u00e0 spedito<\/strong><\/h2>\n<p data-start=\"1865\" data-end=\"1911\">Se il tuo ordine \u00e8 gi\u00e0 stato spedito:<\/p>\n\n<ul>\n \t<li data-start=\"1915\" data-end=\"1970\">Non \u00e8 pi\u00f9 possibile annullare o modificare l\u2019ordine<\/li>\n \t<li data-start=\"1973\" data-end=\"2074\">Puoi restituire l\u2019articolo dopo la consegna secondo la nostra politica di reso e rimborso<\/li>\n \t<li data-start=\"2077\" data-end=\"2120\">Le spese di spedizione non sono rimborsabili<\/li>\n<\/ul>\n\n<hr data-start=\"1758\" data-end=\"1761\" \/>\n\n<h2 data-start=\"1763\" data-end=\"1783\"><strong data-start=\"1766\" data-end=\"1783\">5. Contatto<\/strong><\/h2>\n<p data-start=\"2147\" data-end=\"2232\">Per domande sull\u2019annullamento o la modifica del tuo ordine, contattaci:<\/p>\n<p data-start=\"2234\" data-end=\"2268\"><strong>E-mail<\/strong>: support@loftrunway.com<\/p>\t\t\t\t\t\t\t\t<\/div>\n\t\t\t\t\t<\/div>\n\t\t<\/div>\n\t\t\t\t\t<\/div>\n\t\t<\/section>\n\t\t\t\t<\/div>\n\t\t","protected":false},"excerpt":{"rendered":"<p>Annullamento o modifica dell\u2019ordine Ultimo aggiornamento: 11 novembre 2025 Comprendiamo che i piani possano cambiare. Questa pagina spiega come annullare o modificare il tuo ordine. Ti invitiamo a leggere attentamente le seguenti informazioni, poich\u00e9 la possibilit\u00e0 di apportare modifiche dipende dallo stato del tuo ordine. 1. Annullamento dell\u2019ordine Puoi richiedere un annullamento entro 2 ore [&hellip;]<\/p>\n","protected":false},"author":1,"featured_media":0,"parent":0,"menu_order":0,"comment_status":"closed","ping_status":"closed","template":"","meta":{"footnotes":""},"class_list":["post-4019","page","type-page","status-publish","hentry"],"yoast_head":"<!-- This site is optimized with the Yoast SEO plugin v26.5 - https:\/\/yoast.com\/wordpress\/plugins\/seo\/ -->\n<title>Canceling or Changing order - Loftrunway<\/title>\n<meta name=\"robots\" content=\"index, follow, max-snippet:-1, max-image-preview:large, max-video-preview:-1\" \/>\n<link rel=\"canonical\" href=\"https:\/\/loftrunway.com\/it\/canceling-or-changing-order\/\" \/>\n<meta property=\"og:locale\" content=\"it_IT\" \/>\n<meta property=\"og:type\" content=\"article\" \/>\n<meta property=\"og:title\" content=\"Canceling or Changing order - Loftrunway\" \/>\n<meta property=\"og:description\" content=\"Annullamento o modifica dell\u2019ordine Ultimo aggiornamento: 11 novembre 2025 Comprendiamo che i piani possano cambiare. Questa pagina spiega come annullare o modificare il tuo ordine. Ti invitiamo a leggere attentamente le seguenti informazioni, poich\u00e9 la possibilit\u00e0 di apportare modifiche dipende dallo stato del tuo ordine. 1. Annullamento dell\u2019ordine Puoi richiedere un annullamento entro 2 ore [&hellip;]\" \/>\n<meta property=\"og:url\" content=\"https:\/\/loftrunway.com\/it\/canceling-or-changing-order\/\" \/>\n<meta property=\"og:site_name\" content=\"loftRUN Sneaker Store\" \/>\n<meta property=\"article:modified_time\" content=\"2026-03-31T18:35:24+00:00\" \/>\n<meta name=\"twitter:card\" content=\"summary_large_image\" \/>\n<meta name=\"twitter:label1\" content=\"Tempo di lettura stimato\" \/>\n\t<meta name=\"twitter:data1\" content=\"2 minuti\" \/>\n<script type=\"application\/ld+json\" class=\"yoast-schema-graph\">{\"@context\":\"https:\/\/schema.org\",\"@graph\":[{\"@type\":\"WebPage\",\"@id\":\"https:\/\/loftrunway.com\/it\/canceling-or-changing-order\/\",\"url\":\"https:\/\/loftrunway.com\/it\/canceling-or-changing-order\/\",\"name\":\"Canceling or Changing order - Loftrunway\",\"isPartOf\":{\"@id\":\"https:\/\/loftrunway.com\/it\/#website\"},\"datePublished\":\"2025-11-16T10:54:53+00:00\",\"dateModified\":\"2026-03-31T18:35:24+00:00\",\"breadcrumb\":{\"@id\":\"https:\/\/loftrunway.com\/it\/canceling-or-changing-order\/#breadcrumb\"},\"inLanguage\":\"it-IT\",\"potentialAction\":[{\"@type\":\"ReadAction\",\"target\":[\"https:\/\/loftrunway.com\/it\/canceling-or-changing-order\/\"]}]},{\"@type\":\"BreadcrumbList\",\"@id\":\"https:\/\/loftrunway.com\/it\/canceling-or-changing-order\/#breadcrumb\",\"itemListElement\":[{\"@type\":\"ListItem\",\"position\":1,\"name\":\"Home\",\"item\":\"https:\/\/loftrunway.com\/it\/\"},{\"@type\":\"ListItem\",\"position\":2,\"name\":\"Canceling or Changing order\"}]},{\"@type\":\"WebSite\",\"@id\":\"https:\/\/loftrunway.com\/it\/#website\",\"url\":\"https:\/\/loftrunway.com\/it\/\",\"name\":\"Styloral Jewelry Shop\",\"description\":\"Der Ort, an dem man alle Arten von Sneakern findet\",\"publisher\":{\"@id\":\"https:\/\/loftrunway.com\/it\/#organization\"},\"potentialAction\":[{\"@type\":\"SearchAction\",\"target\":{\"@type\":\"EntryPoint\",\"urlTemplate\":\"https:\/\/loftrunway.com\/it\/?s={search_term_string}\"},\"query-input\":{\"@type\":\"PropertyValueSpecification\",\"valueRequired\":true,\"valueName\":\"search_term_string\"}}],\"inLanguage\":\"it-IT\"},{\"@type\":\"Organization\",\"@id\":\"https:\/\/loftrunway.com\/it\/#organization\",\"name\":\"STYLORAL PTE. LTD\",\"url\":\"https:\/\/loftrunway.com\/it\/\",\"logo\":{\"@type\":\"ImageObject\",\"inLanguage\":\"it-IT\",\"@id\":\"https:\/\/loftrunway.com\/it\/#\/schema\/logo\/image\/\",\"url\":\"https:\/\/www.loftrunway.com\/wp-content\/uploads\/2025\/12\/logo.png\",\"contentUrl\":\"https:\/\/www.loftrunway.com\/wp-content\/uploads\/2025\/12\/logo.png\",\"width\":200,\"height\":65,\"caption\":\"STYLORAL PTE. LTD\"},\"image\":{\"@id\":\"https:\/\/loftrunway.com\/it\/#\/schema\/logo\/image\/\"}}]}<\/script>\n<!-- \/ Yoast SEO plugin. -->","yoast_head_json":{"title":"Canceling or Changing order - Loftrunway","robots":{"index":"index","follow":"follow","max-snippet":"max-snippet:-1","max-image-preview":"max-image-preview:large","max-video-preview":"max-video-preview:-1"},"canonical":"https:\/\/loftrunway.com\/it\/canceling-or-changing-order\/","og_locale":"it_IT","og_type":"article","og_title":"Canceling or Changing order - Loftrunway","og_description":"Annullamento o modifica dell\u2019ordine Ultimo aggiornamento: 11 novembre 2025 Comprendiamo che i piani possano cambiare. Questa pagina spiega come annullare o modificare il tuo ordine. Ti invitiamo a leggere attentamente le seguenti informazioni, poich\u00e9 la possibilit\u00e0 di apportare modifiche dipende dallo stato del tuo ordine. 1. Annullamento dell\u2019ordine Puoi richiedere un annullamento entro 2 ore [&hellip;]","og_url":"https:\/\/loftrunway.com\/it\/canceling-or-changing-order\/","og_site_name":"loftRUN Sneaker Store","article_modified_time":"2026-03-31T18:35:24+00:00","twitter_card":"summary_large_image","twitter_misc":{"Tempo di lettura stimato":"2 minuti"},"schema":{"@context":"https:\/\/schema.org","@graph":[{"@type":"WebPage","@id":"https:\/\/loftrunway.com\/it\/canceling-or-changing-order\/","url":"https:\/\/loftrunway.com\/it\/canceling-or-changing-order\/","name":"Canceling or Changing order - Loftrunway","isPartOf":{"@id":"https:\/\/loftrunway.com\/it\/#website"},"datePublished":"2025-11-16T10:54:53+00:00","dateModified":"2026-03-31T18:35:24+00:00","breadcrumb":{"@id":"https:\/\/loftrunway.com\/it\/canceling-or-changing-order\/#breadcrumb"},"inLanguage":"it-IT","potentialAction":[{"@type":"ReadAction","target":["https:\/\/loftrunway.com\/it\/canceling-or-changing-order\/"]}]},{"@type":"BreadcrumbList","@id":"https:\/\/loftrunway.com\/it\/canceling-or-changing-order\/#breadcrumb","itemListElement":[{"@type":"ListItem","position":1,"name":"Home","item":"https:\/\/loftrunway.com\/it\/"},{"@type":"ListItem","position":2,"name":"Canceling or Changing order"}]},{"@type":"WebSite","@id":"https:\/\/loftrunway.com\/it\/#website","url":"https:\/\/loftrunway.com\/it\/","name":"Styloral Jewelry Shop","description":"Der Ort, an dem man alle Arten von Sneakern findet","publisher":{"@id":"https:\/\/loftrunway.com\/it\/#organization"},"potentialAction":[{"@type":"SearchAction","target":{"@type":"EntryPoint","urlTemplate":"https:\/\/loftrunway.com\/it\/?s={search_term_string}"},"query-input":{"@type":"PropertyValueSpecification","valueRequired":true,"valueName":"search_term_string"}}],"inLanguage":"it-IT"},{"@type":"Organization","@id":"https:\/\/loftrunway.com\/it\/#organization","name":"STYLORAL PTE. LTD","url":"https:\/\/loftrunway.com\/it\/","logo":{"@type":"ImageObject","inLanguage":"it-IT","@id":"https:\/\/loftrunway.com\/it\/#\/schema\/logo\/image\/","url":"https:\/\/www.loftrunway.com\/wp-content\/uploads\/2025\/12\/logo.png","contentUrl":"https:\/\/www.loftrunway.com\/wp-content\/uploads\/2025\/12\/logo.png","width":200,"height":65,"caption":"STYLORAL PTE. LTD"},"image":{"@id":"https:\/\/loftrunway.com\/it\/#\/schema\/logo\/image\/"}}]}},"_links":{"self":[{"href":"https:\/\/loftrunway.com\/it\/wp-json\/wp\/v2\/pages\/4019","targetHints":{"allow":["GET"]}}],"collection":[{"href":"https:\/\/loftrunway.com\/it\/wp-json\/wp\/v2\/pages"}],"about":[{"href":"https:\/\/loftrunway.com\/it\/wp-json\/wp\/v2\/types\/page"}],"author":[{"embeddable":true,"href":"https:\/\/loftrunway.com\/it\/wp-json\/wp\/v2\/users\/1"}],"replies":[{"embeddable":true,"href":"https:\/\/loftrunway.com\/it\/wp-json\/wp\/v2\/comments?post=4019"}],"version-history":[{"count":19,"href":"https:\/\/loftrunway.com\/it\/wp-json\/wp\/v2\/pages\/4019\/revisions"}],"predecessor-version":[{"id":348663,"href":"https:\/\/loftrunway.com\/it\/wp-json\/wp\/v2\/pages\/4019\/revisions\/348663"}],"wp:attachment":[{"href":"https:\/\/loftrunway.com\/it\/wp-json\/wp\/v2\/media?parent=4019"}],"curies":[{"name":"wp","href":"https:\/\/api.w.org\/{rel}","templated":true}]}}