{"id":150836,"date":"2026-03-02T15:51:50","date_gmt":"2026-03-02T08:51:50","guid":{"rendered":"http:\/\/loftrunway.com\/product\/women-hoka-bondi-9-wide-stardust-silver"},"modified":"2026-04-03T20:47:17","modified_gmt":"2026-04-03T13:47:17","slug":"women-hoka-bondi-9-wide-stardust-silver","status":"publish","type":"product","link":"https:\/\/loftrunway.com\/it\/products\/women-hoka-bondi-9-wide-stardust-silver\/","title":{"rendered":"(Women) HOKA Bondi 9 Wide &#8216;Stardust Silver&#8217;"},"content":{"rendered":"<p>La HOKA Bondi 9 Wide &#8216;Stardust Silver&#8217; \u00e8 una scarpa da running da donna di alta gamma che offre un comfort impareggiabile, un&#8217;ammortizzazione superiore e prestazioni impeccabili, perfetta per le lunghe distanze e per l&#8217;uso quotidiano. La calzata pi\u00f9 ampia si adatta a diverse forme del piede, garantendo maggiore stabilit\u00e0 e traspirabilit\u00e0 per un comfort ottimale. Ideale per le runner che preferiscono una calzata pi\u00f9 ampia. L&#8217;innovativa intersuola in CMEVA offre un assorbimento degli urti e un ritorno di energia eccezionali, assicurando una corsa fluida ed equilibrata, anche su terreni impegnativi. Il design leggero ma resistente, con una tomaia in mesh traspirante nell&#8217;elegante colore Stardust Silver, fonde perfettamente stile e funzionalit\u00e0. Il morbido collarino in schiuma e le solette di alta qualit\u00e0 offrono una calzata personalizzata e riducono lo stress sul piede, indipendentemente dalla distanza. L&#8217;innovativa tecnologia Meta-Rocker consente transizioni fluide ed efficienti, favorendo il movimento naturale e ottimizzando la falcata. La resistente suola in gomma offre un&#8217;eccellente trazione e una durata eccezionale, sia in pista, su asfalto o su sentieri. Scopri il massimo comfort e un design moderno con la HOKA Bondi 9 Wide &#8220;Stardust Silver&#8221;, una scarpa da running innovativa che migliora le tue prestazioni e supporta il tuo stile di vita attivo. Colore: Stardust\/Argento Codice articolo: 1162014-SDSTS Materiale tomaia: Mesh Intersuola: SCEVA Colore: Grigio Stagione: Inverno Anno di uscita: 2025<\/p>\n","protected":false},"excerpt":{"rendered":"<p>HOKA Bondi 9 \u201d\u201d Polvere di stelle\/Argento<\/p>\n","protected":false},"featured_media":150837,"comment_status":"open","ping_status":"closed","template":"","meta":[],"product_brand":[],"product_cat":[12226],"product_tag":[11494,10838,10802,10840,11692],"class_list":{"0":"post-150836","1":"product","2":"type-product","3":"status-publish","4":"has-post-thumbnail","6":"product_cat-hoka-women","7":"product_tag-hoka","8":"product_tag-max-cushion-cushioned-running-shoes","9":"product_tag-performance-sport-shoes","10":"product_tag-running-shoes","11":"product_tag-wide-running-shoes","12":"wcpa_has_options","14":"first","15":"instock","16":"taxable","17":"shipping-taxable","18":"purchasable","19":"product-type-simple"},"wcpa_form_fields":{"rules":{"pric_overide_base_price":false,"pric_overide_base_price_if_gt_zero":false,"pric_overide_base_price_fully":false,"pric_cal_option_once":false,"pric_use_as_fee":false,"bind_quantity":false,"quantity_bind_formula":false},"fields":[{"type":"color-group","required":true,"elementId":"wcpa-color-group-69a5afd8a7cca","label":"Taglia - EU Taglia","inline":true,"priceOptions":"different_for_all","pricingType":"fixed","className":"hassizechart product-shoes-size-eu product-shoes-size","name":"color-group-69a5afd8a7cd3","disp_type":"square","selection_type":"tick-border","disp_size":"50","show_label_inside":true,"adjust_width":true,"cart_display_type":"text","other_text":"Other","cl_rule":"show","col":6,"values":[{"label":"35 1\/3","value":"EU 35 1\/3","price":"","pimage":"","pimage_id":"","pthumb":"","color":""},{"label":"36","value":"EU 36","price":"","pimage":"","pimage_id":"","pthumb":"","color":""},{"label":"36 2\/3","value":"EU 36 2\/3","price":"","pimage":"","pimage_id":"","pthumb":"","color":""},{"label":"37 1\/3","value":"EU 37 1\/3","price":"","pimage":"","pimage_id":"","pthumb":"","color":"","selected":true},{"label":"38","value":"EU 38","price":"","pimage":"","pimage_id":"","pthumb":"","color":""},{"label":"38 2\/3","value":"EU 38 2\/3","price":"","pimage":"","pimage_id":"","pthumb":"","color":""},{"label":"39 1\/3","value":"EU 39 1\/3","price":"","pimage":"","pimage_id":"","pthumb":"","color":""},{"label":"39.5","value":"EU 39.5","price":"","pimage":"","pimage_id":"","pthumb":"","color":""},{"label":"40","value":"EU 40","price":"","pimage":"","pimage_id":"","pthumb":"","color":""},{"label":"40 2\/3","value":"EU 40  2\/3","price":"","pimage":"","pimage_id":"","pthumb":"","color":""},{"label":" 41 1\/3","value":"EU 41.5","price":"","pimage":"","pimage_id":"","pthumb":"","color":""},{"label":"42","value":"EU 42","price":"","pimage":"","pimage_id":"","pthumb":"","color":""},{"label":"42 2\/3","value":"EU 42 2\/3","price":"","pimage":"","pimage_id":"","pthumb":"","color":""},{"label":"43 1\/3","value":"EU 43 1\/3","price":"","pimage":"","pimage_id":"","pthumb":"","color":""},{"label":"44","value":"EU 44","price":"","pimage":"","pimage_id":"","pthumb":"","color":""},{"label":"44 2\/3","value":"EU 44 2\/3","price":"","pimage":"","pimage_id":"","pthumb":"","color":""},{"label":"45 1\/3","value":"EU 45 1\/3","price":"","pimage":"","pimage_id":"","pthumb":"","color":""}],"relations":[{"operator":false,"rules":[]}],"form_id":184317,"form_rules":{"pric_cal_option_once":false,"exclude_from_discount":false,"pric_use_as_fee":false,"fee_label":"Fee","render_after_acb":false,"disp_hide_options_price":false}}]},"yoast_head":"<!-- This site is optimized with the Yoast SEO plugin v26.5 - https:\/\/yoast.com\/wordpress\/plugins\/seo\/ -->\n<title>(Women) HOKA Bondi 9 Wide &#039;Stardust Silver&#039; - Loftrunway<\/title>\n<meta name=\"robots\" content=\"index, follow, max-snippet:-1, max-image-preview:large, max-video-preview:-1\" \/>\n<link rel=\"canonical\" href=\"https:\/\/loftrunway.com\/it\/products\/women-hoka-bondi-9-wide-stardust-silver\/\" \/>\n<meta property=\"og:locale\" content=\"it_IT\" \/>\n<meta property=\"og:type\" content=\"article\" \/>\n<meta property=\"og:title\" content=\"(Women) HOKA Bondi 9 Wide &#039;Stardust Silver&#039; - Loftrunway\" \/>\n<meta property=\"og:description\" content=\"HOKA Bondi 9 \u201d\u201d Polvere di stelle\/Argento\" \/>\n<meta property=\"og:url\" content=\"https:\/\/loftrunway.com\/it\/products\/women-hoka-bondi-9-wide-stardust-silver\/\" \/>\n<meta property=\"og:site_name\" content=\"loftRUN Sneaker Store\" \/>\n<meta property=\"article:modified_time\" content=\"2026-04-03T13:47:17+00:00\" \/>\n<meta name=\"twitter:card\" content=\"summary_large_image\" \/>\n<meta name=\"twitter:image\" content=\"https:\/\/images.novelship.com\/product\/_women__hoka_bondi_9_wide__stardust_silver__116201_0_98518.png\" \/>\n<meta name=\"twitter:label1\" content=\"Tempo di lettura stimato\" \/>\n\t<meta name=\"twitter:data1\" content=\"1 minuto\" \/>\n<script type=\"application\/ld+json\" class=\"yoast-schema-graph\">{\"@context\":\"https:\/\/schema.org\",\"@graph\":[{\"@type\":\"WebPage\",\"@id\":\"https:\/\/loftrunway.com\/it\/products\/women-hoka-bondi-9-wide-stardust-silver\/\",\"url\":\"https:\/\/loftrunway.com\/it\/products\/women-hoka-bondi-9-wide-stardust-silver\/\",\"name\":\"(Women) HOKA Bondi 9 Wide 'Stardust Silver' - Loftrunway\",\"isPartOf\":{\"@id\":\"https:\/\/loftrunway.com\/it\/#website\"},\"primaryImageOfPage\":{\"@id\":\"https:\/\/loftrunway.com\/it\/products\/women-hoka-bondi-9-wide-stardust-silver\/#primaryimage\"},\"image\":{\"@id\":\"https:\/\/loftrunway.com\/it\/products\/women-hoka-bondi-9-wide-stardust-silver\/#primaryimage\"},\"thumbnailUrl\":\"https:\/\/images.novelship.com\/product\/_women__hoka_bondi_9_wide__stardust_silver__116201_0_98518.png\",\"datePublished\":\"2026-03-02T08:51:50+00:00\",\"dateModified\":\"2026-04-03T13:47:17+00:00\",\"breadcrumb\":{\"@id\":\"https:\/\/loftrunway.com\/it\/products\/women-hoka-bondi-9-wide-stardust-silver\/#breadcrumb\"},\"inLanguage\":\"it-IT\",\"potentialAction\":[{\"@type\":\"ReadAction\",\"target\":[\"https:\/\/loftrunway.com\/it\/products\/women-hoka-bondi-9-wide-stardust-silver\/\"]}]},{\"@type\":\"ImageObject\",\"inLanguage\":\"it-IT\",\"@id\":\"https:\/\/loftrunway.com\/it\/products\/women-hoka-bondi-9-wide-stardust-silver\/#primaryimage\",\"url\":\"https:\/\/images.novelship.com\/product\/_women__hoka_bondi_9_wide__stardust_silver__116201_0_98518.png\",\"contentUrl\":\"https:\/\/images.novelship.com\/product\/_women__hoka_bondi_9_wide__stardust_silver__116201_0_98518.png\"},{\"@type\":\"BreadcrumbList\",\"@id\":\"https:\/\/loftrunway.com\/it\/products\/women-hoka-bondi-9-wide-stardust-silver\/#breadcrumb\",\"itemListElement\":[{\"@type\":\"ListItem\",\"position\":1,\"name\":\"Home\",\"item\":\"https:\/\/loftrunway.com\/it\/\"},{\"@type\":\"ListItem\",\"position\":2,\"name\":\"Shop\",\"item\":\"https:\/\/itisrainvintage.com\/it\/shop\/\"},{\"@type\":\"ListItem\",\"position\":3,\"name\":\"(Women) HOKA Bondi 9 Wide &#8216;Stardust Silver&#8217;\"}]},{\"@type\":\"WebSite\",\"@id\":\"https:\/\/loftrunway.com\/it\/#website\",\"url\":\"https:\/\/loftrunway.com\/it\/\",\"name\":\"Styloral Jewelry Shop\",\"description\":\"Der Ort, an dem man alle Arten von Sneakern findet\",\"publisher\":{\"@id\":\"https:\/\/loftrunway.com\/it\/#organization\"},\"potentialAction\":[{\"@type\":\"SearchAction\",\"target\":{\"@type\":\"EntryPoint\",\"urlTemplate\":\"https:\/\/loftrunway.com\/it\/?s={search_term_string}\"},\"query-input\":{\"@type\":\"PropertyValueSpecification\",\"valueRequired\":true,\"valueName\":\"search_term_string\"}}],\"inLanguage\":\"it-IT\"},{\"@type\":\"Organization\",\"@id\":\"https:\/\/loftrunway.com\/it\/#organization\",\"name\":\"STYLORAL PTE. LTD\",\"url\":\"https:\/\/loftrunway.com\/it\/\",\"logo\":{\"@type\":\"ImageObject\",\"inLanguage\":\"it-IT\",\"@id\":\"https:\/\/loftrunway.com\/it\/#\/schema\/logo\/image\/\",\"url\":\"https:\/\/www.loftrunway.com\/wp-content\/uploads\/2025\/12\/logo.png\",\"contentUrl\":\"https:\/\/www.loftrunway.com\/wp-content\/uploads\/2025\/12\/logo.png\",\"width\":200,\"height\":65,\"caption\":\"STYLORAL PTE. LTD\"},\"image\":{\"@id\":\"https:\/\/loftrunway.com\/it\/#\/schema\/logo\/image\/\"}}]}<\/script>\n<!-- \/ Yoast SEO plugin. -->","yoast_head_json":{"title":"(Women) HOKA Bondi 9 Wide 'Stardust Silver' - Loftrunway","robots":{"index":"index","follow":"follow","max-snippet":"max-snippet:-1","max-image-preview":"max-image-preview:large","max-video-preview":"max-video-preview:-1"},"canonical":"https:\/\/loftrunway.com\/it\/products\/women-hoka-bondi-9-wide-stardust-silver\/","og_locale":"it_IT","og_type":"article","og_title":"(Women) HOKA Bondi 9 Wide 'Stardust Silver' - Loftrunway","og_description":"HOKA Bondi 9 \u201d\u201d Polvere di stelle\/Argento","og_url":"https:\/\/loftrunway.com\/it\/products\/women-hoka-bondi-9-wide-stardust-silver\/","og_site_name":"loftRUN Sneaker Store","article_modified_time":"2026-04-03T13:47:17+00:00","twitter_card":"summary_large_image","twitter_image":"https:\/\/images.novelship.com\/product\/_women__hoka_bondi_9_wide__stardust_silver__116201_0_98518.png","twitter_misc":{"Tempo di lettura stimato":"1 minuto"},"schema":{"@context":"https:\/\/schema.org","@graph":[{"@type":"WebPage","@id":"https:\/\/loftrunway.com\/it\/products\/women-hoka-bondi-9-wide-stardust-silver\/","url":"https:\/\/loftrunway.com\/it\/products\/women-hoka-bondi-9-wide-stardust-silver\/","name":"(Women) HOKA Bondi 9 Wide 'Stardust Silver' - Loftrunway","isPartOf":{"@id":"https:\/\/loftrunway.com\/it\/#website"},"primaryImageOfPage":{"@id":"https:\/\/loftrunway.com\/it\/products\/women-hoka-bondi-9-wide-stardust-silver\/#primaryimage"},"image":{"@id":"https:\/\/loftrunway.com\/it\/products\/women-hoka-bondi-9-wide-stardust-silver\/#primaryimage"},"thumbnailUrl":"https:\/\/images.novelship.com\/product\/_women__hoka_bondi_9_wide__stardust_silver__116201_0_98518.png","datePublished":"2026-03-02T08:51:50+00:00","dateModified":"2026-04-03T13:47:17+00:00","breadcrumb":{"@id":"https:\/\/loftrunway.com\/it\/products\/women-hoka-bondi-9-wide-stardust-silver\/#breadcrumb"},"inLanguage":"it-IT","potentialAction":[{"@type":"ReadAction","target":["https:\/\/loftrunway.com\/it\/products\/women-hoka-bondi-9-wide-stardust-silver\/"]}]},{"@type":"ImageObject","inLanguage":"it-IT","@id":"https:\/\/loftrunway.com\/it\/products\/women-hoka-bondi-9-wide-stardust-silver\/#primaryimage","url":"https:\/\/images.novelship.com\/product\/_women__hoka_bondi_9_wide__stardust_silver__116201_0_98518.png","contentUrl":"https:\/\/images.novelship.com\/product\/_women__hoka_bondi_9_wide__stardust_silver__116201_0_98518.png"},{"@type":"BreadcrumbList","@id":"https:\/\/loftrunway.com\/it\/products\/women-hoka-bondi-9-wide-stardust-silver\/#breadcrumb","itemListElement":[{"@type":"ListItem","position":1,"name":"Home","item":"https:\/\/loftrunway.com\/it\/"},{"@type":"ListItem","position":2,"name":"Shop","item":"https:\/\/itisrainvintage.com\/it\/shop\/"},{"@type":"ListItem","position":3,"name":"(Women) HOKA Bondi 9 Wide &#8216;Stardust Silver&#8217;"}]},{"@type":"WebSite","@id":"https:\/\/loftrunway.com\/it\/#website","url":"https:\/\/loftrunway.com\/it\/","name":"Styloral Jewelry Shop","description":"Der Ort, an dem man alle Arten von Sneakern findet","publisher":{"@id":"https:\/\/loftrunway.com\/it\/#organization"},"potentialAction":[{"@type":"SearchAction","target":{"@type":"EntryPoint","urlTemplate":"https:\/\/loftrunway.com\/it\/?s={search_term_string}"},"query-input":{"@type":"PropertyValueSpecification","valueRequired":true,"valueName":"search_term_string"}}],"inLanguage":"it-IT"},{"@type":"Organization","@id":"https:\/\/loftrunway.com\/it\/#organization","name":"STYLORAL PTE. LTD","url":"https:\/\/loftrunway.com\/it\/","logo":{"@type":"ImageObject","inLanguage":"it-IT","@id":"https:\/\/loftrunway.com\/it\/#\/schema\/logo\/image\/","url":"https:\/\/www.loftrunway.com\/wp-content\/uploads\/2025\/12\/logo.png","contentUrl":"https:\/\/www.loftrunway.com\/wp-content\/uploads\/2025\/12\/logo.png","width":200,"height":65,"caption":"STYLORAL PTE. LTD"},"image":{"@id":"https:\/\/loftrunway.com\/it\/#\/schema\/logo\/image\/"}}]}},"_links":{"self":[{"href":"https:\/\/loftrunway.com\/it\/wp-json\/wp\/v2\/product\/150836","targetHints":{"allow":["GET"]}}],"collection":[{"href":"https:\/\/loftrunway.com\/it\/wp-json\/wp\/v2\/product"}],"about":[{"href":"https:\/\/loftrunway.com\/it\/wp-json\/wp\/v2\/types\/product"}],"replies":[{"embeddable":true,"href":"https:\/\/loftrunway.com\/it\/wp-json\/wp\/v2\/comments?post=150836"}],"wp:featuredmedia":[{"embeddable":true,"href":"https:\/\/loftrunway.com\/it\/wp-json\/wp\/v2\/media\/150837"}],"wp:attachment":[{"href":"https:\/\/loftrunway.com\/it\/wp-json\/wp\/v2\/media?parent=150836"}],"wp:term":[{"taxonomy":"product_brand","embeddable":true,"href":"https:\/\/loftrunway.com\/it\/wp-json\/wp\/v2\/product_brand?post=150836"},{"taxonomy":"product_cat","embeddable":true,"href":"https:\/\/loftrunway.com\/it\/wp-json\/wp\/v2\/product_cat?post=150836"},{"taxonomy":"product_tag","embeddable":true,"href":"https:\/\/loftrunway.com\/it\/wp-json\/wp\/v2\/product_tag?post=150836"}],"curies":[{"name":"wp","href":"https:\/\/api.w.org\/{rel}","templated":true}]}}