{"id":16926,"date":"2026-02-20T15:08:13","date_gmt":"2026-02-20T08:08:13","guid":{"rendered":"http:\/\/loftrunway.com\/product\/nike-air-force-1-gore-tex-men-s-shoes-hv5953-300"},"modified":"2026-04-03T20:35:21","modified_gmt":"2026-04-03T13:35:21","slug":"nike-air-force-1-gore-tex-men-s-shoes-hv5953-300","status":"publish","type":"product","link":"https:\/\/loftrunway.com\/it\/products\/nike-air-force-1-gore-tex-men-s-shoes-hv5953-300\/","title":{"rendered":"Nike Air Force 1 GORE-TEX &#8216;Clay Green\/Speed Yellow\/Sequoia&#8217;"},"content":{"rendered":"<p>Le Nike Air Force 1 Low Gore-Tex Vibram Clay Green HV5953-300 combinano alla perfezione stile, resistenza e funzionalit\u00e0. Grazie alla combinazione dell&#8217;iconica silhouette Air Force 1 e della tecnologia Gore-Tex, queste sneakers offrono un&#8217;eccellente protezione dall&#8217;umidit\u00e0 e dagli agenti atmosferici, mantenendo i piedi asciutti in qualsiasi condizione climatica. La tomaia in pregiata pelle verde chiaro conferisce alla scarpa un tocco elegante e moderno, valorizzando con facilit\u00e0 il tuo look streetwear o casual. La robusta suola Vibram offre un&#8217;aderenza, una resistenza e una trazione eccezionali su qualsiasi superficie, garantendo una stabilit\u00e0 duratura. Questa versione migliorata delle Air Force 1 conserva il comfort e l&#8217;eleganza senza tempo del modello classico ed \u00e8 adatta sia all&#8217;uso quotidiano che alle avventure outdoor pi\u00f9 impegnative. Queste scarpe sono state progettate per gli appassionati di sneakers che apprezzano la funzionalit\u00e0 senza rinunciare allo stile. Hanno stabilito nuovi standard in termini di versatilit\u00e0 e innovazione nel settore delle calzature.<\/p>\n<ul>\n<li><strong>Combinazione di colori:<\/strong> Verde argilla\/Sequoia\/Giallo Speed<\/li>\n<li><strong>Codice articolo:<\/strong> HV5953-300<\/li>\n<li><strong>Materiale della tomaia:<\/strong> Pelle<\/li>\n<li><strong>Colore:<\/strong> Verde<\/li>\n<\/ul>\n","protected":false},"excerpt":{"rendered":"<p>Nike Air Force 1 Low \u2014 Verde argilla\/Sequoia\/Giallo velocit\u00e0<\/p>\n","protected":false},"featured_media":16927,"comment_status":"open","ping_status":"closed","template":"","meta":[],"product_brand":[],"product_cat":[6654],"product_tag":[],"class_list":{"0":"post-16926","1":"product","2":"type-product","3":"status-publish","4":"has-post-thumbnail","6":"product_cat-nike-2026","7":"wcpa_has_options","9":"first","10":"instock","11":"taxable","12":"shipping-taxable","13":"purchasable","14":"product-type-simple"},"wcpa_form_fields":{"rules":{"pric_overide_base_price":false,"pric_overide_base_price_if_gt_zero":false,"pric_overide_base_price_fully":false,"pric_cal_option_once":false,"pric_use_as_fee":false,"bind_quantity":false,"quantity_bind_formula":false},"fields":[{"type":"color-group","required":true,"elementId":"wcpa-color-group-66c4a75505e74","label":"Taglia - EU Taglia","inline":true,"priceOptions":"different_for_all","pricingType":"fixed","className":"hassizechart product-shoes-size-eu product-shoes-size","name":"color-group-66c4a75505e89","disp_type":"square","selection_type":"tick-border","disp_size":"44","show_label_inside":true,"adjust_width":true,"cart_display_type":"text","other_text":"Other","cl_rule":"show","col":6,"values":[{"label":"35.5","value":"EU 35.5","price":"","pimage":"","pimage_id":"","pthumb":"","color":""},{"label":"36","value":"EU 36","price":"","pimage":"","pimage_id":"","pthumb":"","color":"","selected":true},{"label":"36.5","value":"EU 36.5","price":"","pimage":"","pimage_id":"","pthumb":"","color":""},{"label":"37.5","value":"EU 37.5","price":"","pimage":"","pimage_id":"","pthumb":"","color":""},{"label":"38","value":"EU 38","price":"","pimage":"","pimage_id":"","pthumb":"","color":""},{"label":"38.5","value":"EU 38.5","price":"","pimage":"","pimage_id":"","pthumb":"","color":""},{"label":"39","value":"EU 39","price":"","pimage":"","pimage_id":"","pthumb":"","color":""},{"label":"40","value":"EU 40","price":"","pimage":"","pimage_id":"","pthumb":"","color":""},{"label":"40.5","value":"EU 40.5","price":"","pimage":"","pimage_id":"","pthumb":"","color":""},{"label":"41","value":"EU 41","price":"","pimage":"","pimage_id":"","pthumb":"","color":""},{"label":"42","value":"EU 42","price":"","pimage":"","pimage_id":"","pthumb":"","color":""},{"label":"42.5","value":"EU 42.5","price":"","pimage":"","pimage_id":"","pthumb":"","color":""},{"label":"43","value":"EU 43","price":"","pimage":"","pimage_id":"","pthumb":"","color":""},{"label":"44","value":"EU 44","price":"","pimage":"","pimage_id":"","pthumb":"","color":""},{"label":"44.5","value":"EU 44.5","price":"","pimage":"","pimage_id":"","pthumb":"","color":""},{"label":"45","value":"EU 45","price":"","pimage":"","pimage_id":"","pthumb":"","color":""},{"label":"45.5","value":"EU 45.5","price":"","pimage":"","pimage_id":"","pthumb":"","color":""},{"label":"46","value":"EU 46","price":"","pimage":"","pimage_id":"","pthumb":"","color":""},{"label":"47","value":"EU 47","price":"","pimage":"","pimage_id":"","pthumb":"","color":""},{"label":"47.5","value":"EU 47.5","price":"","pimage":"","pimage_id":"","pthumb":"","color":""},{"label":"48","value":"EU 48","price":"","pimage":"","pimage_id":"","pthumb":"","color":""}],"relations":[{"operator":false,"rules":[]}],"form_id":18106,"form_rules":{"pric_cal_option_once":false,"exclude_from_discount":false,"pric_use_as_fee":false,"fee_label":"Fee","render_after_acb":false,"disp_hide_options_price":false}}]},"yoast_head":"<!-- This site is optimized with the Yoast SEO plugin v26.5 - https:\/\/yoast.com\/wordpress\/plugins\/seo\/ -->\n<title>Nike Air Force 1 GORE-TEX &#039;Clay Green\/Speed Yellow\/Sequoia&#039; - Loftrunway<\/title>\n<meta name=\"robots\" content=\"index, follow, max-snippet:-1, max-image-preview:large, max-video-preview:-1\" \/>\n<link rel=\"canonical\" href=\"https:\/\/loftrunway.com\/it\/products\/nike-air-force-1-gore-tex-men-s-shoes-hv5953-300\/\" \/>\n<meta property=\"og:locale\" content=\"it_IT\" \/>\n<meta property=\"og:type\" content=\"article\" \/>\n<meta property=\"og:title\" content=\"Nike Air Force 1 GORE-TEX &#039;Clay Green\/Speed Yellow\/Sequoia&#039; - Loftrunway\" \/>\n<meta property=\"og:description\" content=\"Nike Air Force 1 Low \u2014 Verde argilla\/Sequoia\/Giallo velocit\u00e0\" \/>\n<meta property=\"og:url\" content=\"https:\/\/loftrunway.com\/it\/products\/nike-air-force-1-gore-tex-men-s-shoes-hv5953-300\/\" \/>\n<meta property=\"og:site_name\" content=\"loftRUN Sneaker Store\" \/>\n<meta property=\"article:modified_time\" content=\"2026-04-03T13:35:21+00:00\" \/>\n<meta name=\"twitter:card\" content=\"summary_large_image\" \/>\n<meta name=\"twitter:image\" content=\"https:\/\/images.novelship.com\/product\/nike_air_force_1_low_gore-tex_vibram_clay_green_hv_0_1575.jpeg\" \/>\n<meta name=\"twitter:label1\" content=\"Tempo di lettura stimato\" \/>\n\t<meta name=\"twitter:data1\" content=\"1 minuto\" \/>\n<script type=\"application\/ld+json\" class=\"yoast-schema-graph\">{\"@context\":\"https:\/\/schema.org\",\"@graph\":[{\"@type\":\"WebPage\",\"@id\":\"https:\/\/loftrunway.com\/it\/products\/nike-air-force-1-gore-tex-men-s-shoes-hv5953-300\/\",\"url\":\"https:\/\/loftrunway.com\/it\/products\/nike-air-force-1-gore-tex-men-s-shoes-hv5953-300\/\",\"name\":\"Nike Air Force 1 GORE-TEX 'Clay Green\/Speed Yellow\/Sequoia' - Loftrunway\",\"isPartOf\":{\"@id\":\"https:\/\/loftrunway.com\/it\/#website\"},\"primaryImageOfPage\":{\"@id\":\"https:\/\/loftrunway.com\/it\/products\/nike-air-force-1-gore-tex-men-s-shoes-hv5953-300\/#primaryimage\"},\"image\":{\"@id\":\"https:\/\/loftrunway.com\/it\/products\/nike-air-force-1-gore-tex-men-s-shoes-hv5953-300\/#primaryimage\"},\"thumbnailUrl\":\"https:\/\/images.novelship.com\/product\/nike_air_force_1_low_gore-tex_vibram_clay_green_hv_0_1575.jpeg\",\"datePublished\":\"2026-02-20T08:08:13+00:00\",\"dateModified\":\"2026-04-03T13:35:21+00:00\",\"breadcrumb\":{\"@id\":\"https:\/\/loftrunway.com\/it\/products\/nike-air-force-1-gore-tex-men-s-shoes-hv5953-300\/#breadcrumb\"},\"inLanguage\":\"it-IT\",\"potentialAction\":[{\"@type\":\"ReadAction\",\"target\":[\"https:\/\/loftrunway.com\/it\/products\/nike-air-force-1-gore-tex-men-s-shoes-hv5953-300\/\"]}]},{\"@type\":\"ImageObject\",\"inLanguage\":\"it-IT\",\"@id\":\"https:\/\/loftrunway.com\/it\/products\/nike-air-force-1-gore-tex-men-s-shoes-hv5953-300\/#primaryimage\",\"url\":\"https:\/\/images.novelship.com\/product\/nike_air_force_1_low_gore-tex_vibram_clay_green_hv_0_1575.jpeg\",\"contentUrl\":\"https:\/\/images.novelship.com\/product\/nike_air_force_1_low_gore-tex_vibram_clay_green_hv_0_1575.jpeg\"},{\"@type\":\"BreadcrumbList\",\"@id\":\"https:\/\/loftrunway.com\/it\/products\/nike-air-force-1-gore-tex-men-s-shoes-hv5953-300\/#breadcrumb\",\"itemListElement\":[{\"@type\":\"ListItem\",\"position\":1,\"name\":\"Home\",\"item\":\"https:\/\/loftrunway.com\/it\/\"},{\"@type\":\"ListItem\",\"position\":2,\"name\":\"Shop\",\"item\":\"https:\/\/itisrainvintage.com\/it\/shop\/\"},{\"@type\":\"ListItem\",\"position\":3,\"name\":\"Nike Air Force 1 GORE-TEX &#8216;Clay Green\/Speed Yellow\/Sequoia&#8217;\"}]},{\"@type\":\"WebSite\",\"@id\":\"https:\/\/loftrunway.com\/it\/#website\",\"url\":\"https:\/\/loftrunway.com\/it\/\",\"name\":\"Styloral Jewelry Shop\",\"description\":\"Der Ort, an dem man alle Arten von Sneakern findet\",\"publisher\":{\"@id\":\"https:\/\/loftrunway.com\/it\/#organization\"},\"potentialAction\":[{\"@type\":\"SearchAction\",\"target\":{\"@type\":\"EntryPoint\",\"urlTemplate\":\"https:\/\/loftrunway.com\/it\/?s={search_term_string}\"},\"query-input\":{\"@type\":\"PropertyValueSpecification\",\"valueRequired\":true,\"valueName\":\"search_term_string\"}}],\"inLanguage\":\"it-IT\"},{\"@type\":\"Organization\",\"@id\":\"https:\/\/loftrunway.com\/it\/#organization\",\"name\":\"STYLORAL PTE. LTD\",\"url\":\"https:\/\/loftrunway.com\/it\/\",\"logo\":{\"@type\":\"ImageObject\",\"inLanguage\":\"it-IT\",\"@id\":\"https:\/\/loftrunway.com\/it\/#\/schema\/logo\/image\/\",\"url\":\"https:\/\/www.loftrunway.com\/wp-content\/uploads\/2025\/12\/logo.png\",\"contentUrl\":\"https:\/\/www.loftrunway.com\/wp-content\/uploads\/2025\/12\/logo.png\",\"width\":200,\"height\":65,\"caption\":\"STYLORAL PTE. LTD\"},\"image\":{\"@id\":\"https:\/\/loftrunway.com\/it\/#\/schema\/logo\/image\/\"}}]}<\/script>\n<!-- \/ Yoast SEO plugin. -->","yoast_head_json":{"title":"Nike Air Force 1 GORE-TEX 'Clay Green\/Speed Yellow\/Sequoia' - Loftrunway","robots":{"index":"index","follow":"follow","max-snippet":"max-snippet:-1","max-image-preview":"max-image-preview:large","max-video-preview":"max-video-preview:-1"},"canonical":"https:\/\/loftrunway.com\/it\/products\/nike-air-force-1-gore-tex-men-s-shoes-hv5953-300\/","og_locale":"it_IT","og_type":"article","og_title":"Nike Air Force 1 GORE-TEX 'Clay Green\/Speed Yellow\/Sequoia' - Loftrunway","og_description":"Nike Air Force 1 Low \u2014 Verde argilla\/Sequoia\/Giallo velocit\u00e0","og_url":"https:\/\/loftrunway.com\/it\/products\/nike-air-force-1-gore-tex-men-s-shoes-hv5953-300\/","og_site_name":"loftRUN Sneaker Store","article_modified_time":"2026-04-03T13:35:21+00:00","twitter_card":"summary_large_image","twitter_image":"https:\/\/images.novelship.com\/product\/nike_air_force_1_low_gore-tex_vibram_clay_green_hv_0_1575.jpeg","twitter_misc":{"Tempo di lettura stimato":"1 minuto"},"schema":{"@context":"https:\/\/schema.org","@graph":[{"@type":"WebPage","@id":"https:\/\/loftrunway.com\/it\/products\/nike-air-force-1-gore-tex-men-s-shoes-hv5953-300\/","url":"https:\/\/loftrunway.com\/it\/products\/nike-air-force-1-gore-tex-men-s-shoes-hv5953-300\/","name":"Nike Air Force 1 GORE-TEX 'Clay Green\/Speed Yellow\/Sequoia' - Loftrunway","isPartOf":{"@id":"https:\/\/loftrunway.com\/it\/#website"},"primaryImageOfPage":{"@id":"https:\/\/loftrunway.com\/it\/products\/nike-air-force-1-gore-tex-men-s-shoes-hv5953-300\/#primaryimage"},"image":{"@id":"https:\/\/loftrunway.com\/it\/products\/nike-air-force-1-gore-tex-men-s-shoes-hv5953-300\/#primaryimage"},"thumbnailUrl":"https:\/\/images.novelship.com\/product\/nike_air_force_1_low_gore-tex_vibram_clay_green_hv_0_1575.jpeg","datePublished":"2026-02-20T08:08:13+00:00","dateModified":"2026-04-03T13:35:21+00:00","breadcrumb":{"@id":"https:\/\/loftrunway.com\/it\/products\/nike-air-force-1-gore-tex-men-s-shoes-hv5953-300\/#breadcrumb"},"inLanguage":"it-IT","potentialAction":[{"@type":"ReadAction","target":["https:\/\/loftrunway.com\/it\/products\/nike-air-force-1-gore-tex-men-s-shoes-hv5953-300\/"]}]},{"@type":"ImageObject","inLanguage":"it-IT","@id":"https:\/\/loftrunway.com\/it\/products\/nike-air-force-1-gore-tex-men-s-shoes-hv5953-300\/#primaryimage","url":"https:\/\/images.novelship.com\/product\/nike_air_force_1_low_gore-tex_vibram_clay_green_hv_0_1575.jpeg","contentUrl":"https:\/\/images.novelship.com\/product\/nike_air_force_1_low_gore-tex_vibram_clay_green_hv_0_1575.jpeg"},{"@type":"BreadcrumbList","@id":"https:\/\/loftrunway.com\/it\/products\/nike-air-force-1-gore-tex-men-s-shoes-hv5953-300\/#breadcrumb","itemListElement":[{"@type":"ListItem","position":1,"name":"Home","item":"https:\/\/loftrunway.com\/it\/"},{"@type":"ListItem","position":2,"name":"Shop","item":"https:\/\/itisrainvintage.com\/it\/shop\/"},{"@type":"ListItem","position":3,"name":"Nike Air Force 1 GORE-TEX &#8216;Clay Green\/Speed Yellow\/Sequoia&#8217;"}]},{"@type":"WebSite","@id":"https:\/\/loftrunway.com\/it\/#website","url":"https:\/\/loftrunway.com\/it\/","name":"Styloral Jewelry Shop","description":"Der Ort, an dem man alle Arten von Sneakern findet","publisher":{"@id":"https:\/\/loftrunway.com\/it\/#organization"},"potentialAction":[{"@type":"SearchAction","target":{"@type":"EntryPoint","urlTemplate":"https:\/\/loftrunway.com\/it\/?s={search_term_string}"},"query-input":{"@type":"PropertyValueSpecification","valueRequired":true,"valueName":"search_term_string"}}],"inLanguage":"it-IT"},{"@type":"Organization","@id":"https:\/\/loftrunway.com\/it\/#organization","name":"STYLORAL PTE. LTD","url":"https:\/\/loftrunway.com\/it\/","logo":{"@type":"ImageObject","inLanguage":"it-IT","@id":"https:\/\/loftrunway.com\/it\/#\/schema\/logo\/image\/","url":"https:\/\/www.loftrunway.com\/wp-content\/uploads\/2025\/12\/logo.png","contentUrl":"https:\/\/www.loftrunway.com\/wp-content\/uploads\/2025\/12\/logo.png","width":200,"height":65,"caption":"STYLORAL PTE. LTD"},"image":{"@id":"https:\/\/loftrunway.com\/it\/#\/schema\/logo\/image\/"}}]}},"_links":{"self":[{"href":"https:\/\/loftrunway.com\/it\/wp-json\/wp\/v2\/product\/16926","targetHints":{"allow":["GET"]}}],"collection":[{"href":"https:\/\/loftrunway.com\/it\/wp-json\/wp\/v2\/product"}],"about":[{"href":"https:\/\/loftrunway.com\/it\/wp-json\/wp\/v2\/types\/product"}],"replies":[{"embeddable":true,"href":"https:\/\/loftrunway.com\/it\/wp-json\/wp\/v2\/comments?post=16926"}],"wp:featuredmedia":[{"embeddable":true,"href":"https:\/\/loftrunway.com\/it\/wp-json\/wp\/v2\/media\/16927"}],"wp:attachment":[{"href":"https:\/\/loftrunway.com\/it\/wp-json\/wp\/v2\/media?parent=16926"}],"wp:term":[{"taxonomy":"product_brand","embeddable":true,"href":"https:\/\/loftrunway.com\/it\/wp-json\/wp\/v2\/product_brand?post=16926"},{"taxonomy":"product_cat","embeddable":true,"href":"https:\/\/loftrunway.com\/it\/wp-json\/wp\/v2\/product_cat?post=16926"},{"taxonomy":"product_tag","embeddable":true,"href":"https:\/\/loftrunway.com\/it\/wp-json\/wp\/v2\/product_tag?post=16926"}],"curies":[{"name":"wp","href":"https:\/\/api.w.org\/{rel}","templated":true}]}}