{"id":19519,"date":"2026-02-25T17:26:45","date_gmt":"2026-02-25T10:26:45","guid":{"rendered":"http:\/\/loftrunway.com\/product\/adidas-wmns-superstar-white-hazy-green"},"modified":"2026-04-03T20:35:34","modified_gmt":"2026-04-03T13:35:34","slug":"adidas-wmns-superstar-white-hazy-green","status":"publish","type":"product","link":"https:\/\/loftrunway.com\/it\/products\/adidas-wmns-superstar-white-hazy-green\/","title":{"rendered":"Adidas Wmns Superstar &#8216;White Hazy Green&#8217;"},"content":{"rendered":"<p>Scopri uno stile senza tempo con le adidas Superstar &#8216;White Hazy Green&#8217; IG4541, una rivisitazione moderna dell&#8217;iconica sneaker che fonde design classico e tocco contemporaneo. Pensate per le donne che apprezzano comfort ed eleganza, queste scarpe presentano una tomaia in pelle bianca brillante, impreziosita da delicati accenti verde latte che aggiungono un tocco di colore tenue ma deciso. La caratteristica punta in gomma non solo garantisce resistenza, ma sottolinea anche la leggendaria eredit\u00e0 della linea Superstar. La soletta OrthoLite assicura comfort per tutto il giorno, sia per una passeggiata che per un look streetwear pi\u00f9 ricercato. Grazie alla loro versatilit\u00e0, queste sneakers si abbinano perfettamente a una variet\u00e0 di outfit, diventando un capo essenziale per ogni occasione. Assicurati un paio e ridefinisci il tuo look quotidiano, con un mix disinvolto di semplicit\u00e0 ed eleganza.<\/p>\n<ul>\n<li><strong>Combinazione di colori:<\/strong> Bianco nuvola\/Verde nebbia\/Bianco nuvola<\/li>\n<li><strong>Codice articolo:<\/strong> IG4541<\/li>\n<li><strong>Materiale superiore:<\/strong> Pelle<\/li>\n<li><strong>Colore:<\/strong> Bianco<\/li>\n<li><strong>Designer:<\/strong> Horst Dassler<\/li>\n<li><strong>Stagione:<\/strong> Estate<\/li>\n<li><strong>Anno di uscita:<\/strong> 2024<\/li>\n<\/ul>\n","protected":false},"excerpt":{"rendered":"<p>adidas Superstar \u2014 Bianco nuvola\/Verde nebbia\/Bianco nuvola<\/p>\n","protected":false},"featured_media":19520,"comment_status":"open","ping_status":"closed","template":"","meta":[],"product_brand":[],"product_cat":[9215],"product_tag":[9485],"class_list":{"0":"post-19519","1":"product","2":"type-product","3":"status-publish","4":"has-post-thumbnail","6":"product_cat-adidas-2026","7":"product_tag-ig45415-5","8":"wcpa_has_options","10":"first","11":"instock","12":"taxable","13":"shipping-taxable","14":"purchasable","15":"product-type-simple"},"wcpa_form_fields":{"rules":{"pric_overide_base_price":false,"pric_overide_base_price_if_gt_zero":false,"pric_overide_base_price_fully":false,"pric_cal_option_once":false,"pric_use_as_fee":false,"bind_quantity":false,"quantity_bind_formula":false},"fields":[{"type":"color-group","required":true,"elementId":"wcpa-color-group-66c4a7f817afe","label":"Taglia - EU Taglia","inline":true,"priceOptions":"different_for_all","pricingType":"fixed","className":"hassizechart product-shoes-size-eu product-shoes-size","name":"color-group-66c4a7f817b18","disp_type":"square","selection_type":"tick-border","disp_size":"50","show_label_inside":true,"adjust_width":true,"cart_display_type":"text","other_text":"Other","cl_rule":"show","col":6,"values":[{"label":"35","value":"EU 35","price":"","pimage":"","pimage_id":"","pthumb":"","color":""},{"label":"35.5","value":"EU 35.5","price":"","pimage":"","pimage_id":"","pthumb":"","color":""},{"label":"36","value":"EU 36","price":"","pimage":"","pimage_id":"","pthumb":"","color":"","selected":true},{"label":"36 2\/3","value":"EU 36 2\/3","price":"","pimage":"","pimage_id":"","pthumb":"","color":""},{"label":"37 1\/3","value":"EU 37 1\/3","price":"","pimage":"","pimage_id":"","pthumb":"","color":""},{"label":"38","value":"EU 38","price":"","pimage":"","pimage_id":"","pthumb":"","color":""},{"label":"38 2\/3","value":"EU 38 2\/3","price":"","pimage":"","pimage_id":"","pthumb":"","color":""},{"label":"39 1\/3","value":"EU 39 1\/3","price":"","pimage":"","pimage_id":"","pthumb":"","color":""},{"label":"40","value":"EU 40","price":"","pimage":"","pimage_id":"","pthumb":"","color":""},{"label":"40 2\/3","value":"EU 40 2\/3","price":"","pimage":"","pimage_id":"","pthumb":"","color":""},{"label":"41 1\/3","value":"EU 41 1\/3","price":"","pimage":"","pimage_id":"","pthumb":"","color":""},{"label":"42","value":"EU 42","price":"","pimage":"","pimage_id":"","pthumb":"","color":""},{"label":"42 2\/3","value":"EU 42 2\/3","price":"","pimage":"","pimage_id":"","pthumb":"","color":""},{"label":"43 1\/3","value":"EU 43 1\/3","price":"","pimage":"","pimage_id":"","pthumb":"","color":""},{"label":"44","value":"EU 44","price":"","pimage":"","pimage_id":"","pthumb":"","color":""},{"label":"44 2\/3","value":"EU 44 2\/3","price":"","pimage":"","pimage_id":"","pthumb":"","color":""},{"label":"45 1\/3","value":"EU 45 1\/3","price":"","pimage":"","pimage_id":"","pthumb":"","color":""},{"label":"46","value":"EU 46","price":"","pimage":"","pimage_id":"","pthumb":"","color":""},{"label":"46 2\/3","value":"EU 46 2\/3","price":"","pimage":"","pimage_id":"","pthumb":"","color":""},{"label":"47 1\/3","value":"EU 47 1\/3","price":"","pimage":"","pimage_id":"","pthumb":"","color":""}],"relations":[{"operator":false,"rules":[]}],"form_id":24802,"form_rules":{"pric_cal_option_once":false,"exclude_from_discount":false,"pric_use_as_fee":false,"fee_label":"Fee","render_after_acb":false,"disp_hide_options_price":false}}]},"yoast_head":"<!-- This site is optimized with the Yoast SEO plugin v26.5 - https:\/\/yoast.com\/wordpress\/plugins\/seo\/ -->\n<title>Adidas Wmns Superstar &#039;White Hazy Green&#039; - Loftrunway<\/title>\n<meta name=\"robots\" content=\"index, follow, max-snippet:-1, max-image-preview:large, max-video-preview:-1\" \/>\n<link rel=\"canonical\" href=\"https:\/\/loftrunway.com\/it\/products\/adidas-wmns-superstar-white-hazy-green\/\" \/>\n<meta property=\"og:locale\" content=\"it_IT\" \/>\n<meta property=\"og:type\" content=\"article\" \/>\n<meta property=\"og:title\" content=\"Adidas Wmns Superstar &#039;White Hazy Green&#039; - Loftrunway\" \/>\n<meta property=\"og:description\" content=\"adidas Superstar \u2014 Bianco nuvola\/Verde nebbia\/Bianco nuvola\" \/>\n<meta property=\"og:url\" content=\"https:\/\/loftrunway.com\/it\/products\/adidas-wmns-superstar-white-hazy-green\/\" \/>\n<meta property=\"og:site_name\" content=\"loftRUN Sneaker Store\" \/>\n<meta property=\"article:modified_time\" content=\"2026-04-03T13:35:34+00:00\" \/>\n<meta name=\"twitter:card\" content=\"summary_large_image\" \/>\n<meta name=\"twitter:image\" content=\"https:\/\/images.novelship.com\/product\/_women__adidas_superstar__white_hazy_green__ig4541_0_43708.jpeg\" \/>\n<meta name=\"twitter:label1\" content=\"Tempo di lettura stimato\" \/>\n\t<meta name=\"twitter:data1\" content=\"1 minuto\" \/>\n<script type=\"application\/ld+json\" class=\"yoast-schema-graph\">{\"@context\":\"https:\/\/schema.org\",\"@graph\":[{\"@type\":\"WebPage\",\"@id\":\"https:\/\/loftrunway.com\/it\/products\/adidas-wmns-superstar-white-hazy-green\/\",\"url\":\"https:\/\/loftrunway.com\/it\/products\/adidas-wmns-superstar-white-hazy-green\/\",\"name\":\"Adidas Wmns Superstar 'White Hazy Green' - Loftrunway\",\"isPartOf\":{\"@id\":\"https:\/\/loftrunway.com\/it\/#website\"},\"primaryImageOfPage\":{\"@id\":\"https:\/\/loftrunway.com\/it\/products\/adidas-wmns-superstar-white-hazy-green\/#primaryimage\"},\"image\":{\"@id\":\"https:\/\/loftrunway.com\/it\/products\/adidas-wmns-superstar-white-hazy-green\/#primaryimage\"},\"thumbnailUrl\":\"https:\/\/images.novelship.com\/product\/_women__adidas_superstar__white_hazy_green__ig4541_0_43708.jpeg\",\"datePublished\":\"2026-02-25T10:26:45+00:00\",\"dateModified\":\"2026-04-03T13:35:34+00:00\",\"breadcrumb\":{\"@id\":\"https:\/\/loftrunway.com\/it\/products\/adidas-wmns-superstar-white-hazy-green\/#breadcrumb\"},\"inLanguage\":\"it-IT\",\"potentialAction\":[{\"@type\":\"ReadAction\",\"target\":[\"https:\/\/loftrunway.com\/it\/products\/adidas-wmns-superstar-white-hazy-green\/\"]}]},{\"@type\":\"ImageObject\",\"inLanguage\":\"it-IT\",\"@id\":\"https:\/\/loftrunway.com\/it\/products\/adidas-wmns-superstar-white-hazy-green\/#primaryimage\",\"url\":\"https:\/\/images.novelship.com\/product\/_women__adidas_superstar__white_hazy_green__ig4541_0_43708.jpeg\",\"contentUrl\":\"https:\/\/images.novelship.com\/product\/_women__adidas_superstar__white_hazy_green__ig4541_0_43708.jpeg\"},{\"@type\":\"BreadcrumbList\",\"@id\":\"https:\/\/loftrunway.com\/it\/products\/adidas-wmns-superstar-white-hazy-green\/#breadcrumb\",\"itemListElement\":[{\"@type\":\"ListItem\",\"position\":1,\"name\":\"Home\",\"item\":\"https:\/\/loftrunway.com\/it\/\"},{\"@type\":\"ListItem\",\"position\":2,\"name\":\"Shop\",\"item\":\"https:\/\/itisrainvintage.com\/it\/shop\/\"},{\"@type\":\"ListItem\",\"position\":3,\"name\":\"Adidas Wmns Superstar &#8216;White Hazy Green&#8217;\"}]},{\"@type\":\"WebSite\",\"@id\":\"https:\/\/loftrunway.com\/it\/#website\",\"url\":\"https:\/\/loftrunway.com\/it\/\",\"name\":\"Styloral Jewelry Shop\",\"description\":\"Der Ort, an dem man alle Arten von Sneakern findet\",\"publisher\":{\"@id\":\"https:\/\/loftrunway.com\/it\/#organization\"},\"potentialAction\":[{\"@type\":\"SearchAction\",\"target\":{\"@type\":\"EntryPoint\",\"urlTemplate\":\"https:\/\/loftrunway.com\/it\/?s={search_term_string}\"},\"query-input\":{\"@type\":\"PropertyValueSpecification\",\"valueRequired\":true,\"valueName\":\"search_term_string\"}}],\"inLanguage\":\"it-IT\"},{\"@type\":\"Organization\",\"@id\":\"https:\/\/loftrunway.com\/it\/#organization\",\"name\":\"STYLORAL PTE. LTD\",\"url\":\"https:\/\/loftrunway.com\/it\/\",\"logo\":{\"@type\":\"ImageObject\",\"inLanguage\":\"it-IT\",\"@id\":\"https:\/\/loftrunway.com\/it\/#\/schema\/logo\/image\/\",\"url\":\"https:\/\/www.loftrunway.com\/wp-content\/uploads\/2025\/12\/logo.png\",\"contentUrl\":\"https:\/\/www.loftrunway.com\/wp-content\/uploads\/2025\/12\/logo.png\",\"width\":200,\"height\":65,\"caption\":\"STYLORAL PTE. LTD\"},\"image\":{\"@id\":\"https:\/\/loftrunway.com\/it\/#\/schema\/logo\/image\/\"}}]}<\/script>\n<!-- \/ Yoast SEO plugin. -->","yoast_head_json":{"title":"Adidas Wmns Superstar 'White Hazy Green' - Loftrunway","robots":{"index":"index","follow":"follow","max-snippet":"max-snippet:-1","max-image-preview":"max-image-preview:large","max-video-preview":"max-video-preview:-1"},"canonical":"https:\/\/loftrunway.com\/it\/products\/adidas-wmns-superstar-white-hazy-green\/","og_locale":"it_IT","og_type":"article","og_title":"Adidas Wmns Superstar 'White Hazy Green' - Loftrunway","og_description":"adidas Superstar \u2014 Bianco nuvola\/Verde nebbia\/Bianco nuvola","og_url":"https:\/\/loftrunway.com\/it\/products\/adidas-wmns-superstar-white-hazy-green\/","og_site_name":"loftRUN Sneaker Store","article_modified_time":"2026-04-03T13:35:34+00:00","twitter_card":"summary_large_image","twitter_image":"https:\/\/images.novelship.com\/product\/_women__adidas_superstar__white_hazy_green__ig4541_0_43708.jpeg","twitter_misc":{"Tempo di lettura stimato":"1 minuto"},"schema":{"@context":"https:\/\/schema.org","@graph":[{"@type":"WebPage","@id":"https:\/\/loftrunway.com\/it\/products\/adidas-wmns-superstar-white-hazy-green\/","url":"https:\/\/loftrunway.com\/it\/products\/adidas-wmns-superstar-white-hazy-green\/","name":"Adidas Wmns Superstar 'White Hazy Green' - Loftrunway","isPartOf":{"@id":"https:\/\/loftrunway.com\/it\/#website"},"primaryImageOfPage":{"@id":"https:\/\/loftrunway.com\/it\/products\/adidas-wmns-superstar-white-hazy-green\/#primaryimage"},"image":{"@id":"https:\/\/loftrunway.com\/it\/products\/adidas-wmns-superstar-white-hazy-green\/#primaryimage"},"thumbnailUrl":"https:\/\/images.novelship.com\/product\/_women__adidas_superstar__white_hazy_green__ig4541_0_43708.jpeg","datePublished":"2026-02-25T10:26:45+00:00","dateModified":"2026-04-03T13:35:34+00:00","breadcrumb":{"@id":"https:\/\/loftrunway.com\/it\/products\/adidas-wmns-superstar-white-hazy-green\/#breadcrumb"},"inLanguage":"it-IT","potentialAction":[{"@type":"ReadAction","target":["https:\/\/loftrunway.com\/it\/products\/adidas-wmns-superstar-white-hazy-green\/"]}]},{"@type":"ImageObject","inLanguage":"it-IT","@id":"https:\/\/loftrunway.com\/it\/products\/adidas-wmns-superstar-white-hazy-green\/#primaryimage","url":"https:\/\/images.novelship.com\/product\/_women__adidas_superstar__white_hazy_green__ig4541_0_43708.jpeg","contentUrl":"https:\/\/images.novelship.com\/product\/_women__adidas_superstar__white_hazy_green__ig4541_0_43708.jpeg"},{"@type":"BreadcrumbList","@id":"https:\/\/loftrunway.com\/it\/products\/adidas-wmns-superstar-white-hazy-green\/#breadcrumb","itemListElement":[{"@type":"ListItem","position":1,"name":"Home","item":"https:\/\/loftrunway.com\/it\/"},{"@type":"ListItem","position":2,"name":"Shop","item":"https:\/\/itisrainvintage.com\/it\/shop\/"},{"@type":"ListItem","position":3,"name":"Adidas Wmns Superstar &#8216;White Hazy Green&#8217;"}]},{"@type":"WebSite","@id":"https:\/\/loftrunway.com\/it\/#website","url":"https:\/\/loftrunway.com\/it\/","name":"Styloral Jewelry Shop","description":"Der Ort, an dem man alle Arten von Sneakern findet","publisher":{"@id":"https:\/\/loftrunway.com\/it\/#organization"},"potentialAction":[{"@type":"SearchAction","target":{"@type":"EntryPoint","urlTemplate":"https:\/\/loftrunway.com\/it\/?s={search_term_string}"},"query-input":{"@type":"PropertyValueSpecification","valueRequired":true,"valueName":"search_term_string"}}],"inLanguage":"it-IT"},{"@type":"Organization","@id":"https:\/\/loftrunway.com\/it\/#organization","name":"STYLORAL PTE. LTD","url":"https:\/\/loftrunway.com\/it\/","logo":{"@type":"ImageObject","inLanguage":"it-IT","@id":"https:\/\/loftrunway.com\/it\/#\/schema\/logo\/image\/","url":"https:\/\/www.loftrunway.com\/wp-content\/uploads\/2025\/12\/logo.png","contentUrl":"https:\/\/www.loftrunway.com\/wp-content\/uploads\/2025\/12\/logo.png","width":200,"height":65,"caption":"STYLORAL PTE. LTD"},"image":{"@id":"https:\/\/loftrunway.com\/it\/#\/schema\/logo\/image\/"}}]}},"_links":{"self":[{"href":"https:\/\/loftrunway.com\/it\/wp-json\/wp\/v2\/product\/19519","targetHints":{"allow":["GET"]}}],"collection":[{"href":"https:\/\/loftrunway.com\/it\/wp-json\/wp\/v2\/product"}],"about":[{"href":"https:\/\/loftrunway.com\/it\/wp-json\/wp\/v2\/types\/product"}],"replies":[{"embeddable":true,"href":"https:\/\/loftrunway.com\/it\/wp-json\/wp\/v2\/comments?post=19519"}],"wp:featuredmedia":[{"embeddable":true,"href":"https:\/\/loftrunway.com\/it\/wp-json\/wp\/v2\/media\/19520"}],"wp:attachment":[{"href":"https:\/\/loftrunway.com\/it\/wp-json\/wp\/v2\/media?parent=19519"}],"wp:term":[{"taxonomy":"product_brand","embeddable":true,"href":"https:\/\/loftrunway.com\/it\/wp-json\/wp\/v2\/product_brand?post=19519"},{"taxonomy":"product_cat","embeddable":true,"href":"https:\/\/loftrunway.com\/it\/wp-json\/wp\/v2\/product_cat?post=19519"},{"taxonomy":"product_tag","embeddable":true,"href":"https:\/\/loftrunway.com\/it\/wp-json\/wp\/v2\/product_tag?post=19519"}],"curies":[{"name":"wp","href":"https:\/\/api.w.org\/{rel}","templated":true}]}}